{"id":3733,"date":"2025-11-15T09:36:05","date_gmt":"2025-11-15T09:36:05","guid":{"rendered":""},"modified":"2026-04-02T12:59:20","modified_gmt":"2026-04-02T05:59:20","slug":"about-us","status":"publish","type":"page","link":"https:\/\/loftrunway.com\/de\/about-us\/","title":{"rendered":"About Us"},"content":{"rendered":"\t\t<div data-elementor-type=\"wp-page\" data-elementor-id=\"3733\" class=\"elementor elementor-3733\">\n\t\t\t\t\t\t<section class=\"elementor-section elementor-top-section elementor-element elementor-element-a8196bb elementor-section-full_width elementor-section-height-default elementor-section-height-default\" data-id=\"a8196bb\" data-element_type=\"section\">\n\t\t\t\t\t\t<div class=\"elementor-container elementor-column-gap-default\">\n\t\t\t\t\t<div class=\"elementor-column elementor-col-50 elementor-top-column elementor-element elementor-element-dcd393f\" data-id=\"dcd393f\" data-element_type=\"column\">\n\t\t\t<div class=\"elementor-widget-wrap elementor-element-populated\">\n\t\t\t\t\t\t<div class=\"elementor-element elementor-element-688c9f7 elementor-widget elementor-widget-text-editor\" data-id=\"688c9f7\" data-element_type=\"widget\" data-widget_type=\"text-editor.default\">\n\t\t\t\t\t\t\t\t\t<h2 data-start=\"480\" data-end=\"499\"><strong data-start=\"483\" data-end=\"499\">Wer wir sind<\/strong><\/h2><p data-start=\"501\" data-end=\"719\">Loftrunway ist ein internationaler Online-Schuhshop mit Fokus auf den deutschen Markt. Wir bieten moderne Sneaker und bequeme Schuhe f\u00fcr Damen und Herren, die Stil, Qualit\u00e4t und Alltagstauglichkeit vereinen.<\/p><p data-start=\"721\" data-end=\"1011\">Wenn Sie Sneaker online kaufen m\u00f6chten, die sowohl im Trend liegen als auch langfristigen Komfort bieten, sind Sie bei uns richtig. Unsere Kollektionen orientieren sich an aktuellen Schuhtrends in Deutschland und Europa \u2013 von minimalistischen Designs bis hin zu urbanen Streetwear-Sneakern.<\/p><p data-start=\"1013\" data-end=\"1160\">Mit sicherem Checkout, transparenten Richtlinien und zuverl\u00e4ssigem Versand nach Deutschland sorgen wir f\u00fcr ein vertrauensw\u00fcrdiges Einkaufserlebnis.<\/p>\t\t\t\t\t\t\t\t<\/div>\n\t\t\t\t\t<\/div>\n\t\t<\/div>\n\t\t\t\t<div class=\"elementor-column elementor-col-50 elementor-top-column elementor-element elementor-element-9983ed9\" data-id=\"9983ed9\" data-element_type=\"column\">\n\t\t\t<div class=\"elementor-widget-wrap elementor-element-populated\">\n\t\t\t\t\t\t<div class=\"elementor-element elementor-element-09cb604 elementor-widget elementor-widget-image\" data-id=\"09cb604\" data-element_type=\"widget\" data-widget_type=\"image.default\">\n\t\t\t\t\t\t\t\t\t\t\t\t\t\t\t<img fetchpriority=\"high\" decoding=\"async\" width=\"1000\" height=\"1000\" src=\"https:\/\/loftrunway.com\/wp-content\/uploads\/2026\/01\/shoes3.jpg\" class=\"attachment-full size-full wp-image-4911\" alt=\"\" srcset=\"https:\/\/loftrunway.com\/de\/wp-content\/uploads\/2026\/01\/shoes3.jpg 1000w, https:\/\/loftrunway.com\/de\/wp-content\/uploads\/2026\/01\/shoes3-100x100.jpg 100w, https:\/\/loftrunway.com\/de\/wp-content\/uploads\/2026\/01\/shoes3-300x300.jpg 300w, https:\/\/loftrunway.com\/de\/wp-content\/uploads\/2026\/01\/shoes3-595x595.jpg 595w, https:\/\/loftrunway.com\/de\/wp-content\/uploads\/2026\/01\/shoes3-150x150.jpg 150w, https:\/\/loftrunway.com\/de\/wp-content\/uploads\/2026\/01\/shoes3-768x768.jpg 768w, https:\/\/loftrunway.com\/de\/wp-content\/uploads\/2026\/01\/shoes3-380x380.jpg 380w, https:\/\/loftrunway.com\/de\/wp-content\/uploads\/2026\/01\/shoes3-450x450.jpg 450w, https:\/\/loftrunway.com\/de\/wp-content\/uploads\/2026\/01\/shoes3-350x350.jpg 350w\" sizes=\"(max-width: 1000px) 100vw, 1000px\" \/>\t\t\t\t\t\t\t\t\t\t\t\t\t\t\t<\/div>\n\t\t\t\t\t<\/div>\n\t\t<\/div>\n\t\t\t\t\t<\/div>\n\t\t<\/section>\n\t\t\t\t<section class=\"elementor-section elementor-top-section elementor-element elementor-element-c60f77f elementor-section-full_width elementor-section-height-default elementor-section-height-default\" data-id=\"c60f77f\" data-element_type=\"section\">\n\t\t\t\t\t\t<div class=\"elementor-container elementor-column-gap-default\">\n\t\t\t\t\t<div class=\"elementor-column elementor-col-50 elementor-top-column elementor-element elementor-element-fa850f3\" data-id=\"fa850f3\" data-element_type=\"column\">\n\t\t\t<div class=\"elementor-widget-wrap elementor-element-populated\">\n\t\t\t\t\t\t<div class=\"elementor-element elementor-element-27ec4ec elementor-widget elementor-widget-image\" data-id=\"27ec4ec\" data-element_type=\"widget\" data-widget_type=\"image.default\">\n\t\t\t\t\t\t\t\t\t\t\t\t\t\t\t<img decoding=\"async\" width=\"1000\" height=\"1000\" src=\"https:\/\/loftrunway.com\/wp-content\/uploads\/2026\/01\/shoes1.jpg\" class=\"attachment-full size-full wp-image-4910\" alt=\"\" srcset=\"https:\/\/loftrunway.com\/de\/wp-content\/uploads\/2026\/01\/shoes1.jpg 1000w, https:\/\/loftrunway.com\/de\/wp-content\/uploads\/2026\/01\/shoes1-100x100.jpg 100w, https:\/\/loftrunway.com\/de\/wp-content\/uploads\/2026\/01\/shoes1-300x300.jpg 300w, https:\/\/loftrunway.com\/de\/wp-content\/uploads\/2026\/01\/shoes1-595x595.jpg 595w, https:\/\/loftrunway.com\/de\/wp-content\/uploads\/2026\/01\/shoes1-150x150.jpg 150w, https:\/\/loftrunway.com\/de\/wp-content\/uploads\/2026\/01\/shoes1-768x768.jpg 768w, https:\/\/loftrunway.com\/de\/wp-content\/uploads\/2026\/01\/shoes1-380x380.jpg 380w, https:\/\/loftrunway.com\/de\/wp-content\/uploads\/2026\/01\/shoes1-450x450.jpg 450w, https:\/\/loftrunway.com\/de\/wp-content\/uploads\/2026\/01\/shoes1-350x350.jpg 350w\" sizes=\"(max-width: 1000px) 100vw, 1000px\" \/>\t\t\t\t\t\t\t\t\t\t\t\t\t\t\t<\/div>\n\t\t\t\t\t<\/div>\n\t\t<\/div>\n\t\t\t\t<div class=\"elementor-column elementor-col-50 elementor-top-column elementor-element elementor-element-d8c0f15\" data-id=\"d8c0f15\" data-element_type=\"column\">\n\t\t\t<div class=\"elementor-widget-wrap elementor-element-populated\">\n\t\t\t\t\t\t<div class=\"elementor-element elementor-element-bd65eb4 elementor-widget elementor-widget-text-editor\" data-id=\"bd65eb4\" data-element_type=\"widget\" data-widget_type=\"text-editor.default\">\n\t\t\t\t\t\t\t\t\t<h2 data-start=\"1167\" data-end=\"1188\"><strong data-start=\"1170\" data-end=\"1188\">Unsere Mission<\/strong><\/h2><p data-start=\"1190\" data-end=\"1411\">Unsere Mission ist es, hochwertige und bequeme Sneaker zu fairen Preisen anzubieten. Wir m\u00f6chten Kunden in Deutschland erm\u00f6glichen, stilvolle Schuhe online zu kaufen, ohne Kompromisse bei Qualit\u00e4t oder Komfort einzugehen.<\/p><p data-start=\"1413\" data-end=\"1621\">Jedes Modell wird sorgf\u00e4ltig ausgew\u00e4hlt, um modernen Anspr\u00fcchen an Design, Langlebigkeit und Tragekomfort gerecht zu werden. Unser Ziel ist es, dass Sie sich bei jedem Schritt sicher und selbstbewusst f\u00fchlen.<\/p>\t\t\t\t\t\t\t\t<\/div>\n\t\t\t\t\t<\/div>\n\t\t<\/div>\n\t\t\t\t\t<\/div>\n\t\t<\/section>\n\t\t\t\t<section class=\"elementor-section elementor-top-section elementor-element elementor-element-57a4616 elementor-section-full_width elementor-section-height-default elementor-section-height-default\" data-id=\"57a4616\" data-element_type=\"section\">\n\t\t\t\t\t\t<div class=\"elementor-container elementor-column-gap-default\">\n\t\t\t\t\t<div class=\"elementor-column elementor-col-50 elementor-top-column elementor-element elementor-element-fbc3e9a\" data-id=\"fbc3e9a\" data-element_type=\"column\">\n\t\t\t<div class=\"elementor-widget-wrap elementor-element-populated\">\n\t\t\t\t\t\t<div class=\"elementor-element elementor-element-f10ff6b elementor-widget elementor-widget-text-editor\" data-id=\"f10ff6b\" data-element_type=\"widget\" data-widget_type=\"text-editor.default\">\n\t\t\t\t\t\t\t\t\t<h2 data-start=\"1628\" data-end=\"1647\"><strong data-start=\"1631\" data-end=\"1647\">Unsere Werte<\/strong><\/h2><p data-start=\"1649\" data-end=\"1805\"><strong data-start=\"1649\" data-end=\"1671\">Qualit\u00e4t &amp; Komfort<\/strong><br data-start=\"1671\" data-end=\"1674\" \/>Unsere Schuhe kombinieren strapazierf\u00e4hige Materialien mit ergonomischem Design \u2013 ideal f\u00fcr den Alltag, das B\u00fcro oder die Freizeit.<\/p><p data-start=\"1807\" data-end=\"1946\"><strong data-start=\"1807\" data-end=\"1829\">Kundenorientierung<\/strong><br data-start=\"1829\" data-end=\"1832\" \/>Schnelle Bearbeitung, klar kommunizierte Versandzeiten und zuverl\u00e4ssiger Support f\u00fcr unsere Kunden in Deutschland.<\/p><p data-start=\"1948\" data-end=\"2070\"><strong data-start=\"1948\" data-end=\"1976\">Transparenz &amp; Sicherheit<\/strong><br data-start=\"1976\" data-end=\"1979\" \/>Sicheres Online-Shopping, transparente R\u00fcckgabe- und Versandbedingungen sowie faire Preise.<\/p><p data-start=\"2072\" data-end=\"2197\"><strong data-start=\"2072\" data-end=\"2092\">Trendbewusstsein<\/strong><br data-start=\"2092\" data-end=\"2095\" \/>Wir verfolgen aktuelle Sneaker-Trends in Deutschland, um moderne Damen- und Herren-Sneaker anzubieten.<\/p>\t\t\t\t\t\t\t\t<\/div>\n\t\t\t\t\t<\/div>\n\t\t<\/div>\n\t\t\t\t<div class=\"elementor-column elementor-col-50 elementor-top-column elementor-element elementor-element-182bae2\" data-id=\"182bae2\" data-element_type=\"column\">\n\t\t\t<div class=\"elementor-widget-wrap elementor-element-populated\">\n\t\t\t\t\t\t<div class=\"elementor-element elementor-element-62fac71 elementor-widget elementor-widget-image\" data-id=\"62fac71\" data-element_type=\"widget\" data-widget_type=\"image.default\">\n\t\t\t\t\t\t\t\t\t\t\t\t\t\t\t<img decoding=\"async\" width=\"640\" height=\"640\" src=\"https:\/\/loftrunway.com\/wp-content\/uploads\/2026\/01\/img9.jpg\" class=\"attachment-full size-full wp-image-4912\" alt=\"\" srcset=\"https:\/\/loftrunway.com\/de\/wp-content\/uploads\/2026\/01\/img9.jpg 640w, https:\/\/loftrunway.com\/de\/wp-content\/uploads\/2026\/01\/img9-100x100.jpg 100w, https:\/\/loftrunway.com\/de\/wp-content\/uploads\/2026\/01\/img9-300x300.jpg 300w, https:\/\/loftrunway.com\/de\/wp-content\/uploads\/2026\/01\/img9-595x595.jpg 595w, https:\/\/loftrunway.com\/de\/wp-content\/uploads\/2026\/01\/img9-150x150.jpg 150w, https:\/\/loftrunway.com\/de\/wp-content\/uploads\/2026\/01\/img9-380x380.jpg 380w, https:\/\/loftrunway.com\/de\/wp-content\/uploads\/2026\/01\/img9-450x450.jpg 450w, https:\/\/loftrunway.com\/de\/wp-content\/uploads\/2026\/01\/img9-350x350.jpg 350w\" sizes=\"(max-width: 640px) 100vw, 640px\" \/>\t\t\t\t\t\t\t\t\t\t\t\t\t\t\t<\/div>\n\t\t\t\t\t<\/div>\n\t\t<\/div>\n\t\t\t\t\t<\/div>\n\t\t<\/section>\n\t\t\t\t<section class=\"elementor-section elementor-top-section elementor-element elementor-element-316c35a elementor-section-full_width elementor-section-height-default elementor-section-height-default\" data-id=\"316c35a\" data-element_type=\"section\">\n\t\t\t\t\t\t<div class=\"elementor-container elementor-column-gap-default\">\n\t\t\t\t\t<div class=\"elementor-column elementor-col-50 elementor-top-column elementor-element elementor-element-41a9f49\" data-id=\"41a9f49\" data-element_type=\"column\">\n\t\t\t<div class=\"elementor-widget-wrap elementor-element-populated\">\n\t\t\t\t\t\t<div class=\"elementor-element elementor-element-1799d4c elementor-widget elementor-widget-image\" data-id=\"1799d4c\" data-element_type=\"widget\" data-widget_type=\"image.default\">\n\t\t\t\t\t\t\t\t\t\t\t\t\t\t\t<img loading=\"lazy\" decoding=\"async\" width=\"800\" height=\"800\" src=\"https:\/\/loftrunway.com\/wp-content\/uploads\/2026\/01\/shoes4.jpg\" class=\"attachment-full size-full wp-image-4913\" alt=\"\" srcset=\"https:\/\/loftrunway.com\/de\/wp-content\/uploads\/2026\/01\/shoes4.jpg 800w, https:\/\/loftrunway.com\/de\/wp-content\/uploads\/2026\/01\/shoes4-100x100.jpg 100w, https:\/\/loftrunway.com\/de\/wp-content\/uploads\/2026\/01\/shoes4-300x300.jpg 300w, https:\/\/loftrunway.com\/de\/wp-content\/uploads\/2026\/01\/shoes4-595x595.jpg 595w, https:\/\/loftrunway.com\/de\/wp-content\/uploads\/2026\/01\/shoes4-150x150.jpg 150w, https:\/\/loftrunway.com\/de\/wp-content\/uploads\/2026\/01\/shoes4-768x768.jpg 768w, https:\/\/loftrunway.com\/de\/wp-content\/uploads\/2026\/01\/shoes4-380x380.jpg 380w, https:\/\/loftrunway.com\/de\/wp-content\/uploads\/2026\/01\/shoes4-450x450.jpg 450w, https:\/\/loftrunway.com\/de\/wp-content\/uploads\/2026\/01\/shoes4-350x350.jpg 350w\" sizes=\"(max-width: 800px) 100vw, 800px\" \/>\t\t\t\t\t\t\t\t\t\t\t\t\t\t\t<\/div>\n\t\t\t\t\t<\/div>\n\t\t<\/div>\n\t\t\t\t<div class=\"elementor-column elementor-col-50 elementor-top-column elementor-element elementor-element-600e546\" data-id=\"600e546\" data-element_type=\"column\">\n\t\t\t<div class=\"elementor-widget-wrap elementor-element-populated\">\n\t\t\t\t\t\t<div class=\"elementor-element elementor-element-fc299f1 elementor-widget elementor-widget-text-editor\" data-id=\"fc299f1\" data-element_type=\"widget\" data-widget_type=\"text-editor.default\">\n\t\t\t\t\t\t\t\t\t<h2 data-start=\"2204\" data-end=\"2246\"><strong data-start=\"2207\" data-end=\"2246\">Warum Loftrunway w\u00e4hlen?<\/strong><\/h2><p data-start=\"2248\" data-end=\"2510\">\u2714 Sneaker online kaufen \u2013 bequem &amp; sicher<br data-start=\"2289\" data-end=\"2292\" \/>\u2714 Modische Damen- und Herren-Sneaker<br data-start=\"2328\" data-end=\"2331\" \/>\u2714 Bequeme Schuhe f\u00fcr Alltag und Freizeit<br data-start=\"2371\" data-end=\"2374\" \/>\u2714 Attraktive Preise f\u00fcr hochwertige Qualit\u00e4t<br data-start=\"2418\" data-end=\"2421\" \/>\u2714 Zuverl\u00e4ssiger Versand nach Deutschland<br data-start=\"2461\" data-end=\"2464\" \/>\u2714 Freundlicher und kompetenter Kundenservice<\/p><p data-start=\"2512\" data-end=\"2638\">Loftrunway ist Ihr zuverl\u00e4ssiger Online-Shop, wenn Sie in Deutschland stilvolle und bequeme Sneaker kaufen m\u00f6chten.<\/p>\t\t\t\t\t\t\t\t<\/div>\n\t\t\t\t\t<\/div>\n\t\t<\/div>\n\t\t\t\t\t<\/div>\n\t\t<\/section>\n\t\t\t\t<\/div>\n\t\t","protected":false},"excerpt":{"rendered":"<p>Wer wir sind ist ein internationaler Online-Schuhshop mit Fokus auf den deutschen Markt. Wir bieten moderne Sneaker und bequeme Schuhe f\u00fcr Damen und Herren, die Stil, Qualit\u00e4t und Alltagstauglichkeit vereinen. Wenn Sie Sneaker online kaufen m\u00f6chten, die sowohl im Trend liegen als auch langfristigen Komfort bieten, sind Sie bei uns richtig. Unsere Kollektionen orientieren sich [&hellip;]<\/p>\n","protected":false},"author":1,"featured_media":0,"parent":0,"menu_order":0,"comment_status":"closed","ping_status":"closed","template":"","meta":{"footnotes":""},"class_list":["post-3733","page","type-page","status-publish","hentry"],"yoast_head":"<!-- This site is optimized with the Yoast SEO plugin v26.5 - https:\/\/yoast.com\/wordpress\/plugins\/seo\/ -->\n<title>About Us - Loftrunway<\/title>\n<meta name=\"robots\" content=\"index, follow, max-snippet:-1, max-image-preview:large, max-video-preview:-1\" \/>\n<link rel=\"canonical\" href=\"https:\/\/loftrunway.com\/de\/about-us\/\" \/>\n<meta property=\"og:locale\" content=\"de_DE\" \/>\n<meta property=\"og:type\" content=\"article\" \/>\n<meta property=\"og:title\" content=\"About Us - Loftrunway\" \/>\n<meta property=\"og:description\" content=\"Wer wir sind ist ein internationaler Online-Schuhshop mit Fokus auf den deutschen Markt. Wir bieten moderne Sneaker und bequeme Schuhe f\u00fcr Damen und Herren, die Stil, Qualit\u00e4t und Alltagstauglichkeit vereinen. Wenn Sie Sneaker online kaufen m\u00f6chten, die sowohl im Trend liegen als auch langfristigen Komfort bieten, sind Sie bei uns richtig. Unsere Kollektionen orientieren sich [&hellip;]\" \/>\n<meta property=\"og:url\" content=\"https:\/\/loftrunway.com\/de\/about-us\/\" \/>\n<meta property=\"og:site_name\" content=\"loftRUN Sneaker Store\" \/>\n<meta property=\"article:modified_time\" content=\"2026-04-02T05:59:20+00:00\" \/>\n<meta property=\"og:image\" content=\"https:\/\/loftrunway.com\/wp-content\/uploads\/2026\/01\/shoes3.jpg\" \/>\n\t<meta property=\"og:image:width\" content=\"1000\" \/>\n\t<meta property=\"og:image:height\" content=\"1000\" \/>\n\t<meta property=\"og:image:type\" content=\"image\/jpeg\" \/>\n<meta name=\"twitter:card\" content=\"summary_large_image\" \/>\n<meta name=\"twitter:label1\" content=\"Gesch\u00e4tzte Lesezeit\" \/>\n\t<meta name=\"twitter:data1\" content=\"3\u00a0Minuten\" \/>\n<script type=\"application\/ld+json\" class=\"yoast-schema-graph\">{\"@context\":\"https:\/\/schema.org\",\"@graph\":[{\"@type\":\"WebPage\",\"@id\":\"https:\/\/loftrunway.com\/de\/about-us\/\",\"url\":\"https:\/\/loftrunway.com\/de\/about-us\/\",\"name\":\"About Us - Loftrunway\",\"isPartOf\":{\"@id\":\"https:\/\/loftrunway.com\/de\/#website\"},\"primaryImageOfPage\":{\"@id\":\"https:\/\/loftrunway.com\/de\/about-us\/#primaryimage\"},\"image\":{\"@id\":\"https:\/\/loftrunway.com\/de\/about-us\/#primaryimage\"},\"thumbnailUrl\":\"https:\/\/loftrunway.com\/wp-content\/uploads\/2026\/01\/shoes3.jpg\",\"datePublished\":\"2025-11-15T09:36:05+00:00\",\"dateModified\":\"2026-04-02T05:59:20+00:00\",\"breadcrumb\":{\"@id\":\"https:\/\/loftrunway.com\/de\/about-us\/#breadcrumb\"},\"inLanguage\":\"de\",\"potentialAction\":[{\"@type\":\"ReadAction\",\"target\":[\"https:\/\/loftrunway.com\/de\/about-us\/\"]}]},{\"@type\":\"ImageObject\",\"inLanguage\":\"de\",\"@id\":\"https:\/\/loftrunway.com\/de\/about-us\/#primaryimage\",\"url\":\"https:\/\/loftrunway.com\/wp-content\/uploads\/2026\/01\/shoes3.jpg\",\"contentUrl\":\"https:\/\/loftrunway.com\/wp-content\/uploads\/2026\/01\/shoes3.jpg\"},{\"@type\":\"BreadcrumbList\",\"@id\":\"https:\/\/loftrunway.com\/de\/about-us\/#breadcrumb\",\"itemListElement\":[{\"@type\":\"ListItem\",\"position\":1,\"name\":\"Home\",\"item\":\"https:\/\/loftrunway.com\/de\/\"},{\"@type\":\"ListItem\",\"position\":2,\"name\":\"About Us\"}]},{\"@type\":\"WebSite\",\"@id\":\"https:\/\/loftrunway.com\/de\/#website\",\"url\":\"https:\/\/loftrunway.com\/de\/\",\"name\":\"Styloral Jewelry Shop\",\"description\":\"Der Ort, an dem man alle Arten von Sneakern findet\",\"publisher\":{\"@id\":\"https:\/\/loftrunway.com\/de\/#organization\"},\"potentialAction\":[{\"@type\":\"SearchAction\",\"target\":{\"@type\":\"EntryPoint\",\"urlTemplate\":\"https:\/\/loftrunway.com\/de\/?s={search_term_string}\"},\"query-input\":{\"@type\":\"PropertyValueSpecification\",\"valueRequired\":true,\"valueName\":\"search_term_string\"}}],\"inLanguage\":\"de\"},{\"@type\":\"Organization\",\"@id\":\"https:\/\/loftrunway.com\/de\/#organization\",\"name\":\"STYLORAL PTE. LTD\",\"url\":\"https:\/\/loftrunway.com\/de\/\",\"logo\":{\"@type\":\"ImageObject\",\"inLanguage\":\"de\",\"@id\":\"https:\/\/loftrunway.com\/de\/#\/schema\/logo\/image\/\",\"url\":\"https:\/\/www.loftrunway.com\/wp-content\/uploads\/2025\/12\/logo.png\",\"contentUrl\":\"https:\/\/www.loftrunway.com\/wp-content\/uploads\/2025\/12\/logo.png\",\"width\":200,\"height\":65,\"caption\":\"STYLORAL PTE. LTD\"},\"image\":{\"@id\":\"https:\/\/loftrunway.com\/de\/#\/schema\/logo\/image\/\"}}]}<\/script>\n<!-- \/ Yoast SEO plugin. -->","yoast_head_json":{"title":"About Us - Loftrunway","robots":{"index":"index","follow":"follow","max-snippet":"max-snippet:-1","max-image-preview":"max-image-preview:large","max-video-preview":"max-video-preview:-1"},"canonical":"https:\/\/loftrunway.com\/de\/about-us\/","og_locale":"de_DE","og_type":"article","og_title":"About Us - Loftrunway","og_description":"Wer wir sind ist ein internationaler Online-Schuhshop mit Fokus auf den deutschen Markt. Wir bieten moderne Sneaker und bequeme Schuhe f\u00fcr Damen und Herren, die Stil, Qualit\u00e4t und Alltagstauglichkeit vereinen. Wenn Sie Sneaker online kaufen m\u00f6chten, die sowohl im Trend liegen als auch langfristigen Komfort bieten, sind Sie bei uns richtig. Unsere Kollektionen orientieren sich [&hellip;]","og_url":"https:\/\/loftrunway.com\/de\/about-us\/","og_site_name":"loftRUN Sneaker Store","article_modified_time":"2026-04-02T05:59:20+00:00","og_image":[{"width":1000,"height":1000,"url":"https:\/\/loftrunway.com\/wp-content\/uploads\/2026\/01\/shoes3.jpg","type":"image\/jpeg"}],"twitter_card":"summary_large_image","twitter_misc":{"Gesch\u00e4tzte Lesezeit":"3\u00a0Minuten"},"schema":{"@context":"https:\/\/schema.org","@graph":[{"@type":"WebPage","@id":"https:\/\/loftrunway.com\/de\/about-us\/","url":"https:\/\/loftrunway.com\/de\/about-us\/","name":"About Us - Loftrunway","isPartOf":{"@id":"https:\/\/loftrunway.com\/de\/#website"},"primaryImageOfPage":{"@id":"https:\/\/loftrunway.com\/de\/about-us\/#primaryimage"},"image":{"@id":"https:\/\/loftrunway.com\/de\/about-us\/#primaryimage"},"thumbnailUrl":"https:\/\/loftrunway.com\/wp-content\/uploads\/2026\/01\/shoes3.jpg","datePublished":"2025-11-15T09:36:05+00:00","dateModified":"2026-04-02T05:59:20+00:00","breadcrumb":{"@id":"https:\/\/loftrunway.com\/de\/about-us\/#breadcrumb"},"inLanguage":"de","potentialAction":[{"@type":"ReadAction","target":["https:\/\/loftrunway.com\/de\/about-us\/"]}]},{"@type":"ImageObject","inLanguage":"de","@id":"https:\/\/loftrunway.com\/de\/about-us\/#primaryimage","url":"https:\/\/loftrunway.com\/wp-content\/uploads\/2026\/01\/shoes3.jpg","contentUrl":"https:\/\/loftrunway.com\/wp-content\/uploads\/2026\/01\/shoes3.jpg"},{"@type":"BreadcrumbList","@id":"https:\/\/loftrunway.com\/de\/about-us\/#breadcrumb","itemListElement":[{"@type":"ListItem","position":1,"name":"Home","item":"https:\/\/loftrunway.com\/de\/"},{"@type":"ListItem","position":2,"name":"About Us"}]},{"@type":"WebSite","@id":"https:\/\/loftrunway.com\/de\/#website","url":"https:\/\/loftrunway.com\/de\/","name":"Styloral Jewelry Shop","description":"Der Ort, an dem man alle Arten von Sneakern findet","publisher":{"@id":"https:\/\/loftrunway.com\/de\/#organization"},"potentialAction":[{"@type":"SearchAction","target":{"@type":"EntryPoint","urlTemplate":"https:\/\/loftrunway.com\/de\/?s={search_term_string}"},"query-input":{"@type":"PropertyValueSpecification","valueRequired":true,"valueName":"search_term_string"}}],"inLanguage":"de"},{"@type":"Organization","@id":"https:\/\/loftrunway.com\/de\/#organization","name":"STYLORAL PTE. LTD","url":"https:\/\/loftrunway.com\/de\/","logo":{"@type":"ImageObject","inLanguage":"de","@id":"https:\/\/loftrunway.com\/de\/#\/schema\/logo\/image\/","url":"https:\/\/www.loftrunway.com\/wp-content\/uploads\/2025\/12\/logo.png","contentUrl":"https:\/\/www.loftrunway.com\/wp-content\/uploads\/2025\/12\/logo.png","width":200,"height":65,"caption":"STYLORAL PTE. LTD"},"image":{"@id":"https:\/\/loftrunway.com\/de\/#\/schema\/logo\/image\/"}}]}},"_links":{"self":[{"href":"https:\/\/loftrunway.com\/de\/wp-json\/wp\/v2\/pages\/3733","targetHints":{"allow":["GET"]}}],"collection":[{"href":"https:\/\/loftrunway.com\/de\/wp-json\/wp\/v2\/pages"}],"about":[{"href":"https:\/\/loftrunway.com\/de\/wp-json\/wp\/v2\/types\/page"}],"author":[{"embeddable":true,"href":"https:\/\/loftrunway.com\/de\/wp-json\/wp\/v2\/users\/1"}],"replies":[{"embeddable":true,"href":"https:\/\/loftrunway.com\/de\/wp-json\/wp\/v2\/comments?post=3733"}],"version-history":[{"count":25,"href":"https:\/\/loftrunway.com\/de\/wp-json\/wp\/v2\/pages\/3733\/revisions"}],"predecessor-version":[{"id":24821,"href":"https:\/\/loftrunway.com\/de\/wp-json\/wp\/v2\/pages\/3733\/revisions\/24821"}],"wp:attachment":[{"href":"https:\/\/loftrunway.com\/de\/wp-json\/wp\/v2\/media?parent=3733"}],"curies":[{"name":"wp","href":"https:\/\/api.w.org\/{rel}","templated":true}]}}