{"id":105609,"date":"2026-03-02T15:29:17","date_gmt":"2026-03-02T08:29:17","guid":{"rendered":"http:\/\/loftrunway.com\/product\/w-nike-air-force-1-shadow-direct-sale-exclusive"},"modified":"2026-04-02T14:49:29","modified_gmt":"2026-04-02T07:49:29","slug":"w-nike-air-force-1-shadow-direct-sale-exclusive","status":"publish","type":"product","link":"https:\/\/loftrunway.com\/de\/products\/w-nike-air-force-1-shadow-direct-sale-exclusive\/","title":{"rendered":"(W) Nike Air Force 1 Shadow Direct Sale Exclusive"},"content":{"rendered":"<p>Mit dem Nike Air Force 1 Shadow DZ1847-113, einer Neuinterpretation des klassischen Air Force 1, verleihst du deinem Sneaker-Style das gewisse Extra. Der Schuh wurde exklusiv f\u00fcr Frauen designt, die Wert auf ausdrucksstarken Style und ultimativen Komfort legen. Gefertigt aus hochwertigen Materialien, besticht der Shadow durch seine mehrlagige Optik mit doppelten Designelementen wie Swooshes, \u00d6senleisten und dem Branding an der Mittelsohle \u201d\u201c f\u00fcr einen dynamischen und verspielten Look.<\/p>\n<p>Die cleane Farbgebung dieser exklusiven Edition macht ihn vielseitig kombinierbar und perfekt f\u00fcr Casual-Outfits, Athleisure-Looks und sogar ausdrucksstarke Streetwear-Looks. Die erh\u00f6hte Mittelsohle sorgt f\u00fcr zus\u00e4tzliche H\u00f6he und Style, ohne dabei die legend\u00e4re D\u00e4mpfung des Air Force 1 zu beeintr\u00e4chtigen. Dank seiner Langlebigkeit bietet dieser Sneaker dauerhafte Qualit\u00e4t ohne Kompromisse beim Komfort.<\/p>\n<p>Mit seiner leichten und atmungsaktiven Konstruktion ist er ideal f\u00fcr den ganzen Tag. Egal, ob du Sneaker-Fan bist oder deine Garderobe erweitern m\u00f6chtest: Der exklusiv im Direktvertrieb erh\u00e4ltliche Nike Air Force 1 Shadow ist ein absolutes Must-have. Seine perfekte Balance aus ikonischem Erbe und modernem Flair macht ihn zu einer herausragenden Erg\u00e4nzung jeder Kollektion. Sichern Sie sich jetzt einen zeitlosen und dennoch topaktuellen Klassiker, der Performance und Stil m\u00fchelos vereint.<\/p>\n<ul>\n<li><strong>Farbgebung:<\/strong> Sail\/Alabaster\/Wei\u00df\/Barely Grape<\/li>\n<li><strong>Artikelnummer:<\/strong> DZ1847-113<\/li>\n<li><strong>Obermaterial:<\/strong> Leder<\/li>\n<li><strong>Zwischensohle:<\/strong> Air<\/li>\n<li><strong>Farbe:<\/strong> Wei\u00df<\/li>\n<li><strong>Designer:<\/strong> Bruce Kilgore<\/li>\n<\/ul>\n","protected":false},"excerpt":{"rendered":"<p>Nike Air Force 1 Shadow \u201d\u201d Sail\/Alabaster\/White\/Barely Grape<\/p>\n","protected":false},"featured_media":105610,"comment_status":"open","ping_status":"closed","template":"","meta":[],"product_brand":[],"product_cat":[10809,41273],"product_tag":[10750,10754,10777,10801,10756,10758],"class_list":{"0":"post-105609","1":"product","2":"type-product","3":"status-publish","4":"has-post-thumbnail","6":"product_cat-nike-women","7":"product_cat-remove","8":"product_tag-athleisure-shoes","9":"product_tag-lifestyle-casual-shoes","10":"product_tag-lifestyle-shoes-basketball-inspired","11":"product_tag-nike","12":"product_tag-retro-casual-shoes","13":"product_tag-under-retail","14":"wcpa_has_options","16":"first","17":"instock","18":"taxable","19":"shipping-taxable","20":"purchasable","21":"product-type-simple"},"wcpa_form_fields":{"rules":{"pric_overide_base_price":false,"pric_overide_base_price_if_gt_zero":false,"pric_overide_base_price_fully":false,"pric_cal_option_once":false,"pric_use_as_fee":false,"bind_quantity":false,"quantity_bind_formula":false},"fields":[{"type":"color-group","required":true,"elementId":"wcpa-color-group-66c4a75505e74","label":"Gr\u00f6\u00dfe - EU Gr\u00f6\u00dfe","inline":true,"priceOptions":"different_for_all","pricingType":"fixed","className":"hassizechart product-shoes-size-eu product-shoes-size","name":"color-group-66c4a75505e89","disp_type":"square","selection_type":"tick-border","disp_size":"44","show_label_inside":true,"adjust_width":true,"cart_display_type":"text","other_text":"Other","cl_rule":"show","col":6,"values":[{"label":"35.5","value":"EU 35.5","price":"","pimage":"","pimage_id":"","pthumb":"","color":""},{"label":"36","value":"EU 36","price":"","pimage":"","pimage_id":"","pthumb":"","color":"","selected":true},{"label":"36.5","value":"EU 36.5","price":"","pimage":"","pimage_id":"","pthumb":"","color":""},{"label":"37.5","value":"EU 37.5","price":"","pimage":"","pimage_id":"","pthumb":"","color":""},{"label":"38","value":"EU 38","price":"","pimage":"","pimage_id":"","pthumb":"","color":""},{"label":"38.5","value":"EU 38.5","price":"","pimage":"","pimage_id":"","pthumb":"","color":""},{"label":"39","value":"EU 39","price":"","pimage":"","pimage_id":"","pthumb":"","color":""},{"label":"40","value":"EU 40","price":"","pimage":"","pimage_id":"","pthumb":"","color":""},{"label":"40.5","value":"EU 40.5","price":"","pimage":"","pimage_id":"","pthumb":"","color":""},{"label":"41","value":"EU 41","price":"","pimage":"","pimage_id":"","pthumb":"","color":""},{"label":"42","value":"EU 42","price":"","pimage":"","pimage_id":"","pthumb":"","color":""},{"label":"42.5","value":"EU 42.5","price":"","pimage":"","pimage_id":"","pthumb":"","color":""},{"label":"43","value":"EU 43","price":"","pimage":"","pimage_id":"","pthumb":"","color":""},{"label":"44","value":"EU 44","price":"","pimage":"","pimage_id":"","pthumb":"","color":""},{"label":"44.5","value":"EU 44.5","price":"","pimage":"","pimage_id":"","pthumb":"","color":""},{"label":"45","value":"EU 45","price":"","pimage":"","pimage_id":"","pthumb":"","color":""},{"label":"45.5","value":"EU 45.5","price":"","pimage":"","pimage_id":"","pthumb":"","color":""},{"label":"46","value":"EU 46","price":"","pimage":"","pimage_id":"","pthumb":"","color":""},{"label":"47","value":"EU 47","price":"","pimage":"","pimage_id":"","pthumb":"","color":""},{"label":"47.5","value":"EU 47.5","price":"","pimage":"","pimage_id":"","pthumb":"","color":""},{"label":"48","value":"EU 48","price":"","pimage":"","pimage_id":"","pthumb":"","color":""}],"relations":[{"operator":false,"rules":[]}],"form_id":18106,"form_rules":{"pric_cal_option_once":false,"exclude_from_discount":false,"pric_use_as_fee":false,"fee_label":"Fee","render_after_acb":false,"disp_hide_options_price":false}}]},"yoast_head":"<!-- This site is optimized with the Yoast SEO plugin v26.5 - https:\/\/yoast.com\/wordpress\/plugins\/seo\/ -->\n<title>(W) Nike Air Force 1 Shadow Direct Sale Exclusive  - Loftrunway<\/title>\n<meta name=\"robots\" content=\"index, follow, max-snippet:-1, max-image-preview:large, max-video-preview:-1\" \/>\n<link rel=\"canonical\" href=\"https:\/\/loftrunway.com\/de\/products\/w-nike-air-force-1-shadow-direct-sale-exclusive\/\" \/>\n<meta property=\"og:locale\" content=\"de_DE\" \/>\n<meta property=\"og:type\" content=\"article\" \/>\n<meta property=\"og:title\" content=\"(W) Nike Air Force 1 Shadow Direct Sale Exclusive  - Loftrunway\" \/>\n<meta property=\"og:description\" content=\"Nike Air Force 1 Shadow \u201d\u201d Sail\/Alabaster\/White\/Barely Grape\" \/>\n<meta property=\"og:url\" content=\"https:\/\/loftrunway.com\/de\/products\/w-nike-air-force-1-shadow-direct-sale-exclusive\/\" \/>\n<meta property=\"og:site_name\" content=\"loftRUN Sneaker Store\" \/>\n<meta property=\"article:modified_time\" content=\"2026-04-02T07:49:29+00:00\" \/>\n<meta name=\"twitter:card\" content=\"summary_large_image\" \/>\n<meta name=\"twitter:image\" content=\"https:\/\/images.novelship.com\/product\/_w__nike_air_force_1_shadow_direct_sale_exclusive__0_73328.png\" \/>\n<meta name=\"twitter:label1\" content=\"Gesch\u00e4tzte Lesezeit\" \/>\n\t<meta name=\"twitter:data1\" content=\"1\u00a0Minute\" \/>\n<script type=\"application\/ld+json\" class=\"yoast-schema-graph\">{\"@context\":\"https:\/\/schema.org\",\"@graph\":[{\"@type\":\"WebPage\",\"@id\":\"https:\/\/loftrunway.com\/de\/products\/w-nike-air-force-1-shadow-direct-sale-exclusive\/\",\"url\":\"https:\/\/loftrunway.com\/de\/products\/w-nike-air-force-1-shadow-direct-sale-exclusive\/\",\"name\":\"(W) Nike Air Force 1 Shadow Direct Sale Exclusive - Loftrunway\",\"isPartOf\":{\"@id\":\"https:\/\/loftrunway.com\/de\/#website\"},\"primaryImageOfPage\":{\"@id\":\"https:\/\/loftrunway.com\/de\/products\/w-nike-air-force-1-shadow-direct-sale-exclusive\/#primaryimage\"},\"image\":{\"@id\":\"https:\/\/loftrunway.com\/de\/products\/w-nike-air-force-1-shadow-direct-sale-exclusive\/#primaryimage\"},\"thumbnailUrl\":\"https:\/\/images.novelship.com\/product\/_w__nike_air_force_1_shadow_direct_sale_exclusive__0_73328.png\",\"datePublished\":\"2026-03-02T08:29:17+00:00\",\"dateModified\":\"2026-04-02T07:49:29+00:00\",\"breadcrumb\":{\"@id\":\"https:\/\/loftrunway.com\/de\/products\/w-nike-air-force-1-shadow-direct-sale-exclusive\/#breadcrumb\"},\"inLanguage\":\"de\",\"potentialAction\":[{\"@type\":\"ReadAction\",\"target\":[\"https:\/\/loftrunway.com\/de\/products\/w-nike-air-force-1-shadow-direct-sale-exclusive\/\"]}]},{\"@type\":\"ImageObject\",\"inLanguage\":\"de\",\"@id\":\"https:\/\/loftrunway.com\/de\/products\/w-nike-air-force-1-shadow-direct-sale-exclusive\/#primaryimage\",\"url\":\"https:\/\/images.novelship.com\/product\/_w__nike_air_force_1_shadow_direct_sale_exclusive__0_73328.png\",\"contentUrl\":\"https:\/\/images.novelship.com\/product\/_w__nike_air_force_1_shadow_direct_sale_exclusive__0_73328.png\"},{\"@type\":\"BreadcrumbList\",\"@id\":\"https:\/\/loftrunway.com\/de\/products\/w-nike-air-force-1-shadow-direct-sale-exclusive\/#breadcrumb\",\"itemListElement\":[{\"@type\":\"ListItem\",\"position\":1,\"name\":\"Home\",\"item\":\"https:\/\/loftrunway.com\/de\/\"},{\"@type\":\"ListItem\",\"position\":2,\"name\":\"Shop\",\"item\":\"https:\/\/loftrunway.com\/de\/shop\/\"},{\"@type\":\"ListItem\",\"position\":3,\"name\":\"(W) Nike Air Force 1 Shadow Direct Sale Exclusive\"}]},{\"@type\":\"WebSite\",\"@id\":\"https:\/\/loftrunway.com\/de\/#website\",\"url\":\"https:\/\/loftrunway.com\/de\/\",\"name\":\"Styloral Jewelry Shop\",\"description\":\"Der Ort, an dem man alle Arten von Sneakern findet\",\"publisher\":{\"@id\":\"https:\/\/loftrunway.com\/de\/#organization\"},\"potentialAction\":[{\"@type\":\"SearchAction\",\"target\":{\"@type\":\"EntryPoint\",\"urlTemplate\":\"https:\/\/loftrunway.com\/de\/?s={search_term_string}\"},\"query-input\":{\"@type\":\"PropertyValueSpecification\",\"valueRequired\":true,\"valueName\":\"search_term_string\"}}],\"inLanguage\":\"de\"},{\"@type\":\"Organization\",\"@id\":\"https:\/\/loftrunway.com\/de\/#organization\",\"name\":\"STYLORAL PTE. LTD\",\"url\":\"https:\/\/loftrunway.com\/de\/\",\"logo\":{\"@type\":\"ImageObject\",\"inLanguage\":\"de\",\"@id\":\"https:\/\/loftrunway.com\/de\/#\/schema\/logo\/image\/\",\"url\":\"https:\/\/www.loftrunway.com\/wp-content\/uploads\/2025\/12\/logo.png\",\"contentUrl\":\"https:\/\/www.loftrunway.com\/wp-content\/uploads\/2025\/12\/logo.png\",\"width\":200,\"height\":65,\"caption\":\"STYLORAL PTE. LTD\"},\"image\":{\"@id\":\"https:\/\/loftrunway.com\/de\/#\/schema\/logo\/image\/\"}}]}<\/script>\n<!-- \/ Yoast SEO plugin. -->","yoast_head_json":{"title":"(W) Nike Air Force 1 Shadow Direct Sale Exclusive  - Loftrunway","robots":{"index":"index","follow":"follow","max-snippet":"max-snippet:-1","max-image-preview":"max-image-preview:large","max-video-preview":"max-video-preview:-1"},"canonical":"https:\/\/loftrunway.com\/de\/products\/w-nike-air-force-1-shadow-direct-sale-exclusive\/","og_locale":"de_DE","og_type":"article","og_title":"(W) Nike Air Force 1 Shadow Direct Sale Exclusive  - Loftrunway","og_description":"Nike Air Force 1 Shadow \u201d\u201d Sail\/Alabaster\/White\/Barely Grape","og_url":"https:\/\/loftrunway.com\/de\/products\/w-nike-air-force-1-shadow-direct-sale-exclusive\/","og_site_name":"loftRUN Sneaker Store","article_modified_time":"2026-04-02T07:49:29+00:00","twitter_card":"summary_large_image","twitter_image":"https:\/\/images.novelship.com\/product\/_w__nike_air_force_1_shadow_direct_sale_exclusive__0_73328.png","twitter_misc":{"Gesch\u00e4tzte Lesezeit":"1\u00a0Minute"},"schema":{"@context":"https:\/\/schema.org","@graph":[{"@type":"WebPage","@id":"https:\/\/loftrunway.com\/de\/products\/w-nike-air-force-1-shadow-direct-sale-exclusive\/","url":"https:\/\/loftrunway.com\/de\/products\/w-nike-air-force-1-shadow-direct-sale-exclusive\/","name":"(W) Nike Air Force 1 Shadow Direct Sale Exclusive - Loftrunway","isPartOf":{"@id":"https:\/\/loftrunway.com\/de\/#website"},"primaryImageOfPage":{"@id":"https:\/\/loftrunway.com\/de\/products\/w-nike-air-force-1-shadow-direct-sale-exclusive\/#primaryimage"},"image":{"@id":"https:\/\/loftrunway.com\/de\/products\/w-nike-air-force-1-shadow-direct-sale-exclusive\/#primaryimage"},"thumbnailUrl":"https:\/\/images.novelship.com\/product\/_w__nike_air_force_1_shadow_direct_sale_exclusive__0_73328.png","datePublished":"2026-03-02T08:29:17+00:00","dateModified":"2026-04-02T07:49:29+00:00","breadcrumb":{"@id":"https:\/\/loftrunway.com\/de\/products\/w-nike-air-force-1-shadow-direct-sale-exclusive\/#breadcrumb"},"inLanguage":"de","potentialAction":[{"@type":"ReadAction","target":["https:\/\/loftrunway.com\/de\/products\/w-nike-air-force-1-shadow-direct-sale-exclusive\/"]}]},{"@type":"ImageObject","inLanguage":"de","@id":"https:\/\/loftrunway.com\/de\/products\/w-nike-air-force-1-shadow-direct-sale-exclusive\/#primaryimage","url":"https:\/\/images.novelship.com\/product\/_w__nike_air_force_1_shadow_direct_sale_exclusive__0_73328.png","contentUrl":"https:\/\/images.novelship.com\/product\/_w__nike_air_force_1_shadow_direct_sale_exclusive__0_73328.png"},{"@type":"BreadcrumbList","@id":"https:\/\/loftrunway.com\/de\/products\/w-nike-air-force-1-shadow-direct-sale-exclusive\/#breadcrumb","itemListElement":[{"@type":"ListItem","position":1,"name":"Home","item":"https:\/\/loftrunway.com\/de\/"},{"@type":"ListItem","position":2,"name":"Shop","item":"https:\/\/loftrunway.com\/de\/shop\/"},{"@type":"ListItem","position":3,"name":"(W) Nike Air Force 1 Shadow Direct Sale Exclusive"}]},{"@type":"WebSite","@id":"https:\/\/loftrunway.com\/de\/#website","url":"https:\/\/loftrunway.com\/de\/","name":"Styloral Jewelry Shop","description":"Der Ort, an dem man alle Arten von Sneakern findet","publisher":{"@id":"https:\/\/loftrunway.com\/de\/#organization"},"potentialAction":[{"@type":"SearchAction","target":{"@type":"EntryPoint","urlTemplate":"https:\/\/loftrunway.com\/de\/?s={search_term_string}"},"query-input":{"@type":"PropertyValueSpecification","valueRequired":true,"valueName":"search_term_string"}}],"inLanguage":"de"},{"@type":"Organization","@id":"https:\/\/loftrunway.com\/de\/#organization","name":"STYLORAL PTE. LTD","url":"https:\/\/loftrunway.com\/de\/","logo":{"@type":"ImageObject","inLanguage":"de","@id":"https:\/\/loftrunway.com\/de\/#\/schema\/logo\/image\/","url":"https:\/\/www.loftrunway.com\/wp-content\/uploads\/2025\/12\/logo.png","contentUrl":"https:\/\/www.loftrunway.com\/wp-content\/uploads\/2025\/12\/logo.png","width":200,"height":65,"caption":"STYLORAL PTE. LTD"},"image":{"@id":"https:\/\/loftrunway.com\/de\/#\/schema\/logo\/image\/"}}]}},"_links":{"self":[{"href":"https:\/\/loftrunway.com\/de\/wp-json\/wp\/v2\/product\/105609","targetHints":{"allow":["GET"]}}],"collection":[{"href":"https:\/\/loftrunway.com\/de\/wp-json\/wp\/v2\/product"}],"about":[{"href":"https:\/\/loftrunway.com\/de\/wp-json\/wp\/v2\/types\/product"}],"replies":[{"embeddable":true,"href":"https:\/\/loftrunway.com\/de\/wp-json\/wp\/v2\/comments?post=105609"}],"wp:featuredmedia":[{"embeddable":true,"href":"https:\/\/loftrunway.com\/de\/wp-json\/wp\/v2\/media\/105610"}],"wp:attachment":[{"href":"https:\/\/loftrunway.com\/de\/wp-json\/wp\/v2\/media?parent=105609"}],"wp:term":[{"taxonomy":"product_brand","embeddable":true,"href":"https:\/\/loftrunway.com\/de\/wp-json\/wp\/v2\/product_brand?post=105609"},{"taxonomy":"product_cat","embeddable":true,"href":"https:\/\/loftrunway.com\/de\/wp-json\/wp\/v2\/product_cat?post=105609"},{"taxonomy":"product_tag","embeddable":true,"href":"https:\/\/loftrunway.com\/de\/wp-json\/wp\/v2\/product_tag?post=105609"}],"curies":[{"name":"wp","href":"https:\/\/api.w.org\/{rel}","templated":true}]}}