{"id":106847,"date":"2026-03-02T15:29:33","date_gmt":"2026-03-02T08:29:33","guid":{"rendered":"http:\/\/loftrunway.com\/product\/manchester-united-x-adidas-gazelle-terrace-icons-pack"},"modified":"2026-04-02T14:49:36","modified_gmt":"2026-04-02T07:49:36","slug":"manchester-united-x-adidas-gazelle-terrace-icons-pack","status":"publish","type":"product","link":"https:\/\/loftrunway.com\/de\/products\/manchester-united-x-adidas-gazelle-terrace-icons-pack\/","title":{"rendered":"Manchester United x adidas Gazelle &#8218;Terrace Icons Pack&#8216;"},"content":{"rendered":"<p>Mit dem Manchester United x adidas Gazelle \u201eTerrace Icons Pack\u201c JS3040 verleihst du deinem Sneaker-Style das gewisse Etwas \u201d\u201c die perfekte Fusion aus Fu\u00dfballtradition und zeitlosem Streetwear-Style. Gefertigt aus hochwertigem Wildleder, ist diese exklusive Edition eine Hommage an die traditionsreiche Geschichte von Manchester United. Das ikonische Vereinswappen an der Ferse und dezente Details erinnern an die reiche Geschichte des Clubs. Das klassische Gazelle-Design mit den charakteristischen 3-Streifen wird durch die markante rot-schwarze Farbpalette \u201d\u201c unverkennbar United \u201d\u201c perfekt in Szene gesetzt. Ob eingefleischter Fan oder l\u00e4ssiger Sneaker-Liebhaber: Diese Sneaker vereinen Komfort und Vintage-inspirierte \u00c4sthetik und sind so vielseitig f\u00fcr jeden Anlass. Die gepolsterte Zwischensohle sorgt f\u00fcr ganzt\u00e4gigen Tragekomfort, w\u00e4hrend die strapazierf\u00e4hige Gummiau\u00dfensohle f\u00fcr dauerhafte Performance garantiert. Dieses limitierte Terrace Icons Pack wurde f\u00fcr treue Fans weltweit entworfen und f\u00e4ngt die Essenz der Fu\u00dfballkultur in einer modernen und zugleich nostalgischen Silhouette ein. Zeige deine Leidenschaft f\u00fcr den Fu\u00dfball mit Stil \u201d\u201c mit dem Manchester United x adidas Gazelle, wo Sport auf Streetwear trifft.<\/p>\n<ul>\n<li><strong>Farbgebung:<\/strong> Cremewei\u00df\/Mufc-Rot\/Schwarz<\/li>\n<li><strong>Artikelnummer:<\/strong> JS3040<\/li>\n<li><strong>Obermaterial:<\/strong> Wildleder<\/li>\n<li><strong>Farbe:<\/strong> Beige<\/li>\n<li><strong>Saison:<\/strong> Winter<\/li>\n<li><strong>Erscheinungsjahr:<\/strong> 2025<\/li>\n<\/ul>\n","protected":false},"excerpt":{"rendered":"<p>adidas Gazelle Terrace Icons Pack \u201d\u201d Cream White\/Mufc Red\/Core Black<\/p>\n","protected":false},"featured_media":106848,"comment_status":"open","ping_status":"closed","template":"","meta":[],"product_brand":[],"product_cat":[10760,41273],"product_tag":[10759,10750,10754,11460,10756],"class_list":{"0":"post-106847","1":"product","2":"type-product","3":"status-publish","4":"has-post-thumbnail","6":"product_cat-adidas","7":"product_cat-remove","8":"product_tag-adidas","9":"product_tag-athleisure-shoes","10":"product_tag-lifestyle-casual-shoes","11":"product_tag-lifestyle-shoes-casual","12":"product_tag-retro-casual-shoes","13":"wcpa_has_options","15":"first","16":"instock","17":"taxable","18":"shipping-taxable","19":"purchasable","20":"product-type-simple"},"wcpa_form_fields":{"rules":{"pric_overide_base_price":false,"pric_overide_base_price_if_gt_zero":false,"pric_overide_base_price_fully":false,"pric_cal_option_once":false,"pric_use_as_fee":false,"bind_quantity":false,"quantity_bind_formula":false},"fields":[{"type":"color-group","required":true,"elementId":"wcpa-color-group-66c4a7f817afe","label":"Gr\u00f6\u00dfe","inline":true,"priceOptions":"different_for_all","pricingType":"fixed","className":"hassizechart product-shoes-size-eu product-shoes-size","name":"color-group-66c4a7f817b18","disp_type":"square","selection_type":"tick-border","disp_size":"50","show_label_inside":true,"adjust_width":true,"cart_display_type":"text","other_text":"Other","cl_rule":"show","col":6,"values":[{"label":"35","value":"EU 35","price":"","pimage":"","pimage_id":"","pthumb":"","color":""},{"label":"35.5","value":"EU 35.5","price":"","pimage":"","pimage_id":"","pthumb":"","color":""},{"label":"36","value":"EU 36","price":"","pimage":"","pimage_id":"","pthumb":"","color":"","selected":true},{"label":"36 2\/3","value":"EU 36 2\/3","price":"","pimage":"","pimage_id":"","pthumb":"","color":""},{"label":"37 1\/3","value":"EU 37 1\/3","price":"","pimage":"","pimage_id":"","pthumb":"","color":""},{"label":"38","value":"EU 38","price":"","pimage":"","pimage_id":"","pthumb":"","color":""},{"label":"38 2\/3","value":"EU 38 2\/3","price":"","pimage":"","pimage_id":"","pthumb":"","color":""},{"label":"39 1\/3","value":"EU 39 1\/3","price":"","pimage":"","pimage_id":"","pthumb":"","color":""},{"label":"40","value":"EU 40","price":"","pimage":"","pimage_id":"","pthumb":"","color":""},{"label":"40 2\/3","value":"EU 40 2\/3","price":"","pimage":"","pimage_id":"","pthumb":"","color":""},{"label":"41 1\/3","value":"EU 41 1\/3","price":"","pimage":"","pimage_id":"","pthumb":"","color":""},{"label":"42","value":"EU 42","price":"","pimage":"","pimage_id":"","pthumb":"","color":""},{"label":"42 2\/3","value":"EU 42 2\/3","price":"","pimage":"","pimage_id":"","pthumb":"","color":""},{"label":"43 1\/3","value":"EU 43 1\/3","price":"","pimage":"","pimage_id":"","pthumb":"","color":""},{"label":"44","value":"EU 44","price":"","pimage":"","pimage_id":"","pthumb":"","color":""},{"label":"44 2\/3","value":"EU 44 2\/3","price":"","pimage":"","pimage_id":"","pthumb":"","color":""},{"label":"45 1\/3","value":"EU 45 1\/3","price":"","pimage":"","pimage_id":"","pthumb":"","color":""},{"label":"46","value":"EU 46","price":"","pimage":"","pimage_id":"","pthumb":"","color":""},{"label":"46 2\/3","value":"EU 46 2\/3","price":"","pimage":"","pimage_id":"","pthumb":"","color":""},{"label":"47 1\/3","value":"EU 47 1\/3","price":"","pimage":"","pimage_id":"","pthumb":"","color":""}],"relations":[{"operator":false,"rules":[]}],"form_id":24802,"form_rules":{"pric_cal_option_once":false,"exclude_from_discount":false,"pric_use_as_fee":false,"fee_label":"Fee","render_after_acb":false,"disp_hide_options_price":false}}]},"yoast_head":"<!-- This site is optimized with the Yoast SEO plugin v26.5 - https:\/\/yoast.com\/wordpress\/plugins\/seo\/ -->\n<title>Manchester United x adidas Gazelle &#039;Terrace Icons Pack&#039;  - Loftrunway<\/title>\n<meta name=\"robots\" content=\"index, follow, max-snippet:-1, max-image-preview:large, max-video-preview:-1\" \/>\n<link rel=\"canonical\" href=\"https:\/\/loftrunway.com\/de\/products\/manchester-united-x-adidas-gazelle-terrace-icons-pack\/\" \/>\n<meta property=\"og:locale\" content=\"de_DE\" \/>\n<meta property=\"og:type\" content=\"article\" \/>\n<meta property=\"og:title\" content=\"Manchester United x adidas Gazelle &#039;Terrace Icons Pack&#039;  - Loftrunway\" \/>\n<meta property=\"og:description\" content=\"adidas Gazelle Terrace Icons Pack \u201d\u201d Cream White\/Mufc Red\/Core Black\" \/>\n<meta property=\"og:url\" content=\"https:\/\/loftrunway.com\/de\/products\/manchester-united-x-adidas-gazelle-terrace-icons-pack\/\" \/>\n<meta property=\"og:site_name\" content=\"loftRUN Sneaker Store\" \/>\n<meta property=\"article:modified_time\" content=\"2026-04-02T07:49:36+00:00\" \/>\n<meta name=\"twitter:card\" content=\"summary_large_image\" \/>\n<meta name=\"twitter:image\" content=\"https:\/\/images.novelship.com\/product\/manchester_united_x_adidas_gazelle__terrace_icons__0_14195.jpeg\" \/>\n<meta name=\"twitter:label1\" content=\"Gesch\u00e4tzte Lesezeit\" \/>\n\t<meta name=\"twitter:data1\" content=\"1\u00a0Minute\" \/>\n<script type=\"application\/ld+json\" class=\"yoast-schema-graph\">{\"@context\":\"https:\/\/schema.org\",\"@graph\":[{\"@type\":\"WebPage\",\"@id\":\"https:\/\/loftrunway.com\/de\/products\/manchester-united-x-adidas-gazelle-terrace-icons-pack\/\",\"url\":\"https:\/\/loftrunway.com\/de\/products\/manchester-united-x-adidas-gazelle-terrace-icons-pack\/\",\"name\":\"Manchester United x adidas Gazelle 'Terrace Icons Pack' - Loftrunway\",\"isPartOf\":{\"@id\":\"https:\/\/loftrunway.com\/de\/#website\"},\"primaryImageOfPage\":{\"@id\":\"https:\/\/loftrunway.com\/de\/products\/manchester-united-x-adidas-gazelle-terrace-icons-pack\/#primaryimage\"},\"image\":{\"@id\":\"https:\/\/loftrunway.com\/de\/products\/manchester-united-x-adidas-gazelle-terrace-icons-pack\/#primaryimage\"},\"thumbnailUrl\":\"https:\/\/images.novelship.com\/product\/manchester_united_x_adidas_gazelle__terrace_icons__0_14195.jpeg\",\"datePublished\":\"2026-03-02T08:29:33+00:00\",\"dateModified\":\"2026-04-02T07:49:36+00:00\",\"breadcrumb\":{\"@id\":\"https:\/\/loftrunway.com\/de\/products\/manchester-united-x-adidas-gazelle-terrace-icons-pack\/#breadcrumb\"},\"inLanguage\":\"de\",\"potentialAction\":[{\"@type\":\"ReadAction\",\"target\":[\"https:\/\/loftrunway.com\/de\/products\/manchester-united-x-adidas-gazelle-terrace-icons-pack\/\"]}]},{\"@type\":\"ImageObject\",\"inLanguage\":\"de\",\"@id\":\"https:\/\/loftrunway.com\/de\/products\/manchester-united-x-adidas-gazelle-terrace-icons-pack\/#primaryimage\",\"url\":\"https:\/\/images.novelship.com\/product\/manchester_united_x_adidas_gazelle__terrace_icons__0_14195.jpeg\",\"contentUrl\":\"https:\/\/images.novelship.com\/product\/manchester_united_x_adidas_gazelle__terrace_icons__0_14195.jpeg\"},{\"@type\":\"BreadcrumbList\",\"@id\":\"https:\/\/loftrunway.com\/de\/products\/manchester-united-x-adidas-gazelle-terrace-icons-pack\/#breadcrumb\",\"itemListElement\":[{\"@type\":\"ListItem\",\"position\":1,\"name\":\"Home\",\"item\":\"https:\/\/loftrunway.com\/de\/\"},{\"@type\":\"ListItem\",\"position\":2,\"name\":\"Shop\",\"item\":\"https:\/\/loftrunway.com\/de\/shop\/\"},{\"@type\":\"ListItem\",\"position\":3,\"name\":\"Manchester United x adidas Gazelle &#8218;Terrace Icons Pack&#8216;\"}]},{\"@type\":\"WebSite\",\"@id\":\"https:\/\/loftrunway.com\/de\/#website\",\"url\":\"https:\/\/loftrunway.com\/de\/\",\"name\":\"Styloral Jewelry Shop\",\"description\":\"Der Ort, an dem man alle Arten von Sneakern findet\",\"publisher\":{\"@id\":\"https:\/\/loftrunway.com\/de\/#organization\"},\"potentialAction\":[{\"@type\":\"SearchAction\",\"target\":{\"@type\":\"EntryPoint\",\"urlTemplate\":\"https:\/\/loftrunway.com\/de\/?s={search_term_string}\"},\"query-input\":{\"@type\":\"PropertyValueSpecification\",\"valueRequired\":true,\"valueName\":\"search_term_string\"}}],\"inLanguage\":\"de\"},{\"@type\":\"Organization\",\"@id\":\"https:\/\/loftrunway.com\/de\/#organization\",\"name\":\"STYLORAL PTE. LTD\",\"url\":\"https:\/\/loftrunway.com\/de\/\",\"logo\":{\"@type\":\"ImageObject\",\"inLanguage\":\"de\",\"@id\":\"https:\/\/loftrunway.com\/de\/#\/schema\/logo\/image\/\",\"url\":\"https:\/\/www.loftrunway.com\/wp-content\/uploads\/2025\/12\/logo.png\",\"contentUrl\":\"https:\/\/www.loftrunway.com\/wp-content\/uploads\/2025\/12\/logo.png\",\"width\":200,\"height\":65,\"caption\":\"STYLORAL PTE. LTD\"},\"image\":{\"@id\":\"https:\/\/loftrunway.com\/de\/#\/schema\/logo\/image\/\"}}]}<\/script>\n<!-- \/ Yoast SEO plugin. -->","yoast_head_json":{"title":"Manchester United x adidas Gazelle 'Terrace Icons Pack'  - Loftrunway","robots":{"index":"index","follow":"follow","max-snippet":"max-snippet:-1","max-image-preview":"max-image-preview:large","max-video-preview":"max-video-preview:-1"},"canonical":"https:\/\/loftrunway.com\/de\/products\/manchester-united-x-adidas-gazelle-terrace-icons-pack\/","og_locale":"de_DE","og_type":"article","og_title":"Manchester United x adidas Gazelle 'Terrace Icons Pack'  - Loftrunway","og_description":"adidas Gazelle Terrace Icons Pack \u201d\u201d Cream White\/Mufc Red\/Core Black","og_url":"https:\/\/loftrunway.com\/de\/products\/manchester-united-x-adidas-gazelle-terrace-icons-pack\/","og_site_name":"loftRUN Sneaker Store","article_modified_time":"2026-04-02T07:49:36+00:00","twitter_card":"summary_large_image","twitter_image":"https:\/\/images.novelship.com\/product\/manchester_united_x_adidas_gazelle__terrace_icons__0_14195.jpeg","twitter_misc":{"Gesch\u00e4tzte Lesezeit":"1\u00a0Minute"},"schema":{"@context":"https:\/\/schema.org","@graph":[{"@type":"WebPage","@id":"https:\/\/loftrunway.com\/de\/products\/manchester-united-x-adidas-gazelle-terrace-icons-pack\/","url":"https:\/\/loftrunway.com\/de\/products\/manchester-united-x-adidas-gazelle-terrace-icons-pack\/","name":"Manchester United x adidas Gazelle 'Terrace Icons Pack' - Loftrunway","isPartOf":{"@id":"https:\/\/loftrunway.com\/de\/#website"},"primaryImageOfPage":{"@id":"https:\/\/loftrunway.com\/de\/products\/manchester-united-x-adidas-gazelle-terrace-icons-pack\/#primaryimage"},"image":{"@id":"https:\/\/loftrunway.com\/de\/products\/manchester-united-x-adidas-gazelle-terrace-icons-pack\/#primaryimage"},"thumbnailUrl":"https:\/\/images.novelship.com\/product\/manchester_united_x_adidas_gazelle__terrace_icons__0_14195.jpeg","datePublished":"2026-03-02T08:29:33+00:00","dateModified":"2026-04-02T07:49:36+00:00","breadcrumb":{"@id":"https:\/\/loftrunway.com\/de\/products\/manchester-united-x-adidas-gazelle-terrace-icons-pack\/#breadcrumb"},"inLanguage":"de","potentialAction":[{"@type":"ReadAction","target":["https:\/\/loftrunway.com\/de\/products\/manchester-united-x-adidas-gazelle-terrace-icons-pack\/"]}]},{"@type":"ImageObject","inLanguage":"de","@id":"https:\/\/loftrunway.com\/de\/products\/manchester-united-x-adidas-gazelle-terrace-icons-pack\/#primaryimage","url":"https:\/\/images.novelship.com\/product\/manchester_united_x_adidas_gazelle__terrace_icons__0_14195.jpeg","contentUrl":"https:\/\/images.novelship.com\/product\/manchester_united_x_adidas_gazelle__terrace_icons__0_14195.jpeg"},{"@type":"BreadcrumbList","@id":"https:\/\/loftrunway.com\/de\/products\/manchester-united-x-adidas-gazelle-terrace-icons-pack\/#breadcrumb","itemListElement":[{"@type":"ListItem","position":1,"name":"Home","item":"https:\/\/loftrunway.com\/de\/"},{"@type":"ListItem","position":2,"name":"Shop","item":"https:\/\/loftrunway.com\/de\/shop\/"},{"@type":"ListItem","position":3,"name":"Manchester United x adidas Gazelle &#8218;Terrace Icons Pack&#8216;"}]},{"@type":"WebSite","@id":"https:\/\/loftrunway.com\/de\/#website","url":"https:\/\/loftrunway.com\/de\/","name":"Styloral Jewelry Shop","description":"Der Ort, an dem man alle Arten von Sneakern findet","publisher":{"@id":"https:\/\/loftrunway.com\/de\/#organization"},"potentialAction":[{"@type":"SearchAction","target":{"@type":"EntryPoint","urlTemplate":"https:\/\/loftrunway.com\/de\/?s={search_term_string}"},"query-input":{"@type":"PropertyValueSpecification","valueRequired":true,"valueName":"search_term_string"}}],"inLanguage":"de"},{"@type":"Organization","@id":"https:\/\/loftrunway.com\/de\/#organization","name":"STYLORAL PTE. LTD","url":"https:\/\/loftrunway.com\/de\/","logo":{"@type":"ImageObject","inLanguage":"de","@id":"https:\/\/loftrunway.com\/de\/#\/schema\/logo\/image\/","url":"https:\/\/www.loftrunway.com\/wp-content\/uploads\/2025\/12\/logo.png","contentUrl":"https:\/\/www.loftrunway.com\/wp-content\/uploads\/2025\/12\/logo.png","width":200,"height":65,"caption":"STYLORAL PTE. LTD"},"image":{"@id":"https:\/\/loftrunway.com\/de\/#\/schema\/logo\/image\/"}}]}},"_links":{"self":[{"href":"https:\/\/loftrunway.com\/de\/wp-json\/wp\/v2\/product\/106847","targetHints":{"allow":["GET"]}}],"collection":[{"href":"https:\/\/loftrunway.com\/de\/wp-json\/wp\/v2\/product"}],"about":[{"href":"https:\/\/loftrunway.com\/de\/wp-json\/wp\/v2\/types\/product"}],"replies":[{"embeddable":true,"href":"https:\/\/loftrunway.com\/de\/wp-json\/wp\/v2\/comments?post=106847"}],"wp:featuredmedia":[{"embeddable":true,"href":"https:\/\/loftrunway.com\/de\/wp-json\/wp\/v2\/media\/106848"}],"wp:attachment":[{"href":"https:\/\/loftrunway.com\/de\/wp-json\/wp\/v2\/media?parent=106847"}],"wp:term":[{"taxonomy":"product_brand","embeddable":true,"href":"https:\/\/loftrunway.com\/de\/wp-json\/wp\/v2\/product_brand?post=106847"},{"taxonomy":"product_cat","embeddable":true,"href":"https:\/\/loftrunway.com\/de\/wp-json\/wp\/v2\/product_cat?post=106847"},{"taxonomy":"product_tag","embeddable":true,"href":"https:\/\/loftrunway.com\/de\/wp-json\/wp\/v2\/product_tag?post=106847"}],"curies":[{"name":"wp","href":"https:\/\/api.w.org\/{rel}","templated":true}]}}