{"id":114508,"date":"2026-03-02T15:31:14","date_gmt":"2026-03-02T08:31:14","guid":{"rendered":"http:\/\/loftrunway.com\/product\/kylian-mbapp-x-nike-zoom-mercurial-superfly-10-academy-mg-grand-purple"},"modified":"2026-04-02T14:50:13","modified_gmt":"2026-04-02T07:50:13","slug":"kylian-mbapp-x-nike-zoom-mercurial-superfly-10-academy-mg-grand-purple","status":"publish","type":"product","link":"https:\/\/loftrunway.com\/de\/products\/kylian-mbapp-x-nike-zoom-mercurial-superfly-10-academy-mg-grand-purple\/","title":{"rendered":"Kylian Mbapp\u00e9 x Nike Zoom Mercurial Superfly 10 Academy MG &#8218;Grand Purple&#8216;"},"content":{"rendered":"<p>Entfessle deinen inneren Champion mit dem Nike Mercurial Superfly 10 Academy FG\/MG in Kylian Mbapp\u00e9s legend\u00e4rem Grand Purple. Diese Fu\u00dfballschuhe wurden f\u00fcr Geschwindigkeit und Pr\u00e4zision entwickelt und verf\u00fcgen \u00fcber einen dynamischen Schaft f\u00fcr optimalen Halt sowie eine Sohle f\u00fcr vielseitige Traktion auf unterschiedlichen Untergr\u00fcnden. Die leichte Konstruktion sorgt f\u00fcr agile Bewegungen und hebt dein Spiel auf ein neues Level, w\u00e4hrend die markante Farbgebung eine Hommage an Fu\u00dfballlegende Mbapp\u00e9 darstellt. Optimiere deine Leistung auf dem Spielfeld und beeindrucke mit dieser globalen Sportikone.<\/p>\n<ul>\n<li><strong>Farbgebung:<\/strong> Grand Purple\/Pale Ivory<\/li>\n<li><strong>Style-Code:<\/strong> HJ7309-500<\/li>\n<li><strong>Obermaterial:<\/strong> NikeSkin<\/li>\n<li><strong>Mittelsohle:<\/strong> Zoom Air<\/li>\n<li><strong>Farbe:<\/strong> Lila<\/li>\n<li><strong>Erscheinungsjahr:<\/strong> 2025<\/li>\n<\/ul>\n","protected":false},"excerpt":{"rendered":"<p>Nike Zoom Mercurial Superfly 10 Academy MG \u201d\u201d Grand Purple\/Pale Ivory<\/p>\n","protected":false},"featured_media":114509,"comment_status":"open","ping_status":"closed","template":"","meta":[],"product_brand":[],"product_cat":[10803,41273],"product_tag":[10799,10800,12080,10801,10802,10986,10987,10758],"class_list":{"0":"post-114508","1":"product","2":"type-product","3":"status-publish","4":"has-post-thumbnail","6":"product_cat-nike","7":"product_cat-remove","8":"product_tag-ankle-support-basketball-shoes","9":"product_tag-basketball-shoes","10":"product_tag-kylian-mbappe","11":"product_tag-nike","12":"product_tag-performance-sport-shoes","13":"product_tag-soccer-shoes","14":"product_tag-soccer-shoes-football-cleats","15":"product_tag-under-retail","16":"wcpa_has_options","18":"first","19":"instock","20":"taxable","21":"shipping-taxable","22":"purchasable","23":"product-type-simple"},"wcpa_form_fields":{"rules":{"pric_overide_base_price":false,"pric_overide_base_price_if_gt_zero":false,"pric_overide_base_price_fully":false,"pric_cal_option_once":false,"pric_use_as_fee":false,"bind_quantity":false,"quantity_bind_formula":false},"fields":[{"type":"color-group","required":true,"elementId":"wcpa-color-group-66c4a75505e74","label":"Gr\u00f6\u00dfe - EU Gr\u00f6\u00dfe","inline":true,"priceOptions":"different_for_all","pricingType":"fixed","className":"hassizechart product-shoes-size-eu product-shoes-size","name":"color-group-66c4a75505e89","disp_type":"square","selection_type":"tick-border","disp_size":"44","show_label_inside":true,"adjust_width":true,"cart_display_type":"text","other_text":"Other","cl_rule":"show","col":6,"values":[{"label":"35.5","value":"EU 35.5","price":"","pimage":"","pimage_id":"","pthumb":"","color":""},{"label":"36","value":"EU 36","price":"","pimage":"","pimage_id":"","pthumb":"","color":"","selected":true},{"label":"36.5","value":"EU 36.5","price":"","pimage":"","pimage_id":"","pthumb":"","color":""},{"label":"37.5","value":"EU 37.5","price":"","pimage":"","pimage_id":"","pthumb":"","color":""},{"label":"38","value":"EU 38","price":"","pimage":"","pimage_id":"","pthumb":"","color":""},{"label":"38.5","value":"EU 38.5","price":"","pimage":"","pimage_id":"","pthumb":"","color":""},{"label":"39","value":"EU 39","price":"","pimage":"","pimage_id":"","pthumb":"","color":""},{"label":"40","value":"EU 40","price":"","pimage":"","pimage_id":"","pthumb":"","color":""},{"label":"40.5","value":"EU 40.5","price":"","pimage":"","pimage_id":"","pthumb":"","color":""},{"label":"41","value":"EU 41","price":"","pimage":"","pimage_id":"","pthumb":"","color":""},{"label":"42","value":"EU 42","price":"","pimage":"","pimage_id":"","pthumb":"","color":""},{"label":"42.5","value":"EU 42.5","price":"","pimage":"","pimage_id":"","pthumb":"","color":""},{"label":"43","value":"EU 43","price":"","pimage":"","pimage_id":"","pthumb":"","color":""},{"label":"44","value":"EU 44","price":"","pimage":"","pimage_id":"","pthumb":"","color":""},{"label":"44.5","value":"EU 44.5","price":"","pimage":"","pimage_id":"","pthumb":"","color":""},{"label":"45","value":"EU 45","price":"","pimage":"","pimage_id":"","pthumb":"","color":""},{"label":"45.5","value":"EU 45.5","price":"","pimage":"","pimage_id":"","pthumb":"","color":""},{"label":"46","value":"EU 46","price":"","pimage":"","pimage_id":"","pthumb":"","color":""},{"label":"47","value":"EU 47","price":"","pimage":"","pimage_id":"","pthumb":"","color":""},{"label":"47.5","value":"EU 47.5","price":"","pimage":"","pimage_id":"","pthumb":"","color":""},{"label":"48","value":"EU 48","price":"","pimage":"","pimage_id":"","pthumb":"","color":""}],"relations":[{"operator":false,"rules":[]}],"form_id":18106,"form_rules":{"pric_cal_option_once":false,"exclude_from_discount":false,"pric_use_as_fee":false,"fee_label":"Fee","render_after_acb":false,"disp_hide_options_price":false}}]},"yoast_head":"<!-- This site is optimized with the Yoast SEO plugin v26.5 - https:\/\/yoast.com\/wordpress\/plugins\/seo\/ -->\n<title>Kylian Mbapp\u00e9 x Nike Zoom Mercurial Superfly 10 Academy MG &#039;Grand Purple&#039;  - Loftrunway<\/title>\n<meta name=\"robots\" content=\"index, follow, max-snippet:-1, max-image-preview:large, max-video-preview:-1\" \/>\n<link rel=\"canonical\" href=\"https:\/\/loftrunway.com\/de\/products\/kylian-mbapp-x-nike-zoom-mercurial-superfly-10-academy-mg-grand-purple\/\" \/>\n<meta property=\"og:locale\" content=\"de_DE\" \/>\n<meta property=\"og:type\" content=\"article\" \/>\n<meta property=\"og:title\" content=\"Kylian Mbapp\u00e9 x Nike Zoom Mercurial Superfly 10 Academy MG &#039;Grand Purple&#039;  - Loftrunway\" \/>\n<meta property=\"og:description\" content=\"Nike Zoom Mercurial Superfly 10 Academy MG \u201d\u201d Grand Purple\/Pale Ivory\" \/>\n<meta property=\"og:url\" content=\"https:\/\/loftrunway.com\/de\/products\/kylian-mbapp-x-nike-zoom-mercurial-superfly-10-academy-mg-grand-purple\/\" \/>\n<meta property=\"og:site_name\" content=\"loftRUN Sneaker Store\" \/>\n<meta property=\"article:modified_time\" content=\"2026-04-02T07:50:13+00:00\" \/>\n<meta name=\"twitter:card\" content=\"summary_large_image\" \/>\n<meta name=\"twitter:image\" content=\"https:\/\/images.novelship.com\/product\/kylian_mbapp__x_nike_zoom_mercurial_superfly_10_ac_0_42100.jpeg\" \/>\n<meta name=\"twitter:label1\" content=\"Gesch\u00e4tzte Lesezeit\" \/>\n\t<meta name=\"twitter:data1\" content=\"1\u00a0Minute\" \/>\n<script type=\"application\/ld+json\" class=\"yoast-schema-graph\">{\"@context\":\"https:\/\/schema.org\",\"@graph\":[{\"@type\":\"WebPage\",\"@id\":\"https:\/\/loftrunway.com\/de\/products\/kylian-mbapp-x-nike-zoom-mercurial-superfly-10-academy-mg-grand-purple\/\",\"url\":\"https:\/\/loftrunway.com\/de\/products\/kylian-mbapp-x-nike-zoom-mercurial-superfly-10-academy-mg-grand-purple\/\",\"name\":\"Kylian Mbapp\u00e9 x Nike Zoom Mercurial Superfly 10 Academy MG 'Grand Purple' - Loftrunway\",\"isPartOf\":{\"@id\":\"https:\/\/loftrunway.com\/de\/#website\"},\"primaryImageOfPage\":{\"@id\":\"https:\/\/loftrunway.com\/de\/products\/kylian-mbapp-x-nike-zoom-mercurial-superfly-10-academy-mg-grand-purple\/#primaryimage\"},\"image\":{\"@id\":\"https:\/\/loftrunway.com\/de\/products\/kylian-mbapp-x-nike-zoom-mercurial-superfly-10-academy-mg-grand-purple\/#primaryimage\"},\"thumbnailUrl\":\"https:\/\/images.novelship.com\/product\/kylian_mbapp__x_nike_zoom_mercurial_superfly_10_ac_0_42100.jpeg\",\"datePublished\":\"2026-03-02T08:31:14+00:00\",\"dateModified\":\"2026-04-02T07:50:13+00:00\",\"breadcrumb\":{\"@id\":\"https:\/\/loftrunway.com\/de\/products\/kylian-mbapp-x-nike-zoom-mercurial-superfly-10-academy-mg-grand-purple\/#breadcrumb\"},\"inLanguage\":\"de\",\"potentialAction\":[{\"@type\":\"ReadAction\",\"target\":[\"https:\/\/loftrunway.com\/de\/products\/kylian-mbapp-x-nike-zoom-mercurial-superfly-10-academy-mg-grand-purple\/\"]}]},{\"@type\":\"ImageObject\",\"inLanguage\":\"de\",\"@id\":\"https:\/\/loftrunway.com\/de\/products\/kylian-mbapp-x-nike-zoom-mercurial-superfly-10-academy-mg-grand-purple\/#primaryimage\",\"url\":\"https:\/\/images.novelship.com\/product\/kylian_mbapp__x_nike_zoom_mercurial_superfly_10_ac_0_42100.jpeg\",\"contentUrl\":\"https:\/\/images.novelship.com\/product\/kylian_mbapp__x_nike_zoom_mercurial_superfly_10_ac_0_42100.jpeg\"},{\"@type\":\"BreadcrumbList\",\"@id\":\"https:\/\/loftrunway.com\/de\/products\/kylian-mbapp-x-nike-zoom-mercurial-superfly-10-academy-mg-grand-purple\/#breadcrumb\",\"itemListElement\":[{\"@type\":\"ListItem\",\"position\":1,\"name\":\"Home\",\"item\":\"https:\/\/loftrunway.com\/de\/\"},{\"@type\":\"ListItem\",\"position\":2,\"name\":\"Shop\",\"item\":\"https:\/\/loftrunway.com\/de\/shop\/\"},{\"@type\":\"ListItem\",\"position\":3,\"name\":\"Kylian Mbapp\u00e9 x Nike Zoom Mercurial Superfly 10 Academy MG &#8218;Grand Purple&#8216;\"}]},{\"@type\":\"WebSite\",\"@id\":\"https:\/\/loftrunway.com\/de\/#website\",\"url\":\"https:\/\/loftrunway.com\/de\/\",\"name\":\"Styloral Jewelry Shop\",\"description\":\"Der Ort, an dem man alle Arten von Sneakern findet\",\"publisher\":{\"@id\":\"https:\/\/loftrunway.com\/de\/#organization\"},\"potentialAction\":[{\"@type\":\"SearchAction\",\"target\":{\"@type\":\"EntryPoint\",\"urlTemplate\":\"https:\/\/loftrunway.com\/de\/?s={search_term_string}\"},\"query-input\":{\"@type\":\"PropertyValueSpecification\",\"valueRequired\":true,\"valueName\":\"search_term_string\"}}],\"inLanguage\":\"de\"},{\"@type\":\"Organization\",\"@id\":\"https:\/\/loftrunway.com\/de\/#organization\",\"name\":\"STYLORAL PTE. LTD\",\"url\":\"https:\/\/loftrunway.com\/de\/\",\"logo\":{\"@type\":\"ImageObject\",\"inLanguage\":\"de\",\"@id\":\"https:\/\/loftrunway.com\/de\/#\/schema\/logo\/image\/\",\"url\":\"https:\/\/www.loftrunway.com\/wp-content\/uploads\/2025\/12\/logo.png\",\"contentUrl\":\"https:\/\/www.loftrunway.com\/wp-content\/uploads\/2025\/12\/logo.png\",\"width\":200,\"height\":65,\"caption\":\"STYLORAL PTE. LTD\"},\"image\":{\"@id\":\"https:\/\/loftrunway.com\/de\/#\/schema\/logo\/image\/\"}}]}<\/script>\n<!-- \/ Yoast SEO plugin. -->","yoast_head_json":{"title":"Kylian Mbapp\u00e9 x Nike Zoom Mercurial Superfly 10 Academy MG 'Grand Purple'  - Loftrunway","robots":{"index":"index","follow":"follow","max-snippet":"max-snippet:-1","max-image-preview":"max-image-preview:large","max-video-preview":"max-video-preview:-1"},"canonical":"https:\/\/loftrunway.com\/de\/products\/kylian-mbapp-x-nike-zoom-mercurial-superfly-10-academy-mg-grand-purple\/","og_locale":"de_DE","og_type":"article","og_title":"Kylian Mbapp\u00e9 x Nike Zoom Mercurial Superfly 10 Academy MG 'Grand Purple'  - Loftrunway","og_description":"Nike Zoom Mercurial Superfly 10 Academy MG \u201d\u201d Grand Purple\/Pale Ivory","og_url":"https:\/\/loftrunway.com\/de\/products\/kylian-mbapp-x-nike-zoom-mercurial-superfly-10-academy-mg-grand-purple\/","og_site_name":"loftRUN Sneaker Store","article_modified_time":"2026-04-02T07:50:13+00:00","twitter_card":"summary_large_image","twitter_image":"https:\/\/images.novelship.com\/product\/kylian_mbapp__x_nike_zoom_mercurial_superfly_10_ac_0_42100.jpeg","twitter_misc":{"Gesch\u00e4tzte Lesezeit":"1\u00a0Minute"},"schema":{"@context":"https:\/\/schema.org","@graph":[{"@type":"WebPage","@id":"https:\/\/loftrunway.com\/de\/products\/kylian-mbapp-x-nike-zoom-mercurial-superfly-10-academy-mg-grand-purple\/","url":"https:\/\/loftrunway.com\/de\/products\/kylian-mbapp-x-nike-zoom-mercurial-superfly-10-academy-mg-grand-purple\/","name":"Kylian Mbapp\u00e9 x Nike Zoom Mercurial Superfly 10 Academy MG 'Grand Purple' - Loftrunway","isPartOf":{"@id":"https:\/\/loftrunway.com\/de\/#website"},"primaryImageOfPage":{"@id":"https:\/\/loftrunway.com\/de\/products\/kylian-mbapp-x-nike-zoom-mercurial-superfly-10-academy-mg-grand-purple\/#primaryimage"},"image":{"@id":"https:\/\/loftrunway.com\/de\/products\/kylian-mbapp-x-nike-zoom-mercurial-superfly-10-academy-mg-grand-purple\/#primaryimage"},"thumbnailUrl":"https:\/\/images.novelship.com\/product\/kylian_mbapp__x_nike_zoom_mercurial_superfly_10_ac_0_42100.jpeg","datePublished":"2026-03-02T08:31:14+00:00","dateModified":"2026-04-02T07:50:13+00:00","breadcrumb":{"@id":"https:\/\/loftrunway.com\/de\/products\/kylian-mbapp-x-nike-zoom-mercurial-superfly-10-academy-mg-grand-purple\/#breadcrumb"},"inLanguage":"de","potentialAction":[{"@type":"ReadAction","target":["https:\/\/loftrunway.com\/de\/products\/kylian-mbapp-x-nike-zoom-mercurial-superfly-10-academy-mg-grand-purple\/"]}]},{"@type":"ImageObject","inLanguage":"de","@id":"https:\/\/loftrunway.com\/de\/products\/kylian-mbapp-x-nike-zoom-mercurial-superfly-10-academy-mg-grand-purple\/#primaryimage","url":"https:\/\/images.novelship.com\/product\/kylian_mbapp__x_nike_zoom_mercurial_superfly_10_ac_0_42100.jpeg","contentUrl":"https:\/\/images.novelship.com\/product\/kylian_mbapp__x_nike_zoom_mercurial_superfly_10_ac_0_42100.jpeg"},{"@type":"BreadcrumbList","@id":"https:\/\/loftrunway.com\/de\/products\/kylian-mbapp-x-nike-zoom-mercurial-superfly-10-academy-mg-grand-purple\/#breadcrumb","itemListElement":[{"@type":"ListItem","position":1,"name":"Home","item":"https:\/\/loftrunway.com\/de\/"},{"@type":"ListItem","position":2,"name":"Shop","item":"https:\/\/loftrunway.com\/de\/shop\/"},{"@type":"ListItem","position":3,"name":"Kylian Mbapp\u00e9 x Nike Zoom Mercurial Superfly 10 Academy MG &#8218;Grand Purple&#8216;"}]},{"@type":"WebSite","@id":"https:\/\/loftrunway.com\/de\/#website","url":"https:\/\/loftrunway.com\/de\/","name":"Styloral Jewelry Shop","description":"Der Ort, an dem man alle Arten von Sneakern findet","publisher":{"@id":"https:\/\/loftrunway.com\/de\/#organization"},"potentialAction":[{"@type":"SearchAction","target":{"@type":"EntryPoint","urlTemplate":"https:\/\/loftrunway.com\/de\/?s={search_term_string}"},"query-input":{"@type":"PropertyValueSpecification","valueRequired":true,"valueName":"search_term_string"}}],"inLanguage":"de"},{"@type":"Organization","@id":"https:\/\/loftrunway.com\/de\/#organization","name":"STYLORAL PTE. LTD","url":"https:\/\/loftrunway.com\/de\/","logo":{"@type":"ImageObject","inLanguage":"de","@id":"https:\/\/loftrunway.com\/de\/#\/schema\/logo\/image\/","url":"https:\/\/www.loftrunway.com\/wp-content\/uploads\/2025\/12\/logo.png","contentUrl":"https:\/\/www.loftrunway.com\/wp-content\/uploads\/2025\/12\/logo.png","width":200,"height":65,"caption":"STYLORAL PTE. LTD"},"image":{"@id":"https:\/\/loftrunway.com\/de\/#\/schema\/logo\/image\/"}}]}},"_links":{"self":[{"href":"https:\/\/loftrunway.com\/de\/wp-json\/wp\/v2\/product\/114508","targetHints":{"allow":["GET"]}}],"collection":[{"href":"https:\/\/loftrunway.com\/de\/wp-json\/wp\/v2\/product"}],"about":[{"href":"https:\/\/loftrunway.com\/de\/wp-json\/wp\/v2\/types\/product"}],"replies":[{"embeddable":true,"href":"https:\/\/loftrunway.com\/de\/wp-json\/wp\/v2\/comments?post=114508"}],"wp:featuredmedia":[{"embeddable":true,"href":"https:\/\/loftrunway.com\/de\/wp-json\/wp\/v2\/media\/114509"}],"wp:attachment":[{"href":"https:\/\/loftrunway.com\/de\/wp-json\/wp\/v2\/media?parent=114508"}],"wp:term":[{"taxonomy":"product_brand","embeddable":true,"href":"https:\/\/loftrunway.com\/de\/wp-json\/wp\/v2\/product_brand?post=114508"},{"taxonomy":"product_cat","embeddable":true,"href":"https:\/\/loftrunway.com\/de\/wp-json\/wp\/v2\/product_cat?post=114508"},{"taxonomy":"product_tag","embeddable":true,"href":"https:\/\/loftrunway.com\/de\/wp-json\/wp\/v2\/product_tag?post=114508"}],"curies":[{"name":"wp","href":"https:\/\/api.w.org\/{rel}","templated":true}]}}