{"id":117728,"date":"2026-03-02T15:31:54","date_gmt":"2026-03-02T08:31:54","guid":{"rendered":"http:\/\/loftrunway.com\/product\/women-kiko-kostadinov-x-heaven-by-marc-jacobs-x-asics-gel-lokros-vapor-cosmos"},"modified":"2026-04-02T14:50:28","modified_gmt":"2026-04-02T07:50:28","slug":"women-kiko-kostadinov-x-heaven-by-marc-jacobs-x-asics-gel-lokros-vapor-cosmos","status":"publish","type":"product","link":"https:\/\/loftrunway.com\/de\/products\/women-kiko-kostadinov-x-heaven-by-marc-jacobs-x-asics-gel-lokros-vapor-cosmos\/","title":{"rendered":"(Women) Kiko Kostadinov x Heaven by Marc Jacobs x ASICS Gel Lokros &#8218;Vapor Cosmos&#8216;"},"content":{"rendered":"<p>Mit den Kiko Kostadinov x Heaven by Marc Jacobs x ASICS Gel Lokros \u201eVapor Cosmos\u201c Sneakern erlebst du die Zukunft der Mode. Diese limitierten Sneaker vereinen High Fashion und Sportlichkeit auf einzigartige Weise und bestechen durch eine elegante Silhouette und markante Farbkontraste. Das atmungsaktive Mesh-Obermaterial sorgt f\u00fcr ganzt\u00e4gigen Tragekomfort, w\u00e4hrend das ASICS GEL-D\u00e4mpfungssystem au\u00dfergew\u00f6hnliche Unterst\u00fctzung und Sto\u00dfd\u00e4mpfung bietet. Verleihe deinem Streetstyle mit diesen exklusiven Sneakern, die die vision\u00e4re \u00c4sthetik von Kostadinov und die ikonischen Designs von Marc Jacobs und ASICS vereinen, das gewisse Extra.<\/p>\n<ul>\n<li><strong>Farbgebung:<\/strong> Vapor\/Cosmos<\/li>\n<li><strong>Style-Code:<\/strong> 1202A489-500<\/li>\n<li><strong>Obermaterial:<\/strong> Synthetik<\/li>\n<li><strong>Zwischensohle:<\/strong> Gel<\/li>\n<li><strong>Saison:<\/strong> Fr\u00fchling<\/li>\n<li><strong>Erscheinungsjahr:<\/strong> 2024<\/li>\n<\/ul>\n","protected":false},"excerpt":{"rendered":"<p>ASICS Gel Lokros \u201d\u201d Vapor\/Cosmos<\/p>\n","protected":false},"featured_media":117729,"comment_status":"open","ping_status":"closed","template":"","meta":[],"product_brand":[],"product_cat":[11020,41273],"product_tag":[10791,10926,10754,10765,10768,10785],"class_list":{"0":"post-117728","1":"product","2":"type-product","3":"status-publish","4":"has-post-thumbnail","6":"product_cat-asics-women","7":"product_cat-remove","8":"product_tag-asics","9":"product_tag-gift-for-her","10":"product_tag-lifestyle-casual-shoes","11":"product_tag-lifestyle-shoes-running-inspired","12":"product_tag-retro-running-shoes","13":"product_tag-trending-deals","14":"wcpa_has_options","16":"first","17":"instock","18":"taxable","19":"shipping-taxable","20":"purchasable","21":"product-type-simple"},"wcpa_form_fields":{"rules":{"pric_overide_base_price":false,"pric_overide_base_price_if_gt_zero":false,"pric_overide_base_price_fully":false,"pric_cal_option_once":false,"pric_use_as_fee":false,"bind_quantity":false,"quantity_bind_formula":false},"fields":[{"type":"color-group","required":true,"elementId":"wcpa-color-group-69a5ac3f3e644","label":"Gr\u00f6\u00dfe","inline":true,"priceOptions":"different_for_all","pricingType":"fixed","className":"hassizechart product-shoes-size-eu product-shoes-size","name":"color-group-69a5ac3f3e64e","disp_type":"square","selection_type":"tick-border","disp_size":"50","show_label_inside":true,"adjust_width":true,"cart_display_type":"text","other_text":"Other","cl_rule":"show","col":6,"values":[{"label":"34.5","value":"EU 34.5","price":"","pimage":"","pimage_id":"","pthumb":"","color":""},{"label":"35","value":"EU 35","price":"","pimage":"","pimage_id":"","pthumb":"","color":""},{"label":"35.5","value":"EU 35.5","price":"","pimage":"","pimage_id":"","pthumb":"","color":""},{"label":"36","value":"EU 36","price":"","pimage":"","pimage_id":"","pthumb":"","color":"","selected":true},{"label":"37","value":"EU 37","price":"","pimage":"","pimage_id":"","pthumb":"","color":""},{"label":"37.5","value":"EU 37.5","price":"","pimage":"","pimage_id":"","pthumb":"","color":""},{"label":"38","value":"EU 38","price":"","pimage":"","pimage_id":"","pthumb":"","color":""},{"label":"38.5","value":"EU 38.5","price":"","pimage":"","pimage_id":"","pthumb":"","color":""},{"label":"39","value":"EU 39","price":"","pimage":"","pimage_id":"","pthumb":"","color":""},{"label":"39.5","value":"EU 39.5","price":"","pimage":"","pimage_id":"","pthumb":"","color":""},{"label":"40","value":"EU 40","price":"","pimage":"","pimage_id":"","pthumb":"","color":""},{"label":"40.5","value":"EU 40.5","price":"","pimage":"","pimage_id":"","pthumb":"","color":""},{"label":" 41.5","value":"EU 41.5","price":"","pimage":"","pimage_id":"","pthumb":"","color":""},{"label":"42","value":"EU 42","price":"","pimage":"","pimage_id":"","pthumb":"","color":""},{"label":"42.5","value":"EU 42.5","price":"","pimage":"","pimage_id":"","pthumb":"","color":""},{"label":"43.5","value":"EU 43.5","price":"","pimage":"","pimage_id":"","pthumb":"","color":""},{"label":"44","value":"EU 44","price":"","pimage":"","pimage_id":"","pthumb":"","color":""},{"label":"44.5","value":"EU 44.5","price":"","pimage":"","pimage_id":"","pthumb":"","color":""},{"label":"45","value":"EU 45","price":"","pimage":"","pimage_id":"","pthumb":"","color":""}],"relations":[{"operator":false,"rules":[]}],"form_id":184312,"form_rules":{"pric_cal_option_once":false,"exclude_from_discount":false,"pric_use_as_fee":false,"fee_label":"Fee","render_after_acb":false,"disp_hide_options_price":false}}]},"yoast_head":"<!-- This site is optimized with the Yoast SEO plugin v26.5 - https:\/\/yoast.com\/wordpress\/plugins\/seo\/ -->\n<title>(Women) Kiko Kostadinov x Heaven by Marc Jacobs x ASICS Gel Lokros &#039;Vapor Cosmos&#039;  - Loftrunway<\/title>\n<meta name=\"robots\" content=\"index, follow, max-snippet:-1, max-image-preview:large, max-video-preview:-1\" \/>\n<link rel=\"canonical\" href=\"https:\/\/loftrunway.com\/de\/products\/women-kiko-kostadinov-x-heaven-by-marc-jacobs-x-asics-gel-lokros-vapor-cosmos\/\" \/>\n<meta property=\"og:locale\" content=\"de_DE\" \/>\n<meta property=\"og:type\" content=\"article\" \/>\n<meta property=\"og:title\" content=\"(Women) Kiko Kostadinov x Heaven by Marc Jacobs x ASICS Gel Lokros &#039;Vapor Cosmos&#039;  - Loftrunway\" \/>\n<meta property=\"og:description\" content=\"ASICS Gel Lokros \u201d\u201d Vapor\/Cosmos\" \/>\n<meta property=\"og:url\" content=\"https:\/\/loftrunway.com\/de\/products\/women-kiko-kostadinov-x-heaven-by-marc-jacobs-x-asics-gel-lokros-vapor-cosmos\/\" \/>\n<meta property=\"og:site_name\" content=\"loftRUN Sneaker Store\" \/>\n<meta property=\"article:modified_time\" content=\"2026-04-02T07:50:28+00:00\" \/>\n<meta name=\"twitter:card\" content=\"summary_large_image\" \/>\n<meta name=\"twitter:image\" content=\"https:\/\/images.novelship.com\/product\/_women__kiko_kostadinov_x_heaven_by_marc_jacobs_x__0_61332.jpeg\" \/>\n<meta name=\"twitter:label1\" content=\"Gesch\u00e4tzte Lesezeit\" \/>\n\t<meta name=\"twitter:data1\" content=\"1\u00a0Minute\" \/>\n<script type=\"application\/ld+json\" class=\"yoast-schema-graph\">{\"@context\":\"https:\/\/schema.org\",\"@graph\":[{\"@type\":\"WebPage\",\"@id\":\"https:\/\/loftrunway.com\/de\/products\/women-kiko-kostadinov-x-heaven-by-marc-jacobs-x-asics-gel-lokros-vapor-cosmos\/\",\"url\":\"https:\/\/loftrunway.com\/de\/products\/women-kiko-kostadinov-x-heaven-by-marc-jacobs-x-asics-gel-lokros-vapor-cosmos\/\",\"name\":\"(Women) Kiko Kostadinov x Heaven by Marc Jacobs x ASICS Gel Lokros 'Vapor Cosmos' - Loftrunway\",\"isPartOf\":{\"@id\":\"https:\/\/loftrunway.com\/de\/#website\"},\"primaryImageOfPage\":{\"@id\":\"https:\/\/loftrunway.com\/de\/products\/women-kiko-kostadinov-x-heaven-by-marc-jacobs-x-asics-gel-lokros-vapor-cosmos\/#primaryimage\"},\"image\":{\"@id\":\"https:\/\/loftrunway.com\/de\/products\/women-kiko-kostadinov-x-heaven-by-marc-jacobs-x-asics-gel-lokros-vapor-cosmos\/#primaryimage\"},\"thumbnailUrl\":\"https:\/\/images.novelship.com\/product\/_women__kiko_kostadinov_x_heaven_by_marc_jacobs_x__0_61332.jpeg\",\"datePublished\":\"2026-03-02T08:31:54+00:00\",\"dateModified\":\"2026-04-02T07:50:28+00:00\",\"breadcrumb\":{\"@id\":\"https:\/\/loftrunway.com\/de\/products\/women-kiko-kostadinov-x-heaven-by-marc-jacobs-x-asics-gel-lokros-vapor-cosmos\/#breadcrumb\"},\"inLanguage\":\"de\",\"potentialAction\":[{\"@type\":\"ReadAction\",\"target\":[\"https:\/\/loftrunway.com\/de\/products\/women-kiko-kostadinov-x-heaven-by-marc-jacobs-x-asics-gel-lokros-vapor-cosmos\/\"]}]},{\"@type\":\"ImageObject\",\"inLanguage\":\"de\",\"@id\":\"https:\/\/loftrunway.com\/de\/products\/women-kiko-kostadinov-x-heaven-by-marc-jacobs-x-asics-gel-lokros-vapor-cosmos\/#primaryimage\",\"url\":\"https:\/\/images.novelship.com\/product\/_women__kiko_kostadinov_x_heaven_by_marc_jacobs_x__0_61332.jpeg\",\"contentUrl\":\"https:\/\/images.novelship.com\/product\/_women__kiko_kostadinov_x_heaven_by_marc_jacobs_x__0_61332.jpeg\"},{\"@type\":\"BreadcrumbList\",\"@id\":\"https:\/\/loftrunway.com\/de\/products\/women-kiko-kostadinov-x-heaven-by-marc-jacobs-x-asics-gel-lokros-vapor-cosmos\/#breadcrumb\",\"itemListElement\":[{\"@type\":\"ListItem\",\"position\":1,\"name\":\"Home\",\"item\":\"https:\/\/loftrunway.com\/de\/\"},{\"@type\":\"ListItem\",\"position\":2,\"name\":\"Shop\",\"item\":\"https:\/\/loftrunway.com\/de\/shop\/\"},{\"@type\":\"ListItem\",\"position\":3,\"name\":\"(Women) Kiko Kostadinov x Heaven by Marc Jacobs x ASICS Gel Lokros &#8218;Vapor Cosmos&#8216;\"}]},{\"@type\":\"WebSite\",\"@id\":\"https:\/\/loftrunway.com\/de\/#website\",\"url\":\"https:\/\/loftrunway.com\/de\/\",\"name\":\"Styloral Jewelry Shop\",\"description\":\"Der Ort, an dem man alle Arten von Sneakern findet\",\"publisher\":{\"@id\":\"https:\/\/loftrunway.com\/de\/#organization\"},\"potentialAction\":[{\"@type\":\"SearchAction\",\"target\":{\"@type\":\"EntryPoint\",\"urlTemplate\":\"https:\/\/loftrunway.com\/de\/?s={search_term_string}\"},\"query-input\":{\"@type\":\"PropertyValueSpecification\",\"valueRequired\":true,\"valueName\":\"search_term_string\"}}],\"inLanguage\":\"de\"},{\"@type\":\"Organization\",\"@id\":\"https:\/\/loftrunway.com\/de\/#organization\",\"name\":\"STYLORAL PTE. LTD\",\"url\":\"https:\/\/loftrunway.com\/de\/\",\"logo\":{\"@type\":\"ImageObject\",\"inLanguage\":\"de\",\"@id\":\"https:\/\/loftrunway.com\/de\/#\/schema\/logo\/image\/\",\"url\":\"https:\/\/www.loftrunway.com\/wp-content\/uploads\/2025\/12\/logo.png\",\"contentUrl\":\"https:\/\/www.loftrunway.com\/wp-content\/uploads\/2025\/12\/logo.png\",\"width\":200,\"height\":65,\"caption\":\"STYLORAL PTE. LTD\"},\"image\":{\"@id\":\"https:\/\/loftrunway.com\/de\/#\/schema\/logo\/image\/\"}}]}<\/script>\n<!-- \/ Yoast SEO plugin. -->","yoast_head_json":{"title":"(Women) Kiko Kostadinov x Heaven by Marc Jacobs x ASICS Gel Lokros 'Vapor Cosmos'  - Loftrunway","robots":{"index":"index","follow":"follow","max-snippet":"max-snippet:-1","max-image-preview":"max-image-preview:large","max-video-preview":"max-video-preview:-1"},"canonical":"https:\/\/loftrunway.com\/de\/products\/women-kiko-kostadinov-x-heaven-by-marc-jacobs-x-asics-gel-lokros-vapor-cosmos\/","og_locale":"de_DE","og_type":"article","og_title":"(Women) Kiko Kostadinov x Heaven by Marc Jacobs x ASICS Gel Lokros 'Vapor Cosmos'  - Loftrunway","og_description":"ASICS Gel Lokros \u201d\u201d Vapor\/Cosmos","og_url":"https:\/\/loftrunway.com\/de\/products\/women-kiko-kostadinov-x-heaven-by-marc-jacobs-x-asics-gel-lokros-vapor-cosmos\/","og_site_name":"loftRUN Sneaker Store","article_modified_time":"2026-04-02T07:50:28+00:00","twitter_card":"summary_large_image","twitter_image":"https:\/\/images.novelship.com\/product\/_women__kiko_kostadinov_x_heaven_by_marc_jacobs_x__0_61332.jpeg","twitter_misc":{"Gesch\u00e4tzte Lesezeit":"1\u00a0Minute"},"schema":{"@context":"https:\/\/schema.org","@graph":[{"@type":"WebPage","@id":"https:\/\/loftrunway.com\/de\/products\/women-kiko-kostadinov-x-heaven-by-marc-jacobs-x-asics-gel-lokros-vapor-cosmos\/","url":"https:\/\/loftrunway.com\/de\/products\/women-kiko-kostadinov-x-heaven-by-marc-jacobs-x-asics-gel-lokros-vapor-cosmos\/","name":"(Women) Kiko Kostadinov x Heaven by Marc Jacobs x ASICS Gel Lokros 'Vapor Cosmos' - Loftrunway","isPartOf":{"@id":"https:\/\/loftrunway.com\/de\/#website"},"primaryImageOfPage":{"@id":"https:\/\/loftrunway.com\/de\/products\/women-kiko-kostadinov-x-heaven-by-marc-jacobs-x-asics-gel-lokros-vapor-cosmos\/#primaryimage"},"image":{"@id":"https:\/\/loftrunway.com\/de\/products\/women-kiko-kostadinov-x-heaven-by-marc-jacobs-x-asics-gel-lokros-vapor-cosmos\/#primaryimage"},"thumbnailUrl":"https:\/\/images.novelship.com\/product\/_women__kiko_kostadinov_x_heaven_by_marc_jacobs_x__0_61332.jpeg","datePublished":"2026-03-02T08:31:54+00:00","dateModified":"2026-04-02T07:50:28+00:00","breadcrumb":{"@id":"https:\/\/loftrunway.com\/de\/products\/women-kiko-kostadinov-x-heaven-by-marc-jacobs-x-asics-gel-lokros-vapor-cosmos\/#breadcrumb"},"inLanguage":"de","potentialAction":[{"@type":"ReadAction","target":["https:\/\/loftrunway.com\/de\/products\/women-kiko-kostadinov-x-heaven-by-marc-jacobs-x-asics-gel-lokros-vapor-cosmos\/"]}]},{"@type":"ImageObject","inLanguage":"de","@id":"https:\/\/loftrunway.com\/de\/products\/women-kiko-kostadinov-x-heaven-by-marc-jacobs-x-asics-gel-lokros-vapor-cosmos\/#primaryimage","url":"https:\/\/images.novelship.com\/product\/_women__kiko_kostadinov_x_heaven_by_marc_jacobs_x__0_61332.jpeg","contentUrl":"https:\/\/images.novelship.com\/product\/_women__kiko_kostadinov_x_heaven_by_marc_jacobs_x__0_61332.jpeg"},{"@type":"BreadcrumbList","@id":"https:\/\/loftrunway.com\/de\/products\/women-kiko-kostadinov-x-heaven-by-marc-jacobs-x-asics-gel-lokros-vapor-cosmos\/#breadcrumb","itemListElement":[{"@type":"ListItem","position":1,"name":"Home","item":"https:\/\/loftrunway.com\/de\/"},{"@type":"ListItem","position":2,"name":"Shop","item":"https:\/\/loftrunway.com\/de\/shop\/"},{"@type":"ListItem","position":3,"name":"(Women) Kiko Kostadinov x Heaven by Marc Jacobs x ASICS Gel Lokros &#8218;Vapor Cosmos&#8216;"}]},{"@type":"WebSite","@id":"https:\/\/loftrunway.com\/de\/#website","url":"https:\/\/loftrunway.com\/de\/","name":"Styloral Jewelry Shop","description":"Der Ort, an dem man alle Arten von Sneakern findet","publisher":{"@id":"https:\/\/loftrunway.com\/de\/#organization"},"potentialAction":[{"@type":"SearchAction","target":{"@type":"EntryPoint","urlTemplate":"https:\/\/loftrunway.com\/de\/?s={search_term_string}"},"query-input":{"@type":"PropertyValueSpecification","valueRequired":true,"valueName":"search_term_string"}}],"inLanguage":"de"},{"@type":"Organization","@id":"https:\/\/loftrunway.com\/de\/#organization","name":"STYLORAL PTE. LTD","url":"https:\/\/loftrunway.com\/de\/","logo":{"@type":"ImageObject","inLanguage":"de","@id":"https:\/\/loftrunway.com\/de\/#\/schema\/logo\/image\/","url":"https:\/\/www.loftrunway.com\/wp-content\/uploads\/2025\/12\/logo.png","contentUrl":"https:\/\/www.loftrunway.com\/wp-content\/uploads\/2025\/12\/logo.png","width":200,"height":65,"caption":"STYLORAL PTE. LTD"},"image":{"@id":"https:\/\/loftrunway.com\/de\/#\/schema\/logo\/image\/"}}]}},"_links":{"self":[{"href":"https:\/\/loftrunway.com\/de\/wp-json\/wp\/v2\/product\/117728","targetHints":{"allow":["GET"]}}],"collection":[{"href":"https:\/\/loftrunway.com\/de\/wp-json\/wp\/v2\/product"}],"about":[{"href":"https:\/\/loftrunway.com\/de\/wp-json\/wp\/v2\/types\/product"}],"replies":[{"embeddable":true,"href":"https:\/\/loftrunway.com\/de\/wp-json\/wp\/v2\/comments?post=117728"}],"wp:featuredmedia":[{"embeddable":true,"href":"https:\/\/loftrunway.com\/de\/wp-json\/wp\/v2\/media\/117729"}],"wp:attachment":[{"href":"https:\/\/loftrunway.com\/de\/wp-json\/wp\/v2\/media?parent=117728"}],"wp:term":[{"taxonomy":"product_brand","embeddable":true,"href":"https:\/\/loftrunway.com\/de\/wp-json\/wp\/v2\/product_brand?post=117728"},{"taxonomy":"product_cat","embeddable":true,"href":"https:\/\/loftrunway.com\/de\/wp-json\/wp\/v2\/product_cat?post=117728"},{"taxonomy":"product_tag","embeddable":true,"href":"https:\/\/loftrunway.com\/de\/wp-json\/wp\/v2\/product_tag?post=117728"}],"curies":[{"name":"wp","href":"https:\/\/api.w.org\/{rel}","templated":true}]}}