{"id":119053,"date":"2026-03-02T15:32:12","date_gmt":"2026-03-02T08:32:12","guid":{"rendered":"http:\/\/loftrunway.com\/product\/nelly-korda-x-nike-free-golf-gold-charms"},"modified":"2026-04-02T14:50:33","modified_gmt":"2026-04-02T07:50:33","slug":"nelly-korda-x-nike-free-golf-gold-charms","status":"publish","type":"product","link":"https:\/\/loftrunway.com\/de\/products\/nelly-korda-x-nike-free-golf-gold-charms\/","title":{"rendered":"Nelly Korda x Nike Free Golf &#8218;Gold Charms&#8216;"},"content":{"rendered":"<p>Der Nelly Korda x Nike Free Golf \u201eGold Charms\u201c HV4361-100 ist ein Premium-Golfschuh, der modernste Performance mit elegantem Design vereint und von Nelly Kordas ikonischem Stil inspiriert ist. Dank atmungsaktivem, leichtem Obermaterial und der Nike Free Sohlentechnologie bietet dieser Schuh au\u00dfergew\u00f6hnlichen Komfort, Flexibilit\u00e4t und ein optimales Bodengef\u00fchl bei jedem Schwung. Die goldenen Charms verleihen ihm eine edle Note und machen ihn zur perfekten Kombination aus sportlicher Funktionalit\u00e4t und zeitloser Eleganz. Diese exklusive Kollaboration wurde f\u00fcr Profis und ambitionierte Golfer gleicherma\u00dfen entwickelt und bietet Traktion, Stabilit\u00e4t und reaktionsschnelle Performance auf jedem Golfplatz. Erleben Sie unvergleichlichen Stil und Effizienz mit dem Nelly Korda x Nike Free Golfschuh.<\/p>\n<ul>\n<li><strong>Farbgebung:<\/strong> Wei\u00df\/Sail\/Mehrfarbig<\/li>\n<li><strong>Style-Code:<\/strong> HV4361-100<\/li>\n<li><strong>Obermaterial:<\/strong> Mesh<\/li>\n<li><strong>Zwischensohle:<\/strong> Free<\/li>\n<li><strong>Farbe:<\/strong> Wei\u00df<\/li>\n<li><strong>Erscheinungsjahr:<\/strong> 2025<\/li>\n<\/ul>\n","protected":false},"excerpt":{"rendered":"<p>Nike Free Golf \u201d\u201d White\/Sail\/Multi-Color<\/p>\n","protected":false},"featured_media":119054,"comment_status":"open","ping_status":"closed","template":"","meta":[],"product_brand":[],"product_cat":[10803,41273],"product_tag":[11894,11042,10801,10802,11895,10785,10786],"class_list":{"0":"post-119053","1":"product","2":"type-product","3":"status-publish","4":"has-post-thumbnail","6":"product_cat-nike","7":"product_cat-remove","8":"product_tag-casual-golf-shoes","9":"product_tag-golf-shoes","10":"product_tag-nike","11":"product_tag-performance-sport-shoes","12":"product_tag-spikeless-golf-shoes","13":"product_tag-trending-deals","14":"product_tag-trending-deals-under-150","15":"wcpa_has_options","17":"first","18":"instock","19":"sale","20":"taxable","21":"shipping-taxable","22":"purchasable","23":"product-type-simple"},"wcpa_form_fields":{"rules":{"pric_overide_base_price":false,"pric_overide_base_price_if_gt_zero":false,"pric_overide_base_price_fully":false,"pric_cal_option_once":false,"pric_use_as_fee":false,"bind_quantity":false,"quantity_bind_formula":false},"fields":[{"type":"color-group","required":true,"elementId":"wcpa-color-group-66c4a75505e74","label":"Gr\u00f6\u00dfe - EU Gr\u00f6\u00dfe","inline":true,"priceOptions":"different_for_all","pricingType":"fixed","className":"hassizechart product-shoes-size-eu product-shoes-size","name":"color-group-66c4a75505e89","disp_type":"square","selection_type":"tick-border","disp_size":"44","show_label_inside":true,"adjust_width":true,"cart_display_type":"text","other_text":"Other","cl_rule":"show","col":6,"values":[{"label":"35.5","value":"EU 35.5","price":"","pimage":"","pimage_id":"","pthumb":"","color":""},{"label":"36","value":"EU 36","price":"","pimage":"","pimage_id":"","pthumb":"","color":"","selected":true},{"label":"36.5","value":"EU 36.5","price":"","pimage":"","pimage_id":"","pthumb":"","color":""},{"label":"37.5","value":"EU 37.5","price":"","pimage":"","pimage_id":"","pthumb":"","color":""},{"label":"38","value":"EU 38","price":"","pimage":"","pimage_id":"","pthumb":"","color":""},{"label":"38.5","value":"EU 38.5","price":"","pimage":"","pimage_id":"","pthumb":"","color":""},{"label":"39","value":"EU 39","price":"","pimage":"","pimage_id":"","pthumb":"","color":""},{"label":"40","value":"EU 40","price":"","pimage":"","pimage_id":"","pthumb":"","color":""},{"label":"40.5","value":"EU 40.5","price":"","pimage":"","pimage_id":"","pthumb":"","color":""},{"label":"41","value":"EU 41","price":"","pimage":"","pimage_id":"","pthumb":"","color":""},{"label":"42","value":"EU 42","price":"","pimage":"","pimage_id":"","pthumb":"","color":""},{"label":"42.5","value":"EU 42.5","price":"","pimage":"","pimage_id":"","pthumb":"","color":""},{"label":"43","value":"EU 43","price":"","pimage":"","pimage_id":"","pthumb":"","color":""},{"label":"44","value":"EU 44","price":"","pimage":"","pimage_id":"","pthumb":"","color":""},{"label":"44.5","value":"EU 44.5","price":"","pimage":"","pimage_id":"","pthumb":"","color":""},{"label":"45","value":"EU 45","price":"","pimage":"","pimage_id":"","pthumb":"","color":""},{"label":"45.5","value":"EU 45.5","price":"","pimage":"","pimage_id":"","pthumb":"","color":""},{"label":"46","value":"EU 46","price":"","pimage":"","pimage_id":"","pthumb":"","color":""},{"label":"47","value":"EU 47","price":"","pimage":"","pimage_id":"","pthumb":"","color":""},{"label":"47.5","value":"EU 47.5","price":"","pimage":"","pimage_id":"","pthumb":"","color":""},{"label":"48","value":"EU 48","price":"","pimage":"","pimage_id":"","pthumb":"","color":""}],"relations":[{"operator":false,"rules":[]}],"form_id":18106,"form_rules":{"pric_cal_option_once":false,"exclude_from_discount":false,"pric_use_as_fee":false,"fee_label":"Fee","render_after_acb":false,"disp_hide_options_price":false}}]},"yoast_head":"<!-- This site is optimized with the Yoast SEO plugin v26.5 - https:\/\/yoast.com\/wordpress\/plugins\/seo\/ -->\n<title>Nelly Korda x Nike Free Golf &#039;Gold Charms&#039;  - Loftrunway<\/title>\n<meta name=\"robots\" content=\"index, follow, max-snippet:-1, max-image-preview:large, max-video-preview:-1\" \/>\n<link rel=\"canonical\" href=\"https:\/\/loftrunway.com\/de\/products\/nelly-korda-x-nike-free-golf-gold-charms\/\" \/>\n<meta property=\"og:locale\" content=\"de_DE\" \/>\n<meta property=\"og:type\" content=\"article\" \/>\n<meta property=\"og:title\" content=\"Nelly Korda x Nike Free Golf &#039;Gold Charms&#039;  - Loftrunway\" \/>\n<meta property=\"og:description\" content=\"Nike Free Golf \u201d\u201d White\/Sail\/Multi-Color\" \/>\n<meta property=\"og:url\" content=\"https:\/\/loftrunway.com\/de\/products\/nelly-korda-x-nike-free-golf-gold-charms\/\" \/>\n<meta property=\"og:site_name\" content=\"loftRUN Sneaker Store\" \/>\n<meta property=\"article:modified_time\" content=\"2026-04-02T07:50:33+00:00\" \/>\n<meta name=\"twitter:card\" content=\"summary_large_image\" \/>\n<meta name=\"twitter:image\" content=\"https:\/\/images.novelship.com\/product\/nelly_korda_x_nike_free_golf__gold_charms__hv4361-_0_60551.jpeg\" \/>\n<meta name=\"twitter:label1\" content=\"Gesch\u00e4tzte Lesezeit\" \/>\n\t<meta name=\"twitter:data1\" content=\"1\u00a0Minute\" \/>\n<script type=\"application\/ld+json\" class=\"yoast-schema-graph\">{\"@context\":\"https:\/\/schema.org\",\"@graph\":[{\"@type\":\"WebPage\",\"@id\":\"https:\/\/loftrunway.com\/de\/products\/nelly-korda-x-nike-free-golf-gold-charms\/\",\"url\":\"https:\/\/loftrunway.com\/de\/products\/nelly-korda-x-nike-free-golf-gold-charms\/\",\"name\":\"Nelly Korda x Nike Free Golf 'Gold Charms' - Loftrunway\",\"isPartOf\":{\"@id\":\"https:\/\/loftrunway.com\/de\/#website\"},\"primaryImageOfPage\":{\"@id\":\"https:\/\/loftrunway.com\/de\/products\/nelly-korda-x-nike-free-golf-gold-charms\/#primaryimage\"},\"image\":{\"@id\":\"https:\/\/loftrunway.com\/de\/products\/nelly-korda-x-nike-free-golf-gold-charms\/#primaryimage\"},\"thumbnailUrl\":\"https:\/\/images.novelship.com\/product\/nelly_korda_x_nike_free_golf__gold_charms__hv4361-_0_60551.jpeg\",\"datePublished\":\"2026-03-02T08:32:12+00:00\",\"dateModified\":\"2026-04-02T07:50:33+00:00\",\"breadcrumb\":{\"@id\":\"https:\/\/loftrunway.com\/de\/products\/nelly-korda-x-nike-free-golf-gold-charms\/#breadcrumb\"},\"inLanguage\":\"de\",\"potentialAction\":[{\"@type\":\"ReadAction\",\"target\":[\"https:\/\/loftrunway.com\/de\/products\/nelly-korda-x-nike-free-golf-gold-charms\/\"]}]},{\"@type\":\"ImageObject\",\"inLanguage\":\"de\",\"@id\":\"https:\/\/loftrunway.com\/de\/products\/nelly-korda-x-nike-free-golf-gold-charms\/#primaryimage\",\"url\":\"https:\/\/images.novelship.com\/product\/nelly_korda_x_nike_free_golf__gold_charms__hv4361-_0_60551.jpeg\",\"contentUrl\":\"https:\/\/images.novelship.com\/product\/nelly_korda_x_nike_free_golf__gold_charms__hv4361-_0_60551.jpeg\"},{\"@type\":\"BreadcrumbList\",\"@id\":\"https:\/\/loftrunway.com\/de\/products\/nelly-korda-x-nike-free-golf-gold-charms\/#breadcrumb\",\"itemListElement\":[{\"@type\":\"ListItem\",\"position\":1,\"name\":\"Home\",\"item\":\"https:\/\/loftrunway.com\/de\/\"},{\"@type\":\"ListItem\",\"position\":2,\"name\":\"Shop\",\"item\":\"https:\/\/loftrunway.com\/de\/shop\/\"},{\"@type\":\"ListItem\",\"position\":3,\"name\":\"Nelly Korda x Nike Free Golf &#8218;Gold Charms&#8216;\"}]},{\"@type\":\"WebSite\",\"@id\":\"https:\/\/loftrunway.com\/de\/#website\",\"url\":\"https:\/\/loftrunway.com\/de\/\",\"name\":\"Styloral Jewelry Shop\",\"description\":\"Der Ort, an dem man alle Arten von Sneakern findet\",\"publisher\":{\"@id\":\"https:\/\/loftrunway.com\/de\/#organization\"},\"potentialAction\":[{\"@type\":\"SearchAction\",\"target\":{\"@type\":\"EntryPoint\",\"urlTemplate\":\"https:\/\/loftrunway.com\/de\/?s={search_term_string}\"},\"query-input\":{\"@type\":\"PropertyValueSpecification\",\"valueRequired\":true,\"valueName\":\"search_term_string\"}}],\"inLanguage\":\"de\"},{\"@type\":\"Organization\",\"@id\":\"https:\/\/loftrunway.com\/de\/#organization\",\"name\":\"STYLORAL PTE. LTD\",\"url\":\"https:\/\/loftrunway.com\/de\/\",\"logo\":{\"@type\":\"ImageObject\",\"inLanguage\":\"de\",\"@id\":\"https:\/\/loftrunway.com\/de\/#\/schema\/logo\/image\/\",\"url\":\"https:\/\/www.loftrunway.com\/wp-content\/uploads\/2025\/12\/logo.png\",\"contentUrl\":\"https:\/\/www.loftrunway.com\/wp-content\/uploads\/2025\/12\/logo.png\",\"width\":200,\"height\":65,\"caption\":\"STYLORAL PTE. LTD\"},\"image\":{\"@id\":\"https:\/\/loftrunway.com\/de\/#\/schema\/logo\/image\/\"}}]}<\/script>\n<!-- \/ Yoast SEO plugin. -->","yoast_head_json":{"title":"Nelly Korda x Nike Free Golf 'Gold Charms'  - Loftrunway","robots":{"index":"index","follow":"follow","max-snippet":"max-snippet:-1","max-image-preview":"max-image-preview:large","max-video-preview":"max-video-preview:-1"},"canonical":"https:\/\/loftrunway.com\/de\/products\/nelly-korda-x-nike-free-golf-gold-charms\/","og_locale":"de_DE","og_type":"article","og_title":"Nelly Korda x Nike Free Golf 'Gold Charms'  - Loftrunway","og_description":"Nike Free Golf \u201d\u201d White\/Sail\/Multi-Color","og_url":"https:\/\/loftrunway.com\/de\/products\/nelly-korda-x-nike-free-golf-gold-charms\/","og_site_name":"loftRUN Sneaker Store","article_modified_time":"2026-04-02T07:50:33+00:00","twitter_card":"summary_large_image","twitter_image":"https:\/\/images.novelship.com\/product\/nelly_korda_x_nike_free_golf__gold_charms__hv4361-_0_60551.jpeg","twitter_misc":{"Gesch\u00e4tzte Lesezeit":"1\u00a0Minute"},"schema":{"@context":"https:\/\/schema.org","@graph":[{"@type":"WebPage","@id":"https:\/\/loftrunway.com\/de\/products\/nelly-korda-x-nike-free-golf-gold-charms\/","url":"https:\/\/loftrunway.com\/de\/products\/nelly-korda-x-nike-free-golf-gold-charms\/","name":"Nelly Korda x Nike Free Golf 'Gold Charms' - Loftrunway","isPartOf":{"@id":"https:\/\/loftrunway.com\/de\/#website"},"primaryImageOfPage":{"@id":"https:\/\/loftrunway.com\/de\/products\/nelly-korda-x-nike-free-golf-gold-charms\/#primaryimage"},"image":{"@id":"https:\/\/loftrunway.com\/de\/products\/nelly-korda-x-nike-free-golf-gold-charms\/#primaryimage"},"thumbnailUrl":"https:\/\/images.novelship.com\/product\/nelly_korda_x_nike_free_golf__gold_charms__hv4361-_0_60551.jpeg","datePublished":"2026-03-02T08:32:12+00:00","dateModified":"2026-04-02T07:50:33+00:00","breadcrumb":{"@id":"https:\/\/loftrunway.com\/de\/products\/nelly-korda-x-nike-free-golf-gold-charms\/#breadcrumb"},"inLanguage":"de","potentialAction":[{"@type":"ReadAction","target":["https:\/\/loftrunway.com\/de\/products\/nelly-korda-x-nike-free-golf-gold-charms\/"]}]},{"@type":"ImageObject","inLanguage":"de","@id":"https:\/\/loftrunway.com\/de\/products\/nelly-korda-x-nike-free-golf-gold-charms\/#primaryimage","url":"https:\/\/images.novelship.com\/product\/nelly_korda_x_nike_free_golf__gold_charms__hv4361-_0_60551.jpeg","contentUrl":"https:\/\/images.novelship.com\/product\/nelly_korda_x_nike_free_golf__gold_charms__hv4361-_0_60551.jpeg"},{"@type":"BreadcrumbList","@id":"https:\/\/loftrunway.com\/de\/products\/nelly-korda-x-nike-free-golf-gold-charms\/#breadcrumb","itemListElement":[{"@type":"ListItem","position":1,"name":"Home","item":"https:\/\/loftrunway.com\/de\/"},{"@type":"ListItem","position":2,"name":"Shop","item":"https:\/\/loftrunway.com\/de\/shop\/"},{"@type":"ListItem","position":3,"name":"Nelly Korda x Nike Free Golf &#8218;Gold Charms&#8216;"}]},{"@type":"WebSite","@id":"https:\/\/loftrunway.com\/de\/#website","url":"https:\/\/loftrunway.com\/de\/","name":"Styloral Jewelry Shop","description":"Der Ort, an dem man alle Arten von Sneakern findet","publisher":{"@id":"https:\/\/loftrunway.com\/de\/#organization"},"potentialAction":[{"@type":"SearchAction","target":{"@type":"EntryPoint","urlTemplate":"https:\/\/loftrunway.com\/de\/?s={search_term_string}"},"query-input":{"@type":"PropertyValueSpecification","valueRequired":true,"valueName":"search_term_string"}}],"inLanguage":"de"},{"@type":"Organization","@id":"https:\/\/loftrunway.com\/de\/#organization","name":"STYLORAL PTE. LTD","url":"https:\/\/loftrunway.com\/de\/","logo":{"@type":"ImageObject","inLanguage":"de","@id":"https:\/\/loftrunway.com\/de\/#\/schema\/logo\/image\/","url":"https:\/\/www.loftrunway.com\/wp-content\/uploads\/2025\/12\/logo.png","contentUrl":"https:\/\/www.loftrunway.com\/wp-content\/uploads\/2025\/12\/logo.png","width":200,"height":65,"caption":"STYLORAL PTE. LTD"},"image":{"@id":"https:\/\/loftrunway.com\/de\/#\/schema\/logo\/image\/"}}]}},"_links":{"self":[{"href":"https:\/\/loftrunway.com\/de\/wp-json\/wp\/v2\/product\/119053","targetHints":{"allow":["GET"]}}],"collection":[{"href":"https:\/\/loftrunway.com\/de\/wp-json\/wp\/v2\/product"}],"about":[{"href":"https:\/\/loftrunway.com\/de\/wp-json\/wp\/v2\/types\/product"}],"replies":[{"embeddable":true,"href":"https:\/\/loftrunway.com\/de\/wp-json\/wp\/v2\/comments?post=119053"}],"wp:featuredmedia":[{"embeddable":true,"href":"https:\/\/loftrunway.com\/de\/wp-json\/wp\/v2\/media\/119054"}],"wp:attachment":[{"href":"https:\/\/loftrunway.com\/de\/wp-json\/wp\/v2\/media?parent=119053"}],"wp:term":[{"taxonomy":"product_brand","embeddable":true,"href":"https:\/\/loftrunway.com\/de\/wp-json\/wp\/v2\/product_brand?post=119053"},{"taxonomy":"product_cat","embeddable":true,"href":"https:\/\/loftrunway.com\/de\/wp-json\/wp\/v2\/product_cat?post=119053"},{"taxonomy":"product_tag","embeddable":true,"href":"https:\/\/loftrunway.com\/de\/wp-json\/wp\/v2\/product_tag?post=119053"}],"curies":[{"name":"wp","href":"https:\/\/api.w.org\/{rel}","templated":true}]}}