{"id":139288,"date":"2026-03-02T15:35:47","date_gmt":"2026-03-02T08:35:47","guid":{"rendered":"http:\/\/loftrunway.com\/product\/asics-metaspeed-edge-tokyo-flash-red"},"modified":"2026-04-02T14:52:05","modified_gmt":"2026-04-02T07:52:05","slug":"asics-metaspeed-edge-tokyo-flash-red","status":"publish","type":"product","link":"https:\/\/loftrunway.com\/de\/products\/asics-metaspeed-edge-tokyo-flash-red\/","title":{"rendered":"ASICS Metaspeed Edge Tokyo &#8218;Flash Red&#8216;"},"content":{"rendered":"<p>Steigere deine Laufleistung mit dem ASICS Metaspeed Edge Tokyo &#8218;Flash Red&#8216; 1013A163-600, einem Hochleistungs-Wettkampfschuh, der speziell f\u00fcr geschwindigkeitsorientierte Athleten entwickelt wurde. Dank seiner leichten Konstruktion und der reaktionsfreudigen FF Blast Turbo-Schaumstoff-Mittelsohle bietet dieser Schuh explosiven Vortrieb und optimale Energier\u00fcckgabe, damit du dein Tempo steigern kannst. Die Carbonplatten-Technologie verbessert die Schritteffizienz und sorgt f\u00fcr optimale Vorw\u00e4rtsbewegung bei jedem Schritt. Mit seinem hoch atmungsaktiven Mesh-Obermaterial und dem stylischen \u201eFlash Red\u201c-Farbton, inspiriert von der pulsierenden Energie Tokios, vereint dieser Schuh Funktionalit\u00e4t und auff\u00e4lliges Design perfekt. Der ASICS Metaspeed Edge Tokyo wurde f\u00fcr L\u00e4ufer mit einem kadenzorientierten Laufstil entwickelt und bietet eine griffige Au\u00dfensohle f\u00fcr au\u00dfergew\u00f6hnliche Traktion auf unterschiedlichen Untergr\u00fcnden. Konzipiert f\u00fcr Wettk\u00e4mpfe auf h\u00f6chstem Niveau und pers\u00f6nliche Bestleistungen, unterst\u00fctzt er Athleten dabei, auf den gr\u00f6\u00dften B\u00fchnen der Welt H\u00f6chstleistungen zu erbringen. Erleben Sie Innovation, Komfort und Geschwindigkeit mit diesem Laufschuh der n\u00e4chsten Generation.<\/p>\n<ul>\n<li><strong>Farbgebung:<\/strong> Flash Red\/Black<\/li>\n<li><strong>Artikelnummer:<\/strong> 1013A163-600<\/li>\n<li><strong>Obermaterial:<\/strong> Motion Wrap 3.0<\/li>\n<li><strong>Zwischensohle:<\/strong> FlyteFoam Leap<\/li>\n<li><strong>Farbe:<\/strong> Rot<\/li>\n<li><strong>Saison:<\/strong> Sommer<\/li>\n<li><strong>Erscheinungsjahr:<\/strong> 2025<\/li>\n<\/ul>\n","protected":false},"excerpt":{"rendered":"<p>ASICS Metaspeed Edge Tokyo \u201d\u201d Flash Red\/Black<\/p>\n","protected":false},"featured_media":139289,"comment_status":"open","ping_status":"closed","template":"","meta":[],"product_brand":[],"product_cat":[10792,41273],"product_tag":[10791,11026,10837,10839,10802,10840,10758],"class_list":{"0":"post-139288","1":"product","2":"type-product","3":"status-publish","4":"has-post-thumbnail","6":"product_cat-asics","7":"product_cat-remove","8":"product_tag-asics","9":"product_tag-carbon-plated-running-shoes","10":"product_tag-marathon-long-distance-running-shoes","11":"product_tag-performance-running-shoes","12":"product_tag-performance-sport-shoes","13":"product_tag-running-shoes","14":"product_tag-under-retail","15":"wcpa_has_options","17":"first","18":"instock","19":"taxable","20":"shipping-taxable","21":"purchasable","22":"product-type-simple"},"wcpa_form_fields":{"rules":{"pric_overide_base_price":false,"pric_overide_base_price_if_gt_zero":false,"pric_overide_base_price_fully":false,"pric_cal_option_once":false,"pric_use_as_fee":false,"bind_quantity":false,"quantity_bind_formula":false},"fields":[{"type":"color-group","required":true,"elementId":"wcpa-color-group-69a5ab08ee12d","label":"Gr\u00f6\u00dfe","inline":true,"priceOptions":"different_for_all","pricingType":"fixed","className":"hassizechart product-shoes-size-eu product-shoes-size","name":"color-group-69a5ab08ee136","disp_type":"square","selection_type":"tick-border","disp_size":"50","show_label_inside":true,"adjust_width":true,"cart_display_type":"text","other_text":"Other","cl_rule":"show","col":6,"values":[{"label":"36","value":"EU 36","price":"","pimage":"","pimage_id":"","pthumb":"","color":"","selected":true},{"label":"37","value":"EU 37","price":"","pimage":"","pimage_id":"","pthumb":"","color":""},{"label":"37.5","value":"EU 37.5","price":"","pimage":"","pimage_id":"","pthumb":"","color":""},{"label":"38","value":"EU 38","price":"","pimage":"","pimage_id":"","pthumb":"","color":""},{"label":"38.5","value":"EU 38.5","price":"","pimage":"","pimage_id":"","pthumb":"","color":""},{"label":"39","value":"EU 39","price":"","pimage":"","pimage_id":"","pthumb":"","color":""},{"label":"39.5","value":"EU 39.5","price":"","pimage":"","pimage_id":"","pthumb":"","color":""},{"label":"40","value":"EU 40","price":"","pimage":"","pimage_id":"","pthumb":"","color":""},{"label":"40.5","value":"EU 40.5","price":"","pimage":"","pimage_id":"","pthumb":"","color":""},{"label":" 41.5","value":"EU 41.5","price":"","pimage":"","pimage_id":"","pthumb":"","color":""},{"label":"42","value":"EU 42","price":"","pimage":"","pimage_id":"","pthumb":"","color":""},{"label":"42.5","value":"EU 42.5","price":"","pimage":"","pimage_id":"","pthumb":"","color":""},{"label":"43.5","value":"EU 43.5","price":"","pimage":"","pimage_id":"","pthumb":"","color":""},{"label":"44","value":"EU 44","price":"","pimage":"","pimage_id":"","pthumb":"","color":""},{"label":"44.5","value":"EU 44.5","price":"","pimage":"","pimage_id":"","pthumb":"","color":""},{"label":"45","value":"EU 45","price":"","pimage":"","pimage_id":"","pthumb":"","color":""}],"relations":[{"operator":false,"rules":[]}],"form_id":184311,"form_rules":{"pric_cal_option_once":false,"exclude_from_discount":false,"pric_use_as_fee":false,"fee_label":"Fee","render_after_acb":false,"disp_hide_options_price":false}}]},"yoast_head":"<!-- This site is optimized with the Yoast SEO plugin v26.5 - https:\/\/yoast.com\/wordpress\/plugins\/seo\/ -->\n<title>ASICS Metaspeed Edge Tokyo &#039;Flash Red&#039;  - Loftrunway<\/title>\n<meta name=\"robots\" content=\"index, follow, max-snippet:-1, max-image-preview:large, max-video-preview:-1\" \/>\n<link rel=\"canonical\" href=\"https:\/\/loftrunway.com\/de\/products\/asics-metaspeed-edge-tokyo-flash-red\/\" \/>\n<meta property=\"og:locale\" content=\"de_DE\" \/>\n<meta property=\"og:type\" content=\"article\" \/>\n<meta property=\"og:title\" content=\"ASICS Metaspeed Edge Tokyo &#039;Flash Red&#039;  - Loftrunway\" \/>\n<meta property=\"og:description\" content=\"ASICS Metaspeed Edge Tokyo \u201d\u201d Flash Red\/Black\" \/>\n<meta property=\"og:url\" content=\"https:\/\/loftrunway.com\/de\/products\/asics-metaspeed-edge-tokyo-flash-red\/\" \/>\n<meta property=\"og:site_name\" content=\"loftRUN Sneaker Store\" \/>\n<meta property=\"article:modified_time\" content=\"2026-04-02T07:52:05+00:00\" \/>\n<meta name=\"twitter:card\" content=\"summary_large_image\" \/>\n<meta name=\"twitter:image\" content=\"https:\/\/images.novelship.com\/product\/asics_metaspeed_edge_tokyo__flash_red__1013a163-60_0_83138.jpeg\" \/>\n<meta name=\"twitter:label1\" content=\"Gesch\u00e4tzte Lesezeit\" \/>\n\t<meta name=\"twitter:data1\" content=\"1\u00a0Minute\" \/>\n<script type=\"application\/ld+json\" class=\"yoast-schema-graph\">{\"@context\":\"https:\/\/schema.org\",\"@graph\":[{\"@type\":\"WebPage\",\"@id\":\"https:\/\/loftrunway.com\/de\/products\/asics-metaspeed-edge-tokyo-flash-red\/\",\"url\":\"https:\/\/loftrunway.com\/de\/products\/asics-metaspeed-edge-tokyo-flash-red\/\",\"name\":\"ASICS Metaspeed Edge Tokyo 'Flash Red' - Loftrunway\",\"isPartOf\":{\"@id\":\"https:\/\/loftrunway.com\/de\/#website\"},\"primaryImageOfPage\":{\"@id\":\"https:\/\/loftrunway.com\/de\/products\/asics-metaspeed-edge-tokyo-flash-red\/#primaryimage\"},\"image\":{\"@id\":\"https:\/\/loftrunway.com\/de\/products\/asics-metaspeed-edge-tokyo-flash-red\/#primaryimage\"},\"thumbnailUrl\":\"https:\/\/images.novelship.com\/product\/asics_metaspeed_edge_tokyo__flash_red__1013a163-60_0_83138.jpeg\",\"datePublished\":\"2026-03-02T08:35:47+00:00\",\"dateModified\":\"2026-04-02T07:52:05+00:00\",\"breadcrumb\":{\"@id\":\"https:\/\/loftrunway.com\/de\/products\/asics-metaspeed-edge-tokyo-flash-red\/#breadcrumb\"},\"inLanguage\":\"de\",\"potentialAction\":[{\"@type\":\"ReadAction\",\"target\":[\"https:\/\/loftrunway.com\/de\/products\/asics-metaspeed-edge-tokyo-flash-red\/\"]}]},{\"@type\":\"ImageObject\",\"inLanguage\":\"de\",\"@id\":\"https:\/\/loftrunway.com\/de\/products\/asics-metaspeed-edge-tokyo-flash-red\/#primaryimage\",\"url\":\"https:\/\/images.novelship.com\/product\/asics_metaspeed_edge_tokyo__flash_red__1013a163-60_0_83138.jpeg\",\"contentUrl\":\"https:\/\/images.novelship.com\/product\/asics_metaspeed_edge_tokyo__flash_red__1013a163-60_0_83138.jpeg\"},{\"@type\":\"BreadcrumbList\",\"@id\":\"https:\/\/loftrunway.com\/de\/products\/asics-metaspeed-edge-tokyo-flash-red\/#breadcrumb\",\"itemListElement\":[{\"@type\":\"ListItem\",\"position\":1,\"name\":\"Home\",\"item\":\"https:\/\/loftrunway.com\/de\/\"},{\"@type\":\"ListItem\",\"position\":2,\"name\":\"Shop\",\"item\":\"https:\/\/loftrunway.com\/de\/shop\/\"},{\"@type\":\"ListItem\",\"position\":3,\"name\":\"ASICS Metaspeed Edge Tokyo &#8218;Flash Red&#8216;\"}]},{\"@type\":\"WebSite\",\"@id\":\"https:\/\/loftrunway.com\/de\/#website\",\"url\":\"https:\/\/loftrunway.com\/de\/\",\"name\":\"Styloral Jewelry Shop\",\"description\":\"Der Ort, an dem man alle Arten von Sneakern findet\",\"publisher\":{\"@id\":\"https:\/\/loftrunway.com\/de\/#organization\"},\"potentialAction\":[{\"@type\":\"SearchAction\",\"target\":{\"@type\":\"EntryPoint\",\"urlTemplate\":\"https:\/\/loftrunway.com\/de\/?s={search_term_string}\"},\"query-input\":{\"@type\":\"PropertyValueSpecification\",\"valueRequired\":true,\"valueName\":\"search_term_string\"}}],\"inLanguage\":\"de\"},{\"@type\":\"Organization\",\"@id\":\"https:\/\/loftrunway.com\/de\/#organization\",\"name\":\"STYLORAL PTE. LTD\",\"url\":\"https:\/\/loftrunway.com\/de\/\",\"logo\":{\"@type\":\"ImageObject\",\"inLanguage\":\"de\",\"@id\":\"https:\/\/loftrunway.com\/de\/#\/schema\/logo\/image\/\",\"url\":\"https:\/\/www.loftrunway.com\/wp-content\/uploads\/2025\/12\/logo.png\",\"contentUrl\":\"https:\/\/www.loftrunway.com\/wp-content\/uploads\/2025\/12\/logo.png\",\"width\":200,\"height\":65,\"caption\":\"STYLORAL PTE. LTD\"},\"image\":{\"@id\":\"https:\/\/loftrunway.com\/de\/#\/schema\/logo\/image\/\"}}]}<\/script>\n<!-- \/ Yoast SEO plugin. -->","yoast_head_json":{"title":"ASICS Metaspeed Edge Tokyo 'Flash Red'  - Loftrunway","robots":{"index":"index","follow":"follow","max-snippet":"max-snippet:-1","max-image-preview":"max-image-preview:large","max-video-preview":"max-video-preview:-1"},"canonical":"https:\/\/loftrunway.com\/de\/products\/asics-metaspeed-edge-tokyo-flash-red\/","og_locale":"de_DE","og_type":"article","og_title":"ASICS Metaspeed Edge Tokyo 'Flash Red'  - Loftrunway","og_description":"ASICS Metaspeed Edge Tokyo \u201d\u201d Flash Red\/Black","og_url":"https:\/\/loftrunway.com\/de\/products\/asics-metaspeed-edge-tokyo-flash-red\/","og_site_name":"loftRUN Sneaker Store","article_modified_time":"2026-04-02T07:52:05+00:00","twitter_card":"summary_large_image","twitter_image":"https:\/\/images.novelship.com\/product\/asics_metaspeed_edge_tokyo__flash_red__1013a163-60_0_83138.jpeg","twitter_misc":{"Gesch\u00e4tzte Lesezeit":"1\u00a0Minute"},"schema":{"@context":"https:\/\/schema.org","@graph":[{"@type":"WebPage","@id":"https:\/\/loftrunway.com\/de\/products\/asics-metaspeed-edge-tokyo-flash-red\/","url":"https:\/\/loftrunway.com\/de\/products\/asics-metaspeed-edge-tokyo-flash-red\/","name":"ASICS Metaspeed Edge Tokyo 'Flash Red' - Loftrunway","isPartOf":{"@id":"https:\/\/loftrunway.com\/de\/#website"},"primaryImageOfPage":{"@id":"https:\/\/loftrunway.com\/de\/products\/asics-metaspeed-edge-tokyo-flash-red\/#primaryimage"},"image":{"@id":"https:\/\/loftrunway.com\/de\/products\/asics-metaspeed-edge-tokyo-flash-red\/#primaryimage"},"thumbnailUrl":"https:\/\/images.novelship.com\/product\/asics_metaspeed_edge_tokyo__flash_red__1013a163-60_0_83138.jpeg","datePublished":"2026-03-02T08:35:47+00:00","dateModified":"2026-04-02T07:52:05+00:00","breadcrumb":{"@id":"https:\/\/loftrunway.com\/de\/products\/asics-metaspeed-edge-tokyo-flash-red\/#breadcrumb"},"inLanguage":"de","potentialAction":[{"@type":"ReadAction","target":["https:\/\/loftrunway.com\/de\/products\/asics-metaspeed-edge-tokyo-flash-red\/"]}]},{"@type":"ImageObject","inLanguage":"de","@id":"https:\/\/loftrunway.com\/de\/products\/asics-metaspeed-edge-tokyo-flash-red\/#primaryimage","url":"https:\/\/images.novelship.com\/product\/asics_metaspeed_edge_tokyo__flash_red__1013a163-60_0_83138.jpeg","contentUrl":"https:\/\/images.novelship.com\/product\/asics_metaspeed_edge_tokyo__flash_red__1013a163-60_0_83138.jpeg"},{"@type":"BreadcrumbList","@id":"https:\/\/loftrunway.com\/de\/products\/asics-metaspeed-edge-tokyo-flash-red\/#breadcrumb","itemListElement":[{"@type":"ListItem","position":1,"name":"Home","item":"https:\/\/loftrunway.com\/de\/"},{"@type":"ListItem","position":2,"name":"Shop","item":"https:\/\/loftrunway.com\/de\/shop\/"},{"@type":"ListItem","position":3,"name":"ASICS Metaspeed Edge Tokyo &#8218;Flash Red&#8216;"}]},{"@type":"WebSite","@id":"https:\/\/loftrunway.com\/de\/#website","url":"https:\/\/loftrunway.com\/de\/","name":"Styloral Jewelry Shop","description":"Der Ort, an dem man alle Arten von Sneakern findet","publisher":{"@id":"https:\/\/loftrunway.com\/de\/#organization"},"potentialAction":[{"@type":"SearchAction","target":{"@type":"EntryPoint","urlTemplate":"https:\/\/loftrunway.com\/de\/?s={search_term_string}"},"query-input":{"@type":"PropertyValueSpecification","valueRequired":true,"valueName":"search_term_string"}}],"inLanguage":"de"},{"@type":"Organization","@id":"https:\/\/loftrunway.com\/de\/#organization","name":"STYLORAL PTE. LTD","url":"https:\/\/loftrunway.com\/de\/","logo":{"@type":"ImageObject","inLanguage":"de","@id":"https:\/\/loftrunway.com\/de\/#\/schema\/logo\/image\/","url":"https:\/\/www.loftrunway.com\/wp-content\/uploads\/2025\/12\/logo.png","contentUrl":"https:\/\/www.loftrunway.com\/wp-content\/uploads\/2025\/12\/logo.png","width":200,"height":65,"caption":"STYLORAL PTE. LTD"},"image":{"@id":"https:\/\/loftrunway.com\/de\/#\/schema\/logo\/image\/"}}]}},"_links":{"self":[{"href":"https:\/\/loftrunway.com\/de\/wp-json\/wp\/v2\/product\/139288","targetHints":{"allow":["GET"]}}],"collection":[{"href":"https:\/\/loftrunway.com\/de\/wp-json\/wp\/v2\/product"}],"about":[{"href":"https:\/\/loftrunway.com\/de\/wp-json\/wp\/v2\/types\/product"}],"replies":[{"embeddable":true,"href":"https:\/\/loftrunway.com\/de\/wp-json\/wp\/v2\/comments?post=139288"}],"wp:featuredmedia":[{"embeddable":true,"href":"https:\/\/loftrunway.com\/de\/wp-json\/wp\/v2\/media\/139289"}],"wp:attachment":[{"href":"https:\/\/loftrunway.com\/de\/wp-json\/wp\/v2\/media?parent=139288"}],"wp:term":[{"taxonomy":"product_brand","embeddable":true,"href":"https:\/\/loftrunway.com\/de\/wp-json\/wp\/v2\/product_brand?post=139288"},{"taxonomy":"product_cat","embeddable":true,"href":"https:\/\/loftrunway.com\/de\/wp-json\/wp\/v2\/product_cat?post=139288"},{"taxonomy":"product_tag","embeddable":true,"href":"https:\/\/loftrunway.com\/de\/wp-json\/wp\/v2\/product_tag?post=139288"}],"curies":[{"name":"wp","href":"https:\/\/api.w.org\/{rel}","templated":true}]}}