{"id":140459,"date":"2026-03-02T15:36:02","date_gmt":"2026-03-02T08:36:02","guid":{"rendered":"http:\/\/loftrunway.com\/product\/asics-kiko-kostadinov-x-ub9-s-gel-ds-trainer-14-midnight-purple-oxide"},"modified":"2026-04-02T14:52:11","modified_gmt":"2026-04-02T07:52:11","slug":"asics-kiko-kostadinov-x-ub9-s-gel-ds-trainer-14-midnight-purple-oxide","status":"publish","type":"product","link":"https:\/\/loftrunway.com\/de\/products\/asics-kiko-kostadinov-x-ub9-s-gel-ds-trainer-14-midnight-purple-oxide\/","title":{"rendered":"ASICS Kiko Kostadinov x UB9-S Gel DS Trainer 14 &#8218;Midnight Purple Oxide&#8216;"},"content":{"rendered":"<p>Steigere deine Leistung mit dem ASICS Kiko Kostadinov x UB9-S Gel DS Trainer 14 \u201eMidnight Purple Oxide\u201c. Diese exklusive Kollaboration vereint innovatives Design mit \u00fcberragender Funktionalit\u00e4t und bietet dank fortschrittlicher GEL-D\u00e4mpfung unvergleichlichen Komfort und Stabilit\u00e4t. Die markante Farbgebung in \u201eMidnight Purple Oxide\u201c sorgt f\u00fcr einen k\u00fchnen und gleichzeitig eleganten Look, mit dem du sowohl auf der Laufbahn als auch auf der Stra\u00dfe auff\u00e4llst. Diese Sneaker wurden f\u00fcr Sportler und Style-Fans gleicherma\u00dfen entwickelt und kombinieren die bew\u00e4hrte ASICS-Unterst\u00fctzung mit topaktueller Mode.<\/p>\n<p>Farbgebung: Midnight\/Purple Oxide<br \/>\nStyle-Code: 1203A606-400<br \/>\nObermaterial: Mesh<br \/>\nZwischensohle: Gel<br \/>\nFarbe: Blau<\/p>\n<p>Farbe: Blau<\/p>\n","protected":false},"excerpt":{"rendered":"<p>ASICS Gel DS Trainer 14 Kiko Kostadinov x UB9-S \u201d\u201d Midnight\/Purple Oxide<\/p>\n","protected":false},"featured_media":140460,"comment_status":"open","ping_status":"closed","template":"","meta":[],"product_brand":[],"product_cat":[10792,41273],"product_tag":[10791,10750,10754,10765,10768,10758],"class_list":{"0":"post-140459","1":"product","2":"type-product","3":"status-publish","4":"has-post-thumbnail","6":"product_cat-asics","7":"product_cat-remove","8":"product_tag-asics","9":"product_tag-athleisure-shoes","10":"product_tag-lifestyle-casual-shoes","11":"product_tag-lifestyle-shoes-running-inspired","12":"product_tag-retro-running-shoes","13":"product_tag-under-retail","14":"wcpa_has_options","16":"first","17":"instock","18":"taxable","19":"shipping-taxable","20":"purchasable","21":"product-type-simple"},"wcpa_form_fields":{"rules":{"pric_overide_base_price":false,"pric_overide_base_price_if_gt_zero":false,"pric_overide_base_price_fully":false,"pric_cal_option_once":false,"pric_use_as_fee":false,"bind_quantity":false,"quantity_bind_formula":false},"fields":[{"type":"color-group","required":true,"elementId":"wcpa-color-group-69a5ab08ee12d","label":"Gr\u00f6\u00dfe","inline":true,"priceOptions":"different_for_all","pricingType":"fixed","className":"hassizechart product-shoes-size-eu product-shoes-size","name":"color-group-69a5ab08ee136","disp_type":"square","selection_type":"tick-border","disp_size":"50","show_label_inside":true,"adjust_width":true,"cart_display_type":"text","other_text":"Other","cl_rule":"show","col":6,"values":[{"label":"36","value":"EU 36","price":"","pimage":"","pimage_id":"","pthumb":"","color":"","selected":true},{"label":"37","value":"EU 37","price":"","pimage":"","pimage_id":"","pthumb":"","color":""},{"label":"37.5","value":"EU 37.5","price":"","pimage":"","pimage_id":"","pthumb":"","color":""},{"label":"38","value":"EU 38","price":"","pimage":"","pimage_id":"","pthumb":"","color":""},{"label":"38.5","value":"EU 38.5","price":"","pimage":"","pimage_id":"","pthumb":"","color":""},{"label":"39","value":"EU 39","price":"","pimage":"","pimage_id":"","pthumb":"","color":""},{"label":"39.5","value":"EU 39.5","price":"","pimage":"","pimage_id":"","pthumb":"","color":""},{"label":"40","value":"EU 40","price":"","pimage":"","pimage_id":"","pthumb":"","color":""},{"label":"40.5","value":"EU 40.5","price":"","pimage":"","pimage_id":"","pthumb":"","color":""},{"label":" 41.5","value":"EU 41.5","price":"","pimage":"","pimage_id":"","pthumb":"","color":""},{"label":"42","value":"EU 42","price":"","pimage":"","pimage_id":"","pthumb":"","color":""},{"label":"42.5","value":"EU 42.5","price":"","pimage":"","pimage_id":"","pthumb":"","color":""},{"label":"43.5","value":"EU 43.5","price":"","pimage":"","pimage_id":"","pthumb":"","color":""},{"label":"44","value":"EU 44","price":"","pimage":"","pimage_id":"","pthumb":"","color":""},{"label":"44.5","value":"EU 44.5","price":"","pimage":"","pimage_id":"","pthumb":"","color":""},{"label":"45","value":"EU 45","price":"","pimage":"","pimage_id":"","pthumb":"","color":""}],"relations":[{"operator":false,"rules":[]}],"form_id":184311,"form_rules":{"pric_cal_option_once":false,"exclude_from_discount":false,"pric_use_as_fee":false,"fee_label":"Fee","render_after_acb":false,"disp_hide_options_price":false}}]},"yoast_head":"<!-- This site is optimized with the Yoast SEO plugin v26.5 - https:\/\/yoast.com\/wordpress\/plugins\/seo\/ -->\n<title>ASICS Kiko Kostadinov x UB9-S Gel DS Trainer 14 &#039;Midnight Purple Oxide&#039;  - Loftrunway<\/title>\n<meta name=\"robots\" content=\"index, follow, max-snippet:-1, max-image-preview:large, max-video-preview:-1\" \/>\n<link rel=\"canonical\" href=\"https:\/\/loftrunway.com\/de\/products\/asics-kiko-kostadinov-x-ub9-s-gel-ds-trainer-14-midnight-purple-oxide\/\" \/>\n<meta property=\"og:locale\" content=\"de_DE\" \/>\n<meta property=\"og:type\" content=\"article\" \/>\n<meta property=\"og:title\" content=\"ASICS Kiko Kostadinov x UB9-S Gel DS Trainer 14 &#039;Midnight Purple Oxide&#039;  - Loftrunway\" \/>\n<meta property=\"og:description\" content=\"ASICS Gel DS Trainer 14 Kiko Kostadinov x UB9-S \u201d\u201d Midnight\/Purple Oxide\" \/>\n<meta property=\"og:url\" content=\"https:\/\/loftrunway.com\/de\/products\/asics-kiko-kostadinov-x-ub9-s-gel-ds-trainer-14-midnight-purple-oxide\/\" \/>\n<meta property=\"og:site_name\" content=\"loftRUN Sneaker Store\" \/>\n<meta property=\"article:modified_time\" content=\"2026-04-02T07:52:11+00:00\" \/>\n<meta name=\"twitter:card\" content=\"summary_large_image\" \/>\n<meta name=\"twitter:image\" content=\"https:\/\/images.novelship.com\/product\/asics_kiko_kostadinov_x_ub9-s_gel_ds_trainer_14__m_0_93347.jpeg\" \/>\n<meta name=\"twitter:label1\" content=\"Gesch\u00e4tzte Lesezeit\" \/>\n\t<meta name=\"twitter:data1\" content=\"1\u00a0Minute\" \/>\n<script type=\"application\/ld+json\" class=\"yoast-schema-graph\">{\"@context\":\"https:\/\/schema.org\",\"@graph\":[{\"@type\":\"WebPage\",\"@id\":\"https:\/\/loftrunway.com\/de\/products\/asics-kiko-kostadinov-x-ub9-s-gel-ds-trainer-14-midnight-purple-oxide\/\",\"url\":\"https:\/\/loftrunway.com\/de\/products\/asics-kiko-kostadinov-x-ub9-s-gel-ds-trainer-14-midnight-purple-oxide\/\",\"name\":\"ASICS Kiko Kostadinov x UB9-S Gel DS Trainer 14 'Midnight Purple Oxide' - Loftrunway\",\"isPartOf\":{\"@id\":\"https:\/\/loftrunway.com\/de\/#website\"},\"primaryImageOfPage\":{\"@id\":\"https:\/\/loftrunway.com\/de\/products\/asics-kiko-kostadinov-x-ub9-s-gel-ds-trainer-14-midnight-purple-oxide\/#primaryimage\"},\"image\":{\"@id\":\"https:\/\/loftrunway.com\/de\/products\/asics-kiko-kostadinov-x-ub9-s-gel-ds-trainer-14-midnight-purple-oxide\/#primaryimage\"},\"thumbnailUrl\":\"https:\/\/images.novelship.com\/product\/asics_kiko_kostadinov_x_ub9-s_gel_ds_trainer_14__m_0_93347.jpeg\",\"datePublished\":\"2026-03-02T08:36:02+00:00\",\"dateModified\":\"2026-04-02T07:52:11+00:00\",\"breadcrumb\":{\"@id\":\"https:\/\/loftrunway.com\/de\/products\/asics-kiko-kostadinov-x-ub9-s-gel-ds-trainer-14-midnight-purple-oxide\/#breadcrumb\"},\"inLanguage\":\"de\",\"potentialAction\":[{\"@type\":\"ReadAction\",\"target\":[\"https:\/\/loftrunway.com\/de\/products\/asics-kiko-kostadinov-x-ub9-s-gel-ds-trainer-14-midnight-purple-oxide\/\"]}]},{\"@type\":\"ImageObject\",\"inLanguage\":\"de\",\"@id\":\"https:\/\/loftrunway.com\/de\/products\/asics-kiko-kostadinov-x-ub9-s-gel-ds-trainer-14-midnight-purple-oxide\/#primaryimage\",\"url\":\"https:\/\/images.novelship.com\/product\/asics_kiko_kostadinov_x_ub9-s_gel_ds_trainer_14__m_0_93347.jpeg\",\"contentUrl\":\"https:\/\/images.novelship.com\/product\/asics_kiko_kostadinov_x_ub9-s_gel_ds_trainer_14__m_0_93347.jpeg\"},{\"@type\":\"BreadcrumbList\",\"@id\":\"https:\/\/loftrunway.com\/de\/products\/asics-kiko-kostadinov-x-ub9-s-gel-ds-trainer-14-midnight-purple-oxide\/#breadcrumb\",\"itemListElement\":[{\"@type\":\"ListItem\",\"position\":1,\"name\":\"Home\",\"item\":\"https:\/\/loftrunway.com\/de\/\"},{\"@type\":\"ListItem\",\"position\":2,\"name\":\"Shop\",\"item\":\"https:\/\/loftrunway.com\/de\/shop\/\"},{\"@type\":\"ListItem\",\"position\":3,\"name\":\"ASICS Kiko Kostadinov x UB9-S Gel DS Trainer 14 &#8218;Midnight Purple Oxide&#8216;\"}]},{\"@type\":\"WebSite\",\"@id\":\"https:\/\/loftrunway.com\/de\/#website\",\"url\":\"https:\/\/loftrunway.com\/de\/\",\"name\":\"Styloral Jewelry Shop\",\"description\":\"Der Ort, an dem man alle Arten von Sneakern findet\",\"publisher\":{\"@id\":\"https:\/\/loftrunway.com\/de\/#organization\"},\"potentialAction\":[{\"@type\":\"SearchAction\",\"target\":{\"@type\":\"EntryPoint\",\"urlTemplate\":\"https:\/\/loftrunway.com\/de\/?s={search_term_string}\"},\"query-input\":{\"@type\":\"PropertyValueSpecification\",\"valueRequired\":true,\"valueName\":\"search_term_string\"}}],\"inLanguage\":\"de\"},{\"@type\":\"Organization\",\"@id\":\"https:\/\/loftrunway.com\/de\/#organization\",\"name\":\"STYLORAL PTE. LTD\",\"url\":\"https:\/\/loftrunway.com\/de\/\",\"logo\":{\"@type\":\"ImageObject\",\"inLanguage\":\"de\",\"@id\":\"https:\/\/loftrunway.com\/de\/#\/schema\/logo\/image\/\",\"url\":\"https:\/\/www.loftrunway.com\/wp-content\/uploads\/2025\/12\/logo.png\",\"contentUrl\":\"https:\/\/www.loftrunway.com\/wp-content\/uploads\/2025\/12\/logo.png\",\"width\":200,\"height\":65,\"caption\":\"STYLORAL PTE. LTD\"},\"image\":{\"@id\":\"https:\/\/loftrunway.com\/de\/#\/schema\/logo\/image\/\"}}]}<\/script>\n<!-- \/ Yoast SEO plugin. -->","yoast_head_json":{"title":"ASICS Kiko Kostadinov x UB9-S Gel DS Trainer 14 'Midnight Purple Oxide'  - Loftrunway","robots":{"index":"index","follow":"follow","max-snippet":"max-snippet:-1","max-image-preview":"max-image-preview:large","max-video-preview":"max-video-preview:-1"},"canonical":"https:\/\/loftrunway.com\/de\/products\/asics-kiko-kostadinov-x-ub9-s-gel-ds-trainer-14-midnight-purple-oxide\/","og_locale":"de_DE","og_type":"article","og_title":"ASICS Kiko Kostadinov x UB9-S Gel DS Trainer 14 'Midnight Purple Oxide'  - Loftrunway","og_description":"ASICS Gel DS Trainer 14 Kiko Kostadinov x UB9-S \u201d\u201d Midnight\/Purple Oxide","og_url":"https:\/\/loftrunway.com\/de\/products\/asics-kiko-kostadinov-x-ub9-s-gel-ds-trainer-14-midnight-purple-oxide\/","og_site_name":"loftRUN Sneaker Store","article_modified_time":"2026-04-02T07:52:11+00:00","twitter_card":"summary_large_image","twitter_image":"https:\/\/images.novelship.com\/product\/asics_kiko_kostadinov_x_ub9-s_gel_ds_trainer_14__m_0_93347.jpeg","twitter_misc":{"Gesch\u00e4tzte Lesezeit":"1\u00a0Minute"},"schema":{"@context":"https:\/\/schema.org","@graph":[{"@type":"WebPage","@id":"https:\/\/loftrunway.com\/de\/products\/asics-kiko-kostadinov-x-ub9-s-gel-ds-trainer-14-midnight-purple-oxide\/","url":"https:\/\/loftrunway.com\/de\/products\/asics-kiko-kostadinov-x-ub9-s-gel-ds-trainer-14-midnight-purple-oxide\/","name":"ASICS Kiko Kostadinov x UB9-S Gel DS Trainer 14 'Midnight Purple Oxide' - Loftrunway","isPartOf":{"@id":"https:\/\/loftrunway.com\/de\/#website"},"primaryImageOfPage":{"@id":"https:\/\/loftrunway.com\/de\/products\/asics-kiko-kostadinov-x-ub9-s-gel-ds-trainer-14-midnight-purple-oxide\/#primaryimage"},"image":{"@id":"https:\/\/loftrunway.com\/de\/products\/asics-kiko-kostadinov-x-ub9-s-gel-ds-trainer-14-midnight-purple-oxide\/#primaryimage"},"thumbnailUrl":"https:\/\/images.novelship.com\/product\/asics_kiko_kostadinov_x_ub9-s_gel_ds_trainer_14__m_0_93347.jpeg","datePublished":"2026-03-02T08:36:02+00:00","dateModified":"2026-04-02T07:52:11+00:00","breadcrumb":{"@id":"https:\/\/loftrunway.com\/de\/products\/asics-kiko-kostadinov-x-ub9-s-gel-ds-trainer-14-midnight-purple-oxide\/#breadcrumb"},"inLanguage":"de","potentialAction":[{"@type":"ReadAction","target":["https:\/\/loftrunway.com\/de\/products\/asics-kiko-kostadinov-x-ub9-s-gel-ds-trainer-14-midnight-purple-oxide\/"]}]},{"@type":"ImageObject","inLanguage":"de","@id":"https:\/\/loftrunway.com\/de\/products\/asics-kiko-kostadinov-x-ub9-s-gel-ds-trainer-14-midnight-purple-oxide\/#primaryimage","url":"https:\/\/images.novelship.com\/product\/asics_kiko_kostadinov_x_ub9-s_gel_ds_trainer_14__m_0_93347.jpeg","contentUrl":"https:\/\/images.novelship.com\/product\/asics_kiko_kostadinov_x_ub9-s_gel_ds_trainer_14__m_0_93347.jpeg"},{"@type":"BreadcrumbList","@id":"https:\/\/loftrunway.com\/de\/products\/asics-kiko-kostadinov-x-ub9-s-gel-ds-trainer-14-midnight-purple-oxide\/#breadcrumb","itemListElement":[{"@type":"ListItem","position":1,"name":"Home","item":"https:\/\/loftrunway.com\/de\/"},{"@type":"ListItem","position":2,"name":"Shop","item":"https:\/\/loftrunway.com\/de\/shop\/"},{"@type":"ListItem","position":3,"name":"ASICS Kiko Kostadinov x UB9-S Gel DS Trainer 14 &#8218;Midnight Purple Oxide&#8216;"}]},{"@type":"WebSite","@id":"https:\/\/loftrunway.com\/de\/#website","url":"https:\/\/loftrunway.com\/de\/","name":"Styloral Jewelry Shop","description":"Der Ort, an dem man alle Arten von Sneakern findet","publisher":{"@id":"https:\/\/loftrunway.com\/de\/#organization"},"potentialAction":[{"@type":"SearchAction","target":{"@type":"EntryPoint","urlTemplate":"https:\/\/loftrunway.com\/de\/?s={search_term_string}"},"query-input":{"@type":"PropertyValueSpecification","valueRequired":true,"valueName":"search_term_string"}}],"inLanguage":"de"},{"@type":"Organization","@id":"https:\/\/loftrunway.com\/de\/#organization","name":"STYLORAL PTE. LTD","url":"https:\/\/loftrunway.com\/de\/","logo":{"@type":"ImageObject","inLanguage":"de","@id":"https:\/\/loftrunway.com\/de\/#\/schema\/logo\/image\/","url":"https:\/\/www.loftrunway.com\/wp-content\/uploads\/2025\/12\/logo.png","contentUrl":"https:\/\/www.loftrunway.com\/wp-content\/uploads\/2025\/12\/logo.png","width":200,"height":65,"caption":"STYLORAL PTE. LTD"},"image":{"@id":"https:\/\/loftrunway.com\/de\/#\/schema\/logo\/image\/"}}]}},"_links":{"self":[{"href":"https:\/\/loftrunway.com\/de\/wp-json\/wp\/v2\/product\/140459","targetHints":{"allow":["GET"]}}],"collection":[{"href":"https:\/\/loftrunway.com\/de\/wp-json\/wp\/v2\/product"}],"about":[{"href":"https:\/\/loftrunway.com\/de\/wp-json\/wp\/v2\/types\/product"}],"replies":[{"embeddable":true,"href":"https:\/\/loftrunway.com\/de\/wp-json\/wp\/v2\/comments?post=140459"}],"wp:featuredmedia":[{"embeddable":true,"href":"https:\/\/loftrunway.com\/de\/wp-json\/wp\/v2\/media\/140460"}],"wp:attachment":[{"href":"https:\/\/loftrunway.com\/de\/wp-json\/wp\/v2\/media?parent=140459"}],"wp:term":[{"taxonomy":"product_brand","embeddable":true,"href":"https:\/\/loftrunway.com\/de\/wp-json\/wp\/v2\/product_brand?post=140459"},{"taxonomy":"product_cat","embeddable":true,"href":"https:\/\/loftrunway.com\/de\/wp-json\/wp\/v2\/product_cat?post=140459"},{"taxonomy":"product_tag","embeddable":true,"href":"https:\/\/loftrunway.com\/de\/wp-json\/wp\/v2\/product_tag?post=140459"}],"curies":[{"name":"wp","href":"https:\/\/api.w.org\/{rel}","templated":true}]}}