{"id":140486,"date":"2026-03-02T15:36:04","date_gmt":"2026-03-02T08:36:04","guid":{"rendered":"http:\/\/loftrunway.com\/product\/nike-air-max-plus-og-voltage-purple-2024"},"modified":"2026-04-03T19:40:01","modified_gmt":"2026-04-03T12:40:01","slug":"nike-air-max-plus-og-voltage-purple-2024","status":"publish","type":"product","link":"https:\/\/loftrunway.com\/de\/products\/nike-air-max-plus-og-voltage-purple-2024\/","title":{"rendered":"Nike Air Max Plus OG &#8218;Voltage Purple&#8216; 2024"},"content":{"rendered":"<p>Wir pr\u00e4sentieren den Nike Air Max Plus OG \u201eVoltage Purple\u201c 2024 \u201d\u201c die aufregende Weiterentwicklung einer legend\u00e4ren Silhouette. Sein leuchtendes Obermaterial in Voltage Purple, inspiriert von Floridas atemberaubenden Sonnenunterg\u00e4ngen, zieht alle Blicke auf sich. Das legend\u00e4re Tuned Air-D\u00e4mpfungssystem bietet unvergleichlichen Tragekomfort, w\u00e4hrend die OG-Designelemente nostalgische Gef\u00fchle wecken. Mit seiner markanten Farbgebung und herausragenden Performance ist dieser Sneaker ein absolutes Must-have f\u00fcr Sneaker-Fans und modebewusste Menschen. Verleihe deinem Style das gewisse Extra und erlebe den legend\u00e4ren Air Max Plus in seiner lebendigsten Form.<\/p>\n<ul>\n<li><strong>Farbgebung:<\/strong> Voltage Purple\/Total Orange\/Purple Agate<\/li>\n<li><strong>Style-Code:<\/strong> DX0755-500<\/li>\n<li><strong>Obermaterial:<\/strong> Mesh<\/li>\n<li><strong>Mittelsohle:<\/strong> Air<\/li>\n<li><strong>Designer:<\/strong> Sean McDowell<\/li>\n<li><strong>Erscheinungsjahr:<\/strong> 2024<\/li>\n<\/ul>\n","protected":false},"excerpt":{"rendered":"<p>Nike Air Max Plus OG \u201d\u201d Voltage Purple\/Total Orange\/Purple Agate<\/p>\n","protected":false},"featured_media":140487,"comment_status":"open","ping_status":"closed","template":"","meta":[],"product_brand":[],"product_cat":[10803],"product_tag":[10750,10753,10754,10765,10801,10768,10785,10786,10758],"class_list":{"0":"post-140486","1":"product","2":"type-product","3":"status-publish","4":"has-post-thumbnail","6":"product_cat-nike","7":"product_tag-athleisure-shoes","8":"product_tag-gift-for-him","9":"product_tag-lifestyle-casual-shoes","10":"product_tag-lifestyle-shoes-running-inspired","11":"product_tag-nike","12":"product_tag-retro-running-shoes","13":"product_tag-trending-deals","14":"product_tag-trending-deals-under-150","15":"product_tag-under-retail","16":"wcpa_has_options","18":"first","19":"instock","20":"sale","21":"taxable","22":"shipping-taxable","23":"purchasable","24":"product-type-simple"},"wcpa_form_fields":{"rules":{"pric_overide_base_price":false,"pric_overide_base_price_if_gt_zero":false,"pric_overide_base_price_fully":false,"pric_cal_option_once":false,"pric_use_as_fee":false,"bind_quantity":false,"quantity_bind_formula":false},"fields":[{"type":"color-group","required":true,"elementId":"wcpa-color-group-66c4a75505e74","label":"Gr\u00f6\u00dfe - EU Gr\u00f6\u00dfe","inline":true,"priceOptions":"different_for_all","pricingType":"fixed","className":"hassizechart product-shoes-size-eu product-shoes-size","name":"color-group-66c4a75505e89","disp_type":"square","selection_type":"tick-border","disp_size":"44","show_label_inside":true,"adjust_width":true,"cart_display_type":"text","other_text":"Other","cl_rule":"show","col":6,"values":[{"label":"35.5","value":"EU 35.5","price":"","pimage":"","pimage_id":"","pthumb":"","color":""},{"label":"36","value":"EU 36","price":"","pimage":"","pimage_id":"","pthumb":"","color":"","selected":true},{"label":"36.5","value":"EU 36.5","price":"","pimage":"","pimage_id":"","pthumb":"","color":""},{"label":"37.5","value":"EU 37.5","price":"","pimage":"","pimage_id":"","pthumb":"","color":""},{"label":"38","value":"EU 38","price":"","pimage":"","pimage_id":"","pthumb":"","color":""},{"label":"38.5","value":"EU 38.5","price":"","pimage":"","pimage_id":"","pthumb":"","color":""},{"label":"39","value":"EU 39","price":"","pimage":"","pimage_id":"","pthumb":"","color":""},{"label":"40","value":"EU 40","price":"","pimage":"","pimage_id":"","pthumb":"","color":""},{"label":"40.5","value":"EU 40.5","price":"","pimage":"","pimage_id":"","pthumb":"","color":""},{"label":"41","value":"EU 41","price":"","pimage":"","pimage_id":"","pthumb":"","color":""},{"label":"42","value":"EU 42","price":"","pimage":"","pimage_id":"","pthumb":"","color":""},{"label":"42.5","value":"EU 42.5","price":"","pimage":"","pimage_id":"","pthumb":"","color":""},{"label":"43","value":"EU 43","price":"","pimage":"","pimage_id":"","pthumb":"","color":""},{"label":"44","value":"EU 44","price":"","pimage":"","pimage_id":"","pthumb":"","color":""},{"label":"44.5","value":"EU 44.5","price":"","pimage":"","pimage_id":"","pthumb":"","color":""},{"label":"45","value":"EU 45","price":"","pimage":"","pimage_id":"","pthumb":"","color":""},{"label":"45.5","value":"EU 45.5","price":"","pimage":"","pimage_id":"","pthumb":"","color":""},{"label":"46","value":"EU 46","price":"","pimage":"","pimage_id":"","pthumb":"","color":""},{"label":"47","value":"EU 47","price":"","pimage":"","pimage_id":"","pthumb":"","color":""},{"label":"47.5","value":"EU 47.5","price":"","pimage":"","pimage_id":"","pthumb":"","color":""},{"label":"48","value":"EU 48","price":"","pimage":"","pimage_id":"","pthumb":"","color":""}],"relations":[{"operator":false,"rules":[]}],"form_id":18106,"form_rules":{"pric_cal_option_once":false,"exclude_from_discount":false,"pric_use_as_fee":false,"fee_label":"Fee","render_after_acb":false,"disp_hide_options_price":false}}]},"yoast_head":"<!-- This site is optimized with the Yoast SEO plugin v26.5 - https:\/\/yoast.com\/wordpress\/plugins\/seo\/ -->\n<title>Nike Air Max Plus OG &#039;Voltage Purple&#039; 2024  - Loftrunway<\/title>\n<meta name=\"robots\" content=\"index, follow, max-snippet:-1, max-image-preview:large, max-video-preview:-1\" \/>\n<link rel=\"canonical\" href=\"https:\/\/loftrunway.com\/de\/products\/nike-air-max-plus-og-voltage-purple-2024\/\" \/>\n<meta property=\"og:locale\" content=\"de_DE\" \/>\n<meta property=\"og:type\" content=\"article\" \/>\n<meta property=\"og:title\" content=\"Nike Air Max Plus OG &#039;Voltage Purple&#039; 2024  - Loftrunway\" \/>\n<meta property=\"og:description\" content=\"Nike Air Max Plus OG \u201d\u201d Voltage Purple\/Total Orange\/Purple Agate\" \/>\n<meta property=\"og:url\" content=\"https:\/\/loftrunway.com\/de\/products\/nike-air-max-plus-og-voltage-purple-2024\/\" \/>\n<meta property=\"og:site_name\" content=\"loftRUN Sneaker Store\" \/>\n<meta property=\"article:modified_time\" content=\"2026-04-03T12:40:01+00:00\" \/>\n<meta name=\"twitter:card\" content=\"summary_large_image\" \/>\n<meta name=\"twitter:image\" content=\"https:\/\/images.novelship.com\/product\/nike_air_max_plus_og__voltage_purple__2024_dx0755__0_56560.jpeg\" \/>\n<meta name=\"twitter:label1\" content=\"Gesch\u00e4tzte Lesezeit\" \/>\n\t<meta name=\"twitter:data1\" content=\"1\u00a0Minute\" \/>\n<script type=\"application\/ld+json\" class=\"yoast-schema-graph\">{\"@context\":\"https:\/\/schema.org\",\"@graph\":[{\"@type\":\"WebPage\",\"@id\":\"https:\/\/loftrunway.com\/de\/products\/nike-air-max-plus-og-voltage-purple-2024\/\",\"url\":\"https:\/\/loftrunway.com\/de\/products\/nike-air-max-plus-og-voltage-purple-2024\/\",\"name\":\"Nike Air Max Plus OG 'Voltage Purple' 2024 - Loftrunway\",\"isPartOf\":{\"@id\":\"https:\/\/loftrunway.com\/de\/#website\"},\"primaryImageOfPage\":{\"@id\":\"https:\/\/loftrunway.com\/de\/products\/nike-air-max-plus-og-voltage-purple-2024\/#primaryimage\"},\"image\":{\"@id\":\"https:\/\/loftrunway.com\/de\/products\/nike-air-max-plus-og-voltage-purple-2024\/#primaryimage\"},\"thumbnailUrl\":\"https:\/\/images.novelship.com\/product\/nike_air_max_plus_og__voltage_purple__2024_dx0755__0_56560.jpeg\",\"datePublished\":\"2026-03-02T08:36:04+00:00\",\"dateModified\":\"2026-04-03T12:40:01+00:00\",\"breadcrumb\":{\"@id\":\"https:\/\/loftrunway.com\/de\/products\/nike-air-max-plus-og-voltage-purple-2024\/#breadcrumb\"},\"inLanguage\":\"de\",\"potentialAction\":[{\"@type\":\"ReadAction\",\"target\":[\"https:\/\/loftrunway.com\/de\/products\/nike-air-max-plus-og-voltage-purple-2024\/\"]}]},{\"@type\":\"ImageObject\",\"inLanguage\":\"de\",\"@id\":\"https:\/\/loftrunway.com\/de\/products\/nike-air-max-plus-og-voltage-purple-2024\/#primaryimage\",\"url\":\"https:\/\/images.novelship.com\/product\/nike_air_max_plus_og__voltage_purple__2024_dx0755__0_56560.jpeg\",\"contentUrl\":\"https:\/\/images.novelship.com\/product\/nike_air_max_plus_og__voltage_purple__2024_dx0755__0_56560.jpeg\"},{\"@type\":\"BreadcrumbList\",\"@id\":\"https:\/\/loftrunway.com\/de\/products\/nike-air-max-plus-og-voltage-purple-2024\/#breadcrumb\",\"itemListElement\":[{\"@type\":\"ListItem\",\"position\":1,\"name\":\"Home\",\"item\":\"https:\/\/loftrunway.com\/de\/\"},{\"@type\":\"ListItem\",\"position\":2,\"name\":\"Shop\",\"item\":\"https:\/\/loftrunway.com\/de\/shop\/\"},{\"@type\":\"ListItem\",\"position\":3,\"name\":\"Nike Air Max Plus OG &#8218;Voltage Purple&#8216; 2024\"}]},{\"@type\":\"WebSite\",\"@id\":\"https:\/\/loftrunway.com\/de\/#website\",\"url\":\"https:\/\/loftrunway.com\/de\/\",\"name\":\"Styloral Jewelry Shop\",\"description\":\"Der Ort, an dem man alle Arten von Sneakern findet\",\"publisher\":{\"@id\":\"https:\/\/loftrunway.com\/de\/#organization\"},\"potentialAction\":[{\"@type\":\"SearchAction\",\"target\":{\"@type\":\"EntryPoint\",\"urlTemplate\":\"https:\/\/loftrunway.com\/de\/?s={search_term_string}\"},\"query-input\":{\"@type\":\"PropertyValueSpecification\",\"valueRequired\":true,\"valueName\":\"search_term_string\"}}],\"inLanguage\":\"de\"},{\"@type\":\"Organization\",\"@id\":\"https:\/\/loftrunway.com\/de\/#organization\",\"name\":\"STYLORAL PTE. LTD\",\"url\":\"https:\/\/loftrunway.com\/de\/\",\"logo\":{\"@type\":\"ImageObject\",\"inLanguage\":\"de\",\"@id\":\"https:\/\/loftrunway.com\/de\/#\/schema\/logo\/image\/\",\"url\":\"https:\/\/www.loftrunway.com\/wp-content\/uploads\/2025\/12\/logo.png\",\"contentUrl\":\"https:\/\/www.loftrunway.com\/wp-content\/uploads\/2025\/12\/logo.png\",\"width\":200,\"height\":65,\"caption\":\"STYLORAL PTE. LTD\"},\"image\":{\"@id\":\"https:\/\/loftrunway.com\/de\/#\/schema\/logo\/image\/\"}}]}<\/script>\n<!-- \/ Yoast SEO plugin. -->","yoast_head_json":{"title":"Nike Air Max Plus OG 'Voltage Purple' 2024  - Loftrunway","robots":{"index":"index","follow":"follow","max-snippet":"max-snippet:-1","max-image-preview":"max-image-preview:large","max-video-preview":"max-video-preview:-1"},"canonical":"https:\/\/loftrunway.com\/de\/products\/nike-air-max-plus-og-voltage-purple-2024\/","og_locale":"de_DE","og_type":"article","og_title":"Nike Air Max Plus OG 'Voltage Purple' 2024  - Loftrunway","og_description":"Nike Air Max Plus OG \u201d\u201d Voltage Purple\/Total Orange\/Purple Agate","og_url":"https:\/\/loftrunway.com\/de\/products\/nike-air-max-plus-og-voltage-purple-2024\/","og_site_name":"loftRUN Sneaker Store","article_modified_time":"2026-04-03T12:40:01+00:00","twitter_card":"summary_large_image","twitter_image":"https:\/\/images.novelship.com\/product\/nike_air_max_plus_og__voltage_purple__2024_dx0755__0_56560.jpeg","twitter_misc":{"Gesch\u00e4tzte Lesezeit":"1\u00a0Minute"},"schema":{"@context":"https:\/\/schema.org","@graph":[{"@type":"WebPage","@id":"https:\/\/loftrunway.com\/de\/products\/nike-air-max-plus-og-voltage-purple-2024\/","url":"https:\/\/loftrunway.com\/de\/products\/nike-air-max-plus-og-voltage-purple-2024\/","name":"Nike Air Max Plus OG 'Voltage Purple' 2024 - Loftrunway","isPartOf":{"@id":"https:\/\/loftrunway.com\/de\/#website"},"primaryImageOfPage":{"@id":"https:\/\/loftrunway.com\/de\/products\/nike-air-max-plus-og-voltage-purple-2024\/#primaryimage"},"image":{"@id":"https:\/\/loftrunway.com\/de\/products\/nike-air-max-plus-og-voltage-purple-2024\/#primaryimage"},"thumbnailUrl":"https:\/\/images.novelship.com\/product\/nike_air_max_plus_og__voltage_purple__2024_dx0755__0_56560.jpeg","datePublished":"2026-03-02T08:36:04+00:00","dateModified":"2026-04-03T12:40:01+00:00","breadcrumb":{"@id":"https:\/\/loftrunway.com\/de\/products\/nike-air-max-plus-og-voltage-purple-2024\/#breadcrumb"},"inLanguage":"de","potentialAction":[{"@type":"ReadAction","target":["https:\/\/loftrunway.com\/de\/products\/nike-air-max-plus-og-voltage-purple-2024\/"]}]},{"@type":"ImageObject","inLanguage":"de","@id":"https:\/\/loftrunway.com\/de\/products\/nike-air-max-plus-og-voltage-purple-2024\/#primaryimage","url":"https:\/\/images.novelship.com\/product\/nike_air_max_plus_og__voltage_purple__2024_dx0755__0_56560.jpeg","contentUrl":"https:\/\/images.novelship.com\/product\/nike_air_max_plus_og__voltage_purple__2024_dx0755__0_56560.jpeg"},{"@type":"BreadcrumbList","@id":"https:\/\/loftrunway.com\/de\/products\/nike-air-max-plus-og-voltage-purple-2024\/#breadcrumb","itemListElement":[{"@type":"ListItem","position":1,"name":"Home","item":"https:\/\/loftrunway.com\/de\/"},{"@type":"ListItem","position":2,"name":"Shop","item":"https:\/\/loftrunway.com\/de\/shop\/"},{"@type":"ListItem","position":3,"name":"Nike Air Max Plus OG &#8218;Voltage Purple&#8216; 2024"}]},{"@type":"WebSite","@id":"https:\/\/loftrunway.com\/de\/#website","url":"https:\/\/loftrunway.com\/de\/","name":"Styloral Jewelry Shop","description":"Der Ort, an dem man alle Arten von Sneakern findet","publisher":{"@id":"https:\/\/loftrunway.com\/de\/#organization"},"potentialAction":[{"@type":"SearchAction","target":{"@type":"EntryPoint","urlTemplate":"https:\/\/loftrunway.com\/de\/?s={search_term_string}"},"query-input":{"@type":"PropertyValueSpecification","valueRequired":true,"valueName":"search_term_string"}}],"inLanguage":"de"},{"@type":"Organization","@id":"https:\/\/loftrunway.com\/de\/#organization","name":"STYLORAL PTE. LTD","url":"https:\/\/loftrunway.com\/de\/","logo":{"@type":"ImageObject","inLanguage":"de","@id":"https:\/\/loftrunway.com\/de\/#\/schema\/logo\/image\/","url":"https:\/\/www.loftrunway.com\/wp-content\/uploads\/2025\/12\/logo.png","contentUrl":"https:\/\/www.loftrunway.com\/wp-content\/uploads\/2025\/12\/logo.png","width":200,"height":65,"caption":"STYLORAL PTE. LTD"},"image":{"@id":"https:\/\/loftrunway.com\/de\/#\/schema\/logo\/image\/"}}]}},"_links":{"self":[{"href":"https:\/\/loftrunway.com\/de\/wp-json\/wp\/v2\/product\/140486","targetHints":{"allow":["GET"]}}],"collection":[{"href":"https:\/\/loftrunway.com\/de\/wp-json\/wp\/v2\/product"}],"about":[{"href":"https:\/\/loftrunway.com\/de\/wp-json\/wp\/v2\/types\/product"}],"replies":[{"embeddable":true,"href":"https:\/\/loftrunway.com\/de\/wp-json\/wp\/v2\/comments?post=140486"}],"wp:featuredmedia":[{"embeddable":true,"href":"https:\/\/loftrunway.com\/de\/wp-json\/wp\/v2\/media\/140487"}],"wp:attachment":[{"href":"https:\/\/loftrunway.com\/de\/wp-json\/wp\/v2\/media?parent=140486"}],"wp:term":[{"taxonomy":"product_brand","embeddable":true,"href":"https:\/\/loftrunway.com\/de\/wp-json\/wp\/v2\/product_brand?post=140486"},{"taxonomy":"product_cat","embeddable":true,"href":"https:\/\/loftrunway.com\/de\/wp-json\/wp\/v2\/product_cat?post=140486"},{"taxonomy":"product_tag","embeddable":true,"href":"https:\/\/loftrunway.com\/de\/wp-json\/wp\/v2\/product_tag?post=140486"}],"curies":[{"name":"wp","href":"https:\/\/api.w.org\/{rel}","templated":true}]}}