{"id":140592,"date":"2026-03-02T15:36:12","date_gmt":"2026-03-02T08:36:12","guid":{"rendered":"http:\/\/loftrunway.com\/product\/women-asics-novablast-5-tokyo-marathon"},"modified":"2026-04-02T14:52:14","modified_gmt":"2026-04-02T07:52:14","slug":"women-asics-novablast-5-tokyo-marathon","status":"publish","type":"product","link":"https:\/\/loftrunway.com\/de\/products\/women-asics-novablast-5-tokyo-marathon\/","title":{"rendered":"(Women) ASICS Novablast 5 &#8218;Tokyo Marathon&#8216;"},"content":{"rendered":"<p>Erleben Sie unvergleichlichen Komfort und optimale Energier\u00fcckgabe mit dem ASICS NOVABLAST 5 Tokyo Laufschuh. Er vereint modernste Performance mit einem eleganten, modernen Design. Dieser innovative Schuh ist perfekt f\u00fcr Neutrall\u00e4ufer und bietet dank FF BLAST PLUS D\u00e4mpfung ein leichtes und reaktionsfreudiges Laufgef\u00fchl sowie eine vom Trampolin inspirierte Au\u00dfensohle f\u00fcr kraftvollen Vortrieb bei jedem Schritt.<\/p>\n<p>Inspiriert vom pulsierenden Leben Tokios, verleiht das dynamische Design Fitnessbegeisterten und Stadterkundern gleicherma\u00dfen eine besondere Note. Das speziell entwickelte Strickobermaterial passt sich m\u00fchelos Ihrem Fu\u00df an und bietet hervorragende Atmungsaktivit\u00e4t, Unterst\u00fctzung und eine bequeme Passform f\u00fcr langanhaltenden Komfort. Fortschrittliche Stabilit\u00e4tsverbesserungen optimieren die Laufeffizienz und machen den Schuh zur idealen Wahl f\u00fcr Training, Wettkampf oder Freizeit.<\/p>\n<p>Der vielseitige NOVABLAST 5 Tokyo \u00fcberzeugt auf Asphalt und erm\u00f6glicht dank seiner \u00fcberarbeiteten Geometrie geschmeidige \u00dcberg\u00e4nge. Egal, ob Sie pers\u00f6nliche Bestzeiten anstreben oder einfach aktiv bleiben m\u00f6chten \u201d\u201c dieser leichte und leistungsstarke Schuh garantiert ein dynamisches und mitrei\u00dfendes Laufgef\u00fchl. Revolutioniere dein Lauferlebnis mit der traditionellen Handwerkskunst und technischen Innovationen von ASICS.<\/p>\n<ul>\n<li><strong>Farbgebung:<\/strong> Wei\u00df\/Korallenriff<\/li>\n<li><strong>Artikelnummer:<\/strong> 1012B888-100<\/li>\n<li><strong>Obermaterial:<\/strong> Mesh<\/li>\n<li><strong>Zwischensohle:<\/strong> FlyteFoam Blast Max<\/li>\n<li><strong>Farbe:<\/strong> Wei\u00df<\/li>\n<\/ul>\n","protected":false},"excerpt":{"rendered":"<p>ASICS NOVABLAST 5 TOKYO \u201d\u201d White\/Coral Reef<\/p>\n","protected":false},"featured_media":140593,"comment_status":"open","ping_status":"closed","template":"","meta":[],"product_brand":[],"product_cat":[11020,41273],"product_tag":[10791,11053,10839,10802,10840],"class_list":{"0":"post-140592","1":"product","2":"type-product","3":"status-publish","4":"has-post-thumbnail","6":"product_cat-asics-women","7":"product_cat-remove","8":"product_tag-asics","9":"product_tag-lightweight-running-shoes","10":"product_tag-performance-running-shoes","11":"product_tag-performance-sport-shoes","12":"product_tag-running-shoes","13":"wcpa_has_options","15":"first","16":"instock","17":"taxable","18":"shipping-taxable","19":"purchasable","20":"product-type-simple"},"wcpa_form_fields":{"rules":{"pric_overide_base_price":false,"pric_overide_base_price_if_gt_zero":false,"pric_overide_base_price_fully":false,"pric_cal_option_once":false,"pric_use_as_fee":false,"bind_quantity":false,"quantity_bind_formula":false},"fields":[{"type":"color-group","required":true,"elementId":"wcpa-color-group-69a5ac3f3e644","label":"Gr\u00f6\u00dfe","inline":true,"priceOptions":"different_for_all","pricingType":"fixed","className":"hassizechart product-shoes-size-eu product-shoes-size","name":"color-group-69a5ac3f3e64e","disp_type":"square","selection_type":"tick-border","disp_size":"50","show_label_inside":true,"adjust_width":true,"cart_display_type":"text","other_text":"Other","cl_rule":"show","col":6,"values":[{"label":"34.5","value":"EU 34.5","price":"","pimage":"","pimage_id":"","pthumb":"","color":""},{"label":"35","value":"EU 35","price":"","pimage":"","pimage_id":"","pthumb":"","color":""},{"label":"35.5","value":"EU 35.5","price":"","pimage":"","pimage_id":"","pthumb":"","color":""},{"label":"36","value":"EU 36","price":"","pimage":"","pimage_id":"","pthumb":"","color":"","selected":true},{"label":"37","value":"EU 37","price":"","pimage":"","pimage_id":"","pthumb":"","color":""},{"label":"37.5","value":"EU 37.5","price":"","pimage":"","pimage_id":"","pthumb":"","color":""},{"label":"38","value":"EU 38","price":"","pimage":"","pimage_id":"","pthumb":"","color":""},{"label":"38.5","value":"EU 38.5","price":"","pimage":"","pimage_id":"","pthumb":"","color":""},{"label":"39","value":"EU 39","price":"","pimage":"","pimage_id":"","pthumb":"","color":""},{"label":"39.5","value":"EU 39.5","price":"","pimage":"","pimage_id":"","pthumb":"","color":""},{"label":"40","value":"EU 40","price":"","pimage":"","pimage_id":"","pthumb":"","color":""},{"label":"40.5","value":"EU 40.5","price":"","pimage":"","pimage_id":"","pthumb":"","color":""},{"label":" 41.5","value":"EU 41.5","price":"","pimage":"","pimage_id":"","pthumb":"","color":""},{"label":"42","value":"EU 42","price":"","pimage":"","pimage_id":"","pthumb":"","color":""},{"label":"42.5","value":"EU 42.5","price":"","pimage":"","pimage_id":"","pthumb":"","color":""},{"label":"43.5","value":"EU 43.5","price":"","pimage":"","pimage_id":"","pthumb":"","color":""},{"label":"44","value":"EU 44","price":"","pimage":"","pimage_id":"","pthumb":"","color":""},{"label":"44.5","value":"EU 44.5","price":"","pimage":"","pimage_id":"","pthumb":"","color":""},{"label":"45","value":"EU 45","price":"","pimage":"","pimage_id":"","pthumb":"","color":""}],"relations":[{"operator":false,"rules":[]}],"form_id":184312,"form_rules":{"pric_cal_option_once":false,"exclude_from_discount":false,"pric_use_as_fee":false,"fee_label":"Fee","render_after_acb":false,"disp_hide_options_price":false}}]},"yoast_head":"<!-- This site is optimized with the Yoast SEO plugin v26.5 - https:\/\/yoast.com\/wordpress\/plugins\/seo\/ -->\n<title>(Women) ASICS Novablast 5 &#039;Tokyo Marathon&#039;  - Loftrunway<\/title>\n<meta name=\"robots\" content=\"index, follow, max-snippet:-1, max-image-preview:large, max-video-preview:-1\" \/>\n<link rel=\"canonical\" href=\"https:\/\/loftrunway.com\/de\/products\/women-asics-novablast-5-tokyo-marathon\/\" \/>\n<meta property=\"og:locale\" content=\"de_DE\" \/>\n<meta property=\"og:type\" content=\"article\" \/>\n<meta property=\"og:title\" content=\"(Women) ASICS Novablast 5 &#039;Tokyo Marathon&#039;  - Loftrunway\" \/>\n<meta property=\"og:description\" content=\"ASICS NOVABLAST 5 TOKYO \u201d\u201d White\/Coral Reef\" \/>\n<meta property=\"og:url\" content=\"https:\/\/loftrunway.com\/de\/products\/women-asics-novablast-5-tokyo-marathon\/\" \/>\n<meta property=\"og:site_name\" content=\"loftRUN Sneaker Store\" \/>\n<meta property=\"article:modified_time\" content=\"2026-04-02T07:52:14+00:00\" \/>\n<meta name=\"twitter:card\" content=\"summary_large_image\" \/>\n<meta name=\"twitter:image\" content=\"https:\/\/images.novelship.com\/product\/_w__at_novablast_5_tokyo_1012b888-100_0_57444.jpeg\" \/>\n<meta name=\"twitter:label1\" content=\"Gesch\u00e4tzte Lesezeit\" \/>\n\t<meta name=\"twitter:data1\" content=\"1\u00a0Minute\" \/>\n<script type=\"application\/ld+json\" class=\"yoast-schema-graph\">{\"@context\":\"https:\/\/schema.org\",\"@graph\":[{\"@type\":\"WebPage\",\"@id\":\"https:\/\/loftrunway.com\/de\/products\/women-asics-novablast-5-tokyo-marathon\/\",\"url\":\"https:\/\/loftrunway.com\/de\/products\/women-asics-novablast-5-tokyo-marathon\/\",\"name\":\"(Women) ASICS Novablast 5 'Tokyo Marathon' - Loftrunway\",\"isPartOf\":{\"@id\":\"https:\/\/loftrunway.com\/de\/#website\"},\"primaryImageOfPage\":{\"@id\":\"https:\/\/loftrunway.com\/de\/products\/women-asics-novablast-5-tokyo-marathon\/#primaryimage\"},\"image\":{\"@id\":\"https:\/\/loftrunway.com\/de\/products\/women-asics-novablast-5-tokyo-marathon\/#primaryimage\"},\"thumbnailUrl\":\"https:\/\/images.novelship.com\/product\/_w__at_novablast_5_tokyo_1012b888-100_0_57444.jpeg\",\"datePublished\":\"2026-03-02T08:36:12+00:00\",\"dateModified\":\"2026-04-02T07:52:14+00:00\",\"breadcrumb\":{\"@id\":\"https:\/\/loftrunway.com\/de\/products\/women-asics-novablast-5-tokyo-marathon\/#breadcrumb\"},\"inLanguage\":\"de\",\"potentialAction\":[{\"@type\":\"ReadAction\",\"target\":[\"https:\/\/loftrunway.com\/de\/products\/women-asics-novablast-5-tokyo-marathon\/\"]}]},{\"@type\":\"ImageObject\",\"inLanguage\":\"de\",\"@id\":\"https:\/\/loftrunway.com\/de\/products\/women-asics-novablast-5-tokyo-marathon\/#primaryimage\",\"url\":\"https:\/\/images.novelship.com\/product\/_w__at_novablast_5_tokyo_1012b888-100_0_57444.jpeg\",\"contentUrl\":\"https:\/\/images.novelship.com\/product\/_w__at_novablast_5_tokyo_1012b888-100_0_57444.jpeg\"},{\"@type\":\"BreadcrumbList\",\"@id\":\"https:\/\/loftrunway.com\/de\/products\/women-asics-novablast-5-tokyo-marathon\/#breadcrumb\",\"itemListElement\":[{\"@type\":\"ListItem\",\"position\":1,\"name\":\"Home\",\"item\":\"https:\/\/loftrunway.com\/de\/\"},{\"@type\":\"ListItem\",\"position\":2,\"name\":\"Shop\",\"item\":\"https:\/\/loftrunway.com\/de\/shop\/\"},{\"@type\":\"ListItem\",\"position\":3,\"name\":\"(Women) ASICS Novablast 5 &#8218;Tokyo Marathon&#8216;\"}]},{\"@type\":\"WebSite\",\"@id\":\"https:\/\/loftrunway.com\/de\/#website\",\"url\":\"https:\/\/loftrunway.com\/de\/\",\"name\":\"Styloral Jewelry Shop\",\"description\":\"Der Ort, an dem man alle Arten von Sneakern findet\",\"publisher\":{\"@id\":\"https:\/\/loftrunway.com\/de\/#organization\"},\"potentialAction\":[{\"@type\":\"SearchAction\",\"target\":{\"@type\":\"EntryPoint\",\"urlTemplate\":\"https:\/\/loftrunway.com\/de\/?s={search_term_string}\"},\"query-input\":{\"@type\":\"PropertyValueSpecification\",\"valueRequired\":true,\"valueName\":\"search_term_string\"}}],\"inLanguage\":\"de\"},{\"@type\":\"Organization\",\"@id\":\"https:\/\/loftrunway.com\/de\/#organization\",\"name\":\"STYLORAL PTE. LTD\",\"url\":\"https:\/\/loftrunway.com\/de\/\",\"logo\":{\"@type\":\"ImageObject\",\"inLanguage\":\"de\",\"@id\":\"https:\/\/loftrunway.com\/de\/#\/schema\/logo\/image\/\",\"url\":\"https:\/\/www.loftrunway.com\/wp-content\/uploads\/2025\/12\/logo.png\",\"contentUrl\":\"https:\/\/www.loftrunway.com\/wp-content\/uploads\/2025\/12\/logo.png\",\"width\":200,\"height\":65,\"caption\":\"STYLORAL PTE. LTD\"},\"image\":{\"@id\":\"https:\/\/loftrunway.com\/de\/#\/schema\/logo\/image\/\"}}]}<\/script>\n<!-- \/ Yoast SEO plugin. -->","yoast_head_json":{"title":"(Women) ASICS Novablast 5 'Tokyo Marathon'  - Loftrunway","robots":{"index":"index","follow":"follow","max-snippet":"max-snippet:-1","max-image-preview":"max-image-preview:large","max-video-preview":"max-video-preview:-1"},"canonical":"https:\/\/loftrunway.com\/de\/products\/women-asics-novablast-5-tokyo-marathon\/","og_locale":"de_DE","og_type":"article","og_title":"(Women) ASICS Novablast 5 'Tokyo Marathon'  - Loftrunway","og_description":"ASICS NOVABLAST 5 TOKYO \u201d\u201d White\/Coral Reef","og_url":"https:\/\/loftrunway.com\/de\/products\/women-asics-novablast-5-tokyo-marathon\/","og_site_name":"loftRUN Sneaker Store","article_modified_time":"2026-04-02T07:52:14+00:00","twitter_card":"summary_large_image","twitter_image":"https:\/\/images.novelship.com\/product\/_w__at_novablast_5_tokyo_1012b888-100_0_57444.jpeg","twitter_misc":{"Gesch\u00e4tzte Lesezeit":"1\u00a0Minute"},"schema":{"@context":"https:\/\/schema.org","@graph":[{"@type":"WebPage","@id":"https:\/\/loftrunway.com\/de\/products\/women-asics-novablast-5-tokyo-marathon\/","url":"https:\/\/loftrunway.com\/de\/products\/women-asics-novablast-5-tokyo-marathon\/","name":"(Women) ASICS Novablast 5 'Tokyo Marathon' - Loftrunway","isPartOf":{"@id":"https:\/\/loftrunway.com\/de\/#website"},"primaryImageOfPage":{"@id":"https:\/\/loftrunway.com\/de\/products\/women-asics-novablast-5-tokyo-marathon\/#primaryimage"},"image":{"@id":"https:\/\/loftrunway.com\/de\/products\/women-asics-novablast-5-tokyo-marathon\/#primaryimage"},"thumbnailUrl":"https:\/\/images.novelship.com\/product\/_w__at_novablast_5_tokyo_1012b888-100_0_57444.jpeg","datePublished":"2026-03-02T08:36:12+00:00","dateModified":"2026-04-02T07:52:14+00:00","breadcrumb":{"@id":"https:\/\/loftrunway.com\/de\/products\/women-asics-novablast-5-tokyo-marathon\/#breadcrumb"},"inLanguage":"de","potentialAction":[{"@type":"ReadAction","target":["https:\/\/loftrunway.com\/de\/products\/women-asics-novablast-5-tokyo-marathon\/"]}]},{"@type":"ImageObject","inLanguage":"de","@id":"https:\/\/loftrunway.com\/de\/products\/women-asics-novablast-5-tokyo-marathon\/#primaryimage","url":"https:\/\/images.novelship.com\/product\/_w__at_novablast_5_tokyo_1012b888-100_0_57444.jpeg","contentUrl":"https:\/\/images.novelship.com\/product\/_w__at_novablast_5_tokyo_1012b888-100_0_57444.jpeg"},{"@type":"BreadcrumbList","@id":"https:\/\/loftrunway.com\/de\/products\/women-asics-novablast-5-tokyo-marathon\/#breadcrumb","itemListElement":[{"@type":"ListItem","position":1,"name":"Home","item":"https:\/\/loftrunway.com\/de\/"},{"@type":"ListItem","position":2,"name":"Shop","item":"https:\/\/loftrunway.com\/de\/shop\/"},{"@type":"ListItem","position":3,"name":"(Women) ASICS Novablast 5 &#8218;Tokyo Marathon&#8216;"}]},{"@type":"WebSite","@id":"https:\/\/loftrunway.com\/de\/#website","url":"https:\/\/loftrunway.com\/de\/","name":"Styloral Jewelry Shop","description":"Der Ort, an dem man alle Arten von Sneakern findet","publisher":{"@id":"https:\/\/loftrunway.com\/de\/#organization"},"potentialAction":[{"@type":"SearchAction","target":{"@type":"EntryPoint","urlTemplate":"https:\/\/loftrunway.com\/de\/?s={search_term_string}"},"query-input":{"@type":"PropertyValueSpecification","valueRequired":true,"valueName":"search_term_string"}}],"inLanguage":"de"},{"@type":"Organization","@id":"https:\/\/loftrunway.com\/de\/#organization","name":"STYLORAL PTE. LTD","url":"https:\/\/loftrunway.com\/de\/","logo":{"@type":"ImageObject","inLanguage":"de","@id":"https:\/\/loftrunway.com\/de\/#\/schema\/logo\/image\/","url":"https:\/\/www.loftrunway.com\/wp-content\/uploads\/2025\/12\/logo.png","contentUrl":"https:\/\/www.loftrunway.com\/wp-content\/uploads\/2025\/12\/logo.png","width":200,"height":65,"caption":"STYLORAL PTE. LTD"},"image":{"@id":"https:\/\/loftrunway.com\/de\/#\/schema\/logo\/image\/"}}]}},"_links":{"self":[{"href":"https:\/\/loftrunway.com\/de\/wp-json\/wp\/v2\/product\/140592","targetHints":{"allow":["GET"]}}],"collection":[{"href":"https:\/\/loftrunway.com\/de\/wp-json\/wp\/v2\/product"}],"about":[{"href":"https:\/\/loftrunway.com\/de\/wp-json\/wp\/v2\/types\/product"}],"replies":[{"embeddable":true,"href":"https:\/\/loftrunway.com\/de\/wp-json\/wp\/v2\/comments?post=140592"}],"wp:featuredmedia":[{"embeddable":true,"href":"https:\/\/loftrunway.com\/de\/wp-json\/wp\/v2\/media\/140593"}],"wp:attachment":[{"href":"https:\/\/loftrunway.com\/de\/wp-json\/wp\/v2\/media?parent=140592"}],"wp:term":[{"taxonomy":"product_brand","embeddable":true,"href":"https:\/\/loftrunway.com\/de\/wp-json\/wp\/v2\/product_brand?post=140592"},{"taxonomy":"product_cat","embeddable":true,"href":"https:\/\/loftrunway.com\/de\/wp-json\/wp\/v2\/product_cat?post=140592"},{"taxonomy":"product_tag","embeddable":true,"href":"https:\/\/loftrunway.com\/de\/wp-json\/wp\/v2\/product_tag?post=140592"}],"curies":[{"name":"wp","href":"https:\/\/api.w.org\/{rel}","templated":true}]}}