{"id":140672,"date":"2026-03-02T15:36:17","date_gmt":"2026-03-02T08:36:17","guid":{"rendered":"http:\/\/loftrunway.com\/product\/adidas-adizero-adios-pro-3-black-spark"},"modified":"2026-04-03T19:40:05","modified_gmt":"2026-04-03T12:40:05","slug":"adidas-adizero-adios-pro-3-black-spark","status":"publish","type":"product","link":"https:\/\/loftrunway.com\/de\/products\/adidas-adizero-adios-pro-3-black-spark\/","title":{"rendered":"adidas Adizero Adios Pro 3 &#8218;Black Spark&#8216;"},"content":{"rendered":"<p>Verbessere dein Lauferlebnis mit den adidas Adizero Adios Pro 3 &#8218;Black Spark&#8216; Laufschuhen. Diese Schuhe wurden f\u00fcr Geschwindigkeit und Effizienz entwickelt und zeichnen sich durch ein leichtes Design, reaktionsfreudige D\u00e4mpfung und eine Carbonfaserplatte f\u00fcr unvergleichlichen Vortrieb aus. Ihr elegantes Schwarz mit leuchtenden Akzenten strahlt Stil und Leistung aus. Egal, ob du pers\u00f6nliche Bestzeiten jagst oder die Konkurrenz dominieren willst, der Adizero Adios Pro 3 &#8218;Black Spark&#8216; hilft dir, deine Laufziele zu erreichen.<\/p>\n<ul>\n<li><strong>Farbgebung:<\/strong> Core Black\/Zero Metallic\/Spark<\/li>\n<li><strong>Style-Code:<\/strong> IG6439<\/li>\n<li><strong>Obermaterial:<\/strong> Textil<\/li>\n<li><strong>Zwischensohle:<\/strong> Lightstrike Pro<\/li>\n<li><strong>Farbe:<\/strong> Schwarz<\/li>\n<li><strong>Erscheinungsjahr:<\/strong> 2024<\/li>\n<\/ul>\n","protected":false},"excerpt":{"rendered":"<p>adidas Adizero Adios Pro 3 \u201d\u201d Core Black\/Zero Metalic\/Spark<\/p>\n","protected":false},"featured_media":140673,"comment_status":"open","ping_status":"closed","template":"","meta":[],"product_brand":[],"product_cat":[10760],"product_tag":[10759,11026,10753,10837,10839,10802,10840,10758],"class_list":{"0":"post-140672","1":"product","2":"type-product","3":"status-publish","4":"has-post-thumbnail","6":"product_cat-adidas","7":"product_tag-adidas","8":"product_tag-carbon-plated-running-shoes","9":"product_tag-gift-for-him","10":"product_tag-marathon-long-distance-running-shoes","11":"product_tag-performance-running-shoes","12":"product_tag-performance-sport-shoes","13":"product_tag-running-shoes","14":"product_tag-under-retail","15":"wcpa_has_options","17":"first","18":"instock","19":"sale","20":"taxable","21":"shipping-taxable","22":"purchasable","23":"product-type-simple"},"wcpa_form_fields":{"rules":{"pric_overide_base_price":false,"pric_overide_base_price_if_gt_zero":false,"pric_overide_base_price_fully":false,"pric_cal_option_once":false,"pric_use_as_fee":false,"bind_quantity":false,"quantity_bind_formula":false},"fields":[{"type":"color-group","required":true,"elementId":"wcpa-color-group-66c4a7f817afe","label":"Gr\u00f6\u00dfe","inline":true,"priceOptions":"different_for_all","pricingType":"fixed","className":"hassizechart product-shoes-size-eu product-shoes-size","name":"color-group-66c4a7f817b18","disp_type":"square","selection_type":"tick-border","disp_size":"50","show_label_inside":true,"adjust_width":true,"cart_display_type":"text","other_text":"Other","cl_rule":"show","col":6,"values":[{"label":"35","value":"EU 35","price":"","pimage":"","pimage_id":"","pthumb":"","color":""},{"label":"35.5","value":"EU 35.5","price":"","pimage":"","pimage_id":"","pthumb":"","color":""},{"label":"36","value":"EU 36","price":"","pimage":"","pimage_id":"","pthumb":"","color":"","selected":true},{"label":"36 2\/3","value":"EU 36 2\/3","price":"","pimage":"","pimage_id":"","pthumb":"","color":""},{"label":"37 1\/3","value":"EU 37 1\/3","price":"","pimage":"","pimage_id":"","pthumb":"","color":""},{"label":"38","value":"EU 38","price":"","pimage":"","pimage_id":"","pthumb":"","color":""},{"label":"38 2\/3","value":"EU 38 2\/3","price":"","pimage":"","pimage_id":"","pthumb":"","color":""},{"label":"39 1\/3","value":"EU 39 1\/3","price":"","pimage":"","pimage_id":"","pthumb":"","color":""},{"label":"40","value":"EU 40","price":"","pimage":"","pimage_id":"","pthumb":"","color":""},{"label":"40 2\/3","value":"EU 40 2\/3","price":"","pimage":"","pimage_id":"","pthumb":"","color":""},{"label":"41 1\/3","value":"EU 41 1\/3","price":"","pimage":"","pimage_id":"","pthumb":"","color":""},{"label":"42","value":"EU 42","price":"","pimage":"","pimage_id":"","pthumb":"","color":""},{"label":"42 2\/3","value":"EU 42 2\/3","price":"","pimage":"","pimage_id":"","pthumb":"","color":""},{"label":"43 1\/3","value":"EU 43 1\/3","price":"","pimage":"","pimage_id":"","pthumb":"","color":""},{"label":"44","value":"EU 44","price":"","pimage":"","pimage_id":"","pthumb":"","color":""},{"label":"44 2\/3","value":"EU 44 2\/3","price":"","pimage":"","pimage_id":"","pthumb":"","color":""},{"label":"45 1\/3","value":"EU 45 1\/3","price":"","pimage":"","pimage_id":"","pthumb":"","color":""},{"label":"46","value":"EU 46","price":"","pimage":"","pimage_id":"","pthumb":"","color":""},{"label":"46 2\/3","value":"EU 46 2\/3","price":"","pimage":"","pimage_id":"","pthumb":"","color":""},{"label":"47 1\/3","value":"EU 47 1\/3","price":"","pimage":"","pimage_id":"","pthumb":"","color":""}],"relations":[{"operator":false,"rules":[]}],"form_id":24802,"form_rules":{"pric_cal_option_once":false,"exclude_from_discount":false,"pric_use_as_fee":false,"fee_label":"Fee","render_after_acb":false,"disp_hide_options_price":false}}]},"yoast_head":"<!-- This site is optimized with the Yoast SEO plugin v26.5 - https:\/\/yoast.com\/wordpress\/plugins\/seo\/ -->\n<title>adidas Adizero Adios Pro 3 &#039;Black Spark&#039;  - Loftrunway<\/title>\n<meta name=\"robots\" content=\"index, follow, max-snippet:-1, max-image-preview:large, max-video-preview:-1\" \/>\n<link rel=\"canonical\" href=\"https:\/\/loftrunway.com\/de\/products\/adidas-adizero-adios-pro-3-black-spark\/\" \/>\n<meta property=\"og:locale\" content=\"de_DE\" \/>\n<meta property=\"og:type\" content=\"article\" \/>\n<meta property=\"og:title\" content=\"adidas Adizero Adios Pro 3 &#039;Black Spark&#039;  - Loftrunway\" \/>\n<meta property=\"og:description\" content=\"adidas Adizero Adios Pro 3 \u201d\u201d Core Black\/Zero Metalic\/Spark\" \/>\n<meta property=\"og:url\" content=\"https:\/\/loftrunway.com\/de\/products\/adidas-adizero-adios-pro-3-black-spark\/\" \/>\n<meta property=\"og:site_name\" content=\"loftRUN Sneaker Store\" \/>\n<meta property=\"article:modified_time\" content=\"2026-04-03T12:40:05+00:00\" \/>\n<meta name=\"twitter:card\" content=\"summary_large_image\" \/>\n<meta name=\"twitter:image\" content=\"https:\/\/images.novelship.com\/product\/adidas_adizero_adios_pro_3__black_spark__ig6439_0_77145.jpeg\" \/>\n<script type=\"application\/ld+json\" class=\"yoast-schema-graph\">{\"@context\":\"https:\/\/schema.org\",\"@graph\":[{\"@type\":\"WebPage\",\"@id\":\"https:\/\/loftrunway.com\/de\/products\/adidas-adizero-adios-pro-3-black-spark\/\",\"url\":\"https:\/\/loftrunway.com\/de\/products\/adidas-adizero-adios-pro-3-black-spark\/\",\"name\":\"adidas Adizero Adios Pro 3 'Black Spark' - Loftrunway\",\"isPartOf\":{\"@id\":\"https:\/\/loftrunway.com\/de\/#website\"},\"primaryImageOfPage\":{\"@id\":\"https:\/\/loftrunway.com\/de\/products\/adidas-adizero-adios-pro-3-black-spark\/#primaryimage\"},\"image\":{\"@id\":\"https:\/\/loftrunway.com\/de\/products\/adidas-adizero-adios-pro-3-black-spark\/#primaryimage\"},\"thumbnailUrl\":\"https:\/\/images.novelship.com\/product\/adidas_adizero_adios_pro_3__black_spark__ig6439_0_77145.jpeg\",\"datePublished\":\"2026-03-02T08:36:17+00:00\",\"dateModified\":\"2026-04-03T12:40:05+00:00\",\"breadcrumb\":{\"@id\":\"https:\/\/loftrunway.com\/de\/products\/adidas-adizero-adios-pro-3-black-spark\/#breadcrumb\"},\"inLanguage\":\"de\",\"potentialAction\":[{\"@type\":\"ReadAction\",\"target\":[\"https:\/\/loftrunway.com\/de\/products\/adidas-adizero-adios-pro-3-black-spark\/\"]}]},{\"@type\":\"ImageObject\",\"inLanguage\":\"de\",\"@id\":\"https:\/\/loftrunway.com\/de\/products\/adidas-adizero-adios-pro-3-black-spark\/#primaryimage\",\"url\":\"https:\/\/images.novelship.com\/product\/adidas_adizero_adios_pro_3__black_spark__ig6439_0_77145.jpeg\",\"contentUrl\":\"https:\/\/images.novelship.com\/product\/adidas_adizero_adios_pro_3__black_spark__ig6439_0_77145.jpeg\"},{\"@type\":\"BreadcrumbList\",\"@id\":\"https:\/\/loftrunway.com\/de\/products\/adidas-adizero-adios-pro-3-black-spark\/#breadcrumb\",\"itemListElement\":[{\"@type\":\"ListItem\",\"position\":1,\"name\":\"Home\",\"item\":\"https:\/\/loftrunway.com\/de\/\"},{\"@type\":\"ListItem\",\"position\":2,\"name\":\"Shop\",\"item\":\"https:\/\/loftrunway.com\/de\/shop\/\"},{\"@type\":\"ListItem\",\"position\":3,\"name\":\"adidas Adizero Adios Pro 3 &#8218;Black Spark&#8216;\"}]},{\"@type\":\"WebSite\",\"@id\":\"https:\/\/loftrunway.com\/de\/#website\",\"url\":\"https:\/\/loftrunway.com\/de\/\",\"name\":\"Styloral Jewelry Shop\",\"description\":\"Der Ort, an dem man alle Arten von Sneakern findet\",\"publisher\":{\"@id\":\"https:\/\/loftrunway.com\/de\/#organization\"},\"potentialAction\":[{\"@type\":\"SearchAction\",\"target\":{\"@type\":\"EntryPoint\",\"urlTemplate\":\"https:\/\/loftrunway.com\/de\/?s={search_term_string}\"},\"query-input\":{\"@type\":\"PropertyValueSpecification\",\"valueRequired\":true,\"valueName\":\"search_term_string\"}}],\"inLanguage\":\"de\"},{\"@type\":\"Organization\",\"@id\":\"https:\/\/loftrunway.com\/de\/#organization\",\"name\":\"STYLORAL PTE. LTD\",\"url\":\"https:\/\/loftrunway.com\/de\/\",\"logo\":{\"@type\":\"ImageObject\",\"inLanguage\":\"de\",\"@id\":\"https:\/\/loftrunway.com\/de\/#\/schema\/logo\/image\/\",\"url\":\"https:\/\/www.loftrunway.com\/wp-content\/uploads\/2025\/12\/logo.png\",\"contentUrl\":\"https:\/\/www.loftrunway.com\/wp-content\/uploads\/2025\/12\/logo.png\",\"width\":200,\"height\":65,\"caption\":\"STYLORAL PTE. LTD\"},\"image\":{\"@id\":\"https:\/\/loftrunway.com\/de\/#\/schema\/logo\/image\/\"}}]}<\/script>\n<!-- \/ Yoast SEO plugin. -->","yoast_head_json":{"title":"adidas Adizero Adios Pro 3 'Black Spark'  - Loftrunway","robots":{"index":"index","follow":"follow","max-snippet":"max-snippet:-1","max-image-preview":"max-image-preview:large","max-video-preview":"max-video-preview:-1"},"canonical":"https:\/\/loftrunway.com\/de\/products\/adidas-adizero-adios-pro-3-black-spark\/","og_locale":"de_DE","og_type":"article","og_title":"adidas Adizero Adios Pro 3 'Black Spark'  - Loftrunway","og_description":"adidas Adizero Adios Pro 3 \u201d\u201d Core Black\/Zero Metalic\/Spark","og_url":"https:\/\/loftrunway.com\/de\/products\/adidas-adizero-adios-pro-3-black-spark\/","og_site_name":"loftRUN Sneaker Store","article_modified_time":"2026-04-03T12:40:05+00:00","twitter_card":"summary_large_image","twitter_image":"https:\/\/images.novelship.com\/product\/adidas_adizero_adios_pro_3__black_spark__ig6439_0_77145.jpeg","schema":{"@context":"https:\/\/schema.org","@graph":[{"@type":"WebPage","@id":"https:\/\/loftrunway.com\/de\/products\/adidas-adizero-adios-pro-3-black-spark\/","url":"https:\/\/loftrunway.com\/de\/products\/adidas-adizero-adios-pro-3-black-spark\/","name":"adidas Adizero Adios Pro 3 'Black Spark' - Loftrunway","isPartOf":{"@id":"https:\/\/loftrunway.com\/de\/#website"},"primaryImageOfPage":{"@id":"https:\/\/loftrunway.com\/de\/products\/adidas-adizero-adios-pro-3-black-spark\/#primaryimage"},"image":{"@id":"https:\/\/loftrunway.com\/de\/products\/adidas-adizero-adios-pro-3-black-spark\/#primaryimage"},"thumbnailUrl":"https:\/\/images.novelship.com\/product\/adidas_adizero_adios_pro_3__black_spark__ig6439_0_77145.jpeg","datePublished":"2026-03-02T08:36:17+00:00","dateModified":"2026-04-03T12:40:05+00:00","breadcrumb":{"@id":"https:\/\/loftrunway.com\/de\/products\/adidas-adizero-adios-pro-3-black-spark\/#breadcrumb"},"inLanguage":"de","potentialAction":[{"@type":"ReadAction","target":["https:\/\/loftrunway.com\/de\/products\/adidas-adizero-adios-pro-3-black-spark\/"]}]},{"@type":"ImageObject","inLanguage":"de","@id":"https:\/\/loftrunway.com\/de\/products\/adidas-adizero-adios-pro-3-black-spark\/#primaryimage","url":"https:\/\/images.novelship.com\/product\/adidas_adizero_adios_pro_3__black_spark__ig6439_0_77145.jpeg","contentUrl":"https:\/\/images.novelship.com\/product\/adidas_adizero_adios_pro_3__black_spark__ig6439_0_77145.jpeg"},{"@type":"BreadcrumbList","@id":"https:\/\/loftrunway.com\/de\/products\/adidas-adizero-adios-pro-3-black-spark\/#breadcrumb","itemListElement":[{"@type":"ListItem","position":1,"name":"Home","item":"https:\/\/loftrunway.com\/de\/"},{"@type":"ListItem","position":2,"name":"Shop","item":"https:\/\/loftrunway.com\/de\/shop\/"},{"@type":"ListItem","position":3,"name":"adidas Adizero Adios Pro 3 &#8218;Black Spark&#8216;"}]},{"@type":"WebSite","@id":"https:\/\/loftrunway.com\/de\/#website","url":"https:\/\/loftrunway.com\/de\/","name":"Styloral Jewelry Shop","description":"Der Ort, an dem man alle Arten von Sneakern findet","publisher":{"@id":"https:\/\/loftrunway.com\/de\/#organization"},"potentialAction":[{"@type":"SearchAction","target":{"@type":"EntryPoint","urlTemplate":"https:\/\/loftrunway.com\/de\/?s={search_term_string}"},"query-input":{"@type":"PropertyValueSpecification","valueRequired":true,"valueName":"search_term_string"}}],"inLanguage":"de"},{"@type":"Organization","@id":"https:\/\/loftrunway.com\/de\/#organization","name":"STYLORAL PTE. LTD","url":"https:\/\/loftrunway.com\/de\/","logo":{"@type":"ImageObject","inLanguage":"de","@id":"https:\/\/loftrunway.com\/de\/#\/schema\/logo\/image\/","url":"https:\/\/www.loftrunway.com\/wp-content\/uploads\/2025\/12\/logo.png","contentUrl":"https:\/\/www.loftrunway.com\/wp-content\/uploads\/2025\/12\/logo.png","width":200,"height":65,"caption":"STYLORAL PTE. LTD"},"image":{"@id":"https:\/\/loftrunway.com\/de\/#\/schema\/logo\/image\/"}}]}},"_links":{"self":[{"href":"https:\/\/loftrunway.com\/de\/wp-json\/wp\/v2\/product\/140672","targetHints":{"allow":["GET"]}}],"collection":[{"href":"https:\/\/loftrunway.com\/de\/wp-json\/wp\/v2\/product"}],"about":[{"href":"https:\/\/loftrunway.com\/de\/wp-json\/wp\/v2\/types\/product"}],"replies":[{"embeddable":true,"href":"https:\/\/loftrunway.com\/de\/wp-json\/wp\/v2\/comments?post=140672"}],"wp:featuredmedia":[{"embeddable":true,"href":"https:\/\/loftrunway.com\/de\/wp-json\/wp\/v2\/media\/140673"}],"wp:attachment":[{"href":"https:\/\/loftrunway.com\/de\/wp-json\/wp\/v2\/media?parent=140672"}],"wp:term":[{"taxonomy":"product_brand","embeddable":true,"href":"https:\/\/loftrunway.com\/de\/wp-json\/wp\/v2\/product_brand?post=140672"},{"taxonomy":"product_cat","embeddable":true,"href":"https:\/\/loftrunway.com\/de\/wp-json\/wp\/v2\/product_cat?post=140672"},{"taxonomy":"product_tag","embeddable":true,"href":"https:\/\/loftrunway.com\/de\/wp-json\/wp\/v2\/product_tag?post=140672"}],"curies":[{"name":"wp","href":"https:\/\/api.w.org\/{rel}","templated":true}]}}