{"id":141015,"date":"2026-03-02T15:36:46","date_gmt":"2026-03-02T08:36:46","guid":{"rendered":"http:\/\/loftrunway.com\/product\/lamine-yamal-x-adidas-f50-elite-laceless-fg-lyt304"},"modified":"2026-04-03T19:40:13","modified_gmt":"2026-04-03T12:40:13","slug":"lamine-yamal-x-adidas-f50-elite-laceless-fg-lyt304","status":"publish","type":"product","link":"https:\/\/loftrunway.com\/de\/products\/lamine-yamal-x-adidas-f50-elite-laceless-fg-lyt304\/","title":{"rendered":"Lamine Yamal x adidas F50 Elite Laceless FG &#8218;LYT304&#8216;"},"content":{"rendered":"<p>Erlebe unvergleichliche Performance mit dem Lamine Yamal x adidas F50 Elite Laceless FG &#8218;LYT304&#8216; JQ0339. Dieser Fu\u00dfballschuh wurde f\u00fcr Spitzensportler entwickelt und besticht durch seine revolution\u00e4re, schn\u00fcrsenkellose Konstruktion f\u00fcr eine optimale Passform. Das leichte Obermaterial sorgt f\u00fcr explosive Geschwindigkeit, w\u00e4hrend die griffige Au\u00dfensohle hervorragende Traktion auf Naturrasen bietet. Dank der innovativen Technologie von adidas bietet der F50 Elite \u00fcberlegene Ballkontrolle und Stabilit\u00e4t. Bringe dein Spiel auf ein neues Level und mache jedes Match unvergesslich mit diesem auff\u00e4lligen Schuh.<\/p>\n<p>Farbgebung: Clear Pink\/Purple Glow\/Light Pink<\/p>\n<p>Artikelnummer: JQ0339<\/p>\n<p>Obermaterial: Fibertouch<\/p>\n<p>Farbe: Pink<\/p>\n<p>Erscheinungsjahr: 2024<\/p>\n","protected":false},"excerpt":{"rendered":"<p>adidas None \u201d\u201d Clear Pink\/Purple Glow\/Light Pink<\/p>\n","protected":false},"featured_media":141016,"comment_status":"open","ping_status":"closed","template":"","meta":[],"product_brand":[],"product_cat":[10760],"product_tag":[10759,11087,17099,10802,10986,10987,10785],"class_list":{"0":"post-141015","1":"product","2":"type-product","3":"status-publish","4":"has-post-thumbnail","6":"product_cat-adidas","7":"product_tag-adidas","8":"product_tag-firm-ground-fg-football-boots","9":"product_tag-laceless-football-boots","10":"product_tag-performance-sport-shoes","11":"product_tag-soccer-shoes","12":"product_tag-soccer-shoes-football-cleats","13":"product_tag-trending-deals","14":"wcpa_has_options","16":"first","17":"instock","18":"taxable","19":"shipping-taxable","20":"purchasable","21":"product-type-simple"},"wcpa_form_fields":{"rules":{"pric_overide_base_price":false,"pric_overide_base_price_if_gt_zero":false,"pric_overide_base_price_fully":false,"pric_cal_option_once":false,"pric_use_as_fee":false,"bind_quantity":false,"quantity_bind_formula":false},"fields":[{"type":"color-group","required":true,"elementId":"wcpa-color-group-66c4a7f817afe","label":"Gr\u00f6\u00dfe","inline":true,"priceOptions":"different_for_all","pricingType":"fixed","className":"hassizechart product-shoes-size-eu product-shoes-size","name":"color-group-66c4a7f817b18","disp_type":"square","selection_type":"tick-border","disp_size":"50","show_label_inside":true,"adjust_width":true,"cart_display_type":"text","other_text":"Other","cl_rule":"show","col":6,"values":[{"label":"35","value":"EU 35","price":"","pimage":"","pimage_id":"","pthumb":"","color":""},{"label":"35.5","value":"EU 35.5","price":"","pimage":"","pimage_id":"","pthumb":"","color":""},{"label":"36","value":"EU 36","price":"","pimage":"","pimage_id":"","pthumb":"","color":"","selected":true},{"label":"36 2\/3","value":"EU 36 2\/3","price":"","pimage":"","pimage_id":"","pthumb":"","color":""},{"label":"37 1\/3","value":"EU 37 1\/3","price":"","pimage":"","pimage_id":"","pthumb":"","color":""},{"label":"38","value":"EU 38","price":"","pimage":"","pimage_id":"","pthumb":"","color":""},{"label":"38 2\/3","value":"EU 38 2\/3","price":"","pimage":"","pimage_id":"","pthumb":"","color":""},{"label":"39 1\/3","value":"EU 39 1\/3","price":"","pimage":"","pimage_id":"","pthumb":"","color":""},{"label":"40","value":"EU 40","price":"","pimage":"","pimage_id":"","pthumb":"","color":""},{"label":"40 2\/3","value":"EU 40 2\/3","price":"","pimage":"","pimage_id":"","pthumb":"","color":""},{"label":"41 1\/3","value":"EU 41 1\/3","price":"","pimage":"","pimage_id":"","pthumb":"","color":""},{"label":"42","value":"EU 42","price":"","pimage":"","pimage_id":"","pthumb":"","color":""},{"label":"42 2\/3","value":"EU 42 2\/3","price":"","pimage":"","pimage_id":"","pthumb":"","color":""},{"label":"43 1\/3","value":"EU 43 1\/3","price":"","pimage":"","pimage_id":"","pthumb":"","color":""},{"label":"44","value":"EU 44","price":"","pimage":"","pimage_id":"","pthumb":"","color":""},{"label":"44 2\/3","value":"EU 44 2\/3","price":"","pimage":"","pimage_id":"","pthumb":"","color":""},{"label":"45 1\/3","value":"EU 45 1\/3","price":"","pimage":"","pimage_id":"","pthumb":"","color":""},{"label":"46","value":"EU 46","price":"","pimage":"","pimage_id":"","pthumb":"","color":""},{"label":"46 2\/3","value":"EU 46 2\/3","price":"","pimage":"","pimage_id":"","pthumb":"","color":""},{"label":"47 1\/3","value":"EU 47 1\/3","price":"","pimage":"","pimage_id":"","pthumb":"","color":""}],"relations":[{"operator":false,"rules":[]}],"form_id":24802,"form_rules":{"pric_cal_option_once":false,"exclude_from_discount":false,"pric_use_as_fee":false,"fee_label":"Fee","render_after_acb":false,"disp_hide_options_price":false}}]},"yoast_head":"<!-- This site is optimized with the Yoast SEO plugin v26.5 - https:\/\/yoast.com\/wordpress\/plugins\/seo\/ -->\n<title>Lamine Yamal x adidas F50 Elite Laceless FG &#039;LYT304&#039;  - Loftrunway<\/title>\n<meta name=\"robots\" content=\"index, follow, max-snippet:-1, max-image-preview:large, max-video-preview:-1\" \/>\n<link rel=\"canonical\" href=\"https:\/\/loftrunway.com\/de\/products\/lamine-yamal-x-adidas-f50-elite-laceless-fg-lyt304\/\" \/>\n<meta property=\"og:locale\" content=\"de_DE\" \/>\n<meta property=\"og:type\" content=\"article\" \/>\n<meta property=\"og:title\" content=\"Lamine Yamal x adidas F50 Elite Laceless FG &#039;LYT304&#039;  - Loftrunway\" \/>\n<meta property=\"og:description\" content=\"adidas None \u201d\u201d Clear Pink\/Purple Glow\/Light Pink\" \/>\n<meta property=\"og:url\" content=\"https:\/\/loftrunway.com\/de\/products\/lamine-yamal-x-adidas-f50-elite-laceless-fg-lyt304\/\" \/>\n<meta property=\"og:site_name\" content=\"loftRUN Sneaker Store\" \/>\n<meta property=\"article:modified_time\" content=\"2026-04-03T12:40:13+00:00\" \/>\n<meta name=\"twitter:card\" content=\"summary_large_image\" \/>\n<meta name=\"twitter:image\" content=\"https:\/\/images.novelship.com\/product\/lamine_yamal_x_adidas_f50_elite_laceless_fg__lyt30_0_14552.jpeg\" \/>\n<meta name=\"twitter:label1\" content=\"Gesch\u00e4tzte Lesezeit\" \/>\n\t<meta name=\"twitter:data1\" content=\"1\u00a0Minute\" \/>\n<script type=\"application\/ld+json\" class=\"yoast-schema-graph\">{\"@context\":\"https:\/\/schema.org\",\"@graph\":[{\"@type\":\"WebPage\",\"@id\":\"https:\/\/loftrunway.com\/de\/products\/lamine-yamal-x-adidas-f50-elite-laceless-fg-lyt304\/\",\"url\":\"https:\/\/loftrunway.com\/de\/products\/lamine-yamal-x-adidas-f50-elite-laceless-fg-lyt304\/\",\"name\":\"Lamine Yamal x adidas F50 Elite Laceless FG 'LYT304' - Loftrunway\",\"isPartOf\":{\"@id\":\"https:\/\/loftrunway.com\/de\/#website\"},\"primaryImageOfPage\":{\"@id\":\"https:\/\/loftrunway.com\/de\/products\/lamine-yamal-x-adidas-f50-elite-laceless-fg-lyt304\/#primaryimage\"},\"image\":{\"@id\":\"https:\/\/loftrunway.com\/de\/products\/lamine-yamal-x-adidas-f50-elite-laceless-fg-lyt304\/#primaryimage\"},\"thumbnailUrl\":\"https:\/\/images.novelship.com\/product\/lamine_yamal_x_adidas_f50_elite_laceless_fg__lyt30_0_14552.jpeg\",\"datePublished\":\"2026-03-02T08:36:46+00:00\",\"dateModified\":\"2026-04-03T12:40:13+00:00\",\"breadcrumb\":{\"@id\":\"https:\/\/loftrunway.com\/de\/products\/lamine-yamal-x-adidas-f50-elite-laceless-fg-lyt304\/#breadcrumb\"},\"inLanguage\":\"de\",\"potentialAction\":[{\"@type\":\"ReadAction\",\"target\":[\"https:\/\/loftrunway.com\/de\/products\/lamine-yamal-x-adidas-f50-elite-laceless-fg-lyt304\/\"]}]},{\"@type\":\"ImageObject\",\"inLanguage\":\"de\",\"@id\":\"https:\/\/loftrunway.com\/de\/products\/lamine-yamal-x-adidas-f50-elite-laceless-fg-lyt304\/#primaryimage\",\"url\":\"https:\/\/images.novelship.com\/product\/lamine_yamal_x_adidas_f50_elite_laceless_fg__lyt30_0_14552.jpeg\",\"contentUrl\":\"https:\/\/images.novelship.com\/product\/lamine_yamal_x_adidas_f50_elite_laceless_fg__lyt30_0_14552.jpeg\"},{\"@type\":\"BreadcrumbList\",\"@id\":\"https:\/\/loftrunway.com\/de\/products\/lamine-yamal-x-adidas-f50-elite-laceless-fg-lyt304\/#breadcrumb\",\"itemListElement\":[{\"@type\":\"ListItem\",\"position\":1,\"name\":\"Home\",\"item\":\"https:\/\/loftrunway.com\/de\/\"},{\"@type\":\"ListItem\",\"position\":2,\"name\":\"Shop\",\"item\":\"https:\/\/loftrunway.com\/de\/shop\/\"},{\"@type\":\"ListItem\",\"position\":3,\"name\":\"Lamine Yamal x adidas F50 Elite Laceless FG 'LYT304'\"}]},{\"@type\":\"WebSite\",\"@id\":\"https:\/\/loftrunway.com\/de\/#website\",\"url\":\"https:\/\/loftrunway.com\/de\/\",\"name\":\"Styloral Jewelry Shop\",\"description\":\"Der Ort, an dem man alle Arten von Sneakern findet\",\"publisher\":{\"@id\":\"https:\/\/loftrunway.com\/de\/#organization\"},\"potentialAction\":[{\"@type\":\"SearchAction\",\"target\":{\"@type\":\"EntryPoint\",\"urlTemplate\":\"https:\/\/loftrunway.com\/de\/?s={search_term_string}\"},\"query-input\":{\"@type\":\"PropertyValueSpecification\",\"valueRequired\":true,\"valueName\":\"search_term_string\"}}],\"inLanguage\":\"de\"},{\"@type\":\"Organization\",\"@id\":\"https:\/\/loftrunway.com\/de\/#organization\",\"name\":\"STYLORAL PTE. LTD\",\"url\":\"https:\/\/loftrunway.com\/de\/\",\"logo\":{\"@type\":\"ImageObject\",\"inLanguage\":\"de\",\"@id\":\"https:\/\/loftrunway.com\/de\/#\/schema\/logo\/image\/\",\"url\":\"https:\/\/www.loftrunway.com\/wp-content\/uploads\/2025\/12\/logo.png\",\"contentUrl\":\"https:\/\/www.loftrunway.com\/wp-content\/uploads\/2025\/12\/logo.png\",\"width\":200,\"height\":65,\"caption\":\"STYLORAL PTE. LTD\"},\"image\":{\"@id\":\"https:\/\/loftrunway.com\/de\/#\/schema\/logo\/image\/\"}}]}<\/script>\n<!-- \/ Yoast SEO plugin. -->","yoast_head_json":{"title":"Lamine Yamal x adidas F50 Elite Laceless FG 'LYT304'  - Loftrunway","robots":{"index":"index","follow":"follow","max-snippet":"max-snippet:-1","max-image-preview":"max-image-preview:large","max-video-preview":"max-video-preview:-1"},"canonical":"https:\/\/loftrunway.com\/de\/products\/lamine-yamal-x-adidas-f50-elite-laceless-fg-lyt304\/","og_locale":"de_DE","og_type":"article","og_title":"Lamine Yamal x adidas F50 Elite Laceless FG 'LYT304'  - Loftrunway","og_description":"adidas None \u201d\u201d Clear Pink\/Purple Glow\/Light Pink","og_url":"https:\/\/loftrunway.com\/de\/products\/lamine-yamal-x-adidas-f50-elite-laceless-fg-lyt304\/","og_site_name":"loftRUN Sneaker Store","article_modified_time":"2026-04-03T12:40:13+00:00","twitter_card":"summary_large_image","twitter_image":"https:\/\/images.novelship.com\/product\/lamine_yamal_x_adidas_f50_elite_laceless_fg__lyt30_0_14552.jpeg","twitter_misc":{"Gesch\u00e4tzte Lesezeit":"1\u00a0Minute"},"schema":{"@context":"https:\/\/schema.org","@graph":[{"@type":"WebPage","@id":"https:\/\/loftrunway.com\/de\/products\/lamine-yamal-x-adidas-f50-elite-laceless-fg-lyt304\/","url":"https:\/\/loftrunway.com\/de\/products\/lamine-yamal-x-adidas-f50-elite-laceless-fg-lyt304\/","name":"Lamine Yamal x adidas F50 Elite Laceless FG 'LYT304' - Loftrunway","isPartOf":{"@id":"https:\/\/loftrunway.com\/de\/#website"},"primaryImageOfPage":{"@id":"https:\/\/loftrunway.com\/de\/products\/lamine-yamal-x-adidas-f50-elite-laceless-fg-lyt304\/#primaryimage"},"image":{"@id":"https:\/\/loftrunway.com\/de\/products\/lamine-yamal-x-adidas-f50-elite-laceless-fg-lyt304\/#primaryimage"},"thumbnailUrl":"https:\/\/images.novelship.com\/product\/lamine_yamal_x_adidas_f50_elite_laceless_fg__lyt30_0_14552.jpeg","datePublished":"2026-03-02T08:36:46+00:00","dateModified":"2026-04-03T12:40:13+00:00","breadcrumb":{"@id":"https:\/\/loftrunway.com\/de\/products\/lamine-yamal-x-adidas-f50-elite-laceless-fg-lyt304\/#breadcrumb"},"inLanguage":"de","potentialAction":[{"@type":"ReadAction","target":["https:\/\/loftrunway.com\/de\/products\/lamine-yamal-x-adidas-f50-elite-laceless-fg-lyt304\/"]}]},{"@type":"ImageObject","inLanguage":"de","@id":"https:\/\/loftrunway.com\/de\/products\/lamine-yamal-x-adidas-f50-elite-laceless-fg-lyt304\/#primaryimage","url":"https:\/\/images.novelship.com\/product\/lamine_yamal_x_adidas_f50_elite_laceless_fg__lyt30_0_14552.jpeg","contentUrl":"https:\/\/images.novelship.com\/product\/lamine_yamal_x_adidas_f50_elite_laceless_fg__lyt30_0_14552.jpeg"},{"@type":"BreadcrumbList","@id":"https:\/\/loftrunway.com\/de\/products\/lamine-yamal-x-adidas-f50-elite-laceless-fg-lyt304\/#breadcrumb","itemListElement":[{"@type":"ListItem","position":1,"name":"Home","item":"https:\/\/loftrunway.com\/de\/"},{"@type":"ListItem","position":2,"name":"Shop","item":"https:\/\/loftrunway.com\/de\/shop\/"},{"@type":"ListItem","position":3,"name":"Lamine Yamal x adidas F50 Elite Laceless FG 'LYT304'"}]},{"@type":"WebSite","@id":"https:\/\/loftrunway.com\/de\/#website","url":"https:\/\/loftrunway.com\/de\/","name":"Styloral Jewelry Shop","description":"Der Ort, an dem man alle Arten von Sneakern findet","publisher":{"@id":"https:\/\/loftrunway.com\/de\/#organization"},"potentialAction":[{"@type":"SearchAction","target":{"@type":"EntryPoint","urlTemplate":"https:\/\/loftrunway.com\/de\/?s={search_term_string}"},"query-input":{"@type":"PropertyValueSpecification","valueRequired":true,"valueName":"search_term_string"}}],"inLanguage":"de"},{"@type":"Organization","@id":"https:\/\/loftrunway.com\/de\/#organization","name":"STYLORAL PTE. LTD","url":"https:\/\/loftrunway.com\/de\/","logo":{"@type":"ImageObject","inLanguage":"de","@id":"https:\/\/loftrunway.com\/de\/#\/schema\/logo\/image\/","url":"https:\/\/www.loftrunway.com\/wp-content\/uploads\/2025\/12\/logo.png","contentUrl":"https:\/\/www.loftrunway.com\/wp-content\/uploads\/2025\/12\/logo.png","width":200,"height":65,"caption":"STYLORAL PTE. LTD"},"image":{"@id":"https:\/\/loftrunway.com\/de\/#\/schema\/logo\/image\/"}}]}},"_links":{"self":[{"href":"https:\/\/loftrunway.com\/de\/wp-json\/wp\/v2\/product\/141015","targetHints":{"allow":["GET"]}}],"collection":[{"href":"https:\/\/loftrunway.com\/de\/wp-json\/wp\/v2\/product"}],"about":[{"href":"https:\/\/loftrunway.com\/de\/wp-json\/wp\/v2\/types\/product"}],"replies":[{"embeddable":true,"href":"https:\/\/loftrunway.com\/de\/wp-json\/wp\/v2\/comments?post=141015"}],"wp:featuredmedia":[{"embeddable":true,"href":"https:\/\/loftrunway.com\/de\/wp-json\/wp\/v2\/media\/141016"}],"wp:attachment":[{"href":"https:\/\/loftrunway.com\/de\/wp-json\/wp\/v2\/media?parent=141015"}],"wp:term":[{"taxonomy":"product_brand","embeddable":true,"href":"https:\/\/loftrunway.com\/de\/wp-json\/wp\/v2\/product_brand?post=141015"},{"taxonomy":"product_cat","embeddable":true,"href":"https:\/\/loftrunway.com\/de\/wp-json\/wp\/v2\/product_cat?post=141015"},{"taxonomy":"product_tag","embeddable":true,"href":"https:\/\/loftrunway.com\/de\/wp-json\/wp\/v2\/product_tag?post=141015"}],"curies":[{"name":"wp","href":"https:\/\/api.w.org\/{rel}","templated":true}]}}