{"id":144263,"date":"2026-03-02T15:41:56","date_gmt":"2026-03-02T08:41:56","guid":{"rendered":"http:\/\/loftrunway.com\/product\/adidas-adizero-evo-sl-atr-putty-grey"},"modified":"2026-04-02T14:54:20","modified_gmt":"2026-04-02T07:54:20","slug":"adidas-adizero-evo-sl-atr-putty-grey","status":"publish","type":"product","link":"https:\/\/loftrunway.com\/de\/products\/adidas-adizero-evo-sl-atr-putty-grey\/","title":{"rendered":"adidas Adizero Evo SL ATR &#8218;Putty Grey&#8216;"},"content":{"rendered":"<p>Der adidas Adizero Evo SL ATR in Putty Grey Strata (Modell KK2688) ist ein leichter, leistungsstarker Laufschuh f\u00fcr Athleten, die auf jedem Terrain Geschwindigkeit und Strapazierf\u00e4higkeit fordern. Dank fortschrittlicher Materialien bietet dieser vielseitige Trainingsschuh reaktionsfreudige D\u00e4mpfung f\u00fcr optimale Energier\u00fcckgabe und h\u00f6chsten Komfort \u201d\u201c ideal f\u00fcr Langstreckenl\u00e4ufe oder intensive Trainingseinheiten. Das atmungsaktive Obermaterial sorgt f\u00fcr hervorragende Bel\u00fcftung, w\u00e4hrend das schlanke Design eine bequeme und dennoch flexible Passform f\u00fcr nat\u00fcrliche, uneingeschr\u00e4nkte Bewegungsfreiheit bietet. Die All-Terrain-Au\u00dfensohle bietet hervorragenden Grip und Traktion und erm\u00f6glicht es L\u00e4ufern, jeden Untergrund zu meistern \u201d\u201c von urbanen Stra\u00dfen bis hin zu anspruchsvollen Trails. Stilvoll, funktional und innovativ: Der adidas Adizero Evo SL ATR ist perfekt f\u00fcr Profi-L\u00e4ufer und Fitnessbegeisterte, die h\u00f6chste Effizienz und Style suchen. Erlebe ein neues Laufgef\u00fchl mit diesem hochmodernen Schuh, der Innovation und \u00c4sthetik vereint.<\/p>\n<ul>\n<li><strong>Farbgebung:<\/strong> Kittgrau\/Kittgrau\/Grau Strata<\/li>\n<li><strong>Artikelnummer:<\/strong> KK2688<\/li>\n<li><strong>Obermaterial:<\/strong> Textil<\/li>\n<li><strong>Zwischensohle:<\/strong> Lightstrike Pro<\/li>\n<li><strong>Farbe:<\/strong> Beige<\/li>\n<li><strong>Erscheinungsjahr:<\/strong> 2026<\/li>\n<\/ul>\n","protected":false},"excerpt":{"rendered":"<p>adidas Adizero Evo SL ATR \u201d\u201d Putty Grey\/Putty Grey\/Grey Strata<\/p>\n","protected":false},"featured_media":144264,"comment_status":"open","ping_status":"closed","template":"","meta":[],"product_brand":[],"product_cat":[10760,41273],"product_tag":[10759,11053,10778,10802,10840,11006],"class_list":{"0":"post-144263","1":"product","2":"type-product","3":"status-publish","4":"has-post-thumbnail","6":"product_cat-adidas","7":"product_cat-remove","8":"product_tag-adidas","9":"product_tag-lightweight-running-shoes","10":"product_tag-new-release","11":"product_tag-performance-sport-shoes","12":"product_tag-running-shoes","13":"product_tag-trail-running-shoes","14":"wcpa_has_options","16":"first","17":"instock","18":"taxable","19":"shipping-taxable","20":"purchasable","21":"product-type-simple"},"wcpa_form_fields":{"rules":{"pric_overide_base_price":false,"pric_overide_base_price_if_gt_zero":false,"pric_overide_base_price_fully":false,"pric_cal_option_once":false,"pric_use_as_fee":false,"bind_quantity":false,"quantity_bind_formula":false},"fields":[{"type":"color-group","required":true,"elementId":"wcpa-color-group-66c4a7f817afe","label":"Gr\u00f6\u00dfe","inline":true,"priceOptions":"different_for_all","pricingType":"fixed","className":"hassizechart product-shoes-size-eu product-shoes-size","name":"color-group-66c4a7f817b18","disp_type":"square","selection_type":"tick-border","disp_size":"50","show_label_inside":true,"adjust_width":true,"cart_display_type":"text","other_text":"Other","cl_rule":"show","col":6,"values":[{"label":"35","value":"EU 35","price":"","pimage":"","pimage_id":"","pthumb":"","color":""},{"label":"35.5","value":"EU 35.5","price":"","pimage":"","pimage_id":"","pthumb":"","color":""},{"label":"36","value":"EU 36","price":"","pimage":"","pimage_id":"","pthumb":"","color":"","selected":true},{"label":"36 2\/3","value":"EU 36 2\/3","price":"","pimage":"","pimage_id":"","pthumb":"","color":""},{"label":"37 1\/3","value":"EU 37 1\/3","price":"","pimage":"","pimage_id":"","pthumb":"","color":""},{"label":"38","value":"EU 38","price":"","pimage":"","pimage_id":"","pthumb":"","color":""},{"label":"38 2\/3","value":"EU 38 2\/3","price":"","pimage":"","pimage_id":"","pthumb":"","color":""},{"label":"39 1\/3","value":"EU 39 1\/3","price":"","pimage":"","pimage_id":"","pthumb":"","color":""},{"label":"40","value":"EU 40","price":"","pimage":"","pimage_id":"","pthumb":"","color":""},{"label":"40 2\/3","value":"EU 40 2\/3","price":"","pimage":"","pimage_id":"","pthumb":"","color":""},{"label":"41 1\/3","value":"EU 41 1\/3","price":"","pimage":"","pimage_id":"","pthumb":"","color":""},{"label":"42","value":"EU 42","price":"","pimage":"","pimage_id":"","pthumb":"","color":""},{"label":"42 2\/3","value":"EU 42 2\/3","price":"","pimage":"","pimage_id":"","pthumb":"","color":""},{"label":"43 1\/3","value":"EU 43 1\/3","price":"","pimage":"","pimage_id":"","pthumb":"","color":""},{"label":"44","value":"EU 44","price":"","pimage":"","pimage_id":"","pthumb":"","color":""},{"label":"44 2\/3","value":"EU 44 2\/3","price":"","pimage":"","pimage_id":"","pthumb":"","color":""},{"label":"45 1\/3","value":"EU 45 1\/3","price":"","pimage":"","pimage_id":"","pthumb":"","color":""},{"label":"46","value":"EU 46","price":"","pimage":"","pimage_id":"","pthumb":"","color":""},{"label":"46 2\/3","value":"EU 46 2\/3","price":"","pimage":"","pimage_id":"","pthumb":"","color":""},{"label":"47 1\/3","value":"EU 47 1\/3","price":"","pimage":"","pimage_id":"","pthumb":"","color":""}],"relations":[{"operator":false,"rules":[]}],"form_id":24802,"form_rules":{"pric_cal_option_once":false,"exclude_from_discount":false,"pric_use_as_fee":false,"fee_label":"Fee","render_after_acb":false,"disp_hide_options_price":false}}]},"yoast_head":"<!-- This site is optimized with the Yoast SEO plugin v26.5 - https:\/\/yoast.com\/wordpress\/plugins\/seo\/ -->\n<title>adidas Adizero Evo SL ATR &#039;Putty Grey&#039;  - Loftrunway<\/title>\n<meta name=\"robots\" content=\"index, follow, max-snippet:-1, max-image-preview:large, max-video-preview:-1\" \/>\n<link rel=\"canonical\" href=\"https:\/\/loftrunway.com\/de\/products\/adidas-adizero-evo-sl-atr-putty-grey\/\" \/>\n<meta property=\"og:locale\" content=\"de_DE\" \/>\n<meta property=\"og:type\" content=\"article\" \/>\n<meta property=\"og:title\" content=\"adidas Adizero Evo SL ATR &#039;Putty Grey&#039;  - Loftrunway\" \/>\n<meta property=\"og:description\" content=\"adidas Adizero Evo SL ATR \u201d\u201d Putty Grey\/Putty Grey\/Grey Strata\" \/>\n<meta property=\"og:url\" content=\"https:\/\/loftrunway.com\/de\/products\/adidas-adizero-evo-sl-atr-putty-grey\/\" \/>\n<meta property=\"og:site_name\" content=\"loftRUN Sneaker Store\" \/>\n<meta property=\"article:modified_time\" content=\"2026-04-02T07:54:20+00:00\" \/>\n<meta name=\"twitter:card\" content=\"summary_large_image\" \/>\n<meta name=\"twitter:image\" content=\"https:\/\/images.novelship.com\/product\/adidas_adizero_evo_sl_atr_putty_grey_strata_kk2688_0_2470.jpeg\" \/>\n<meta name=\"twitter:label1\" content=\"Gesch\u00e4tzte Lesezeit\" \/>\n\t<meta name=\"twitter:data1\" content=\"1\u00a0Minute\" \/>\n<script type=\"application\/ld+json\" class=\"yoast-schema-graph\">{\"@context\":\"https:\/\/schema.org\",\"@graph\":[{\"@type\":\"WebPage\",\"@id\":\"https:\/\/loftrunway.com\/de\/products\/adidas-adizero-evo-sl-atr-putty-grey\/\",\"url\":\"https:\/\/loftrunway.com\/de\/products\/adidas-adizero-evo-sl-atr-putty-grey\/\",\"name\":\"adidas Adizero Evo SL ATR 'Putty Grey' - Loftrunway\",\"isPartOf\":{\"@id\":\"https:\/\/loftrunway.com\/de\/#website\"},\"primaryImageOfPage\":{\"@id\":\"https:\/\/loftrunway.com\/de\/products\/adidas-adizero-evo-sl-atr-putty-grey\/#primaryimage\"},\"image\":{\"@id\":\"https:\/\/loftrunway.com\/de\/products\/adidas-adizero-evo-sl-atr-putty-grey\/#primaryimage\"},\"thumbnailUrl\":\"https:\/\/images.novelship.com\/product\/adidas_adizero_evo_sl_atr_putty_grey_strata_kk2688_0_2470.jpeg\",\"datePublished\":\"2026-03-02T08:41:56+00:00\",\"dateModified\":\"2026-04-02T07:54:20+00:00\",\"breadcrumb\":{\"@id\":\"https:\/\/loftrunway.com\/de\/products\/adidas-adizero-evo-sl-atr-putty-grey\/#breadcrumb\"},\"inLanguage\":\"de\",\"potentialAction\":[{\"@type\":\"ReadAction\",\"target\":[\"https:\/\/loftrunway.com\/de\/products\/adidas-adizero-evo-sl-atr-putty-grey\/\"]}]},{\"@type\":\"ImageObject\",\"inLanguage\":\"de\",\"@id\":\"https:\/\/loftrunway.com\/de\/products\/adidas-adizero-evo-sl-atr-putty-grey\/#primaryimage\",\"url\":\"https:\/\/images.novelship.com\/product\/adidas_adizero_evo_sl_atr_putty_grey_strata_kk2688_0_2470.jpeg\",\"contentUrl\":\"https:\/\/images.novelship.com\/product\/adidas_adizero_evo_sl_atr_putty_grey_strata_kk2688_0_2470.jpeg\"},{\"@type\":\"BreadcrumbList\",\"@id\":\"https:\/\/loftrunway.com\/de\/products\/adidas-adizero-evo-sl-atr-putty-grey\/#breadcrumb\",\"itemListElement\":[{\"@type\":\"ListItem\",\"position\":1,\"name\":\"Home\",\"item\":\"https:\/\/loftrunway.com\/de\/\"},{\"@type\":\"ListItem\",\"position\":2,\"name\":\"Shop\",\"item\":\"https:\/\/loftrunway.com\/de\/shop\/\"},{\"@type\":\"ListItem\",\"position\":3,\"name\":\"adidas Adizero Evo SL ATR &#8218;Putty Grey&#8216;\"}]},{\"@type\":\"WebSite\",\"@id\":\"https:\/\/loftrunway.com\/de\/#website\",\"url\":\"https:\/\/loftrunway.com\/de\/\",\"name\":\"Styloral Jewelry Shop\",\"description\":\"Der Ort, an dem man alle Arten von Sneakern findet\",\"publisher\":{\"@id\":\"https:\/\/loftrunway.com\/de\/#organization\"},\"potentialAction\":[{\"@type\":\"SearchAction\",\"target\":{\"@type\":\"EntryPoint\",\"urlTemplate\":\"https:\/\/loftrunway.com\/de\/?s={search_term_string}\"},\"query-input\":{\"@type\":\"PropertyValueSpecification\",\"valueRequired\":true,\"valueName\":\"search_term_string\"}}],\"inLanguage\":\"de\"},{\"@type\":\"Organization\",\"@id\":\"https:\/\/loftrunway.com\/de\/#organization\",\"name\":\"STYLORAL PTE. LTD\",\"url\":\"https:\/\/loftrunway.com\/de\/\",\"logo\":{\"@type\":\"ImageObject\",\"inLanguage\":\"de\",\"@id\":\"https:\/\/loftrunway.com\/de\/#\/schema\/logo\/image\/\",\"url\":\"https:\/\/www.loftrunway.com\/wp-content\/uploads\/2025\/12\/logo.png\",\"contentUrl\":\"https:\/\/www.loftrunway.com\/wp-content\/uploads\/2025\/12\/logo.png\",\"width\":200,\"height\":65,\"caption\":\"STYLORAL PTE. LTD\"},\"image\":{\"@id\":\"https:\/\/loftrunway.com\/de\/#\/schema\/logo\/image\/\"}}]}<\/script>\n<!-- \/ Yoast SEO plugin. -->","yoast_head_json":{"title":"adidas Adizero Evo SL ATR 'Putty Grey'  - Loftrunway","robots":{"index":"index","follow":"follow","max-snippet":"max-snippet:-1","max-image-preview":"max-image-preview:large","max-video-preview":"max-video-preview:-1"},"canonical":"https:\/\/loftrunway.com\/de\/products\/adidas-adizero-evo-sl-atr-putty-grey\/","og_locale":"de_DE","og_type":"article","og_title":"adidas Adizero Evo SL ATR 'Putty Grey'  - Loftrunway","og_description":"adidas Adizero Evo SL ATR \u201d\u201d Putty Grey\/Putty Grey\/Grey Strata","og_url":"https:\/\/loftrunway.com\/de\/products\/adidas-adizero-evo-sl-atr-putty-grey\/","og_site_name":"loftRUN Sneaker Store","article_modified_time":"2026-04-02T07:54:20+00:00","twitter_card":"summary_large_image","twitter_image":"https:\/\/images.novelship.com\/product\/adidas_adizero_evo_sl_atr_putty_grey_strata_kk2688_0_2470.jpeg","twitter_misc":{"Gesch\u00e4tzte Lesezeit":"1\u00a0Minute"},"schema":{"@context":"https:\/\/schema.org","@graph":[{"@type":"WebPage","@id":"https:\/\/loftrunway.com\/de\/products\/adidas-adizero-evo-sl-atr-putty-grey\/","url":"https:\/\/loftrunway.com\/de\/products\/adidas-adizero-evo-sl-atr-putty-grey\/","name":"adidas Adizero Evo SL ATR 'Putty Grey' - Loftrunway","isPartOf":{"@id":"https:\/\/loftrunway.com\/de\/#website"},"primaryImageOfPage":{"@id":"https:\/\/loftrunway.com\/de\/products\/adidas-adizero-evo-sl-atr-putty-grey\/#primaryimage"},"image":{"@id":"https:\/\/loftrunway.com\/de\/products\/adidas-adizero-evo-sl-atr-putty-grey\/#primaryimage"},"thumbnailUrl":"https:\/\/images.novelship.com\/product\/adidas_adizero_evo_sl_atr_putty_grey_strata_kk2688_0_2470.jpeg","datePublished":"2026-03-02T08:41:56+00:00","dateModified":"2026-04-02T07:54:20+00:00","breadcrumb":{"@id":"https:\/\/loftrunway.com\/de\/products\/adidas-adizero-evo-sl-atr-putty-grey\/#breadcrumb"},"inLanguage":"de","potentialAction":[{"@type":"ReadAction","target":["https:\/\/loftrunway.com\/de\/products\/adidas-adizero-evo-sl-atr-putty-grey\/"]}]},{"@type":"ImageObject","inLanguage":"de","@id":"https:\/\/loftrunway.com\/de\/products\/adidas-adizero-evo-sl-atr-putty-grey\/#primaryimage","url":"https:\/\/images.novelship.com\/product\/adidas_adizero_evo_sl_atr_putty_grey_strata_kk2688_0_2470.jpeg","contentUrl":"https:\/\/images.novelship.com\/product\/adidas_adizero_evo_sl_atr_putty_grey_strata_kk2688_0_2470.jpeg"},{"@type":"BreadcrumbList","@id":"https:\/\/loftrunway.com\/de\/products\/adidas-adizero-evo-sl-atr-putty-grey\/#breadcrumb","itemListElement":[{"@type":"ListItem","position":1,"name":"Home","item":"https:\/\/loftrunway.com\/de\/"},{"@type":"ListItem","position":2,"name":"Shop","item":"https:\/\/loftrunway.com\/de\/shop\/"},{"@type":"ListItem","position":3,"name":"adidas Adizero Evo SL ATR &#8218;Putty Grey&#8216;"}]},{"@type":"WebSite","@id":"https:\/\/loftrunway.com\/de\/#website","url":"https:\/\/loftrunway.com\/de\/","name":"Styloral Jewelry Shop","description":"Der Ort, an dem man alle Arten von Sneakern findet","publisher":{"@id":"https:\/\/loftrunway.com\/de\/#organization"},"potentialAction":[{"@type":"SearchAction","target":{"@type":"EntryPoint","urlTemplate":"https:\/\/loftrunway.com\/de\/?s={search_term_string}"},"query-input":{"@type":"PropertyValueSpecification","valueRequired":true,"valueName":"search_term_string"}}],"inLanguage":"de"},{"@type":"Organization","@id":"https:\/\/loftrunway.com\/de\/#organization","name":"STYLORAL PTE. LTD","url":"https:\/\/loftrunway.com\/de\/","logo":{"@type":"ImageObject","inLanguage":"de","@id":"https:\/\/loftrunway.com\/de\/#\/schema\/logo\/image\/","url":"https:\/\/www.loftrunway.com\/wp-content\/uploads\/2025\/12\/logo.png","contentUrl":"https:\/\/www.loftrunway.com\/wp-content\/uploads\/2025\/12\/logo.png","width":200,"height":65,"caption":"STYLORAL PTE. LTD"},"image":{"@id":"https:\/\/loftrunway.com\/de\/#\/schema\/logo\/image\/"}}]}},"_links":{"self":[{"href":"https:\/\/loftrunway.com\/de\/wp-json\/wp\/v2\/product\/144263","targetHints":{"allow":["GET"]}}],"collection":[{"href":"https:\/\/loftrunway.com\/de\/wp-json\/wp\/v2\/product"}],"about":[{"href":"https:\/\/loftrunway.com\/de\/wp-json\/wp\/v2\/types\/product"}],"replies":[{"embeddable":true,"href":"https:\/\/loftrunway.com\/de\/wp-json\/wp\/v2\/comments?post=144263"}],"wp:featuredmedia":[{"embeddable":true,"href":"https:\/\/loftrunway.com\/de\/wp-json\/wp\/v2\/media\/144264"}],"wp:attachment":[{"href":"https:\/\/loftrunway.com\/de\/wp-json\/wp\/v2\/media?parent=144263"}],"wp:term":[{"taxonomy":"product_brand","embeddable":true,"href":"https:\/\/loftrunway.com\/de\/wp-json\/wp\/v2\/product_brand?post=144263"},{"taxonomy":"product_cat","embeddable":true,"href":"https:\/\/loftrunway.com\/de\/wp-json\/wp\/v2\/product_cat?post=144263"},{"taxonomy":"product_tag","embeddable":true,"href":"https:\/\/loftrunway.com\/de\/wp-json\/wp\/v2\/product_tag?post=144263"}],"curies":[{"name":"wp","href":"https:\/\/api.w.org\/{rel}","templated":true}]}}