{"id":144484,"date":"2026-03-02T15:42:22","date_gmt":"2026-03-02T08:42:22","guid":{"rendered":"http:\/\/loftrunway.com\/product\/keith-haring-x-adidas-stan-smith-pop-art"},"modified":"2026-04-02T14:54:28","modified_gmt":"2026-04-02T07:54:28","slug":"keith-haring-x-adidas-stan-smith-pop-art","status":"publish","type":"product","link":"https:\/\/loftrunway.com\/de\/products\/keith-haring-x-adidas-stan-smith-pop-art\/","title":{"rendered":"Keith Haring x adidas Stan Smith &#8218;Pop Art&#8216;"},"content":{"rendered":"<p>Tauche ein in die lebendige Welt von Keith Haring mit den adidas Stan Smith \u201ePop Art\u201c-Sneakers. Diese ikonischen Sneaker aus hochwertigem Leder bestechen durch Harings charakteristische, markante Linien und verspielte Figuren und verleihen deiner Garderobe einen Hauch von k\u00fcnstlerischem Flair. Die klassische Silhouette strahlt m\u00fchelosen Stil aus, w\u00e4hrend die auff\u00e4lligen Grafiken \u00fcberall ein Statement setzen. Hebe deinen Schuhstil mit diesen limitierten Sneakern auf ein neues Level und feiere das ikonische Erbe von Haring und adidas.<\/p>\n<p>Farbgebung: Kristallwei\u00df\/Orange\/Kreidewei\u00df<\/p>\n<p>Style-Code: EE9295<\/p>\n<p>Obermaterial: Synthetikleder<\/p>\n<p>Farbe: Wei\u00df<\/p>\n<p>Designer: Horst Dassler<\/p>\n<p>Erscheinungsjahr: 2019<\/p>\n","protected":false},"excerpt":{"rendered":"<p>adidas Keith Haring x Stan Smith \u201d\u201d Crystal White\/Orange\/Chalk White<\/p>\n","protected":false},"featured_media":144485,"comment_status":"open","ping_status":"closed","template":"","meta":[],"product_brand":[],"product_cat":[10760,41273],"product_tag":[10759,10749,10750,10753,10754,10824,10756,10758],"class_list":{"0":"post-144484","1":"product","2":"type-product","3":"status-publish","4":"has-post-thumbnail","6":"product_cat-adidas","7":"product_cat-remove","8":"product_tag-adidas","9":"product_tag-adidas-skateboarding-shoes","10":"product_tag-athleisure-shoes","11":"product_tag-gift-for-him","12":"product_tag-lifestyle-casual-shoes","13":"product_tag-lifestyle-shoes-tennis-inspired","14":"product_tag-retro-casual-shoes","15":"product_tag-under-retail","16":"wcpa_has_options","18":"first","19":"instock","20":"taxable","21":"shipping-taxable","22":"purchasable","23":"product-type-simple"},"wcpa_form_fields":{"rules":{"pric_overide_base_price":false,"pric_overide_base_price_if_gt_zero":false,"pric_overide_base_price_fully":false,"pric_cal_option_once":false,"pric_use_as_fee":false,"bind_quantity":false,"quantity_bind_formula":false},"fields":[{"type":"color-group","required":true,"elementId":"wcpa-color-group-66c4a7f817afe","label":"Gr\u00f6\u00dfe","inline":true,"priceOptions":"different_for_all","pricingType":"fixed","className":"hassizechart product-shoes-size-eu product-shoes-size","name":"color-group-66c4a7f817b18","disp_type":"square","selection_type":"tick-border","disp_size":"50","show_label_inside":true,"adjust_width":true,"cart_display_type":"text","other_text":"Other","cl_rule":"show","col":6,"values":[{"label":"35","value":"EU 35","price":"","pimage":"","pimage_id":"","pthumb":"","color":""},{"label":"35.5","value":"EU 35.5","price":"","pimage":"","pimage_id":"","pthumb":"","color":""},{"label":"36","value":"EU 36","price":"","pimage":"","pimage_id":"","pthumb":"","color":"","selected":true},{"label":"36 2\/3","value":"EU 36 2\/3","price":"","pimage":"","pimage_id":"","pthumb":"","color":""},{"label":"37 1\/3","value":"EU 37 1\/3","price":"","pimage":"","pimage_id":"","pthumb":"","color":""},{"label":"38","value":"EU 38","price":"","pimage":"","pimage_id":"","pthumb":"","color":""},{"label":"38 2\/3","value":"EU 38 2\/3","price":"","pimage":"","pimage_id":"","pthumb":"","color":""},{"label":"39 1\/3","value":"EU 39 1\/3","price":"","pimage":"","pimage_id":"","pthumb":"","color":""},{"label":"40","value":"EU 40","price":"","pimage":"","pimage_id":"","pthumb":"","color":""},{"label":"40 2\/3","value":"EU 40 2\/3","price":"","pimage":"","pimage_id":"","pthumb":"","color":""},{"label":"41 1\/3","value":"EU 41 1\/3","price":"","pimage":"","pimage_id":"","pthumb":"","color":""},{"label":"42","value":"EU 42","price":"","pimage":"","pimage_id":"","pthumb":"","color":""},{"label":"42 2\/3","value":"EU 42 2\/3","price":"","pimage":"","pimage_id":"","pthumb":"","color":""},{"label":"43 1\/3","value":"EU 43 1\/3","price":"","pimage":"","pimage_id":"","pthumb":"","color":""},{"label":"44","value":"EU 44","price":"","pimage":"","pimage_id":"","pthumb":"","color":""},{"label":"44 2\/3","value":"EU 44 2\/3","price":"","pimage":"","pimage_id":"","pthumb":"","color":""},{"label":"45 1\/3","value":"EU 45 1\/3","price":"","pimage":"","pimage_id":"","pthumb":"","color":""},{"label":"46","value":"EU 46","price":"","pimage":"","pimage_id":"","pthumb":"","color":""},{"label":"46 2\/3","value":"EU 46 2\/3","price":"","pimage":"","pimage_id":"","pthumb":"","color":""},{"label":"47 1\/3","value":"EU 47 1\/3","price":"","pimage":"","pimage_id":"","pthumb":"","color":""}],"relations":[{"operator":false,"rules":[]}],"form_id":24802,"form_rules":{"pric_cal_option_once":false,"exclude_from_discount":false,"pric_use_as_fee":false,"fee_label":"Fee","render_after_acb":false,"disp_hide_options_price":false}}]},"yoast_head":"<!-- This site is optimized with the Yoast SEO plugin v26.5 - https:\/\/yoast.com\/wordpress\/plugins\/seo\/ -->\n<title>Keith Haring x adidas Stan Smith &#039;Pop Art&#039;  - Loftrunway<\/title>\n<meta name=\"robots\" content=\"index, follow, max-snippet:-1, max-image-preview:large, max-video-preview:-1\" \/>\n<link rel=\"canonical\" href=\"https:\/\/loftrunway.com\/de\/products\/keith-haring-x-adidas-stan-smith-pop-art\/\" \/>\n<meta property=\"og:locale\" content=\"de_DE\" \/>\n<meta property=\"og:type\" content=\"article\" \/>\n<meta property=\"og:title\" content=\"Keith Haring x adidas Stan Smith &#039;Pop Art&#039;  - Loftrunway\" \/>\n<meta property=\"og:description\" content=\"adidas Keith Haring x Stan Smith \u201d\u201d Crystal White\/Orange\/Chalk White\" \/>\n<meta property=\"og:url\" content=\"https:\/\/loftrunway.com\/de\/products\/keith-haring-x-adidas-stan-smith-pop-art\/\" \/>\n<meta property=\"og:site_name\" content=\"loftRUN Sneaker Store\" \/>\n<meta property=\"article:modified_time\" content=\"2026-04-02T07:54:28+00:00\" \/>\n<meta name=\"twitter:card\" content=\"summary_large_image\" \/>\n<meta name=\"twitter:image\" content=\"https:\/\/images.novelship.com\/product\/keith_haring_x_adidas_stan_smith__pop_art__ee9295_0_83394.jpeg\" \/>\n<script type=\"application\/ld+json\" class=\"yoast-schema-graph\">{\"@context\":\"https:\/\/schema.org\",\"@graph\":[{\"@type\":\"WebPage\",\"@id\":\"https:\/\/loftrunway.com\/de\/products\/keith-haring-x-adidas-stan-smith-pop-art\/\",\"url\":\"https:\/\/loftrunway.com\/de\/products\/keith-haring-x-adidas-stan-smith-pop-art\/\",\"name\":\"Keith Haring x adidas Stan Smith 'Pop Art' - Loftrunway\",\"isPartOf\":{\"@id\":\"https:\/\/loftrunway.com\/de\/#website\"},\"primaryImageOfPage\":{\"@id\":\"https:\/\/loftrunway.com\/de\/products\/keith-haring-x-adidas-stan-smith-pop-art\/#primaryimage\"},\"image\":{\"@id\":\"https:\/\/loftrunway.com\/de\/products\/keith-haring-x-adidas-stan-smith-pop-art\/#primaryimage\"},\"thumbnailUrl\":\"https:\/\/images.novelship.com\/product\/keith_haring_x_adidas_stan_smith__pop_art__ee9295_0_83394.jpeg\",\"datePublished\":\"2026-03-02T08:42:22+00:00\",\"dateModified\":\"2026-04-02T07:54:28+00:00\",\"breadcrumb\":{\"@id\":\"https:\/\/loftrunway.com\/de\/products\/keith-haring-x-adidas-stan-smith-pop-art\/#breadcrumb\"},\"inLanguage\":\"de\",\"potentialAction\":[{\"@type\":\"ReadAction\",\"target\":[\"https:\/\/loftrunway.com\/de\/products\/keith-haring-x-adidas-stan-smith-pop-art\/\"]}]},{\"@type\":\"ImageObject\",\"inLanguage\":\"de\",\"@id\":\"https:\/\/loftrunway.com\/de\/products\/keith-haring-x-adidas-stan-smith-pop-art\/#primaryimage\",\"url\":\"https:\/\/images.novelship.com\/product\/keith_haring_x_adidas_stan_smith__pop_art__ee9295_0_83394.jpeg\",\"contentUrl\":\"https:\/\/images.novelship.com\/product\/keith_haring_x_adidas_stan_smith__pop_art__ee9295_0_83394.jpeg\"},{\"@type\":\"BreadcrumbList\",\"@id\":\"https:\/\/loftrunway.com\/de\/products\/keith-haring-x-adidas-stan-smith-pop-art\/#breadcrumb\",\"itemListElement\":[{\"@type\":\"ListItem\",\"position\":1,\"name\":\"Home\",\"item\":\"https:\/\/loftrunway.com\/de\/\"},{\"@type\":\"ListItem\",\"position\":2,\"name\":\"Shop\",\"item\":\"https:\/\/loftrunway.com\/de\/shop\/\"},{\"@type\":\"ListItem\",\"position\":3,\"name\":\"Keith Haring x adidas Stan Smith &#8218;Pop Art&#8216;\"}]},{\"@type\":\"WebSite\",\"@id\":\"https:\/\/loftrunway.com\/de\/#website\",\"url\":\"https:\/\/loftrunway.com\/de\/\",\"name\":\"Styloral Jewelry Shop\",\"description\":\"Der Ort, an dem man alle Arten von Sneakern findet\",\"publisher\":{\"@id\":\"https:\/\/loftrunway.com\/de\/#organization\"},\"potentialAction\":[{\"@type\":\"SearchAction\",\"target\":{\"@type\":\"EntryPoint\",\"urlTemplate\":\"https:\/\/loftrunway.com\/de\/?s={search_term_string}\"},\"query-input\":{\"@type\":\"PropertyValueSpecification\",\"valueRequired\":true,\"valueName\":\"search_term_string\"}}],\"inLanguage\":\"de\"},{\"@type\":\"Organization\",\"@id\":\"https:\/\/loftrunway.com\/de\/#organization\",\"name\":\"STYLORAL PTE. LTD\",\"url\":\"https:\/\/loftrunway.com\/de\/\",\"logo\":{\"@type\":\"ImageObject\",\"inLanguage\":\"de\",\"@id\":\"https:\/\/loftrunway.com\/de\/#\/schema\/logo\/image\/\",\"url\":\"https:\/\/www.loftrunway.com\/wp-content\/uploads\/2025\/12\/logo.png\",\"contentUrl\":\"https:\/\/www.loftrunway.com\/wp-content\/uploads\/2025\/12\/logo.png\",\"width\":200,\"height\":65,\"caption\":\"STYLORAL PTE. LTD\"},\"image\":{\"@id\":\"https:\/\/loftrunway.com\/de\/#\/schema\/logo\/image\/\"}}]}<\/script>\n<!-- \/ Yoast SEO plugin. -->","yoast_head_json":{"title":"Keith Haring x adidas Stan Smith 'Pop Art'  - Loftrunway","robots":{"index":"index","follow":"follow","max-snippet":"max-snippet:-1","max-image-preview":"max-image-preview:large","max-video-preview":"max-video-preview:-1"},"canonical":"https:\/\/loftrunway.com\/de\/products\/keith-haring-x-adidas-stan-smith-pop-art\/","og_locale":"de_DE","og_type":"article","og_title":"Keith Haring x adidas Stan Smith 'Pop Art'  - Loftrunway","og_description":"adidas Keith Haring x Stan Smith \u201d\u201d Crystal White\/Orange\/Chalk White","og_url":"https:\/\/loftrunway.com\/de\/products\/keith-haring-x-adidas-stan-smith-pop-art\/","og_site_name":"loftRUN Sneaker Store","article_modified_time":"2026-04-02T07:54:28+00:00","twitter_card":"summary_large_image","twitter_image":"https:\/\/images.novelship.com\/product\/keith_haring_x_adidas_stan_smith__pop_art__ee9295_0_83394.jpeg","schema":{"@context":"https:\/\/schema.org","@graph":[{"@type":"WebPage","@id":"https:\/\/loftrunway.com\/de\/products\/keith-haring-x-adidas-stan-smith-pop-art\/","url":"https:\/\/loftrunway.com\/de\/products\/keith-haring-x-adidas-stan-smith-pop-art\/","name":"Keith Haring x adidas Stan Smith 'Pop Art' - Loftrunway","isPartOf":{"@id":"https:\/\/loftrunway.com\/de\/#website"},"primaryImageOfPage":{"@id":"https:\/\/loftrunway.com\/de\/products\/keith-haring-x-adidas-stan-smith-pop-art\/#primaryimage"},"image":{"@id":"https:\/\/loftrunway.com\/de\/products\/keith-haring-x-adidas-stan-smith-pop-art\/#primaryimage"},"thumbnailUrl":"https:\/\/images.novelship.com\/product\/keith_haring_x_adidas_stan_smith__pop_art__ee9295_0_83394.jpeg","datePublished":"2026-03-02T08:42:22+00:00","dateModified":"2026-04-02T07:54:28+00:00","breadcrumb":{"@id":"https:\/\/loftrunway.com\/de\/products\/keith-haring-x-adidas-stan-smith-pop-art\/#breadcrumb"},"inLanguage":"de","potentialAction":[{"@type":"ReadAction","target":["https:\/\/loftrunway.com\/de\/products\/keith-haring-x-adidas-stan-smith-pop-art\/"]}]},{"@type":"ImageObject","inLanguage":"de","@id":"https:\/\/loftrunway.com\/de\/products\/keith-haring-x-adidas-stan-smith-pop-art\/#primaryimage","url":"https:\/\/images.novelship.com\/product\/keith_haring_x_adidas_stan_smith__pop_art__ee9295_0_83394.jpeg","contentUrl":"https:\/\/images.novelship.com\/product\/keith_haring_x_adidas_stan_smith__pop_art__ee9295_0_83394.jpeg"},{"@type":"BreadcrumbList","@id":"https:\/\/loftrunway.com\/de\/products\/keith-haring-x-adidas-stan-smith-pop-art\/#breadcrumb","itemListElement":[{"@type":"ListItem","position":1,"name":"Home","item":"https:\/\/loftrunway.com\/de\/"},{"@type":"ListItem","position":2,"name":"Shop","item":"https:\/\/loftrunway.com\/de\/shop\/"},{"@type":"ListItem","position":3,"name":"Keith Haring x adidas Stan Smith &#8218;Pop Art&#8216;"}]},{"@type":"WebSite","@id":"https:\/\/loftrunway.com\/de\/#website","url":"https:\/\/loftrunway.com\/de\/","name":"Styloral Jewelry Shop","description":"Der Ort, an dem man alle Arten von Sneakern findet","publisher":{"@id":"https:\/\/loftrunway.com\/de\/#organization"},"potentialAction":[{"@type":"SearchAction","target":{"@type":"EntryPoint","urlTemplate":"https:\/\/loftrunway.com\/de\/?s={search_term_string}"},"query-input":{"@type":"PropertyValueSpecification","valueRequired":true,"valueName":"search_term_string"}}],"inLanguage":"de"},{"@type":"Organization","@id":"https:\/\/loftrunway.com\/de\/#organization","name":"STYLORAL PTE. LTD","url":"https:\/\/loftrunway.com\/de\/","logo":{"@type":"ImageObject","inLanguage":"de","@id":"https:\/\/loftrunway.com\/de\/#\/schema\/logo\/image\/","url":"https:\/\/www.loftrunway.com\/wp-content\/uploads\/2025\/12\/logo.png","contentUrl":"https:\/\/www.loftrunway.com\/wp-content\/uploads\/2025\/12\/logo.png","width":200,"height":65,"caption":"STYLORAL PTE. LTD"},"image":{"@id":"https:\/\/loftrunway.com\/de\/#\/schema\/logo\/image\/"}}]}},"_links":{"self":[{"href":"https:\/\/loftrunway.com\/de\/wp-json\/wp\/v2\/product\/144484","targetHints":{"allow":["GET"]}}],"collection":[{"href":"https:\/\/loftrunway.com\/de\/wp-json\/wp\/v2\/product"}],"about":[{"href":"https:\/\/loftrunway.com\/de\/wp-json\/wp\/v2\/types\/product"}],"replies":[{"embeddable":true,"href":"https:\/\/loftrunway.com\/de\/wp-json\/wp\/v2\/comments?post=144484"}],"wp:featuredmedia":[{"embeddable":true,"href":"https:\/\/loftrunway.com\/de\/wp-json\/wp\/v2\/media\/144485"}],"wp:attachment":[{"href":"https:\/\/loftrunway.com\/de\/wp-json\/wp\/v2\/media?parent=144484"}],"wp:term":[{"taxonomy":"product_brand","embeddable":true,"href":"https:\/\/loftrunway.com\/de\/wp-json\/wp\/v2\/product_brand?post=144484"},{"taxonomy":"product_cat","embeddable":true,"href":"https:\/\/loftrunway.com\/de\/wp-json\/wp\/v2\/product_cat?post=144484"},{"taxonomy":"product_tag","embeddable":true,"href":"https:\/\/loftrunway.com\/de\/wp-json\/wp\/v2\/product_tag?post=144484"}],"curies":[{"name":"wp","href":"https:\/\/api.w.org\/{rel}","templated":true}]}}