{"id":145017,"date":"2026-03-02T15:43:06","date_gmt":"2026-03-02T08:43:06","guid":{"rendered":"http:\/\/loftrunway.com\/product\/book-1-flagstaff-ep-sneakers"},"modified":"2026-04-02T14:54:45","modified_gmt":"2026-04-02T07:54:45","slug":"book-1-flagstaff-ep-sneakers","status":"publish","type":"product","link":"https:\/\/loftrunway.com\/de\/products\/book-1-flagstaff-ep-sneakers\/","title":{"rendered":"Book 1 &#8218;Flagstaff&#8216; EP Sneakers"},"content":{"rendered":"<p>Mit den Book 1 &#8218;Flagstaff&#8216; EP Sneakers FJ4250-300 erleben Sie l\u00e4ssige Eleganz. Das vielseitige Design vereint moderne \u00c4sthetik mit ganzt\u00e4gigem Tragekomfort. Diese schicken Sneaker bestechen durch ihre stilvolle und dennoch dezente Silhouette und lassen sich m\u00fchelos mit jedem Outfit kombinieren \u201d\u201c von l\u00e4ssiger Streetwear bis hin zu eleganter Freizeitkleidung. Gefertigt aus hochwertigen Materialien, bieten die &#8218;Flagstaff&#8216; EP au\u00dfergew\u00f6hnliche Langlebigkeit, w\u00e4hrend die atmungsaktive Konstruktion f\u00fcr ein angenehm k\u00fchles Tragegef\u00fchl sorgt.<\/p>\n<p>Die innovative Sohlentechnologie bietet hervorragende Traktion und D\u00e4mpfung \u201d\u201c perfekt f\u00fcr urbane Entdecker oder lange Tage auf den Beinen. Die hochwertige Farbpalette dieses Modells harmoniert mit einer Vielzahl von Stilen und macht die Sneaker zu einem unverzichtbaren Bestandteil der Garderobe von Trendsettern und Minimalisten gleicherma\u00dfen. Diese Sneaker wurden f\u00fcr Weltb\u00fcrger entwickelt, die Wert auf Qualit\u00e4t und Funktionalit\u00e4t legen. Sie sorgen daf\u00fcr, dass du immer einen Schritt voraus bist, egal wohin dich das Leben f\u00fchrt.<\/p>\n<ul>\n<li><strong>Farbgebung:<\/strong> Fell\/Hanf\/Wei\u00df\/Phantom<\/li>\n<li><strong>Artikelnummer:<\/strong> FJ4250-300<\/li>\n<li><strong>Obermaterial:<\/strong> Nubukleder<\/li>\n<li><strong>Zwischensohle:<\/strong> Zoom Air<\/li>\n<li><strong>Farbe:<\/strong> Gr\u00fcn<\/li>\n<li><strong>Designer:<\/strong> Benjamin Nethongkome<\/li>\n<\/ul>\n","protected":false},"excerpt":{"rendered":"<p>Nike Book 1 \u201d\u201d Fur\/Hemp\/White\/Phantom<\/p>\n","protected":false},"featured_media":145018,"comment_status":"open","ping_status":"closed","template":"","meta":[],"product_brand":[],"product_cat":[10803,41273],"product_tag":[10750,10754,11460,10801,10758],"class_list":{"0":"post-145017","1":"product","2":"type-product","3":"status-publish","4":"has-post-thumbnail","6":"product_cat-nike","7":"product_cat-remove","8":"product_tag-athleisure-shoes","9":"product_tag-lifestyle-casual-shoes","10":"product_tag-lifestyle-shoes-casual","11":"product_tag-nike","12":"product_tag-under-retail","13":"wcpa_has_options","15":"first","16":"instock","17":"taxable","18":"shipping-taxable","19":"purchasable","20":"product-type-simple"},"wcpa_form_fields":{"rules":{"pric_overide_base_price":false,"pric_overide_base_price_if_gt_zero":false,"pric_overide_base_price_fully":false,"pric_cal_option_once":false,"pric_use_as_fee":false,"bind_quantity":false,"quantity_bind_formula":false},"fields":[{"type":"color-group","required":true,"elementId":"wcpa-color-group-66c4a75505e74","label":"Gr\u00f6\u00dfe - EU Gr\u00f6\u00dfe","inline":true,"priceOptions":"different_for_all","pricingType":"fixed","className":"hassizechart product-shoes-size-eu product-shoes-size","name":"color-group-66c4a75505e89","disp_type":"square","selection_type":"tick-border","disp_size":"44","show_label_inside":true,"adjust_width":true,"cart_display_type":"text","other_text":"Other","cl_rule":"show","col":6,"values":[{"label":"35.5","value":"EU 35.5","price":"","pimage":"","pimage_id":"","pthumb":"","color":""},{"label":"36","value":"EU 36","price":"","pimage":"","pimage_id":"","pthumb":"","color":"","selected":true},{"label":"36.5","value":"EU 36.5","price":"","pimage":"","pimage_id":"","pthumb":"","color":""},{"label":"37.5","value":"EU 37.5","price":"","pimage":"","pimage_id":"","pthumb":"","color":""},{"label":"38","value":"EU 38","price":"","pimage":"","pimage_id":"","pthumb":"","color":""},{"label":"38.5","value":"EU 38.5","price":"","pimage":"","pimage_id":"","pthumb":"","color":""},{"label":"39","value":"EU 39","price":"","pimage":"","pimage_id":"","pthumb":"","color":""},{"label":"40","value":"EU 40","price":"","pimage":"","pimage_id":"","pthumb":"","color":""},{"label":"40.5","value":"EU 40.5","price":"","pimage":"","pimage_id":"","pthumb":"","color":""},{"label":"41","value":"EU 41","price":"","pimage":"","pimage_id":"","pthumb":"","color":""},{"label":"42","value":"EU 42","price":"","pimage":"","pimage_id":"","pthumb":"","color":""},{"label":"42.5","value":"EU 42.5","price":"","pimage":"","pimage_id":"","pthumb":"","color":""},{"label":"43","value":"EU 43","price":"","pimage":"","pimage_id":"","pthumb":"","color":""},{"label":"44","value":"EU 44","price":"","pimage":"","pimage_id":"","pthumb":"","color":""},{"label":"44.5","value":"EU 44.5","price":"","pimage":"","pimage_id":"","pthumb":"","color":""},{"label":"45","value":"EU 45","price":"","pimage":"","pimage_id":"","pthumb":"","color":""},{"label":"45.5","value":"EU 45.5","price":"","pimage":"","pimage_id":"","pthumb":"","color":""},{"label":"46","value":"EU 46","price":"","pimage":"","pimage_id":"","pthumb":"","color":""},{"label":"47","value":"EU 47","price":"","pimage":"","pimage_id":"","pthumb":"","color":""},{"label":"47.5","value":"EU 47.5","price":"","pimage":"","pimage_id":"","pthumb":"","color":""},{"label":"48","value":"EU 48","price":"","pimage":"","pimage_id":"","pthumb":"","color":""}],"relations":[{"operator":false,"rules":[]}],"form_id":18106,"form_rules":{"pric_cal_option_once":false,"exclude_from_discount":false,"pric_use_as_fee":false,"fee_label":"Fee","render_after_acb":false,"disp_hide_options_price":false}}]},"yoast_head":"<!-- This site is optimized with the Yoast SEO plugin v26.5 - https:\/\/yoast.com\/wordpress\/plugins\/seo\/ -->\n<title>Book 1 &#039;Flagstaff&#039; EP Sneakers  - Loftrunway<\/title>\n<meta name=\"robots\" content=\"index, follow, max-snippet:-1, max-image-preview:large, max-video-preview:-1\" \/>\n<link rel=\"canonical\" href=\"https:\/\/loftrunway.com\/de\/products\/book-1-flagstaff-ep-sneakers\/\" \/>\n<meta property=\"og:locale\" content=\"de_DE\" \/>\n<meta property=\"og:type\" content=\"article\" \/>\n<meta property=\"og:title\" content=\"Book 1 &#039;Flagstaff&#039; EP Sneakers  - Loftrunway\" \/>\n<meta property=\"og:description\" content=\"Nike Book 1 \u201d\u201d Fur\/Hemp\/White\/Phantom\" \/>\n<meta property=\"og:url\" content=\"https:\/\/loftrunway.com\/de\/products\/book-1-flagstaff-ep-sneakers\/\" \/>\n<meta property=\"og:site_name\" content=\"loftRUN Sneaker Store\" \/>\n<meta property=\"article:modified_time\" content=\"2026-04-02T07:54:45+00:00\" \/>\n<meta name=\"twitter:card\" content=\"summary_large_image\" \/>\n<meta name=\"twitter:image\" content=\"https:\/\/images.novelship.com\/product\/book_1__flagstaff__ep_sneakers_fj4250-300_0_69455.png\" \/>\n<meta name=\"twitter:label1\" content=\"Gesch\u00e4tzte Lesezeit\" \/>\n\t<meta name=\"twitter:data1\" content=\"1\u00a0Minute\" \/>\n<script type=\"application\/ld+json\" class=\"yoast-schema-graph\">{\"@context\":\"https:\/\/schema.org\",\"@graph\":[{\"@type\":\"WebPage\",\"@id\":\"https:\/\/loftrunway.com\/de\/products\/book-1-flagstaff-ep-sneakers\/\",\"url\":\"https:\/\/loftrunway.com\/de\/products\/book-1-flagstaff-ep-sneakers\/\",\"name\":\"Book 1 'Flagstaff' EP Sneakers - Loftrunway\",\"isPartOf\":{\"@id\":\"https:\/\/loftrunway.com\/de\/#website\"},\"primaryImageOfPage\":{\"@id\":\"https:\/\/loftrunway.com\/de\/products\/book-1-flagstaff-ep-sneakers\/#primaryimage\"},\"image\":{\"@id\":\"https:\/\/loftrunway.com\/de\/products\/book-1-flagstaff-ep-sneakers\/#primaryimage\"},\"thumbnailUrl\":\"https:\/\/images.novelship.com\/product\/book_1__flagstaff__ep_sneakers_fj4250-300_0_69455.png\",\"datePublished\":\"2026-03-02T08:43:06+00:00\",\"dateModified\":\"2026-04-02T07:54:45+00:00\",\"breadcrumb\":{\"@id\":\"https:\/\/loftrunway.com\/de\/products\/book-1-flagstaff-ep-sneakers\/#breadcrumb\"},\"inLanguage\":\"de\",\"potentialAction\":[{\"@type\":\"ReadAction\",\"target\":[\"https:\/\/loftrunway.com\/de\/products\/book-1-flagstaff-ep-sneakers\/\"]}]},{\"@type\":\"ImageObject\",\"inLanguage\":\"de\",\"@id\":\"https:\/\/loftrunway.com\/de\/products\/book-1-flagstaff-ep-sneakers\/#primaryimage\",\"url\":\"https:\/\/images.novelship.com\/product\/book_1__flagstaff__ep_sneakers_fj4250-300_0_69455.png\",\"contentUrl\":\"https:\/\/images.novelship.com\/product\/book_1__flagstaff__ep_sneakers_fj4250-300_0_69455.png\"},{\"@type\":\"BreadcrumbList\",\"@id\":\"https:\/\/loftrunway.com\/de\/products\/book-1-flagstaff-ep-sneakers\/#breadcrumb\",\"itemListElement\":[{\"@type\":\"ListItem\",\"position\":1,\"name\":\"Home\",\"item\":\"https:\/\/loftrunway.com\/de\/\"},{\"@type\":\"ListItem\",\"position\":2,\"name\":\"Shop\",\"item\":\"https:\/\/loftrunway.com\/de\/shop\/\"},{\"@type\":\"ListItem\",\"position\":3,\"name\":\"Book 1 &#8218;Flagstaff&#8216; EP Sneakers\"}]},{\"@type\":\"WebSite\",\"@id\":\"https:\/\/loftrunway.com\/de\/#website\",\"url\":\"https:\/\/loftrunway.com\/de\/\",\"name\":\"Styloral Jewelry Shop\",\"description\":\"Der Ort, an dem man alle Arten von Sneakern findet\",\"publisher\":{\"@id\":\"https:\/\/loftrunway.com\/de\/#organization\"},\"potentialAction\":[{\"@type\":\"SearchAction\",\"target\":{\"@type\":\"EntryPoint\",\"urlTemplate\":\"https:\/\/loftrunway.com\/de\/?s={search_term_string}\"},\"query-input\":{\"@type\":\"PropertyValueSpecification\",\"valueRequired\":true,\"valueName\":\"search_term_string\"}}],\"inLanguage\":\"de\"},{\"@type\":\"Organization\",\"@id\":\"https:\/\/loftrunway.com\/de\/#organization\",\"name\":\"STYLORAL PTE. LTD\",\"url\":\"https:\/\/loftrunway.com\/de\/\",\"logo\":{\"@type\":\"ImageObject\",\"inLanguage\":\"de\",\"@id\":\"https:\/\/loftrunway.com\/de\/#\/schema\/logo\/image\/\",\"url\":\"https:\/\/www.loftrunway.com\/wp-content\/uploads\/2025\/12\/logo.png\",\"contentUrl\":\"https:\/\/www.loftrunway.com\/wp-content\/uploads\/2025\/12\/logo.png\",\"width\":200,\"height\":65,\"caption\":\"STYLORAL PTE. LTD\"},\"image\":{\"@id\":\"https:\/\/loftrunway.com\/de\/#\/schema\/logo\/image\/\"}}]}<\/script>\n<!-- \/ Yoast SEO plugin. -->","yoast_head_json":{"title":"Book 1 'Flagstaff' EP Sneakers  - Loftrunway","robots":{"index":"index","follow":"follow","max-snippet":"max-snippet:-1","max-image-preview":"max-image-preview:large","max-video-preview":"max-video-preview:-1"},"canonical":"https:\/\/loftrunway.com\/de\/products\/book-1-flagstaff-ep-sneakers\/","og_locale":"de_DE","og_type":"article","og_title":"Book 1 'Flagstaff' EP Sneakers  - Loftrunway","og_description":"Nike Book 1 \u201d\u201d Fur\/Hemp\/White\/Phantom","og_url":"https:\/\/loftrunway.com\/de\/products\/book-1-flagstaff-ep-sneakers\/","og_site_name":"loftRUN Sneaker Store","article_modified_time":"2026-04-02T07:54:45+00:00","twitter_card":"summary_large_image","twitter_image":"https:\/\/images.novelship.com\/product\/book_1__flagstaff__ep_sneakers_fj4250-300_0_69455.png","twitter_misc":{"Gesch\u00e4tzte Lesezeit":"1\u00a0Minute"},"schema":{"@context":"https:\/\/schema.org","@graph":[{"@type":"WebPage","@id":"https:\/\/loftrunway.com\/de\/products\/book-1-flagstaff-ep-sneakers\/","url":"https:\/\/loftrunway.com\/de\/products\/book-1-flagstaff-ep-sneakers\/","name":"Book 1 'Flagstaff' EP Sneakers - Loftrunway","isPartOf":{"@id":"https:\/\/loftrunway.com\/de\/#website"},"primaryImageOfPage":{"@id":"https:\/\/loftrunway.com\/de\/products\/book-1-flagstaff-ep-sneakers\/#primaryimage"},"image":{"@id":"https:\/\/loftrunway.com\/de\/products\/book-1-flagstaff-ep-sneakers\/#primaryimage"},"thumbnailUrl":"https:\/\/images.novelship.com\/product\/book_1__flagstaff__ep_sneakers_fj4250-300_0_69455.png","datePublished":"2026-03-02T08:43:06+00:00","dateModified":"2026-04-02T07:54:45+00:00","breadcrumb":{"@id":"https:\/\/loftrunway.com\/de\/products\/book-1-flagstaff-ep-sneakers\/#breadcrumb"},"inLanguage":"de","potentialAction":[{"@type":"ReadAction","target":["https:\/\/loftrunway.com\/de\/products\/book-1-flagstaff-ep-sneakers\/"]}]},{"@type":"ImageObject","inLanguage":"de","@id":"https:\/\/loftrunway.com\/de\/products\/book-1-flagstaff-ep-sneakers\/#primaryimage","url":"https:\/\/images.novelship.com\/product\/book_1__flagstaff__ep_sneakers_fj4250-300_0_69455.png","contentUrl":"https:\/\/images.novelship.com\/product\/book_1__flagstaff__ep_sneakers_fj4250-300_0_69455.png"},{"@type":"BreadcrumbList","@id":"https:\/\/loftrunway.com\/de\/products\/book-1-flagstaff-ep-sneakers\/#breadcrumb","itemListElement":[{"@type":"ListItem","position":1,"name":"Home","item":"https:\/\/loftrunway.com\/de\/"},{"@type":"ListItem","position":2,"name":"Shop","item":"https:\/\/loftrunway.com\/de\/shop\/"},{"@type":"ListItem","position":3,"name":"Book 1 &#8218;Flagstaff&#8216; EP Sneakers"}]},{"@type":"WebSite","@id":"https:\/\/loftrunway.com\/de\/#website","url":"https:\/\/loftrunway.com\/de\/","name":"Styloral Jewelry Shop","description":"Der Ort, an dem man alle Arten von Sneakern findet","publisher":{"@id":"https:\/\/loftrunway.com\/de\/#organization"},"potentialAction":[{"@type":"SearchAction","target":{"@type":"EntryPoint","urlTemplate":"https:\/\/loftrunway.com\/de\/?s={search_term_string}"},"query-input":{"@type":"PropertyValueSpecification","valueRequired":true,"valueName":"search_term_string"}}],"inLanguage":"de"},{"@type":"Organization","@id":"https:\/\/loftrunway.com\/de\/#organization","name":"STYLORAL PTE. LTD","url":"https:\/\/loftrunway.com\/de\/","logo":{"@type":"ImageObject","inLanguage":"de","@id":"https:\/\/loftrunway.com\/de\/#\/schema\/logo\/image\/","url":"https:\/\/www.loftrunway.com\/wp-content\/uploads\/2025\/12\/logo.png","contentUrl":"https:\/\/www.loftrunway.com\/wp-content\/uploads\/2025\/12\/logo.png","width":200,"height":65,"caption":"STYLORAL PTE. LTD"},"image":{"@id":"https:\/\/loftrunway.com\/de\/#\/schema\/logo\/image\/"}}]}},"_links":{"self":[{"href":"https:\/\/loftrunway.com\/de\/wp-json\/wp\/v2\/product\/145017","targetHints":{"allow":["GET"]}}],"collection":[{"href":"https:\/\/loftrunway.com\/de\/wp-json\/wp\/v2\/product"}],"about":[{"href":"https:\/\/loftrunway.com\/de\/wp-json\/wp\/v2\/types\/product"}],"replies":[{"embeddable":true,"href":"https:\/\/loftrunway.com\/de\/wp-json\/wp\/v2\/comments?post=145017"}],"wp:featuredmedia":[{"embeddable":true,"href":"https:\/\/loftrunway.com\/de\/wp-json\/wp\/v2\/media\/145018"}],"wp:attachment":[{"href":"https:\/\/loftrunway.com\/de\/wp-json\/wp\/v2\/media?parent=145017"}],"wp:term":[{"taxonomy":"product_brand","embeddable":true,"href":"https:\/\/loftrunway.com\/de\/wp-json\/wp\/v2\/product_brand?post=145017"},{"taxonomy":"product_cat","embeddable":true,"href":"https:\/\/loftrunway.com\/de\/wp-json\/wp\/v2\/product_cat?post=145017"},{"taxonomy":"product_tag","embeddable":true,"href":"https:\/\/loftrunway.com\/de\/wp-json\/wp\/v2\/product_tag?post=145017"}],"curies":[{"name":"wp","href":"https:\/\/api.w.org\/{rel}","templated":true}]}}