{"id":145224,"date":"2026-03-02T15:43:23","date_gmt":"2026-03-02T08:43:23","guid":{"rendered":"http:\/\/loftrunway.com\/product\/pleasures-x-asics-gel-nyc-world-of-pleasures"},"modified":"2026-04-02T14:54:52","modified_gmt":"2026-04-02T07:54:52","slug":"pleasures-x-asics-gel-nyc-world-of-pleasures","status":"publish","type":"product","link":"https:\/\/loftrunway.com\/de\/products\/pleasures-x-asics-gel-nyc-world-of-pleasures\/","title":{"rendered":"Pleasures x ASICS Gel NYC &#8218;World of Pleasures&#8216;"},"content":{"rendered":"<p>Mit dem Pleasures x ASICS Gel NYC \u201eWorld of Pleasures\u201c 1203A622-700 erlebst du Style und Performance in Perfektion. Diese exklusive Kollaboration vereint den avantgardistischen Stil von Pleasures mit dem bekannten Komfort und der Langlebigkeit von ASICS. Dank der auff\u00e4lligen Farbpalette und des markanten Designs sind diese Sneaker perfekt f\u00fcr modebewusste Menschen. Die fortschrittliche GEL-Technologie sorgt f\u00fcr hervorragende D\u00e4mpfung und ganzt\u00e4gigen Tragekomfort, w\u00e4hrend atmungsaktive Materialien deine F\u00fc\u00dfe angenehm k\u00fchl halten. Ob f\u00fcr einen entspannten Ausflug oder um in der Stadt ein Statement zu setzen \u201d\u201c dieser Schuh ist die perfekte Wahl.<\/p>\n<p>Farbe: Rosa\/Lavendel<br \/>\nArtikelnummer: 1203A622-700<br \/>\nObermaterial: Wildleder<br \/>\nZwischensohle: Gel<br \/>\nFarbe: Braun<br \/>\nErscheinungsjahr: 2024<\/p>\n","protected":false},"excerpt":{"rendered":"<p>ASICS Gel NYC \u201d\u201d Rose\/Lavender<\/p>\n","protected":false},"featured_media":145225,"comment_status":"open","ping_status":"closed","template":"","meta":[],"product_brand":[],"product_cat":[10792,41273],"product_tag":[10791,10750,10753,10754,10765,10768,10785,10758],"class_list":{"0":"post-145224","1":"product","2":"type-product","3":"status-publish","4":"has-post-thumbnail","6":"product_cat-asics","7":"product_cat-remove","8":"product_tag-asics","9":"product_tag-athleisure-shoes","10":"product_tag-gift-for-him","11":"product_tag-lifestyle-casual-shoes","12":"product_tag-lifestyle-shoes-running-inspired","13":"product_tag-retro-running-shoes","14":"product_tag-trending-deals","15":"product_tag-under-retail","16":"wcpa_has_options","18":"first","19":"instock","20":"taxable","21":"shipping-taxable","22":"purchasable","23":"product-type-simple"},"wcpa_form_fields":{"rules":{"pric_overide_base_price":false,"pric_overide_base_price_if_gt_zero":false,"pric_overide_base_price_fully":false,"pric_cal_option_once":false,"pric_use_as_fee":false,"bind_quantity":false,"quantity_bind_formula":false},"fields":[{"type":"color-group","required":true,"elementId":"wcpa-color-group-69a5ab08ee12d","label":"Gr\u00f6\u00dfe","inline":true,"priceOptions":"different_for_all","pricingType":"fixed","className":"hassizechart product-shoes-size-eu product-shoes-size","name":"color-group-69a5ab08ee136","disp_type":"square","selection_type":"tick-border","disp_size":"50","show_label_inside":true,"adjust_width":true,"cart_display_type":"text","other_text":"Other","cl_rule":"show","col":6,"values":[{"label":"36","value":"EU 36","price":"","pimage":"","pimage_id":"","pthumb":"","color":"","selected":true},{"label":"37","value":"EU 37","price":"","pimage":"","pimage_id":"","pthumb":"","color":""},{"label":"37.5","value":"EU 37.5","price":"","pimage":"","pimage_id":"","pthumb":"","color":""},{"label":"38","value":"EU 38","price":"","pimage":"","pimage_id":"","pthumb":"","color":""},{"label":"38.5","value":"EU 38.5","price":"","pimage":"","pimage_id":"","pthumb":"","color":""},{"label":"39","value":"EU 39","price":"","pimage":"","pimage_id":"","pthumb":"","color":""},{"label":"39.5","value":"EU 39.5","price":"","pimage":"","pimage_id":"","pthumb":"","color":""},{"label":"40","value":"EU 40","price":"","pimage":"","pimage_id":"","pthumb":"","color":""},{"label":"40.5","value":"EU 40.5","price":"","pimage":"","pimage_id":"","pthumb":"","color":""},{"label":" 41.5","value":"EU 41.5","price":"","pimage":"","pimage_id":"","pthumb":"","color":""},{"label":"42","value":"EU 42","price":"","pimage":"","pimage_id":"","pthumb":"","color":""},{"label":"42.5","value":"EU 42.5","price":"","pimage":"","pimage_id":"","pthumb":"","color":""},{"label":"43.5","value":"EU 43.5","price":"","pimage":"","pimage_id":"","pthumb":"","color":""},{"label":"44","value":"EU 44","price":"","pimage":"","pimage_id":"","pthumb":"","color":""},{"label":"44.5","value":"EU 44.5","price":"","pimage":"","pimage_id":"","pthumb":"","color":""},{"label":"45","value":"EU 45","price":"","pimage":"","pimage_id":"","pthumb":"","color":""}],"relations":[{"operator":false,"rules":[]}],"form_id":184311,"form_rules":{"pric_cal_option_once":false,"exclude_from_discount":false,"pric_use_as_fee":false,"fee_label":"Fee","render_after_acb":false,"disp_hide_options_price":false}}]},"yoast_head":"<!-- This site is optimized with the Yoast SEO plugin v26.5 - https:\/\/yoast.com\/wordpress\/plugins\/seo\/ -->\n<title>Pleasures x ASICS Gel NYC &#039;World of Pleasures&#039;  - Loftrunway<\/title>\n<meta name=\"robots\" content=\"index, follow, max-snippet:-1, max-image-preview:large, max-video-preview:-1\" \/>\n<link rel=\"canonical\" href=\"https:\/\/loftrunway.com\/de\/products\/pleasures-x-asics-gel-nyc-world-of-pleasures\/\" \/>\n<meta property=\"og:locale\" content=\"de_DE\" \/>\n<meta property=\"og:type\" content=\"article\" \/>\n<meta property=\"og:title\" content=\"Pleasures x ASICS Gel NYC &#039;World of Pleasures&#039;  - Loftrunway\" \/>\n<meta property=\"og:description\" content=\"ASICS Gel NYC \u201d\u201d Rose\/Lavender\" \/>\n<meta property=\"og:url\" content=\"https:\/\/loftrunway.com\/de\/products\/pleasures-x-asics-gel-nyc-world-of-pleasures\/\" \/>\n<meta property=\"og:site_name\" content=\"loftRUN Sneaker Store\" \/>\n<meta property=\"article:modified_time\" content=\"2026-04-02T07:54:52+00:00\" \/>\n<meta name=\"twitter:card\" content=\"summary_large_image\" \/>\n<meta name=\"twitter:image\" content=\"https:\/\/images.novelship.com\/product\/pleasures_x_asics_gel_nyc__world_of_pleasures__120_0_68658.jpeg\" \/>\n<meta name=\"twitter:label1\" content=\"Gesch\u00e4tzte Lesezeit\" \/>\n\t<meta name=\"twitter:data1\" content=\"1\u00a0Minute\" \/>\n<script type=\"application\/ld+json\" class=\"yoast-schema-graph\">{\"@context\":\"https:\/\/schema.org\",\"@graph\":[{\"@type\":\"WebPage\",\"@id\":\"https:\/\/loftrunway.com\/de\/products\/pleasures-x-asics-gel-nyc-world-of-pleasures\/\",\"url\":\"https:\/\/loftrunway.com\/de\/products\/pleasures-x-asics-gel-nyc-world-of-pleasures\/\",\"name\":\"Pleasures x ASICS Gel NYC 'World of Pleasures' - Loftrunway\",\"isPartOf\":{\"@id\":\"https:\/\/loftrunway.com\/de\/#website\"},\"primaryImageOfPage\":{\"@id\":\"https:\/\/loftrunway.com\/de\/products\/pleasures-x-asics-gel-nyc-world-of-pleasures\/#primaryimage\"},\"image\":{\"@id\":\"https:\/\/loftrunway.com\/de\/products\/pleasures-x-asics-gel-nyc-world-of-pleasures\/#primaryimage\"},\"thumbnailUrl\":\"https:\/\/images.novelship.com\/product\/pleasures_x_asics_gel_nyc__world_of_pleasures__120_0_68658.jpeg\",\"datePublished\":\"2026-03-02T08:43:23+00:00\",\"dateModified\":\"2026-04-02T07:54:52+00:00\",\"breadcrumb\":{\"@id\":\"https:\/\/loftrunway.com\/de\/products\/pleasures-x-asics-gel-nyc-world-of-pleasures\/#breadcrumb\"},\"inLanguage\":\"de\",\"potentialAction\":[{\"@type\":\"ReadAction\",\"target\":[\"https:\/\/loftrunway.com\/de\/products\/pleasures-x-asics-gel-nyc-world-of-pleasures\/\"]}]},{\"@type\":\"ImageObject\",\"inLanguage\":\"de\",\"@id\":\"https:\/\/loftrunway.com\/de\/products\/pleasures-x-asics-gel-nyc-world-of-pleasures\/#primaryimage\",\"url\":\"https:\/\/images.novelship.com\/product\/pleasures_x_asics_gel_nyc__world_of_pleasures__120_0_68658.jpeg\",\"contentUrl\":\"https:\/\/images.novelship.com\/product\/pleasures_x_asics_gel_nyc__world_of_pleasures__120_0_68658.jpeg\"},{\"@type\":\"BreadcrumbList\",\"@id\":\"https:\/\/loftrunway.com\/de\/products\/pleasures-x-asics-gel-nyc-world-of-pleasures\/#breadcrumb\",\"itemListElement\":[{\"@type\":\"ListItem\",\"position\":1,\"name\":\"Home\",\"item\":\"https:\/\/loftrunway.com\/de\/\"},{\"@type\":\"ListItem\",\"position\":2,\"name\":\"Shop\",\"item\":\"https:\/\/loftrunway.com\/de\/shop\/\"},{\"@type\":\"ListItem\",\"position\":3,\"name\":\"Pleasures x ASICS Gel NYC &#8218;World of Pleasures&#8216;\"}]},{\"@type\":\"WebSite\",\"@id\":\"https:\/\/loftrunway.com\/de\/#website\",\"url\":\"https:\/\/loftrunway.com\/de\/\",\"name\":\"Styloral Jewelry Shop\",\"description\":\"Der Ort, an dem man alle Arten von Sneakern findet\",\"publisher\":{\"@id\":\"https:\/\/loftrunway.com\/de\/#organization\"},\"potentialAction\":[{\"@type\":\"SearchAction\",\"target\":{\"@type\":\"EntryPoint\",\"urlTemplate\":\"https:\/\/loftrunway.com\/de\/?s={search_term_string}\"},\"query-input\":{\"@type\":\"PropertyValueSpecification\",\"valueRequired\":true,\"valueName\":\"search_term_string\"}}],\"inLanguage\":\"de\"},{\"@type\":\"Organization\",\"@id\":\"https:\/\/loftrunway.com\/de\/#organization\",\"name\":\"STYLORAL PTE. LTD\",\"url\":\"https:\/\/loftrunway.com\/de\/\",\"logo\":{\"@type\":\"ImageObject\",\"inLanguage\":\"de\",\"@id\":\"https:\/\/loftrunway.com\/de\/#\/schema\/logo\/image\/\",\"url\":\"https:\/\/www.loftrunway.com\/wp-content\/uploads\/2025\/12\/logo.png\",\"contentUrl\":\"https:\/\/www.loftrunway.com\/wp-content\/uploads\/2025\/12\/logo.png\",\"width\":200,\"height\":65,\"caption\":\"STYLORAL PTE. LTD\"},\"image\":{\"@id\":\"https:\/\/loftrunway.com\/de\/#\/schema\/logo\/image\/\"}}]}<\/script>\n<!-- \/ Yoast SEO plugin. -->","yoast_head_json":{"title":"Pleasures x ASICS Gel NYC 'World of Pleasures'  - Loftrunway","robots":{"index":"index","follow":"follow","max-snippet":"max-snippet:-1","max-image-preview":"max-image-preview:large","max-video-preview":"max-video-preview:-1"},"canonical":"https:\/\/loftrunway.com\/de\/products\/pleasures-x-asics-gel-nyc-world-of-pleasures\/","og_locale":"de_DE","og_type":"article","og_title":"Pleasures x ASICS Gel NYC 'World of Pleasures'  - Loftrunway","og_description":"ASICS Gel NYC \u201d\u201d Rose\/Lavender","og_url":"https:\/\/loftrunway.com\/de\/products\/pleasures-x-asics-gel-nyc-world-of-pleasures\/","og_site_name":"loftRUN Sneaker Store","article_modified_time":"2026-04-02T07:54:52+00:00","twitter_card":"summary_large_image","twitter_image":"https:\/\/images.novelship.com\/product\/pleasures_x_asics_gel_nyc__world_of_pleasures__120_0_68658.jpeg","twitter_misc":{"Gesch\u00e4tzte Lesezeit":"1\u00a0Minute"},"schema":{"@context":"https:\/\/schema.org","@graph":[{"@type":"WebPage","@id":"https:\/\/loftrunway.com\/de\/products\/pleasures-x-asics-gel-nyc-world-of-pleasures\/","url":"https:\/\/loftrunway.com\/de\/products\/pleasures-x-asics-gel-nyc-world-of-pleasures\/","name":"Pleasures x ASICS Gel NYC 'World of Pleasures' - Loftrunway","isPartOf":{"@id":"https:\/\/loftrunway.com\/de\/#website"},"primaryImageOfPage":{"@id":"https:\/\/loftrunway.com\/de\/products\/pleasures-x-asics-gel-nyc-world-of-pleasures\/#primaryimage"},"image":{"@id":"https:\/\/loftrunway.com\/de\/products\/pleasures-x-asics-gel-nyc-world-of-pleasures\/#primaryimage"},"thumbnailUrl":"https:\/\/images.novelship.com\/product\/pleasures_x_asics_gel_nyc__world_of_pleasures__120_0_68658.jpeg","datePublished":"2026-03-02T08:43:23+00:00","dateModified":"2026-04-02T07:54:52+00:00","breadcrumb":{"@id":"https:\/\/loftrunway.com\/de\/products\/pleasures-x-asics-gel-nyc-world-of-pleasures\/#breadcrumb"},"inLanguage":"de","potentialAction":[{"@type":"ReadAction","target":["https:\/\/loftrunway.com\/de\/products\/pleasures-x-asics-gel-nyc-world-of-pleasures\/"]}]},{"@type":"ImageObject","inLanguage":"de","@id":"https:\/\/loftrunway.com\/de\/products\/pleasures-x-asics-gel-nyc-world-of-pleasures\/#primaryimage","url":"https:\/\/images.novelship.com\/product\/pleasures_x_asics_gel_nyc__world_of_pleasures__120_0_68658.jpeg","contentUrl":"https:\/\/images.novelship.com\/product\/pleasures_x_asics_gel_nyc__world_of_pleasures__120_0_68658.jpeg"},{"@type":"BreadcrumbList","@id":"https:\/\/loftrunway.com\/de\/products\/pleasures-x-asics-gel-nyc-world-of-pleasures\/#breadcrumb","itemListElement":[{"@type":"ListItem","position":1,"name":"Home","item":"https:\/\/loftrunway.com\/de\/"},{"@type":"ListItem","position":2,"name":"Shop","item":"https:\/\/loftrunway.com\/de\/shop\/"},{"@type":"ListItem","position":3,"name":"Pleasures x ASICS Gel NYC &#8218;World of Pleasures&#8216;"}]},{"@type":"WebSite","@id":"https:\/\/loftrunway.com\/de\/#website","url":"https:\/\/loftrunway.com\/de\/","name":"Styloral Jewelry Shop","description":"Der Ort, an dem man alle Arten von Sneakern findet","publisher":{"@id":"https:\/\/loftrunway.com\/de\/#organization"},"potentialAction":[{"@type":"SearchAction","target":{"@type":"EntryPoint","urlTemplate":"https:\/\/loftrunway.com\/de\/?s={search_term_string}"},"query-input":{"@type":"PropertyValueSpecification","valueRequired":true,"valueName":"search_term_string"}}],"inLanguage":"de"},{"@type":"Organization","@id":"https:\/\/loftrunway.com\/de\/#organization","name":"STYLORAL PTE. LTD","url":"https:\/\/loftrunway.com\/de\/","logo":{"@type":"ImageObject","inLanguage":"de","@id":"https:\/\/loftrunway.com\/de\/#\/schema\/logo\/image\/","url":"https:\/\/www.loftrunway.com\/wp-content\/uploads\/2025\/12\/logo.png","contentUrl":"https:\/\/www.loftrunway.com\/wp-content\/uploads\/2025\/12\/logo.png","width":200,"height":65,"caption":"STYLORAL PTE. LTD"},"image":{"@id":"https:\/\/loftrunway.com\/de\/#\/schema\/logo\/image\/"}}]}},"_links":{"self":[{"href":"https:\/\/loftrunway.com\/de\/wp-json\/wp\/v2\/product\/145224","targetHints":{"allow":["GET"]}}],"collection":[{"href":"https:\/\/loftrunway.com\/de\/wp-json\/wp\/v2\/product"}],"about":[{"href":"https:\/\/loftrunway.com\/de\/wp-json\/wp\/v2\/types\/product"}],"replies":[{"embeddable":true,"href":"https:\/\/loftrunway.com\/de\/wp-json\/wp\/v2\/comments?post=145224"}],"wp:featuredmedia":[{"embeddable":true,"href":"https:\/\/loftrunway.com\/de\/wp-json\/wp\/v2\/media\/145225"}],"wp:attachment":[{"href":"https:\/\/loftrunway.com\/de\/wp-json\/wp\/v2\/media?parent=145224"}],"wp:term":[{"taxonomy":"product_brand","embeddable":true,"href":"https:\/\/loftrunway.com\/de\/wp-json\/wp\/v2\/product_brand?post=145224"},{"taxonomy":"product_cat","embeddable":true,"href":"https:\/\/loftrunway.com\/de\/wp-json\/wp\/v2\/product_cat?post=145224"},{"taxonomy":"product_tag","embeddable":true,"href":"https:\/\/loftrunway.com\/de\/wp-json\/wp\/v2\/product_tag?post=145224"}],"curies":[{"name":"wp","href":"https:\/\/api.w.org\/{rel}","templated":true}]}}