{"id":145327,"date":"2026-03-02T15:43:31","date_gmt":"2026-03-02T08:43:31","guid":{"rendered":"http:\/\/loftrunway.com\/product\/kiko-kostadinov-x-asics-ub6-s-gt-2160-arctic-blue-carbon"},"modified":"2026-04-02T14:54:54","modified_gmt":"2026-04-02T07:54:54","slug":"kiko-kostadinov-x-asics-ub6-s-gt-2160-arctic-blue-carbon","status":"publish","type":"product","link":"https:\/\/loftrunway.com\/de\/products\/kiko-kostadinov-x-asics-ub6-s-gt-2160-arctic-blue-carbon\/","title":{"rendered":"Kiko Kostadinov x ASICS UB6-S GT 2160 &#8218;Arctic Blue Carbon&#8216;"},"content":{"rendered":"<p>Wir pr\u00e4sentieren den ASICS UB6-S GT 2160 Laufschuh \u201eArctic Blue Carbon\u201c \u201d\u201c entwickelt f\u00fcr Stabilit\u00e4t und Halt. Erleben Sie die perfekte Balance aus D\u00e4mpfung und Reaktionsfreudigkeit dank der FLYTEFOAM\u00c2\u00ae-Mittelsohle, w\u00e4hrend das Dynamic DuoMax\u00c2\u00ae-St\u00fctzsystem die Stabilit\u00e4t optimiert. Das atmungsaktive Mesh-Obermaterial sorgt f\u00fcr ein angenehm k\u00fchles Tragegef\u00fchl, und die AHARPLUS\u00c2\u00ae-Au\u00dfensohle bietet au\u00dfergew\u00f6hnliche Strapazierf\u00e4higkeit. Genie\u00dfen Sie jeden Schritt in diesen stylischen und funktionalen Schuhen, erh\u00e4ltlich im faszinierenden Farbton \u201eArctic Blue Carbon\u201c. Egal ob erfahrener L\u00e4ufer oder Einsteiger \u201d\u201c mit dem ASICS UB6-S GT 2160 steigerst du deine Leistung.<\/p>\n<ul>\n<li><strong>Farbgebung:<\/strong> Arktisblau\/Carbon<\/li>\n<li><strong>Artikelnummer:<\/strong> 1203A421-401<\/li>\n<li><strong>Obermaterial:<\/strong> Mesh<\/li>\n<li><strong>Zwischensohle:<\/strong> Gel<\/li>\n<li><strong>Saison:<\/strong> Fr\u00fchling<\/li>\n<li><strong>Erscheinungsjahr:<\/strong> 2024<\/li>\n<\/ul>\n","protected":false},"excerpt":{"rendered":"<p>ASICS UB6-S GT 2160 \u201d\u201d Arctic Blue\/Carbon<\/p>\n","protected":false},"featured_media":145328,"comment_status":"open","ping_status":"closed","template":"","meta":[],"product_brand":[],"product_cat":[10792,41273],"product_tag":[10791,10750,10753,10754,10765,10768,10840,10758],"class_list":{"0":"post-145327","1":"product","2":"type-product","3":"status-publish","4":"has-post-thumbnail","6":"product_cat-asics","7":"product_cat-remove","8":"product_tag-asics","9":"product_tag-athleisure-shoes","10":"product_tag-gift-for-him","11":"product_tag-lifestyle-casual-shoes","12":"product_tag-lifestyle-shoes-running-inspired","13":"product_tag-retro-running-shoes","14":"product_tag-running-shoes","15":"product_tag-under-retail","16":"wcpa_has_options","18":"first","19":"instock","20":"sale","21":"taxable","22":"shipping-taxable","23":"purchasable","24":"product-type-simple"},"wcpa_form_fields":{"rules":{"pric_overide_base_price":false,"pric_overide_base_price_if_gt_zero":false,"pric_overide_base_price_fully":false,"pric_cal_option_once":false,"pric_use_as_fee":false,"bind_quantity":false,"quantity_bind_formula":false},"fields":[{"type":"color-group","required":true,"elementId":"wcpa-color-group-69a5ab08ee12d","label":"Gr\u00f6\u00dfe","inline":true,"priceOptions":"different_for_all","pricingType":"fixed","className":"hassizechart product-shoes-size-eu product-shoes-size","name":"color-group-69a5ab08ee136","disp_type":"square","selection_type":"tick-border","disp_size":"50","show_label_inside":true,"adjust_width":true,"cart_display_type":"text","other_text":"Other","cl_rule":"show","col":6,"values":[{"label":"36","value":"EU 36","price":"","pimage":"","pimage_id":"","pthumb":"","color":"","selected":true},{"label":"37","value":"EU 37","price":"","pimage":"","pimage_id":"","pthumb":"","color":""},{"label":"37.5","value":"EU 37.5","price":"","pimage":"","pimage_id":"","pthumb":"","color":""},{"label":"38","value":"EU 38","price":"","pimage":"","pimage_id":"","pthumb":"","color":""},{"label":"38.5","value":"EU 38.5","price":"","pimage":"","pimage_id":"","pthumb":"","color":""},{"label":"39","value":"EU 39","price":"","pimage":"","pimage_id":"","pthumb":"","color":""},{"label":"39.5","value":"EU 39.5","price":"","pimage":"","pimage_id":"","pthumb":"","color":""},{"label":"40","value":"EU 40","price":"","pimage":"","pimage_id":"","pthumb":"","color":""},{"label":"40.5","value":"EU 40.5","price":"","pimage":"","pimage_id":"","pthumb":"","color":""},{"label":" 41.5","value":"EU 41.5","price":"","pimage":"","pimage_id":"","pthumb":"","color":""},{"label":"42","value":"EU 42","price":"","pimage":"","pimage_id":"","pthumb":"","color":""},{"label":"42.5","value":"EU 42.5","price":"","pimage":"","pimage_id":"","pthumb":"","color":""},{"label":"43.5","value":"EU 43.5","price":"","pimage":"","pimage_id":"","pthumb":"","color":""},{"label":"44","value":"EU 44","price":"","pimage":"","pimage_id":"","pthumb":"","color":""},{"label":"44.5","value":"EU 44.5","price":"","pimage":"","pimage_id":"","pthumb":"","color":""},{"label":"45","value":"EU 45","price":"","pimage":"","pimage_id":"","pthumb":"","color":""}],"relations":[{"operator":false,"rules":[]}],"form_id":184311,"form_rules":{"pric_cal_option_once":false,"exclude_from_discount":false,"pric_use_as_fee":false,"fee_label":"Fee","render_after_acb":false,"disp_hide_options_price":false}}]},"yoast_head":"<!-- This site is optimized with the Yoast SEO plugin v26.5 - https:\/\/yoast.com\/wordpress\/plugins\/seo\/ -->\n<title>Kiko Kostadinov x ASICS UB6-S GT 2160 &#039;Arctic Blue Carbon&#039;  - Loftrunway<\/title>\n<meta name=\"robots\" content=\"index, follow, max-snippet:-1, max-image-preview:large, max-video-preview:-1\" \/>\n<link rel=\"canonical\" href=\"https:\/\/loftrunway.com\/de\/products\/kiko-kostadinov-x-asics-ub6-s-gt-2160-arctic-blue-carbon\/\" \/>\n<meta property=\"og:locale\" content=\"de_DE\" \/>\n<meta property=\"og:type\" content=\"article\" \/>\n<meta property=\"og:title\" content=\"Kiko Kostadinov x ASICS UB6-S GT 2160 &#039;Arctic Blue Carbon&#039;  - Loftrunway\" \/>\n<meta property=\"og:description\" content=\"ASICS UB6-S GT 2160 \u201d\u201d Arctic Blue\/Carbon\" \/>\n<meta property=\"og:url\" content=\"https:\/\/loftrunway.com\/de\/products\/kiko-kostadinov-x-asics-ub6-s-gt-2160-arctic-blue-carbon\/\" \/>\n<meta property=\"og:site_name\" content=\"loftRUN Sneaker Store\" \/>\n<meta property=\"article:modified_time\" content=\"2026-04-02T07:54:54+00:00\" \/>\n<meta name=\"twitter:card\" content=\"summary_large_image\" \/>\n<meta name=\"twitter:image\" content=\"https:\/\/images.novelship.com\/product\/asics_ub6-s_gt_2160__arctic_blue_carbon__1203a421-_0_41683.jpeg\" \/>\n<meta name=\"twitter:label1\" content=\"Gesch\u00e4tzte Lesezeit\" \/>\n\t<meta name=\"twitter:data1\" content=\"1\u00a0Minute\" \/>\n<script type=\"application\/ld+json\" class=\"yoast-schema-graph\">{\"@context\":\"https:\/\/schema.org\",\"@graph\":[{\"@type\":\"WebPage\",\"@id\":\"https:\/\/loftrunway.com\/de\/products\/kiko-kostadinov-x-asics-ub6-s-gt-2160-arctic-blue-carbon\/\",\"url\":\"https:\/\/loftrunway.com\/de\/products\/kiko-kostadinov-x-asics-ub6-s-gt-2160-arctic-blue-carbon\/\",\"name\":\"Kiko Kostadinov x ASICS UB6-S GT 2160 'Arctic Blue Carbon' - Loftrunway\",\"isPartOf\":{\"@id\":\"https:\/\/loftrunway.com\/de\/#website\"},\"primaryImageOfPage\":{\"@id\":\"https:\/\/loftrunway.com\/de\/products\/kiko-kostadinov-x-asics-ub6-s-gt-2160-arctic-blue-carbon\/#primaryimage\"},\"image\":{\"@id\":\"https:\/\/loftrunway.com\/de\/products\/kiko-kostadinov-x-asics-ub6-s-gt-2160-arctic-blue-carbon\/#primaryimage\"},\"thumbnailUrl\":\"https:\/\/images.novelship.com\/product\/asics_ub6-s_gt_2160__arctic_blue_carbon__1203a421-_0_41683.jpeg\",\"datePublished\":\"2026-03-02T08:43:31+00:00\",\"dateModified\":\"2026-04-02T07:54:54+00:00\",\"breadcrumb\":{\"@id\":\"https:\/\/loftrunway.com\/de\/products\/kiko-kostadinov-x-asics-ub6-s-gt-2160-arctic-blue-carbon\/#breadcrumb\"},\"inLanguage\":\"de\",\"potentialAction\":[{\"@type\":\"ReadAction\",\"target\":[\"https:\/\/loftrunway.com\/de\/products\/kiko-kostadinov-x-asics-ub6-s-gt-2160-arctic-blue-carbon\/\"]}]},{\"@type\":\"ImageObject\",\"inLanguage\":\"de\",\"@id\":\"https:\/\/loftrunway.com\/de\/products\/kiko-kostadinov-x-asics-ub6-s-gt-2160-arctic-blue-carbon\/#primaryimage\",\"url\":\"https:\/\/images.novelship.com\/product\/asics_ub6-s_gt_2160__arctic_blue_carbon__1203a421-_0_41683.jpeg\",\"contentUrl\":\"https:\/\/images.novelship.com\/product\/asics_ub6-s_gt_2160__arctic_blue_carbon__1203a421-_0_41683.jpeg\"},{\"@type\":\"BreadcrumbList\",\"@id\":\"https:\/\/loftrunway.com\/de\/products\/kiko-kostadinov-x-asics-ub6-s-gt-2160-arctic-blue-carbon\/#breadcrumb\",\"itemListElement\":[{\"@type\":\"ListItem\",\"position\":1,\"name\":\"Home\",\"item\":\"https:\/\/loftrunway.com\/de\/\"},{\"@type\":\"ListItem\",\"position\":2,\"name\":\"Shop\",\"item\":\"https:\/\/loftrunway.com\/de\/shop\/\"},{\"@type\":\"ListItem\",\"position\":3,\"name\":\"Kiko Kostadinov x ASICS UB6-S GT 2160 &#8218;Arctic Blue Carbon&#8216;\"}]},{\"@type\":\"WebSite\",\"@id\":\"https:\/\/loftrunway.com\/de\/#website\",\"url\":\"https:\/\/loftrunway.com\/de\/\",\"name\":\"Styloral Jewelry Shop\",\"description\":\"Der Ort, an dem man alle Arten von Sneakern findet\",\"publisher\":{\"@id\":\"https:\/\/loftrunway.com\/de\/#organization\"},\"potentialAction\":[{\"@type\":\"SearchAction\",\"target\":{\"@type\":\"EntryPoint\",\"urlTemplate\":\"https:\/\/loftrunway.com\/de\/?s={search_term_string}\"},\"query-input\":{\"@type\":\"PropertyValueSpecification\",\"valueRequired\":true,\"valueName\":\"search_term_string\"}}],\"inLanguage\":\"de\"},{\"@type\":\"Organization\",\"@id\":\"https:\/\/loftrunway.com\/de\/#organization\",\"name\":\"STYLORAL PTE. LTD\",\"url\":\"https:\/\/loftrunway.com\/de\/\",\"logo\":{\"@type\":\"ImageObject\",\"inLanguage\":\"de\",\"@id\":\"https:\/\/loftrunway.com\/de\/#\/schema\/logo\/image\/\",\"url\":\"https:\/\/www.loftrunway.com\/wp-content\/uploads\/2025\/12\/logo.png\",\"contentUrl\":\"https:\/\/www.loftrunway.com\/wp-content\/uploads\/2025\/12\/logo.png\",\"width\":200,\"height\":65,\"caption\":\"STYLORAL PTE. LTD\"},\"image\":{\"@id\":\"https:\/\/loftrunway.com\/de\/#\/schema\/logo\/image\/\"}}]}<\/script>\n<!-- \/ Yoast SEO plugin. -->","yoast_head_json":{"title":"Kiko Kostadinov x ASICS UB6-S GT 2160 'Arctic Blue Carbon'  - Loftrunway","robots":{"index":"index","follow":"follow","max-snippet":"max-snippet:-1","max-image-preview":"max-image-preview:large","max-video-preview":"max-video-preview:-1"},"canonical":"https:\/\/loftrunway.com\/de\/products\/kiko-kostadinov-x-asics-ub6-s-gt-2160-arctic-blue-carbon\/","og_locale":"de_DE","og_type":"article","og_title":"Kiko Kostadinov x ASICS UB6-S GT 2160 'Arctic Blue Carbon'  - Loftrunway","og_description":"ASICS UB6-S GT 2160 \u201d\u201d Arctic Blue\/Carbon","og_url":"https:\/\/loftrunway.com\/de\/products\/kiko-kostadinov-x-asics-ub6-s-gt-2160-arctic-blue-carbon\/","og_site_name":"loftRUN Sneaker Store","article_modified_time":"2026-04-02T07:54:54+00:00","twitter_card":"summary_large_image","twitter_image":"https:\/\/images.novelship.com\/product\/asics_ub6-s_gt_2160__arctic_blue_carbon__1203a421-_0_41683.jpeg","twitter_misc":{"Gesch\u00e4tzte Lesezeit":"1\u00a0Minute"},"schema":{"@context":"https:\/\/schema.org","@graph":[{"@type":"WebPage","@id":"https:\/\/loftrunway.com\/de\/products\/kiko-kostadinov-x-asics-ub6-s-gt-2160-arctic-blue-carbon\/","url":"https:\/\/loftrunway.com\/de\/products\/kiko-kostadinov-x-asics-ub6-s-gt-2160-arctic-blue-carbon\/","name":"Kiko Kostadinov x ASICS UB6-S GT 2160 'Arctic Blue Carbon' - Loftrunway","isPartOf":{"@id":"https:\/\/loftrunway.com\/de\/#website"},"primaryImageOfPage":{"@id":"https:\/\/loftrunway.com\/de\/products\/kiko-kostadinov-x-asics-ub6-s-gt-2160-arctic-blue-carbon\/#primaryimage"},"image":{"@id":"https:\/\/loftrunway.com\/de\/products\/kiko-kostadinov-x-asics-ub6-s-gt-2160-arctic-blue-carbon\/#primaryimage"},"thumbnailUrl":"https:\/\/images.novelship.com\/product\/asics_ub6-s_gt_2160__arctic_blue_carbon__1203a421-_0_41683.jpeg","datePublished":"2026-03-02T08:43:31+00:00","dateModified":"2026-04-02T07:54:54+00:00","breadcrumb":{"@id":"https:\/\/loftrunway.com\/de\/products\/kiko-kostadinov-x-asics-ub6-s-gt-2160-arctic-blue-carbon\/#breadcrumb"},"inLanguage":"de","potentialAction":[{"@type":"ReadAction","target":["https:\/\/loftrunway.com\/de\/products\/kiko-kostadinov-x-asics-ub6-s-gt-2160-arctic-blue-carbon\/"]}]},{"@type":"ImageObject","inLanguage":"de","@id":"https:\/\/loftrunway.com\/de\/products\/kiko-kostadinov-x-asics-ub6-s-gt-2160-arctic-blue-carbon\/#primaryimage","url":"https:\/\/images.novelship.com\/product\/asics_ub6-s_gt_2160__arctic_blue_carbon__1203a421-_0_41683.jpeg","contentUrl":"https:\/\/images.novelship.com\/product\/asics_ub6-s_gt_2160__arctic_blue_carbon__1203a421-_0_41683.jpeg"},{"@type":"BreadcrumbList","@id":"https:\/\/loftrunway.com\/de\/products\/kiko-kostadinov-x-asics-ub6-s-gt-2160-arctic-blue-carbon\/#breadcrumb","itemListElement":[{"@type":"ListItem","position":1,"name":"Home","item":"https:\/\/loftrunway.com\/de\/"},{"@type":"ListItem","position":2,"name":"Shop","item":"https:\/\/loftrunway.com\/de\/shop\/"},{"@type":"ListItem","position":3,"name":"Kiko Kostadinov x ASICS UB6-S GT 2160 &#8218;Arctic Blue Carbon&#8216;"}]},{"@type":"WebSite","@id":"https:\/\/loftrunway.com\/de\/#website","url":"https:\/\/loftrunway.com\/de\/","name":"Styloral Jewelry Shop","description":"Der Ort, an dem man alle Arten von Sneakern findet","publisher":{"@id":"https:\/\/loftrunway.com\/de\/#organization"},"potentialAction":[{"@type":"SearchAction","target":{"@type":"EntryPoint","urlTemplate":"https:\/\/loftrunway.com\/de\/?s={search_term_string}"},"query-input":{"@type":"PropertyValueSpecification","valueRequired":true,"valueName":"search_term_string"}}],"inLanguage":"de"},{"@type":"Organization","@id":"https:\/\/loftrunway.com\/de\/#organization","name":"STYLORAL PTE. LTD","url":"https:\/\/loftrunway.com\/de\/","logo":{"@type":"ImageObject","inLanguage":"de","@id":"https:\/\/loftrunway.com\/de\/#\/schema\/logo\/image\/","url":"https:\/\/www.loftrunway.com\/wp-content\/uploads\/2025\/12\/logo.png","contentUrl":"https:\/\/www.loftrunway.com\/wp-content\/uploads\/2025\/12\/logo.png","width":200,"height":65,"caption":"STYLORAL PTE. LTD"},"image":{"@id":"https:\/\/loftrunway.com\/de\/#\/schema\/logo\/image\/"}}]}},"_links":{"self":[{"href":"https:\/\/loftrunway.com\/de\/wp-json\/wp\/v2\/product\/145327","targetHints":{"allow":["GET"]}}],"collection":[{"href":"https:\/\/loftrunway.com\/de\/wp-json\/wp\/v2\/product"}],"about":[{"href":"https:\/\/loftrunway.com\/de\/wp-json\/wp\/v2\/types\/product"}],"replies":[{"embeddable":true,"href":"https:\/\/loftrunway.com\/de\/wp-json\/wp\/v2\/comments?post=145327"}],"wp:featuredmedia":[{"embeddable":true,"href":"https:\/\/loftrunway.com\/de\/wp-json\/wp\/v2\/media\/145328"}],"wp:attachment":[{"href":"https:\/\/loftrunway.com\/de\/wp-json\/wp\/v2\/media?parent=145327"}],"wp:term":[{"taxonomy":"product_brand","embeddable":true,"href":"https:\/\/loftrunway.com\/de\/wp-json\/wp\/v2\/product_brand?post=145327"},{"taxonomy":"product_cat","embeddable":true,"href":"https:\/\/loftrunway.com\/de\/wp-json\/wp\/v2\/product_cat?post=145327"},{"taxonomy":"product_tag","embeddable":true,"href":"https:\/\/loftrunway.com\/de\/wp-json\/wp\/v2\/product_tag?post=145327"}],"curies":[{"name":"wp","href":"https:\/\/api.w.org\/{rel}","templated":true}]}}