{"id":146003,"date":"2026-03-02T15:44:34","date_gmt":"2026-03-02T08:44:34","guid":{"rendered":"http:\/\/loftrunway.com\/product\/jude-bellingham-x-adidas-predator-elite-foldover-tongue-fg-chrome-dream"},"modified":"2026-04-02T14:55:17","modified_gmt":"2026-04-02T07:55:17","slug":"jude-bellingham-x-adidas-predator-elite-foldover-tongue-fg-chrome-dream","status":"publish","type":"product","link":"https:\/\/loftrunway.com\/de\/products\/jude-bellingham-x-adidas-predator-elite-foldover-tongue-fg-chrome-dream\/","title":{"rendered":"Jude Bellingham x adidas Predator Elite Foldover Tongue FG &#8218;Chrome Dream&#8216;"},"content":{"rendered":"<p>Verbessere dein Spiel mit dem Jude Bellingham x adidas Predator Elite Foldover Tongue FG &#8218;Chrome Dream&#8216; IH0894. Diese Fu\u00dfballschuhe wurden f\u00fcr unvergleichliche Ballkontrolle entwickelt und verf\u00fcgen \u00fcber eine umklappbare Zunge f\u00fcr sicheren Halt und optimale Schussfl\u00e4che. Das Chrom-Finish verleiht ihnen einen modernen Look, w\u00e4hrend die leichte Konstruktion f\u00fcr Agilit\u00e4t und Schnelligkeit auf dem Spielfeld sorgt. Diese Kollaboration ist ideal f\u00fcr ambitionierte Spieler, die Pr\u00e4zision und Leistung suchen und vereint Stil und Innovation \u201d\u201c perfekt, um das Spiel zu dominieren. Bestimme dein Spiel mit der Pr\u00e4zisionstechnologie von adidas.<\/p>\n<ul>\n<li><strong>Farbgebung:<\/strong> Silber Metallic\/Legacy Burgundy\/Maroon<\/li>\n<li><strong>Style-Code:<\/strong> IH0894<\/li>\n<li><strong>Obermaterial:<\/strong> Fusionskin<\/li>\n<li><strong>Farbe:<\/strong> Silber<\/li>\n<li><strong>Saison:<\/strong> Fr\u00fchling<\/li>\n<li><strong>Erscheinungsjahr:<\/strong> 2025<\/li>\n<\/ul>\n","protected":false},"excerpt":{"rendered":"<p>adidas Predator Elite Foldover Tongue FG \u201d\u201d Silver Metallic\/Legacy Burgundy\/Maroon<\/p>\n","protected":false},"featured_media":146004,"comment_status":"open","ping_status":"closed","template":"","meta":[],"product_brand":[],"product_cat":[10760,41273],"product_tag":[10759,11087,10802,10986,10987,10758],"class_list":{"0":"post-146003","1":"product","2":"type-product","3":"status-publish","4":"has-post-thumbnail","6":"product_cat-adidas","7":"product_cat-remove","8":"product_tag-adidas","9":"product_tag-firm-ground-fg-football-boots","10":"product_tag-performance-sport-shoes","11":"product_tag-soccer-shoes","12":"product_tag-soccer-shoes-football-cleats","13":"product_tag-under-retail","14":"wcpa_has_options","16":"first","17":"instock","18":"taxable","19":"shipping-taxable","20":"purchasable","21":"product-type-simple"},"wcpa_form_fields":{"rules":{"pric_overide_base_price":false,"pric_overide_base_price_if_gt_zero":false,"pric_overide_base_price_fully":false,"pric_cal_option_once":false,"pric_use_as_fee":false,"bind_quantity":false,"quantity_bind_formula":false},"fields":[{"type":"color-group","required":true,"elementId":"wcpa-color-group-66c4a7f817afe","label":"Gr\u00f6\u00dfe","inline":true,"priceOptions":"different_for_all","pricingType":"fixed","className":"hassizechart product-shoes-size-eu product-shoes-size","name":"color-group-66c4a7f817b18","disp_type":"square","selection_type":"tick-border","disp_size":"50","show_label_inside":true,"adjust_width":true,"cart_display_type":"text","other_text":"Other","cl_rule":"show","col":6,"values":[{"label":"35","value":"EU 35","price":"","pimage":"","pimage_id":"","pthumb":"","color":""},{"label":"35.5","value":"EU 35.5","price":"","pimage":"","pimage_id":"","pthumb":"","color":""},{"label":"36","value":"EU 36","price":"","pimage":"","pimage_id":"","pthumb":"","color":"","selected":true},{"label":"36 2\/3","value":"EU 36 2\/3","price":"","pimage":"","pimage_id":"","pthumb":"","color":""},{"label":"37 1\/3","value":"EU 37 1\/3","price":"","pimage":"","pimage_id":"","pthumb":"","color":""},{"label":"38","value":"EU 38","price":"","pimage":"","pimage_id":"","pthumb":"","color":""},{"label":"38 2\/3","value":"EU 38 2\/3","price":"","pimage":"","pimage_id":"","pthumb":"","color":""},{"label":"39 1\/3","value":"EU 39 1\/3","price":"","pimage":"","pimage_id":"","pthumb":"","color":""},{"label":"40","value":"EU 40","price":"","pimage":"","pimage_id":"","pthumb":"","color":""},{"label":"40 2\/3","value":"EU 40 2\/3","price":"","pimage":"","pimage_id":"","pthumb":"","color":""},{"label":"41 1\/3","value":"EU 41 1\/3","price":"","pimage":"","pimage_id":"","pthumb":"","color":""},{"label":"42","value":"EU 42","price":"","pimage":"","pimage_id":"","pthumb":"","color":""},{"label":"42 2\/3","value":"EU 42 2\/3","price":"","pimage":"","pimage_id":"","pthumb":"","color":""},{"label":"43 1\/3","value":"EU 43 1\/3","price":"","pimage":"","pimage_id":"","pthumb":"","color":""},{"label":"44","value":"EU 44","price":"","pimage":"","pimage_id":"","pthumb":"","color":""},{"label":"44 2\/3","value":"EU 44 2\/3","price":"","pimage":"","pimage_id":"","pthumb":"","color":""},{"label":"45 1\/3","value":"EU 45 1\/3","price":"","pimage":"","pimage_id":"","pthumb":"","color":""},{"label":"46","value":"EU 46","price":"","pimage":"","pimage_id":"","pthumb":"","color":""},{"label":"46 2\/3","value":"EU 46 2\/3","price":"","pimage":"","pimage_id":"","pthumb":"","color":""},{"label":"47 1\/3","value":"EU 47 1\/3","price":"","pimage":"","pimage_id":"","pthumb":"","color":""}],"relations":[{"operator":false,"rules":[]}],"form_id":24802,"form_rules":{"pric_cal_option_once":false,"exclude_from_discount":false,"pric_use_as_fee":false,"fee_label":"Fee","render_after_acb":false,"disp_hide_options_price":false}}]},"yoast_head":"<!-- This site is optimized with the Yoast SEO plugin v26.5 - https:\/\/yoast.com\/wordpress\/plugins\/seo\/ -->\n<title>Jude Bellingham x adidas Predator Elite Foldover Tongue FG &#039;Chrome Dream&#039;  - Loftrunway<\/title>\n<meta name=\"robots\" content=\"index, follow, max-snippet:-1, max-image-preview:large, max-video-preview:-1\" \/>\n<link rel=\"canonical\" href=\"https:\/\/loftrunway.com\/de\/products\/jude-bellingham-x-adidas-predator-elite-foldover-tongue-fg-chrome-dream\/\" \/>\n<meta property=\"og:locale\" content=\"de_DE\" \/>\n<meta property=\"og:type\" content=\"article\" \/>\n<meta property=\"og:title\" content=\"Jude Bellingham x adidas Predator Elite Foldover Tongue FG &#039;Chrome Dream&#039;  - Loftrunway\" \/>\n<meta property=\"og:description\" content=\"adidas Predator Elite Foldover Tongue FG \u201d\u201d Silver Metallic\/Legacy Burgundy\/Maroon\" \/>\n<meta property=\"og:url\" content=\"https:\/\/loftrunway.com\/de\/products\/jude-bellingham-x-adidas-predator-elite-foldover-tongue-fg-chrome-dream\/\" \/>\n<meta property=\"og:site_name\" content=\"loftRUN Sneaker Store\" \/>\n<meta property=\"article:modified_time\" content=\"2026-04-02T07:55:17+00:00\" \/>\n<meta name=\"twitter:card\" content=\"summary_large_image\" \/>\n<meta name=\"twitter:image\" content=\"https:\/\/images.novelship.com\/product\/jude_bellingham_x_adidas_predator_elite_foldover_t_0_83656.jpeg\" \/>\n<meta name=\"twitter:label1\" content=\"Gesch\u00e4tzte Lesezeit\" \/>\n\t<meta name=\"twitter:data1\" content=\"1\u00a0Minute\" \/>\n<script type=\"application\/ld+json\" class=\"yoast-schema-graph\">{\"@context\":\"https:\/\/schema.org\",\"@graph\":[{\"@type\":\"WebPage\",\"@id\":\"https:\/\/loftrunway.com\/de\/products\/jude-bellingham-x-adidas-predator-elite-foldover-tongue-fg-chrome-dream\/\",\"url\":\"https:\/\/loftrunway.com\/de\/products\/jude-bellingham-x-adidas-predator-elite-foldover-tongue-fg-chrome-dream\/\",\"name\":\"Jude Bellingham x adidas Predator Elite Foldover Tongue FG 'Chrome Dream' - Loftrunway\",\"isPartOf\":{\"@id\":\"https:\/\/loftrunway.com\/de\/#website\"},\"primaryImageOfPage\":{\"@id\":\"https:\/\/loftrunway.com\/de\/products\/jude-bellingham-x-adidas-predator-elite-foldover-tongue-fg-chrome-dream\/#primaryimage\"},\"image\":{\"@id\":\"https:\/\/loftrunway.com\/de\/products\/jude-bellingham-x-adidas-predator-elite-foldover-tongue-fg-chrome-dream\/#primaryimage\"},\"thumbnailUrl\":\"https:\/\/images.novelship.com\/product\/jude_bellingham_x_adidas_predator_elite_foldover_t_0_83656.jpeg\",\"datePublished\":\"2026-03-02T08:44:34+00:00\",\"dateModified\":\"2026-04-02T07:55:17+00:00\",\"breadcrumb\":{\"@id\":\"https:\/\/loftrunway.com\/de\/products\/jude-bellingham-x-adidas-predator-elite-foldover-tongue-fg-chrome-dream\/#breadcrumb\"},\"inLanguage\":\"de\",\"potentialAction\":[{\"@type\":\"ReadAction\",\"target\":[\"https:\/\/loftrunway.com\/de\/products\/jude-bellingham-x-adidas-predator-elite-foldover-tongue-fg-chrome-dream\/\"]}]},{\"@type\":\"ImageObject\",\"inLanguage\":\"de\",\"@id\":\"https:\/\/loftrunway.com\/de\/products\/jude-bellingham-x-adidas-predator-elite-foldover-tongue-fg-chrome-dream\/#primaryimage\",\"url\":\"https:\/\/images.novelship.com\/product\/jude_bellingham_x_adidas_predator_elite_foldover_t_0_83656.jpeg\",\"contentUrl\":\"https:\/\/images.novelship.com\/product\/jude_bellingham_x_adidas_predator_elite_foldover_t_0_83656.jpeg\"},{\"@type\":\"BreadcrumbList\",\"@id\":\"https:\/\/loftrunway.com\/de\/products\/jude-bellingham-x-adidas-predator-elite-foldover-tongue-fg-chrome-dream\/#breadcrumb\",\"itemListElement\":[{\"@type\":\"ListItem\",\"position\":1,\"name\":\"Home\",\"item\":\"https:\/\/loftrunway.com\/de\/\"},{\"@type\":\"ListItem\",\"position\":2,\"name\":\"Shop\",\"item\":\"https:\/\/loftrunway.com\/de\/shop\/\"},{\"@type\":\"ListItem\",\"position\":3,\"name\":\"Jude Bellingham x adidas Predator Elite Foldover Tongue FG &#8218;Chrome Dream&#8216;\"}]},{\"@type\":\"WebSite\",\"@id\":\"https:\/\/loftrunway.com\/de\/#website\",\"url\":\"https:\/\/loftrunway.com\/de\/\",\"name\":\"Styloral Jewelry Shop\",\"description\":\"Der Ort, an dem man alle Arten von Sneakern findet\",\"publisher\":{\"@id\":\"https:\/\/loftrunway.com\/de\/#organization\"},\"potentialAction\":[{\"@type\":\"SearchAction\",\"target\":{\"@type\":\"EntryPoint\",\"urlTemplate\":\"https:\/\/loftrunway.com\/de\/?s={search_term_string}\"},\"query-input\":{\"@type\":\"PropertyValueSpecification\",\"valueRequired\":true,\"valueName\":\"search_term_string\"}}],\"inLanguage\":\"de\"},{\"@type\":\"Organization\",\"@id\":\"https:\/\/loftrunway.com\/de\/#organization\",\"name\":\"STYLORAL PTE. LTD\",\"url\":\"https:\/\/loftrunway.com\/de\/\",\"logo\":{\"@type\":\"ImageObject\",\"inLanguage\":\"de\",\"@id\":\"https:\/\/loftrunway.com\/de\/#\/schema\/logo\/image\/\",\"url\":\"https:\/\/www.loftrunway.com\/wp-content\/uploads\/2025\/12\/logo.png\",\"contentUrl\":\"https:\/\/www.loftrunway.com\/wp-content\/uploads\/2025\/12\/logo.png\",\"width\":200,\"height\":65,\"caption\":\"STYLORAL PTE. LTD\"},\"image\":{\"@id\":\"https:\/\/loftrunway.com\/de\/#\/schema\/logo\/image\/\"}}]}<\/script>\n<!-- \/ Yoast SEO plugin. -->","yoast_head_json":{"title":"Jude Bellingham x adidas Predator Elite Foldover Tongue FG 'Chrome Dream'  - Loftrunway","robots":{"index":"index","follow":"follow","max-snippet":"max-snippet:-1","max-image-preview":"max-image-preview:large","max-video-preview":"max-video-preview:-1"},"canonical":"https:\/\/loftrunway.com\/de\/products\/jude-bellingham-x-adidas-predator-elite-foldover-tongue-fg-chrome-dream\/","og_locale":"de_DE","og_type":"article","og_title":"Jude Bellingham x adidas Predator Elite Foldover Tongue FG 'Chrome Dream'  - Loftrunway","og_description":"adidas Predator Elite Foldover Tongue FG \u201d\u201d Silver Metallic\/Legacy Burgundy\/Maroon","og_url":"https:\/\/loftrunway.com\/de\/products\/jude-bellingham-x-adidas-predator-elite-foldover-tongue-fg-chrome-dream\/","og_site_name":"loftRUN Sneaker Store","article_modified_time":"2026-04-02T07:55:17+00:00","twitter_card":"summary_large_image","twitter_image":"https:\/\/images.novelship.com\/product\/jude_bellingham_x_adidas_predator_elite_foldover_t_0_83656.jpeg","twitter_misc":{"Gesch\u00e4tzte Lesezeit":"1\u00a0Minute"},"schema":{"@context":"https:\/\/schema.org","@graph":[{"@type":"WebPage","@id":"https:\/\/loftrunway.com\/de\/products\/jude-bellingham-x-adidas-predator-elite-foldover-tongue-fg-chrome-dream\/","url":"https:\/\/loftrunway.com\/de\/products\/jude-bellingham-x-adidas-predator-elite-foldover-tongue-fg-chrome-dream\/","name":"Jude Bellingham x adidas Predator Elite Foldover Tongue FG 'Chrome Dream' - Loftrunway","isPartOf":{"@id":"https:\/\/loftrunway.com\/de\/#website"},"primaryImageOfPage":{"@id":"https:\/\/loftrunway.com\/de\/products\/jude-bellingham-x-adidas-predator-elite-foldover-tongue-fg-chrome-dream\/#primaryimage"},"image":{"@id":"https:\/\/loftrunway.com\/de\/products\/jude-bellingham-x-adidas-predator-elite-foldover-tongue-fg-chrome-dream\/#primaryimage"},"thumbnailUrl":"https:\/\/images.novelship.com\/product\/jude_bellingham_x_adidas_predator_elite_foldover_t_0_83656.jpeg","datePublished":"2026-03-02T08:44:34+00:00","dateModified":"2026-04-02T07:55:17+00:00","breadcrumb":{"@id":"https:\/\/loftrunway.com\/de\/products\/jude-bellingham-x-adidas-predator-elite-foldover-tongue-fg-chrome-dream\/#breadcrumb"},"inLanguage":"de","potentialAction":[{"@type":"ReadAction","target":["https:\/\/loftrunway.com\/de\/products\/jude-bellingham-x-adidas-predator-elite-foldover-tongue-fg-chrome-dream\/"]}]},{"@type":"ImageObject","inLanguage":"de","@id":"https:\/\/loftrunway.com\/de\/products\/jude-bellingham-x-adidas-predator-elite-foldover-tongue-fg-chrome-dream\/#primaryimage","url":"https:\/\/images.novelship.com\/product\/jude_bellingham_x_adidas_predator_elite_foldover_t_0_83656.jpeg","contentUrl":"https:\/\/images.novelship.com\/product\/jude_bellingham_x_adidas_predator_elite_foldover_t_0_83656.jpeg"},{"@type":"BreadcrumbList","@id":"https:\/\/loftrunway.com\/de\/products\/jude-bellingham-x-adidas-predator-elite-foldover-tongue-fg-chrome-dream\/#breadcrumb","itemListElement":[{"@type":"ListItem","position":1,"name":"Home","item":"https:\/\/loftrunway.com\/de\/"},{"@type":"ListItem","position":2,"name":"Shop","item":"https:\/\/loftrunway.com\/de\/shop\/"},{"@type":"ListItem","position":3,"name":"Jude Bellingham x adidas Predator Elite Foldover Tongue FG &#8218;Chrome Dream&#8216;"}]},{"@type":"WebSite","@id":"https:\/\/loftrunway.com\/de\/#website","url":"https:\/\/loftrunway.com\/de\/","name":"Styloral Jewelry Shop","description":"Der Ort, an dem man alle Arten von Sneakern findet","publisher":{"@id":"https:\/\/loftrunway.com\/de\/#organization"},"potentialAction":[{"@type":"SearchAction","target":{"@type":"EntryPoint","urlTemplate":"https:\/\/loftrunway.com\/de\/?s={search_term_string}"},"query-input":{"@type":"PropertyValueSpecification","valueRequired":true,"valueName":"search_term_string"}}],"inLanguage":"de"},{"@type":"Organization","@id":"https:\/\/loftrunway.com\/de\/#organization","name":"STYLORAL PTE. LTD","url":"https:\/\/loftrunway.com\/de\/","logo":{"@type":"ImageObject","inLanguage":"de","@id":"https:\/\/loftrunway.com\/de\/#\/schema\/logo\/image\/","url":"https:\/\/www.loftrunway.com\/wp-content\/uploads\/2025\/12\/logo.png","contentUrl":"https:\/\/www.loftrunway.com\/wp-content\/uploads\/2025\/12\/logo.png","width":200,"height":65,"caption":"STYLORAL PTE. LTD"},"image":{"@id":"https:\/\/loftrunway.com\/de\/#\/schema\/logo\/image\/"}}]}},"_links":{"self":[{"href":"https:\/\/loftrunway.com\/de\/wp-json\/wp\/v2\/product\/146003","targetHints":{"allow":["GET"]}}],"collection":[{"href":"https:\/\/loftrunway.com\/de\/wp-json\/wp\/v2\/product"}],"about":[{"href":"https:\/\/loftrunway.com\/de\/wp-json\/wp\/v2\/types\/product"}],"replies":[{"embeddable":true,"href":"https:\/\/loftrunway.com\/de\/wp-json\/wp\/v2\/comments?post=146003"}],"wp:featuredmedia":[{"embeddable":true,"href":"https:\/\/loftrunway.com\/de\/wp-json\/wp\/v2\/media\/146004"}],"wp:attachment":[{"href":"https:\/\/loftrunway.com\/de\/wp-json\/wp\/v2\/media?parent=146003"}],"wp:term":[{"taxonomy":"product_brand","embeddable":true,"href":"https:\/\/loftrunway.com\/de\/wp-json\/wp\/v2\/product_brand?post=146003"},{"taxonomy":"product_cat","embeddable":true,"href":"https:\/\/loftrunway.com\/de\/wp-json\/wp\/v2\/product_cat?post=146003"},{"taxonomy":"product_tag","embeddable":true,"href":"https:\/\/loftrunway.com\/de\/wp-json\/wp\/v2\/product_tag?post=146003"}],"curies":[{"name":"wp","href":"https:\/\/api.w.org\/{rel}","templated":true}]}}