{"id":146637,"date":"2026-03-02T15:45:31","date_gmt":"2026-03-02T08:45:31","guid":{"rendered":"http:\/\/loftrunway.com\/product\/women-adidas-sambarose-legend-marine"},"modified":"2026-04-02T14:55:42","modified_gmt":"2026-04-02T07:55:42","slug":"women-adidas-sambarose-legend-marine","status":"publish","type":"product","link":"https:\/\/loftrunway.com\/de\/products\/women-adidas-sambarose-legend-marine\/","title":{"rendered":"(Women) adidas Sambarose &#8218;Legend Marine&#8216;"},"content":{"rendered":"<p>Mit den Adidas Samba Rose &#8218;Legend Marine&#8216; BD7685 Sneakern f\u00fcr Damen im Retro-Stil erleben Sie einen Hauch von Luxus. Diese eleganten Schuhe vereinen klassischen Charme mit modernem Komfort. Das hochwertige Obermaterial aus Legend Marine Leder und die charakteristische Gummisohle sorgen f\u00fcr Langlebigkeit und ein angenehm ged\u00e4mpftes Laufgef\u00fchl. Das weiche Textilfutter und der gepolsterte Schaftrand garantieren ganzt\u00e4gigen Tragekomfort, w\u00e4hrend die ikonischen 3-Streifen und das Trefoil-Logo dem Schuh einen zeitlosen Adidas-Look verleihen. Schl\u00fcpfen Sie in die Samba Rose Sneaker und bereichern Sie Ihren Alltagslook mit einem Hauch Nostalgie.<\/p>\n<ul>\n<li><strong>Farbgebung:<\/strong> Blau\/Schwarz<\/li>\n<li><strong>Artikelnummer:<\/strong> BD7685<\/li>\n<li><strong>Obermaterial:<\/strong> Synthetikleder<\/li>\n<li><strong>Designer:<\/strong> Tinker Hatfield<\/li>\n<li><strong>Saison:<\/strong> Ganzj\u00e4hrig<\/li>\n<\/ul>\n","protected":false},"excerpt":{"rendered":"<p>adidas Sambarose \u201d\u201d Blue\/Black<\/p>\n","protected":false},"featured_media":146638,"comment_status":"open","ping_status":"closed","template":"","meta":[],"product_brand":[],"product_cat":[10941,41273],"product_tag":[10759,10749,10750,10926,10754,10765,10756,10785,10786,10758],"class_list":{"0":"post-146637","1":"product","2":"type-product","3":"status-publish","4":"has-post-thumbnail","6":"product_cat-adidas-women","7":"product_cat-remove","8":"product_tag-adidas","9":"product_tag-adidas-skateboarding-shoes","10":"product_tag-athleisure-shoes","11":"product_tag-gift-for-her","12":"product_tag-lifestyle-casual-shoes","13":"product_tag-lifestyle-shoes-running-inspired","14":"product_tag-retro-casual-shoes","15":"product_tag-trending-deals","16":"product_tag-trending-deals-under-150","17":"product_tag-under-retail","18":"wcpa_has_options","20":"first","21":"instock","22":"sale","23":"taxable","24":"shipping-taxable","25":"purchasable","26":"product-type-simple"},"wcpa_form_fields":{"rules":{"pric_overide_base_price":false,"pric_overide_base_price_if_gt_zero":false,"pric_overide_base_price_fully":false,"pric_cal_option_once":false,"pric_use_as_fee":false,"bind_quantity":false,"quantity_bind_formula":false},"fields":[{"type":"color-group","required":true,"elementId":"wcpa-color-group-66c4a7f817afe","label":"Gr\u00f6\u00dfe","inline":true,"priceOptions":"different_for_all","pricingType":"fixed","className":"hassizechart product-shoes-size-eu product-shoes-size","name":"color-group-66c4a7f817b18","disp_type":"square","selection_type":"tick-border","disp_size":"50","show_label_inside":true,"adjust_width":true,"cart_display_type":"text","other_text":"Other","cl_rule":"show","col":6,"values":[{"label":"35","value":"EU 35","price":"","pimage":"","pimage_id":"","pthumb":"","color":""},{"label":"35.5","value":"EU 35.5","price":"","pimage":"","pimage_id":"","pthumb":"","color":""},{"label":"36","value":"EU 36","price":"","pimage":"","pimage_id":"","pthumb":"","color":"","selected":true},{"label":"36 2\/3","value":"EU 36 2\/3","price":"","pimage":"","pimage_id":"","pthumb":"","color":""},{"label":"37 1\/3","value":"EU 37 1\/3","price":"","pimage":"","pimage_id":"","pthumb":"","color":""},{"label":"38","value":"EU 38","price":"","pimage":"","pimage_id":"","pthumb":"","color":""},{"label":"38 2\/3","value":"EU 38 2\/3","price":"","pimage":"","pimage_id":"","pthumb":"","color":""},{"label":"39 1\/3","value":"EU 39 1\/3","price":"","pimage":"","pimage_id":"","pthumb":"","color":""},{"label":"40","value":"EU 40","price":"","pimage":"","pimage_id":"","pthumb":"","color":""},{"label":"40 2\/3","value":"EU 40 2\/3","price":"","pimage":"","pimage_id":"","pthumb":"","color":""},{"label":"41 1\/3","value":"EU 41 1\/3","price":"","pimage":"","pimage_id":"","pthumb":"","color":""},{"label":"42","value":"EU 42","price":"","pimage":"","pimage_id":"","pthumb":"","color":""},{"label":"42 2\/3","value":"EU 42 2\/3","price":"","pimage":"","pimage_id":"","pthumb":"","color":""},{"label":"43 1\/3","value":"EU 43 1\/3","price":"","pimage":"","pimage_id":"","pthumb":"","color":""},{"label":"44","value":"EU 44","price":"","pimage":"","pimage_id":"","pthumb":"","color":""},{"label":"44 2\/3","value":"EU 44 2\/3","price":"","pimage":"","pimage_id":"","pthumb":"","color":""},{"label":"45 1\/3","value":"EU 45 1\/3","price":"","pimage":"","pimage_id":"","pthumb":"","color":""},{"label":"46","value":"EU 46","price":"","pimage":"","pimage_id":"","pthumb":"","color":""},{"label":"46 2\/3","value":"EU 46 2\/3","price":"","pimage":"","pimage_id":"","pthumb":"","color":""},{"label":"47 1\/3","value":"EU 47 1\/3","price":"","pimage":"","pimage_id":"","pthumb":"","color":""}],"relations":[{"operator":false,"rules":[]}],"form_id":24802,"form_rules":{"pric_cal_option_once":false,"exclude_from_discount":false,"pric_use_as_fee":false,"fee_label":"Fee","render_after_acb":false,"disp_hide_options_price":false}}]},"yoast_head":"<!-- This site is optimized with the Yoast SEO plugin v26.5 - https:\/\/yoast.com\/wordpress\/plugins\/seo\/ -->\n<title>(Women) adidas Sambarose &#039;Legend Marine&#039;  - Loftrunway<\/title>\n<meta name=\"robots\" content=\"index, follow, max-snippet:-1, max-image-preview:large, max-video-preview:-1\" \/>\n<link rel=\"canonical\" href=\"https:\/\/loftrunway.com\/de\/products\/women-adidas-sambarose-legend-marine\/\" \/>\n<meta property=\"og:locale\" content=\"de_DE\" \/>\n<meta property=\"og:type\" content=\"article\" \/>\n<meta property=\"og:title\" content=\"(Women) adidas Sambarose &#039;Legend Marine&#039;  - Loftrunway\" \/>\n<meta property=\"og:description\" content=\"adidas Sambarose \u201d\u201d Blue\/Black\" \/>\n<meta property=\"og:url\" content=\"https:\/\/loftrunway.com\/de\/products\/women-adidas-sambarose-legend-marine\/\" \/>\n<meta property=\"og:site_name\" content=\"loftRUN Sneaker Store\" \/>\n<meta property=\"article:modified_time\" content=\"2026-04-02T07:55:42+00:00\" \/>\n<meta name=\"twitter:card\" content=\"summary_large_image\" \/>\n<meta name=\"twitter:image\" content=\"https:\/\/images.novelship.com\/product\/_women__adidas_sambarose__legend_marine__bd7685_0_52040.jpeg\" \/>\n<meta name=\"twitter:label1\" content=\"Gesch\u00e4tzte Lesezeit\" \/>\n\t<meta name=\"twitter:data1\" content=\"1\u00a0Minute\" \/>\n<script type=\"application\/ld+json\" class=\"yoast-schema-graph\">{\"@context\":\"https:\/\/schema.org\",\"@graph\":[{\"@type\":\"WebPage\",\"@id\":\"https:\/\/loftrunway.com\/de\/products\/women-adidas-sambarose-legend-marine\/\",\"url\":\"https:\/\/loftrunway.com\/de\/products\/women-adidas-sambarose-legend-marine\/\",\"name\":\"(Women) adidas Sambarose 'Legend Marine' - Loftrunway\",\"isPartOf\":{\"@id\":\"https:\/\/loftrunway.com\/de\/#website\"},\"primaryImageOfPage\":{\"@id\":\"https:\/\/loftrunway.com\/de\/products\/women-adidas-sambarose-legend-marine\/#primaryimage\"},\"image\":{\"@id\":\"https:\/\/loftrunway.com\/de\/products\/women-adidas-sambarose-legend-marine\/#primaryimage\"},\"thumbnailUrl\":\"https:\/\/images.novelship.com\/product\/_women__adidas_sambarose__legend_marine__bd7685_0_52040.jpeg\",\"datePublished\":\"2026-03-02T08:45:31+00:00\",\"dateModified\":\"2026-04-02T07:55:42+00:00\",\"breadcrumb\":{\"@id\":\"https:\/\/loftrunway.com\/de\/products\/women-adidas-sambarose-legend-marine\/#breadcrumb\"},\"inLanguage\":\"de\",\"potentialAction\":[{\"@type\":\"ReadAction\",\"target\":[\"https:\/\/loftrunway.com\/de\/products\/women-adidas-sambarose-legend-marine\/\"]}]},{\"@type\":\"ImageObject\",\"inLanguage\":\"de\",\"@id\":\"https:\/\/loftrunway.com\/de\/products\/women-adidas-sambarose-legend-marine\/#primaryimage\",\"url\":\"https:\/\/images.novelship.com\/product\/_women__adidas_sambarose__legend_marine__bd7685_0_52040.jpeg\",\"contentUrl\":\"https:\/\/images.novelship.com\/product\/_women__adidas_sambarose__legend_marine__bd7685_0_52040.jpeg\"},{\"@type\":\"BreadcrumbList\",\"@id\":\"https:\/\/loftrunway.com\/de\/products\/women-adidas-sambarose-legend-marine\/#breadcrumb\",\"itemListElement\":[{\"@type\":\"ListItem\",\"position\":1,\"name\":\"Home\",\"item\":\"https:\/\/loftrunway.com\/de\/\"},{\"@type\":\"ListItem\",\"position\":2,\"name\":\"Shop\",\"item\":\"https:\/\/loftrunway.com\/de\/shop\/\"},{\"@type\":\"ListItem\",\"position\":3,\"name\":\"(Women) adidas Sambarose &#8218;Legend Marine&#8216;\"}]},{\"@type\":\"WebSite\",\"@id\":\"https:\/\/loftrunway.com\/de\/#website\",\"url\":\"https:\/\/loftrunway.com\/de\/\",\"name\":\"Styloral Jewelry Shop\",\"description\":\"Der Ort, an dem man alle Arten von Sneakern findet\",\"publisher\":{\"@id\":\"https:\/\/loftrunway.com\/de\/#organization\"},\"potentialAction\":[{\"@type\":\"SearchAction\",\"target\":{\"@type\":\"EntryPoint\",\"urlTemplate\":\"https:\/\/loftrunway.com\/de\/?s={search_term_string}\"},\"query-input\":{\"@type\":\"PropertyValueSpecification\",\"valueRequired\":true,\"valueName\":\"search_term_string\"}}],\"inLanguage\":\"de\"},{\"@type\":\"Organization\",\"@id\":\"https:\/\/loftrunway.com\/de\/#organization\",\"name\":\"STYLORAL PTE. LTD\",\"url\":\"https:\/\/loftrunway.com\/de\/\",\"logo\":{\"@type\":\"ImageObject\",\"inLanguage\":\"de\",\"@id\":\"https:\/\/loftrunway.com\/de\/#\/schema\/logo\/image\/\",\"url\":\"https:\/\/www.loftrunway.com\/wp-content\/uploads\/2025\/12\/logo.png\",\"contentUrl\":\"https:\/\/www.loftrunway.com\/wp-content\/uploads\/2025\/12\/logo.png\",\"width\":200,\"height\":65,\"caption\":\"STYLORAL PTE. LTD\"},\"image\":{\"@id\":\"https:\/\/loftrunway.com\/de\/#\/schema\/logo\/image\/\"}}]}<\/script>\n<!-- \/ Yoast SEO plugin. -->","yoast_head_json":{"title":"(Women) adidas Sambarose 'Legend Marine'  - Loftrunway","robots":{"index":"index","follow":"follow","max-snippet":"max-snippet:-1","max-image-preview":"max-image-preview:large","max-video-preview":"max-video-preview:-1"},"canonical":"https:\/\/loftrunway.com\/de\/products\/women-adidas-sambarose-legend-marine\/","og_locale":"de_DE","og_type":"article","og_title":"(Women) adidas Sambarose 'Legend Marine'  - Loftrunway","og_description":"adidas Sambarose \u201d\u201d Blue\/Black","og_url":"https:\/\/loftrunway.com\/de\/products\/women-adidas-sambarose-legend-marine\/","og_site_name":"loftRUN Sneaker Store","article_modified_time":"2026-04-02T07:55:42+00:00","twitter_card":"summary_large_image","twitter_image":"https:\/\/images.novelship.com\/product\/_women__adidas_sambarose__legend_marine__bd7685_0_52040.jpeg","twitter_misc":{"Gesch\u00e4tzte Lesezeit":"1\u00a0Minute"},"schema":{"@context":"https:\/\/schema.org","@graph":[{"@type":"WebPage","@id":"https:\/\/loftrunway.com\/de\/products\/women-adidas-sambarose-legend-marine\/","url":"https:\/\/loftrunway.com\/de\/products\/women-adidas-sambarose-legend-marine\/","name":"(Women) adidas Sambarose 'Legend Marine' - Loftrunway","isPartOf":{"@id":"https:\/\/loftrunway.com\/de\/#website"},"primaryImageOfPage":{"@id":"https:\/\/loftrunway.com\/de\/products\/women-adidas-sambarose-legend-marine\/#primaryimage"},"image":{"@id":"https:\/\/loftrunway.com\/de\/products\/women-adidas-sambarose-legend-marine\/#primaryimage"},"thumbnailUrl":"https:\/\/images.novelship.com\/product\/_women__adidas_sambarose__legend_marine__bd7685_0_52040.jpeg","datePublished":"2026-03-02T08:45:31+00:00","dateModified":"2026-04-02T07:55:42+00:00","breadcrumb":{"@id":"https:\/\/loftrunway.com\/de\/products\/women-adidas-sambarose-legend-marine\/#breadcrumb"},"inLanguage":"de","potentialAction":[{"@type":"ReadAction","target":["https:\/\/loftrunway.com\/de\/products\/women-adidas-sambarose-legend-marine\/"]}]},{"@type":"ImageObject","inLanguage":"de","@id":"https:\/\/loftrunway.com\/de\/products\/women-adidas-sambarose-legend-marine\/#primaryimage","url":"https:\/\/images.novelship.com\/product\/_women__adidas_sambarose__legend_marine__bd7685_0_52040.jpeg","contentUrl":"https:\/\/images.novelship.com\/product\/_women__adidas_sambarose__legend_marine__bd7685_0_52040.jpeg"},{"@type":"BreadcrumbList","@id":"https:\/\/loftrunway.com\/de\/products\/women-adidas-sambarose-legend-marine\/#breadcrumb","itemListElement":[{"@type":"ListItem","position":1,"name":"Home","item":"https:\/\/loftrunway.com\/de\/"},{"@type":"ListItem","position":2,"name":"Shop","item":"https:\/\/loftrunway.com\/de\/shop\/"},{"@type":"ListItem","position":3,"name":"(Women) adidas Sambarose &#8218;Legend Marine&#8216;"}]},{"@type":"WebSite","@id":"https:\/\/loftrunway.com\/de\/#website","url":"https:\/\/loftrunway.com\/de\/","name":"Styloral Jewelry Shop","description":"Der Ort, an dem man alle Arten von Sneakern findet","publisher":{"@id":"https:\/\/loftrunway.com\/de\/#organization"},"potentialAction":[{"@type":"SearchAction","target":{"@type":"EntryPoint","urlTemplate":"https:\/\/loftrunway.com\/de\/?s={search_term_string}"},"query-input":{"@type":"PropertyValueSpecification","valueRequired":true,"valueName":"search_term_string"}}],"inLanguage":"de"},{"@type":"Organization","@id":"https:\/\/loftrunway.com\/de\/#organization","name":"STYLORAL PTE. LTD","url":"https:\/\/loftrunway.com\/de\/","logo":{"@type":"ImageObject","inLanguage":"de","@id":"https:\/\/loftrunway.com\/de\/#\/schema\/logo\/image\/","url":"https:\/\/www.loftrunway.com\/wp-content\/uploads\/2025\/12\/logo.png","contentUrl":"https:\/\/www.loftrunway.com\/wp-content\/uploads\/2025\/12\/logo.png","width":200,"height":65,"caption":"STYLORAL PTE. LTD"},"image":{"@id":"https:\/\/loftrunway.com\/de\/#\/schema\/logo\/image\/"}}]}},"_links":{"self":[{"href":"https:\/\/loftrunway.com\/de\/wp-json\/wp\/v2\/product\/146637","targetHints":{"allow":["GET"]}}],"collection":[{"href":"https:\/\/loftrunway.com\/de\/wp-json\/wp\/v2\/product"}],"about":[{"href":"https:\/\/loftrunway.com\/de\/wp-json\/wp\/v2\/types\/product"}],"replies":[{"embeddable":true,"href":"https:\/\/loftrunway.com\/de\/wp-json\/wp\/v2\/comments?post=146637"}],"wp:featuredmedia":[{"embeddable":true,"href":"https:\/\/loftrunway.com\/de\/wp-json\/wp\/v2\/media\/146638"}],"wp:attachment":[{"href":"https:\/\/loftrunway.com\/de\/wp-json\/wp\/v2\/media?parent=146637"}],"wp:term":[{"taxonomy":"product_brand","embeddable":true,"href":"https:\/\/loftrunway.com\/de\/wp-json\/wp\/v2\/product_brand?post=146637"},{"taxonomy":"product_cat","embeddable":true,"href":"https:\/\/loftrunway.com\/de\/wp-json\/wp\/v2\/product_cat?post=146637"},{"taxonomy":"product_tag","embeddable":true,"href":"https:\/\/loftrunway.com\/de\/wp-json\/wp\/v2\/product_tag?post=146637"}],"curies":[{"name":"wp","href":"https:\/\/api.w.org\/{rel}","templated":true}]}}