{"id":146695,"date":"2026-03-02T15:45:36","date_gmt":"2026-03-02T08:45:36","guid":{"rendered":"http:\/\/loftrunway.com\/product\/chemist-creations-x-asics-gel-fujitrabuco-7-arctic-blue-smoke"},"modified":"2026-03-02T15:45:36","modified_gmt":"2026-03-02T08:45:36","slug":"chemist-creations-x-asics-gel-fujitrabuco-7-arctic-blue-smoke","status":"publish","type":"product","link":"https:\/\/loftrunway.com\/de\/products\/chemist-creations-x-asics-gel-fujitrabuco-7-arctic-blue-smoke\/","title":{"rendered":"Chemist Creations x ASICS Gel FujiTrabuco 7 &#8218;Arctic Blue Smoke&#8216;"},"content":{"rendered":"<p>Wir pr\u00e4sentieren den Chemist Creations x ASICS Gel FujiTrabuco 7 Arctic Blue Smoke, eine Kollaboration zwischen Chemist Creations und ASICS. Dieser Trailrunningschuh besticht durch seine stylische Farbe Arctic Blue Smoke und bietet hervorragende Traktion und Unterst\u00fctzung auf jedem Terrain. Dank der bew\u00e4hrten Gel-D\u00e4mpfungstechnologie von ASICS erwartet dich ein komfortables und reaktionsfreudiges Laufgef\u00fchl. Starte dein n\u00e4chstes Outdoor-Abenteuer stilvoll mit diesen innovativen und leistungsstarken Schuhen.<\/p>\n<p>Farbe: Wei\u00df\/Marineblau<br \/>\nArtikelnummer: 1021A257-405<br \/>\nObermaterial: Mesh<br \/>\nZwischensohle: Gel<br \/>\nFarbe: Wei\u00df<br \/>\nSaison: Ganzj\u00e4hrig<\/p>\n<p>Farbe: Wei\u00df<\/p>\n","protected":false},"excerpt":{"rendered":"<p>ASICS Gel FujiTrabuco 7 \u201d\u201d White\/Navy<\/p>\n","protected":false},"featured_media":146696,"comment_status":"open","ping_status":"closed","template":"","meta":[],"product_brand":[],"product_cat":[10792],"product_tag":[10791,11032,10753,11231,10839,10802,11006,10758],"class_list":{"0":"post-146695","1":"product","2":"type-product","3":"status-publish","4":"has-post-thumbnail","6":"product_cat-asics","7":"product_tag-asics","8":"product_tag-asics-running-shoes","9":"product_tag-gift-for-him","10":"product_tag-oxstreet-shoes","11":"product_tag-performance-running-shoes","12":"product_tag-performance-sport-shoes","13":"product_tag-trail-running-shoes","14":"product_tag-under-retail","15":"wcpa_has_options","17":"first","18":"instock","19":"taxable","20":"shipping-taxable","21":"purchasable","22":"product-type-simple"},"wcpa_form_fields":{"rules":{"pric_overide_base_price":false,"pric_overide_base_price_if_gt_zero":false,"pric_overide_base_price_fully":false,"pric_cal_option_once":false,"pric_use_as_fee":false,"bind_quantity":false,"quantity_bind_formula":false},"fields":[{"type":"color-group","required":true,"elementId":"wcpa-color-group-69a5ab08ee12d","label":"Gr\u00f6\u00dfe","inline":true,"priceOptions":"different_for_all","pricingType":"fixed","className":"hassizechart product-shoes-size-eu product-shoes-size","name":"color-group-69a5ab08ee136","disp_type":"square","selection_type":"tick-border","disp_size":"50","show_label_inside":true,"adjust_width":true,"cart_display_type":"text","other_text":"Other","cl_rule":"show","col":6,"values":[{"label":"36","value":"EU 36","price":"","pimage":"","pimage_id":"","pthumb":"","color":"","selected":true},{"label":"37","value":"EU 37","price":"","pimage":"","pimage_id":"","pthumb":"","color":""},{"label":"37.5","value":"EU 37.5","price":"","pimage":"","pimage_id":"","pthumb":"","color":""},{"label":"38","value":"EU 38","price":"","pimage":"","pimage_id":"","pthumb":"","color":""},{"label":"38.5","value":"EU 38.5","price":"","pimage":"","pimage_id":"","pthumb":"","color":""},{"label":"39","value":"EU 39","price":"","pimage":"","pimage_id":"","pthumb":"","color":""},{"label":"39.5","value":"EU 39.5","price":"","pimage":"","pimage_id":"","pthumb":"","color":""},{"label":"40","value":"EU 40","price":"","pimage":"","pimage_id":"","pthumb":"","color":""},{"label":"40.5","value":"EU 40.5","price":"","pimage":"","pimage_id":"","pthumb":"","color":""},{"label":" 41.5","value":"EU 41.5","price":"","pimage":"","pimage_id":"","pthumb":"","color":""},{"label":"42","value":"EU 42","price":"","pimage":"","pimage_id":"","pthumb":"","color":""},{"label":"42.5","value":"EU 42.5","price":"","pimage":"","pimage_id":"","pthumb":"","color":""},{"label":"43.5","value":"EU 43.5","price":"","pimage":"","pimage_id":"","pthumb":"","color":""},{"label":"44","value":"EU 44","price":"","pimage":"","pimage_id":"","pthumb":"","color":""},{"label":"44.5","value":"EU 44.5","price":"","pimage":"","pimage_id":"","pthumb":"","color":""},{"label":"45","value":"EU 45","price":"","pimage":"","pimage_id":"","pthumb":"","color":""}],"relations":[{"operator":false,"rules":[]}],"form_id":184311,"form_rules":{"pric_cal_option_once":false,"exclude_from_discount":false,"pric_use_as_fee":false,"fee_label":"Fee","render_after_acb":false,"disp_hide_options_price":false}}]},"yoast_head":"<!-- This site is optimized with the Yoast SEO plugin v26.5 - https:\/\/yoast.com\/wordpress\/plugins\/seo\/ -->\n<title>Chemist Creations x ASICS Gel FujiTrabuco 7 &#039;Arctic Blue Smoke&#039;  - Loftrunway<\/title>\n<meta name=\"robots\" content=\"index, follow, max-snippet:-1, max-image-preview:large, max-video-preview:-1\" \/>\n<link rel=\"canonical\" href=\"https:\/\/loftrunway.com\/de\/products\/chemist-creations-x-asics-gel-fujitrabuco-7-arctic-blue-smoke\/\" \/>\n<meta property=\"og:locale\" content=\"de_DE\" \/>\n<meta property=\"og:type\" content=\"article\" \/>\n<meta property=\"og:title\" content=\"Chemist Creations x ASICS Gel FujiTrabuco 7 &#039;Arctic Blue Smoke&#039;  - Loftrunway\" \/>\n<meta property=\"og:description\" content=\"ASICS Gel FujiTrabuco 7 \u201d\u201d White\/Navy\" \/>\n<meta property=\"og:url\" content=\"https:\/\/loftrunway.com\/de\/products\/chemist-creations-x-asics-gel-fujitrabuco-7-arctic-blue-smoke\/\" \/>\n<meta property=\"og:site_name\" content=\"loftRUN Sneaker Store\" \/>\n<meta name=\"twitter:card\" content=\"summary_large_image\" \/>\n<meta name=\"twitter:image\" content=\"https:\/\/images.novelship.com\/product\/1683205820479_ChemistCre0.jpeg\" \/>\n<script type=\"application\/ld+json\" class=\"yoast-schema-graph\">{\"@context\":\"https:\/\/schema.org\",\"@graph\":[{\"@type\":\"WebPage\",\"@id\":\"https:\/\/loftrunway.com\/de\/products\/chemist-creations-x-asics-gel-fujitrabuco-7-arctic-blue-smoke\/\",\"url\":\"https:\/\/loftrunway.com\/de\/products\/chemist-creations-x-asics-gel-fujitrabuco-7-arctic-blue-smoke\/\",\"name\":\"Chemist Creations x ASICS Gel FujiTrabuco 7 'Arctic Blue Smoke' - Loftrunway\",\"isPartOf\":{\"@id\":\"https:\/\/loftrunway.com\/de\/#website\"},\"primaryImageOfPage\":{\"@id\":\"https:\/\/loftrunway.com\/de\/products\/chemist-creations-x-asics-gel-fujitrabuco-7-arctic-blue-smoke\/#primaryimage\"},\"image\":{\"@id\":\"https:\/\/loftrunway.com\/de\/products\/chemist-creations-x-asics-gel-fujitrabuco-7-arctic-blue-smoke\/#primaryimage\"},\"thumbnailUrl\":\"https:\/\/images.novelship.com\/product\/1683205820479_ChemistCre0.jpeg\",\"datePublished\":\"2026-03-02T08:45:36+00:00\",\"breadcrumb\":{\"@id\":\"https:\/\/loftrunway.com\/de\/products\/chemist-creations-x-asics-gel-fujitrabuco-7-arctic-blue-smoke\/#breadcrumb\"},\"inLanguage\":\"de\",\"potentialAction\":[{\"@type\":\"ReadAction\",\"target\":[\"https:\/\/loftrunway.com\/de\/products\/chemist-creations-x-asics-gel-fujitrabuco-7-arctic-blue-smoke\/\"]}]},{\"@type\":\"ImageObject\",\"inLanguage\":\"de\",\"@id\":\"https:\/\/loftrunway.com\/de\/products\/chemist-creations-x-asics-gel-fujitrabuco-7-arctic-blue-smoke\/#primaryimage\",\"url\":\"https:\/\/images.novelship.com\/product\/1683205820479_ChemistCre0.jpeg\",\"contentUrl\":\"https:\/\/images.novelship.com\/product\/1683205820479_ChemistCre0.jpeg\"},{\"@type\":\"BreadcrumbList\",\"@id\":\"https:\/\/loftrunway.com\/de\/products\/chemist-creations-x-asics-gel-fujitrabuco-7-arctic-blue-smoke\/#breadcrumb\",\"itemListElement\":[{\"@type\":\"ListItem\",\"position\":1,\"name\":\"Home\",\"item\":\"https:\/\/loftrunway.com\/de\/\"},{\"@type\":\"ListItem\",\"position\":2,\"name\":\"Shop\",\"item\":\"https:\/\/loftrunway.com\/de\/shop\/\"},{\"@type\":\"ListItem\",\"position\":3,\"name\":\"Chemist Creations x ASICS Gel FujiTrabuco 7 &#8218;Arctic Blue Smoke&#8216;\"}]},{\"@type\":\"WebSite\",\"@id\":\"https:\/\/loftrunway.com\/de\/#website\",\"url\":\"https:\/\/loftrunway.com\/de\/\",\"name\":\"Styloral Jewelry Shop\",\"description\":\"Der Ort, an dem man alle Arten von Sneakern findet\",\"publisher\":{\"@id\":\"https:\/\/loftrunway.com\/de\/#organization\"},\"potentialAction\":[{\"@type\":\"SearchAction\",\"target\":{\"@type\":\"EntryPoint\",\"urlTemplate\":\"https:\/\/loftrunway.com\/de\/?s={search_term_string}\"},\"query-input\":{\"@type\":\"PropertyValueSpecification\",\"valueRequired\":true,\"valueName\":\"search_term_string\"}}],\"inLanguage\":\"de\"},{\"@type\":\"Organization\",\"@id\":\"https:\/\/loftrunway.com\/de\/#organization\",\"name\":\"STYLORAL PTE. LTD\",\"url\":\"https:\/\/loftrunway.com\/de\/\",\"logo\":{\"@type\":\"ImageObject\",\"inLanguage\":\"de\",\"@id\":\"https:\/\/loftrunway.com\/de\/#\/schema\/logo\/image\/\",\"url\":\"https:\/\/www.loftrunway.com\/wp-content\/uploads\/2025\/12\/logo.png\",\"contentUrl\":\"https:\/\/www.loftrunway.com\/wp-content\/uploads\/2025\/12\/logo.png\",\"width\":200,\"height\":65,\"caption\":\"STYLORAL PTE. LTD\"},\"image\":{\"@id\":\"https:\/\/loftrunway.com\/de\/#\/schema\/logo\/image\/\"}}]}<\/script>\n<!-- \/ Yoast SEO plugin. -->","yoast_head_json":{"title":"Chemist Creations x ASICS Gel FujiTrabuco 7 'Arctic Blue Smoke'  - Loftrunway","robots":{"index":"index","follow":"follow","max-snippet":"max-snippet:-1","max-image-preview":"max-image-preview:large","max-video-preview":"max-video-preview:-1"},"canonical":"https:\/\/loftrunway.com\/de\/products\/chemist-creations-x-asics-gel-fujitrabuco-7-arctic-blue-smoke\/","og_locale":"de_DE","og_type":"article","og_title":"Chemist Creations x ASICS Gel FujiTrabuco 7 'Arctic Blue Smoke'  - Loftrunway","og_description":"ASICS Gel FujiTrabuco 7 \u201d\u201d White\/Navy","og_url":"https:\/\/loftrunway.com\/de\/products\/chemist-creations-x-asics-gel-fujitrabuco-7-arctic-blue-smoke\/","og_site_name":"loftRUN Sneaker Store","twitter_card":"summary_large_image","twitter_image":"https:\/\/images.novelship.com\/product\/1683205820479_ChemistCre0.jpeg","schema":{"@context":"https:\/\/schema.org","@graph":[{"@type":"WebPage","@id":"https:\/\/loftrunway.com\/de\/products\/chemist-creations-x-asics-gel-fujitrabuco-7-arctic-blue-smoke\/","url":"https:\/\/loftrunway.com\/de\/products\/chemist-creations-x-asics-gel-fujitrabuco-7-arctic-blue-smoke\/","name":"Chemist Creations x ASICS Gel FujiTrabuco 7 'Arctic Blue Smoke' - Loftrunway","isPartOf":{"@id":"https:\/\/loftrunway.com\/de\/#website"},"primaryImageOfPage":{"@id":"https:\/\/loftrunway.com\/de\/products\/chemist-creations-x-asics-gel-fujitrabuco-7-arctic-blue-smoke\/#primaryimage"},"image":{"@id":"https:\/\/loftrunway.com\/de\/products\/chemist-creations-x-asics-gel-fujitrabuco-7-arctic-blue-smoke\/#primaryimage"},"thumbnailUrl":"https:\/\/images.novelship.com\/product\/1683205820479_ChemistCre0.jpeg","datePublished":"2026-03-02T08:45:36+00:00","breadcrumb":{"@id":"https:\/\/loftrunway.com\/de\/products\/chemist-creations-x-asics-gel-fujitrabuco-7-arctic-blue-smoke\/#breadcrumb"},"inLanguage":"de","potentialAction":[{"@type":"ReadAction","target":["https:\/\/loftrunway.com\/de\/products\/chemist-creations-x-asics-gel-fujitrabuco-7-arctic-blue-smoke\/"]}]},{"@type":"ImageObject","inLanguage":"de","@id":"https:\/\/loftrunway.com\/de\/products\/chemist-creations-x-asics-gel-fujitrabuco-7-arctic-blue-smoke\/#primaryimage","url":"https:\/\/images.novelship.com\/product\/1683205820479_ChemistCre0.jpeg","contentUrl":"https:\/\/images.novelship.com\/product\/1683205820479_ChemistCre0.jpeg"},{"@type":"BreadcrumbList","@id":"https:\/\/loftrunway.com\/de\/products\/chemist-creations-x-asics-gel-fujitrabuco-7-arctic-blue-smoke\/#breadcrumb","itemListElement":[{"@type":"ListItem","position":1,"name":"Home","item":"https:\/\/loftrunway.com\/de\/"},{"@type":"ListItem","position":2,"name":"Shop","item":"https:\/\/loftrunway.com\/de\/shop\/"},{"@type":"ListItem","position":3,"name":"Chemist Creations x ASICS Gel FujiTrabuco 7 &#8218;Arctic Blue Smoke&#8216;"}]},{"@type":"WebSite","@id":"https:\/\/loftrunway.com\/de\/#website","url":"https:\/\/loftrunway.com\/de\/","name":"Styloral Jewelry Shop","description":"Der Ort, an dem man alle Arten von Sneakern findet","publisher":{"@id":"https:\/\/loftrunway.com\/de\/#organization"},"potentialAction":[{"@type":"SearchAction","target":{"@type":"EntryPoint","urlTemplate":"https:\/\/loftrunway.com\/de\/?s={search_term_string}"},"query-input":{"@type":"PropertyValueSpecification","valueRequired":true,"valueName":"search_term_string"}}],"inLanguage":"de"},{"@type":"Organization","@id":"https:\/\/loftrunway.com\/de\/#organization","name":"STYLORAL PTE. LTD","url":"https:\/\/loftrunway.com\/de\/","logo":{"@type":"ImageObject","inLanguage":"de","@id":"https:\/\/loftrunway.com\/de\/#\/schema\/logo\/image\/","url":"https:\/\/www.loftrunway.com\/wp-content\/uploads\/2025\/12\/logo.png","contentUrl":"https:\/\/www.loftrunway.com\/wp-content\/uploads\/2025\/12\/logo.png","width":200,"height":65,"caption":"STYLORAL PTE. LTD"},"image":{"@id":"https:\/\/loftrunway.com\/de\/#\/schema\/logo\/image\/"}}]}},"_links":{"self":[{"href":"https:\/\/loftrunway.com\/de\/wp-json\/wp\/v2\/product\/146695","targetHints":{"allow":["GET"]}}],"collection":[{"href":"https:\/\/loftrunway.com\/de\/wp-json\/wp\/v2\/product"}],"about":[{"href":"https:\/\/loftrunway.com\/de\/wp-json\/wp\/v2\/types\/product"}],"replies":[{"embeddable":true,"href":"https:\/\/loftrunway.com\/de\/wp-json\/wp\/v2\/comments?post=146695"}],"wp:featuredmedia":[{"embeddable":true,"href":"https:\/\/loftrunway.com\/de\/wp-json\/wp\/v2\/media\/146696"}],"wp:attachment":[{"href":"https:\/\/loftrunway.com\/de\/wp-json\/wp\/v2\/media?parent=146695"}],"wp:term":[{"taxonomy":"product_brand","embeddable":true,"href":"https:\/\/loftrunway.com\/de\/wp-json\/wp\/v2\/product_brand?post=146695"},{"taxonomy":"product_cat","embeddable":true,"href":"https:\/\/loftrunway.com\/de\/wp-json\/wp\/v2\/product_cat?post=146695"},{"taxonomy":"product_tag","embeddable":true,"href":"https:\/\/loftrunway.com\/de\/wp-json\/wp\/v2\/product_tag?post=146695"}],"curies":[{"name":"wp","href":"https:\/\/api.w.org\/{rel}","templated":true}]}}