{"id":147162,"date":"2026-03-02T15:46:22","date_gmt":"2026-03-02T08:46:22","guid":{"rendered":"http:\/\/loftrunway.com\/product\/comme-des-garons-homme-plus-x-nike-air-max-tl-25-summit-white"},"modified":"2026-03-03T17:50:05","modified_gmt":"2026-03-03T10:50:05","slug":"comme-des-garons-homme-plus-x-nike-air-max-tl-25-summit-white","status":"publish","type":"product","link":"https:\/\/loftrunway.com\/de\/products\/comme-des-garons-homme-plus-x-nike-air-max-tl-25-summit-white\/","title":{"rendered":"Comme des Garcons Homme Plus x Nike Air Max TL 2.5 &#8218;Summit White&#8216;"},"content":{"rendered":"<p>Erleben Sie die perfekte Verbindung von avantgardistischer Mode und sportlicher Innovation mit dem Comme des Garcons Homme Plus x Nike Air Max TL 2.5 \u201eSummit White\u201c. Diese Kollaboration besticht durch eine elegante, moderne Silhouette und hochwertige Materialien in strahlendem Summit White. Die markanten Designelemente unterstreichen das Engagement beider Marken f\u00fcr Stil und Performance, w\u00e4hrend die klassische Air Max-D\u00e4mpfung f\u00fcr Komfort und Halt sorgt. Erweitere deine Sneaker-Sammlung mit dieser limitierten Edition, die High Fashion und legend\u00e4re Sportswear-Tradition perfekt vereint.<\/p>\n<p>Farbgebung: Wei\u00df\/Wei\u00df\/Schwarz<br \/>\nStyle-Code: HJ6539-100<br \/>\nObermaterial: Mesh<br \/>\nZwischensohle: Air<br \/>\nFarbe: Wei\u00df<br \/>\nErscheinungsjahr: 2024<\/p>\n","protected":false},"excerpt":{"rendered":"<p>Nike None \u201d\u201d White\/White\/Black<\/p>\n","protected":false},"featured_media":147163,"comment_status":"open","ping_status":"closed","template":"","meta":[],"product_brand":[],"product_cat":[10803],"product_tag":[10750,10753,10754,10765,10801,10768,10758],"class_list":{"0":"post-147162","1":"product","2":"type-product","3":"status-publish","4":"has-post-thumbnail","6":"product_cat-nike","7":"product_tag-athleisure-shoes","8":"product_tag-gift-for-him","9":"product_tag-lifestyle-casual-shoes","10":"product_tag-lifestyle-shoes-running-inspired","11":"product_tag-nike","12":"product_tag-retro-running-shoes","13":"product_tag-under-retail","14":"wcpa_has_options","16":"first","17":"instock","18":"taxable","19":"shipping-taxable","20":"purchasable","21":"product-type-simple"},"wcpa_form_fields":{"rules":{"pric_overide_base_price":false,"pric_overide_base_price_if_gt_zero":false,"pric_overide_base_price_fully":false,"pric_cal_option_once":false,"pric_use_as_fee":false,"bind_quantity":false,"quantity_bind_formula":false},"fields":[{"type":"color-group","required":true,"elementId":"wcpa-color-group-66c4a75505e74","label":"Gr\u00f6\u00dfe - EU Gr\u00f6\u00dfe","inline":true,"priceOptions":"different_for_all","pricingType":"fixed","className":"hassizechart product-shoes-size-eu product-shoes-size","name":"color-group-66c4a75505e89","disp_type":"square","selection_type":"tick-border","disp_size":"44","show_label_inside":true,"adjust_width":true,"cart_display_type":"text","other_text":"Other","cl_rule":"show","col":6,"values":[{"label":"35.5","value":"EU 35.5","price":"","pimage":"","pimage_id":"","pthumb":"","color":""},{"label":"36","value":"EU 36","price":"","pimage":"","pimage_id":"","pthumb":"","color":"","selected":true},{"label":"36.5","value":"EU 36.5","price":"","pimage":"","pimage_id":"","pthumb":"","color":""},{"label":"37.5","value":"EU 37.5","price":"","pimage":"","pimage_id":"","pthumb":"","color":""},{"label":"38","value":"EU 38","price":"","pimage":"","pimage_id":"","pthumb":"","color":""},{"label":"38.5","value":"EU 38.5","price":"","pimage":"","pimage_id":"","pthumb":"","color":""},{"label":"39","value":"EU 39","price":"","pimage":"","pimage_id":"","pthumb":"","color":""},{"label":"40","value":"EU 40","price":"","pimage":"","pimage_id":"","pthumb":"","color":""},{"label":"40.5","value":"EU 40.5","price":"","pimage":"","pimage_id":"","pthumb":"","color":""},{"label":"41","value":"EU 41","price":"","pimage":"","pimage_id":"","pthumb":"","color":""},{"label":"42","value":"EU 42","price":"","pimage":"","pimage_id":"","pthumb":"","color":""},{"label":"42.5","value":"EU 42.5","price":"","pimage":"","pimage_id":"","pthumb":"","color":""},{"label":"43","value":"EU 43","price":"","pimage":"","pimage_id":"","pthumb":"","color":""},{"label":"44","value":"EU 44","price":"","pimage":"","pimage_id":"","pthumb":"","color":""},{"label":"44.5","value":"EU 44.5","price":"","pimage":"","pimage_id":"","pthumb":"","color":""},{"label":"45","value":"EU 45","price":"","pimage":"","pimage_id":"","pthumb":"","color":""},{"label":"45.5","value":"EU 45.5","price":"","pimage":"","pimage_id":"","pthumb":"","color":""},{"label":"46","value":"EU 46","price":"","pimage":"","pimage_id":"","pthumb":"","color":""},{"label":"47","value":"EU 47","price":"","pimage":"","pimage_id":"","pthumb":"","color":""},{"label":"47.5","value":"EU 47.5","price":"","pimage":"","pimage_id":"","pthumb":"","color":""},{"label":"48","value":"EU 48","price":"","pimage":"","pimage_id":"","pthumb":"","color":""}],"relations":[{"operator":false,"rules":[]}],"form_id":18106,"form_rules":{"pric_cal_option_once":false,"exclude_from_discount":false,"pric_use_as_fee":false,"fee_label":"Fee","render_after_acb":false,"disp_hide_options_price":false}}]},"yoast_head":"<!-- This site is optimized with the Yoast SEO plugin v26.5 - https:\/\/yoast.com\/wordpress\/plugins\/seo\/ -->\n<title>Comme des Garcons Homme Plus x Nike Air Max TL 2.5 &#039;Summit White&#039; - Loftrunway<\/title>\n<meta name=\"robots\" content=\"index, follow, max-snippet:-1, max-image-preview:large, max-video-preview:-1\" \/>\n<link rel=\"canonical\" href=\"https:\/\/loftrunway.com\/de\/products\/comme-des-garons-homme-plus-x-nike-air-max-tl-25-summit-white\/\" \/>\n<meta property=\"og:locale\" content=\"de_DE\" \/>\n<meta property=\"og:type\" content=\"article\" \/>\n<meta property=\"og:title\" content=\"Comme des Garcons Homme Plus x Nike Air Max TL 2.5 &#039;Summit White&#039; - Loftrunway\" \/>\n<meta property=\"og:description\" content=\"Nike None \u201d\u201d White\/White\/Black\" \/>\n<meta property=\"og:url\" content=\"https:\/\/loftrunway.com\/de\/products\/comme-des-garons-homme-plus-x-nike-air-max-tl-25-summit-white\/\" \/>\n<meta property=\"og:site_name\" content=\"loftRUN Sneaker Store\" \/>\n<meta property=\"article:modified_time\" content=\"2026-03-03T10:50:05+00:00\" \/>\n<meta name=\"twitter:card\" content=\"summary_large_image\" \/>\n<meta name=\"twitter:image\" content=\"https:\/\/images.novelship.com\/product\/comme_des_gar_ons_homme_plus_x_nike_air_max_tl_2_5_0_58435.jpeg\" \/>\n<meta name=\"twitter:label1\" content=\"Gesch\u00e4tzte Lesezeit\" \/>\n\t<meta name=\"twitter:data1\" content=\"1\u00a0Minute\" \/>\n<script type=\"application\/ld+json\" class=\"yoast-schema-graph\">{\"@context\":\"https:\/\/schema.org\",\"@graph\":[{\"@type\":\"WebPage\",\"@id\":\"https:\/\/loftrunway.com\/de\/products\/comme-des-garons-homme-plus-x-nike-air-max-tl-25-summit-white\/\",\"url\":\"https:\/\/loftrunway.com\/de\/products\/comme-des-garons-homme-plus-x-nike-air-max-tl-25-summit-white\/\",\"name\":\"Comme des Garcons Homme Plus x Nike Air Max TL 2.5 'Summit White' - Loftrunway\",\"isPartOf\":{\"@id\":\"https:\/\/loftrunway.com\/de\/#website\"},\"primaryImageOfPage\":{\"@id\":\"https:\/\/loftrunway.com\/de\/products\/comme-des-garons-homme-plus-x-nike-air-max-tl-25-summit-white\/#primaryimage\"},\"image\":{\"@id\":\"https:\/\/loftrunway.com\/de\/products\/comme-des-garons-homme-plus-x-nike-air-max-tl-25-summit-white\/#primaryimage\"},\"thumbnailUrl\":\"https:\/\/images.novelship.com\/product\/comme_des_gar_ons_homme_plus_x_nike_air_max_tl_2_5_0_58435.jpeg\",\"datePublished\":\"2026-03-02T08:46:22+00:00\",\"dateModified\":\"2026-03-03T10:50:05+00:00\",\"breadcrumb\":{\"@id\":\"https:\/\/loftrunway.com\/de\/products\/comme-des-garons-homme-plus-x-nike-air-max-tl-25-summit-white\/#breadcrumb\"},\"inLanguage\":\"de\",\"potentialAction\":[{\"@type\":\"ReadAction\",\"target\":[\"https:\/\/loftrunway.com\/de\/products\/comme-des-garons-homme-plus-x-nike-air-max-tl-25-summit-white\/\"]}]},{\"@type\":\"ImageObject\",\"inLanguage\":\"de\",\"@id\":\"https:\/\/loftrunway.com\/de\/products\/comme-des-garons-homme-plus-x-nike-air-max-tl-25-summit-white\/#primaryimage\",\"url\":\"https:\/\/images.novelship.com\/product\/comme_des_gar_ons_homme_plus_x_nike_air_max_tl_2_5_0_58435.jpeg\",\"contentUrl\":\"https:\/\/images.novelship.com\/product\/comme_des_gar_ons_homme_plus_x_nike_air_max_tl_2_5_0_58435.jpeg\",\"caption\":\"Comme des Gar\u00e7ons Homme Plus x Nike Air Max TL 2.5 \u2018Summit White\u2019\"},{\"@type\":\"BreadcrumbList\",\"@id\":\"https:\/\/loftrunway.com\/de\/products\/comme-des-garons-homme-plus-x-nike-air-max-tl-25-summit-white\/#breadcrumb\",\"itemListElement\":[{\"@type\":\"ListItem\",\"position\":1,\"name\":\"Home\",\"item\":\"https:\/\/loftrunway.com\/de\/\"},{\"@type\":\"ListItem\",\"position\":2,\"name\":\"Shop\",\"item\":\"https:\/\/loftrunway.com\/de\/shop\/\"},{\"@type\":\"ListItem\",\"position\":3,\"name\":\"Comme des Garcons Homme Plus x Nike Air Max TL 2.5 &#8218;Summit White&#8216;\"}]},{\"@type\":\"WebSite\",\"@id\":\"https:\/\/loftrunway.com\/de\/#website\",\"url\":\"https:\/\/loftrunway.com\/de\/\",\"name\":\"Styloral Jewelry Shop\",\"description\":\"Der Ort, an dem man alle Arten von Sneakern findet\",\"publisher\":{\"@id\":\"https:\/\/loftrunway.com\/de\/#organization\"},\"potentialAction\":[{\"@type\":\"SearchAction\",\"target\":{\"@type\":\"EntryPoint\",\"urlTemplate\":\"https:\/\/loftrunway.com\/de\/?s={search_term_string}\"},\"query-input\":{\"@type\":\"PropertyValueSpecification\",\"valueRequired\":true,\"valueName\":\"search_term_string\"}}],\"inLanguage\":\"de\"},{\"@type\":\"Organization\",\"@id\":\"https:\/\/loftrunway.com\/de\/#organization\",\"name\":\"STYLORAL PTE. LTD\",\"url\":\"https:\/\/loftrunway.com\/de\/\",\"logo\":{\"@type\":\"ImageObject\",\"inLanguage\":\"de\",\"@id\":\"https:\/\/loftrunway.com\/de\/#\/schema\/logo\/image\/\",\"url\":\"https:\/\/www.loftrunway.com\/wp-content\/uploads\/2025\/12\/logo.png\",\"contentUrl\":\"https:\/\/www.loftrunway.com\/wp-content\/uploads\/2025\/12\/logo.png\",\"width\":200,\"height\":65,\"caption\":\"STYLORAL PTE. LTD\"},\"image\":{\"@id\":\"https:\/\/loftrunway.com\/de\/#\/schema\/logo\/image\/\"}}]}<\/script>\n<!-- \/ Yoast SEO plugin. -->","yoast_head_json":{"title":"Comme des Garcons Homme Plus x Nike Air Max TL 2.5 'Summit White' - Loftrunway","robots":{"index":"index","follow":"follow","max-snippet":"max-snippet:-1","max-image-preview":"max-image-preview:large","max-video-preview":"max-video-preview:-1"},"canonical":"https:\/\/loftrunway.com\/de\/products\/comme-des-garons-homme-plus-x-nike-air-max-tl-25-summit-white\/","og_locale":"de_DE","og_type":"article","og_title":"Comme des Garcons Homme Plus x Nike Air Max TL 2.5 'Summit White' - Loftrunway","og_description":"Nike None \u201d\u201d White\/White\/Black","og_url":"https:\/\/loftrunway.com\/de\/products\/comme-des-garons-homme-plus-x-nike-air-max-tl-25-summit-white\/","og_site_name":"loftRUN Sneaker Store","article_modified_time":"2026-03-03T10:50:05+00:00","twitter_card":"summary_large_image","twitter_image":"https:\/\/images.novelship.com\/product\/comme_des_gar_ons_homme_plus_x_nike_air_max_tl_2_5_0_58435.jpeg","twitter_misc":{"Gesch\u00e4tzte Lesezeit":"1\u00a0Minute"},"schema":{"@context":"https:\/\/schema.org","@graph":[{"@type":"WebPage","@id":"https:\/\/loftrunway.com\/de\/products\/comme-des-garons-homme-plus-x-nike-air-max-tl-25-summit-white\/","url":"https:\/\/loftrunway.com\/de\/products\/comme-des-garons-homme-plus-x-nike-air-max-tl-25-summit-white\/","name":"Comme des Garcons Homme Plus x Nike Air Max TL 2.5 'Summit White' - Loftrunway","isPartOf":{"@id":"https:\/\/loftrunway.com\/de\/#website"},"primaryImageOfPage":{"@id":"https:\/\/loftrunway.com\/de\/products\/comme-des-garons-homme-plus-x-nike-air-max-tl-25-summit-white\/#primaryimage"},"image":{"@id":"https:\/\/loftrunway.com\/de\/products\/comme-des-garons-homme-plus-x-nike-air-max-tl-25-summit-white\/#primaryimage"},"thumbnailUrl":"https:\/\/images.novelship.com\/product\/comme_des_gar_ons_homme_plus_x_nike_air_max_tl_2_5_0_58435.jpeg","datePublished":"2026-03-02T08:46:22+00:00","dateModified":"2026-03-03T10:50:05+00:00","breadcrumb":{"@id":"https:\/\/loftrunway.com\/de\/products\/comme-des-garons-homme-plus-x-nike-air-max-tl-25-summit-white\/#breadcrumb"},"inLanguage":"de","potentialAction":[{"@type":"ReadAction","target":["https:\/\/loftrunway.com\/de\/products\/comme-des-garons-homme-plus-x-nike-air-max-tl-25-summit-white\/"]}]},{"@type":"ImageObject","inLanguage":"de","@id":"https:\/\/loftrunway.com\/de\/products\/comme-des-garons-homme-plus-x-nike-air-max-tl-25-summit-white\/#primaryimage","url":"https:\/\/images.novelship.com\/product\/comme_des_gar_ons_homme_plus_x_nike_air_max_tl_2_5_0_58435.jpeg","contentUrl":"https:\/\/images.novelship.com\/product\/comme_des_gar_ons_homme_plus_x_nike_air_max_tl_2_5_0_58435.jpeg","caption":"Comme des Gar\u00e7ons Homme Plus x Nike Air Max TL 2.5 \u2018Summit White\u2019"},{"@type":"BreadcrumbList","@id":"https:\/\/loftrunway.com\/de\/products\/comme-des-garons-homme-plus-x-nike-air-max-tl-25-summit-white\/#breadcrumb","itemListElement":[{"@type":"ListItem","position":1,"name":"Home","item":"https:\/\/loftrunway.com\/de\/"},{"@type":"ListItem","position":2,"name":"Shop","item":"https:\/\/loftrunway.com\/de\/shop\/"},{"@type":"ListItem","position":3,"name":"Comme des Garcons Homme Plus x Nike Air Max TL 2.5 &#8218;Summit White&#8216;"}]},{"@type":"WebSite","@id":"https:\/\/loftrunway.com\/de\/#website","url":"https:\/\/loftrunway.com\/de\/","name":"Styloral Jewelry Shop","description":"Der Ort, an dem man alle Arten von Sneakern findet","publisher":{"@id":"https:\/\/loftrunway.com\/de\/#organization"},"potentialAction":[{"@type":"SearchAction","target":{"@type":"EntryPoint","urlTemplate":"https:\/\/loftrunway.com\/de\/?s={search_term_string}"},"query-input":{"@type":"PropertyValueSpecification","valueRequired":true,"valueName":"search_term_string"}}],"inLanguage":"de"},{"@type":"Organization","@id":"https:\/\/loftrunway.com\/de\/#organization","name":"STYLORAL PTE. LTD","url":"https:\/\/loftrunway.com\/de\/","logo":{"@type":"ImageObject","inLanguage":"de","@id":"https:\/\/loftrunway.com\/de\/#\/schema\/logo\/image\/","url":"https:\/\/www.loftrunway.com\/wp-content\/uploads\/2025\/12\/logo.png","contentUrl":"https:\/\/www.loftrunway.com\/wp-content\/uploads\/2025\/12\/logo.png","width":200,"height":65,"caption":"STYLORAL PTE. LTD"},"image":{"@id":"https:\/\/loftrunway.com\/de\/#\/schema\/logo\/image\/"}}]}},"_links":{"self":[{"href":"https:\/\/loftrunway.com\/de\/wp-json\/wp\/v2\/product\/147162","targetHints":{"allow":["GET"]}}],"collection":[{"href":"https:\/\/loftrunway.com\/de\/wp-json\/wp\/v2\/product"}],"about":[{"href":"https:\/\/loftrunway.com\/de\/wp-json\/wp\/v2\/types\/product"}],"replies":[{"embeddable":true,"href":"https:\/\/loftrunway.com\/de\/wp-json\/wp\/v2\/comments?post=147162"}],"wp:featuredmedia":[{"embeddable":true,"href":"https:\/\/loftrunway.com\/de\/wp-json\/wp\/v2\/media\/147163"}],"wp:attachment":[{"href":"https:\/\/loftrunway.com\/de\/wp-json\/wp\/v2\/media?parent=147162"}],"wp:term":[{"taxonomy":"product_brand","embeddable":true,"href":"https:\/\/loftrunway.com\/de\/wp-json\/wp\/v2\/product_brand?post=147162"},{"taxonomy":"product_cat","embeddable":true,"href":"https:\/\/loftrunway.com\/de\/wp-json\/wp\/v2\/product_cat?post=147162"},{"taxonomy":"product_tag","embeddable":true,"href":"https:\/\/loftrunway.com\/de\/wp-json\/wp\/v2\/product_tag?post=147162"}],"curies":[{"name":"wp","href":"https:\/\/api.w.org\/{rel}","templated":true}]}}