{"id":149281,"date":"2026-03-02T15:49:38","date_gmt":"2026-03-02T08:49:38","guid":{"rendered":"http:\/\/loftrunway.com\/product\/8on8-x-asics-gel-kayano-14-indigo-blue-pink"},"modified":"2026-04-02T14:57:27","modified_gmt":"2026-04-02T07:57:27","slug":"8on8-x-asics-gel-kayano-14-indigo-blue-pink","status":"publish","type":"product","link":"https:\/\/loftrunway.com\/de\/products\/8on8-x-asics-gel-kayano-14-indigo-blue-pink\/","title":{"rendered":"8ON8 x ASICS Gel Kayano 14 &#8218;Indigo Blue Pink&#8216;"},"content":{"rendered":"<p>Wir pr\u00e4sentieren den 8ON8 x ASICS Gel Kayano 14 \u201eIndigo Blue Pink\u201c \u201d\u201c ein Sneaker, der Style und Performance perfekt vereint. Mit seinen leuchtenden Akzenten in Indigoblau und Pink ist er ein echter Hingucker. Das hochwertige Obermaterial aus Wildleder und Mesh sorgt f\u00fcr Langlebigkeit und Atmungsaktivit\u00e4t. Dank der legend\u00e4ren Gel-D\u00e4mpfung und des Guidance Trusstic Systems genie\u00dft du unvergleichlichen Tragekomfort und profitierst von Stabilit\u00e4t und Halt bei jedem Schritt. Verleihe deinem Streetwear-Style mit diesen limitierten Sneakern, die ein echtes Statement setzen, das gewisse Extra.<\/p>\n<ul>\n<li><strong>Farbgebung:<\/strong> Indigoblau\/Pink<\/li>\n<li><strong>Style-Code:<\/strong> 1201B024-400<\/li>\n<li><strong>Obermaterial:<\/strong> Mesh<\/li>\n<li><strong>Zwischensohle:<\/strong> Gel<\/li>\n<li><strong>Farbe:<\/strong> Marineblau<\/li>\n<li><strong>Erscheinungsjahr:<\/strong> 2024<\/li>\n<\/ul>\n","protected":false},"excerpt":{"rendered":"<p>ASICS Gel Kayano 14 \u201d\u201d Indigo Blue\/Pink<\/p>\n","protected":false},"featured_media":149282,"comment_status":"open","ping_status":"closed","template":"","meta":[],"product_brand":[],"product_cat":[10792,41273],"product_tag":[10791,10750,10753,10754,10765,10768,10758],"class_list":{"0":"post-149281","1":"product","2":"type-product","3":"status-publish","4":"has-post-thumbnail","6":"product_cat-asics","7":"product_cat-remove","8":"product_tag-asics","9":"product_tag-athleisure-shoes","10":"product_tag-gift-for-him","11":"product_tag-lifestyle-casual-shoes","12":"product_tag-lifestyle-shoes-running-inspired","13":"product_tag-retro-running-shoes","14":"product_tag-under-retail","15":"wcpa_has_options","17":"first","18":"instock","19":"sale","20":"taxable","21":"shipping-taxable","22":"purchasable","23":"product-type-simple"},"wcpa_form_fields":{"rules":{"pric_overide_base_price":false,"pric_overide_base_price_if_gt_zero":false,"pric_overide_base_price_fully":false,"pric_cal_option_once":false,"pric_use_as_fee":false,"bind_quantity":false,"quantity_bind_formula":false},"fields":[{"type":"color-group","required":true,"elementId":"wcpa-color-group-69a5ab08ee12d","label":"Gr\u00f6\u00dfe","inline":true,"priceOptions":"different_for_all","pricingType":"fixed","className":"hassizechart product-shoes-size-eu product-shoes-size","name":"color-group-69a5ab08ee136","disp_type":"square","selection_type":"tick-border","disp_size":"50","show_label_inside":true,"adjust_width":true,"cart_display_type":"text","other_text":"Other","cl_rule":"show","col":6,"values":[{"label":"36","value":"EU 36","price":"","pimage":"","pimage_id":"","pthumb":"","color":"","selected":true},{"label":"37","value":"EU 37","price":"","pimage":"","pimage_id":"","pthumb":"","color":""},{"label":"37.5","value":"EU 37.5","price":"","pimage":"","pimage_id":"","pthumb":"","color":""},{"label":"38","value":"EU 38","price":"","pimage":"","pimage_id":"","pthumb":"","color":""},{"label":"38.5","value":"EU 38.5","price":"","pimage":"","pimage_id":"","pthumb":"","color":""},{"label":"39","value":"EU 39","price":"","pimage":"","pimage_id":"","pthumb":"","color":""},{"label":"39.5","value":"EU 39.5","price":"","pimage":"","pimage_id":"","pthumb":"","color":""},{"label":"40","value":"EU 40","price":"","pimage":"","pimage_id":"","pthumb":"","color":""},{"label":"40.5","value":"EU 40.5","price":"","pimage":"","pimage_id":"","pthumb":"","color":""},{"label":" 41.5","value":"EU 41.5","price":"","pimage":"","pimage_id":"","pthumb":"","color":""},{"label":"42","value":"EU 42","price":"","pimage":"","pimage_id":"","pthumb":"","color":""},{"label":"42.5","value":"EU 42.5","price":"","pimage":"","pimage_id":"","pthumb":"","color":""},{"label":"43.5","value":"EU 43.5","price":"","pimage":"","pimage_id":"","pthumb":"","color":""},{"label":"44","value":"EU 44","price":"","pimage":"","pimage_id":"","pthumb":"","color":""},{"label":"44.5","value":"EU 44.5","price":"","pimage":"","pimage_id":"","pthumb":"","color":""},{"label":"45","value":"EU 45","price":"","pimage":"","pimage_id":"","pthumb":"","color":""}],"relations":[{"operator":false,"rules":[]}],"form_id":184311,"form_rules":{"pric_cal_option_once":false,"exclude_from_discount":false,"pric_use_as_fee":false,"fee_label":"Fee","render_after_acb":false,"disp_hide_options_price":false}}]},"yoast_head":"<!-- This site is optimized with the Yoast SEO plugin v26.5 - https:\/\/yoast.com\/wordpress\/plugins\/seo\/ -->\n<title>8ON8 x ASICS Gel Kayano 14 &#039;Indigo Blue Pink&#039;  - Loftrunway<\/title>\n<meta name=\"robots\" content=\"index, follow, max-snippet:-1, max-image-preview:large, max-video-preview:-1\" \/>\n<link rel=\"canonical\" href=\"https:\/\/loftrunway.com\/de\/products\/8on8-x-asics-gel-kayano-14-indigo-blue-pink\/\" \/>\n<meta property=\"og:locale\" content=\"de_DE\" \/>\n<meta property=\"og:type\" content=\"article\" \/>\n<meta property=\"og:title\" content=\"8ON8 x ASICS Gel Kayano 14 &#039;Indigo Blue Pink&#039;  - Loftrunway\" \/>\n<meta property=\"og:description\" content=\"ASICS Gel Kayano 14 \u201d\u201d Indigo Blue\/Pink\" \/>\n<meta property=\"og:url\" content=\"https:\/\/loftrunway.com\/de\/products\/8on8-x-asics-gel-kayano-14-indigo-blue-pink\/\" \/>\n<meta property=\"og:site_name\" content=\"loftRUN Sneaker Store\" \/>\n<meta property=\"article:modified_time\" content=\"2026-04-02T07:57:27+00:00\" \/>\n<meta name=\"twitter:card\" content=\"summary_large_image\" \/>\n<meta name=\"twitter:image\" content=\"https:\/\/images.novelship.com\/product\/8on8_x_asics_gel_kayano_14__indigo_blue_pink__1201_0_34730.jpeg\" \/>\n<meta name=\"twitter:label1\" content=\"Gesch\u00e4tzte Lesezeit\" \/>\n\t<meta name=\"twitter:data1\" content=\"1\u00a0Minute\" \/>\n<script type=\"application\/ld+json\" class=\"yoast-schema-graph\">{\"@context\":\"https:\/\/schema.org\",\"@graph\":[{\"@type\":\"WebPage\",\"@id\":\"https:\/\/loftrunway.com\/de\/products\/8on8-x-asics-gel-kayano-14-indigo-blue-pink\/\",\"url\":\"https:\/\/loftrunway.com\/de\/products\/8on8-x-asics-gel-kayano-14-indigo-blue-pink\/\",\"name\":\"8ON8 x ASICS Gel Kayano 14 'Indigo Blue Pink' - Loftrunway\",\"isPartOf\":{\"@id\":\"https:\/\/loftrunway.com\/de\/#website\"},\"primaryImageOfPage\":{\"@id\":\"https:\/\/loftrunway.com\/de\/products\/8on8-x-asics-gel-kayano-14-indigo-blue-pink\/#primaryimage\"},\"image\":{\"@id\":\"https:\/\/loftrunway.com\/de\/products\/8on8-x-asics-gel-kayano-14-indigo-blue-pink\/#primaryimage\"},\"thumbnailUrl\":\"https:\/\/images.novelship.com\/product\/8on8_x_asics_gel_kayano_14__indigo_blue_pink__1201_0_34730.jpeg\",\"datePublished\":\"2026-03-02T08:49:38+00:00\",\"dateModified\":\"2026-04-02T07:57:27+00:00\",\"breadcrumb\":{\"@id\":\"https:\/\/loftrunway.com\/de\/products\/8on8-x-asics-gel-kayano-14-indigo-blue-pink\/#breadcrumb\"},\"inLanguage\":\"de\",\"potentialAction\":[{\"@type\":\"ReadAction\",\"target\":[\"https:\/\/loftrunway.com\/de\/products\/8on8-x-asics-gel-kayano-14-indigo-blue-pink\/\"]}]},{\"@type\":\"ImageObject\",\"inLanguage\":\"de\",\"@id\":\"https:\/\/loftrunway.com\/de\/products\/8on8-x-asics-gel-kayano-14-indigo-blue-pink\/#primaryimage\",\"url\":\"https:\/\/images.novelship.com\/product\/8on8_x_asics_gel_kayano_14__indigo_blue_pink__1201_0_34730.jpeg\",\"contentUrl\":\"https:\/\/images.novelship.com\/product\/8on8_x_asics_gel_kayano_14__indigo_blue_pink__1201_0_34730.jpeg\"},{\"@type\":\"BreadcrumbList\",\"@id\":\"https:\/\/loftrunway.com\/de\/products\/8on8-x-asics-gel-kayano-14-indigo-blue-pink\/#breadcrumb\",\"itemListElement\":[{\"@type\":\"ListItem\",\"position\":1,\"name\":\"Home\",\"item\":\"https:\/\/loftrunway.com\/de\/\"},{\"@type\":\"ListItem\",\"position\":2,\"name\":\"Shop\",\"item\":\"https:\/\/loftrunway.com\/de\/shop\/\"},{\"@type\":\"ListItem\",\"position\":3,\"name\":\"8ON8 x ASICS Gel Kayano 14 &#8218;Indigo Blue Pink&#8216;\"}]},{\"@type\":\"WebSite\",\"@id\":\"https:\/\/loftrunway.com\/de\/#website\",\"url\":\"https:\/\/loftrunway.com\/de\/\",\"name\":\"Styloral Jewelry Shop\",\"description\":\"Der Ort, an dem man alle Arten von Sneakern findet\",\"publisher\":{\"@id\":\"https:\/\/loftrunway.com\/de\/#organization\"},\"potentialAction\":[{\"@type\":\"SearchAction\",\"target\":{\"@type\":\"EntryPoint\",\"urlTemplate\":\"https:\/\/loftrunway.com\/de\/?s={search_term_string}\"},\"query-input\":{\"@type\":\"PropertyValueSpecification\",\"valueRequired\":true,\"valueName\":\"search_term_string\"}}],\"inLanguage\":\"de\"},{\"@type\":\"Organization\",\"@id\":\"https:\/\/loftrunway.com\/de\/#organization\",\"name\":\"STYLORAL PTE. LTD\",\"url\":\"https:\/\/loftrunway.com\/de\/\",\"logo\":{\"@type\":\"ImageObject\",\"inLanguage\":\"de\",\"@id\":\"https:\/\/loftrunway.com\/de\/#\/schema\/logo\/image\/\",\"url\":\"https:\/\/www.loftrunway.com\/wp-content\/uploads\/2025\/12\/logo.png\",\"contentUrl\":\"https:\/\/www.loftrunway.com\/wp-content\/uploads\/2025\/12\/logo.png\",\"width\":200,\"height\":65,\"caption\":\"STYLORAL PTE. LTD\"},\"image\":{\"@id\":\"https:\/\/loftrunway.com\/de\/#\/schema\/logo\/image\/\"}}]}<\/script>\n<!-- \/ Yoast SEO plugin. -->","yoast_head_json":{"title":"8ON8 x ASICS Gel Kayano 14 'Indigo Blue Pink'  - Loftrunway","robots":{"index":"index","follow":"follow","max-snippet":"max-snippet:-1","max-image-preview":"max-image-preview:large","max-video-preview":"max-video-preview:-1"},"canonical":"https:\/\/loftrunway.com\/de\/products\/8on8-x-asics-gel-kayano-14-indigo-blue-pink\/","og_locale":"de_DE","og_type":"article","og_title":"8ON8 x ASICS Gel Kayano 14 'Indigo Blue Pink'  - Loftrunway","og_description":"ASICS Gel Kayano 14 \u201d\u201d Indigo Blue\/Pink","og_url":"https:\/\/loftrunway.com\/de\/products\/8on8-x-asics-gel-kayano-14-indigo-blue-pink\/","og_site_name":"loftRUN Sneaker Store","article_modified_time":"2026-04-02T07:57:27+00:00","twitter_card":"summary_large_image","twitter_image":"https:\/\/images.novelship.com\/product\/8on8_x_asics_gel_kayano_14__indigo_blue_pink__1201_0_34730.jpeg","twitter_misc":{"Gesch\u00e4tzte Lesezeit":"1\u00a0Minute"},"schema":{"@context":"https:\/\/schema.org","@graph":[{"@type":"WebPage","@id":"https:\/\/loftrunway.com\/de\/products\/8on8-x-asics-gel-kayano-14-indigo-blue-pink\/","url":"https:\/\/loftrunway.com\/de\/products\/8on8-x-asics-gel-kayano-14-indigo-blue-pink\/","name":"8ON8 x ASICS Gel Kayano 14 'Indigo Blue Pink' - Loftrunway","isPartOf":{"@id":"https:\/\/loftrunway.com\/de\/#website"},"primaryImageOfPage":{"@id":"https:\/\/loftrunway.com\/de\/products\/8on8-x-asics-gel-kayano-14-indigo-blue-pink\/#primaryimage"},"image":{"@id":"https:\/\/loftrunway.com\/de\/products\/8on8-x-asics-gel-kayano-14-indigo-blue-pink\/#primaryimage"},"thumbnailUrl":"https:\/\/images.novelship.com\/product\/8on8_x_asics_gel_kayano_14__indigo_blue_pink__1201_0_34730.jpeg","datePublished":"2026-03-02T08:49:38+00:00","dateModified":"2026-04-02T07:57:27+00:00","breadcrumb":{"@id":"https:\/\/loftrunway.com\/de\/products\/8on8-x-asics-gel-kayano-14-indigo-blue-pink\/#breadcrumb"},"inLanguage":"de","potentialAction":[{"@type":"ReadAction","target":["https:\/\/loftrunway.com\/de\/products\/8on8-x-asics-gel-kayano-14-indigo-blue-pink\/"]}]},{"@type":"ImageObject","inLanguage":"de","@id":"https:\/\/loftrunway.com\/de\/products\/8on8-x-asics-gel-kayano-14-indigo-blue-pink\/#primaryimage","url":"https:\/\/images.novelship.com\/product\/8on8_x_asics_gel_kayano_14__indigo_blue_pink__1201_0_34730.jpeg","contentUrl":"https:\/\/images.novelship.com\/product\/8on8_x_asics_gel_kayano_14__indigo_blue_pink__1201_0_34730.jpeg"},{"@type":"BreadcrumbList","@id":"https:\/\/loftrunway.com\/de\/products\/8on8-x-asics-gel-kayano-14-indigo-blue-pink\/#breadcrumb","itemListElement":[{"@type":"ListItem","position":1,"name":"Home","item":"https:\/\/loftrunway.com\/de\/"},{"@type":"ListItem","position":2,"name":"Shop","item":"https:\/\/loftrunway.com\/de\/shop\/"},{"@type":"ListItem","position":3,"name":"8ON8 x ASICS Gel Kayano 14 &#8218;Indigo Blue Pink&#8216;"}]},{"@type":"WebSite","@id":"https:\/\/loftrunway.com\/de\/#website","url":"https:\/\/loftrunway.com\/de\/","name":"Styloral Jewelry Shop","description":"Der Ort, an dem man alle Arten von Sneakern findet","publisher":{"@id":"https:\/\/loftrunway.com\/de\/#organization"},"potentialAction":[{"@type":"SearchAction","target":{"@type":"EntryPoint","urlTemplate":"https:\/\/loftrunway.com\/de\/?s={search_term_string}"},"query-input":{"@type":"PropertyValueSpecification","valueRequired":true,"valueName":"search_term_string"}}],"inLanguage":"de"},{"@type":"Organization","@id":"https:\/\/loftrunway.com\/de\/#organization","name":"STYLORAL PTE. LTD","url":"https:\/\/loftrunway.com\/de\/","logo":{"@type":"ImageObject","inLanguage":"de","@id":"https:\/\/loftrunway.com\/de\/#\/schema\/logo\/image\/","url":"https:\/\/www.loftrunway.com\/wp-content\/uploads\/2025\/12\/logo.png","contentUrl":"https:\/\/www.loftrunway.com\/wp-content\/uploads\/2025\/12\/logo.png","width":200,"height":65,"caption":"STYLORAL PTE. LTD"},"image":{"@id":"https:\/\/loftrunway.com\/de\/#\/schema\/logo\/image\/"}}]}},"_links":{"self":[{"href":"https:\/\/loftrunway.com\/de\/wp-json\/wp\/v2\/product\/149281","targetHints":{"allow":["GET"]}}],"collection":[{"href":"https:\/\/loftrunway.com\/de\/wp-json\/wp\/v2\/product"}],"about":[{"href":"https:\/\/loftrunway.com\/de\/wp-json\/wp\/v2\/types\/product"}],"replies":[{"embeddable":true,"href":"https:\/\/loftrunway.com\/de\/wp-json\/wp\/v2\/comments?post=149281"}],"wp:featuredmedia":[{"embeddable":true,"href":"https:\/\/loftrunway.com\/de\/wp-json\/wp\/v2\/media\/149282"}],"wp:attachment":[{"href":"https:\/\/loftrunway.com\/de\/wp-json\/wp\/v2\/media?parent=149281"}],"wp:term":[{"taxonomy":"product_brand","embeddable":true,"href":"https:\/\/loftrunway.com\/de\/wp-json\/wp\/v2\/product_brand?post=149281"},{"taxonomy":"product_cat","embeddable":true,"href":"https:\/\/loftrunway.com\/de\/wp-json\/wp\/v2\/product_cat?post=149281"},{"taxonomy":"product_tag","embeddable":true,"href":"https:\/\/loftrunway.com\/de\/wp-json\/wp\/v2\/product_tag?post=149281"}],"curies":[{"name":"wp","href":"https:\/\/api.w.org\/{rel}","templated":true}]}}