{"id":149670,"date":"2026-03-02T15:50:10","date_gmt":"2026-03-02T08:50:10","guid":{"rendered":"http:\/\/loftrunway.com\/product\/atmos-x-nike-air-max-95-dlx-animal-pack-2018-all-black-box"},"modified":"2026-04-02T14:57:41","modified_gmt":"2026-04-02T07:57:41","slug":"atmos-x-nike-air-max-95-dlx-animal-pack-2018-all-black-box","status":"publish","type":"product","link":"https:\/\/loftrunway.com\/de\/products\/atmos-x-nike-air-max-95-dlx-animal-pack-2018-all-black-box\/","title":{"rendered":"atmos x Nike Air Max 95 DLX &#8218;Animal Pack&#8216; 2018 (All Black Box)"},"content":{"rendered":"<p>Wir pr\u00e4sentieren den Atmos x Nike Air Max 95 DLX Animal Pack 2018, eine Kollaboration von Nike und Atmos. Dieser Sneaker in limitierter Auflage besticht durch tierinspirierte Prints auf dem Obermaterial und unterstreicht damit seinen einzigartigen Namen \u201eAnimal Pack\u201c. In einer eleganten, komplett schwarzen Box verpackt, ist dieser Schuh die perfekte Erg\u00e4nzung f\u00fcr jede Sneaker-Sammlung. Diese legend\u00e4ren Nike-Sneaker sind in verschiedenen Farben erh\u00e4ltlich und sorgen f\u00fcr einen stylischen Auftritt.<\/p>\n<ul>\n<li><strong>Farbgebung:<\/strong> Pony\/Schwarz-Klassisches Gr\u00fcn-Sportrot<\/li>\n<li><strong>Style-Code:<\/strong> AQ0929-200<\/li>\n<li><strong>Obermaterial:<\/strong> Leder<\/li>\n<li><strong>Mittelsohle:<\/strong> Air<\/li>\n<li><strong>Farbe:<\/strong> Mehrfarbig<\/li>\n<li><strong>Designer:<\/strong> Sergio Lozano<\/li>\n<li><strong>Saison:<\/strong> Fr\u00fchling<\/li>\n<li><strong>Erscheinungsjahr:<\/strong> 2018<\/li>\n<\/ul>\n","protected":false},"excerpt":{"rendered":"<p>Nike Air Max 95 DLX \u201d\u201d Pony\/Black-Classic Green-Sport Red<\/p>\n","protected":false},"featured_media":149671,"comment_status":"open","ping_status":"closed","template":"","meta":[],"product_brand":[],"product_cat":[10803,41273],"product_tag":[10750,10753,10754,10765,10801,10882,10768,10785],"class_list":{"0":"post-149670","1":"product","2":"type-product","3":"status-publish","4":"has-post-thumbnail","6":"product_cat-nike","7":"product_cat-remove","8":"product_tag-athleisure-shoes","9":"product_tag-gift-for-him","10":"product_tag-lifestyle-casual-shoes","11":"product_tag-lifestyle-shoes-running-inspired","12":"product_tag-nike","13":"product_tag-nike-running-shoes","14":"product_tag-retro-running-shoes","15":"product_tag-trending-deals","16":"wcpa_has_options","18":"first","19":"instock","20":"taxable","21":"shipping-taxable","22":"purchasable","23":"product-type-simple"},"wcpa_form_fields":{"rules":{"pric_overide_base_price":false,"pric_overide_base_price_if_gt_zero":false,"pric_overide_base_price_fully":false,"pric_cal_option_once":false,"pric_use_as_fee":false,"bind_quantity":false,"quantity_bind_formula":false},"fields":[{"type":"color-group","required":true,"elementId":"wcpa-color-group-66c4a75505e74","label":"Gr\u00f6\u00dfe - EU Gr\u00f6\u00dfe","inline":true,"priceOptions":"different_for_all","pricingType":"fixed","className":"hassizechart product-shoes-size-eu product-shoes-size","name":"color-group-66c4a75505e89","disp_type":"square","selection_type":"tick-border","disp_size":"44","show_label_inside":true,"adjust_width":true,"cart_display_type":"text","other_text":"Other","cl_rule":"show","col":6,"values":[{"label":"35.5","value":"EU 35.5","price":"","pimage":"","pimage_id":"","pthumb":"","color":""},{"label":"36","value":"EU 36","price":"","pimage":"","pimage_id":"","pthumb":"","color":"","selected":true},{"label":"36.5","value":"EU 36.5","price":"","pimage":"","pimage_id":"","pthumb":"","color":""},{"label":"37.5","value":"EU 37.5","price":"","pimage":"","pimage_id":"","pthumb":"","color":""},{"label":"38","value":"EU 38","price":"","pimage":"","pimage_id":"","pthumb":"","color":""},{"label":"38.5","value":"EU 38.5","price":"","pimage":"","pimage_id":"","pthumb":"","color":""},{"label":"39","value":"EU 39","price":"","pimage":"","pimage_id":"","pthumb":"","color":""},{"label":"40","value":"EU 40","price":"","pimage":"","pimage_id":"","pthumb":"","color":""},{"label":"40.5","value":"EU 40.5","price":"","pimage":"","pimage_id":"","pthumb":"","color":""},{"label":"41","value":"EU 41","price":"","pimage":"","pimage_id":"","pthumb":"","color":""},{"label":"42","value":"EU 42","price":"","pimage":"","pimage_id":"","pthumb":"","color":""},{"label":"42.5","value":"EU 42.5","price":"","pimage":"","pimage_id":"","pthumb":"","color":""},{"label":"43","value":"EU 43","price":"","pimage":"","pimage_id":"","pthumb":"","color":""},{"label":"44","value":"EU 44","price":"","pimage":"","pimage_id":"","pthumb":"","color":""},{"label":"44.5","value":"EU 44.5","price":"","pimage":"","pimage_id":"","pthumb":"","color":""},{"label":"45","value":"EU 45","price":"","pimage":"","pimage_id":"","pthumb":"","color":""},{"label":"45.5","value":"EU 45.5","price":"","pimage":"","pimage_id":"","pthumb":"","color":""},{"label":"46","value":"EU 46","price":"","pimage":"","pimage_id":"","pthumb":"","color":""},{"label":"47","value":"EU 47","price":"","pimage":"","pimage_id":"","pthumb":"","color":""},{"label":"47.5","value":"EU 47.5","price":"","pimage":"","pimage_id":"","pthumb":"","color":""},{"label":"48","value":"EU 48","price":"","pimage":"","pimage_id":"","pthumb":"","color":""}],"relations":[{"operator":false,"rules":[]}],"form_id":18106,"form_rules":{"pric_cal_option_once":false,"exclude_from_discount":false,"pric_use_as_fee":false,"fee_label":"Fee","render_after_acb":false,"disp_hide_options_price":false}}]},"yoast_head":"<!-- This site is optimized with the Yoast SEO plugin v26.5 - https:\/\/yoast.com\/wordpress\/plugins\/seo\/ -->\n<title>atmos x Nike Air Max 95 DLX &#039;Animal Pack&#039; 2018 (All Black Box)  - Loftrunway<\/title>\n<meta name=\"robots\" content=\"index, follow, max-snippet:-1, max-image-preview:large, max-video-preview:-1\" \/>\n<link rel=\"canonical\" href=\"https:\/\/loftrunway.com\/de\/products\/atmos-x-nike-air-max-95-dlx-animal-pack-2018-all-black-box\/\" \/>\n<meta property=\"og:locale\" content=\"de_DE\" \/>\n<meta property=\"og:type\" content=\"article\" \/>\n<meta property=\"og:title\" content=\"atmos x Nike Air Max 95 DLX &#039;Animal Pack&#039; 2018 (All Black Box)  - Loftrunway\" \/>\n<meta property=\"og:description\" content=\"Nike Air Max 95 DLX \u201d\u201d Pony\/Black-Classic Green-Sport Red\" \/>\n<meta property=\"og:url\" content=\"https:\/\/loftrunway.com\/de\/products\/atmos-x-nike-air-max-95-dlx-animal-pack-2018-all-black-box\/\" \/>\n<meta property=\"og:site_name\" content=\"loftRUN Sneaker Store\" \/>\n<meta property=\"article:modified_time\" content=\"2026-04-02T07:57:41+00:00\" \/>\n<meta name=\"twitter:card\" content=\"summary_large_image\" \/>\n<meta name=\"twitter:image\" content=\"https:\/\/images.novelship.com\/product\/atmos_x_nike_air_max_95_dlx__animal_pack__2018__al_0_73830.jpeg\" \/>\n<script type=\"application\/ld+json\" class=\"yoast-schema-graph\">{\"@context\":\"https:\/\/schema.org\",\"@graph\":[{\"@type\":\"WebPage\",\"@id\":\"https:\/\/loftrunway.com\/de\/products\/atmos-x-nike-air-max-95-dlx-animal-pack-2018-all-black-box\/\",\"url\":\"https:\/\/loftrunway.com\/de\/products\/atmos-x-nike-air-max-95-dlx-animal-pack-2018-all-black-box\/\",\"name\":\"atmos x Nike Air Max 95 DLX 'Animal Pack' 2018 (All Black Box) - Loftrunway\",\"isPartOf\":{\"@id\":\"https:\/\/loftrunway.com\/de\/#website\"},\"primaryImageOfPage\":{\"@id\":\"https:\/\/loftrunway.com\/de\/products\/atmos-x-nike-air-max-95-dlx-animal-pack-2018-all-black-box\/#primaryimage\"},\"image\":{\"@id\":\"https:\/\/loftrunway.com\/de\/products\/atmos-x-nike-air-max-95-dlx-animal-pack-2018-all-black-box\/#primaryimage\"},\"thumbnailUrl\":\"https:\/\/images.novelship.com\/product\/atmos_x_nike_air_max_95_dlx__animal_pack__2018__al_0_73830.jpeg\",\"datePublished\":\"2026-03-02T08:50:10+00:00\",\"dateModified\":\"2026-04-02T07:57:41+00:00\",\"breadcrumb\":{\"@id\":\"https:\/\/loftrunway.com\/de\/products\/atmos-x-nike-air-max-95-dlx-animal-pack-2018-all-black-box\/#breadcrumb\"},\"inLanguage\":\"de\",\"potentialAction\":[{\"@type\":\"ReadAction\",\"target\":[\"https:\/\/loftrunway.com\/de\/products\/atmos-x-nike-air-max-95-dlx-animal-pack-2018-all-black-box\/\"]}]},{\"@type\":\"ImageObject\",\"inLanguage\":\"de\",\"@id\":\"https:\/\/loftrunway.com\/de\/products\/atmos-x-nike-air-max-95-dlx-animal-pack-2018-all-black-box\/#primaryimage\",\"url\":\"https:\/\/images.novelship.com\/product\/atmos_x_nike_air_max_95_dlx__animal_pack__2018__al_0_73830.jpeg\",\"contentUrl\":\"https:\/\/images.novelship.com\/product\/atmos_x_nike_air_max_95_dlx__animal_pack__2018__al_0_73830.jpeg\"},{\"@type\":\"BreadcrumbList\",\"@id\":\"https:\/\/loftrunway.com\/de\/products\/atmos-x-nike-air-max-95-dlx-animal-pack-2018-all-black-box\/#breadcrumb\",\"itemListElement\":[{\"@type\":\"ListItem\",\"position\":1,\"name\":\"Home\",\"item\":\"https:\/\/loftrunway.com\/de\/\"},{\"@type\":\"ListItem\",\"position\":2,\"name\":\"Shop\",\"item\":\"https:\/\/loftrunway.com\/de\/shop\/\"},{\"@type\":\"ListItem\",\"position\":3,\"name\":\"atmos x Nike Air Max 95 DLX &#8218;Animal Pack&#8216; 2018 (All Black Box)\"}]},{\"@type\":\"WebSite\",\"@id\":\"https:\/\/loftrunway.com\/de\/#website\",\"url\":\"https:\/\/loftrunway.com\/de\/\",\"name\":\"Styloral Jewelry Shop\",\"description\":\"Der Ort, an dem man alle Arten von Sneakern findet\",\"publisher\":{\"@id\":\"https:\/\/loftrunway.com\/de\/#organization\"},\"potentialAction\":[{\"@type\":\"SearchAction\",\"target\":{\"@type\":\"EntryPoint\",\"urlTemplate\":\"https:\/\/loftrunway.com\/de\/?s={search_term_string}\"},\"query-input\":{\"@type\":\"PropertyValueSpecification\",\"valueRequired\":true,\"valueName\":\"search_term_string\"}}],\"inLanguage\":\"de\"},{\"@type\":\"Organization\",\"@id\":\"https:\/\/loftrunway.com\/de\/#organization\",\"name\":\"STYLORAL PTE. LTD\",\"url\":\"https:\/\/loftrunway.com\/de\/\",\"logo\":{\"@type\":\"ImageObject\",\"inLanguage\":\"de\",\"@id\":\"https:\/\/loftrunway.com\/de\/#\/schema\/logo\/image\/\",\"url\":\"https:\/\/www.loftrunway.com\/wp-content\/uploads\/2025\/12\/logo.png\",\"contentUrl\":\"https:\/\/www.loftrunway.com\/wp-content\/uploads\/2025\/12\/logo.png\",\"width\":200,\"height\":65,\"caption\":\"STYLORAL PTE. LTD\"},\"image\":{\"@id\":\"https:\/\/loftrunway.com\/de\/#\/schema\/logo\/image\/\"}}]}<\/script>\n<!-- \/ Yoast SEO plugin. -->","yoast_head_json":{"title":"atmos x Nike Air Max 95 DLX 'Animal Pack' 2018 (All Black Box)  - Loftrunway","robots":{"index":"index","follow":"follow","max-snippet":"max-snippet:-1","max-image-preview":"max-image-preview:large","max-video-preview":"max-video-preview:-1"},"canonical":"https:\/\/loftrunway.com\/de\/products\/atmos-x-nike-air-max-95-dlx-animal-pack-2018-all-black-box\/","og_locale":"de_DE","og_type":"article","og_title":"atmos x Nike Air Max 95 DLX 'Animal Pack' 2018 (All Black Box)  - Loftrunway","og_description":"Nike Air Max 95 DLX \u201d\u201d Pony\/Black-Classic Green-Sport Red","og_url":"https:\/\/loftrunway.com\/de\/products\/atmos-x-nike-air-max-95-dlx-animal-pack-2018-all-black-box\/","og_site_name":"loftRUN Sneaker Store","article_modified_time":"2026-04-02T07:57:41+00:00","twitter_card":"summary_large_image","twitter_image":"https:\/\/images.novelship.com\/product\/atmos_x_nike_air_max_95_dlx__animal_pack__2018__al_0_73830.jpeg","schema":{"@context":"https:\/\/schema.org","@graph":[{"@type":"WebPage","@id":"https:\/\/loftrunway.com\/de\/products\/atmos-x-nike-air-max-95-dlx-animal-pack-2018-all-black-box\/","url":"https:\/\/loftrunway.com\/de\/products\/atmos-x-nike-air-max-95-dlx-animal-pack-2018-all-black-box\/","name":"atmos x Nike Air Max 95 DLX 'Animal Pack' 2018 (All Black Box) - Loftrunway","isPartOf":{"@id":"https:\/\/loftrunway.com\/de\/#website"},"primaryImageOfPage":{"@id":"https:\/\/loftrunway.com\/de\/products\/atmos-x-nike-air-max-95-dlx-animal-pack-2018-all-black-box\/#primaryimage"},"image":{"@id":"https:\/\/loftrunway.com\/de\/products\/atmos-x-nike-air-max-95-dlx-animal-pack-2018-all-black-box\/#primaryimage"},"thumbnailUrl":"https:\/\/images.novelship.com\/product\/atmos_x_nike_air_max_95_dlx__animal_pack__2018__al_0_73830.jpeg","datePublished":"2026-03-02T08:50:10+00:00","dateModified":"2026-04-02T07:57:41+00:00","breadcrumb":{"@id":"https:\/\/loftrunway.com\/de\/products\/atmos-x-nike-air-max-95-dlx-animal-pack-2018-all-black-box\/#breadcrumb"},"inLanguage":"de","potentialAction":[{"@type":"ReadAction","target":["https:\/\/loftrunway.com\/de\/products\/atmos-x-nike-air-max-95-dlx-animal-pack-2018-all-black-box\/"]}]},{"@type":"ImageObject","inLanguage":"de","@id":"https:\/\/loftrunway.com\/de\/products\/atmos-x-nike-air-max-95-dlx-animal-pack-2018-all-black-box\/#primaryimage","url":"https:\/\/images.novelship.com\/product\/atmos_x_nike_air_max_95_dlx__animal_pack__2018__al_0_73830.jpeg","contentUrl":"https:\/\/images.novelship.com\/product\/atmos_x_nike_air_max_95_dlx__animal_pack__2018__al_0_73830.jpeg"},{"@type":"BreadcrumbList","@id":"https:\/\/loftrunway.com\/de\/products\/atmos-x-nike-air-max-95-dlx-animal-pack-2018-all-black-box\/#breadcrumb","itemListElement":[{"@type":"ListItem","position":1,"name":"Home","item":"https:\/\/loftrunway.com\/de\/"},{"@type":"ListItem","position":2,"name":"Shop","item":"https:\/\/loftrunway.com\/de\/shop\/"},{"@type":"ListItem","position":3,"name":"atmos x Nike Air Max 95 DLX &#8218;Animal Pack&#8216; 2018 (All Black Box)"}]},{"@type":"WebSite","@id":"https:\/\/loftrunway.com\/de\/#website","url":"https:\/\/loftrunway.com\/de\/","name":"Styloral Jewelry Shop","description":"Der Ort, an dem man alle Arten von Sneakern findet","publisher":{"@id":"https:\/\/loftrunway.com\/de\/#organization"},"potentialAction":[{"@type":"SearchAction","target":{"@type":"EntryPoint","urlTemplate":"https:\/\/loftrunway.com\/de\/?s={search_term_string}"},"query-input":{"@type":"PropertyValueSpecification","valueRequired":true,"valueName":"search_term_string"}}],"inLanguage":"de"},{"@type":"Organization","@id":"https:\/\/loftrunway.com\/de\/#organization","name":"STYLORAL PTE. LTD","url":"https:\/\/loftrunway.com\/de\/","logo":{"@type":"ImageObject","inLanguage":"de","@id":"https:\/\/loftrunway.com\/de\/#\/schema\/logo\/image\/","url":"https:\/\/www.loftrunway.com\/wp-content\/uploads\/2025\/12\/logo.png","contentUrl":"https:\/\/www.loftrunway.com\/wp-content\/uploads\/2025\/12\/logo.png","width":200,"height":65,"caption":"STYLORAL PTE. LTD"},"image":{"@id":"https:\/\/loftrunway.com\/de\/#\/schema\/logo\/image\/"}}]}},"_links":{"self":[{"href":"https:\/\/loftrunway.com\/de\/wp-json\/wp\/v2\/product\/149670","targetHints":{"allow":["GET"]}}],"collection":[{"href":"https:\/\/loftrunway.com\/de\/wp-json\/wp\/v2\/product"}],"about":[{"href":"https:\/\/loftrunway.com\/de\/wp-json\/wp\/v2\/types\/product"}],"replies":[{"embeddable":true,"href":"https:\/\/loftrunway.com\/de\/wp-json\/wp\/v2\/comments?post=149670"}],"wp:featuredmedia":[{"embeddable":true,"href":"https:\/\/loftrunway.com\/de\/wp-json\/wp\/v2\/media\/149671"}],"wp:attachment":[{"href":"https:\/\/loftrunway.com\/de\/wp-json\/wp\/v2\/media?parent=149670"}],"wp:term":[{"taxonomy":"product_brand","embeddable":true,"href":"https:\/\/loftrunway.com\/de\/wp-json\/wp\/v2\/product_brand?post=149670"},{"taxonomy":"product_cat","embeddable":true,"href":"https:\/\/loftrunway.com\/de\/wp-json\/wp\/v2\/product_cat?post=149670"},{"taxonomy":"product_tag","embeddable":true,"href":"https:\/\/loftrunway.com\/de\/wp-json\/wp\/v2\/product_tag?post=149670"}],"curies":[{"name":"wp","href":"https:\/\/api.w.org\/{rel}","templated":true}]}}