{"id":14978,"date":"2026-02-20T14:59:03","date_gmt":"2026-02-20T07:59:03","guid":{"rendered":"http:\/\/loftrunway.com\/product\/nikeskims-air-rift-archaeo-brown-io7694-201"},"modified":"2026-04-02T14:20:08","modified_gmt":"2026-04-02T07:20:08","slug":"nikeskims-air-rift-archaeo-brown-io7694-201","status":"publish","type":"product","link":"https:\/\/loftrunway.com\/de\/products\/nikeskims-air-rift-archaeo-brown-io7694-201\/","title":{"rendered":"NikeSKIMS Air Rift &#8218;Archaeo Brown&#8216;"},"content":{"rendered":"<p>Erleben Sie unvergleichlichen Komfort und Style mit dem Nike SKIMS Air Rift \u201eArchaeo Brown\u201c IO7694-201 \u2013 eine einzigartige Kombination aus sportlichem Design und Premium-Flair. Dieser innovative Schuh mit geteilter Zehenpartie f\u00f6rdert nat\u00fcrliche Bewegungsfreiheit und Flexibilit\u00e4t und bietet gleichzeitig hervorragende Atmungsaktivit\u00e4t f\u00fcr ganzt\u00e4gigen Tragekomfort. Die elegante Farbgebung in \u201eArchaeo Brown\u201c verleiht ihm einen Hauch von Raffinesse und Vielseitigkeit und macht ihn perfekt f\u00fcr Freizeit und Sport. Gefertigt aus leichten Materialien und ausgestattet mit verstellbaren Riemen f\u00fcr eine sichere und individuelle Passform, definiert dieser Schuh modernes Schuhwerk neu. Die gepolsterte Sohle sorgt f\u00fcr optimale Sto\u00dfd\u00e4mpfung und bietet bei jedem Schritt maximalen Halt und Komfort. Egal ob du durch die Stra\u00dfen streifst oder neue Terrains erkundest, der Nike SKIMS Air Rift vereint leistungsstarkes Design mit moderner \u00c4sthetik f\u00fcr ultimative Vielseitigkeit.<\/p>\n<ul>\n<li><strong>Farbgebung:<\/strong> Archaeo Brown\/Archaeo Brown-Infinite Sable-Desert Dust<\/li>\n<li><strong>Style-Code:<\/strong> IO7694-201<\/li>\n<li><strong>Obermaterial:<\/strong> Mesh<\/li>\n<li><strong>Farbe:<\/strong> Braun<\/li>\n<li><strong>Saison:<\/strong> Winter<\/li>\n<li><strong>Erscheinungsjahr:<\/strong> 2026<\/li>\n<\/ul>\n","protected":false},"excerpt":{"rendered":"<p>Nike Air Rift \u2014 Archaeo Brown\/Archaeo Brown-Infinite Sable-Desert Dust<\/p>\n","protected":false},"featured_media":14979,"comment_status":"open","ping_status":"closed","template":"","meta":[],"product_brand":[],"product_cat":[6654,41273],"product_tag":[],"class_list":{"0":"post-14978","1":"product","2":"type-product","3":"status-publish","4":"has-post-thumbnail","6":"product_cat-nike-2026","7":"product_cat-remove","8":"wcpa_has_options","10":"first","11":"instock","12":"taxable","13":"shipping-taxable","14":"purchasable","15":"product-type-simple"},"wcpa_form_fields":{"rules":{"pric_overide_base_price":false,"pric_overide_base_price_if_gt_zero":false,"pric_overide_base_price_fully":false,"pric_cal_option_once":false,"pric_use_as_fee":false,"bind_quantity":false,"quantity_bind_formula":false},"fields":[{"type":"color-group","required":true,"elementId":"wcpa-color-group-66c4a75505e74","label":"Gr\u00f6\u00dfe - EU Gr\u00f6\u00dfe","inline":true,"priceOptions":"different_for_all","pricingType":"fixed","className":"hassizechart product-shoes-size-eu product-shoes-size","name":"color-group-66c4a75505e89","disp_type":"square","selection_type":"tick-border","disp_size":"44","show_label_inside":true,"adjust_width":true,"cart_display_type":"text","other_text":"Other","cl_rule":"show","col":6,"values":[{"label":"35.5","value":"EU 35.5","price":"","pimage":"","pimage_id":"","pthumb":"","color":""},{"label":"36","value":"EU 36","price":"","pimage":"","pimage_id":"","pthumb":"","color":"","selected":true},{"label":"36.5","value":"EU 36.5","price":"","pimage":"","pimage_id":"","pthumb":"","color":""},{"label":"37.5","value":"EU 37.5","price":"","pimage":"","pimage_id":"","pthumb":"","color":""},{"label":"38","value":"EU 38","price":"","pimage":"","pimage_id":"","pthumb":"","color":""},{"label":"38.5","value":"EU 38.5","price":"","pimage":"","pimage_id":"","pthumb":"","color":""},{"label":"39","value":"EU 39","price":"","pimage":"","pimage_id":"","pthumb":"","color":""},{"label":"40","value":"EU 40","price":"","pimage":"","pimage_id":"","pthumb":"","color":""},{"label":"40.5","value":"EU 40.5","price":"","pimage":"","pimage_id":"","pthumb":"","color":""},{"label":"41","value":"EU 41","price":"","pimage":"","pimage_id":"","pthumb":"","color":""},{"label":"42","value":"EU 42","price":"","pimage":"","pimage_id":"","pthumb":"","color":""},{"label":"42.5","value":"EU 42.5","price":"","pimage":"","pimage_id":"","pthumb":"","color":""},{"label":"43","value":"EU 43","price":"","pimage":"","pimage_id":"","pthumb":"","color":""},{"label":"44","value":"EU 44","price":"","pimage":"","pimage_id":"","pthumb":"","color":""},{"label":"44.5","value":"EU 44.5","price":"","pimage":"","pimage_id":"","pthumb":"","color":""},{"label":"45","value":"EU 45","price":"","pimage":"","pimage_id":"","pthumb":"","color":""},{"label":"45.5","value":"EU 45.5","price":"","pimage":"","pimage_id":"","pthumb":"","color":""},{"label":"46","value":"EU 46","price":"","pimage":"","pimage_id":"","pthumb":"","color":""},{"label":"47","value":"EU 47","price":"","pimage":"","pimage_id":"","pthumb":"","color":""},{"label":"47.5","value":"EU 47.5","price":"","pimage":"","pimage_id":"","pthumb":"","color":""},{"label":"48","value":"EU 48","price":"","pimage":"","pimage_id":"","pthumb":"","color":""}],"relations":[{"operator":false,"rules":[]}],"form_id":18106,"form_rules":{"pric_cal_option_once":false,"exclude_from_discount":false,"pric_use_as_fee":false,"fee_label":"Fee","render_after_acb":false,"disp_hide_options_price":false}}]},"yoast_head":"<!-- This site is optimized with the Yoast SEO plugin v26.5 - https:\/\/yoast.com\/wordpress\/plugins\/seo\/ -->\n<title>NikeSKIMS Air Rift &#039;Archaeo Brown&#039; - Loftrunway<\/title>\n<meta name=\"robots\" content=\"index, follow, max-snippet:-1, max-image-preview:large, max-video-preview:-1\" \/>\n<link rel=\"canonical\" href=\"https:\/\/loftrunway.com\/de\/products\/nikeskims-air-rift-archaeo-brown-io7694-201\/\" \/>\n<meta property=\"og:locale\" content=\"de_DE\" \/>\n<meta property=\"og:type\" content=\"article\" \/>\n<meta property=\"og:title\" content=\"NikeSKIMS Air Rift &#039;Archaeo Brown&#039; - Loftrunway\" \/>\n<meta property=\"og:description\" content=\"Nike Air Rift \u2014 Archaeo Brown\/Archaeo Brown-Infinite Sable-Desert Dust\" \/>\n<meta property=\"og:url\" content=\"https:\/\/loftrunway.com\/de\/products\/nikeskims-air-rift-archaeo-brown-io7694-201\/\" \/>\n<meta property=\"og:site_name\" content=\"loftRUN Sneaker Store\" \/>\n<meta property=\"article:modified_time\" content=\"2026-04-02T07:20:08+00:00\" \/>\n<meta name=\"twitter:card\" content=\"summary_large_image\" \/>\n<meta name=\"twitter:image\" content=\"https:\/\/images.novelship.com\/product\/nike_nikeskims_air_rift__archaeo_brown__io7694-201_0_72723.jpeg\" \/>\n<meta name=\"twitter:label1\" content=\"Gesch\u00e4tzte Lesezeit\" \/>\n\t<meta name=\"twitter:data1\" content=\"1\u00a0Minute\" \/>\n<script type=\"application\/ld+json\" class=\"yoast-schema-graph\">{\"@context\":\"https:\/\/schema.org\",\"@graph\":[{\"@type\":\"WebPage\",\"@id\":\"https:\/\/loftrunway.com\/de\/products\/nikeskims-air-rift-archaeo-brown-io7694-201\/\",\"url\":\"https:\/\/loftrunway.com\/de\/products\/nikeskims-air-rift-archaeo-brown-io7694-201\/\",\"name\":\"NikeSKIMS Air Rift 'Archaeo Brown' - Loftrunway\",\"isPartOf\":{\"@id\":\"https:\/\/loftrunway.com\/de\/#website\"},\"primaryImageOfPage\":{\"@id\":\"https:\/\/loftrunway.com\/de\/products\/nikeskims-air-rift-archaeo-brown-io7694-201\/#primaryimage\"},\"image\":{\"@id\":\"https:\/\/loftrunway.com\/de\/products\/nikeskims-air-rift-archaeo-brown-io7694-201\/#primaryimage\"},\"thumbnailUrl\":\"https:\/\/images.novelship.com\/product\/nike_nikeskims_air_rift__archaeo_brown__io7694-201_0_72723.jpeg\",\"datePublished\":\"2026-02-20T07:59:03+00:00\",\"dateModified\":\"2026-04-02T07:20:08+00:00\",\"breadcrumb\":{\"@id\":\"https:\/\/loftrunway.com\/de\/products\/nikeskims-air-rift-archaeo-brown-io7694-201\/#breadcrumb\"},\"inLanguage\":\"de\",\"potentialAction\":[{\"@type\":\"ReadAction\",\"target\":[\"https:\/\/loftrunway.com\/de\/products\/nikeskims-air-rift-archaeo-brown-io7694-201\/\"]}]},{\"@type\":\"ImageObject\",\"inLanguage\":\"de\",\"@id\":\"https:\/\/loftrunway.com\/de\/products\/nikeskims-air-rift-archaeo-brown-io7694-201\/#primaryimage\",\"url\":\"https:\/\/images.novelship.com\/product\/nike_nikeskims_air_rift__archaeo_brown__io7694-201_0_72723.jpeg\",\"contentUrl\":\"https:\/\/images.novelship.com\/product\/nike_nikeskims_air_rift__archaeo_brown__io7694-201_0_72723.jpeg\"},{\"@type\":\"BreadcrumbList\",\"@id\":\"https:\/\/loftrunway.com\/de\/products\/nikeskims-air-rift-archaeo-brown-io7694-201\/#breadcrumb\",\"itemListElement\":[{\"@type\":\"ListItem\",\"position\":1,\"name\":\"Home\",\"item\":\"https:\/\/loftrunway.com\/de\/\"},{\"@type\":\"ListItem\",\"position\":2,\"name\":\"Shop\",\"item\":\"https:\/\/loftrunway.com\/de\/shop\/\"},{\"@type\":\"ListItem\",\"position\":3,\"name\":\"NikeSKIMS Air Rift &#8218;Archaeo Brown&#8216;\"}]},{\"@type\":\"WebSite\",\"@id\":\"https:\/\/loftrunway.com\/de\/#website\",\"url\":\"https:\/\/loftrunway.com\/de\/\",\"name\":\"Styloral Jewelry Shop\",\"description\":\"Der Ort, an dem man alle Arten von Sneakern findet\",\"publisher\":{\"@id\":\"https:\/\/loftrunway.com\/de\/#organization\"},\"potentialAction\":[{\"@type\":\"SearchAction\",\"target\":{\"@type\":\"EntryPoint\",\"urlTemplate\":\"https:\/\/loftrunway.com\/de\/?s={search_term_string}\"},\"query-input\":{\"@type\":\"PropertyValueSpecification\",\"valueRequired\":true,\"valueName\":\"search_term_string\"}}],\"inLanguage\":\"de\"},{\"@type\":\"Organization\",\"@id\":\"https:\/\/loftrunway.com\/de\/#organization\",\"name\":\"STYLORAL PTE. LTD\",\"url\":\"https:\/\/loftrunway.com\/de\/\",\"logo\":{\"@type\":\"ImageObject\",\"inLanguage\":\"de\",\"@id\":\"https:\/\/loftrunway.com\/de\/#\/schema\/logo\/image\/\",\"url\":\"https:\/\/www.loftrunway.com\/wp-content\/uploads\/2025\/12\/logo.png\",\"contentUrl\":\"https:\/\/www.loftrunway.com\/wp-content\/uploads\/2025\/12\/logo.png\",\"width\":200,\"height\":65,\"caption\":\"STYLORAL PTE. LTD\"},\"image\":{\"@id\":\"https:\/\/loftrunway.com\/de\/#\/schema\/logo\/image\/\"}}]}<\/script>\n<!-- \/ Yoast SEO plugin. -->","yoast_head_json":{"title":"NikeSKIMS Air Rift 'Archaeo Brown' - Loftrunway","robots":{"index":"index","follow":"follow","max-snippet":"max-snippet:-1","max-image-preview":"max-image-preview:large","max-video-preview":"max-video-preview:-1"},"canonical":"https:\/\/loftrunway.com\/de\/products\/nikeskims-air-rift-archaeo-brown-io7694-201\/","og_locale":"de_DE","og_type":"article","og_title":"NikeSKIMS Air Rift 'Archaeo Brown' - Loftrunway","og_description":"Nike Air Rift \u2014 Archaeo Brown\/Archaeo Brown-Infinite Sable-Desert Dust","og_url":"https:\/\/loftrunway.com\/de\/products\/nikeskims-air-rift-archaeo-brown-io7694-201\/","og_site_name":"loftRUN Sneaker Store","article_modified_time":"2026-04-02T07:20:08+00:00","twitter_card":"summary_large_image","twitter_image":"https:\/\/images.novelship.com\/product\/nike_nikeskims_air_rift__archaeo_brown__io7694-201_0_72723.jpeg","twitter_misc":{"Gesch\u00e4tzte Lesezeit":"1\u00a0Minute"},"schema":{"@context":"https:\/\/schema.org","@graph":[{"@type":"WebPage","@id":"https:\/\/loftrunway.com\/de\/products\/nikeskims-air-rift-archaeo-brown-io7694-201\/","url":"https:\/\/loftrunway.com\/de\/products\/nikeskims-air-rift-archaeo-brown-io7694-201\/","name":"NikeSKIMS Air Rift 'Archaeo Brown' - Loftrunway","isPartOf":{"@id":"https:\/\/loftrunway.com\/de\/#website"},"primaryImageOfPage":{"@id":"https:\/\/loftrunway.com\/de\/products\/nikeskims-air-rift-archaeo-brown-io7694-201\/#primaryimage"},"image":{"@id":"https:\/\/loftrunway.com\/de\/products\/nikeskims-air-rift-archaeo-brown-io7694-201\/#primaryimage"},"thumbnailUrl":"https:\/\/images.novelship.com\/product\/nike_nikeskims_air_rift__archaeo_brown__io7694-201_0_72723.jpeg","datePublished":"2026-02-20T07:59:03+00:00","dateModified":"2026-04-02T07:20:08+00:00","breadcrumb":{"@id":"https:\/\/loftrunway.com\/de\/products\/nikeskims-air-rift-archaeo-brown-io7694-201\/#breadcrumb"},"inLanguage":"de","potentialAction":[{"@type":"ReadAction","target":["https:\/\/loftrunway.com\/de\/products\/nikeskims-air-rift-archaeo-brown-io7694-201\/"]}]},{"@type":"ImageObject","inLanguage":"de","@id":"https:\/\/loftrunway.com\/de\/products\/nikeskims-air-rift-archaeo-brown-io7694-201\/#primaryimage","url":"https:\/\/images.novelship.com\/product\/nike_nikeskims_air_rift__archaeo_brown__io7694-201_0_72723.jpeg","contentUrl":"https:\/\/images.novelship.com\/product\/nike_nikeskims_air_rift__archaeo_brown__io7694-201_0_72723.jpeg"},{"@type":"BreadcrumbList","@id":"https:\/\/loftrunway.com\/de\/products\/nikeskims-air-rift-archaeo-brown-io7694-201\/#breadcrumb","itemListElement":[{"@type":"ListItem","position":1,"name":"Home","item":"https:\/\/loftrunway.com\/de\/"},{"@type":"ListItem","position":2,"name":"Shop","item":"https:\/\/loftrunway.com\/de\/shop\/"},{"@type":"ListItem","position":3,"name":"NikeSKIMS Air Rift &#8218;Archaeo Brown&#8216;"}]},{"@type":"WebSite","@id":"https:\/\/loftrunway.com\/de\/#website","url":"https:\/\/loftrunway.com\/de\/","name":"Styloral Jewelry Shop","description":"Der Ort, an dem man alle Arten von Sneakern findet","publisher":{"@id":"https:\/\/loftrunway.com\/de\/#organization"},"potentialAction":[{"@type":"SearchAction","target":{"@type":"EntryPoint","urlTemplate":"https:\/\/loftrunway.com\/de\/?s={search_term_string}"},"query-input":{"@type":"PropertyValueSpecification","valueRequired":true,"valueName":"search_term_string"}}],"inLanguage":"de"},{"@type":"Organization","@id":"https:\/\/loftrunway.com\/de\/#organization","name":"STYLORAL PTE. LTD","url":"https:\/\/loftrunway.com\/de\/","logo":{"@type":"ImageObject","inLanguage":"de","@id":"https:\/\/loftrunway.com\/de\/#\/schema\/logo\/image\/","url":"https:\/\/www.loftrunway.com\/wp-content\/uploads\/2025\/12\/logo.png","contentUrl":"https:\/\/www.loftrunway.com\/wp-content\/uploads\/2025\/12\/logo.png","width":200,"height":65,"caption":"STYLORAL PTE. LTD"},"image":{"@id":"https:\/\/loftrunway.com\/de\/#\/schema\/logo\/image\/"}}]}},"_links":{"self":[{"href":"https:\/\/loftrunway.com\/de\/wp-json\/wp\/v2\/product\/14978","targetHints":{"allow":["GET"]}}],"collection":[{"href":"https:\/\/loftrunway.com\/de\/wp-json\/wp\/v2\/product"}],"about":[{"href":"https:\/\/loftrunway.com\/de\/wp-json\/wp\/v2\/types\/product"}],"replies":[{"embeddable":true,"href":"https:\/\/loftrunway.com\/de\/wp-json\/wp\/v2\/comments?post=14978"}],"wp:featuredmedia":[{"embeddable":true,"href":"https:\/\/loftrunway.com\/de\/wp-json\/wp\/v2\/media\/14979"}],"wp:attachment":[{"href":"https:\/\/loftrunway.com\/de\/wp-json\/wp\/v2\/media?parent=14978"}],"wp:term":[{"taxonomy":"product_brand","embeddable":true,"href":"https:\/\/loftrunway.com\/de\/wp-json\/wp\/v2\/product_brand?post=14978"},{"taxonomy":"product_cat","embeddable":true,"href":"https:\/\/loftrunway.com\/de\/wp-json\/wp\/v2\/product_cat?post=14978"},{"taxonomy":"product_tag","embeddable":true,"href":"https:\/\/loftrunway.com\/de\/wp-json\/wp\/v2\/product_tag?post=14978"}],"curies":[{"name":"wp","href":"https:\/\/api.w.org\/{rel}","templated":true}]}}