{"id":150393,"date":"2026-03-02T15:51:11","date_gmt":"2026-03-02T08:51:11","guid":{"rendered":"http:\/\/loftrunway.com\/product\/asics-x-up-there-gel-kayano-121-natsukashii-pt-2"},"modified":"2026-04-02T14:58:06","modified_gmt":"2026-04-02T07:58:06","slug":"asics-x-up-there-gel-kayano-121-natsukashii-pt-2","status":"publish","type":"product","link":"https:\/\/loftrunway.com\/de\/products\/asics-x-up-there-gel-kayano-121-natsukashii-pt-2\/","title":{"rendered":"ASICS x Up There GEL-KAYANO 12.1 &#8218;Natsukashii Pt 2&#8216;"},"content":{"rendered":"<p>Der ASICS Gel-Kayano 12.1 Up There Natsukashii Glacier Grey 1203A869-020 bietet erstklassigen Komfort und optimale Unterst\u00fctzung in Verbindung mit einer modernen Hommage an klassische japanische Handwerkskunst. Dieser Laufschuh wurde mit Blick auf Leistung und Stil entwickelt und verf\u00fcgt \u00fcber die legend\u00e4re Gel-D\u00e4mpfungstechnologie von ASICS f\u00fcr hervorragende Sto\u00dfd\u00e4mpfung und Komfort auch bei l\u00e4ngerem Tragen. Seine leichte Konstruktion, die strapazierf\u00e4higen Materialien und das atmungsaktive Mesh-Obermaterial sorgen f\u00fcr eine au\u00dfergew\u00f6hnliche Passform und Zuverl\u00e4ssigkeit \u201d\u201c sowohl im Alltag als auch bei intensiven sportlichen Aktivit\u00e4ten. Die einzigartige Farbgebung in Glacier Grey, inspiriert von nat\u00fcrlichen Elementen und traditioneller \u00c4sthetik, setzt ein unverwechselbares Statement und macht den Schuh gleichzeitig vielseitig kombinierbar. Ideal f\u00fcr Sportler und stilbewusste Menschen: Dieses innovative Modell vereint Funktionalit\u00e4t, Langlebigkeit und zeitloses Design f\u00fcr ganzt\u00e4gigen Tragekomfort und optimale Leistung.<\/p>\n<ul>\n<li><strong>Farbgebung:<\/strong> Gletschergrau\/Reines Silber<\/li>\n<li><strong>Artikelnummer:<\/strong> 1203A869-020<\/li>\n<li><strong>Obermaterial:<\/strong> Mesh<\/li>\n<li><strong>Farbe:<\/strong> Wei\u00df<\/li>\n<li><strong>Erscheinungsjahr:<\/strong> 2025<\/li>\n<\/ul>\n","protected":false},"excerpt":{"rendered":"<p>ASICS GEL-KAYANO 12.1 \u201d\u201d Glacier Grey\/Pure Silver<\/p>\n","protected":false},"featured_media":150394,"comment_status":"open","ping_status":"closed","template":"","meta":[],"product_brand":[],"product_cat":[10792,41273],"product_tag":[10791,10750,10754,10765,10768],"class_list":{"0":"post-150393","1":"product","2":"type-product","3":"status-publish","4":"has-post-thumbnail","6":"product_cat-asics","7":"product_cat-remove","8":"product_tag-asics","9":"product_tag-athleisure-shoes","10":"product_tag-lifestyle-casual-shoes","11":"product_tag-lifestyle-shoes-running-inspired","12":"product_tag-retro-running-shoes","13":"wcpa_has_options","15":"first","16":"instock","17":"taxable","18":"shipping-taxable","19":"purchasable","20":"product-type-simple"},"wcpa_form_fields":{"rules":{"pric_overide_base_price":false,"pric_overide_base_price_if_gt_zero":false,"pric_overide_base_price_fully":false,"pric_cal_option_once":false,"pric_use_as_fee":false,"bind_quantity":false,"quantity_bind_formula":false},"fields":[{"type":"color-group","required":true,"elementId":"wcpa-color-group-69a5ab08ee12d","label":"Gr\u00f6\u00dfe","inline":true,"priceOptions":"different_for_all","pricingType":"fixed","className":"hassizechart product-shoes-size-eu product-shoes-size","name":"color-group-69a5ab08ee136","disp_type":"square","selection_type":"tick-border","disp_size":"50","show_label_inside":true,"adjust_width":true,"cart_display_type":"text","other_text":"Other","cl_rule":"show","col":6,"values":[{"label":"36","value":"EU 36","price":"","pimage":"","pimage_id":"","pthumb":"","color":"","selected":true},{"label":"37","value":"EU 37","price":"","pimage":"","pimage_id":"","pthumb":"","color":""},{"label":"37.5","value":"EU 37.5","price":"","pimage":"","pimage_id":"","pthumb":"","color":""},{"label":"38","value":"EU 38","price":"","pimage":"","pimage_id":"","pthumb":"","color":""},{"label":"38.5","value":"EU 38.5","price":"","pimage":"","pimage_id":"","pthumb":"","color":""},{"label":"39","value":"EU 39","price":"","pimage":"","pimage_id":"","pthumb":"","color":""},{"label":"39.5","value":"EU 39.5","price":"","pimage":"","pimage_id":"","pthumb":"","color":""},{"label":"40","value":"EU 40","price":"","pimage":"","pimage_id":"","pthumb":"","color":""},{"label":"40.5","value":"EU 40.5","price":"","pimage":"","pimage_id":"","pthumb":"","color":""},{"label":" 41.5","value":"EU 41.5","price":"","pimage":"","pimage_id":"","pthumb":"","color":""},{"label":"42","value":"EU 42","price":"","pimage":"","pimage_id":"","pthumb":"","color":""},{"label":"42.5","value":"EU 42.5","price":"","pimage":"","pimage_id":"","pthumb":"","color":""},{"label":"43.5","value":"EU 43.5","price":"","pimage":"","pimage_id":"","pthumb":"","color":""},{"label":"44","value":"EU 44","price":"","pimage":"","pimage_id":"","pthumb":"","color":""},{"label":"44.5","value":"EU 44.5","price":"","pimage":"","pimage_id":"","pthumb":"","color":""},{"label":"45","value":"EU 45","price":"","pimage":"","pimage_id":"","pthumb":"","color":""}],"relations":[{"operator":false,"rules":[]}],"form_id":184311,"form_rules":{"pric_cal_option_once":false,"exclude_from_discount":false,"pric_use_as_fee":false,"fee_label":"Fee","render_after_acb":false,"disp_hide_options_price":false}}]},"yoast_head":"<!-- This site is optimized with the Yoast SEO plugin v26.5 - https:\/\/yoast.com\/wordpress\/plugins\/seo\/ -->\n<title>ASICS x Up There GEL-KAYANO 12.1 &#039;Natsukashii Pt 2&#039;  - Loftrunway<\/title>\n<meta name=\"robots\" content=\"index, follow, max-snippet:-1, max-image-preview:large, max-video-preview:-1\" \/>\n<link rel=\"canonical\" href=\"https:\/\/loftrunway.com\/de\/products\/asics-x-up-there-gel-kayano-121-natsukashii-pt-2\/\" \/>\n<meta property=\"og:locale\" content=\"de_DE\" \/>\n<meta property=\"og:type\" content=\"article\" \/>\n<meta property=\"og:title\" content=\"ASICS x Up There GEL-KAYANO 12.1 &#039;Natsukashii Pt 2&#039;  - Loftrunway\" \/>\n<meta property=\"og:description\" content=\"ASICS GEL-KAYANO 12.1 \u201d\u201d Glacier Grey\/Pure Silver\" \/>\n<meta property=\"og:url\" content=\"https:\/\/loftrunway.com\/de\/products\/asics-x-up-there-gel-kayano-121-natsukashii-pt-2\/\" \/>\n<meta property=\"og:site_name\" content=\"loftRUN Sneaker Store\" \/>\n<meta property=\"article:modified_time\" content=\"2026-04-02T07:58:06+00:00\" \/>\n<meta name=\"twitter:card\" content=\"summary_large_image\" \/>\n<meta name=\"twitter:image\" content=\"https:\/\/images.novelship.com\/product\/asics_x_up_there_gel-kayano_12_1__natsukashii_pt_2_0_10672.jpeg\" \/>\n<meta name=\"twitter:label1\" content=\"Gesch\u00e4tzte Lesezeit\" \/>\n\t<meta name=\"twitter:data1\" content=\"1\u00a0Minute\" \/>\n<script type=\"application\/ld+json\" class=\"yoast-schema-graph\">{\"@context\":\"https:\/\/schema.org\",\"@graph\":[{\"@type\":\"WebPage\",\"@id\":\"https:\/\/loftrunway.com\/de\/products\/asics-x-up-there-gel-kayano-121-natsukashii-pt-2\/\",\"url\":\"https:\/\/loftrunway.com\/de\/products\/asics-x-up-there-gel-kayano-121-natsukashii-pt-2\/\",\"name\":\"ASICS x Up There GEL-KAYANO 12.1 'Natsukashii Pt 2' - Loftrunway\",\"isPartOf\":{\"@id\":\"https:\/\/loftrunway.com\/de\/#website\"},\"primaryImageOfPage\":{\"@id\":\"https:\/\/loftrunway.com\/de\/products\/asics-x-up-there-gel-kayano-121-natsukashii-pt-2\/#primaryimage\"},\"image\":{\"@id\":\"https:\/\/loftrunway.com\/de\/products\/asics-x-up-there-gel-kayano-121-natsukashii-pt-2\/#primaryimage\"},\"thumbnailUrl\":\"https:\/\/images.novelship.com\/product\/asics_x_up_there_gel-kayano_12_1__natsukashii_pt_2_0_10672.jpeg\",\"datePublished\":\"2026-03-02T08:51:11+00:00\",\"dateModified\":\"2026-04-02T07:58:06+00:00\",\"breadcrumb\":{\"@id\":\"https:\/\/loftrunway.com\/de\/products\/asics-x-up-there-gel-kayano-121-natsukashii-pt-2\/#breadcrumb\"},\"inLanguage\":\"de\",\"potentialAction\":[{\"@type\":\"ReadAction\",\"target\":[\"https:\/\/loftrunway.com\/de\/products\/asics-x-up-there-gel-kayano-121-natsukashii-pt-2\/\"]}]},{\"@type\":\"ImageObject\",\"inLanguage\":\"de\",\"@id\":\"https:\/\/loftrunway.com\/de\/products\/asics-x-up-there-gel-kayano-121-natsukashii-pt-2\/#primaryimage\",\"url\":\"https:\/\/images.novelship.com\/product\/asics_x_up_there_gel-kayano_12_1__natsukashii_pt_2_0_10672.jpeg\",\"contentUrl\":\"https:\/\/images.novelship.com\/product\/asics_x_up_there_gel-kayano_12_1__natsukashii_pt_2_0_10672.jpeg\"},{\"@type\":\"BreadcrumbList\",\"@id\":\"https:\/\/loftrunway.com\/de\/products\/asics-x-up-there-gel-kayano-121-natsukashii-pt-2\/#breadcrumb\",\"itemListElement\":[{\"@type\":\"ListItem\",\"position\":1,\"name\":\"Home\",\"item\":\"https:\/\/loftrunway.com\/de\/\"},{\"@type\":\"ListItem\",\"position\":2,\"name\":\"Shop\",\"item\":\"https:\/\/loftrunway.com\/de\/shop\/\"},{\"@type\":\"ListItem\",\"position\":3,\"name\":\"ASICS x Up There GEL-KAYANO 12.1 &#8218;Natsukashii Pt 2&#8216;\"}]},{\"@type\":\"WebSite\",\"@id\":\"https:\/\/loftrunway.com\/de\/#website\",\"url\":\"https:\/\/loftrunway.com\/de\/\",\"name\":\"Styloral Jewelry Shop\",\"description\":\"Der Ort, an dem man alle Arten von Sneakern findet\",\"publisher\":{\"@id\":\"https:\/\/loftrunway.com\/de\/#organization\"},\"potentialAction\":[{\"@type\":\"SearchAction\",\"target\":{\"@type\":\"EntryPoint\",\"urlTemplate\":\"https:\/\/loftrunway.com\/de\/?s={search_term_string}\"},\"query-input\":{\"@type\":\"PropertyValueSpecification\",\"valueRequired\":true,\"valueName\":\"search_term_string\"}}],\"inLanguage\":\"de\"},{\"@type\":\"Organization\",\"@id\":\"https:\/\/loftrunway.com\/de\/#organization\",\"name\":\"STYLORAL PTE. LTD\",\"url\":\"https:\/\/loftrunway.com\/de\/\",\"logo\":{\"@type\":\"ImageObject\",\"inLanguage\":\"de\",\"@id\":\"https:\/\/loftrunway.com\/de\/#\/schema\/logo\/image\/\",\"url\":\"https:\/\/www.loftrunway.com\/wp-content\/uploads\/2025\/12\/logo.png\",\"contentUrl\":\"https:\/\/www.loftrunway.com\/wp-content\/uploads\/2025\/12\/logo.png\",\"width\":200,\"height\":65,\"caption\":\"STYLORAL PTE. LTD\"},\"image\":{\"@id\":\"https:\/\/loftrunway.com\/de\/#\/schema\/logo\/image\/\"}}]}<\/script>\n<!-- \/ Yoast SEO plugin. -->","yoast_head_json":{"title":"ASICS x Up There GEL-KAYANO 12.1 'Natsukashii Pt 2'  - Loftrunway","robots":{"index":"index","follow":"follow","max-snippet":"max-snippet:-1","max-image-preview":"max-image-preview:large","max-video-preview":"max-video-preview:-1"},"canonical":"https:\/\/loftrunway.com\/de\/products\/asics-x-up-there-gel-kayano-121-natsukashii-pt-2\/","og_locale":"de_DE","og_type":"article","og_title":"ASICS x Up There GEL-KAYANO 12.1 'Natsukashii Pt 2'  - Loftrunway","og_description":"ASICS GEL-KAYANO 12.1 \u201d\u201d Glacier Grey\/Pure Silver","og_url":"https:\/\/loftrunway.com\/de\/products\/asics-x-up-there-gel-kayano-121-natsukashii-pt-2\/","og_site_name":"loftRUN Sneaker Store","article_modified_time":"2026-04-02T07:58:06+00:00","twitter_card":"summary_large_image","twitter_image":"https:\/\/images.novelship.com\/product\/asics_x_up_there_gel-kayano_12_1__natsukashii_pt_2_0_10672.jpeg","twitter_misc":{"Gesch\u00e4tzte Lesezeit":"1\u00a0Minute"},"schema":{"@context":"https:\/\/schema.org","@graph":[{"@type":"WebPage","@id":"https:\/\/loftrunway.com\/de\/products\/asics-x-up-there-gel-kayano-121-natsukashii-pt-2\/","url":"https:\/\/loftrunway.com\/de\/products\/asics-x-up-there-gel-kayano-121-natsukashii-pt-2\/","name":"ASICS x Up There GEL-KAYANO 12.1 'Natsukashii Pt 2' - Loftrunway","isPartOf":{"@id":"https:\/\/loftrunway.com\/de\/#website"},"primaryImageOfPage":{"@id":"https:\/\/loftrunway.com\/de\/products\/asics-x-up-there-gel-kayano-121-natsukashii-pt-2\/#primaryimage"},"image":{"@id":"https:\/\/loftrunway.com\/de\/products\/asics-x-up-there-gel-kayano-121-natsukashii-pt-2\/#primaryimage"},"thumbnailUrl":"https:\/\/images.novelship.com\/product\/asics_x_up_there_gel-kayano_12_1__natsukashii_pt_2_0_10672.jpeg","datePublished":"2026-03-02T08:51:11+00:00","dateModified":"2026-04-02T07:58:06+00:00","breadcrumb":{"@id":"https:\/\/loftrunway.com\/de\/products\/asics-x-up-there-gel-kayano-121-natsukashii-pt-2\/#breadcrumb"},"inLanguage":"de","potentialAction":[{"@type":"ReadAction","target":["https:\/\/loftrunway.com\/de\/products\/asics-x-up-there-gel-kayano-121-natsukashii-pt-2\/"]}]},{"@type":"ImageObject","inLanguage":"de","@id":"https:\/\/loftrunway.com\/de\/products\/asics-x-up-there-gel-kayano-121-natsukashii-pt-2\/#primaryimage","url":"https:\/\/images.novelship.com\/product\/asics_x_up_there_gel-kayano_12_1__natsukashii_pt_2_0_10672.jpeg","contentUrl":"https:\/\/images.novelship.com\/product\/asics_x_up_there_gel-kayano_12_1__natsukashii_pt_2_0_10672.jpeg"},{"@type":"BreadcrumbList","@id":"https:\/\/loftrunway.com\/de\/products\/asics-x-up-there-gel-kayano-121-natsukashii-pt-2\/#breadcrumb","itemListElement":[{"@type":"ListItem","position":1,"name":"Home","item":"https:\/\/loftrunway.com\/de\/"},{"@type":"ListItem","position":2,"name":"Shop","item":"https:\/\/loftrunway.com\/de\/shop\/"},{"@type":"ListItem","position":3,"name":"ASICS x Up There GEL-KAYANO 12.1 &#8218;Natsukashii Pt 2&#8216;"}]},{"@type":"WebSite","@id":"https:\/\/loftrunway.com\/de\/#website","url":"https:\/\/loftrunway.com\/de\/","name":"Styloral Jewelry Shop","description":"Der Ort, an dem man alle Arten von Sneakern findet","publisher":{"@id":"https:\/\/loftrunway.com\/de\/#organization"},"potentialAction":[{"@type":"SearchAction","target":{"@type":"EntryPoint","urlTemplate":"https:\/\/loftrunway.com\/de\/?s={search_term_string}"},"query-input":{"@type":"PropertyValueSpecification","valueRequired":true,"valueName":"search_term_string"}}],"inLanguage":"de"},{"@type":"Organization","@id":"https:\/\/loftrunway.com\/de\/#organization","name":"STYLORAL PTE. LTD","url":"https:\/\/loftrunway.com\/de\/","logo":{"@type":"ImageObject","inLanguage":"de","@id":"https:\/\/loftrunway.com\/de\/#\/schema\/logo\/image\/","url":"https:\/\/www.loftrunway.com\/wp-content\/uploads\/2025\/12\/logo.png","contentUrl":"https:\/\/www.loftrunway.com\/wp-content\/uploads\/2025\/12\/logo.png","width":200,"height":65,"caption":"STYLORAL PTE. LTD"},"image":{"@id":"https:\/\/loftrunway.com\/de\/#\/schema\/logo\/image\/"}}]}},"_links":{"self":[{"href":"https:\/\/loftrunway.com\/de\/wp-json\/wp\/v2\/product\/150393","targetHints":{"allow":["GET"]}}],"collection":[{"href":"https:\/\/loftrunway.com\/de\/wp-json\/wp\/v2\/product"}],"about":[{"href":"https:\/\/loftrunway.com\/de\/wp-json\/wp\/v2\/types\/product"}],"replies":[{"embeddable":true,"href":"https:\/\/loftrunway.com\/de\/wp-json\/wp\/v2\/comments?post=150393"}],"wp:featuredmedia":[{"embeddable":true,"href":"https:\/\/loftrunway.com\/de\/wp-json\/wp\/v2\/media\/150394"}],"wp:attachment":[{"href":"https:\/\/loftrunway.com\/de\/wp-json\/wp\/v2\/media?parent=150393"}],"wp:term":[{"taxonomy":"product_brand","embeddable":true,"href":"https:\/\/loftrunway.com\/de\/wp-json\/wp\/v2\/product_brand?post=150393"},{"taxonomy":"product_cat","embeddable":true,"href":"https:\/\/loftrunway.com\/de\/wp-json\/wp\/v2\/product_cat?post=150393"},{"taxonomy":"product_tag","embeddable":true,"href":"https:\/\/loftrunway.com\/de\/wp-json\/wp\/v2\/product_tag?post=150393"}],"curies":[{"name":"wp","href":"https:\/\/api.w.org\/{rel}","templated":true}]}}