{"id":15058,"date":"2026-02-20T14:59:27","date_gmt":"2026-02-20T07:59:27","guid":{"rendered":"http:\/\/loftrunway.com\/product\/nike-p-6000-year-of-the-horse-iq1120-311"},"modified":"2026-04-03T19:28:12","modified_gmt":"2026-04-03T12:28:12","slug":"nike-p-6000-year-of-the-horse-iq1120-311","status":"publish","type":"product","link":"https:\/\/loftrunway.com\/de\/products\/nike-p-6000-year-of-the-horse-iq1120-311\/","title":{"rendered":"Nike P-6000 &#8218;Year of the Horse&#8216;"},"content":{"rendered":"<p>Der Nike P-6000 \u201eYear of the Horse\u201c IQ1120-311 vereint Style und Performance perfekt und ist ein ausdrucksstarker Sneaker, der die Energie und den Geist des chinesischen Tierkreiszeichens Jahr des Pferdes zelebriert. Das elegante Obermaterial aus Mesh und Synthetikleder besticht durch eine dynamische und strukturierte Optik und bietet gleichzeitig optimale Atmungsaktivit\u00e4t und Strapazierf\u00e4higkeit. Die lebendige Farbpalette, inspiriert von traditionellen Motiven, kombiniert Erdt\u00f6ne mit markanten Akzenten zu einem unverwechselbaren Look, der modern und kulturell zugleich ist. Dank Nikes bew\u00e4hrter D\u00e4mpfungstechnologie garantieren diese Schuhe ganzt\u00e4gigen Tragekomfort und sind somit perfekt f\u00fcr Stadterkundungen, Freizeitaktivit\u00e4ten oder leichte sportliche Bet\u00e4tigung. Die raffinierten Details und die hochwertige Verarbeitung unterstreichen das Engagement f\u00fcr Qualit\u00e4t und Style und machen diesen Schuh zu einer vielseitigen Erg\u00e4nzung f\u00fcr jede Sneaker-Sammlung. Ob beim Einkaufen oder beim Stylen \u2013 der Nike P-6000 \u201eYear of the Horse\u201c vereint Tradition und Innovation perfekt und wertet deinen Alltagslook auf.<\/p>\n<ul>\n<li><strong>Farbgebung:<\/strong> Spruce Fog\/Sail-Sail-Phantom-Twine-Neutral Olive<\/li>\n<li><strong>Style-Code:<\/strong> IQ1120-311<\/li>\n<li><strong>Obermaterial:<\/strong> Textil<\/li>\n<li><strong>Farbe:<\/strong> Beige<\/li>\n<li><strong>Saison:<\/strong> Winter<\/li>\n<li><strong>Erscheinungsjahr:<\/strong> 2026<\/li>\n<\/ul>\n","protected":false},"excerpt":{"rendered":"<p>Nike P-6000 \u2014 Spruce Fog\/Sail-Sail-Phantom-Twine-Neutral Olive<\/p>\n","protected":false},"featured_media":15059,"comment_status":"open","ping_status":"closed","template":"","meta":[],"product_brand":[],"product_cat":[6654],"product_tag":[],"class_list":{"0":"post-15058","1":"product","2":"type-product","3":"status-publish","4":"has-post-thumbnail","6":"product_cat-nike-2026","7":"wcpa_has_options","9":"first","10":"instock","11":"taxable","12":"shipping-taxable","13":"purchasable","14":"product-type-simple"},"wcpa_form_fields":{"rules":{"pric_overide_base_price":false,"pric_overide_base_price_if_gt_zero":false,"pric_overide_base_price_fully":false,"pric_cal_option_once":false,"pric_use_as_fee":false,"bind_quantity":false,"quantity_bind_formula":false},"fields":[{"type":"color-group","required":true,"elementId":"wcpa-color-group-66c4a75505e74","label":"Gr\u00f6\u00dfe - EU Gr\u00f6\u00dfe","inline":true,"priceOptions":"different_for_all","pricingType":"fixed","className":"hassizechart product-shoes-size-eu product-shoes-size","name":"color-group-66c4a75505e89","disp_type":"square","selection_type":"tick-border","disp_size":"44","show_label_inside":true,"adjust_width":true,"cart_display_type":"text","other_text":"Other","cl_rule":"show","col":6,"values":[{"label":"35.5","value":"EU 35.5","price":"","pimage":"","pimage_id":"","pthumb":"","color":""},{"label":"36","value":"EU 36","price":"","pimage":"","pimage_id":"","pthumb":"","color":"","selected":true},{"label":"36.5","value":"EU 36.5","price":"","pimage":"","pimage_id":"","pthumb":"","color":""},{"label":"37.5","value":"EU 37.5","price":"","pimage":"","pimage_id":"","pthumb":"","color":""},{"label":"38","value":"EU 38","price":"","pimage":"","pimage_id":"","pthumb":"","color":""},{"label":"38.5","value":"EU 38.5","price":"","pimage":"","pimage_id":"","pthumb":"","color":""},{"label":"39","value":"EU 39","price":"","pimage":"","pimage_id":"","pthumb":"","color":""},{"label":"40","value":"EU 40","price":"","pimage":"","pimage_id":"","pthumb":"","color":""},{"label":"40.5","value":"EU 40.5","price":"","pimage":"","pimage_id":"","pthumb":"","color":""},{"label":"41","value":"EU 41","price":"","pimage":"","pimage_id":"","pthumb":"","color":""},{"label":"42","value":"EU 42","price":"","pimage":"","pimage_id":"","pthumb":"","color":""},{"label":"42.5","value":"EU 42.5","price":"","pimage":"","pimage_id":"","pthumb":"","color":""},{"label":"43","value":"EU 43","price":"","pimage":"","pimage_id":"","pthumb":"","color":""},{"label":"44","value":"EU 44","price":"","pimage":"","pimage_id":"","pthumb":"","color":""},{"label":"44.5","value":"EU 44.5","price":"","pimage":"","pimage_id":"","pthumb":"","color":""},{"label":"45","value":"EU 45","price":"","pimage":"","pimage_id":"","pthumb":"","color":""},{"label":"45.5","value":"EU 45.5","price":"","pimage":"","pimage_id":"","pthumb":"","color":""},{"label":"46","value":"EU 46","price":"","pimage":"","pimage_id":"","pthumb":"","color":""},{"label":"47","value":"EU 47","price":"","pimage":"","pimage_id":"","pthumb":"","color":""},{"label":"47.5","value":"EU 47.5","price":"","pimage":"","pimage_id":"","pthumb":"","color":""},{"label":"48","value":"EU 48","price":"","pimage":"","pimage_id":"","pthumb":"","color":""}],"relations":[{"operator":false,"rules":[]}],"form_id":18106,"form_rules":{"pric_cal_option_once":false,"exclude_from_discount":false,"pric_use_as_fee":false,"fee_label":"Fee","render_after_acb":false,"disp_hide_options_price":false}}]},"yoast_head":"<!-- This site is optimized with the Yoast SEO plugin v26.5 - https:\/\/yoast.com\/wordpress\/plugins\/seo\/ -->\n<title>Nike P-6000 &#039;Year of the Horse&#039; - Loftrunway<\/title>\n<meta name=\"robots\" content=\"index, follow, max-snippet:-1, max-image-preview:large, max-video-preview:-1\" \/>\n<link rel=\"canonical\" href=\"https:\/\/loftrunway.com\/de\/products\/nike-p-6000-year-of-the-horse-iq1120-311\/\" \/>\n<meta property=\"og:locale\" content=\"de_DE\" \/>\n<meta property=\"og:type\" content=\"article\" \/>\n<meta property=\"og:title\" content=\"Nike P-6000 &#039;Year of the Horse&#039; - Loftrunway\" \/>\n<meta property=\"og:description\" content=\"Nike P-6000 \u2014 Spruce Fog\/Sail-Sail-Phantom-Twine-Neutral Olive\" \/>\n<meta property=\"og:url\" content=\"https:\/\/loftrunway.com\/de\/products\/nike-p-6000-year-of-the-horse-iq1120-311\/\" \/>\n<meta property=\"og:site_name\" content=\"loftRUN Sneaker Store\" \/>\n<meta property=\"article:modified_time\" content=\"2026-04-03T12:28:12+00:00\" \/>\n<meta name=\"twitter:card\" content=\"summary_large_image\" \/>\n<meta name=\"twitter:image\" content=\"https:\/\/images.novelship.com\/product\/nike_p-6000__year_of_the_horse__iq1120-311_0_51101.jpeg\" \/>\n<meta name=\"twitter:label1\" content=\"Gesch\u00e4tzte Lesezeit\" \/>\n\t<meta name=\"twitter:data1\" content=\"1\u00a0Minute\" \/>\n<script type=\"application\/ld+json\" class=\"yoast-schema-graph\">{\"@context\":\"https:\/\/schema.org\",\"@graph\":[{\"@type\":\"WebPage\",\"@id\":\"https:\/\/loftrunway.com\/de\/products\/nike-p-6000-year-of-the-horse-iq1120-311\/\",\"url\":\"https:\/\/loftrunway.com\/de\/products\/nike-p-6000-year-of-the-horse-iq1120-311\/\",\"name\":\"Nike P-6000 'Year of the Horse' - Loftrunway\",\"isPartOf\":{\"@id\":\"https:\/\/loftrunway.com\/de\/#website\"},\"primaryImageOfPage\":{\"@id\":\"https:\/\/loftrunway.com\/de\/products\/nike-p-6000-year-of-the-horse-iq1120-311\/#primaryimage\"},\"image\":{\"@id\":\"https:\/\/loftrunway.com\/de\/products\/nike-p-6000-year-of-the-horse-iq1120-311\/#primaryimage\"},\"thumbnailUrl\":\"https:\/\/images.novelship.com\/product\/nike_p-6000__year_of_the_horse__iq1120-311_0_51101.jpeg\",\"datePublished\":\"2026-02-20T07:59:27+00:00\",\"dateModified\":\"2026-04-03T12:28:12+00:00\",\"breadcrumb\":{\"@id\":\"https:\/\/loftrunway.com\/de\/products\/nike-p-6000-year-of-the-horse-iq1120-311\/#breadcrumb\"},\"inLanguage\":\"de\",\"potentialAction\":[{\"@type\":\"ReadAction\",\"target\":[\"https:\/\/loftrunway.com\/de\/products\/nike-p-6000-year-of-the-horse-iq1120-311\/\"]}]},{\"@type\":\"ImageObject\",\"inLanguage\":\"de\",\"@id\":\"https:\/\/loftrunway.com\/de\/products\/nike-p-6000-year-of-the-horse-iq1120-311\/#primaryimage\",\"url\":\"https:\/\/images.novelship.com\/product\/nike_p-6000__year_of_the_horse__iq1120-311_0_51101.jpeg\",\"contentUrl\":\"https:\/\/images.novelship.com\/product\/nike_p-6000__year_of_the_horse__iq1120-311_0_51101.jpeg\"},{\"@type\":\"BreadcrumbList\",\"@id\":\"https:\/\/loftrunway.com\/de\/products\/nike-p-6000-year-of-the-horse-iq1120-311\/#breadcrumb\",\"itemListElement\":[{\"@type\":\"ListItem\",\"position\":1,\"name\":\"Home\",\"item\":\"https:\/\/loftrunway.com\/de\/\"},{\"@type\":\"ListItem\",\"position\":2,\"name\":\"Shop\",\"item\":\"https:\/\/loftrunway.com\/de\/shop\/\"},{\"@type\":\"ListItem\",\"position\":3,\"name\":\"Nike P-6000 &#8218;Year of the Horse&#8216;\"}]},{\"@type\":\"WebSite\",\"@id\":\"https:\/\/loftrunway.com\/de\/#website\",\"url\":\"https:\/\/loftrunway.com\/de\/\",\"name\":\"Styloral Jewelry Shop\",\"description\":\"Der Ort, an dem man alle Arten von Sneakern findet\",\"publisher\":{\"@id\":\"https:\/\/loftrunway.com\/de\/#organization\"},\"potentialAction\":[{\"@type\":\"SearchAction\",\"target\":{\"@type\":\"EntryPoint\",\"urlTemplate\":\"https:\/\/loftrunway.com\/de\/?s={search_term_string}\"},\"query-input\":{\"@type\":\"PropertyValueSpecification\",\"valueRequired\":true,\"valueName\":\"search_term_string\"}}],\"inLanguage\":\"de\"},{\"@type\":\"Organization\",\"@id\":\"https:\/\/loftrunway.com\/de\/#organization\",\"name\":\"STYLORAL PTE. LTD\",\"url\":\"https:\/\/loftrunway.com\/de\/\",\"logo\":{\"@type\":\"ImageObject\",\"inLanguage\":\"de\",\"@id\":\"https:\/\/loftrunway.com\/de\/#\/schema\/logo\/image\/\",\"url\":\"https:\/\/www.loftrunway.com\/wp-content\/uploads\/2025\/12\/logo.png\",\"contentUrl\":\"https:\/\/www.loftrunway.com\/wp-content\/uploads\/2025\/12\/logo.png\",\"width\":200,\"height\":65,\"caption\":\"STYLORAL PTE. LTD\"},\"image\":{\"@id\":\"https:\/\/loftrunway.com\/de\/#\/schema\/logo\/image\/\"}}]}<\/script>\n<!-- \/ Yoast SEO plugin. -->","yoast_head_json":{"title":"Nike P-6000 'Year of the Horse' - Loftrunway","robots":{"index":"index","follow":"follow","max-snippet":"max-snippet:-1","max-image-preview":"max-image-preview:large","max-video-preview":"max-video-preview:-1"},"canonical":"https:\/\/loftrunway.com\/de\/products\/nike-p-6000-year-of-the-horse-iq1120-311\/","og_locale":"de_DE","og_type":"article","og_title":"Nike P-6000 'Year of the Horse' - Loftrunway","og_description":"Nike P-6000 \u2014 Spruce Fog\/Sail-Sail-Phantom-Twine-Neutral Olive","og_url":"https:\/\/loftrunway.com\/de\/products\/nike-p-6000-year-of-the-horse-iq1120-311\/","og_site_name":"loftRUN Sneaker Store","article_modified_time":"2026-04-03T12:28:12+00:00","twitter_card":"summary_large_image","twitter_image":"https:\/\/images.novelship.com\/product\/nike_p-6000__year_of_the_horse__iq1120-311_0_51101.jpeg","twitter_misc":{"Gesch\u00e4tzte Lesezeit":"1\u00a0Minute"},"schema":{"@context":"https:\/\/schema.org","@graph":[{"@type":"WebPage","@id":"https:\/\/loftrunway.com\/de\/products\/nike-p-6000-year-of-the-horse-iq1120-311\/","url":"https:\/\/loftrunway.com\/de\/products\/nike-p-6000-year-of-the-horse-iq1120-311\/","name":"Nike P-6000 'Year of the Horse' - Loftrunway","isPartOf":{"@id":"https:\/\/loftrunway.com\/de\/#website"},"primaryImageOfPage":{"@id":"https:\/\/loftrunway.com\/de\/products\/nike-p-6000-year-of-the-horse-iq1120-311\/#primaryimage"},"image":{"@id":"https:\/\/loftrunway.com\/de\/products\/nike-p-6000-year-of-the-horse-iq1120-311\/#primaryimage"},"thumbnailUrl":"https:\/\/images.novelship.com\/product\/nike_p-6000__year_of_the_horse__iq1120-311_0_51101.jpeg","datePublished":"2026-02-20T07:59:27+00:00","dateModified":"2026-04-03T12:28:12+00:00","breadcrumb":{"@id":"https:\/\/loftrunway.com\/de\/products\/nike-p-6000-year-of-the-horse-iq1120-311\/#breadcrumb"},"inLanguage":"de","potentialAction":[{"@type":"ReadAction","target":["https:\/\/loftrunway.com\/de\/products\/nike-p-6000-year-of-the-horse-iq1120-311\/"]}]},{"@type":"ImageObject","inLanguage":"de","@id":"https:\/\/loftrunway.com\/de\/products\/nike-p-6000-year-of-the-horse-iq1120-311\/#primaryimage","url":"https:\/\/images.novelship.com\/product\/nike_p-6000__year_of_the_horse__iq1120-311_0_51101.jpeg","contentUrl":"https:\/\/images.novelship.com\/product\/nike_p-6000__year_of_the_horse__iq1120-311_0_51101.jpeg"},{"@type":"BreadcrumbList","@id":"https:\/\/loftrunway.com\/de\/products\/nike-p-6000-year-of-the-horse-iq1120-311\/#breadcrumb","itemListElement":[{"@type":"ListItem","position":1,"name":"Home","item":"https:\/\/loftrunway.com\/de\/"},{"@type":"ListItem","position":2,"name":"Shop","item":"https:\/\/loftrunway.com\/de\/shop\/"},{"@type":"ListItem","position":3,"name":"Nike P-6000 &#8218;Year of the Horse&#8216;"}]},{"@type":"WebSite","@id":"https:\/\/loftrunway.com\/de\/#website","url":"https:\/\/loftrunway.com\/de\/","name":"Styloral Jewelry Shop","description":"Der Ort, an dem man alle Arten von Sneakern findet","publisher":{"@id":"https:\/\/loftrunway.com\/de\/#organization"},"potentialAction":[{"@type":"SearchAction","target":{"@type":"EntryPoint","urlTemplate":"https:\/\/loftrunway.com\/de\/?s={search_term_string}"},"query-input":{"@type":"PropertyValueSpecification","valueRequired":true,"valueName":"search_term_string"}}],"inLanguage":"de"},{"@type":"Organization","@id":"https:\/\/loftrunway.com\/de\/#organization","name":"STYLORAL PTE. LTD","url":"https:\/\/loftrunway.com\/de\/","logo":{"@type":"ImageObject","inLanguage":"de","@id":"https:\/\/loftrunway.com\/de\/#\/schema\/logo\/image\/","url":"https:\/\/www.loftrunway.com\/wp-content\/uploads\/2025\/12\/logo.png","contentUrl":"https:\/\/www.loftrunway.com\/wp-content\/uploads\/2025\/12\/logo.png","width":200,"height":65,"caption":"STYLORAL PTE. LTD"},"image":{"@id":"https:\/\/loftrunway.com\/de\/#\/schema\/logo\/image\/"}}]}},"_links":{"self":[{"href":"https:\/\/loftrunway.com\/de\/wp-json\/wp\/v2\/product\/15058","targetHints":{"allow":["GET"]}}],"collection":[{"href":"https:\/\/loftrunway.com\/de\/wp-json\/wp\/v2\/product"}],"about":[{"href":"https:\/\/loftrunway.com\/de\/wp-json\/wp\/v2\/types\/product"}],"replies":[{"embeddable":true,"href":"https:\/\/loftrunway.com\/de\/wp-json\/wp\/v2\/comments?post=15058"}],"wp:featuredmedia":[{"embeddable":true,"href":"https:\/\/loftrunway.com\/de\/wp-json\/wp\/v2\/media\/15059"}],"wp:attachment":[{"href":"https:\/\/loftrunway.com\/de\/wp-json\/wp\/v2\/media?parent=15058"}],"wp:term":[{"taxonomy":"product_brand","embeddable":true,"href":"https:\/\/loftrunway.com\/de\/wp-json\/wp\/v2\/product_brand?post=15058"},{"taxonomy":"product_cat","embeddable":true,"href":"https:\/\/loftrunway.com\/de\/wp-json\/wp\/v2\/product_cat?post=15058"},{"taxonomy":"product_tag","embeddable":true,"href":"https:\/\/loftrunway.com\/de\/wp-json\/wp\/v2\/product_tag?post=15058"}],"curies":[{"name":"wp","href":"https:\/\/api.w.org\/{rel}","templated":true}]}}