{"id":151096,"date":"2026-03-02T15:52:11","date_gmt":"2026-03-02T08:52:11","guid":{"rendered":"http:\/\/loftrunway.com\/product\/women-asics-gel-nimbus-9-white-bamboo"},"modified":"2026-04-02T14:58:31","modified_gmt":"2026-04-02T07:58:31","slug":"women-asics-gel-nimbus-9-white-bamboo","status":"publish","type":"product","link":"https:\/\/loftrunway.com\/de\/products\/women-asics-gel-nimbus-9-white-bamboo\/","title":{"rendered":"(Women) ASICS Gel Nimbus 9 &#8218;White Bamboo&#8216;"},"content":{"rendered":"<p>Erleben Sie h\u00f6chsten Komfort und optimale Performance mit den ASICS Gel Nimbus 9 Laufschuhen in \u201eWhite Bamboo\u201c. Dank der weichen FlyteFoam-Mittelsohle und des GEL-D\u00e4mpfungssystems im R\u00fcckfu\u00dfbereich bieten sie au\u00dfergew\u00f6hnliche Sto\u00dfd\u00e4mpfung und ein geschmeidiges, reaktionsfreudiges Laufgef\u00fchl. Das atmungsaktive Mesh-Obermaterial sorgt f\u00fcr optimale Bel\u00fcftung, w\u00e4hrend reflektierende Details die Sichtbarkeit bei schlechten Lichtverh\u00e4ltnissen verbessern. Diese Schuhe sind ideal f\u00fcr L\u00e4ufer mit neutraler Pronation, die ein komfortables und st\u00fctzendes Lauferlebnis suchen \u201d\u201c ein Must-have f\u00fcr jeden ambitionierten L\u00e4ufer.<\/p>\n<p>Farbe: Wei\u00df\/Bambus<br \/>\nArtikelnummer: 1202A278-109<br \/>\nMittelsohle: Gel<br \/>\nFarbe: Wei\u00df<br \/>\nErscheinungsjahr: 2024<\/p>\n","protected":false},"excerpt":{"rendered":"<p>ASICS Gel Nimbus 9 \u201d\u201d White\/Bamboo<\/p>\n","protected":false},"featured_media":151097,"comment_status":"open","ping_status":"closed","template":"","meta":[],"product_brand":[],"product_cat":[11020,41273],"product_tag":[10791,10750,10926,10754,10765,10768,10840],"class_list":{"0":"post-151096","1":"product","2":"type-product","3":"status-publish","4":"has-post-thumbnail","6":"product_cat-asics-women","7":"product_cat-remove","8":"product_tag-asics","9":"product_tag-athleisure-shoes","10":"product_tag-gift-for-her","11":"product_tag-lifestyle-casual-shoes","12":"product_tag-lifestyle-shoes-running-inspired","13":"product_tag-retro-running-shoes","14":"product_tag-running-shoes","15":"wcpa_has_options","17":"first","18":"instock","19":"taxable","20":"shipping-taxable","21":"purchasable","22":"product-type-simple"},"wcpa_form_fields":{"rules":{"pric_overide_base_price":false,"pric_overide_base_price_if_gt_zero":false,"pric_overide_base_price_fully":false,"pric_cal_option_once":false,"pric_use_as_fee":false,"bind_quantity":false,"quantity_bind_formula":false},"fields":[{"type":"color-group","required":true,"elementId":"wcpa-color-group-69a5ac3f3e644","label":"Gr\u00f6\u00dfe","inline":true,"priceOptions":"different_for_all","pricingType":"fixed","className":"hassizechart product-shoes-size-eu product-shoes-size","name":"color-group-69a5ac3f3e64e","disp_type":"square","selection_type":"tick-border","disp_size":"50","show_label_inside":true,"adjust_width":true,"cart_display_type":"text","other_text":"Other","cl_rule":"show","col":6,"values":[{"label":"34.5","value":"EU 34.5","price":"","pimage":"","pimage_id":"","pthumb":"","color":""},{"label":"35","value":"EU 35","price":"","pimage":"","pimage_id":"","pthumb":"","color":""},{"label":"35.5","value":"EU 35.5","price":"","pimage":"","pimage_id":"","pthumb":"","color":""},{"label":"36","value":"EU 36","price":"","pimage":"","pimage_id":"","pthumb":"","color":"","selected":true},{"label":"37","value":"EU 37","price":"","pimage":"","pimage_id":"","pthumb":"","color":""},{"label":"37.5","value":"EU 37.5","price":"","pimage":"","pimage_id":"","pthumb":"","color":""},{"label":"38","value":"EU 38","price":"","pimage":"","pimage_id":"","pthumb":"","color":""},{"label":"38.5","value":"EU 38.5","price":"","pimage":"","pimage_id":"","pthumb":"","color":""},{"label":"39","value":"EU 39","price":"","pimage":"","pimage_id":"","pthumb":"","color":""},{"label":"39.5","value":"EU 39.5","price":"","pimage":"","pimage_id":"","pthumb":"","color":""},{"label":"40","value":"EU 40","price":"","pimage":"","pimage_id":"","pthumb":"","color":""},{"label":"40.5","value":"EU 40.5","price":"","pimage":"","pimage_id":"","pthumb":"","color":""},{"label":" 41.5","value":"EU 41.5","price":"","pimage":"","pimage_id":"","pthumb":"","color":""},{"label":"42","value":"EU 42","price":"","pimage":"","pimage_id":"","pthumb":"","color":""},{"label":"42.5","value":"EU 42.5","price":"","pimage":"","pimage_id":"","pthumb":"","color":""},{"label":"43.5","value":"EU 43.5","price":"","pimage":"","pimage_id":"","pthumb":"","color":""},{"label":"44","value":"EU 44","price":"","pimage":"","pimage_id":"","pthumb":"","color":""},{"label":"44.5","value":"EU 44.5","price":"","pimage":"","pimage_id":"","pthumb":"","color":""},{"label":"45","value":"EU 45","price":"","pimage":"","pimage_id":"","pthumb":"","color":""}],"relations":[{"operator":false,"rules":[]}],"form_id":184312,"form_rules":{"pric_cal_option_once":false,"exclude_from_discount":false,"pric_use_as_fee":false,"fee_label":"Fee","render_after_acb":false,"disp_hide_options_price":false}}]},"yoast_head":"<!-- This site is optimized with the Yoast SEO plugin v26.5 - https:\/\/yoast.com\/wordpress\/plugins\/seo\/ -->\n<title>(Women) ASICS Gel Nimbus 9 &#039;White Bamboo&#039;  - Loftrunway<\/title>\n<meta name=\"robots\" content=\"index, follow, max-snippet:-1, max-image-preview:large, max-video-preview:-1\" \/>\n<link rel=\"canonical\" href=\"https:\/\/loftrunway.com\/de\/products\/women-asics-gel-nimbus-9-white-bamboo\/\" \/>\n<meta property=\"og:locale\" content=\"de_DE\" \/>\n<meta property=\"og:type\" content=\"article\" \/>\n<meta property=\"og:title\" content=\"(Women) ASICS Gel Nimbus 9 &#039;White Bamboo&#039;  - Loftrunway\" \/>\n<meta property=\"og:description\" content=\"ASICS Gel Nimbus 9 \u201d\u201d White\/Bamboo\" \/>\n<meta property=\"og:url\" content=\"https:\/\/loftrunway.com\/de\/products\/women-asics-gel-nimbus-9-white-bamboo\/\" \/>\n<meta property=\"og:site_name\" content=\"loftRUN Sneaker Store\" \/>\n<meta property=\"article:modified_time\" content=\"2026-04-02T07:58:31+00:00\" \/>\n<meta name=\"twitter:card\" content=\"summary_large_image\" \/>\n<meta name=\"twitter:image\" content=\"https:\/\/images.novelship.com\/product\/_women__asics_gel_nimbus_9__white_bamboo__1202a278_0_93579.jpeg\" \/>\n<meta name=\"twitter:label1\" content=\"Gesch\u00e4tzte Lesezeit\" \/>\n\t<meta name=\"twitter:data1\" content=\"1\u00a0Minute\" \/>\n<script type=\"application\/ld+json\" class=\"yoast-schema-graph\">{\"@context\":\"https:\/\/schema.org\",\"@graph\":[{\"@type\":\"WebPage\",\"@id\":\"https:\/\/loftrunway.com\/de\/products\/women-asics-gel-nimbus-9-white-bamboo\/\",\"url\":\"https:\/\/loftrunway.com\/de\/products\/women-asics-gel-nimbus-9-white-bamboo\/\",\"name\":\"(Women) ASICS Gel Nimbus 9 'White Bamboo' - Loftrunway\",\"isPartOf\":{\"@id\":\"https:\/\/loftrunway.com\/de\/#website\"},\"primaryImageOfPage\":{\"@id\":\"https:\/\/loftrunway.com\/de\/products\/women-asics-gel-nimbus-9-white-bamboo\/#primaryimage\"},\"image\":{\"@id\":\"https:\/\/loftrunway.com\/de\/products\/women-asics-gel-nimbus-9-white-bamboo\/#primaryimage\"},\"thumbnailUrl\":\"https:\/\/images.novelship.com\/product\/_women__asics_gel_nimbus_9__white_bamboo__1202a278_0_93579.jpeg\",\"datePublished\":\"2026-03-02T08:52:11+00:00\",\"dateModified\":\"2026-04-02T07:58:31+00:00\",\"breadcrumb\":{\"@id\":\"https:\/\/loftrunway.com\/de\/products\/women-asics-gel-nimbus-9-white-bamboo\/#breadcrumb\"},\"inLanguage\":\"de\",\"potentialAction\":[{\"@type\":\"ReadAction\",\"target\":[\"https:\/\/loftrunway.com\/de\/products\/women-asics-gel-nimbus-9-white-bamboo\/\"]}]},{\"@type\":\"ImageObject\",\"inLanguage\":\"de\",\"@id\":\"https:\/\/loftrunway.com\/de\/products\/women-asics-gel-nimbus-9-white-bamboo\/#primaryimage\",\"url\":\"https:\/\/images.novelship.com\/product\/_women__asics_gel_nimbus_9__white_bamboo__1202a278_0_93579.jpeg\",\"contentUrl\":\"https:\/\/images.novelship.com\/product\/_women__asics_gel_nimbus_9__white_bamboo__1202a278_0_93579.jpeg\"},{\"@type\":\"BreadcrumbList\",\"@id\":\"https:\/\/loftrunway.com\/de\/products\/women-asics-gel-nimbus-9-white-bamboo\/#breadcrumb\",\"itemListElement\":[{\"@type\":\"ListItem\",\"position\":1,\"name\":\"Home\",\"item\":\"https:\/\/loftrunway.com\/de\/\"},{\"@type\":\"ListItem\",\"position\":2,\"name\":\"Shop\",\"item\":\"https:\/\/loftrunway.com\/de\/shop\/\"},{\"@type\":\"ListItem\",\"position\":3,\"name\":\"(Women) ASICS Gel Nimbus 9 &#8218;White Bamboo&#8216;\"}]},{\"@type\":\"WebSite\",\"@id\":\"https:\/\/loftrunway.com\/de\/#website\",\"url\":\"https:\/\/loftrunway.com\/de\/\",\"name\":\"Styloral Jewelry Shop\",\"description\":\"Der Ort, an dem man alle Arten von Sneakern findet\",\"publisher\":{\"@id\":\"https:\/\/loftrunway.com\/de\/#organization\"},\"potentialAction\":[{\"@type\":\"SearchAction\",\"target\":{\"@type\":\"EntryPoint\",\"urlTemplate\":\"https:\/\/loftrunway.com\/de\/?s={search_term_string}\"},\"query-input\":{\"@type\":\"PropertyValueSpecification\",\"valueRequired\":true,\"valueName\":\"search_term_string\"}}],\"inLanguage\":\"de\"},{\"@type\":\"Organization\",\"@id\":\"https:\/\/loftrunway.com\/de\/#organization\",\"name\":\"STYLORAL PTE. LTD\",\"url\":\"https:\/\/loftrunway.com\/de\/\",\"logo\":{\"@type\":\"ImageObject\",\"inLanguage\":\"de\",\"@id\":\"https:\/\/loftrunway.com\/de\/#\/schema\/logo\/image\/\",\"url\":\"https:\/\/www.loftrunway.com\/wp-content\/uploads\/2025\/12\/logo.png\",\"contentUrl\":\"https:\/\/www.loftrunway.com\/wp-content\/uploads\/2025\/12\/logo.png\",\"width\":200,\"height\":65,\"caption\":\"STYLORAL PTE. LTD\"},\"image\":{\"@id\":\"https:\/\/loftrunway.com\/de\/#\/schema\/logo\/image\/\"}}]}<\/script>\n<!-- \/ Yoast SEO plugin. -->","yoast_head_json":{"title":"(Women) ASICS Gel Nimbus 9 'White Bamboo'  - Loftrunway","robots":{"index":"index","follow":"follow","max-snippet":"max-snippet:-1","max-image-preview":"max-image-preview:large","max-video-preview":"max-video-preview:-1"},"canonical":"https:\/\/loftrunway.com\/de\/products\/women-asics-gel-nimbus-9-white-bamboo\/","og_locale":"de_DE","og_type":"article","og_title":"(Women) ASICS Gel Nimbus 9 'White Bamboo'  - Loftrunway","og_description":"ASICS Gel Nimbus 9 \u201d\u201d White\/Bamboo","og_url":"https:\/\/loftrunway.com\/de\/products\/women-asics-gel-nimbus-9-white-bamboo\/","og_site_name":"loftRUN Sneaker Store","article_modified_time":"2026-04-02T07:58:31+00:00","twitter_card":"summary_large_image","twitter_image":"https:\/\/images.novelship.com\/product\/_women__asics_gel_nimbus_9__white_bamboo__1202a278_0_93579.jpeg","twitter_misc":{"Gesch\u00e4tzte Lesezeit":"1\u00a0Minute"},"schema":{"@context":"https:\/\/schema.org","@graph":[{"@type":"WebPage","@id":"https:\/\/loftrunway.com\/de\/products\/women-asics-gel-nimbus-9-white-bamboo\/","url":"https:\/\/loftrunway.com\/de\/products\/women-asics-gel-nimbus-9-white-bamboo\/","name":"(Women) ASICS Gel Nimbus 9 'White Bamboo' - Loftrunway","isPartOf":{"@id":"https:\/\/loftrunway.com\/de\/#website"},"primaryImageOfPage":{"@id":"https:\/\/loftrunway.com\/de\/products\/women-asics-gel-nimbus-9-white-bamboo\/#primaryimage"},"image":{"@id":"https:\/\/loftrunway.com\/de\/products\/women-asics-gel-nimbus-9-white-bamboo\/#primaryimage"},"thumbnailUrl":"https:\/\/images.novelship.com\/product\/_women__asics_gel_nimbus_9__white_bamboo__1202a278_0_93579.jpeg","datePublished":"2026-03-02T08:52:11+00:00","dateModified":"2026-04-02T07:58:31+00:00","breadcrumb":{"@id":"https:\/\/loftrunway.com\/de\/products\/women-asics-gel-nimbus-9-white-bamboo\/#breadcrumb"},"inLanguage":"de","potentialAction":[{"@type":"ReadAction","target":["https:\/\/loftrunway.com\/de\/products\/women-asics-gel-nimbus-9-white-bamboo\/"]}]},{"@type":"ImageObject","inLanguage":"de","@id":"https:\/\/loftrunway.com\/de\/products\/women-asics-gel-nimbus-9-white-bamboo\/#primaryimage","url":"https:\/\/images.novelship.com\/product\/_women__asics_gel_nimbus_9__white_bamboo__1202a278_0_93579.jpeg","contentUrl":"https:\/\/images.novelship.com\/product\/_women__asics_gel_nimbus_9__white_bamboo__1202a278_0_93579.jpeg"},{"@type":"BreadcrumbList","@id":"https:\/\/loftrunway.com\/de\/products\/women-asics-gel-nimbus-9-white-bamboo\/#breadcrumb","itemListElement":[{"@type":"ListItem","position":1,"name":"Home","item":"https:\/\/loftrunway.com\/de\/"},{"@type":"ListItem","position":2,"name":"Shop","item":"https:\/\/loftrunway.com\/de\/shop\/"},{"@type":"ListItem","position":3,"name":"(Women) ASICS Gel Nimbus 9 &#8218;White Bamboo&#8216;"}]},{"@type":"WebSite","@id":"https:\/\/loftrunway.com\/de\/#website","url":"https:\/\/loftrunway.com\/de\/","name":"Styloral Jewelry Shop","description":"Der Ort, an dem man alle Arten von Sneakern findet","publisher":{"@id":"https:\/\/loftrunway.com\/de\/#organization"},"potentialAction":[{"@type":"SearchAction","target":{"@type":"EntryPoint","urlTemplate":"https:\/\/loftrunway.com\/de\/?s={search_term_string}"},"query-input":{"@type":"PropertyValueSpecification","valueRequired":true,"valueName":"search_term_string"}}],"inLanguage":"de"},{"@type":"Organization","@id":"https:\/\/loftrunway.com\/de\/#organization","name":"STYLORAL PTE. LTD","url":"https:\/\/loftrunway.com\/de\/","logo":{"@type":"ImageObject","inLanguage":"de","@id":"https:\/\/loftrunway.com\/de\/#\/schema\/logo\/image\/","url":"https:\/\/www.loftrunway.com\/wp-content\/uploads\/2025\/12\/logo.png","contentUrl":"https:\/\/www.loftrunway.com\/wp-content\/uploads\/2025\/12\/logo.png","width":200,"height":65,"caption":"STYLORAL PTE. LTD"},"image":{"@id":"https:\/\/loftrunway.com\/de\/#\/schema\/logo\/image\/"}}]}},"_links":{"self":[{"href":"https:\/\/loftrunway.com\/de\/wp-json\/wp\/v2\/product\/151096","targetHints":{"allow":["GET"]}}],"collection":[{"href":"https:\/\/loftrunway.com\/de\/wp-json\/wp\/v2\/product"}],"about":[{"href":"https:\/\/loftrunway.com\/de\/wp-json\/wp\/v2\/types\/product"}],"replies":[{"embeddable":true,"href":"https:\/\/loftrunway.com\/de\/wp-json\/wp\/v2\/comments?post=151096"}],"wp:featuredmedia":[{"embeddable":true,"href":"https:\/\/loftrunway.com\/de\/wp-json\/wp\/v2\/media\/151097"}],"wp:attachment":[{"href":"https:\/\/loftrunway.com\/de\/wp-json\/wp\/v2\/media?parent=151096"}],"wp:term":[{"taxonomy":"product_brand","embeddable":true,"href":"https:\/\/loftrunway.com\/de\/wp-json\/wp\/v2\/product_brand?post=151096"},{"taxonomy":"product_cat","embeddable":true,"href":"https:\/\/loftrunway.com\/de\/wp-json\/wp\/v2\/product_cat?post=151096"},{"taxonomy":"product_tag","embeddable":true,"href":"https:\/\/loftrunway.com\/de\/wp-json\/wp\/v2\/product_tag?post=151096"}],"curies":[{"name":"wp","href":"https:\/\/api.w.org\/{rel}","templated":true}]}}