{"id":152217,"date":"2026-03-02T15:53:58","date_gmt":"2026-03-02T08:53:58","guid":{"rendered":"http:\/\/loftrunway.com\/product\/women-new-balance-fresh-foam-x-trail-more-v3-reflection-faded-teal"},"modified":"2026-03-02T15:53:58","modified_gmt":"2026-03-02T08:53:58","slug":"women-new-balance-fresh-foam-x-trail-more-v3-reflection-faded-teal","status":"publish","type":"product","link":"https:\/\/loftrunway.com\/de\/products\/women-new-balance-fresh-foam-x-trail-more-v3-reflection-faded-teal\/","title":{"rendered":"(Women) New Balance Fresh Foam X Trail More v3 &#8218;Reflection Faded Teal&#8216;"},"content":{"rendered":"<p>Der New Balance Fresh Foam X Trail More v3 Reflection Faded Teal (WMNS) Sneaker ist ein innovativer und stylischer Schuh f\u00fcr Damen. Dieser Sneaker wurde von der renommierten Marke New Balance entworfen und bietet dank der Fresh Foam-D\u00e4mpfung h\u00f6chsten Tragekomfort. Reflektierende Details verleihen ihm eine besondere Note, w\u00e4hrend die verwaschene t\u00fcrkisfarbene Farbe jedem Outfit einen Farbtupfer verleiht. Ob auf den Trails oder beim Einkaufen \u201d\u201c dieser Sneaker ist die perfekte Wahl.<\/p>\n<p>Farbe: Grau\/T\u00fcrkis<br \/>\nStyle-Code: WTMORLW3<br \/>\nObermaterial: Mesh<br \/>\nZwischensohle: Fresh Foam X<br \/>\nFarbe: T\u00fcrkis<br \/>\nErscheinungsjahr: 2023<\/p>\n","protected":false},"excerpt":{"rendered":"<p>New Balance Fresh Foam X Trail More v3 \u201d\u201d Grey\/Teal<\/p>\n","protected":false},"featured_media":152218,"comment_status":"open","ping_status":"closed","template":"","meta":[],"product_brand":[],"product_cat":[11302],"product_tag":[10926,10766,10767,10802,10840,11006,10758],"class_list":{"0":"post-152217","1":"product","2":"type-product","3":"status-publish","4":"has-post-thumbnail","6":"product_cat-new-balance-women","7":"product_tag-gift-for-her","8":"product_tag-new-balance","9":"product_tag-new-balance-running-shoes","10":"product_tag-performance-sport-shoes","11":"product_tag-running-shoes","12":"product_tag-trail-running-shoes","13":"product_tag-under-retail","14":"wcpa_has_options","16":"first","17":"instock","18":"sale","19":"taxable","20":"shipping-taxable","21":"purchasable","22":"product-type-simple"},"wcpa_form_fields":{"rules":{"pric_overide_base_price":false,"pric_overide_base_price_if_gt_zero":false,"pric_overide_base_price_fully":false,"pric_cal_option_once":false,"pric_use_as_fee":false,"bind_quantity":false,"quantity_bind_formula":false},"fields":[{"type":"color-group","required":true,"elementId":"wcpa-color-group-66c4a928225d2","label":"Gr\u00f6\u00dfe","inline":true,"priceOptions":"different_for_all","pricingType":"fixed","className":"hassizechart product-shoes-size-eu product-shoes-size","name":"color-group-66c4a928225e2","disp_type":"square","selection_type":"tick-border","disp_size":"50","show_label_inside":true,"adjust_width":true,"cart_display_type":"text","other_text":"Other","cl_rule":"show","col":6,"values":[{"label":"35","value":"EU 35","price":"","pimage":"","pimage_id":"","pthumb":"","color":""},{"label":"36","value":"EU 36","price":"","pimage":"","pimage_id":"","pthumb":"","color":"","selected":true},{"label":"37","value":"EU 37","price":"","pimage":"","pimage_id":"","pthumb":"","color":""},{"label":"37.5","value":"EU 37.5","price":"","pimage":"","pimage_id":"","pthumb":"","color":""},{"label":"38","value":"EU 38","price":"","pimage":"","pimage_id":"","pthumb":"","color":""},{"label":"38.5","value":"EU 38.5","price":"","pimage":"","pimage_id":"","pthumb":"","color":""},{"label":"39","value":"EU 39","price":"","pimage":"","pimage_id":"","pthumb":"","color":""},{"label":"39.5","value":"EU 39.5","price":"","pimage":"","pimage_id":"","pthumb":"","color":""},{"label":"40","value":"EU 40","price":"","pimage":"","pimage_id":"","pthumb":"","color":""},{"label":"40.5","value":"EU 40.5","price":"","pimage":"","pimage_id":"","pthumb":"","color":""},{"label":" 41.5","value":"EU 41.5","price":"","pimage":"","pimage_id":"","pthumb":"","color":""},{"label":"42","value":"EU 42","price":"","pimage":"","pimage_id":"","pthumb":"","color":""},{"label":"42.5","value":"EU 42.5","price":"","pimage":"","pimage_id":"","pthumb":"","color":""},{"label":"43","value":"EU 43","price":"","pimage":"","pimage_id":"","pthumb":"","color":""},{"label":"44","value":"EU 44","price":"","pimage":"","pimage_id":"","pthumb":"","color":""},{"label":"44.5","value":"EU 44.5","price":"","pimage":"","pimage_id":"","pthumb":"","color":""},{"label":"45","value":"EU 45","price":"","pimage":"","pimage_id":"","pthumb":"","color":""},{"label":"45.5","value":"EU 45.5","price":"","pimage":"","pimage_id":"","pthumb":"","color":""},{"label":"46","value":"EU 46","price":"","pimage":"","pimage_id":"","pthumb":"","color":""}],"relations":[{"operator":false,"rules":[]}],"form_id":24803,"form_rules":{"pric_cal_option_once":false,"exclude_from_discount":false,"pric_use_as_fee":false,"fee_label":"Fee","render_after_acb":false,"disp_hide_options_price":false}}]},"yoast_head":"<!-- This site is optimized with the Yoast SEO plugin v26.5 - https:\/\/yoast.com\/wordpress\/plugins\/seo\/ -->\n<title>(Women) New Balance Fresh Foam X Trail More v3 &#039;Reflection Faded Teal&#039;  - Loftrunway<\/title>\n<meta name=\"robots\" content=\"index, follow, max-snippet:-1, max-image-preview:large, max-video-preview:-1\" \/>\n<link rel=\"canonical\" href=\"https:\/\/loftrunway.com\/de\/products\/women-new-balance-fresh-foam-x-trail-more-v3-reflection-faded-teal\/\" \/>\n<meta property=\"og:locale\" content=\"de_DE\" \/>\n<meta property=\"og:type\" content=\"article\" \/>\n<meta property=\"og:title\" content=\"(Women) New Balance Fresh Foam X Trail More v3 &#039;Reflection Faded Teal&#039;  - Loftrunway\" \/>\n<meta property=\"og:description\" content=\"New Balance Fresh Foam X Trail More v3 \u201d\u201d Grey\/Teal\" \/>\n<meta property=\"og:url\" content=\"https:\/\/loftrunway.com\/de\/products\/women-new-balance-fresh-foam-x-trail-more-v3-reflection-faded-teal\/\" \/>\n<meta property=\"og:site_name\" content=\"loftRUN Sneaker Store\" \/>\n<meta name=\"twitter:card\" content=\"summary_large_image\" \/>\n<meta name=\"twitter:image\" content=\"https:\/\/images.novelship.com\/product\/1682116719014_NewBalance0.png\" \/>\n<script type=\"application\/ld+json\" class=\"yoast-schema-graph\">{\"@context\":\"https:\/\/schema.org\",\"@graph\":[{\"@type\":\"WebPage\",\"@id\":\"https:\/\/loftrunway.com\/de\/products\/women-new-balance-fresh-foam-x-trail-more-v3-reflection-faded-teal\/\",\"url\":\"https:\/\/loftrunway.com\/de\/products\/women-new-balance-fresh-foam-x-trail-more-v3-reflection-faded-teal\/\",\"name\":\"(Women) New Balance Fresh Foam X Trail More v3 'Reflection Faded Teal' - Loftrunway\",\"isPartOf\":{\"@id\":\"https:\/\/loftrunway.com\/de\/#website\"},\"primaryImageOfPage\":{\"@id\":\"https:\/\/loftrunway.com\/de\/products\/women-new-balance-fresh-foam-x-trail-more-v3-reflection-faded-teal\/#primaryimage\"},\"image\":{\"@id\":\"https:\/\/loftrunway.com\/de\/products\/women-new-balance-fresh-foam-x-trail-more-v3-reflection-faded-teal\/#primaryimage\"},\"thumbnailUrl\":\"https:\/\/images.novelship.com\/product\/1682116719014_NewBalance0.png\",\"datePublished\":\"2026-03-02T08:53:58+00:00\",\"breadcrumb\":{\"@id\":\"https:\/\/loftrunway.com\/de\/products\/women-new-balance-fresh-foam-x-trail-more-v3-reflection-faded-teal\/#breadcrumb\"},\"inLanguage\":\"de\",\"potentialAction\":[{\"@type\":\"ReadAction\",\"target\":[\"https:\/\/loftrunway.com\/de\/products\/women-new-balance-fresh-foam-x-trail-more-v3-reflection-faded-teal\/\"]}]},{\"@type\":\"ImageObject\",\"inLanguage\":\"de\",\"@id\":\"https:\/\/loftrunway.com\/de\/products\/women-new-balance-fresh-foam-x-trail-more-v3-reflection-faded-teal\/#primaryimage\",\"url\":\"https:\/\/images.novelship.com\/product\/1682116719014_NewBalance0.png\",\"contentUrl\":\"https:\/\/images.novelship.com\/product\/1682116719014_NewBalance0.png\"},{\"@type\":\"BreadcrumbList\",\"@id\":\"https:\/\/loftrunway.com\/de\/products\/women-new-balance-fresh-foam-x-trail-more-v3-reflection-faded-teal\/#breadcrumb\",\"itemListElement\":[{\"@type\":\"ListItem\",\"position\":1,\"name\":\"Home\",\"item\":\"https:\/\/loftrunway.com\/de\/\"},{\"@type\":\"ListItem\",\"position\":2,\"name\":\"Shop\",\"item\":\"https:\/\/loftrunway.com\/de\/shop\/\"},{\"@type\":\"ListItem\",\"position\":3,\"name\":\"(Women) New Balance Fresh Foam X Trail More v3 &#8218;Reflection Faded Teal&#8216;\"}]},{\"@type\":\"WebSite\",\"@id\":\"https:\/\/loftrunway.com\/de\/#website\",\"url\":\"https:\/\/loftrunway.com\/de\/\",\"name\":\"Styloral Jewelry Shop\",\"description\":\"Der Ort, an dem man alle Arten von Sneakern findet\",\"publisher\":{\"@id\":\"https:\/\/loftrunway.com\/de\/#organization\"},\"potentialAction\":[{\"@type\":\"SearchAction\",\"target\":{\"@type\":\"EntryPoint\",\"urlTemplate\":\"https:\/\/loftrunway.com\/de\/?s={search_term_string}\"},\"query-input\":{\"@type\":\"PropertyValueSpecification\",\"valueRequired\":true,\"valueName\":\"search_term_string\"}}],\"inLanguage\":\"de\"},{\"@type\":\"Organization\",\"@id\":\"https:\/\/loftrunway.com\/de\/#organization\",\"name\":\"STYLORAL PTE. LTD\",\"url\":\"https:\/\/loftrunway.com\/de\/\",\"logo\":{\"@type\":\"ImageObject\",\"inLanguage\":\"de\",\"@id\":\"https:\/\/loftrunway.com\/de\/#\/schema\/logo\/image\/\",\"url\":\"https:\/\/www.loftrunway.com\/wp-content\/uploads\/2025\/12\/logo.png\",\"contentUrl\":\"https:\/\/www.loftrunway.com\/wp-content\/uploads\/2025\/12\/logo.png\",\"width\":200,\"height\":65,\"caption\":\"STYLORAL PTE. LTD\"},\"image\":{\"@id\":\"https:\/\/loftrunway.com\/de\/#\/schema\/logo\/image\/\"}}]}<\/script>\n<!-- \/ Yoast SEO plugin. -->","yoast_head_json":{"title":"(Women) New Balance Fresh Foam X Trail More v3 'Reflection Faded Teal'  - Loftrunway","robots":{"index":"index","follow":"follow","max-snippet":"max-snippet:-1","max-image-preview":"max-image-preview:large","max-video-preview":"max-video-preview:-1"},"canonical":"https:\/\/loftrunway.com\/de\/products\/women-new-balance-fresh-foam-x-trail-more-v3-reflection-faded-teal\/","og_locale":"de_DE","og_type":"article","og_title":"(Women) New Balance Fresh Foam X Trail More v3 'Reflection Faded Teal'  - Loftrunway","og_description":"New Balance Fresh Foam X Trail More v3 \u201d\u201d Grey\/Teal","og_url":"https:\/\/loftrunway.com\/de\/products\/women-new-balance-fresh-foam-x-trail-more-v3-reflection-faded-teal\/","og_site_name":"loftRUN Sneaker Store","twitter_card":"summary_large_image","twitter_image":"https:\/\/images.novelship.com\/product\/1682116719014_NewBalance0.png","schema":{"@context":"https:\/\/schema.org","@graph":[{"@type":"WebPage","@id":"https:\/\/loftrunway.com\/de\/products\/women-new-balance-fresh-foam-x-trail-more-v3-reflection-faded-teal\/","url":"https:\/\/loftrunway.com\/de\/products\/women-new-balance-fresh-foam-x-trail-more-v3-reflection-faded-teal\/","name":"(Women) New Balance Fresh Foam X Trail More v3 'Reflection Faded Teal' - Loftrunway","isPartOf":{"@id":"https:\/\/loftrunway.com\/de\/#website"},"primaryImageOfPage":{"@id":"https:\/\/loftrunway.com\/de\/products\/women-new-balance-fresh-foam-x-trail-more-v3-reflection-faded-teal\/#primaryimage"},"image":{"@id":"https:\/\/loftrunway.com\/de\/products\/women-new-balance-fresh-foam-x-trail-more-v3-reflection-faded-teal\/#primaryimage"},"thumbnailUrl":"https:\/\/images.novelship.com\/product\/1682116719014_NewBalance0.png","datePublished":"2026-03-02T08:53:58+00:00","breadcrumb":{"@id":"https:\/\/loftrunway.com\/de\/products\/women-new-balance-fresh-foam-x-trail-more-v3-reflection-faded-teal\/#breadcrumb"},"inLanguage":"de","potentialAction":[{"@type":"ReadAction","target":["https:\/\/loftrunway.com\/de\/products\/women-new-balance-fresh-foam-x-trail-more-v3-reflection-faded-teal\/"]}]},{"@type":"ImageObject","inLanguage":"de","@id":"https:\/\/loftrunway.com\/de\/products\/women-new-balance-fresh-foam-x-trail-more-v3-reflection-faded-teal\/#primaryimage","url":"https:\/\/images.novelship.com\/product\/1682116719014_NewBalance0.png","contentUrl":"https:\/\/images.novelship.com\/product\/1682116719014_NewBalance0.png"},{"@type":"BreadcrumbList","@id":"https:\/\/loftrunway.com\/de\/products\/women-new-balance-fresh-foam-x-trail-more-v3-reflection-faded-teal\/#breadcrumb","itemListElement":[{"@type":"ListItem","position":1,"name":"Home","item":"https:\/\/loftrunway.com\/de\/"},{"@type":"ListItem","position":2,"name":"Shop","item":"https:\/\/loftrunway.com\/de\/shop\/"},{"@type":"ListItem","position":3,"name":"(Women) New Balance Fresh Foam X Trail More v3 &#8218;Reflection Faded Teal&#8216;"}]},{"@type":"WebSite","@id":"https:\/\/loftrunway.com\/de\/#website","url":"https:\/\/loftrunway.com\/de\/","name":"Styloral Jewelry Shop","description":"Der Ort, an dem man alle Arten von Sneakern findet","publisher":{"@id":"https:\/\/loftrunway.com\/de\/#organization"},"potentialAction":[{"@type":"SearchAction","target":{"@type":"EntryPoint","urlTemplate":"https:\/\/loftrunway.com\/de\/?s={search_term_string}"},"query-input":{"@type":"PropertyValueSpecification","valueRequired":true,"valueName":"search_term_string"}}],"inLanguage":"de"},{"@type":"Organization","@id":"https:\/\/loftrunway.com\/de\/#organization","name":"STYLORAL PTE. LTD","url":"https:\/\/loftrunway.com\/de\/","logo":{"@type":"ImageObject","inLanguage":"de","@id":"https:\/\/loftrunway.com\/de\/#\/schema\/logo\/image\/","url":"https:\/\/www.loftrunway.com\/wp-content\/uploads\/2025\/12\/logo.png","contentUrl":"https:\/\/www.loftrunway.com\/wp-content\/uploads\/2025\/12\/logo.png","width":200,"height":65,"caption":"STYLORAL PTE. LTD"},"image":{"@id":"https:\/\/loftrunway.com\/de\/#\/schema\/logo\/image\/"}}]}},"_links":{"self":[{"href":"https:\/\/loftrunway.com\/de\/wp-json\/wp\/v2\/product\/152217","targetHints":{"allow":["GET"]}}],"collection":[{"href":"https:\/\/loftrunway.com\/de\/wp-json\/wp\/v2\/product"}],"about":[{"href":"https:\/\/loftrunway.com\/de\/wp-json\/wp\/v2\/types\/product"}],"replies":[{"embeddable":true,"href":"https:\/\/loftrunway.com\/de\/wp-json\/wp\/v2\/comments?post=152217"}],"wp:featuredmedia":[{"embeddable":true,"href":"https:\/\/loftrunway.com\/de\/wp-json\/wp\/v2\/media\/152218"}],"wp:attachment":[{"href":"https:\/\/loftrunway.com\/de\/wp-json\/wp\/v2\/media?parent=152217"}],"wp:term":[{"taxonomy":"product_brand","embeddable":true,"href":"https:\/\/loftrunway.com\/de\/wp-json\/wp\/v2\/product_brand?post=152217"},{"taxonomy":"product_cat","embeddable":true,"href":"https:\/\/loftrunway.com\/de\/wp-json\/wp\/v2\/product_cat?post=152217"},{"taxonomy":"product_tag","embeddable":true,"href":"https:\/\/loftrunway.com\/de\/wp-json\/wp\/v2\/product_tag?post=152217"}],"curies":[{"name":"wp","href":"https:\/\/api.w.org\/{rel}","templated":true}]}}