{"id":153083,"date":"2026-03-02T15:55:25","date_gmt":"2026-03-02T08:55:25","guid":{"rendered":"http:\/\/loftrunway.com\/product\/nfl-x-nike-air-zoom-pegasus-40-jacksonville-jaguars"},"modified":"2026-04-02T14:59:43","modified_gmt":"2026-04-02T07:59:43","slug":"nfl-x-nike-air-zoom-pegasus-40-jacksonville-jaguars","status":"publish","type":"product","link":"https:\/\/loftrunway.com\/de\/products\/nfl-x-nike-air-zoom-pegasus-40-jacksonville-jaguars\/","title":{"rendered":"NFL x Nike Air Zoom Pegasus 40 &#8218;Jacksonville Jaguars&#8216;"},"content":{"rendered":"<p>Wir pr\u00e4sentieren den NFL x Nike Air Zoom Pegasus 40 \u201eJacksonville Jaguars\u201c \u201d\u201c die perfekte Verbindung von Football-Spirit und sportlicher H\u00f6chstleistung. Diese Sneaker bestechen durch ein dynamisches, von den Jaguars inspiriertes Design in den charakteristischen Teamfarben T\u00fcrkis und Gold. Dank der Nike Zoom Air-Technologie bieten sie au\u00dfergew\u00f6hnliche D\u00e4mpfung und Reaktionsf\u00e4higkeit und erm\u00f6glichen dir so, auf und neben dem Spielfeld dein Bestes zu geben. Egal ob auf dem Footballfeld oder in der Stadt \u201d\u201c schn\u00fcr dir den NFL x Nike Air Zoom Pegasus 40 und zeig deinen Stolz auf die Jaguars.<\/p>\n<ul>\n<li><strong>Farbgebung:<\/strong> Anthrazit\/Blustery\/Ocker\/Wei\u00df<\/li>\n<li><strong>Style-Code:<\/strong> DZ5974-001<\/li>\n<li><strong>Obermaterial:<\/strong> Mesh<\/li>\n<li><strong>Mittelsohle:<\/strong> Zoom Air<\/li>\n<li><strong>Farbe:<\/strong> Grau<\/li>\n<\/ul>\n","protected":false},"excerpt":{"rendered":"<p>Nike Air Zoom Pegasus 40 \u201d\u201d Anthracite\/Blustery\/Ochre\/White<\/p>\n","protected":false},"featured_media":153084,"comment_status":"open","ping_status":"closed","template":"","meta":[],"product_brand":[],"product_cat":[10803,41273],"product_tag":[10750,10753,10801,10882,10802,10768,10840],"class_list":{"0":"post-153083","1":"product","2":"type-product","3":"status-publish","4":"has-post-thumbnail","6":"product_cat-nike","7":"product_cat-remove","8":"product_tag-athleisure-shoes","9":"product_tag-gift-for-him","10":"product_tag-nike","11":"product_tag-nike-running-shoes","12":"product_tag-performance-sport-shoes","13":"product_tag-retro-running-shoes","14":"product_tag-running-shoes","15":"wcpa_has_options","17":"first","18":"instock","19":"taxable","20":"shipping-taxable","21":"purchasable","22":"product-type-simple"},"wcpa_form_fields":{"rules":{"pric_overide_base_price":false,"pric_overide_base_price_if_gt_zero":false,"pric_overide_base_price_fully":false,"pric_cal_option_once":false,"pric_use_as_fee":false,"bind_quantity":false,"quantity_bind_formula":false},"fields":[{"type":"color-group","required":true,"elementId":"wcpa-color-group-66c4a75505e74","label":"Gr\u00f6\u00dfe - EU Gr\u00f6\u00dfe","inline":true,"priceOptions":"different_for_all","pricingType":"fixed","className":"hassizechart product-shoes-size-eu product-shoes-size","name":"color-group-66c4a75505e89","disp_type":"square","selection_type":"tick-border","disp_size":"44","show_label_inside":true,"adjust_width":true,"cart_display_type":"text","other_text":"Other","cl_rule":"show","col":6,"values":[{"label":"35.5","value":"EU 35.5","price":"","pimage":"","pimage_id":"","pthumb":"","color":""},{"label":"36","value":"EU 36","price":"","pimage":"","pimage_id":"","pthumb":"","color":"","selected":true},{"label":"36.5","value":"EU 36.5","price":"","pimage":"","pimage_id":"","pthumb":"","color":""},{"label":"37.5","value":"EU 37.5","price":"","pimage":"","pimage_id":"","pthumb":"","color":""},{"label":"38","value":"EU 38","price":"","pimage":"","pimage_id":"","pthumb":"","color":""},{"label":"38.5","value":"EU 38.5","price":"","pimage":"","pimage_id":"","pthumb":"","color":""},{"label":"39","value":"EU 39","price":"","pimage":"","pimage_id":"","pthumb":"","color":""},{"label":"40","value":"EU 40","price":"","pimage":"","pimage_id":"","pthumb":"","color":""},{"label":"40.5","value":"EU 40.5","price":"","pimage":"","pimage_id":"","pthumb":"","color":""},{"label":"41","value":"EU 41","price":"","pimage":"","pimage_id":"","pthumb":"","color":""},{"label":"42","value":"EU 42","price":"","pimage":"","pimage_id":"","pthumb":"","color":""},{"label":"42.5","value":"EU 42.5","price":"","pimage":"","pimage_id":"","pthumb":"","color":""},{"label":"43","value":"EU 43","price":"","pimage":"","pimage_id":"","pthumb":"","color":""},{"label":"44","value":"EU 44","price":"","pimage":"","pimage_id":"","pthumb":"","color":""},{"label":"44.5","value":"EU 44.5","price":"","pimage":"","pimage_id":"","pthumb":"","color":""},{"label":"45","value":"EU 45","price":"","pimage":"","pimage_id":"","pthumb":"","color":""},{"label":"45.5","value":"EU 45.5","price":"","pimage":"","pimage_id":"","pthumb":"","color":""},{"label":"46","value":"EU 46","price":"","pimage":"","pimage_id":"","pthumb":"","color":""},{"label":"47","value":"EU 47","price":"","pimage":"","pimage_id":"","pthumb":"","color":""},{"label":"47.5","value":"EU 47.5","price":"","pimage":"","pimage_id":"","pthumb":"","color":""},{"label":"48","value":"EU 48","price":"","pimage":"","pimage_id":"","pthumb":"","color":""}],"relations":[{"operator":false,"rules":[]}],"form_id":18106,"form_rules":{"pric_cal_option_once":false,"exclude_from_discount":false,"pric_use_as_fee":false,"fee_label":"Fee","render_after_acb":false,"disp_hide_options_price":false}}]},"yoast_head":"<!-- This site is optimized with the Yoast SEO plugin v26.5 - https:\/\/yoast.com\/wordpress\/plugins\/seo\/ -->\n<title>NFL x Nike Air Zoom Pegasus 40 &#039;Jacksonville Jaguars&#039;  - Loftrunway<\/title>\n<meta name=\"robots\" content=\"index, follow, max-snippet:-1, max-image-preview:large, max-video-preview:-1\" \/>\n<link rel=\"canonical\" href=\"https:\/\/loftrunway.com\/de\/products\/nfl-x-nike-air-zoom-pegasus-40-jacksonville-jaguars\/\" \/>\n<meta property=\"og:locale\" content=\"de_DE\" \/>\n<meta property=\"og:type\" content=\"article\" \/>\n<meta property=\"og:title\" content=\"NFL x Nike Air Zoom Pegasus 40 &#039;Jacksonville Jaguars&#039;  - Loftrunway\" \/>\n<meta property=\"og:description\" content=\"Nike Air Zoom Pegasus 40 \u201d\u201d Anthracite\/Blustery\/Ochre\/White\" \/>\n<meta property=\"og:url\" content=\"https:\/\/loftrunway.com\/de\/products\/nfl-x-nike-air-zoom-pegasus-40-jacksonville-jaguars\/\" \/>\n<meta property=\"og:site_name\" content=\"loftRUN Sneaker Store\" \/>\n<meta property=\"article:modified_time\" content=\"2026-04-02T07:59:43+00:00\" \/>\n<meta name=\"twitter:card\" content=\"summary_large_image\" \/>\n<meta name=\"twitter:image\" content=\"https:\/\/images.novelship.com\/product\/nfl_x_nike_air_zoom_pegasus_40__jacksonville_jagua_0_99660.jpeg\" \/>\n<meta name=\"twitter:label1\" content=\"Gesch\u00e4tzte Lesezeit\" \/>\n\t<meta name=\"twitter:data1\" content=\"1\u00a0Minute\" \/>\n<script type=\"application\/ld+json\" class=\"yoast-schema-graph\">{\"@context\":\"https:\/\/schema.org\",\"@graph\":[{\"@type\":\"WebPage\",\"@id\":\"https:\/\/loftrunway.com\/de\/products\/nfl-x-nike-air-zoom-pegasus-40-jacksonville-jaguars\/\",\"url\":\"https:\/\/loftrunway.com\/de\/products\/nfl-x-nike-air-zoom-pegasus-40-jacksonville-jaguars\/\",\"name\":\"NFL x Nike Air Zoom Pegasus 40 'Jacksonville Jaguars' - Loftrunway\",\"isPartOf\":{\"@id\":\"https:\/\/loftrunway.com\/de\/#website\"},\"primaryImageOfPage\":{\"@id\":\"https:\/\/loftrunway.com\/de\/products\/nfl-x-nike-air-zoom-pegasus-40-jacksonville-jaguars\/#primaryimage\"},\"image\":{\"@id\":\"https:\/\/loftrunway.com\/de\/products\/nfl-x-nike-air-zoom-pegasus-40-jacksonville-jaguars\/#primaryimage\"},\"thumbnailUrl\":\"https:\/\/images.novelship.com\/product\/nfl_x_nike_air_zoom_pegasus_40__jacksonville_jagua_0_99660.jpeg\",\"datePublished\":\"2026-03-02T08:55:25+00:00\",\"dateModified\":\"2026-04-02T07:59:43+00:00\",\"breadcrumb\":{\"@id\":\"https:\/\/loftrunway.com\/de\/products\/nfl-x-nike-air-zoom-pegasus-40-jacksonville-jaguars\/#breadcrumb\"},\"inLanguage\":\"de\",\"potentialAction\":[{\"@type\":\"ReadAction\",\"target\":[\"https:\/\/loftrunway.com\/de\/products\/nfl-x-nike-air-zoom-pegasus-40-jacksonville-jaguars\/\"]}]},{\"@type\":\"ImageObject\",\"inLanguage\":\"de\",\"@id\":\"https:\/\/loftrunway.com\/de\/products\/nfl-x-nike-air-zoom-pegasus-40-jacksonville-jaguars\/#primaryimage\",\"url\":\"https:\/\/images.novelship.com\/product\/nfl_x_nike_air_zoom_pegasus_40__jacksonville_jagua_0_99660.jpeg\",\"contentUrl\":\"https:\/\/images.novelship.com\/product\/nfl_x_nike_air_zoom_pegasus_40__jacksonville_jagua_0_99660.jpeg\"},{\"@type\":\"BreadcrumbList\",\"@id\":\"https:\/\/loftrunway.com\/de\/products\/nfl-x-nike-air-zoom-pegasus-40-jacksonville-jaguars\/#breadcrumb\",\"itemListElement\":[{\"@type\":\"ListItem\",\"position\":1,\"name\":\"Home\",\"item\":\"https:\/\/loftrunway.com\/de\/\"},{\"@type\":\"ListItem\",\"position\":2,\"name\":\"Shop\",\"item\":\"https:\/\/loftrunway.com\/de\/shop\/\"},{\"@type\":\"ListItem\",\"position\":3,\"name\":\"NFL x Nike Air Zoom Pegasus 40 &#8218;Jacksonville Jaguars&#8216;\"}]},{\"@type\":\"WebSite\",\"@id\":\"https:\/\/loftrunway.com\/de\/#website\",\"url\":\"https:\/\/loftrunway.com\/de\/\",\"name\":\"Styloral Jewelry Shop\",\"description\":\"Der Ort, an dem man alle Arten von Sneakern findet\",\"publisher\":{\"@id\":\"https:\/\/loftrunway.com\/de\/#organization\"},\"potentialAction\":[{\"@type\":\"SearchAction\",\"target\":{\"@type\":\"EntryPoint\",\"urlTemplate\":\"https:\/\/loftrunway.com\/de\/?s={search_term_string}\"},\"query-input\":{\"@type\":\"PropertyValueSpecification\",\"valueRequired\":true,\"valueName\":\"search_term_string\"}}],\"inLanguage\":\"de\"},{\"@type\":\"Organization\",\"@id\":\"https:\/\/loftrunway.com\/de\/#organization\",\"name\":\"STYLORAL PTE. LTD\",\"url\":\"https:\/\/loftrunway.com\/de\/\",\"logo\":{\"@type\":\"ImageObject\",\"inLanguage\":\"de\",\"@id\":\"https:\/\/loftrunway.com\/de\/#\/schema\/logo\/image\/\",\"url\":\"https:\/\/www.loftrunway.com\/wp-content\/uploads\/2025\/12\/logo.png\",\"contentUrl\":\"https:\/\/www.loftrunway.com\/wp-content\/uploads\/2025\/12\/logo.png\",\"width\":200,\"height\":65,\"caption\":\"STYLORAL PTE. LTD\"},\"image\":{\"@id\":\"https:\/\/loftrunway.com\/de\/#\/schema\/logo\/image\/\"}}]}<\/script>\n<!-- \/ Yoast SEO plugin. -->","yoast_head_json":{"title":"NFL x Nike Air Zoom Pegasus 40 'Jacksonville Jaguars'  - Loftrunway","robots":{"index":"index","follow":"follow","max-snippet":"max-snippet:-1","max-image-preview":"max-image-preview:large","max-video-preview":"max-video-preview:-1"},"canonical":"https:\/\/loftrunway.com\/de\/products\/nfl-x-nike-air-zoom-pegasus-40-jacksonville-jaguars\/","og_locale":"de_DE","og_type":"article","og_title":"NFL x Nike Air Zoom Pegasus 40 'Jacksonville Jaguars'  - Loftrunway","og_description":"Nike Air Zoom Pegasus 40 \u201d\u201d Anthracite\/Blustery\/Ochre\/White","og_url":"https:\/\/loftrunway.com\/de\/products\/nfl-x-nike-air-zoom-pegasus-40-jacksonville-jaguars\/","og_site_name":"loftRUN Sneaker Store","article_modified_time":"2026-04-02T07:59:43+00:00","twitter_card":"summary_large_image","twitter_image":"https:\/\/images.novelship.com\/product\/nfl_x_nike_air_zoom_pegasus_40__jacksonville_jagua_0_99660.jpeg","twitter_misc":{"Gesch\u00e4tzte Lesezeit":"1\u00a0Minute"},"schema":{"@context":"https:\/\/schema.org","@graph":[{"@type":"WebPage","@id":"https:\/\/loftrunway.com\/de\/products\/nfl-x-nike-air-zoom-pegasus-40-jacksonville-jaguars\/","url":"https:\/\/loftrunway.com\/de\/products\/nfl-x-nike-air-zoom-pegasus-40-jacksonville-jaguars\/","name":"NFL x Nike Air Zoom Pegasus 40 'Jacksonville Jaguars' - Loftrunway","isPartOf":{"@id":"https:\/\/loftrunway.com\/de\/#website"},"primaryImageOfPage":{"@id":"https:\/\/loftrunway.com\/de\/products\/nfl-x-nike-air-zoom-pegasus-40-jacksonville-jaguars\/#primaryimage"},"image":{"@id":"https:\/\/loftrunway.com\/de\/products\/nfl-x-nike-air-zoom-pegasus-40-jacksonville-jaguars\/#primaryimage"},"thumbnailUrl":"https:\/\/images.novelship.com\/product\/nfl_x_nike_air_zoom_pegasus_40__jacksonville_jagua_0_99660.jpeg","datePublished":"2026-03-02T08:55:25+00:00","dateModified":"2026-04-02T07:59:43+00:00","breadcrumb":{"@id":"https:\/\/loftrunway.com\/de\/products\/nfl-x-nike-air-zoom-pegasus-40-jacksonville-jaguars\/#breadcrumb"},"inLanguage":"de","potentialAction":[{"@type":"ReadAction","target":["https:\/\/loftrunway.com\/de\/products\/nfl-x-nike-air-zoom-pegasus-40-jacksonville-jaguars\/"]}]},{"@type":"ImageObject","inLanguage":"de","@id":"https:\/\/loftrunway.com\/de\/products\/nfl-x-nike-air-zoom-pegasus-40-jacksonville-jaguars\/#primaryimage","url":"https:\/\/images.novelship.com\/product\/nfl_x_nike_air_zoom_pegasus_40__jacksonville_jagua_0_99660.jpeg","contentUrl":"https:\/\/images.novelship.com\/product\/nfl_x_nike_air_zoom_pegasus_40__jacksonville_jagua_0_99660.jpeg"},{"@type":"BreadcrumbList","@id":"https:\/\/loftrunway.com\/de\/products\/nfl-x-nike-air-zoom-pegasus-40-jacksonville-jaguars\/#breadcrumb","itemListElement":[{"@type":"ListItem","position":1,"name":"Home","item":"https:\/\/loftrunway.com\/de\/"},{"@type":"ListItem","position":2,"name":"Shop","item":"https:\/\/loftrunway.com\/de\/shop\/"},{"@type":"ListItem","position":3,"name":"NFL x Nike Air Zoom Pegasus 40 &#8218;Jacksonville Jaguars&#8216;"}]},{"@type":"WebSite","@id":"https:\/\/loftrunway.com\/de\/#website","url":"https:\/\/loftrunway.com\/de\/","name":"Styloral Jewelry Shop","description":"Der Ort, an dem man alle Arten von Sneakern findet","publisher":{"@id":"https:\/\/loftrunway.com\/de\/#organization"},"potentialAction":[{"@type":"SearchAction","target":{"@type":"EntryPoint","urlTemplate":"https:\/\/loftrunway.com\/de\/?s={search_term_string}"},"query-input":{"@type":"PropertyValueSpecification","valueRequired":true,"valueName":"search_term_string"}}],"inLanguage":"de"},{"@type":"Organization","@id":"https:\/\/loftrunway.com\/de\/#organization","name":"STYLORAL PTE. LTD","url":"https:\/\/loftrunway.com\/de\/","logo":{"@type":"ImageObject","inLanguage":"de","@id":"https:\/\/loftrunway.com\/de\/#\/schema\/logo\/image\/","url":"https:\/\/www.loftrunway.com\/wp-content\/uploads\/2025\/12\/logo.png","contentUrl":"https:\/\/www.loftrunway.com\/wp-content\/uploads\/2025\/12\/logo.png","width":200,"height":65,"caption":"STYLORAL PTE. LTD"},"image":{"@id":"https:\/\/loftrunway.com\/de\/#\/schema\/logo\/image\/"}}]}},"_links":{"self":[{"href":"https:\/\/loftrunway.com\/de\/wp-json\/wp\/v2\/product\/153083","targetHints":{"allow":["GET"]}}],"collection":[{"href":"https:\/\/loftrunway.com\/de\/wp-json\/wp\/v2\/product"}],"about":[{"href":"https:\/\/loftrunway.com\/de\/wp-json\/wp\/v2\/types\/product"}],"replies":[{"embeddable":true,"href":"https:\/\/loftrunway.com\/de\/wp-json\/wp\/v2\/comments?post=153083"}],"wp:featuredmedia":[{"embeddable":true,"href":"https:\/\/loftrunway.com\/de\/wp-json\/wp\/v2\/media\/153084"}],"wp:attachment":[{"href":"https:\/\/loftrunway.com\/de\/wp-json\/wp\/v2\/media?parent=153083"}],"wp:term":[{"taxonomy":"product_brand","embeddable":true,"href":"https:\/\/loftrunway.com\/de\/wp-json\/wp\/v2\/product_brand?post=153083"},{"taxonomy":"product_cat","embeddable":true,"href":"https:\/\/loftrunway.com\/de\/wp-json\/wp\/v2\/product_cat?post=153083"},{"taxonomy":"product_tag","embeddable":true,"href":"https:\/\/loftrunway.com\/de\/wp-json\/wp\/v2\/product_tag?post=153083"}],"curies":[{"name":"wp","href":"https:\/\/api.w.org\/{rel}","templated":true}]}}