{"id":153582,"date":"2026-03-02T15:56:10","date_gmt":"2026-03-02T08:56:10","guid":{"rendered":"http:\/\/loftrunway.com\/product\/balenciaga-arena"},"modified":"2026-04-02T15:00:02","modified_gmt":"2026-04-02T08:00:02","slug":"balenciaga-arena-js-jr5533","status":"publish","type":"product","link":"https:\/\/loftrunway.com\/de\/products\/balenciaga-arena-js-jr5533\/","title":{"rendered":"Adidas Barreda &#8218;Dark Blue Glow Blue&#8216; &#8211; JR5533 &#8211; GOAT"},"content":{"rendered":"<p>Erweitern Sie Ihre Schuhkollektion mit dem Balenciaga Arena JR5533, einem Premium-Sneaker aus luxuri\u00f6sem Lammleder mit poliertem, knitterfreiem Finish f\u00fcr eine elegante, moderne Optik. Mit viel Liebe zum Detail gestaltet, besticht dieser Schuh durch gepr\u00e4gte, farblich abgestimmte \u00d6sen, robuste, flache Schn\u00fcrsenkel und eine einzigartige, verl\u00e4ngerte Zunge, die Balenciagas unverkennbar kantigen und zugleich raffinierten Stil perfekt unterstreicht. Der gepolsterte Schaftrand und die Lederinnensohle garantieren ganzt\u00e4gigen Tragekomfort, w\u00e4hrend die verst\u00e4rkte Gummisohle f\u00fcr au\u00dfergew\u00f6hnliche Strapazierf\u00e4higkeit und optimale Bodenhaftung sorgt. Der Arena JR5533 ist perfekt f\u00fcr modebewusste und mutige Menschen und l\u00e4sst sich m\u00fchelos sowohl zu l\u00e4ssigen als auch zu eleganten Outfits kombinieren \u201d\u201c eine vielseitige und zeitlose Erg\u00e4nzung f\u00fcr jede Garderobe. Setzen Sie mit diesem Schuh, der modernes Design und hochwertige Materialien vereint, ein Zeichen von dezenter Eleganz und unterstreichen Sie Balenciagas Engagement f\u00fcr Luxus und Innovation.<\/p>\n<ul>\n<li><strong>Farbgebung:<\/strong> Dunkelblau\/Leuchtblau\/Gummi<\/li>\n<li><strong>Artikelnummer:<\/strong> JR5533<\/li>\n<li><strong>Obermaterial:<\/strong> Wildleder<\/li>\n<li><strong>Farbe:<\/strong> Marineblau<\/li>\n<\/ul>\n","protected":false},"excerpt":{"rendered":"<p>adidas Arena \u201d\u201d Dark Blue\/Glow Blue\/Gum<\/p>\n","protected":false},"featured_media":153583,"comment_status":"open","ping_status":"closed","template":"","meta":[],"product_brand":[],"product_cat":[10760,41273],"product_tag":[10759,10750,10847,10754,11460,10785,10786,10758],"class_list":{"0":"post-153582","1":"product","2":"type-product","3":"status-publish","4":"has-post-thumbnail","6":"product_cat-adidas","7":"product_cat-remove","8":"product_tag-adidas","9":"product_tag-athleisure-shoes","10":"product_tag-best-finds-under-100","11":"product_tag-lifestyle-casual-shoes","12":"product_tag-lifestyle-shoes-casual","13":"product_tag-trending-deals","14":"product_tag-trending-deals-under-150","15":"product_tag-under-retail","16":"wcpa_has_options","18":"first","19":"instock","20":"taxable","21":"shipping-taxable","22":"purchasable","23":"product-type-simple"},"wcpa_form_fields":{"rules":{"pric_overide_base_price":false,"pric_overide_base_price_if_gt_zero":false,"pric_overide_base_price_fully":false,"pric_cal_option_once":false,"pric_use_as_fee":false,"bind_quantity":false,"quantity_bind_formula":false},"fields":[{"type":"color-group","required":true,"elementId":"wcpa-color-group-66c4a7f817afe","label":"Gr\u00f6\u00dfe","inline":true,"priceOptions":"different_for_all","pricingType":"fixed","className":"hassizechart product-shoes-size-eu product-shoes-size","name":"color-group-66c4a7f817b18","disp_type":"square","selection_type":"tick-border","disp_size":"50","show_label_inside":true,"adjust_width":true,"cart_display_type":"text","other_text":"Other","cl_rule":"show","col":6,"values":[{"label":"35","value":"EU 35","price":"","pimage":"","pimage_id":"","pthumb":"","color":""},{"label":"35.5","value":"EU 35.5","price":"","pimage":"","pimage_id":"","pthumb":"","color":""},{"label":"36","value":"EU 36","price":"","pimage":"","pimage_id":"","pthumb":"","color":"","selected":true},{"label":"36 2\/3","value":"EU 36 2\/3","price":"","pimage":"","pimage_id":"","pthumb":"","color":""},{"label":"37 1\/3","value":"EU 37 1\/3","price":"","pimage":"","pimage_id":"","pthumb":"","color":""},{"label":"38","value":"EU 38","price":"","pimage":"","pimage_id":"","pthumb":"","color":""},{"label":"38 2\/3","value":"EU 38 2\/3","price":"","pimage":"","pimage_id":"","pthumb":"","color":""},{"label":"39 1\/3","value":"EU 39 1\/3","price":"","pimage":"","pimage_id":"","pthumb":"","color":""},{"label":"40","value":"EU 40","price":"","pimage":"","pimage_id":"","pthumb":"","color":""},{"label":"40 2\/3","value":"EU 40 2\/3","price":"","pimage":"","pimage_id":"","pthumb":"","color":""},{"label":"41 1\/3","value":"EU 41 1\/3","price":"","pimage":"","pimage_id":"","pthumb":"","color":""},{"label":"42","value":"EU 42","price":"","pimage":"","pimage_id":"","pthumb":"","color":""},{"label":"42 2\/3","value":"EU 42 2\/3","price":"","pimage":"","pimage_id":"","pthumb":"","color":""},{"label":"43 1\/3","value":"EU 43 1\/3","price":"","pimage":"","pimage_id":"","pthumb":"","color":""},{"label":"44","value":"EU 44","price":"","pimage":"","pimage_id":"","pthumb":"","color":""},{"label":"44 2\/3","value":"EU 44 2\/3","price":"","pimage":"","pimage_id":"","pthumb":"","color":""},{"label":"45 1\/3","value":"EU 45 1\/3","price":"","pimage":"","pimage_id":"","pthumb":"","color":""},{"label":"46","value":"EU 46","price":"","pimage":"","pimage_id":"","pthumb":"","color":""},{"label":"46 2\/3","value":"EU 46 2\/3","price":"","pimage":"","pimage_id":"","pthumb":"","color":""},{"label":"47 1\/3","value":"EU 47 1\/3","price":"","pimage":"","pimage_id":"","pthumb":"","color":""}],"relations":[{"operator":false,"rules":[]}],"form_id":24802,"form_rules":{"pric_cal_option_once":false,"exclude_from_discount":false,"pric_use_as_fee":false,"fee_label":"Fee","render_after_acb":false,"disp_hide_options_price":false}}]},"yoast_head":"<!-- This site is optimized with the Yoast SEO plugin v26.5 - https:\/\/yoast.com\/wordpress\/plugins\/seo\/ -->\n<title>Adidas Barreda &#039;Dark Blue Glow Blue&#039; - JR5533 - GOAT - Loftrunway<\/title>\n<meta name=\"robots\" content=\"index, follow, max-snippet:-1, max-image-preview:large, max-video-preview:-1\" \/>\n<link rel=\"canonical\" href=\"https:\/\/loftrunway.com\/de\/products\/balenciaga-arena-js-jr5533\/\" \/>\n<meta property=\"og:locale\" content=\"de_DE\" \/>\n<meta property=\"og:type\" content=\"article\" \/>\n<meta property=\"og:title\" content=\"Adidas Barreda &#039;Dark Blue Glow Blue&#039; - JR5533 - GOAT - Loftrunway\" \/>\n<meta property=\"og:description\" content=\"adidas Arena \u201d\u201d Dark Blue\/Glow Blue\/Gum\" \/>\n<meta property=\"og:url\" content=\"https:\/\/loftrunway.com\/de\/products\/balenciaga-arena-js-jr5533\/\" \/>\n<meta property=\"og:site_name\" content=\"loftRUN Sneaker Store\" \/>\n<meta property=\"article:modified_time\" content=\"2026-04-02T08:00:02+00:00\" \/>\n<meta name=\"twitter:card\" content=\"summary_large_image\" \/>\n<meta name=\"twitter:image\" content=\"https:\/\/images.novelship.com\/product\/balenciaga_arena_jr5533_0_9512.jpeg\" \/>\n<meta name=\"twitter:label1\" content=\"Gesch\u00e4tzte Lesezeit\" \/>\n\t<meta name=\"twitter:data1\" content=\"1\u00a0Minute\" \/>\n<script type=\"application\/ld+json\" class=\"yoast-schema-graph\">{\"@context\":\"https:\/\/schema.org\",\"@graph\":[{\"@type\":\"WebPage\",\"@id\":\"https:\/\/loftrunway.com\/de\/products\/balenciaga-arena-js-jr5533\/\",\"url\":\"https:\/\/loftrunway.com\/de\/products\/balenciaga-arena-js-jr5533\/\",\"name\":\"Adidas Barreda 'Dark Blue Glow Blue' - JR5533 - GOAT - Loftrunway\",\"isPartOf\":{\"@id\":\"https:\/\/loftrunway.com\/de\/#website\"},\"primaryImageOfPage\":{\"@id\":\"https:\/\/loftrunway.com\/de\/products\/balenciaga-arena-js-jr5533\/#primaryimage\"},\"image\":{\"@id\":\"https:\/\/loftrunway.com\/de\/products\/balenciaga-arena-js-jr5533\/#primaryimage\"},\"thumbnailUrl\":\"https:\/\/images.novelship.com\/product\/balenciaga_arena_jr5533_0_9512.jpeg\",\"datePublished\":\"2026-03-02T08:56:10+00:00\",\"dateModified\":\"2026-04-02T08:00:02+00:00\",\"breadcrumb\":{\"@id\":\"https:\/\/loftrunway.com\/de\/products\/balenciaga-arena-js-jr5533\/#breadcrumb\"},\"inLanguage\":\"de\",\"potentialAction\":[{\"@type\":\"ReadAction\",\"target\":[\"https:\/\/loftrunway.com\/de\/products\/balenciaga-arena-js-jr5533\/\"]}]},{\"@type\":\"ImageObject\",\"inLanguage\":\"de\",\"@id\":\"https:\/\/loftrunway.com\/de\/products\/balenciaga-arena-js-jr5533\/#primaryimage\",\"url\":\"https:\/\/images.novelship.com\/product\/balenciaga_arena_jr5533_0_9512.jpeg\",\"contentUrl\":\"https:\/\/images.novelship.com\/product\/balenciaga_arena_jr5533_0_9512.jpeg\"},{\"@type\":\"BreadcrumbList\",\"@id\":\"https:\/\/loftrunway.com\/de\/products\/balenciaga-arena-js-jr5533\/#breadcrumb\",\"itemListElement\":[{\"@type\":\"ListItem\",\"position\":1,\"name\":\"Home\",\"item\":\"https:\/\/loftrunway.com\/de\/\"},{\"@type\":\"ListItem\",\"position\":2,\"name\":\"Shop\",\"item\":\"https:\/\/loftrunway.com\/de\/shop\/\"},{\"@type\":\"ListItem\",\"position\":3,\"name\":\"Adidas Barreda &#8218;Dark Blue Glow Blue&#8216; &#8211; JR5533 &#8211; GOAT\"}]},{\"@type\":\"WebSite\",\"@id\":\"https:\/\/loftrunway.com\/de\/#website\",\"url\":\"https:\/\/loftrunway.com\/de\/\",\"name\":\"Styloral Jewelry Shop\",\"description\":\"Der Ort, an dem man alle Arten von Sneakern findet\",\"publisher\":{\"@id\":\"https:\/\/loftrunway.com\/de\/#organization\"},\"potentialAction\":[{\"@type\":\"SearchAction\",\"target\":{\"@type\":\"EntryPoint\",\"urlTemplate\":\"https:\/\/loftrunway.com\/de\/?s={search_term_string}\"},\"query-input\":{\"@type\":\"PropertyValueSpecification\",\"valueRequired\":true,\"valueName\":\"search_term_string\"}}],\"inLanguage\":\"de\"},{\"@type\":\"Organization\",\"@id\":\"https:\/\/loftrunway.com\/de\/#organization\",\"name\":\"STYLORAL PTE. LTD\",\"url\":\"https:\/\/loftrunway.com\/de\/\",\"logo\":{\"@type\":\"ImageObject\",\"inLanguage\":\"de\",\"@id\":\"https:\/\/loftrunway.com\/de\/#\/schema\/logo\/image\/\",\"url\":\"https:\/\/www.loftrunway.com\/wp-content\/uploads\/2025\/12\/logo.png\",\"contentUrl\":\"https:\/\/www.loftrunway.com\/wp-content\/uploads\/2025\/12\/logo.png\",\"width\":200,\"height\":65,\"caption\":\"STYLORAL PTE. LTD\"},\"image\":{\"@id\":\"https:\/\/loftrunway.com\/de\/#\/schema\/logo\/image\/\"}}]}<\/script>\n<!-- \/ Yoast SEO plugin. -->","yoast_head_json":{"title":"Adidas Barreda 'Dark Blue Glow Blue' - JR5533 - GOAT - Loftrunway","robots":{"index":"index","follow":"follow","max-snippet":"max-snippet:-1","max-image-preview":"max-image-preview:large","max-video-preview":"max-video-preview:-1"},"canonical":"https:\/\/loftrunway.com\/de\/products\/balenciaga-arena-js-jr5533\/","og_locale":"de_DE","og_type":"article","og_title":"Adidas Barreda 'Dark Blue Glow Blue' - JR5533 - GOAT - Loftrunway","og_description":"adidas Arena \u201d\u201d Dark Blue\/Glow Blue\/Gum","og_url":"https:\/\/loftrunway.com\/de\/products\/balenciaga-arena-js-jr5533\/","og_site_name":"loftRUN Sneaker Store","article_modified_time":"2026-04-02T08:00:02+00:00","twitter_card":"summary_large_image","twitter_image":"https:\/\/images.novelship.com\/product\/balenciaga_arena_jr5533_0_9512.jpeg","twitter_misc":{"Gesch\u00e4tzte Lesezeit":"1\u00a0Minute"},"schema":{"@context":"https:\/\/schema.org","@graph":[{"@type":"WebPage","@id":"https:\/\/loftrunway.com\/de\/products\/balenciaga-arena-js-jr5533\/","url":"https:\/\/loftrunway.com\/de\/products\/balenciaga-arena-js-jr5533\/","name":"Adidas Barreda 'Dark Blue Glow Blue' - JR5533 - GOAT - Loftrunway","isPartOf":{"@id":"https:\/\/loftrunway.com\/de\/#website"},"primaryImageOfPage":{"@id":"https:\/\/loftrunway.com\/de\/products\/balenciaga-arena-js-jr5533\/#primaryimage"},"image":{"@id":"https:\/\/loftrunway.com\/de\/products\/balenciaga-arena-js-jr5533\/#primaryimage"},"thumbnailUrl":"https:\/\/images.novelship.com\/product\/balenciaga_arena_jr5533_0_9512.jpeg","datePublished":"2026-03-02T08:56:10+00:00","dateModified":"2026-04-02T08:00:02+00:00","breadcrumb":{"@id":"https:\/\/loftrunway.com\/de\/products\/balenciaga-arena-js-jr5533\/#breadcrumb"},"inLanguage":"de","potentialAction":[{"@type":"ReadAction","target":["https:\/\/loftrunway.com\/de\/products\/balenciaga-arena-js-jr5533\/"]}]},{"@type":"ImageObject","inLanguage":"de","@id":"https:\/\/loftrunway.com\/de\/products\/balenciaga-arena-js-jr5533\/#primaryimage","url":"https:\/\/images.novelship.com\/product\/balenciaga_arena_jr5533_0_9512.jpeg","contentUrl":"https:\/\/images.novelship.com\/product\/balenciaga_arena_jr5533_0_9512.jpeg"},{"@type":"BreadcrumbList","@id":"https:\/\/loftrunway.com\/de\/products\/balenciaga-arena-js-jr5533\/#breadcrumb","itemListElement":[{"@type":"ListItem","position":1,"name":"Home","item":"https:\/\/loftrunway.com\/de\/"},{"@type":"ListItem","position":2,"name":"Shop","item":"https:\/\/loftrunway.com\/de\/shop\/"},{"@type":"ListItem","position":3,"name":"Adidas Barreda &#8218;Dark Blue Glow Blue&#8216; &#8211; JR5533 &#8211; GOAT"}]},{"@type":"WebSite","@id":"https:\/\/loftrunway.com\/de\/#website","url":"https:\/\/loftrunway.com\/de\/","name":"Styloral Jewelry Shop","description":"Der Ort, an dem man alle Arten von Sneakern findet","publisher":{"@id":"https:\/\/loftrunway.com\/de\/#organization"},"potentialAction":[{"@type":"SearchAction","target":{"@type":"EntryPoint","urlTemplate":"https:\/\/loftrunway.com\/de\/?s={search_term_string}"},"query-input":{"@type":"PropertyValueSpecification","valueRequired":true,"valueName":"search_term_string"}}],"inLanguage":"de"},{"@type":"Organization","@id":"https:\/\/loftrunway.com\/de\/#organization","name":"STYLORAL PTE. LTD","url":"https:\/\/loftrunway.com\/de\/","logo":{"@type":"ImageObject","inLanguage":"de","@id":"https:\/\/loftrunway.com\/de\/#\/schema\/logo\/image\/","url":"https:\/\/www.loftrunway.com\/wp-content\/uploads\/2025\/12\/logo.png","contentUrl":"https:\/\/www.loftrunway.com\/wp-content\/uploads\/2025\/12\/logo.png","width":200,"height":65,"caption":"STYLORAL PTE. LTD"},"image":{"@id":"https:\/\/loftrunway.com\/de\/#\/schema\/logo\/image\/"}}]}},"_links":{"self":[{"href":"https:\/\/loftrunway.com\/de\/wp-json\/wp\/v2\/product\/153582","targetHints":{"allow":["GET"]}}],"collection":[{"href":"https:\/\/loftrunway.com\/de\/wp-json\/wp\/v2\/product"}],"about":[{"href":"https:\/\/loftrunway.com\/de\/wp-json\/wp\/v2\/types\/product"}],"replies":[{"embeddable":true,"href":"https:\/\/loftrunway.com\/de\/wp-json\/wp\/v2\/comments?post=153582"}],"wp:featuredmedia":[{"embeddable":true,"href":"https:\/\/loftrunway.com\/de\/wp-json\/wp\/v2\/media\/153583"}],"wp:attachment":[{"href":"https:\/\/loftrunway.com\/de\/wp-json\/wp\/v2\/media?parent=153582"}],"wp:term":[{"taxonomy":"product_brand","embeddable":true,"href":"https:\/\/loftrunway.com\/de\/wp-json\/wp\/v2\/product_brand?post=153582"},{"taxonomy":"product_cat","embeddable":true,"href":"https:\/\/loftrunway.com\/de\/wp-json\/wp\/v2\/product_cat?post=153582"},{"taxonomy":"product_tag","embeddable":true,"href":"https:\/\/loftrunway.com\/de\/wp-json\/wp\/v2\/product_tag?post=153582"}],"curies":[{"name":"wp","href":"https:\/\/api.w.org\/{rel}","templated":true}]}}