{"id":153882,"date":"2026-03-02T15:56:36","date_gmt":"2026-03-02T08:56:36","guid":{"rendered":"http:\/\/loftrunway.com\/product\/nicole-hause-x-nike-dunk-low-pro-sb-white-university-blue"},"modified":"2026-04-02T15:00:14","modified_gmt":"2026-04-02T08:00:14","slug":"nicole-hause-x-nike-dunk-low-pro-sb-white-university-blue","status":"publish","type":"product","link":"https:\/\/loftrunway.com\/de\/products\/nicole-hause-x-nike-dunk-low-pro-sb-white-university-blue\/","title":{"rendered":"Nicole Hause x Nike Dunk Low Pro SB &#8218;White University Blue&#8216;"},"content":{"rendered":"<p>Mit dem Nicole Hause x Nike Dunk Low Pro SB &#8218;White University Blue&#8216; bist du stylisch unterwegs! Diese limitierten Sneaker vereinen l\u00e4ssigen Streetstyle mit leuchtenden Farben. Gefertigt aus hochwertigem Leder und geschmeidigem Wildleder in strahlendem Wei\u00df und kr\u00e4ftigem Blau, bestechen sie durch raffinierte Perforationen und das ikonische Swoosh-Logo. Genie\u00dfe unvergleichlichen Tragekomfort dank der weichen Schaumstoff-Mittelsohle, w\u00e4hrend die griffige Gummiau\u00dfensohle f\u00fcr Stabilit\u00e4t auf jedem Terrain sorgt. Bereichere deine Sneaker-Sammlung mit diesen exklusiven Schuhen, die Fashion und Funktionalit\u00e4t perfekt vereinen.<\/p>\n<ul>\n<li><strong>Farbgebung:<\/strong> Wei\u00df\/University Blue\/Wei\u00df\/Midnight Navy\/Pure Platinum<\/li>\n<li><strong>Style-Code:<\/strong> FZ8802-100<\/li>\n<li><strong>Obermaterial:<\/strong> Leder<\/li>\n<li><strong>Mittelsohle:<\/strong> Zoom Air<\/li>\n<li><strong>Farbe:<\/strong> Wei\u00df<\/li>\n<\/ul>\n","protected":false},"excerpt":{"rendered":"<p>Nike SB Dunk Low Pro \u201d\u201d White\/University Blue\/White\/Midnight Navy\/Pure Platinum<\/p>\n","protected":false},"featured_media":153883,"comment_status":"open","ping_status":"closed","template":"","meta":[],"product_brand":[],"product_cat":[10803,41273],"product_tag":[10799,10800,10753,10801,10802,11153,10758],"class_list":{"0":"post-153882","1":"product","2":"type-product","3":"status-publish","4":"has-post-thumbnail","6":"product_cat-nike","7":"product_cat-remove","8":"product_tag-ankle-support-basketball-shoes","9":"product_tag-basketball-shoes","10":"product_tag-gift-for-him","11":"product_tag-nike","12":"product_tag-performance-sport-shoes","13":"product_tag-skateboard-shoes","14":"product_tag-under-retail","15":"wcpa_has_options","17":"first","18":"instock","19":"taxable","20":"shipping-taxable","21":"purchasable","22":"product-type-simple"},"wcpa_form_fields":{"rules":{"pric_overide_base_price":false,"pric_overide_base_price_if_gt_zero":false,"pric_overide_base_price_fully":false,"pric_cal_option_once":false,"pric_use_as_fee":false,"bind_quantity":false,"quantity_bind_formula":false},"fields":[{"type":"color-group","required":true,"elementId":"wcpa-color-group-66c4a75505e74","label":"Gr\u00f6\u00dfe - EU Gr\u00f6\u00dfe","inline":true,"priceOptions":"different_for_all","pricingType":"fixed","className":"hassizechart product-shoes-size-eu product-shoes-size","name":"color-group-66c4a75505e89","disp_type":"square","selection_type":"tick-border","disp_size":"44","show_label_inside":true,"adjust_width":true,"cart_display_type":"text","other_text":"Other","cl_rule":"show","col":6,"values":[{"label":"35.5","value":"EU 35.5","price":"","pimage":"","pimage_id":"","pthumb":"","color":""},{"label":"36","value":"EU 36","price":"","pimage":"","pimage_id":"","pthumb":"","color":"","selected":true},{"label":"36.5","value":"EU 36.5","price":"","pimage":"","pimage_id":"","pthumb":"","color":""},{"label":"37.5","value":"EU 37.5","price":"","pimage":"","pimage_id":"","pthumb":"","color":""},{"label":"38","value":"EU 38","price":"","pimage":"","pimage_id":"","pthumb":"","color":""},{"label":"38.5","value":"EU 38.5","price":"","pimage":"","pimage_id":"","pthumb":"","color":""},{"label":"39","value":"EU 39","price":"","pimage":"","pimage_id":"","pthumb":"","color":""},{"label":"40","value":"EU 40","price":"","pimage":"","pimage_id":"","pthumb":"","color":""},{"label":"40.5","value":"EU 40.5","price":"","pimage":"","pimage_id":"","pthumb":"","color":""},{"label":"41","value":"EU 41","price":"","pimage":"","pimage_id":"","pthumb":"","color":""},{"label":"42","value":"EU 42","price":"","pimage":"","pimage_id":"","pthumb":"","color":""},{"label":"42.5","value":"EU 42.5","price":"","pimage":"","pimage_id":"","pthumb":"","color":""},{"label":"43","value":"EU 43","price":"","pimage":"","pimage_id":"","pthumb":"","color":""},{"label":"44","value":"EU 44","price":"","pimage":"","pimage_id":"","pthumb":"","color":""},{"label":"44.5","value":"EU 44.5","price":"","pimage":"","pimage_id":"","pthumb":"","color":""},{"label":"45","value":"EU 45","price":"","pimage":"","pimage_id":"","pthumb":"","color":""},{"label":"45.5","value":"EU 45.5","price":"","pimage":"","pimage_id":"","pthumb":"","color":""},{"label":"46","value":"EU 46","price":"","pimage":"","pimage_id":"","pthumb":"","color":""},{"label":"47","value":"EU 47","price":"","pimage":"","pimage_id":"","pthumb":"","color":""},{"label":"47.5","value":"EU 47.5","price":"","pimage":"","pimage_id":"","pthumb":"","color":""},{"label":"48","value":"EU 48","price":"","pimage":"","pimage_id":"","pthumb":"","color":""}],"relations":[{"operator":false,"rules":[]}],"form_id":18106,"form_rules":{"pric_cal_option_once":false,"exclude_from_discount":false,"pric_use_as_fee":false,"fee_label":"Fee","render_after_acb":false,"disp_hide_options_price":false}}]},"yoast_head":"<!-- This site is optimized with the Yoast SEO plugin v26.5 - https:\/\/yoast.com\/wordpress\/plugins\/seo\/ -->\n<title>Nicole Hause x Nike Dunk Low Pro SB &#039;White University Blue&#039;  - Loftrunway<\/title>\n<meta name=\"robots\" content=\"index, follow, max-snippet:-1, max-image-preview:large, max-video-preview:-1\" \/>\n<link rel=\"canonical\" href=\"https:\/\/loftrunway.com\/de\/products\/nicole-hause-x-nike-dunk-low-pro-sb-white-university-blue\/\" \/>\n<meta property=\"og:locale\" content=\"de_DE\" \/>\n<meta property=\"og:type\" content=\"article\" \/>\n<meta property=\"og:title\" content=\"Nicole Hause x Nike Dunk Low Pro SB &#039;White University Blue&#039;  - Loftrunway\" \/>\n<meta property=\"og:description\" content=\"Nike SB Dunk Low Pro \u201d\u201d White\/University Blue\/White\/Midnight Navy\/Pure Platinum\" \/>\n<meta property=\"og:url\" content=\"https:\/\/loftrunway.com\/de\/products\/nicole-hause-x-nike-dunk-low-pro-sb-white-university-blue\/\" \/>\n<meta property=\"og:site_name\" content=\"loftRUN Sneaker Store\" \/>\n<meta property=\"article:modified_time\" content=\"2026-04-02T08:00:14+00:00\" \/>\n<meta name=\"twitter:card\" content=\"summary_large_image\" \/>\n<meta name=\"twitter:image\" content=\"https:\/\/images.novelship.com\/product\/nicole_hause_x_nike_dunk_low_pro_sb__white_univers_0_70446.jpeg\" \/>\n<meta name=\"twitter:label1\" content=\"Gesch\u00e4tzte Lesezeit\" \/>\n\t<meta name=\"twitter:data1\" content=\"1\u00a0Minute\" \/>\n<script type=\"application\/ld+json\" class=\"yoast-schema-graph\">{\"@context\":\"https:\/\/schema.org\",\"@graph\":[{\"@type\":\"WebPage\",\"@id\":\"https:\/\/loftrunway.com\/de\/products\/nicole-hause-x-nike-dunk-low-pro-sb-white-university-blue\/\",\"url\":\"https:\/\/loftrunway.com\/de\/products\/nicole-hause-x-nike-dunk-low-pro-sb-white-university-blue\/\",\"name\":\"Nicole Hause x Nike Dunk Low Pro SB 'White University Blue' - Loftrunway\",\"isPartOf\":{\"@id\":\"https:\/\/loftrunway.com\/de\/#website\"},\"primaryImageOfPage\":{\"@id\":\"https:\/\/loftrunway.com\/de\/products\/nicole-hause-x-nike-dunk-low-pro-sb-white-university-blue\/#primaryimage\"},\"image\":{\"@id\":\"https:\/\/loftrunway.com\/de\/products\/nicole-hause-x-nike-dunk-low-pro-sb-white-university-blue\/#primaryimage\"},\"thumbnailUrl\":\"https:\/\/images.novelship.com\/product\/nicole_hause_x_nike_dunk_low_pro_sb__white_univers_0_70446.jpeg\",\"datePublished\":\"2026-03-02T08:56:36+00:00\",\"dateModified\":\"2026-04-02T08:00:14+00:00\",\"breadcrumb\":{\"@id\":\"https:\/\/loftrunway.com\/de\/products\/nicole-hause-x-nike-dunk-low-pro-sb-white-university-blue\/#breadcrumb\"},\"inLanguage\":\"de\",\"potentialAction\":[{\"@type\":\"ReadAction\",\"target\":[\"https:\/\/loftrunway.com\/de\/products\/nicole-hause-x-nike-dunk-low-pro-sb-white-university-blue\/\"]}]},{\"@type\":\"ImageObject\",\"inLanguage\":\"de\",\"@id\":\"https:\/\/loftrunway.com\/de\/products\/nicole-hause-x-nike-dunk-low-pro-sb-white-university-blue\/#primaryimage\",\"url\":\"https:\/\/images.novelship.com\/product\/nicole_hause_x_nike_dunk_low_pro_sb__white_univers_0_70446.jpeg\",\"contentUrl\":\"https:\/\/images.novelship.com\/product\/nicole_hause_x_nike_dunk_low_pro_sb__white_univers_0_70446.jpeg\"},{\"@type\":\"BreadcrumbList\",\"@id\":\"https:\/\/loftrunway.com\/de\/products\/nicole-hause-x-nike-dunk-low-pro-sb-white-university-blue\/#breadcrumb\",\"itemListElement\":[{\"@type\":\"ListItem\",\"position\":1,\"name\":\"Home\",\"item\":\"https:\/\/loftrunway.com\/de\/\"},{\"@type\":\"ListItem\",\"position\":2,\"name\":\"Shop\",\"item\":\"https:\/\/loftrunway.com\/de\/shop\/\"},{\"@type\":\"ListItem\",\"position\":3,\"name\":\"Nicole Hause x Nike Dunk Low Pro SB &#8218;White University Blue&#8216;\"}]},{\"@type\":\"WebSite\",\"@id\":\"https:\/\/loftrunway.com\/de\/#website\",\"url\":\"https:\/\/loftrunway.com\/de\/\",\"name\":\"Styloral Jewelry Shop\",\"description\":\"Der Ort, an dem man alle Arten von Sneakern findet\",\"publisher\":{\"@id\":\"https:\/\/loftrunway.com\/de\/#organization\"},\"potentialAction\":[{\"@type\":\"SearchAction\",\"target\":{\"@type\":\"EntryPoint\",\"urlTemplate\":\"https:\/\/loftrunway.com\/de\/?s={search_term_string}\"},\"query-input\":{\"@type\":\"PropertyValueSpecification\",\"valueRequired\":true,\"valueName\":\"search_term_string\"}}],\"inLanguage\":\"de\"},{\"@type\":\"Organization\",\"@id\":\"https:\/\/loftrunway.com\/de\/#organization\",\"name\":\"STYLORAL PTE. LTD\",\"url\":\"https:\/\/loftrunway.com\/de\/\",\"logo\":{\"@type\":\"ImageObject\",\"inLanguage\":\"de\",\"@id\":\"https:\/\/loftrunway.com\/de\/#\/schema\/logo\/image\/\",\"url\":\"https:\/\/www.loftrunway.com\/wp-content\/uploads\/2025\/12\/logo.png\",\"contentUrl\":\"https:\/\/www.loftrunway.com\/wp-content\/uploads\/2025\/12\/logo.png\",\"width\":200,\"height\":65,\"caption\":\"STYLORAL PTE. LTD\"},\"image\":{\"@id\":\"https:\/\/loftrunway.com\/de\/#\/schema\/logo\/image\/\"}}]}<\/script>\n<!-- \/ Yoast SEO plugin. -->","yoast_head_json":{"title":"Nicole Hause x Nike Dunk Low Pro SB 'White University Blue'  - Loftrunway","robots":{"index":"index","follow":"follow","max-snippet":"max-snippet:-1","max-image-preview":"max-image-preview:large","max-video-preview":"max-video-preview:-1"},"canonical":"https:\/\/loftrunway.com\/de\/products\/nicole-hause-x-nike-dunk-low-pro-sb-white-university-blue\/","og_locale":"de_DE","og_type":"article","og_title":"Nicole Hause x Nike Dunk Low Pro SB 'White University Blue'  - Loftrunway","og_description":"Nike SB Dunk Low Pro \u201d\u201d White\/University Blue\/White\/Midnight Navy\/Pure Platinum","og_url":"https:\/\/loftrunway.com\/de\/products\/nicole-hause-x-nike-dunk-low-pro-sb-white-university-blue\/","og_site_name":"loftRUN Sneaker Store","article_modified_time":"2026-04-02T08:00:14+00:00","twitter_card":"summary_large_image","twitter_image":"https:\/\/images.novelship.com\/product\/nicole_hause_x_nike_dunk_low_pro_sb__white_univers_0_70446.jpeg","twitter_misc":{"Gesch\u00e4tzte Lesezeit":"1\u00a0Minute"},"schema":{"@context":"https:\/\/schema.org","@graph":[{"@type":"WebPage","@id":"https:\/\/loftrunway.com\/de\/products\/nicole-hause-x-nike-dunk-low-pro-sb-white-university-blue\/","url":"https:\/\/loftrunway.com\/de\/products\/nicole-hause-x-nike-dunk-low-pro-sb-white-university-blue\/","name":"Nicole Hause x Nike Dunk Low Pro SB 'White University Blue' - Loftrunway","isPartOf":{"@id":"https:\/\/loftrunway.com\/de\/#website"},"primaryImageOfPage":{"@id":"https:\/\/loftrunway.com\/de\/products\/nicole-hause-x-nike-dunk-low-pro-sb-white-university-blue\/#primaryimage"},"image":{"@id":"https:\/\/loftrunway.com\/de\/products\/nicole-hause-x-nike-dunk-low-pro-sb-white-university-blue\/#primaryimage"},"thumbnailUrl":"https:\/\/images.novelship.com\/product\/nicole_hause_x_nike_dunk_low_pro_sb__white_univers_0_70446.jpeg","datePublished":"2026-03-02T08:56:36+00:00","dateModified":"2026-04-02T08:00:14+00:00","breadcrumb":{"@id":"https:\/\/loftrunway.com\/de\/products\/nicole-hause-x-nike-dunk-low-pro-sb-white-university-blue\/#breadcrumb"},"inLanguage":"de","potentialAction":[{"@type":"ReadAction","target":["https:\/\/loftrunway.com\/de\/products\/nicole-hause-x-nike-dunk-low-pro-sb-white-university-blue\/"]}]},{"@type":"ImageObject","inLanguage":"de","@id":"https:\/\/loftrunway.com\/de\/products\/nicole-hause-x-nike-dunk-low-pro-sb-white-university-blue\/#primaryimage","url":"https:\/\/images.novelship.com\/product\/nicole_hause_x_nike_dunk_low_pro_sb__white_univers_0_70446.jpeg","contentUrl":"https:\/\/images.novelship.com\/product\/nicole_hause_x_nike_dunk_low_pro_sb__white_univers_0_70446.jpeg"},{"@type":"BreadcrumbList","@id":"https:\/\/loftrunway.com\/de\/products\/nicole-hause-x-nike-dunk-low-pro-sb-white-university-blue\/#breadcrumb","itemListElement":[{"@type":"ListItem","position":1,"name":"Home","item":"https:\/\/loftrunway.com\/de\/"},{"@type":"ListItem","position":2,"name":"Shop","item":"https:\/\/loftrunway.com\/de\/shop\/"},{"@type":"ListItem","position":3,"name":"Nicole Hause x Nike Dunk Low Pro SB &#8218;White University Blue&#8216;"}]},{"@type":"WebSite","@id":"https:\/\/loftrunway.com\/de\/#website","url":"https:\/\/loftrunway.com\/de\/","name":"Styloral Jewelry Shop","description":"Der Ort, an dem man alle Arten von Sneakern findet","publisher":{"@id":"https:\/\/loftrunway.com\/de\/#organization"},"potentialAction":[{"@type":"SearchAction","target":{"@type":"EntryPoint","urlTemplate":"https:\/\/loftrunway.com\/de\/?s={search_term_string}"},"query-input":{"@type":"PropertyValueSpecification","valueRequired":true,"valueName":"search_term_string"}}],"inLanguage":"de"},{"@type":"Organization","@id":"https:\/\/loftrunway.com\/de\/#organization","name":"STYLORAL PTE. LTD","url":"https:\/\/loftrunway.com\/de\/","logo":{"@type":"ImageObject","inLanguage":"de","@id":"https:\/\/loftrunway.com\/de\/#\/schema\/logo\/image\/","url":"https:\/\/www.loftrunway.com\/wp-content\/uploads\/2025\/12\/logo.png","contentUrl":"https:\/\/www.loftrunway.com\/wp-content\/uploads\/2025\/12\/logo.png","width":200,"height":65,"caption":"STYLORAL PTE. LTD"},"image":{"@id":"https:\/\/loftrunway.com\/de\/#\/schema\/logo\/image\/"}}]}},"_links":{"self":[{"href":"https:\/\/loftrunway.com\/de\/wp-json\/wp\/v2\/product\/153882","targetHints":{"allow":["GET"]}}],"collection":[{"href":"https:\/\/loftrunway.com\/de\/wp-json\/wp\/v2\/product"}],"about":[{"href":"https:\/\/loftrunway.com\/de\/wp-json\/wp\/v2\/types\/product"}],"replies":[{"embeddable":true,"href":"https:\/\/loftrunway.com\/de\/wp-json\/wp\/v2\/comments?post=153882"}],"wp:featuredmedia":[{"embeddable":true,"href":"https:\/\/loftrunway.com\/de\/wp-json\/wp\/v2\/media\/153883"}],"wp:attachment":[{"href":"https:\/\/loftrunway.com\/de\/wp-json\/wp\/v2\/media?parent=153882"}],"wp:term":[{"taxonomy":"product_brand","embeddable":true,"href":"https:\/\/loftrunway.com\/de\/wp-json\/wp\/v2\/product_brand?post=153882"},{"taxonomy":"product_cat","embeddable":true,"href":"https:\/\/loftrunway.com\/de\/wp-json\/wp\/v2\/product_cat?post=153882"},{"taxonomy":"product_tag","embeddable":true,"href":"https:\/\/loftrunway.com\/de\/wp-json\/wp\/v2\/product_tag?post=153882"}],"curies":[{"name":"wp","href":"https:\/\/api.w.org\/{rel}","templated":true}]}}