{"id":154425,"date":"2026-03-02T15:57:23","date_gmt":"2026-03-02T08:57:23","guid":{"rendered":"http:\/\/loftrunway.com\/product\/cecilie-bahnsen-x-asics-gel-terrain-sepia"},"modified":"2026-04-02T15:00:33","modified_gmt":"2026-04-02T08:00:33","slug":"cecilie-bahnsen-x-asics-gel-terrain-sepia","status":"publish","type":"product","link":"https:\/\/loftrunway.com\/de\/products\/cecilie-bahnsen-x-asics-gel-terrain-sepia\/","title":{"rendered":"Cecilie Bahnsen x ASICS Gel Terrain &#8218;Sepia&#8216;"},"content":{"rendered":"<p>Wir pr\u00e4sentieren den Cecilie Bahnsen x ASICS Gel Terrain \u201eSepia\u201c 1203A526-200 \u201d\u201c skandinavische Eleganz trifft auf innovative Performance. Dieser Sneaker in limitierter Auflage vereint Bahnsens charakteristisches romantisches Design mit der fortschrittlichen Technologie von ASICS und bietet so unvergleichlichen Komfort und Style. Die Farbvariante \u201eSepia\u201c besticht durch feine Texturen und raffinierte Details und verleiht jedem Casual-Look einen Hauch von Eleganz. Ideal f\u00fcr urbane Entdecker und Fashionistas gleicherma\u00dfen: Diese Sneaker bieten hervorragenden Halt und hohe Strapazierf\u00e4higkeit. Step<\/p>\n<ul>\n<li><strong>Farbgebung:<\/strong> Sepia\/Sepia<\/li>\n<li><strong>Artikelnummer:<\/strong> 1203A526-200<\/li>\n<li><strong>Obermaterial:<\/strong> Mesh<\/li>\n<li><strong>Zwischensohle:<\/strong> Gel<\/li>\n<li><strong>Farbe:<\/strong> Braun<\/li>\n<li><strong>Erscheinungsjahr:<\/strong> 2024<\/li>\n<\/ul>\n","protected":false},"excerpt":{"rendered":"<p>ASICS Gel Terrain \u201d\u201d Sepia\/Sepia<\/p>\n","protected":false},"featured_media":154426,"comment_status":"open","ping_status":"closed","template":"","meta":[],"product_brand":[],"product_cat":[10792,41273],"product_tag":[10791,10753,10754,10765,10768,10785,10758],"class_list":{"0":"post-154425","1":"product","2":"type-product","3":"status-publish","4":"has-post-thumbnail","6":"product_cat-asics","7":"product_cat-remove","8":"product_tag-asics","9":"product_tag-gift-for-him","10":"product_tag-lifestyle-casual-shoes","11":"product_tag-lifestyle-shoes-running-inspired","12":"product_tag-retro-running-shoes","13":"product_tag-trending-deals","14":"product_tag-under-retail","15":"wcpa_has_options","17":"first","18":"instock","19":"taxable","20":"shipping-taxable","21":"purchasable","22":"product-type-simple"},"wcpa_form_fields":{"rules":{"pric_overide_base_price":false,"pric_overide_base_price_if_gt_zero":false,"pric_overide_base_price_fully":false,"pric_cal_option_once":false,"pric_use_as_fee":false,"bind_quantity":false,"quantity_bind_formula":false},"fields":[{"type":"color-group","required":true,"elementId":"wcpa-color-group-69a5ab08ee12d","label":"Gr\u00f6\u00dfe","inline":true,"priceOptions":"different_for_all","pricingType":"fixed","className":"hassizechart product-shoes-size-eu product-shoes-size","name":"color-group-69a5ab08ee136","disp_type":"square","selection_type":"tick-border","disp_size":"50","show_label_inside":true,"adjust_width":true,"cart_display_type":"text","other_text":"Other","cl_rule":"show","col":6,"values":[{"label":"36","value":"EU 36","price":"","pimage":"","pimage_id":"","pthumb":"","color":"","selected":true},{"label":"37","value":"EU 37","price":"","pimage":"","pimage_id":"","pthumb":"","color":""},{"label":"37.5","value":"EU 37.5","price":"","pimage":"","pimage_id":"","pthumb":"","color":""},{"label":"38","value":"EU 38","price":"","pimage":"","pimage_id":"","pthumb":"","color":""},{"label":"38.5","value":"EU 38.5","price":"","pimage":"","pimage_id":"","pthumb":"","color":""},{"label":"39","value":"EU 39","price":"","pimage":"","pimage_id":"","pthumb":"","color":""},{"label":"39.5","value":"EU 39.5","price":"","pimage":"","pimage_id":"","pthumb":"","color":""},{"label":"40","value":"EU 40","price":"","pimage":"","pimage_id":"","pthumb":"","color":""},{"label":"40.5","value":"EU 40.5","price":"","pimage":"","pimage_id":"","pthumb":"","color":""},{"label":" 41.5","value":"EU 41.5","price":"","pimage":"","pimage_id":"","pthumb":"","color":""},{"label":"42","value":"EU 42","price":"","pimage":"","pimage_id":"","pthumb":"","color":""},{"label":"42.5","value":"EU 42.5","price":"","pimage":"","pimage_id":"","pthumb":"","color":""},{"label":"43.5","value":"EU 43.5","price":"","pimage":"","pimage_id":"","pthumb":"","color":""},{"label":"44","value":"EU 44","price":"","pimage":"","pimage_id":"","pthumb":"","color":""},{"label":"44.5","value":"EU 44.5","price":"","pimage":"","pimage_id":"","pthumb":"","color":""},{"label":"45","value":"EU 45","price":"","pimage":"","pimage_id":"","pthumb":"","color":""}],"relations":[{"operator":false,"rules":[]}],"form_id":184311,"form_rules":{"pric_cal_option_once":false,"exclude_from_discount":false,"pric_use_as_fee":false,"fee_label":"Fee","render_after_acb":false,"disp_hide_options_price":false}}]},"yoast_head":"<!-- This site is optimized with the Yoast SEO plugin v26.5 - https:\/\/yoast.com\/wordpress\/plugins\/seo\/ -->\n<title>Cecilie Bahnsen x ASICS Gel Terrain &#039;Sepia&#039;  - Loftrunway<\/title>\n<meta name=\"robots\" content=\"index, follow, max-snippet:-1, max-image-preview:large, max-video-preview:-1\" \/>\n<link rel=\"canonical\" href=\"https:\/\/loftrunway.com\/de\/products\/cecilie-bahnsen-x-asics-gel-terrain-sepia\/\" \/>\n<meta property=\"og:locale\" content=\"de_DE\" \/>\n<meta property=\"og:type\" content=\"article\" \/>\n<meta property=\"og:title\" content=\"Cecilie Bahnsen x ASICS Gel Terrain &#039;Sepia&#039;  - Loftrunway\" \/>\n<meta property=\"og:description\" content=\"ASICS Gel Terrain \u201d\u201d Sepia\/Sepia\" \/>\n<meta property=\"og:url\" content=\"https:\/\/loftrunway.com\/de\/products\/cecilie-bahnsen-x-asics-gel-terrain-sepia\/\" \/>\n<meta property=\"og:site_name\" content=\"loftRUN Sneaker Store\" \/>\n<meta property=\"article:modified_time\" content=\"2026-04-02T08:00:33+00:00\" \/>\n<meta name=\"twitter:card\" content=\"summary_large_image\" \/>\n<meta name=\"twitter:image\" content=\"https:\/\/images.novelship.com\/product\/cecilie_bahnsen_x_asics_gel_terrain__sepia__1203a5_0_25047.jpeg\" \/>\n<script type=\"application\/ld+json\" class=\"yoast-schema-graph\">{\"@context\":\"https:\/\/schema.org\",\"@graph\":[{\"@type\":\"WebPage\",\"@id\":\"https:\/\/loftrunway.com\/de\/products\/cecilie-bahnsen-x-asics-gel-terrain-sepia\/\",\"url\":\"https:\/\/loftrunway.com\/de\/products\/cecilie-bahnsen-x-asics-gel-terrain-sepia\/\",\"name\":\"Cecilie Bahnsen x ASICS Gel Terrain 'Sepia' - Loftrunway\",\"isPartOf\":{\"@id\":\"https:\/\/loftrunway.com\/de\/#website\"},\"primaryImageOfPage\":{\"@id\":\"https:\/\/loftrunway.com\/de\/products\/cecilie-bahnsen-x-asics-gel-terrain-sepia\/#primaryimage\"},\"image\":{\"@id\":\"https:\/\/loftrunway.com\/de\/products\/cecilie-bahnsen-x-asics-gel-terrain-sepia\/#primaryimage\"},\"thumbnailUrl\":\"https:\/\/images.novelship.com\/product\/cecilie_bahnsen_x_asics_gel_terrain__sepia__1203a5_0_25047.jpeg\",\"datePublished\":\"2026-03-02T08:57:23+00:00\",\"dateModified\":\"2026-04-02T08:00:33+00:00\",\"breadcrumb\":{\"@id\":\"https:\/\/loftrunway.com\/de\/products\/cecilie-bahnsen-x-asics-gel-terrain-sepia\/#breadcrumb\"},\"inLanguage\":\"de\",\"potentialAction\":[{\"@type\":\"ReadAction\",\"target\":[\"https:\/\/loftrunway.com\/de\/products\/cecilie-bahnsen-x-asics-gel-terrain-sepia\/\"]}]},{\"@type\":\"ImageObject\",\"inLanguage\":\"de\",\"@id\":\"https:\/\/loftrunway.com\/de\/products\/cecilie-bahnsen-x-asics-gel-terrain-sepia\/#primaryimage\",\"url\":\"https:\/\/images.novelship.com\/product\/cecilie_bahnsen_x_asics_gel_terrain__sepia__1203a5_0_25047.jpeg\",\"contentUrl\":\"https:\/\/images.novelship.com\/product\/cecilie_bahnsen_x_asics_gel_terrain__sepia__1203a5_0_25047.jpeg\"},{\"@type\":\"BreadcrumbList\",\"@id\":\"https:\/\/loftrunway.com\/de\/products\/cecilie-bahnsen-x-asics-gel-terrain-sepia\/#breadcrumb\",\"itemListElement\":[{\"@type\":\"ListItem\",\"position\":1,\"name\":\"Home\",\"item\":\"https:\/\/loftrunway.com\/de\/\"},{\"@type\":\"ListItem\",\"position\":2,\"name\":\"Shop\",\"item\":\"https:\/\/loftrunway.com\/de\/shop\/\"},{\"@type\":\"ListItem\",\"position\":3,\"name\":\"Cecilie Bahnsen x ASICS Gel Terrain &#8218;Sepia&#8216;\"}]},{\"@type\":\"WebSite\",\"@id\":\"https:\/\/loftrunway.com\/de\/#website\",\"url\":\"https:\/\/loftrunway.com\/de\/\",\"name\":\"Styloral Jewelry Shop\",\"description\":\"Der Ort, an dem man alle Arten von Sneakern findet\",\"publisher\":{\"@id\":\"https:\/\/loftrunway.com\/de\/#organization\"},\"potentialAction\":[{\"@type\":\"SearchAction\",\"target\":{\"@type\":\"EntryPoint\",\"urlTemplate\":\"https:\/\/loftrunway.com\/de\/?s={search_term_string}\"},\"query-input\":{\"@type\":\"PropertyValueSpecification\",\"valueRequired\":true,\"valueName\":\"search_term_string\"}}],\"inLanguage\":\"de\"},{\"@type\":\"Organization\",\"@id\":\"https:\/\/loftrunway.com\/de\/#organization\",\"name\":\"STYLORAL PTE. LTD\",\"url\":\"https:\/\/loftrunway.com\/de\/\",\"logo\":{\"@type\":\"ImageObject\",\"inLanguage\":\"de\",\"@id\":\"https:\/\/loftrunway.com\/de\/#\/schema\/logo\/image\/\",\"url\":\"https:\/\/www.loftrunway.com\/wp-content\/uploads\/2025\/12\/logo.png\",\"contentUrl\":\"https:\/\/www.loftrunway.com\/wp-content\/uploads\/2025\/12\/logo.png\",\"width\":200,\"height\":65,\"caption\":\"STYLORAL PTE. LTD\"},\"image\":{\"@id\":\"https:\/\/loftrunway.com\/de\/#\/schema\/logo\/image\/\"}}]}<\/script>\n<!-- \/ Yoast SEO plugin. -->","yoast_head_json":{"title":"Cecilie Bahnsen x ASICS Gel Terrain 'Sepia'  - Loftrunway","robots":{"index":"index","follow":"follow","max-snippet":"max-snippet:-1","max-image-preview":"max-image-preview:large","max-video-preview":"max-video-preview:-1"},"canonical":"https:\/\/loftrunway.com\/de\/products\/cecilie-bahnsen-x-asics-gel-terrain-sepia\/","og_locale":"de_DE","og_type":"article","og_title":"Cecilie Bahnsen x ASICS Gel Terrain 'Sepia'  - Loftrunway","og_description":"ASICS Gel Terrain \u201d\u201d Sepia\/Sepia","og_url":"https:\/\/loftrunway.com\/de\/products\/cecilie-bahnsen-x-asics-gel-terrain-sepia\/","og_site_name":"loftRUN Sneaker Store","article_modified_time":"2026-04-02T08:00:33+00:00","twitter_card":"summary_large_image","twitter_image":"https:\/\/images.novelship.com\/product\/cecilie_bahnsen_x_asics_gel_terrain__sepia__1203a5_0_25047.jpeg","schema":{"@context":"https:\/\/schema.org","@graph":[{"@type":"WebPage","@id":"https:\/\/loftrunway.com\/de\/products\/cecilie-bahnsen-x-asics-gel-terrain-sepia\/","url":"https:\/\/loftrunway.com\/de\/products\/cecilie-bahnsen-x-asics-gel-terrain-sepia\/","name":"Cecilie Bahnsen x ASICS Gel Terrain 'Sepia' - Loftrunway","isPartOf":{"@id":"https:\/\/loftrunway.com\/de\/#website"},"primaryImageOfPage":{"@id":"https:\/\/loftrunway.com\/de\/products\/cecilie-bahnsen-x-asics-gel-terrain-sepia\/#primaryimage"},"image":{"@id":"https:\/\/loftrunway.com\/de\/products\/cecilie-bahnsen-x-asics-gel-terrain-sepia\/#primaryimage"},"thumbnailUrl":"https:\/\/images.novelship.com\/product\/cecilie_bahnsen_x_asics_gel_terrain__sepia__1203a5_0_25047.jpeg","datePublished":"2026-03-02T08:57:23+00:00","dateModified":"2026-04-02T08:00:33+00:00","breadcrumb":{"@id":"https:\/\/loftrunway.com\/de\/products\/cecilie-bahnsen-x-asics-gel-terrain-sepia\/#breadcrumb"},"inLanguage":"de","potentialAction":[{"@type":"ReadAction","target":["https:\/\/loftrunway.com\/de\/products\/cecilie-bahnsen-x-asics-gel-terrain-sepia\/"]}]},{"@type":"ImageObject","inLanguage":"de","@id":"https:\/\/loftrunway.com\/de\/products\/cecilie-bahnsen-x-asics-gel-terrain-sepia\/#primaryimage","url":"https:\/\/images.novelship.com\/product\/cecilie_bahnsen_x_asics_gel_terrain__sepia__1203a5_0_25047.jpeg","contentUrl":"https:\/\/images.novelship.com\/product\/cecilie_bahnsen_x_asics_gel_terrain__sepia__1203a5_0_25047.jpeg"},{"@type":"BreadcrumbList","@id":"https:\/\/loftrunway.com\/de\/products\/cecilie-bahnsen-x-asics-gel-terrain-sepia\/#breadcrumb","itemListElement":[{"@type":"ListItem","position":1,"name":"Home","item":"https:\/\/loftrunway.com\/de\/"},{"@type":"ListItem","position":2,"name":"Shop","item":"https:\/\/loftrunway.com\/de\/shop\/"},{"@type":"ListItem","position":3,"name":"Cecilie Bahnsen x ASICS Gel Terrain &#8218;Sepia&#8216;"}]},{"@type":"WebSite","@id":"https:\/\/loftrunway.com\/de\/#website","url":"https:\/\/loftrunway.com\/de\/","name":"Styloral Jewelry Shop","description":"Der Ort, an dem man alle Arten von Sneakern findet","publisher":{"@id":"https:\/\/loftrunway.com\/de\/#organization"},"potentialAction":[{"@type":"SearchAction","target":{"@type":"EntryPoint","urlTemplate":"https:\/\/loftrunway.com\/de\/?s={search_term_string}"},"query-input":{"@type":"PropertyValueSpecification","valueRequired":true,"valueName":"search_term_string"}}],"inLanguage":"de"},{"@type":"Organization","@id":"https:\/\/loftrunway.com\/de\/#organization","name":"STYLORAL PTE. LTD","url":"https:\/\/loftrunway.com\/de\/","logo":{"@type":"ImageObject","inLanguage":"de","@id":"https:\/\/loftrunway.com\/de\/#\/schema\/logo\/image\/","url":"https:\/\/www.loftrunway.com\/wp-content\/uploads\/2025\/12\/logo.png","contentUrl":"https:\/\/www.loftrunway.com\/wp-content\/uploads\/2025\/12\/logo.png","width":200,"height":65,"caption":"STYLORAL PTE. LTD"},"image":{"@id":"https:\/\/loftrunway.com\/de\/#\/schema\/logo\/image\/"}}]}},"_links":{"self":[{"href":"https:\/\/loftrunway.com\/de\/wp-json\/wp\/v2\/product\/154425","targetHints":{"allow":["GET"]}}],"collection":[{"href":"https:\/\/loftrunway.com\/de\/wp-json\/wp\/v2\/product"}],"about":[{"href":"https:\/\/loftrunway.com\/de\/wp-json\/wp\/v2\/types\/product"}],"replies":[{"embeddable":true,"href":"https:\/\/loftrunway.com\/de\/wp-json\/wp\/v2\/comments?post=154425"}],"wp:featuredmedia":[{"embeddable":true,"href":"https:\/\/loftrunway.com\/de\/wp-json\/wp\/v2\/media\/154426"}],"wp:attachment":[{"href":"https:\/\/loftrunway.com\/de\/wp-json\/wp\/v2\/media?parent=154425"}],"wp:term":[{"taxonomy":"product_brand","embeddable":true,"href":"https:\/\/loftrunway.com\/de\/wp-json\/wp\/v2\/product_brand?post=154425"},{"taxonomy":"product_cat","embeddable":true,"href":"https:\/\/loftrunway.com\/de\/wp-json\/wp\/v2\/product_cat?post=154425"},{"taxonomy":"product_tag","embeddable":true,"href":"https:\/\/loftrunway.com\/de\/wp-json\/wp\/v2\/product_tag?post=154425"}],"curies":[{"name":"wp","href":"https:\/\/api.w.org\/{rel}","templated":true}]}}