{"id":155630,"date":"2026-03-02T15:59:16","date_gmt":"2026-03-02T08:59:16","guid":{"rendered":"http:\/\/loftrunway.com\/product\/adidas-f50-elite-laceless-fg-soccer-cleats-purple-rushcloud-whitelucid-lemon"},"modified":"2026-04-03T19:43:38","modified_gmt":"2026-04-03T12:43:38","slug":"adidas-f50-elite-laceless-fg-soccer-cleats-purple-rushcloud-whitelucid-lemon","status":"publish","type":"product","link":"https:\/\/loftrunway.com\/de\/products\/adidas-f50-elite-laceless-fg-soccer-cleats-purple-rushcloud-whitelucid-lemon\/","title":{"rendered":"Adidas F50 Elite Laceless FG Soccer Cleats Purple Rush\/Cloud White\/Lucid Lemon"},"content":{"rendered":"<p>Verbessere dein Spiel mit den Adidas F50 Elite Laceless FG Fu\u00dfballschuhen f\u00fcr Damen \u201d\u201c entwickelt f\u00fcr unvergleichliche Agilit\u00e4t und Pr\u00e4zision. Die atemberaubende Farbkombination aus Purple Rush, Cloud White und Lucid Lemon sorgt f\u00fcr einen starken Auftritt auf dem Platz. Dank des revolution\u00e4ren schn\u00fcrsenkellosen Designs f\u00fcr optimale Performance und verbesserten Grip auf festem Untergrund sind diese Schuhe ideal f\u00fcr Spielerinnen, die h\u00f6chste Geschwindigkeit und Kontrolle suchen. Erlebe Fu\u00dfball auf einem neuen Level mit modernster Technologie, die dir einen Vorsprung vor der Konkurrenz verschafft.<\/p>\n<ul>\n<li><strong>Farbkombination:<\/strong> Purple Rush\/Cloud White\/Lucid Lemon<\/li>\n<li><strong>Artikelnummer:<\/strong> JH7628<\/li>\n<li><strong>Obermaterial:<\/strong> Fibertouch<\/li>\n<li><strong>Farbe:<\/strong> Lila<\/li>\n<\/ul>\n","protected":false},"excerpt":{"rendered":"<p>adidas F50 Elite Laceless FG \u201d\u201d Purple Rush\/Cloud White\/Lucid Lemon<\/p>\n","protected":false},"featured_media":155631,"comment_status":"open","ping_status":"closed","template":"","meta":[],"product_brand":[],"product_cat":[10760],"product_tag":[10759,11087,10802,10987,10758],"class_list":{"0":"post-155630","1":"product","2":"type-product","3":"status-publish","4":"has-post-thumbnail","6":"product_cat-adidas","7":"product_tag-adidas","8":"product_tag-firm-ground-fg-football-boots","9":"product_tag-performance-sport-shoes","10":"product_tag-soccer-shoes-football-cleats","11":"product_tag-under-retail","12":"wcpa_has_options","14":"first","15":"instock","16":"sale","17":"taxable","18":"shipping-taxable","19":"purchasable","20":"product-type-simple"},"wcpa_form_fields":{"rules":{"pric_overide_base_price":false,"pric_overide_base_price_if_gt_zero":false,"pric_overide_base_price_fully":false,"pric_cal_option_once":false,"pric_use_as_fee":false,"bind_quantity":false,"quantity_bind_formula":false},"fields":[{"type":"color-group","required":true,"elementId":"wcpa-color-group-66c4a7f817afe","label":"Gr\u00f6\u00dfe","inline":true,"priceOptions":"different_for_all","pricingType":"fixed","className":"hassizechart product-shoes-size-eu product-shoes-size","name":"color-group-66c4a7f817b18","disp_type":"square","selection_type":"tick-border","disp_size":"50","show_label_inside":true,"adjust_width":true,"cart_display_type":"text","other_text":"Other","cl_rule":"show","col":6,"values":[{"label":"35","value":"EU 35","price":"","pimage":"","pimage_id":"","pthumb":"","color":""},{"label":"35.5","value":"EU 35.5","price":"","pimage":"","pimage_id":"","pthumb":"","color":""},{"label":"36","value":"EU 36","price":"","pimage":"","pimage_id":"","pthumb":"","color":"","selected":true},{"label":"36 2\/3","value":"EU 36 2\/3","price":"","pimage":"","pimage_id":"","pthumb":"","color":""},{"label":"37 1\/3","value":"EU 37 1\/3","price":"","pimage":"","pimage_id":"","pthumb":"","color":""},{"label":"38","value":"EU 38","price":"","pimage":"","pimage_id":"","pthumb":"","color":""},{"label":"38 2\/3","value":"EU 38 2\/3","price":"","pimage":"","pimage_id":"","pthumb":"","color":""},{"label":"39 1\/3","value":"EU 39 1\/3","price":"","pimage":"","pimage_id":"","pthumb":"","color":""},{"label":"40","value":"EU 40","price":"","pimage":"","pimage_id":"","pthumb":"","color":""},{"label":"40 2\/3","value":"EU 40 2\/3","price":"","pimage":"","pimage_id":"","pthumb":"","color":""},{"label":"41 1\/3","value":"EU 41 1\/3","price":"","pimage":"","pimage_id":"","pthumb":"","color":""},{"label":"42","value":"EU 42","price":"","pimage":"","pimage_id":"","pthumb":"","color":""},{"label":"42 2\/3","value":"EU 42 2\/3","price":"","pimage":"","pimage_id":"","pthumb":"","color":""},{"label":"43 1\/3","value":"EU 43 1\/3","price":"","pimage":"","pimage_id":"","pthumb":"","color":""},{"label":"44","value":"EU 44","price":"","pimage":"","pimage_id":"","pthumb":"","color":""},{"label":"44 2\/3","value":"EU 44 2\/3","price":"","pimage":"","pimage_id":"","pthumb":"","color":""},{"label":"45 1\/3","value":"EU 45 1\/3","price":"","pimage":"","pimage_id":"","pthumb":"","color":""},{"label":"46","value":"EU 46","price":"","pimage":"","pimage_id":"","pthumb":"","color":""},{"label":"46 2\/3","value":"EU 46 2\/3","price":"","pimage":"","pimage_id":"","pthumb":"","color":""},{"label":"47 1\/3","value":"EU 47 1\/3","price":"","pimage":"","pimage_id":"","pthumb":"","color":""}],"relations":[{"operator":false,"rules":[]}],"form_id":24802,"form_rules":{"pric_cal_option_once":false,"exclude_from_discount":false,"pric_use_as_fee":false,"fee_label":"Fee","render_after_acb":false,"disp_hide_options_price":false}}]},"yoast_head":"<!-- This site is optimized with the Yoast SEO plugin v26.5 - https:\/\/yoast.com\/wordpress\/plugins\/seo\/ -->\n<title>Adidas F50 Elite Laceless FG Soccer Cleats Purple Rush\/Cloud White\/Lucid Lemon  - Loftrunway<\/title>\n<meta name=\"robots\" content=\"index, follow, max-snippet:-1, max-image-preview:large, max-video-preview:-1\" \/>\n<link rel=\"canonical\" href=\"https:\/\/loftrunway.com\/de\/products\/adidas-f50-elite-laceless-fg-soccer-cleats-purple-rushcloud-whitelucid-lemon\/\" \/>\n<meta property=\"og:locale\" content=\"de_DE\" \/>\n<meta property=\"og:type\" content=\"article\" \/>\n<meta property=\"og:title\" content=\"Adidas F50 Elite Laceless FG Soccer Cleats Purple Rush\/Cloud White\/Lucid Lemon  - Loftrunway\" \/>\n<meta property=\"og:description\" content=\"adidas F50 Elite Laceless FG \u201d\u201d Purple Rush\/Cloud White\/Lucid Lemon\" \/>\n<meta property=\"og:url\" content=\"https:\/\/loftrunway.com\/de\/products\/adidas-f50-elite-laceless-fg-soccer-cleats-purple-rushcloud-whitelucid-lemon\/\" \/>\n<meta property=\"og:site_name\" content=\"loftRUN Sneaker Store\" \/>\n<meta property=\"article:modified_time\" content=\"2026-04-03T12:43:38+00:00\" \/>\n<meta name=\"twitter:card\" content=\"summary_large_image\" \/>\n<meta name=\"twitter:image\" content=\"https:\/\/images.novelship.com\/product\/adidas_f50_elite_laceless_fg_soccer_cleats_purple__0_56676.jpeg\" \/>\n<meta name=\"twitter:label1\" content=\"Gesch\u00e4tzte Lesezeit\" \/>\n\t<meta name=\"twitter:data1\" content=\"1\u00a0Minute\" \/>\n<script type=\"application\/ld+json\" class=\"yoast-schema-graph\">{\"@context\":\"https:\/\/schema.org\",\"@graph\":[{\"@type\":\"WebPage\",\"@id\":\"https:\/\/loftrunway.com\/de\/products\/adidas-f50-elite-laceless-fg-soccer-cleats-purple-rushcloud-whitelucid-lemon\/\",\"url\":\"https:\/\/loftrunway.com\/de\/products\/adidas-f50-elite-laceless-fg-soccer-cleats-purple-rushcloud-whitelucid-lemon\/\",\"name\":\"Adidas F50 Elite Laceless FG Soccer Cleats Purple Rush\/Cloud White\/Lucid Lemon - Loftrunway\",\"isPartOf\":{\"@id\":\"https:\/\/loftrunway.com\/de\/#website\"},\"primaryImageOfPage\":{\"@id\":\"https:\/\/loftrunway.com\/de\/products\/adidas-f50-elite-laceless-fg-soccer-cleats-purple-rushcloud-whitelucid-lemon\/#primaryimage\"},\"image\":{\"@id\":\"https:\/\/loftrunway.com\/de\/products\/adidas-f50-elite-laceless-fg-soccer-cleats-purple-rushcloud-whitelucid-lemon\/#primaryimage\"},\"thumbnailUrl\":\"https:\/\/images.novelship.com\/product\/adidas_f50_elite_laceless_fg_soccer_cleats_purple__0_56676.jpeg\",\"datePublished\":\"2026-03-02T08:59:16+00:00\",\"dateModified\":\"2026-04-03T12:43:38+00:00\",\"breadcrumb\":{\"@id\":\"https:\/\/loftrunway.com\/de\/products\/adidas-f50-elite-laceless-fg-soccer-cleats-purple-rushcloud-whitelucid-lemon\/#breadcrumb\"},\"inLanguage\":\"de\",\"potentialAction\":[{\"@type\":\"ReadAction\",\"target\":[\"https:\/\/loftrunway.com\/de\/products\/adidas-f50-elite-laceless-fg-soccer-cleats-purple-rushcloud-whitelucid-lemon\/\"]}]},{\"@type\":\"ImageObject\",\"inLanguage\":\"de\",\"@id\":\"https:\/\/loftrunway.com\/de\/products\/adidas-f50-elite-laceless-fg-soccer-cleats-purple-rushcloud-whitelucid-lemon\/#primaryimage\",\"url\":\"https:\/\/images.novelship.com\/product\/adidas_f50_elite_laceless_fg_soccer_cleats_purple__0_56676.jpeg\",\"contentUrl\":\"https:\/\/images.novelship.com\/product\/adidas_f50_elite_laceless_fg_soccer_cleats_purple__0_56676.jpeg\"},{\"@type\":\"BreadcrumbList\",\"@id\":\"https:\/\/loftrunway.com\/de\/products\/adidas-f50-elite-laceless-fg-soccer-cleats-purple-rushcloud-whitelucid-lemon\/#breadcrumb\",\"itemListElement\":[{\"@type\":\"ListItem\",\"position\":1,\"name\":\"Home\",\"item\":\"https:\/\/loftrunway.com\/de\/\"},{\"@type\":\"ListItem\",\"position\":2,\"name\":\"Shop\",\"item\":\"https:\/\/loftrunway.com\/de\/shop\/\"},{\"@type\":\"ListItem\",\"position\":3,\"name\":\"Adidas F50 Elite Laceless FG Soccer Cleats Purple Rush\/Cloud White\/Lucid Lemon\"}]},{\"@type\":\"WebSite\",\"@id\":\"https:\/\/loftrunway.com\/de\/#website\",\"url\":\"https:\/\/loftrunway.com\/de\/\",\"name\":\"Styloral Jewelry Shop\",\"description\":\"Der Ort, an dem man alle Arten von Sneakern findet\",\"publisher\":{\"@id\":\"https:\/\/loftrunway.com\/de\/#organization\"},\"potentialAction\":[{\"@type\":\"SearchAction\",\"target\":{\"@type\":\"EntryPoint\",\"urlTemplate\":\"https:\/\/loftrunway.com\/de\/?s={search_term_string}\"},\"query-input\":{\"@type\":\"PropertyValueSpecification\",\"valueRequired\":true,\"valueName\":\"search_term_string\"}}],\"inLanguage\":\"de\"},{\"@type\":\"Organization\",\"@id\":\"https:\/\/loftrunway.com\/de\/#organization\",\"name\":\"STYLORAL PTE. LTD\",\"url\":\"https:\/\/loftrunway.com\/de\/\",\"logo\":{\"@type\":\"ImageObject\",\"inLanguage\":\"de\",\"@id\":\"https:\/\/loftrunway.com\/de\/#\/schema\/logo\/image\/\",\"url\":\"https:\/\/www.loftrunway.com\/wp-content\/uploads\/2025\/12\/logo.png\",\"contentUrl\":\"https:\/\/www.loftrunway.com\/wp-content\/uploads\/2025\/12\/logo.png\",\"width\":200,\"height\":65,\"caption\":\"STYLORAL PTE. LTD\"},\"image\":{\"@id\":\"https:\/\/loftrunway.com\/de\/#\/schema\/logo\/image\/\"}}]}<\/script>\n<!-- \/ Yoast SEO plugin. -->","yoast_head_json":{"title":"Adidas F50 Elite Laceless FG Soccer Cleats Purple Rush\/Cloud White\/Lucid Lemon  - Loftrunway","robots":{"index":"index","follow":"follow","max-snippet":"max-snippet:-1","max-image-preview":"max-image-preview:large","max-video-preview":"max-video-preview:-1"},"canonical":"https:\/\/loftrunway.com\/de\/products\/adidas-f50-elite-laceless-fg-soccer-cleats-purple-rushcloud-whitelucid-lemon\/","og_locale":"de_DE","og_type":"article","og_title":"Adidas F50 Elite Laceless FG Soccer Cleats Purple Rush\/Cloud White\/Lucid Lemon  - Loftrunway","og_description":"adidas F50 Elite Laceless FG \u201d\u201d Purple Rush\/Cloud White\/Lucid Lemon","og_url":"https:\/\/loftrunway.com\/de\/products\/adidas-f50-elite-laceless-fg-soccer-cleats-purple-rushcloud-whitelucid-lemon\/","og_site_name":"loftRUN Sneaker Store","article_modified_time":"2026-04-03T12:43:38+00:00","twitter_card":"summary_large_image","twitter_image":"https:\/\/images.novelship.com\/product\/adidas_f50_elite_laceless_fg_soccer_cleats_purple__0_56676.jpeg","twitter_misc":{"Gesch\u00e4tzte Lesezeit":"1\u00a0Minute"},"schema":{"@context":"https:\/\/schema.org","@graph":[{"@type":"WebPage","@id":"https:\/\/loftrunway.com\/de\/products\/adidas-f50-elite-laceless-fg-soccer-cleats-purple-rushcloud-whitelucid-lemon\/","url":"https:\/\/loftrunway.com\/de\/products\/adidas-f50-elite-laceless-fg-soccer-cleats-purple-rushcloud-whitelucid-lemon\/","name":"Adidas F50 Elite Laceless FG Soccer Cleats Purple Rush\/Cloud White\/Lucid Lemon - Loftrunway","isPartOf":{"@id":"https:\/\/loftrunway.com\/de\/#website"},"primaryImageOfPage":{"@id":"https:\/\/loftrunway.com\/de\/products\/adidas-f50-elite-laceless-fg-soccer-cleats-purple-rushcloud-whitelucid-lemon\/#primaryimage"},"image":{"@id":"https:\/\/loftrunway.com\/de\/products\/adidas-f50-elite-laceless-fg-soccer-cleats-purple-rushcloud-whitelucid-lemon\/#primaryimage"},"thumbnailUrl":"https:\/\/images.novelship.com\/product\/adidas_f50_elite_laceless_fg_soccer_cleats_purple__0_56676.jpeg","datePublished":"2026-03-02T08:59:16+00:00","dateModified":"2026-04-03T12:43:38+00:00","breadcrumb":{"@id":"https:\/\/loftrunway.com\/de\/products\/adidas-f50-elite-laceless-fg-soccer-cleats-purple-rushcloud-whitelucid-lemon\/#breadcrumb"},"inLanguage":"de","potentialAction":[{"@type":"ReadAction","target":["https:\/\/loftrunway.com\/de\/products\/adidas-f50-elite-laceless-fg-soccer-cleats-purple-rushcloud-whitelucid-lemon\/"]}]},{"@type":"ImageObject","inLanguage":"de","@id":"https:\/\/loftrunway.com\/de\/products\/adidas-f50-elite-laceless-fg-soccer-cleats-purple-rushcloud-whitelucid-lemon\/#primaryimage","url":"https:\/\/images.novelship.com\/product\/adidas_f50_elite_laceless_fg_soccer_cleats_purple__0_56676.jpeg","contentUrl":"https:\/\/images.novelship.com\/product\/adidas_f50_elite_laceless_fg_soccer_cleats_purple__0_56676.jpeg"},{"@type":"BreadcrumbList","@id":"https:\/\/loftrunway.com\/de\/products\/adidas-f50-elite-laceless-fg-soccer-cleats-purple-rushcloud-whitelucid-lemon\/#breadcrumb","itemListElement":[{"@type":"ListItem","position":1,"name":"Home","item":"https:\/\/loftrunway.com\/de\/"},{"@type":"ListItem","position":2,"name":"Shop","item":"https:\/\/loftrunway.com\/de\/shop\/"},{"@type":"ListItem","position":3,"name":"Adidas F50 Elite Laceless FG Soccer Cleats Purple Rush\/Cloud White\/Lucid Lemon"}]},{"@type":"WebSite","@id":"https:\/\/loftrunway.com\/de\/#website","url":"https:\/\/loftrunway.com\/de\/","name":"Styloral Jewelry Shop","description":"Der Ort, an dem man alle Arten von Sneakern findet","publisher":{"@id":"https:\/\/loftrunway.com\/de\/#organization"},"potentialAction":[{"@type":"SearchAction","target":{"@type":"EntryPoint","urlTemplate":"https:\/\/loftrunway.com\/de\/?s={search_term_string}"},"query-input":{"@type":"PropertyValueSpecification","valueRequired":true,"valueName":"search_term_string"}}],"inLanguage":"de"},{"@type":"Organization","@id":"https:\/\/loftrunway.com\/de\/#organization","name":"STYLORAL PTE. LTD","url":"https:\/\/loftrunway.com\/de\/","logo":{"@type":"ImageObject","inLanguage":"de","@id":"https:\/\/loftrunway.com\/de\/#\/schema\/logo\/image\/","url":"https:\/\/www.loftrunway.com\/wp-content\/uploads\/2025\/12\/logo.png","contentUrl":"https:\/\/www.loftrunway.com\/wp-content\/uploads\/2025\/12\/logo.png","width":200,"height":65,"caption":"STYLORAL PTE. LTD"},"image":{"@id":"https:\/\/loftrunway.com\/de\/#\/schema\/logo\/image\/"}}]}},"_links":{"self":[{"href":"https:\/\/loftrunway.com\/de\/wp-json\/wp\/v2\/product\/155630","targetHints":{"allow":["GET"]}}],"collection":[{"href":"https:\/\/loftrunway.com\/de\/wp-json\/wp\/v2\/product"}],"about":[{"href":"https:\/\/loftrunway.com\/de\/wp-json\/wp\/v2\/types\/product"}],"replies":[{"embeddable":true,"href":"https:\/\/loftrunway.com\/de\/wp-json\/wp\/v2\/comments?post=155630"}],"wp:featuredmedia":[{"embeddable":true,"href":"https:\/\/loftrunway.com\/de\/wp-json\/wp\/v2\/media\/155631"}],"wp:attachment":[{"href":"https:\/\/loftrunway.com\/de\/wp-json\/wp\/v2\/media?parent=155630"}],"wp:term":[{"taxonomy":"product_brand","embeddable":true,"href":"https:\/\/loftrunway.com\/de\/wp-json\/wp\/v2\/product_brand?post=155630"},{"taxonomy":"product_cat","embeddable":true,"href":"https:\/\/loftrunway.com\/de\/wp-json\/wp\/v2\/product_cat?post=155630"},{"taxonomy":"product_tag","embeddable":true,"href":"https:\/\/loftrunway.com\/de\/wp-json\/wp\/v2\/product_tag?post=155630"}],"curies":[{"name":"wp","href":"https:\/\/api.w.org\/{rel}","templated":true}]}}