{"id":155738,"date":"2026-03-02T15:59:24","date_gmt":"2026-03-02T08:59:24","guid":{"rendered":"http:\/\/loftrunway.com\/product\/futura-laboratories-x-nike-dunk-low-sb-friends-family-sunblush"},"modified":"2026-04-02T15:01:35","modified_gmt":"2026-04-02T08:01:35","slug":"futura-laboratories-x-nike-dunk-low-sb-friends-family-sunblush","status":"publish","type":"product","link":"https:\/\/loftrunway.com\/de\/products\/futura-laboratories-x-nike-dunk-low-sb-friends-family-sunblush\/","title":{"rendered":"Futura Laboratories x Nike Dunk Low SB Friends &#038; Family &#8218;Sunblush&#8216;"},"content":{"rendered":"<p>Wir pr\u00e4sentieren den exklusiven Futura Laboratories x Nike Dunk Low SB Friends &#038; Family &#8218;Sunblush&#8216;! Dieser begehrte Sneaker besticht durch ein leuchtend orangefarbenes Wildleder-Obermaterial mit aufwendigen Ziern\u00e4hten und kontrastierenden wei\u00dfen Akzenten. Sein einzigartiges Design, entstanden in Zusammenarbeit mit dem legend\u00e4ren K\u00fcnstler Futura 2000, tr\u00e4gt das charakteristische Branding auf Zunge und Ferse und macht ihn zu einem Must-have f\u00fcr Sammler und Sneaker-Fans. Verleihe deinem Style mit den &#8218;Sunblush&#8216; Dunks das gewisse Etwas und erlebe die Verschmelzung von Kunst und Streetwear.<\/p>\n<p>Farbgebung: University Gold\/Sunblush-Old Royal<\/p>\n<p>Style-Code: HF6061-700<\/p>\n<p>Obermaterial: Canvas<\/p>\n<p>Zwischensohle: Zoom Air<\/p>\n<p>Farbe: Mehrfarbig<\/p>\n<p>Farbe: Multi<\/p>\n","protected":false},"excerpt":{"rendered":"<p>Nike SB Dunk Low \u201d\u201d University Gold\/Sunblush-Old Royal<\/p>\n","protected":false},"featured_media":155739,"comment_status":"open","ping_status":"closed","template":"","meta":[],"product_brand":[],"product_cat":[10803,41273],"product_tag":[10799,10800,10753,10801,10802,11153],"class_list":{"0":"post-155738","1":"product","2":"type-product","3":"status-publish","4":"has-post-thumbnail","6":"product_cat-nike","7":"product_cat-remove","8":"product_tag-ankle-support-basketball-shoes","9":"product_tag-basketball-shoes","10":"product_tag-gift-for-him","11":"product_tag-nike","12":"product_tag-performance-sport-shoes","13":"product_tag-skateboard-shoes","14":"wcpa_has_options","16":"first","17":"instock","18":"taxable","19":"shipping-taxable","20":"purchasable","21":"product-type-simple"},"wcpa_form_fields":{"rules":{"pric_overide_base_price":false,"pric_overide_base_price_if_gt_zero":false,"pric_overide_base_price_fully":false,"pric_cal_option_once":false,"pric_use_as_fee":false,"bind_quantity":false,"quantity_bind_formula":false},"fields":[{"type":"color-group","required":true,"elementId":"wcpa-color-group-66c4a75505e74","label":"Gr\u00f6\u00dfe - EU Gr\u00f6\u00dfe","inline":true,"priceOptions":"different_for_all","pricingType":"fixed","className":"hassizechart product-shoes-size-eu product-shoes-size","name":"color-group-66c4a75505e89","disp_type":"square","selection_type":"tick-border","disp_size":"44","show_label_inside":true,"adjust_width":true,"cart_display_type":"text","other_text":"Other","cl_rule":"show","col":6,"values":[{"label":"35.5","value":"EU 35.5","price":"","pimage":"","pimage_id":"","pthumb":"","color":""},{"label":"36","value":"EU 36","price":"","pimage":"","pimage_id":"","pthumb":"","color":"","selected":true},{"label":"36.5","value":"EU 36.5","price":"","pimage":"","pimage_id":"","pthumb":"","color":""},{"label":"37.5","value":"EU 37.5","price":"","pimage":"","pimage_id":"","pthumb":"","color":""},{"label":"38","value":"EU 38","price":"","pimage":"","pimage_id":"","pthumb":"","color":""},{"label":"38.5","value":"EU 38.5","price":"","pimage":"","pimage_id":"","pthumb":"","color":""},{"label":"39","value":"EU 39","price":"","pimage":"","pimage_id":"","pthumb":"","color":""},{"label":"40","value":"EU 40","price":"","pimage":"","pimage_id":"","pthumb":"","color":""},{"label":"40.5","value":"EU 40.5","price":"","pimage":"","pimage_id":"","pthumb":"","color":""},{"label":"41","value":"EU 41","price":"","pimage":"","pimage_id":"","pthumb":"","color":""},{"label":"42","value":"EU 42","price":"","pimage":"","pimage_id":"","pthumb":"","color":""},{"label":"42.5","value":"EU 42.5","price":"","pimage":"","pimage_id":"","pthumb":"","color":""},{"label":"43","value":"EU 43","price":"","pimage":"","pimage_id":"","pthumb":"","color":""},{"label":"44","value":"EU 44","price":"","pimage":"","pimage_id":"","pthumb":"","color":""},{"label":"44.5","value":"EU 44.5","price":"","pimage":"","pimage_id":"","pthumb":"","color":""},{"label":"45","value":"EU 45","price":"","pimage":"","pimage_id":"","pthumb":"","color":""},{"label":"45.5","value":"EU 45.5","price":"","pimage":"","pimage_id":"","pthumb":"","color":""},{"label":"46","value":"EU 46","price":"","pimage":"","pimage_id":"","pthumb":"","color":""},{"label":"47","value":"EU 47","price":"","pimage":"","pimage_id":"","pthumb":"","color":""},{"label":"47.5","value":"EU 47.5","price":"","pimage":"","pimage_id":"","pthumb":"","color":""},{"label":"48","value":"EU 48","price":"","pimage":"","pimage_id":"","pthumb":"","color":""}],"relations":[{"operator":false,"rules":[]}],"form_id":18106,"form_rules":{"pric_cal_option_once":false,"exclude_from_discount":false,"pric_use_as_fee":false,"fee_label":"Fee","render_after_acb":false,"disp_hide_options_price":false}}]},"yoast_head":"<!-- This site is optimized with the Yoast SEO plugin v26.5 - https:\/\/yoast.com\/wordpress\/plugins\/seo\/ -->\n<title>Futura Laboratories x Nike Dunk Low SB Friends &amp; Family &#039;Sunblush&#039;  - Loftrunway<\/title>\n<meta name=\"robots\" content=\"index, follow, max-snippet:-1, max-image-preview:large, max-video-preview:-1\" \/>\n<link rel=\"canonical\" href=\"https:\/\/loftrunway.com\/de\/products\/futura-laboratories-x-nike-dunk-low-sb-friends-family-sunblush\/\" \/>\n<meta property=\"og:locale\" content=\"de_DE\" \/>\n<meta property=\"og:type\" content=\"article\" \/>\n<meta property=\"og:title\" content=\"Futura Laboratories x Nike Dunk Low SB Friends &amp; Family &#039;Sunblush&#039;  - Loftrunway\" \/>\n<meta property=\"og:description\" content=\"Nike SB Dunk Low \u201d\u201d University Gold\/Sunblush-Old Royal\" \/>\n<meta property=\"og:url\" content=\"https:\/\/loftrunway.com\/de\/products\/futura-laboratories-x-nike-dunk-low-sb-friends-family-sunblush\/\" \/>\n<meta property=\"og:site_name\" content=\"loftRUN Sneaker Store\" \/>\n<meta property=\"article:modified_time\" content=\"2026-04-02T08:01:35+00:00\" \/>\n<meta name=\"twitter:card\" content=\"summary_large_image\" \/>\n<meta name=\"twitter:image\" content=\"https:\/\/images.novelship.com\/product\/futura_laboratories_x_nike_dunk_low_sb_friends___f_0_76609.jpeg\" \/>\n<meta name=\"twitter:label1\" content=\"Gesch\u00e4tzte Lesezeit\" \/>\n\t<meta name=\"twitter:data1\" content=\"1\u00a0Minute\" \/>\n<script type=\"application\/ld+json\" class=\"yoast-schema-graph\">{\"@context\":\"https:\/\/schema.org\",\"@graph\":[{\"@type\":\"WebPage\",\"@id\":\"https:\/\/loftrunway.com\/de\/products\/futura-laboratories-x-nike-dunk-low-sb-friends-family-sunblush\/\",\"url\":\"https:\/\/loftrunway.com\/de\/products\/futura-laboratories-x-nike-dunk-low-sb-friends-family-sunblush\/\",\"name\":\"Futura Laboratories x Nike Dunk Low SB Friends & Family 'Sunblush' - Loftrunway\",\"isPartOf\":{\"@id\":\"https:\/\/loftrunway.com\/de\/#website\"},\"primaryImageOfPage\":{\"@id\":\"https:\/\/loftrunway.com\/de\/products\/futura-laboratories-x-nike-dunk-low-sb-friends-family-sunblush\/#primaryimage\"},\"image\":{\"@id\":\"https:\/\/loftrunway.com\/de\/products\/futura-laboratories-x-nike-dunk-low-sb-friends-family-sunblush\/#primaryimage\"},\"thumbnailUrl\":\"https:\/\/images.novelship.com\/product\/futura_laboratories_x_nike_dunk_low_sb_friends___f_0_76609.jpeg\",\"datePublished\":\"2026-03-02T08:59:24+00:00\",\"dateModified\":\"2026-04-02T08:01:35+00:00\",\"breadcrumb\":{\"@id\":\"https:\/\/loftrunway.com\/de\/products\/futura-laboratories-x-nike-dunk-low-sb-friends-family-sunblush\/#breadcrumb\"},\"inLanguage\":\"de\",\"potentialAction\":[{\"@type\":\"ReadAction\",\"target\":[\"https:\/\/loftrunway.com\/de\/products\/futura-laboratories-x-nike-dunk-low-sb-friends-family-sunblush\/\"]}]},{\"@type\":\"ImageObject\",\"inLanguage\":\"de\",\"@id\":\"https:\/\/loftrunway.com\/de\/products\/futura-laboratories-x-nike-dunk-low-sb-friends-family-sunblush\/#primaryimage\",\"url\":\"https:\/\/images.novelship.com\/product\/futura_laboratories_x_nike_dunk_low_sb_friends___f_0_76609.jpeg\",\"contentUrl\":\"https:\/\/images.novelship.com\/product\/futura_laboratories_x_nike_dunk_low_sb_friends___f_0_76609.jpeg\"},{\"@type\":\"BreadcrumbList\",\"@id\":\"https:\/\/loftrunway.com\/de\/products\/futura-laboratories-x-nike-dunk-low-sb-friends-family-sunblush\/#breadcrumb\",\"itemListElement\":[{\"@type\":\"ListItem\",\"position\":1,\"name\":\"Home\",\"item\":\"https:\/\/loftrunway.com\/de\/\"},{\"@type\":\"ListItem\",\"position\":2,\"name\":\"Shop\",\"item\":\"https:\/\/loftrunway.com\/de\/shop\/\"},{\"@type\":\"ListItem\",\"position\":3,\"name\":\"Futura Laboratories x Nike Dunk Low SB Friends &#038; Family &#8218;Sunblush&#8216;\"}]},{\"@type\":\"WebSite\",\"@id\":\"https:\/\/loftrunway.com\/de\/#website\",\"url\":\"https:\/\/loftrunway.com\/de\/\",\"name\":\"Styloral Jewelry Shop\",\"description\":\"Der Ort, an dem man alle Arten von Sneakern findet\",\"publisher\":{\"@id\":\"https:\/\/loftrunway.com\/de\/#organization\"},\"potentialAction\":[{\"@type\":\"SearchAction\",\"target\":{\"@type\":\"EntryPoint\",\"urlTemplate\":\"https:\/\/loftrunway.com\/de\/?s={search_term_string}\"},\"query-input\":{\"@type\":\"PropertyValueSpecification\",\"valueRequired\":true,\"valueName\":\"search_term_string\"}}],\"inLanguage\":\"de\"},{\"@type\":\"Organization\",\"@id\":\"https:\/\/loftrunway.com\/de\/#organization\",\"name\":\"STYLORAL PTE. LTD\",\"url\":\"https:\/\/loftrunway.com\/de\/\",\"logo\":{\"@type\":\"ImageObject\",\"inLanguage\":\"de\",\"@id\":\"https:\/\/loftrunway.com\/de\/#\/schema\/logo\/image\/\",\"url\":\"https:\/\/www.loftrunway.com\/wp-content\/uploads\/2025\/12\/logo.png\",\"contentUrl\":\"https:\/\/www.loftrunway.com\/wp-content\/uploads\/2025\/12\/logo.png\",\"width\":200,\"height\":65,\"caption\":\"STYLORAL PTE. LTD\"},\"image\":{\"@id\":\"https:\/\/loftrunway.com\/de\/#\/schema\/logo\/image\/\"}}]}<\/script>\n<!-- \/ Yoast SEO plugin. -->","yoast_head_json":{"title":"Futura Laboratories x Nike Dunk Low SB Friends & Family 'Sunblush'  - Loftrunway","robots":{"index":"index","follow":"follow","max-snippet":"max-snippet:-1","max-image-preview":"max-image-preview:large","max-video-preview":"max-video-preview:-1"},"canonical":"https:\/\/loftrunway.com\/de\/products\/futura-laboratories-x-nike-dunk-low-sb-friends-family-sunblush\/","og_locale":"de_DE","og_type":"article","og_title":"Futura Laboratories x Nike Dunk Low SB Friends & Family 'Sunblush'  - Loftrunway","og_description":"Nike SB Dunk Low \u201d\u201d University Gold\/Sunblush-Old Royal","og_url":"https:\/\/loftrunway.com\/de\/products\/futura-laboratories-x-nike-dunk-low-sb-friends-family-sunblush\/","og_site_name":"loftRUN Sneaker Store","article_modified_time":"2026-04-02T08:01:35+00:00","twitter_card":"summary_large_image","twitter_image":"https:\/\/images.novelship.com\/product\/futura_laboratories_x_nike_dunk_low_sb_friends___f_0_76609.jpeg","twitter_misc":{"Gesch\u00e4tzte Lesezeit":"1\u00a0Minute"},"schema":{"@context":"https:\/\/schema.org","@graph":[{"@type":"WebPage","@id":"https:\/\/loftrunway.com\/de\/products\/futura-laboratories-x-nike-dunk-low-sb-friends-family-sunblush\/","url":"https:\/\/loftrunway.com\/de\/products\/futura-laboratories-x-nike-dunk-low-sb-friends-family-sunblush\/","name":"Futura Laboratories x Nike Dunk Low SB Friends & Family 'Sunblush' - Loftrunway","isPartOf":{"@id":"https:\/\/loftrunway.com\/de\/#website"},"primaryImageOfPage":{"@id":"https:\/\/loftrunway.com\/de\/products\/futura-laboratories-x-nike-dunk-low-sb-friends-family-sunblush\/#primaryimage"},"image":{"@id":"https:\/\/loftrunway.com\/de\/products\/futura-laboratories-x-nike-dunk-low-sb-friends-family-sunblush\/#primaryimage"},"thumbnailUrl":"https:\/\/images.novelship.com\/product\/futura_laboratories_x_nike_dunk_low_sb_friends___f_0_76609.jpeg","datePublished":"2026-03-02T08:59:24+00:00","dateModified":"2026-04-02T08:01:35+00:00","breadcrumb":{"@id":"https:\/\/loftrunway.com\/de\/products\/futura-laboratories-x-nike-dunk-low-sb-friends-family-sunblush\/#breadcrumb"},"inLanguage":"de","potentialAction":[{"@type":"ReadAction","target":["https:\/\/loftrunway.com\/de\/products\/futura-laboratories-x-nike-dunk-low-sb-friends-family-sunblush\/"]}]},{"@type":"ImageObject","inLanguage":"de","@id":"https:\/\/loftrunway.com\/de\/products\/futura-laboratories-x-nike-dunk-low-sb-friends-family-sunblush\/#primaryimage","url":"https:\/\/images.novelship.com\/product\/futura_laboratories_x_nike_dunk_low_sb_friends___f_0_76609.jpeg","contentUrl":"https:\/\/images.novelship.com\/product\/futura_laboratories_x_nike_dunk_low_sb_friends___f_0_76609.jpeg"},{"@type":"BreadcrumbList","@id":"https:\/\/loftrunway.com\/de\/products\/futura-laboratories-x-nike-dunk-low-sb-friends-family-sunblush\/#breadcrumb","itemListElement":[{"@type":"ListItem","position":1,"name":"Home","item":"https:\/\/loftrunway.com\/de\/"},{"@type":"ListItem","position":2,"name":"Shop","item":"https:\/\/loftrunway.com\/de\/shop\/"},{"@type":"ListItem","position":3,"name":"Futura Laboratories x Nike Dunk Low SB Friends &#038; Family &#8218;Sunblush&#8216;"}]},{"@type":"WebSite","@id":"https:\/\/loftrunway.com\/de\/#website","url":"https:\/\/loftrunway.com\/de\/","name":"Styloral Jewelry Shop","description":"Der Ort, an dem man alle Arten von Sneakern findet","publisher":{"@id":"https:\/\/loftrunway.com\/de\/#organization"},"potentialAction":[{"@type":"SearchAction","target":{"@type":"EntryPoint","urlTemplate":"https:\/\/loftrunway.com\/de\/?s={search_term_string}"},"query-input":{"@type":"PropertyValueSpecification","valueRequired":true,"valueName":"search_term_string"}}],"inLanguage":"de"},{"@type":"Organization","@id":"https:\/\/loftrunway.com\/de\/#organization","name":"STYLORAL PTE. LTD","url":"https:\/\/loftrunway.com\/de\/","logo":{"@type":"ImageObject","inLanguage":"de","@id":"https:\/\/loftrunway.com\/de\/#\/schema\/logo\/image\/","url":"https:\/\/www.loftrunway.com\/wp-content\/uploads\/2025\/12\/logo.png","contentUrl":"https:\/\/www.loftrunway.com\/wp-content\/uploads\/2025\/12\/logo.png","width":200,"height":65,"caption":"STYLORAL PTE. LTD"},"image":{"@id":"https:\/\/loftrunway.com\/de\/#\/schema\/logo\/image\/"}}]}},"_links":{"self":[{"href":"https:\/\/loftrunway.com\/de\/wp-json\/wp\/v2\/product\/155738","targetHints":{"allow":["GET"]}}],"collection":[{"href":"https:\/\/loftrunway.com\/de\/wp-json\/wp\/v2\/product"}],"about":[{"href":"https:\/\/loftrunway.com\/de\/wp-json\/wp\/v2\/types\/product"}],"replies":[{"embeddable":true,"href":"https:\/\/loftrunway.com\/de\/wp-json\/wp\/v2\/comments?post=155738"}],"wp:featuredmedia":[{"embeddable":true,"href":"https:\/\/loftrunway.com\/de\/wp-json\/wp\/v2\/media\/155739"}],"wp:attachment":[{"href":"https:\/\/loftrunway.com\/de\/wp-json\/wp\/v2\/media?parent=155738"}],"wp:term":[{"taxonomy":"product_brand","embeddable":true,"href":"https:\/\/loftrunway.com\/de\/wp-json\/wp\/v2\/product_brand?post=155738"},{"taxonomy":"product_cat","embeddable":true,"href":"https:\/\/loftrunway.com\/de\/wp-json\/wp\/v2\/product_cat?post=155738"},{"taxonomy":"product_tag","embeddable":true,"href":"https:\/\/loftrunway.com\/de\/wp-json\/wp\/v2\/product_tag?post=155738"}],"curies":[{"name":"wp","href":"https:\/\/api.w.org\/{rel}","templated":true}]}}