{"id":155956,"date":"2026-03-02T15:59:47","date_gmt":"2026-03-02T08:59:47","guid":{"rendered":"http:\/\/loftrunway.com\/product\/women-new-balance-fresh-foam-x-840fv1-2e-wide-triple-black"},"modified":"2026-03-02T15:59:47","modified_gmt":"2026-03-02T08:59:47","slug":"women-new-balance-fresh-foam-x-840fv1-2e-wide-triple-black","status":"publish","type":"product","link":"https:\/\/loftrunway.com\/de\/products\/women-new-balance-fresh-foam-x-840fv1-2e-wide-triple-black\/","title":{"rendered":"(Women) New Balance Fresh Foam X 840Fv1 2E Wide &#8218;Triple Black&#8216;"},"content":{"rendered":"<p>Der New Balance Fresh Foam X 840Fv1 2E Wide Triple Black Damen-Sneaker vereint Komfort, Style und Halt perfekt. Dank der Fresh Foam-D\u00e4mpfung bietet er hervorragende D\u00e4mpfung und Reaktionsf\u00e4higkeit f\u00fcr ein geschmeidiges und komfortables Laufgef\u00fchl. Die Weite 2E sorgt f\u00fcr eine optimale Passform, auch bei breiteren F\u00fc\u00dfen. Das elegante und zeitlose Design in Triple Black verleiht ihm einen vielseitigen und trendigen Look, der zu jedem Outfit passt. Vertrauen Sie auf die Qualit\u00e4t und Zuverl\u00e4ssigkeit von New Balance \u201d\u201c f\u00fcr Ihre Sneaker-Bed\u00fcrfnisse.<\/p>\n<p>Style-Code: WW840FB1-2E<\/p>\n<p>Obermaterial: Mesh<\/p>\n<p>Zwischensohle: Fresh Foam X<\/p>\n<p>Farbe: Schwarz<\/p>\n<p>Erscheinungsjahr: 2023<\/p>\n","protected":false},"excerpt":{"rendered":"<p>(W) NB Fresh Foam X 840Fv1 2E Wide &#8218;Triple Black&#8216;<\/p>\n","protected":false},"featured_media":155957,"comment_status":"open","ping_status":"closed","template":"","meta":[],"product_brand":[],"product_cat":[11302],"product_tag":[10926,11053,10766,10767,10839,10802,10840],"class_list":{"0":"post-155956","1":"product","2":"type-product","3":"status-publish","4":"has-post-thumbnail","6":"product_cat-new-balance-women","7":"product_tag-gift-for-her","8":"product_tag-lightweight-running-shoes","9":"product_tag-new-balance","10":"product_tag-new-balance-running-shoes","11":"product_tag-performance-running-shoes","12":"product_tag-performance-sport-shoes","13":"product_tag-running-shoes","14":"wcpa_has_options","16":"first","17":"instock","18":"taxable","19":"shipping-taxable","20":"purchasable","21":"product-type-simple"},"wcpa_form_fields":{"rules":{"pric_overide_base_price":false,"pric_overide_base_price_if_gt_zero":false,"pric_overide_base_price_fully":false,"pric_cal_option_once":false,"pric_use_as_fee":false,"bind_quantity":false,"quantity_bind_formula":false},"fields":[{"type":"color-group","required":true,"elementId":"wcpa-color-group-66c4a928225d2","label":"Gr\u00f6\u00dfe","inline":true,"priceOptions":"different_for_all","pricingType":"fixed","className":"hassizechart product-shoes-size-eu product-shoes-size","name":"color-group-66c4a928225e2","disp_type":"square","selection_type":"tick-border","disp_size":"50","show_label_inside":true,"adjust_width":true,"cart_display_type":"text","other_text":"Other","cl_rule":"show","col":6,"values":[{"label":"35","value":"EU 35","price":"","pimage":"","pimage_id":"","pthumb":"","color":""},{"label":"36","value":"EU 36","price":"","pimage":"","pimage_id":"","pthumb":"","color":"","selected":true},{"label":"37","value":"EU 37","price":"","pimage":"","pimage_id":"","pthumb":"","color":""},{"label":"37.5","value":"EU 37.5","price":"","pimage":"","pimage_id":"","pthumb":"","color":""},{"label":"38","value":"EU 38","price":"","pimage":"","pimage_id":"","pthumb":"","color":""},{"label":"38.5","value":"EU 38.5","price":"","pimage":"","pimage_id":"","pthumb":"","color":""},{"label":"39","value":"EU 39","price":"","pimage":"","pimage_id":"","pthumb":"","color":""},{"label":"39.5","value":"EU 39.5","price":"","pimage":"","pimage_id":"","pthumb":"","color":""},{"label":"40","value":"EU 40","price":"","pimage":"","pimage_id":"","pthumb":"","color":""},{"label":"40.5","value":"EU 40.5","price":"","pimage":"","pimage_id":"","pthumb":"","color":""},{"label":" 41.5","value":"EU 41.5","price":"","pimage":"","pimage_id":"","pthumb":"","color":""},{"label":"42","value":"EU 42","price":"","pimage":"","pimage_id":"","pthumb":"","color":""},{"label":"42.5","value":"EU 42.5","price":"","pimage":"","pimage_id":"","pthumb":"","color":""},{"label":"43","value":"EU 43","price":"","pimage":"","pimage_id":"","pthumb":"","color":""},{"label":"44","value":"EU 44","price":"","pimage":"","pimage_id":"","pthumb":"","color":""},{"label":"44.5","value":"EU 44.5","price":"","pimage":"","pimage_id":"","pthumb":"","color":""},{"label":"45","value":"EU 45","price":"","pimage":"","pimage_id":"","pthumb":"","color":""},{"label":"45.5","value":"EU 45.5","price":"","pimage":"","pimage_id":"","pthumb":"","color":""},{"label":"46","value":"EU 46","price":"","pimage":"","pimage_id":"","pthumb":"","color":""}],"relations":[{"operator":false,"rules":[]}],"form_id":24803,"form_rules":{"pric_cal_option_once":false,"exclude_from_discount":false,"pric_use_as_fee":false,"fee_label":"Fee","render_after_acb":false,"disp_hide_options_price":false}}]},"yoast_head":"<!-- This site is optimized with the Yoast SEO plugin v26.5 - https:\/\/yoast.com\/wordpress\/plugins\/seo\/ -->\n<title>(Women) New Balance Fresh Foam X 840Fv1 2E Wide &#039;Triple Black&#039;  - Loftrunway<\/title>\n<meta name=\"robots\" content=\"index, follow, max-snippet:-1, max-image-preview:large, max-video-preview:-1\" \/>\n<link rel=\"canonical\" href=\"https:\/\/loftrunway.com\/de\/products\/women-new-balance-fresh-foam-x-840fv1-2e-wide-triple-black\/\" \/>\n<meta property=\"og:locale\" content=\"de_DE\" \/>\n<meta property=\"og:type\" content=\"article\" \/>\n<meta property=\"og:title\" content=\"(Women) New Balance Fresh Foam X 840Fv1 2E Wide &#039;Triple Black&#039;  - Loftrunway\" \/>\n<meta property=\"og:description\" content=\"(W) NB Fresh Foam X 840Fv1 2E Wide &#039;Triple Black&#039;\" \/>\n<meta property=\"og:url\" content=\"https:\/\/loftrunway.com\/de\/products\/women-new-balance-fresh-foam-x-840fv1-2e-wide-triple-black\/\" \/>\n<meta property=\"og:site_name\" content=\"loftRUN Sneaker Store\" \/>\n<meta name=\"twitter:card\" content=\"summary_large_image\" \/>\n<meta name=\"twitter:image\" content=\"https:\/\/images.novelship.com\/product\/_women__new_balance_fresh_foam_x_840fv1_2e_wide__t_0_46166.png\" \/>\n<meta name=\"twitter:label1\" content=\"Gesch\u00e4tzte Lesezeit\" \/>\n\t<meta name=\"twitter:data1\" content=\"1\u00a0Minute\" \/>\n<script type=\"application\/ld+json\" class=\"yoast-schema-graph\">{\"@context\":\"https:\/\/schema.org\",\"@graph\":[{\"@type\":\"WebPage\",\"@id\":\"https:\/\/loftrunway.com\/de\/products\/women-new-balance-fresh-foam-x-840fv1-2e-wide-triple-black\/\",\"url\":\"https:\/\/loftrunway.com\/de\/products\/women-new-balance-fresh-foam-x-840fv1-2e-wide-triple-black\/\",\"name\":\"(Women) New Balance Fresh Foam X 840Fv1 2E Wide 'Triple Black' - Loftrunway\",\"isPartOf\":{\"@id\":\"https:\/\/loftrunway.com\/de\/#website\"},\"primaryImageOfPage\":{\"@id\":\"https:\/\/loftrunway.com\/de\/products\/women-new-balance-fresh-foam-x-840fv1-2e-wide-triple-black\/#primaryimage\"},\"image\":{\"@id\":\"https:\/\/loftrunway.com\/de\/products\/women-new-balance-fresh-foam-x-840fv1-2e-wide-triple-black\/#primaryimage\"},\"thumbnailUrl\":\"https:\/\/images.novelship.com\/product\/_women__new_balance_fresh_foam_x_840fv1_2e_wide__t_0_46166.png\",\"datePublished\":\"2026-03-02T08:59:47+00:00\",\"breadcrumb\":{\"@id\":\"https:\/\/loftrunway.com\/de\/products\/women-new-balance-fresh-foam-x-840fv1-2e-wide-triple-black\/#breadcrumb\"},\"inLanguage\":\"de\",\"potentialAction\":[{\"@type\":\"ReadAction\",\"target\":[\"https:\/\/loftrunway.com\/de\/products\/women-new-balance-fresh-foam-x-840fv1-2e-wide-triple-black\/\"]}]},{\"@type\":\"ImageObject\",\"inLanguage\":\"de\",\"@id\":\"https:\/\/loftrunway.com\/de\/products\/women-new-balance-fresh-foam-x-840fv1-2e-wide-triple-black\/#primaryimage\",\"url\":\"https:\/\/images.novelship.com\/product\/_women__new_balance_fresh_foam_x_840fv1_2e_wide__t_0_46166.png\",\"contentUrl\":\"https:\/\/images.novelship.com\/product\/_women__new_balance_fresh_foam_x_840fv1_2e_wide__t_0_46166.png\"},{\"@type\":\"BreadcrumbList\",\"@id\":\"https:\/\/loftrunway.com\/de\/products\/women-new-balance-fresh-foam-x-840fv1-2e-wide-triple-black\/#breadcrumb\",\"itemListElement\":[{\"@type\":\"ListItem\",\"position\":1,\"name\":\"Home\",\"item\":\"https:\/\/loftrunway.com\/de\/\"},{\"@type\":\"ListItem\",\"position\":2,\"name\":\"Shop\",\"item\":\"https:\/\/loftrunway.com\/de\/shop\/\"},{\"@type\":\"ListItem\",\"position\":3,\"name\":\"(Women) New Balance Fresh Foam X 840Fv1 2E Wide &#8218;Triple Black&#8216;\"}]},{\"@type\":\"WebSite\",\"@id\":\"https:\/\/loftrunway.com\/de\/#website\",\"url\":\"https:\/\/loftrunway.com\/de\/\",\"name\":\"Styloral Jewelry Shop\",\"description\":\"Der Ort, an dem man alle Arten von Sneakern findet\",\"publisher\":{\"@id\":\"https:\/\/loftrunway.com\/de\/#organization\"},\"potentialAction\":[{\"@type\":\"SearchAction\",\"target\":{\"@type\":\"EntryPoint\",\"urlTemplate\":\"https:\/\/loftrunway.com\/de\/?s={search_term_string}\"},\"query-input\":{\"@type\":\"PropertyValueSpecification\",\"valueRequired\":true,\"valueName\":\"search_term_string\"}}],\"inLanguage\":\"de\"},{\"@type\":\"Organization\",\"@id\":\"https:\/\/loftrunway.com\/de\/#organization\",\"name\":\"STYLORAL PTE. LTD\",\"url\":\"https:\/\/loftrunway.com\/de\/\",\"logo\":{\"@type\":\"ImageObject\",\"inLanguage\":\"de\",\"@id\":\"https:\/\/loftrunway.com\/de\/#\/schema\/logo\/image\/\",\"url\":\"https:\/\/www.loftrunway.com\/wp-content\/uploads\/2025\/12\/logo.png\",\"contentUrl\":\"https:\/\/www.loftrunway.com\/wp-content\/uploads\/2025\/12\/logo.png\",\"width\":200,\"height\":65,\"caption\":\"STYLORAL PTE. LTD\"},\"image\":{\"@id\":\"https:\/\/loftrunway.com\/de\/#\/schema\/logo\/image\/\"}}]}<\/script>\n<!-- \/ Yoast SEO plugin. -->","yoast_head_json":{"title":"(Women) New Balance Fresh Foam X 840Fv1 2E Wide 'Triple Black'  - Loftrunway","robots":{"index":"index","follow":"follow","max-snippet":"max-snippet:-1","max-image-preview":"max-image-preview:large","max-video-preview":"max-video-preview:-1"},"canonical":"https:\/\/loftrunway.com\/de\/products\/women-new-balance-fresh-foam-x-840fv1-2e-wide-triple-black\/","og_locale":"de_DE","og_type":"article","og_title":"(Women) New Balance Fresh Foam X 840Fv1 2E Wide 'Triple Black'  - Loftrunway","og_description":"(W) NB Fresh Foam X 840Fv1 2E Wide 'Triple Black'","og_url":"https:\/\/loftrunway.com\/de\/products\/women-new-balance-fresh-foam-x-840fv1-2e-wide-triple-black\/","og_site_name":"loftRUN Sneaker Store","twitter_card":"summary_large_image","twitter_image":"https:\/\/images.novelship.com\/product\/_women__new_balance_fresh_foam_x_840fv1_2e_wide__t_0_46166.png","twitter_misc":{"Gesch\u00e4tzte Lesezeit":"1\u00a0Minute"},"schema":{"@context":"https:\/\/schema.org","@graph":[{"@type":"WebPage","@id":"https:\/\/loftrunway.com\/de\/products\/women-new-balance-fresh-foam-x-840fv1-2e-wide-triple-black\/","url":"https:\/\/loftrunway.com\/de\/products\/women-new-balance-fresh-foam-x-840fv1-2e-wide-triple-black\/","name":"(Women) New Balance Fresh Foam X 840Fv1 2E Wide 'Triple Black' - Loftrunway","isPartOf":{"@id":"https:\/\/loftrunway.com\/de\/#website"},"primaryImageOfPage":{"@id":"https:\/\/loftrunway.com\/de\/products\/women-new-balance-fresh-foam-x-840fv1-2e-wide-triple-black\/#primaryimage"},"image":{"@id":"https:\/\/loftrunway.com\/de\/products\/women-new-balance-fresh-foam-x-840fv1-2e-wide-triple-black\/#primaryimage"},"thumbnailUrl":"https:\/\/images.novelship.com\/product\/_women__new_balance_fresh_foam_x_840fv1_2e_wide__t_0_46166.png","datePublished":"2026-03-02T08:59:47+00:00","breadcrumb":{"@id":"https:\/\/loftrunway.com\/de\/products\/women-new-balance-fresh-foam-x-840fv1-2e-wide-triple-black\/#breadcrumb"},"inLanguage":"de","potentialAction":[{"@type":"ReadAction","target":["https:\/\/loftrunway.com\/de\/products\/women-new-balance-fresh-foam-x-840fv1-2e-wide-triple-black\/"]}]},{"@type":"ImageObject","inLanguage":"de","@id":"https:\/\/loftrunway.com\/de\/products\/women-new-balance-fresh-foam-x-840fv1-2e-wide-triple-black\/#primaryimage","url":"https:\/\/images.novelship.com\/product\/_women__new_balance_fresh_foam_x_840fv1_2e_wide__t_0_46166.png","contentUrl":"https:\/\/images.novelship.com\/product\/_women__new_balance_fresh_foam_x_840fv1_2e_wide__t_0_46166.png"},{"@type":"BreadcrumbList","@id":"https:\/\/loftrunway.com\/de\/products\/women-new-balance-fresh-foam-x-840fv1-2e-wide-triple-black\/#breadcrumb","itemListElement":[{"@type":"ListItem","position":1,"name":"Home","item":"https:\/\/loftrunway.com\/de\/"},{"@type":"ListItem","position":2,"name":"Shop","item":"https:\/\/loftrunway.com\/de\/shop\/"},{"@type":"ListItem","position":3,"name":"(Women) New Balance Fresh Foam X 840Fv1 2E Wide &#8218;Triple Black&#8216;"}]},{"@type":"WebSite","@id":"https:\/\/loftrunway.com\/de\/#website","url":"https:\/\/loftrunway.com\/de\/","name":"Styloral Jewelry Shop","description":"Der Ort, an dem man alle Arten von Sneakern findet","publisher":{"@id":"https:\/\/loftrunway.com\/de\/#organization"},"potentialAction":[{"@type":"SearchAction","target":{"@type":"EntryPoint","urlTemplate":"https:\/\/loftrunway.com\/de\/?s={search_term_string}"},"query-input":{"@type":"PropertyValueSpecification","valueRequired":true,"valueName":"search_term_string"}}],"inLanguage":"de"},{"@type":"Organization","@id":"https:\/\/loftrunway.com\/de\/#organization","name":"STYLORAL PTE. LTD","url":"https:\/\/loftrunway.com\/de\/","logo":{"@type":"ImageObject","inLanguage":"de","@id":"https:\/\/loftrunway.com\/de\/#\/schema\/logo\/image\/","url":"https:\/\/www.loftrunway.com\/wp-content\/uploads\/2025\/12\/logo.png","contentUrl":"https:\/\/www.loftrunway.com\/wp-content\/uploads\/2025\/12\/logo.png","width":200,"height":65,"caption":"STYLORAL PTE. LTD"},"image":{"@id":"https:\/\/loftrunway.com\/de\/#\/schema\/logo\/image\/"}}]}},"_links":{"self":[{"href":"https:\/\/loftrunway.com\/de\/wp-json\/wp\/v2\/product\/155956","targetHints":{"allow":["GET"]}}],"collection":[{"href":"https:\/\/loftrunway.com\/de\/wp-json\/wp\/v2\/product"}],"about":[{"href":"https:\/\/loftrunway.com\/de\/wp-json\/wp\/v2\/types\/product"}],"replies":[{"embeddable":true,"href":"https:\/\/loftrunway.com\/de\/wp-json\/wp\/v2\/comments?post=155956"}],"wp:featuredmedia":[{"embeddable":true,"href":"https:\/\/loftrunway.com\/de\/wp-json\/wp\/v2\/media\/155957"}],"wp:attachment":[{"href":"https:\/\/loftrunway.com\/de\/wp-json\/wp\/v2\/media?parent=155956"}],"wp:term":[{"taxonomy":"product_brand","embeddable":true,"href":"https:\/\/loftrunway.com\/de\/wp-json\/wp\/v2\/product_brand?post=155956"},{"taxonomy":"product_cat","embeddable":true,"href":"https:\/\/loftrunway.com\/de\/wp-json\/wp\/v2\/product_cat?post=155956"},{"taxonomy":"product_tag","embeddable":true,"href":"https:\/\/loftrunway.com\/de\/wp-json\/wp\/v2\/product_tag?post=155956"}],"curies":[{"name":"wp","href":"https:\/\/api.w.org\/{rel}","templated":true}]}}