{"id":156712,"date":"2026-03-02T16:00:59","date_gmt":"2026-03-02T09:00:59","guid":{"rendered":"http:\/\/loftrunway.com\/product\/asics-gel-ds-trainer-og-glacier-grey-silver"},"modified":"2026-04-02T15:02:24","modified_gmt":"2026-04-02T08:02:24","slug":"asics-gel-ds-trainer-og-glacier-grey-silver","status":"publish","type":"product","link":"https:\/\/loftrunway.com\/de\/products\/asics-gel-ds-trainer-og-glacier-grey-silver\/","title":{"rendered":"ASICS Gel DS Trainer OG &#8218;Glacier Grey Silver&#8216;"},"content":{"rendered":"<p>Der ASICS Gel DS Trainer OG Glacier Grey Silver ist ein leistungsstarker Laufschuh von ASICS. Seine stylische Farbkombination aus Glacier Grey und Silver macht ihn zum perfekten Schuh f\u00fcr L\u00e4ufer, die Wert auf Funktionalit\u00e4t und Style legen. Dank der fortschrittlichen Gel-D\u00e4mpfungstechnologie und des leichten Designs bietet er hervorragenden Halt und Komfort bei jedem Schritt. Erleben Sie ultimatives Laufvergn\u00fcgen mit dem ASICS Gel DS Trainer OG Glacier Grey Silver.<\/p>\n<p>Farbe: Grau\/Wei\u00df<br \/>\nArtikelnummer: 1191A100-020<br \/>\nObermaterial: Textil<br \/>\nZwischensohle: Gel<br \/>\nFarbe: Grau<br \/>\nSaison: Ganzj\u00e4hrig<\/p>\n<p>Farbe: Grau<\/p>\n","protected":false},"excerpt":{"rendered":"<p>ASICS Gel DS Trainer OG \u201d\u201d Gray\/White<\/p>\n","protected":false},"featured_media":156713,"comment_status":"open","ping_status":"closed","template":"","meta":[],"product_brand":[],"product_cat":[10792,41273],"product_tag":[10791,10753,11053,10839,10802,10840,10758],"class_list":{"0":"post-156712","1":"product","2":"type-product","3":"status-publish","4":"has-post-thumbnail","6":"product_cat-asics","7":"product_cat-remove","8":"product_tag-asics","9":"product_tag-gift-for-him","10":"product_tag-lightweight-running-shoes","11":"product_tag-performance-running-shoes","12":"product_tag-performance-sport-shoes","13":"product_tag-running-shoes","14":"product_tag-under-retail","15":"wcpa_has_options","17":"first","18":"instock","19":"taxable","20":"shipping-taxable","21":"purchasable","22":"product-type-simple"},"wcpa_form_fields":{"rules":{"pric_overide_base_price":false,"pric_overide_base_price_if_gt_zero":false,"pric_overide_base_price_fully":false,"pric_cal_option_once":false,"pric_use_as_fee":false,"bind_quantity":false,"quantity_bind_formula":false},"fields":[{"type":"color-group","required":true,"elementId":"wcpa-color-group-69a5ab08ee12d","label":"Gr\u00f6\u00dfe","inline":true,"priceOptions":"different_for_all","pricingType":"fixed","className":"hassizechart product-shoes-size-eu product-shoes-size","name":"color-group-69a5ab08ee136","disp_type":"square","selection_type":"tick-border","disp_size":"50","show_label_inside":true,"adjust_width":true,"cart_display_type":"text","other_text":"Other","cl_rule":"show","col":6,"values":[{"label":"36","value":"EU 36","price":"","pimage":"","pimage_id":"","pthumb":"","color":"","selected":true},{"label":"37","value":"EU 37","price":"","pimage":"","pimage_id":"","pthumb":"","color":""},{"label":"37.5","value":"EU 37.5","price":"","pimage":"","pimage_id":"","pthumb":"","color":""},{"label":"38","value":"EU 38","price":"","pimage":"","pimage_id":"","pthumb":"","color":""},{"label":"38.5","value":"EU 38.5","price":"","pimage":"","pimage_id":"","pthumb":"","color":""},{"label":"39","value":"EU 39","price":"","pimage":"","pimage_id":"","pthumb":"","color":""},{"label":"39.5","value":"EU 39.5","price":"","pimage":"","pimage_id":"","pthumb":"","color":""},{"label":"40","value":"EU 40","price":"","pimage":"","pimage_id":"","pthumb":"","color":""},{"label":"40.5","value":"EU 40.5","price":"","pimage":"","pimage_id":"","pthumb":"","color":""},{"label":" 41.5","value":"EU 41.5","price":"","pimage":"","pimage_id":"","pthumb":"","color":""},{"label":"42","value":"EU 42","price":"","pimage":"","pimage_id":"","pthumb":"","color":""},{"label":"42.5","value":"EU 42.5","price":"","pimage":"","pimage_id":"","pthumb":"","color":""},{"label":"43.5","value":"EU 43.5","price":"","pimage":"","pimage_id":"","pthumb":"","color":""},{"label":"44","value":"EU 44","price":"","pimage":"","pimage_id":"","pthumb":"","color":""},{"label":"44.5","value":"EU 44.5","price":"","pimage":"","pimage_id":"","pthumb":"","color":""},{"label":"45","value":"EU 45","price":"","pimage":"","pimage_id":"","pthumb":"","color":""}],"relations":[{"operator":false,"rules":[]}],"form_id":184311,"form_rules":{"pric_cal_option_once":false,"exclude_from_discount":false,"pric_use_as_fee":false,"fee_label":"Fee","render_after_acb":false,"disp_hide_options_price":false}}]},"yoast_head":"<!-- This site is optimized with the Yoast SEO plugin v26.5 - https:\/\/yoast.com\/wordpress\/plugins\/seo\/ -->\n<title>ASICS Gel DS Trainer OG &#039;Glacier Grey Silver&#039;  - Loftrunway<\/title>\n<meta name=\"robots\" content=\"index, follow, max-snippet:-1, max-image-preview:large, max-video-preview:-1\" \/>\n<link rel=\"canonical\" href=\"https:\/\/loftrunway.com\/de\/products\/asics-gel-ds-trainer-og-glacier-grey-silver\/\" \/>\n<meta property=\"og:locale\" content=\"de_DE\" \/>\n<meta property=\"og:type\" content=\"article\" \/>\n<meta property=\"og:title\" content=\"ASICS Gel DS Trainer OG &#039;Glacier Grey Silver&#039;  - Loftrunway\" \/>\n<meta property=\"og:description\" content=\"ASICS Gel DS Trainer OG \u201d\u201d Gray\/White\" \/>\n<meta property=\"og:url\" content=\"https:\/\/loftrunway.com\/de\/products\/asics-gel-ds-trainer-og-glacier-grey-silver\/\" \/>\n<meta property=\"og:site_name\" content=\"loftRUN Sneaker Store\" \/>\n<meta property=\"article:modified_time\" content=\"2026-04-02T08:02:24+00:00\" \/>\n<meta name=\"twitter:card\" content=\"summary_large_image\" \/>\n<meta name=\"twitter:image\" content=\"https:\/\/images.novelship.com\/product\/asics_gel_ds_trainer_og__glacier_grey_silver__1191_0_63327.jpeg\" \/>\n<script type=\"application\/ld+json\" class=\"yoast-schema-graph\">{\"@context\":\"https:\/\/schema.org\",\"@graph\":[{\"@type\":\"WebPage\",\"@id\":\"https:\/\/loftrunway.com\/de\/products\/asics-gel-ds-trainer-og-glacier-grey-silver\/\",\"url\":\"https:\/\/loftrunway.com\/de\/products\/asics-gel-ds-trainer-og-glacier-grey-silver\/\",\"name\":\"ASICS Gel DS Trainer OG 'Glacier Grey Silver' - Loftrunway\",\"isPartOf\":{\"@id\":\"https:\/\/loftrunway.com\/de\/#website\"},\"primaryImageOfPage\":{\"@id\":\"https:\/\/loftrunway.com\/de\/products\/asics-gel-ds-trainer-og-glacier-grey-silver\/#primaryimage\"},\"image\":{\"@id\":\"https:\/\/loftrunway.com\/de\/products\/asics-gel-ds-trainer-og-glacier-grey-silver\/#primaryimage\"},\"thumbnailUrl\":\"https:\/\/images.novelship.com\/product\/asics_gel_ds_trainer_og__glacier_grey_silver__1191_0_63327.jpeg\",\"datePublished\":\"2026-03-02T09:00:59+00:00\",\"dateModified\":\"2026-04-02T08:02:24+00:00\",\"breadcrumb\":{\"@id\":\"https:\/\/loftrunway.com\/de\/products\/asics-gel-ds-trainer-og-glacier-grey-silver\/#breadcrumb\"},\"inLanguage\":\"de\",\"potentialAction\":[{\"@type\":\"ReadAction\",\"target\":[\"https:\/\/loftrunway.com\/de\/products\/asics-gel-ds-trainer-og-glacier-grey-silver\/\"]}]},{\"@type\":\"ImageObject\",\"inLanguage\":\"de\",\"@id\":\"https:\/\/loftrunway.com\/de\/products\/asics-gel-ds-trainer-og-glacier-grey-silver\/#primaryimage\",\"url\":\"https:\/\/images.novelship.com\/product\/asics_gel_ds_trainer_og__glacier_grey_silver__1191_0_63327.jpeg\",\"contentUrl\":\"https:\/\/images.novelship.com\/product\/asics_gel_ds_trainer_og__glacier_grey_silver__1191_0_63327.jpeg\"},{\"@type\":\"BreadcrumbList\",\"@id\":\"https:\/\/loftrunway.com\/de\/products\/asics-gel-ds-trainer-og-glacier-grey-silver\/#breadcrumb\",\"itemListElement\":[{\"@type\":\"ListItem\",\"position\":1,\"name\":\"Home\",\"item\":\"https:\/\/loftrunway.com\/de\/\"},{\"@type\":\"ListItem\",\"position\":2,\"name\":\"Shop\",\"item\":\"https:\/\/loftrunway.com\/de\/shop\/\"},{\"@type\":\"ListItem\",\"position\":3,\"name\":\"ASICS Gel DS Trainer OG &#8218;Glacier Grey Silver&#8216;\"}]},{\"@type\":\"WebSite\",\"@id\":\"https:\/\/loftrunway.com\/de\/#website\",\"url\":\"https:\/\/loftrunway.com\/de\/\",\"name\":\"Styloral Jewelry Shop\",\"description\":\"Der Ort, an dem man alle Arten von Sneakern findet\",\"publisher\":{\"@id\":\"https:\/\/loftrunway.com\/de\/#organization\"},\"potentialAction\":[{\"@type\":\"SearchAction\",\"target\":{\"@type\":\"EntryPoint\",\"urlTemplate\":\"https:\/\/loftrunway.com\/de\/?s={search_term_string}\"},\"query-input\":{\"@type\":\"PropertyValueSpecification\",\"valueRequired\":true,\"valueName\":\"search_term_string\"}}],\"inLanguage\":\"de\"},{\"@type\":\"Organization\",\"@id\":\"https:\/\/loftrunway.com\/de\/#organization\",\"name\":\"STYLORAL PTE. LTD\",\"url\":\"https:\/\/loftrunway.com\/de\/\",\"logo\":{\"@type\":\"ImageObject\",\"inLanguage\":\"de\",\"@id\":\"https:\/\/loftrunway.com\/de\/#\/schema\/logo\/image\/\",\"url\":\"https:\/\/www.loftrunway.com\/wp-content\/uploads\/2025\/12\/logo.png\",\"contentUrl\":\"https:\/\/www.loftrunway.com\/wp-content\/uploads\/2025\/12\/logo.png\",\"width\":200,\"height\":65,\"caption\":\"STYLORAL PTE. LTD\"},\"image\":{\"@id\":\"https:\/\/loftrunway.com\/de\/#\/schema\/logo\/image\/\"}}]}<\/script>\n<!-- \/ Yoast SEO plugin. -->","yoast_head_json":{"title":"ASICS Gel DS Trainer OG 'Glacier Grey Silver'  - Loftrunway","robots":{"index":"index","follow":"follow","max-snippet":"max-snippet:-1","max-image-preview":"max-image-preview:large","max-video-preview":"max-video-preview:-1"},"canonical":"https:\/\/loftrunway.com\/de\/products\/asics-gel-ds-trainer-og-glacier-grey-silver\/","og_locale":"de_DE","og_type":"article","og_title":"ASICS Gel DS Trainer OG 'Glacier Grey Silver'  - Loftrunway","og_description":"ASICS Gel DS Trainer OG \u201d\u201d Gray\/White","og_url":"https:\/\/loftrunway.com\/de\/products\/asics-gel-ds-trainer-og-glacier-grey-silver\/","og_site_name":"loftRUN Sneaker Store","article_modified_time":"2026-04-02T08:02:24+00:00","twitter_card":"summary_large_image","twitter_image":"https:\/\/images.novelship.com\/product\/asics_gel_ds_trainer_og__glacier_grey_silver__1191_0_63327.jpeg","schema":{"@context":"https:\/\/schema.org","@graph":[{"@type":"WebPage","@id":"https:\/\/loftrunway.com\/de\/products\/asics-gel-ds-trainer-og-glacier-grey-silver\/","url":"https:\/\/loftrunway.com\/de\/products\/asics-gel-ds-trainer-og-glacier-grey-silver\/","name":"ASICS Gel DS Trainer OG 'Glacier Grey Silver' - Loftrunway","isPartOf":{"@id":"https:\/\/loftrunway.com\/de\/#website"},"primaryImageOfPage":{"@id":"https:\/\/loftrunway.com\/de\/products\/asics-gel-ds-trainer-og-glacier-grey-silver\/#primaryimage"},"image":{"@id":"https:\/\/loftrunway.com\/de\/products\/asics-gel-ds-trainer-og-glacier-grey-silver\/#primaryimage"},"thumbnailUrl":"https:\/\/images.novelship.com\/product\/asics_gel_ds_trainer_og__glacier_grey_silver__1191_0_63327.jpeg","datePublished":"2026-03-02T09:00:59+00:00","dateModified":"2026-04-02T08:02:24+00:00","breadcrumb":{"@id":"https:\/\/loftrunway.com\/de\/products\/asics-gel-ds-trainer-og-glacier-grey-silver\/#breadcrumb"},"inLanguage":"de","potentialAction":[{"@type":"ReadAction","target":["https:\/\/loftrunway.com\/de\/products\/asics-gel-ds-trainer-og-glacier-grey-silver\/"]}]},{"@type":"ImageObject","inLanguage":"de","@id":"https:\/\/loftrunway.com\/de\/products\/asics-gel-ds-trainer-og-glacier-grey-silver\/#primaryimage","url":"https:\/\/images.novelship.com\/product\/asics_gel_ds_trainer_og__glacier_grey_silver__1191_0_63327.jpeg","contentUrl":"https:\/\/images.novelship.com\/product\/asics_gel_ds_trainer_og__glacier_grey_silver__1191_0_63327.jpeg"},{"@type":"BreadcrumbList","@id":"https:\/\/loftrunway.com\/de\/products\/asics-gel-ds-trainer-og-glacier-grey-silver\/#breadcrumb","itemListElement":[{"@type":"ListItem","position":1,"name":"Home","item":"https:\/\/loftrunway.com\/de\/"},{"@type":"ListItem","position":2,"name":"Shop","item":"https:\/\/loftrunway.com\/de\/shop\/"},{"@type":"ListItem","position":3,"name":"ASICS Gel DS Trainer OG &#8218;Glacier Grey Silver&#8216;"}]},{"@type":"WebSite","@id":"https:\/\/loftrunway.com\/de\/#website","url":"https:\/\/loftrunway.com\/de\/","name":"Styloral Jewelry Shop","description":"Der Ort, an dem man alle Arten von Sneakern findet","publisher":{"@id":"https:\/\/loftrunway.com\/de\/#organization"},"potentialAction":[{"@type":"SearchAction","target":{"@type":"EntryPoint","urlTemplate":"https:\/\/loftrunway.com\/de\/?s={search_term_string}"},"query-input":{"@type":"PropertyValueSpecification","valueRequired":true,"valueName":"search_term_string"}}],"inLanguage":"de"},{"@type":"Organization","@id":"https:\/\/loftrunway.com\/de\/#organization","name":"STYLORAL PTE. LTD","url":"https:\/\/loftrunway.com\/de\/","logo":{"@type":"ImageObject","inLanguage":"de","@id":"https:\/\/loftrunway.com\/de\/#\/schema\/logo\/image\/","url":"https:\/\/www.loftrunway.com\/wp-content\/uploads\/2025\/12\/logo.png","contentUrl":"https:\/\/www.loftrunway.com\/wp-content\/uploads\/2025\/12\/logo.png","width":200,"height":65,"caption":"STYLORAL PTE. LTD"},"image":{"@id":"https:\/\/loftrunway.com\/de\/#\/schema\/logo\/image\/"}}]}},"_links":{"self":[{"href":"https:\/\/loftrunway.com\/de\/wp-json\/wp\/v2\/product\/156712","targetHints":{"allow":["GET"]}}],"collection":[{"href":"https:\/\/loftrunway.com\/de\/wp-json\/wp\/v2\/product"}],"about":[{"href":"https:\/\/loftrunway.com\/de\/wp-json\/wp\/v2\/types\/product"}],"replies":[{"embeddable":true,"href":"https:\/\/loftrunway.com\/de\/wp-json\/wp\/v2\/comments?post=156712"}],"wp:featuredmedia":[{"embeddable":true,"href":"https:\/\/loftrunway.com\/de\/wp-json\/wp\/v2\/media\/156713"}],"wp:attachment":[{"href":"https:\/\/loftrunway.com\/de\/wp-json\/wp\/v2\/media?parent=156712"}],"wp:term":[{"taxonomy":"product_brand","embeddable":true,"href":"https:\/\/loftrunway.com\/de\/wp-json\/wp\/v2\/product_brand?post=156712"},{"taxonomy":"product_cat","embeddable":true,"href":"https:\/\/loftrunway.com\/de\/wp-json\/wp\/v2\/product_cat?post=156712"},{"taxonomy":"product_tag","embeddable":true,"href":"https:\/\/loftrunway.com\/de\/wp-json\/wp\/v2\/product_tag?post=156712"}],"curies":[{"name":"wp","href":"https:\/\/api.w.org\/{rel}","templated":true}]}}