{"id":157521,"date":"2026-03-02T16:02:14","date_gmt":"2026-03-02T09:02:14","guid":{"rendered":"http:\/\/loftrunway.com\/product\/salehe-bembury-x-new-balance-2002r-water-be-the-guide"},"modified":"2026-04-03T19:43:56","modified_gmt":"2026-04-03T12:43:56","slug":"salehe-bembury-x-new-balance-2002r-water-be-the-guide","status":"publish","type":"product","link":"https:\/\/loftrunway.com\/de\/products\/salehe-bembury-x-new-balance-2002r-water-be-the-guide\/","title":{"rendered":"Salehe Bembury x New Balance 2002R &#8218;Water Be The Guide&#8216;"},"content":{"rendered":"<p>Wir pr\u00e4sentieren den Salehe Bembury x New Balance 2002R Water Be The Guide Sneaker \u201d\u201c eine Kollaboration des renommierten Designers Salehe Bembury mit New Balance. Dieser Sneaker ist nicht nur stylisch, sondern auch auf Performance und Langlebigkeit optimiert. Mit seinem einzigartigen, vom Wasser inspirierten Design ist er perfekt f\u00fcr alle, die ein Statement setzen und gleichzeitig h\u00f6chsten Tragekomfort genie\u00dfen m\u00f6chten. Jetzt shoppen und mit diesen exklusiven Sneakern zum Style-Guide werden!<\/p>\n<ul>\n<li><strong>Farbgebung:<\/strong> Cyan\/Lime\/Braun<\/li>\n<li><strong>Style-Code:<\/strong> ML2002RJ<\/li>\n<li><strong>Obermaterial:<\/strong> Wildleder<\/li>\n<li><strong>Zwischensohle:<\/strong> NERGY<\/li>\n<li><strong>Farbe:<\/strong> T\u00fcrkis<\/li>\n<li><strong>Designer:<\/strong> Tinker Hatfield<\/li>\n<li><strong>Saison:<\/strong> Sommer<\/li>\n<li><strong>Erscheinungsjahr:<\/strong> 2021<\/li>\n<\/ul>\n","protected":false},"excerpt":{"rendered":"<p>New Balance 2002R \u201d\u201d Cyan\/Lime\/Brown<\/p>\n","protected":false},"featured_media":157522,"comment_status":"open","ping_status":"closed","template":"","meta":[],"product_brand":[],"product_cat":[10771],"product_tag":[10750,10753,10754,10765,10766,10767,10768,10785],"class_list":{"0":"post-157521","1":"product","2":"type-product","3":"status-publish","4":"has-post-thumbnail","6":"product_cat-new-balance","7":"product_tag-athleisure-shoes","8":"product_tag-gift-for-him","9":"product_tag-lifestyle-casual-shoes","10":"product_tag-lifestyle-shoes-running-inspired","11":"product_tag-new-balance","12":"product_tag-new-balance-running-shoes","13":"product_tag-retro-running-shoes","14":"product_tag-trending-deals","15":"wcpa_has_options","17":"first","18":"instock","19":"taxable","20":"shipping-taxable","21":"purchasable","22":"product-type-simple"},"wcpa_form_fields":{"rules":{"pric_overide_base_price":false,"pric_overide_base_price_if_gt_zero":false,"pric_overide_base_price_fully":false,"pric_cal_option_once":false,"pric_use_as_fee":false,"bind_quantity":false,"quantity_bind_formula":false},"fields":[{"type":"color-group","required":true,"elementId":"wcpa-color-group-66c4a928225d2","label":"Gr\u00f6\u00dfe","inline":true,"priceOptions":"different_for_all","pricingType":"fixed","className":"hassizechart product-shoes-size-eu product-shoes-size","name":"color-group-66c4a928225e2","disp_type":"square","selection_type":"tick-border","disp_size":"50","show_label_inside":true,"adjust_width":true,"cart_display_type":"text","other_text":"Other","cl_rule":"show","col":6,"values":[{"label":"35","value":"EU 35","price":"","pimage":"","pimage_id":"","pthumb":"","color":""},{"label":"36","value":"EU 36","price":"","pimage":"","pimage_id":"","pthumb":"","color":"","selected":true},{"label":"37","value":"EU 37","price":"","pimage":"","pimage_id":"","pthumb":"","color":""},{"label":"37.5","value":"EU 37.5","price":"","pimage":"","pimage_id":"","pthumb":"","color":""},{"label":"38","value":"EU 38","price":"","pimage":"","pimage_id":"","pthumb":"","color":""},{"label":"38.5","value":"EU 38.5","price":"","pimage":"","pimage_id":"","pthumb":"","color":""},{"label":"39","value":"EU 39","price":"","pimage":"","pimage_id":"","pthumb":"","color":""},{"label":"39.5","value":"EU 39.5","price":"","pimage":"","pimage_id":"","pthumb":"","color":""},{"label":"40","value":"EU 40","price":"","pimage":"","pimage_id":"","pthumb":"","color":""},{"label":"40.5","value":"EU 40.5","price":"","pimage":"","pimage_id":"","pthumb":"","color":""},{"label":" 41.5","value":"EU 41.5","price":"","pimage":"","pimage_id":"","pthumb":"","color":""},{"label":"42","value":"EU 42","price":"","pimage":"","pimage_id":"","pthumb":"","color":""},{"label":"42.5","value":"EU 42.5","price":"","pimage":"","pimage_id":"","pthumb":"","color":""},{"label":"43","value":"EU 43","price":"","pimage":"","pimage_id":"","pthumb":"","color":""},{"label":"44","value":"EU 44","price":"","pimage":"","pimage_id":"","pthumb":"","color":""},{"label":"44.5","value":"EU 44.5","price":"","pimage":"","pimage_id":"","pthumb":"","color":""},{"label":"45","value":"EU 45","price":"","pimage":"","pimage_id":"","pthumb":"","color":""},{"label":"45.5","value":"EU 45.5","price":"","pimage":"","pimage_id":"","pthumb":"","color":""},{"label":"46","value":"EU 46","price":"","pimage":"","pimage_id":"","pthumb":"","color":""}],"relations":[{"operator":false,"rules":[]}],"form_id":24803,"form_rules":{"pric_cal_option_once":false,"exclude_from_discount":false,"pric_use_as_fee":false,"fee_label":"Fee","render_after_acb":false,"disp_hide_options_price":false}}]},"yoast_head":"<!-- This site is optimized with the Yoast SEO plugin v26.5 - https:\/\/yoast.com\/wordpress\/plugins\/seo\/ -->\n<title>Salehe Bembury x New Balance 2002R &#039;Water Be The Guide&#039;  - Loftrunway<\/title>\n<meta name=\"robots\" content=\"index, follow, max-snippet:-1, max-image-preview:large, max-video-preview:-1\" \/>\n<link rel=\"canonical\" href=\"https:\/\/loftrunway.com\/de\/products\/salehe-bembury-x-new-balance-2002r-water-be-the-guide\/\" \/>\n<meta property=\"og:locale\" content=\"de_DE\" \/>\n<meta property=\"og:type\" content=\"article\" \/>\n<meta property=\"og:title\" content=\"Salehe Bembury x New Balance 2002R &#039;Water Be The Guide&#039;  - Loftrunway\" \/>\n<meta property=\"og:description\" content=\"New Balance 2002R \u201d\u201d Cyan\/Lime\/Brown\" \/>\n<meta property=\"og:url\" content=\"https:\/\/loftrunway.com\/de\/products\/salehe-bembury-x-new-balance-2002r-water-be-the-guide\/\" \/>\n<meta property=\"og:site_name\" content=\"loftRUN Sneaker Store\" \/>\n<meta property=\"article:modified_time\" content=\"2026-04-03T12:43:56+00:00\" \/>\n<meta name=\"twitter:card\" content=\"summary_large_image\" \/>\n<meta name=\"twitter:image\" content=\"https:\/\/images.novelship.com\/product\/salehe_bembury_x_new_balance_2002r__water_be_the_g_0_18372.jpeg\" \/>\n<script type=\"application\/ld+json\" class=\"yoast-schema-graph\">{\"@context\":\"https:\/\/schema.org\",\"@graph\":[{\"@type\":\"WebPage\",\"@id\":\"https:\/\/loftrunway.com\/de\/products\/salehe-bembury-x-new-balance-2002r-water-be-the-guide\/\",\"url\":\"https:\/\/loftrunway.com\/de\/products\/salehe-bembury-x-new-balance-2002r-water-be-the-guide\/\",\"name\":\"Salehe Bembury x New Balance 2002R 'Water Be The Guide' - Loftrunway\",\"isPartOf\":{\"@id\":\"https:\/\/loftrunway.com\/de\/#website\"},\"primaryImageOfPage\":{\"@id\":\"https:\/\/loftrunway.com\/de\/products\/salehe-bembury-x-new-balance-2002r-water-be-the-guide\/#primaryimage\"},\"image\":{\"@id\":\"https:\/\/loftrunway.com\/de\/products\/salehe-bembury-x-new-balance-2002r-water-be-the-guide\/#primaryimage\"},\"thumbnailUrl\":\"https:\/\/images.novelship.com\/product\/salehe_bembury_x_new_balance_2002r__water_be_the_g_0_18372.jpeg\",\"datePublished\":\"2026-03-02T09:02:14+00:00\",\"dateModified\":\"2026-04-03T12:43:56+00:00\",\"breadcrumb\":{\"@id\":\"https:\/\/loftrunway.com\/de\/products\/salehe-bembury-x-new-balance-2002r-water-be-the-guide\/#breadcrumb\"},\"inLanguage\":\"de\",\"potentialAction\":[{\"@type\":\"ReadAction\",\"target\":[\"https:\/\/loftrunway.com\/de\/products\/salehe-bembury-x-new-balance-2002r-water-be-the-guide\/\"]}]},{\"@type\":\"ImageObject\",\"inLanguage\":\"de\",\"@id\":\"https:\/\/loftrunway.com\/de\/products\/salehe-bembury-x-new-balance-2002r-water-be-the-guide\/#primaryimage\",\"url\":\"https:\/\/images.novelship.com\/product\/salehe_bembury_x_new_balance_2002r__water_be_the_g_0_18372.jpeg\",\"contentUrl\":\"https:\/\/images.novelship.com\/product\/salehe_bembury_x_new_balance_2002r__water_be_the_g_0_18372.jpeg\"},{\"@type\":\"BreadcrumbList\",\"@id\":\"https:\/\/loftrunway.com\/de\/products\/salehe-bembury-x-new-balance-2002r-water-be-the-guide\/#breadcrumb\",\"itemListElement\":[{\"@type\":\"ListItem\",\"position\":1,\"name\":\"Home\",\"item\":\"https:\/\/loftrunway.com\/de\/\"},{\"@type\":\"ListItem\",\"position\":2,\"name\":\"Shop\",\"item\":\"https:\/\/loftrunway.com\/de\/shop\/\"},{\"@type\":\"ListItem\",\"position\":3,\"name\":\"Salehe Bembury x New Balance 2002R &#8218;Water Be The Guide&#8216;\"}]},{\"@type\":\"WebSite\",\"@id\":\"https:\/\/loftrunway.com\/de\/#website\",\"url\":\"https:\/\/loftrunway.com\/de\/\",\"name\":\"Styloral Jewelry Shop\",\"description\":\"Der Ort, an dem man alle Arten von Sneakern findet\",\"publisher\":{\"@id\":\"https:\/\/loftrunway.com\/de\/#organization\"},\"potentialAction\":[{\"@type\":\"SearchAction\",\"target\":{\"@type\":\"EntryPoint\",\"urlTemplate\":\"https:\/\/loftrunway.com\/de\/?s={search_term_string}\"},\"query-input\":{\"@type\":\"PropertyValueSpecification\",\"valueRequired\":true,\"valueName\":\"search_term_string\"}}],\"inLanguage\":\"de\"},{\"@type\":\"Organization\",\"@id\":\"https:\/\/loftrunway.com\/de\/#organization\",\"name\":\"STYLORAL PTE. LTD\",\"url\":\"https:\/\/loftrunway.com\/de\/\",\"logo\":{\"@type\":\"ImageObject\",\"inLanguage\":\"de\",\"@id\":\"https:\/\/loftrunway.com\/de\/#\/schema\/logo\/image\/\",\"url\":\"https:\/\/www.loftrunway.com\/wp-content\/uploads\/2025\/12\/logo.png\",\"contentUrl\":\"https:\/\/www.loftrunway.com\/wp-content\/uploads\/2025\/12\/logo.png\",\"width\":200,\"height\":65,\"caption\":\"STYLORAL PTE. LTD\"},\"image\":{\"@id\":\"https:\/\/loftrunway.com\/de\/#\/schema\/logo\/image\/\"}}]}<\/script>\n<!-- \/ Yoast SEO plugin. -->","yoast_head_json":{"title":"Salehe Bembury x New Balance 2002R 'Water Be The Guide'  - Loftrunway","robots":{"index":"index","follow":"follow","max-snippet":"max-snippet:-1","max-image-preview":"max-image-preview:large","max-video-preview":"max-video-preview:-1"},"canonical":"https:\/\/loftrunway.com\/de\/products\/salehe-bembury-x-new-balance-2002r-water-be-the-guide\/","og_locale":"de_DE","og_type":"article","og_title":"Salehe Bembury x New Balance 2002R 'Water Be The Guide'  - Loftrunway","og_description":"New Balance 2002R \u201d\u201d Cyan\/Lime\/Brown","og_url":"https:\/\/loftrunway.com\/de\/products\/salehe-bembury-x-new-balance-2002r-water-be-the-guide\/","og_site_name":"loftRUN Sneaker Store","article_modified_time":"2026-04-03T12:43:56+00:00","twitter_card":"summary_large_image","twitter_image":"https:\/\/images.novelship.com\/product\/salehe_bembury_x_new_balance_2002r__water_be_the_g_0_18372.jpeg","schema":{"@context":"https:\/\/schema.org","@graph":[{"@type":"WebPage","@id":"https:\/\/loftrunway.com\/de\/products\/salehe-bembury-x-new-balance-2002r-water-be-the-guide\/","url":"https:\/\/loftrunway.com\/de\/products\/salehe-bembury-x-new-balance-2002r-water-be-the-guide\/","name":"Salehe Bembury x New Balance 2002R 'Water Be The Guide' - Loftrunway","isPartOf":{"@id":"https:\/\/loftrunway.com\/de\/#website"},"primaryImageOfPage":{"@id":"https:\/\/loftrunway.com\/de\/products\/salehe-bembury-x-new-balance-2002r-water-be-the-guide\/#primaryimage"},"image":{"@id":"https:\/\/loftrunway.com\/de\/products\/salehe-bembury-x-new-balance-2002r-water-be-the-guide\/#primaryimage"},"thumbnailUrl":"https:\/\/images.novelship.com\/product\/salehe_bembury_x_new_balance_2002r__water_be_the_g_0_18372.jpeg","datePublished":"2026-03-02T09:02:14+00:00","dateModified":"2026-04-03T12:43:56+00:00","breadcrumb":{"@id":"https:\/\/loftrunway.com\/de\/products\/salehe-bembury-x-new-balance-2002r-water-be-the-guide\/#breadcrumb"},"inLanguage":"de","potentialAction":[{"@type":"ReadAction","target":["https:\/\/loftrunway.com\/de\/products\/salehe-bembury-x-new-balance-2002r-water-be-the-guide\/"]}]},{"@type":"ImageObject","inLanguage":"de","@id":"https:\/\/loftrunway.com\/de\/products\/salehe-bembury-x-new-balance-2002r-water-be-the-guide\/#primaryimage","url":"https:\/\/images.novelship.com\/product\/salehe_bembury_x_new_balance_2002r__water_be_the_g_0_18372.jpeg","contentUrl":"https:\/\/images.novelship.com\/product\/salehe_bembury_x_new_balance_2002r__water_be_the_g_0_18372.jpeg"},{"@type":"BreadcrumbList","@id":"https:\/\/loftrunway.com\/de\/products\/salehe-bembury-x-new-balance-2002r-water-be-the-guide\/#breadcrumb","itemListElement":[{"@type":"ListItem","position":1,"name":"Home","item":"https:\/\/loftrunway.com\/de\/"},{"@type":"ListItem","position":2,"name":"Shop","item":"https:\/\/loftrunway.com\/de\/shop\/"},{"@type":"ListItem","position":3,"name":"Salehe Bembury x New Balance 2002R &#8218;Water Be The Guide&#8216;"}]},{"@type":"WebSite","@id":"https:\/\/loftrunway.com\/de\/#website","url":"https:\/\/loftrunway.com\/de\/","name":"Styloral Jewelry Shop","description":"Der Ort, an dem man alle Arten von Sneakern findet","publisher":{"@id":"https:\/\/loftrunway.com\/de\/#organization"},"potentialAction":[{"@type":"SearchAction","target":{"@type":"EntryPoint","urlTemplate":"https:\/\/loftrunway.com\/de\/?s={search_term_string}"},"query-input":{"@type":"PropertyValueSpecification","valueRequired":true,"valueName":"search_term_string"}}],"inLanguage":"de"},{"@type":"Organization","@id":"https:\/\/loftrunway.com\/de\/#organization","name":"STYLORAL PTE. LTD","url":"https:\/\/loftrunway.com\/de\/","logo":{"@type":"ImageObject","inLanguage":"de","@id":"https:\/\/loftrunway.com\/de\/#\/schema\/logo\/image\/","url":"https:\/\/www.loftrunway.com\/wp-content\/uploads\/2025\/12\/logo.png","contentUrl":"https:\/\/www.loftrunway.com\/wp-content\/uploads\/2025\/12\/logo.png","width":200,"height":65,"caption":"STYLORAL PTE. LTD"},"image":{"@id":"https:\/\/loftrunway.com\/de\/#\/schema\/logo\/image\/"}}]}},"_links":{"self":[{"href":"https:\/\/loftrunway.com\/de\/wp-json\/wp\/v2\/product\/157521","targetHints":{"allow":["GET"]}}],"collection":[{"href":"https:\/\/loftrunway.com\/de\/wp-json\/wp\/v2\/product"}],"about":[{"href":"https:\/\/loftrunway.com\/de\/wp-json\/wp\/v2\/types\/product"}],"replies":[{"embeddable":true,"href":"https:\/\/loftrunway.com\/de\/wp-json\/wp\/v2\/comments?post=157521"}],"wp:featuredmedia":[{"embeddable":true,"href":"https:\/\/loftrunway.com\/de\/wp-json\/wp\/v2\/media\/157522"}],"wp:attachment":[{"href":"https:\/\/loftrunway.com\/de\/wp-json\/wp\/v2\/media?parent=157521"}],"wp:term":[{"taxonomy":"product_brand","embeddable":true,"href":"https:\/\/loftrunway.com\/de\/wp-json\/wp\/v2\/product_brand?post=157521"},{"taxonomy":"product_cat","embeddable":true,"href":"https:\/\/loftrunway.com\/de\/wp-json\/wp\/v2\/product_cat?post=157521"},{"taxonomy":"product_tag","embeddable":true,"href":"https:\/\/loftrunway.com\/de\/wp-json\/wp\/v2\/product_tag?post=157521"}],"curies":[{"name":"wp","href":"https:\/\/api.w.org\/{rel}","templated":true}]}}