{"id":158166,"date":"2026-03-02T16:03:07","date_gmt":"2026-03-02T09:03:07","guid":{"rendered":"http:\/\/loftrunway.com\/product\/copa-pure-3-elite-fg-soccer-cleats"},"modified":"2026-04-02T15:03:22","modified_gmt":"2026-04-02T08:03:22","slug":"copa-pure-3-elite-fg-soccer-cleats","status":"publish","type":"product","link":"https:\/\/loftrunway.com\/de\/products\/copa-pure-3-elite-fg-soccer-cleats\/","title":{"rendered":"Copa Pure 3 Elite FG Soccer Cleats"},"content":{"rendered":"<p>Erleben Sie Pr\u00e4zision und Kontrolle auf dem Platz mit den Copa Pure.3 Elite FG Fu\u00dfballschuhen IH0943, die f\u00fcr H\u00f6chstleistungen entwickelt wurden. Diese Premium-Schuhe sind f\u00fcr Spiele auf festem Untergrund konzipiert und verf\u00fcgen \u00fcber einen weichen Ledervorderfu\u00df, der au\u00dfergew\u00f6hnliches Ballgef\u00fchl und Komfort bietet und Ihnen in engen Spielsituationen den entscheidenden Vorteil verschafft. Die leichte Konstruktion in Kombination mit einer reaktionsfreudigen Sohle sorgt f\u00fcr explosive Geschwindigkeit und Agilit\u00e4t auf Naturrasen. Dank des schlanken Designs und des elastischen Schafts, der Ihren Kn\u00f6chel umschlie\u00dft, bieten sie eine nahtlose Passform und Stabilit\u00e4t und Halt in jedem intensiven Spiel. Die robusten und sorgf\u00e4ltig entwickelten Copa Pure.3 Elite FG sind perfekt f\u00fcr Spieler, die H\u00f6chstleistungen fordern \u201d\u201c egal ob im Mittelfeld oder beim pr\u00e4zisen Abschluss. Erreiche ein neues Level an Selbstvertrauen und bringe dein Spiel auf ein neues Level.<\/p>\n<ul>\n<li><strong>Farbgebung:<\/strong> Cloud White\/Matt Gold\/Core Black<\/li>\n<li><strong>Artikelnummer:<\/strong> IH0943<\/li>\n<li><strong>Obermaterial:<\/strong> Fusionskin<\/li>\n<li><strong>Farbe:<\/strong> Wei\u00df<\/li>\n<\/ul>\n","protected":false},"excerpt":{"rendered":"<p>adidas Copa Pure 3 Elite FG \u201d\u201d Cloud White\/Matte Gold\/Core Black<\/p>\n","protected":false},"featured_media":158167,"comment_status":"open","ping_status":"closed","template":"","meta":[],"product_brand":[],"product_cat":[10760,41273],"product_tag":[10759,11087,10802,10986,10987,10758],"class_list":{"0":"post-158166","1":"product","2":"type-product","3":"status-publish","4":"has-post-thumbnail","6":"product_cat-adidas","7":"product_cat-remove","8":"product_tag-adidas","9":"product_tag-firm-ground-fg-football-boots","10":"product_tag-performance-sport-shoes","11":"product_tag-soccer-shoes","12":"product_tag-soccer-shoes-football-cleats","13":"product_tag-under-retail","14":"wcpa_has_options","16":"first","17":"instock","18":"taxable","19":"shipping-taxable","20":"purchasable","21":"product-type-simple"},"wcpa_form_fields":{"rules":{"pric_overide_base_price":false,"pric_overide_base_price_if_gt_zero":false,"pric_overide_base_price_fully":false,"pric_cal_option_once":false,"pric_use_as_fee":false,"bind_quantity":false,"quantity_bind_formula":false},"fields":[{"type":"color-group","required":true,"elementId":"wcpa-color-group-66c4a7f817afe","label":"Gr\u00f6\u00dfe","inline":true,"priceOptions":"different_for_all","pricingType":"fixed","className":"hassizechart product-shoes-size-eu product-shoes-size","name":"color-group-66c4a7f817b18","disp_type":"square","selection_type":"tick-border","disp_size":"50","show_label_inside":true,"adjust_width":true,"cart_display_type":"text","other_text":"Other","cl_rule":"show","col":6,"values":[{"label":"35","value":"EU 35","price":"","pimage":"","pimage_id":"","pthumb":"","color":""},{"label":"35.5","value":"EU 35.5","price":"","pimage":"","pimage_id":"","pthumb":"","color":""},{"label":"36","value":"EU 36","price":"","pimage":"","pimage_id":"","pthumb":"","color":"","selected":true},{"label":"36 2\/3","value":"EU 36 2\/3","price":"","pimage":"","pimage_id":"","pthumb":"","color":""},{"label":"37 1\/3","value":"EU 37 1\/3","price":"","pimage":"","pimage_id":"","pthumb":"","color":""},{"label":"38","value":"EU 38","price":"","pimage":"","pimage_id":"","pthumb":"","color":""},{"label":"38 2\/3","value":"EU 38 2\/3","price":"","pimage":"","pimage_id":"","pthumb":"","color":""},{"label":"39 1\/3","value":"EU 39 1\/3","price":"","pimage":"","pimage_id":"","pthumb":"","color":""},{"label":"40","value":"EU 40","price":"","pimage":"","pimage_id":"","pthumb":"","color":""},{"label":"40 2\/3","value":"EU 40 2\/3","price":"","pimage":"","pimage_id":"","pthumb":"","color":""},{"label":"41 1\/3","value":"EU 41 1\/3","price":"","pimage":"","pimage_id":"","pthumb":"","color":""},{"label":"42","value":"EU 42","price":"","pimage":"","pimage_id":"","pthumb":"","color":""},{"label":"42 2\/3","value":"EU 42 2\/3","price":"","pimage":"","pimage_id":"","pthumb":"","color":""},{"label":"43 1\/3","value":"EU 43 1\/3","price":"","pimage":"","pimage_id":"","pthumb":"","color":""},{"label":"44","value":"EU 44","price":"","pimage":"","pimage_id":"","pthumb":"","color":""},{"label":"44 2\/3","value":"EU 44 2\/3","price":"","pimage":"","pimage_id":"","pthumb":"","color":""},{"label":"45 1\/3","value":"EU 45 1\/3","price":"","pimage":"","pimage_id":"","pthumb":"","color":""},{"label":"46","value":"EU 46","price":"","pimage":"","pimage_id":"","pthumb":"","color":""},{"label":"46 2\/3","value":"EU 46 2\/3","price":"","pimage":"","pimage_id":"","pthumb":"","color":""},{"label":"47 1\/3","value":"EU 47 1\/3","price":"","pimage":"","pimage_id":"","pthumb":"","color":""}],"relations":[{"operator":false,"rules":[]}],"form_id":24802,"form_rules":{"pric_cal_option_once":false,"exclude_from_discount":false,"pric_use_as_fee":false,"fee_label":"Fee","render_after_acb":false,"disp_hide_options_price":false}}]},"yoast_head":"<!-- This site is optimized with the Yoast SEO plugin v26.5 - https:\/\/yoast.com\/wordpress\/plugins\/seo\/ -->\n<title>Copa Pure 3 Elite FG Soccer Cleats  - Loftrunway<\/title>\n<meta name=\"robots\" content=\"index, follow, max-snippet:-1, max-image-preview:large, max-video-preview:-1\" \/>\n<link rel=\"canonical\" href=\"https:\/\/loftrunway.com\/de\/products\/copa-pure-3-elite-fg-soccer-cleats\/\" \/>\n<meta property=\"og:locale\" content=\"de_DE\" \/>\n<meta property=\"og:type\" content=\"article\" \/>\n<meta property=\"og:title\" content=\"Copa Pure 3 Elite FG Soccer Cleats  - Loftrunway\" \/>\n<meta property=\"og:description\" content=\"adidas Copa Pure 3 Elite FG \u201d\u201d Cloud White\/Matte Gold\/Core Black\" \/>\n<meta property=\"og:url\" content=\"https:\/\/loftrunway.com\/de\/products\/copa-pure-3-elite-fg-soccer-cleats\/\" \/>\n<meta property=\"og:site_name\" content=\"loftRUN Sneaker Store\" \/>\n<meta property=\"article:modified_time\" content=\"2026-04-02T08:03:22+00:00\" \/>\n<meta name=\"twitter:card\" content=\"summary_large_image\" \/>\n<meta name=\"twitter:image\" content=\"https:\/\/images.novelship.com\/product\/copa_pure_3_elite_fg_soccer_cleats_ih0943_0_89973.jpeg\" \/>\n<meta name=\"twitter:label1\" content=\"Gesch\u00e4tzte Lesezeit\" \/>\n\t<meta name=\"twitter:data1\" content=\"1\u00a0Minute\" \/>\n<script type=\"application\/ld+json\" class=\"yoast-schema-graph\">{\"@context\":\"https:\/\/schema.org\",\"@graph\":[{\"@type\":\"WebPage\",\"@id\":\"https:\/\/loftrunway.com\/de\/products\/copa-pure-3-elite-fg-soccer-cleats\/\",\"url\":\"https:\/\/loftrunway.com\/de\/products\/copa-pure-3-elite-fg-soccer-cleats\/\",\"name\":\"Copa Pure 3 Elite FG Soccer Cleats - Loftrunway\",\"isPartOf\":{\"@id\":\"https:\/\/loftrunway.com\/de\/#website\"},\"primaryImageOfPage\":{\"@id\":\"https:\/\/loftrunway.com\/de\/products\/copa-pure-3-elite-fg-soccer-cleats\/#primaryimage\"},\"image\":{\"@id\":\"https:\/\/loftrunway.com\/de\/products\/copa-pure-3-elite-fg-soccer-cleats\/#primaryimage\"},\"thumbnailUrl\":\"https:\/\/images.novelship.com\/product\/copa_pure_3_elite_fg_soccer_cleats_ih0943_0_89973.jpeg\",\"datePublished\":\"2026-03-02T09:03:07+00:00\",\"dateModified\":\"2026-04-02T08:03:22+00:00\",\"breadcrumb\":{\"@id\":\"https:\/\/loftrunway.com\/de\/products\/copa-pure-3-elite-fg-soccer-cleats\/#breadcrumb\"},\"inLanguage\":\"de\",\"potentialAction\":[{\"@type\":\"ReadAction\",\"target\":[\"https:\/\/loftrunway.com\/de\/products\/copa-pure-3-elite-fg-soccer-cleats\/\"]}]},{\"@type\":\"ImageObject\",\"inLanguage\":\"de\",\"@id\":\"https:\/\/loftrunway.com\/de\/products\/copa-pure-3-elite-fg-soccer-cleats\/#primaryimage\",\"url\":\"https:\/\/images.novelship.com\/product\/copa_pure_3_elite_fg_soccer_cleats_ih0943_0_89973.jpeg\",\"contentUrl\":\"https:\/\/images.novelship.com\/product\/copa_pure_3_elite_fg_soccer_cleats_ih0943_0_89973.jpeg\"},{\"@type\":\"BreadcrumbList\",\"@id\":\"https:\/\/loftrunway.com\/de\/products\/copa-pure-3-elite-fg-soccer-cleats\/#breadcrumb\",\"itemListElement\":[{\"@type\":\"ListItem\",\"position\":1,\"name\":\"Home\",\"item\":\"https:\/\/loftrunway.com\/de\/\"},{\"@type\":\"ListItem\",\"position\":2,\"name\":\"Shop\",\"item\":\"https:\/\/loftrunway.com\/de\/shop\/\"},{\"@type\":\"ListItem\",\"position\":3,\"name\":\"Copa Pure 3 Elite FG Soccer Cleats\"}]},{\"@type\":\"WebSite\",\"@id\":\"https:\/\/loftrunway.com\/de\/#website\",\"url\":\"https:\/\/loftrunway.com\/de\/\",\"name\":\"Styloral Jewelry Shop\",\"description\":\"Der Ort, an dem man alle Arten von Sneakern findet\",\"publisher\":{\"@id\":\"https:\/\/loftrunway.com\/de\/#organization\"},\"potentialAction\":[{\"@type\":\"SearchAction\",\"target\":{\"@type\":\"EntryPoint\",\"urlTemplate\":\"https:\/\/loftrunway.com\/de\/?s={search_term_string}\"},\"query-input\":{\"@type\":\"PropertyValueSpecification\",\"valueRequired\":true,\"valueName\":\"search_term_string\"}}],\"inLanguage\":\"de\"},{\"@type\":\"Organization\",\"@id\":\"https:\/\/loftrunway.com\/de\/#organization\",\"name\":\"STYLORAL PTE. LTD\",\"url\":\"https:\/\/loftrunway.com\/de\/\",\"logo\":{\"@type\":\"ImageObject\",\"inLanguage\":\"de\",\"@id\":\"https:\/\/loftrunway.com\/de\/#\/schema\/logo\/image\/\",\"url\":\"https:\/\/www.loftrunway.com\/wp-content\/uploads\/2025\/12\/logo.png\",\"contentUrl\":\"https:\/\/www.loftrunway.com\/wp-content\/uploads\/2025\/12\/logo.png\",\"width\":200,\"height\":65,\"caption\":\"STYLORAL PTE. LTD\"},\"image\":{\"@id\":\"https:\/\/loftrunway.com\/de\/#\/schema\/logo\/image\/\"}}]}<\/script>\n<!-- \/ Yoast SEO plugin. -->","yoast_head_json":{"title":"Copa Pure 3 Elite FG Soccer Cleats  - Loftrunway","robots":{"index":"index","follow":"follow","max-snippet":"max-snippet:-1","max-image-preview":"max-image-preview:large","max-video-preview":"max-video-preview:-1"},"canonical":"https:\/\/loftrunway.com\/de\/products\/copa-pure-3-elite-fg-soccer-cleats\/","og_locale":"de_DE","og_type":"article","og_title":"Copa Pure 3 Elite FG Soccer Cleats  - Loftrunway","og_description":"adidas Copa Pure 3 Elite FG \u201d\u201d Cloud White\/Matte Gold\/Core Black","og_url":"https:\/\/loftrunway.com\/de\/products\/copa-pure-3-elite-fg-soccer-cleats\/","og_site_name":"loftRUN Sneaker Store","article_modified_time":"2026-04-02T08:03:22+00:00","twitter_card":"summary_large_image","twitter_image":"https:\/\/images.novelship.com\/product\/copa_pure_3_elite_fg_soccer_cleats_ih0943_0_89973.jpeg","twitter_misc":{"Gesch\u00e4tzte Lesezeit":"1\u00a0Minute"},"schema":{"@context":"https:\/\/schema.org","@graph":[{"@type":"WebPage","@id":"https:\/\/loftrunway.com\/de\/products\/copa-pure-3-elite-fg-soccer-cleats\/","url":"https:\/\/loftrunway.com\/de\/products\/copa-pure-3-elite-fg-soccer-cleats\/","name":"Copa Pure 3 Elite FG Soccer Cleats - Loftrunway","isPartOf":{"@id":"https:\/\/loftrunway.com\/de\/#website"},"primaryImageOfPage":{"@id":"https:\/\/loftrunway.com\/de\/products\/copa-pure-3-elite-fg-soccer-cleats\/#primaryimage"},"image":{"@id":"https:\/\/loftrunway.com\/de\/products\/copa-pure-3-elite-fg-soccer-cleats\/#primaryimage"},"thumbnailUrl":"https:\/\/images.novelship.com\/product\/copa_pure_3_elite_fg_soccer_cleats_ih0943_0_89973.jpeg","datePublished":"2026-03-02T09:03:07+00:00","dateModified":"2026-04-02T08:03:22+00:00","breadcrumb":{"@id":"https:\/\/loftrunway.com\/de\/products\/copa-pure-3-elite-fg-soccer-cleats\/#breadcrumb"},"inLanguage":"de","potentialAction":[{"@type":"ReadAction","target":["https:\/\/loftrunway.com\/de\/products\/copa-pure-3-elite-fg-soccer-cleats\/"]}]},{"@type":"ImageObject","inLanguage":"de","@id":"https:\/\/loftrunway.com\/de\/products\/copa-pure-3-elite-fg-soccer-cleats\/#primaryimage","url":"https:\/\/images.novelship.com\/product\/copa_pure_3_elite_fg_soccer_cleats_ih0943_0_89973.jpeg","contentUrl":"https:\/\/images.novelship.com\/product\/copa_pure_3_elite_fg_soccer_cleats_ih0943_0_89973.jpeg"},{"@type":"BreadcrumbList","@id":"https:\/\/loftrunway.com\/de\/products\/copa-pure-3-elite-fg-soccer-cleats\/#breadcrumb","itemListElement":[{"@type":"ListItem","position":1,"name":"Home","item":"https:\/\/loftrunway.com\/de\/"},{"@type":"ListItem","position":2,"name":"Shop","item":"https:\/\/loftrunway.com\/de\/shop\/"},{"@type":"ListItem","position":3,"name":"Copa Pure 3 Elite FG Soccer Cleats"}]},{"@type":"WebSite","@id":"https:\/\/loftrunway.com\/de\/#website","url":"https:\/\/loftrunway.com\/de\/","name":"Styloral Jewelry Shop","description":"Der Ort, an dem man alle Arten von Sneakern findet","publisher":{"@id":"https:\/\/loftrunway.com\/de\/#organization"},"potentialAction":[{"@type":"SearchAction","target":{"@type":"EntryPoint","urlTemplate":"https:\/\/loftrunway.com\/de\/?s={search_term_string}"},"query-input":{"@type":"PropertyValueSpecification","valueRequired":true,"valueName":"search_term_string"}}],"inLanguage":"de"},{"@type":"Organization","@id":"https:\/\/loftrunway.com\/de\/#organization","name":"STYLORAL PTE. LTD","url":"https:\/\/loftrunway.com\/de\/","logo":{"@type":"ImageObject","inLanguage":"de","@id":"https:\/\/loftrunway.com\/de\/#\/schema\/logo\/image\/","url":"https:\/\/www.loftrunway.com\/wp-content\/uploads\/2025\/12\/logo.png","contentUrl":"https:\/\/www.loftrunway.com\/wp-content\/uploads\/2025\/12\/logo.png","width":200,"height":65,"caption":"STYLORAL PTE. LTD"},"image":{"@id":"https:\/\/loftrunway.com\/de\/#\/schema\/logo\/image\/"}}]}},"_links":{"self":[{"href":"https:\/\/loftrunway.com\/de\/wp-json\/wp\/v2\/product\/158166","targetHints":{"allow":["GET"]}}],"collection":[{"href":"https:\/\/loftrunway.com\/de\/wp-json\/wp\/v2\/product"}],"about":[{"href":"https:\/\/loftrunway.com\/de\/wp-json\/wp\/v2\/types\/product"}],"replies":[{"embeddable":true,"href":"https:\/\/loftrunway.com\/de\/wp-json\/wp\/v2\/comments?post=158166"}],"wp:featuredmedia":[{"embeddable":true,"href":"https:\/\/loftrunway.com\/de\/wp-json\/wp\/v2\/media\/158167"}],"wp:attachment":[{"href":"https:\/\/loftrunway.com\/de\/wp-json\/wp\/v2\/media?parent=158166"}],"wp:term":[{"taxonomy":"product_brand","embeddable":true,"href":"https:\/\/loftrunway.com\/de\/wp-json\/wp\/v2\/product_brand?post=158166"},{"taxonomy":"product_cat","embeddable":true,"href":"https:\/\/loftrunway.com\/de\/wp-json\/wp\/v2\/product_cat?post=158166"},{"taxonomy":"product_tag","embeddable":true,"href":"https:\/\/loftrunway.com\/de\/wp-json\/wp\/v2\/product_tag?post=158166"}],"curies":[{"name":"wp","href":"https:\/\/api.w.org\/{rel}","templated":true}]}}