{"id":158538,"date":"2026-03-02T16:03:36","date_gmt":"2026-03-02T09:03:36","guid":{"rendered":"http:\/\/loftrunway.com\/product\/exclusive-itemja-2-heart-eyes-ep"},"modified":"2026-04-02T15:03:37","modified_gmt":"2026-04-02T08:03:37","slug":"exclusive-itemja-2-heart-eyes-ep","status":"publish","type":"product","link":"https:\/\/loftrunway.com\/de\/products\/exclusive-itemja-2-heart-eyes-ep\/","title":{"rendered":"Exclusive Item &#8211; JA 2 &#8222;Heart Eyes&#8220; EP"},"content":{"rendered":"<p>Entdecken Sie die exklusive JA 2 \u201eHeart Eyes\u201c EP IB5841-800 \u201d\u201c ein einzigartiges Sammlerst\u00fcck, das mit viel Liebe zum Detail f\u00fcr Liebhaber von Kreativit\u00e4t und Handwerkskunst entworfen wurde. Dieses au\u00dfergew\u00f6hnliche St\u00fcck vereint k\u00fchne \u00c4sthetik mit einem lebendigen Ausdruck und f\u00e4ngt so die Essenz von Innovation und Individualit\u00e4t ein. Gefertigt aus hochwertigen Materialien, ist die \u201eHeart Eyes\u201c EP sowohl ein stilvolles Statement als auch eine wertvolle Erg\u00e4nzung jeder Sammlung. Ihr unverwechselbares Design und die Liebe zum Detail machen sie zu einem herausragenden St\u00fcck, das zeitgen\u00f6ssische Kunst mit zeitloser Eleganz verbindet. Bereichern Sie Ihre Sammlung und heben Sie sich mit diesem einzigartigen Meisterwerk von der Masse ab \u201d\u201c ein Schuh, der Bewunderung und Gespr\u00e4chsstoff garantiert.<\/p>\n<ul>\n<li><strong>Farbgebung:<\/strong> Magic Ember\/Pink Foam\/Deep Night\/Iron Gray<\/li>\n<li><strong>Artikelnummer:<\/strong> IB5841-800<\/li>\n<li><strong>Obermaterial:<\/strong> Mesh<\/li>\n<li><strong>Zwischensohle:<\/strong> Zoom Air<\/li>\n<li><strong>Farbe:<\/strong> Rot<\/li>\n<\/ul>\n","protected":false},"excerpt":{"rendered":"<p>Nike JA 2 &#8222;Heart Eyes&#8220; EP \u201d\u201d Magic Ember\/Pink Foam\/Deep Night\/Iron Gray<\/p>\n","protected":false},"featured_media":158539,"comment_status":"open","ping_status":"closed","template":"","meta":[],"product_brand":[],"product_cat":[10803,41273],"product_tag":[10750,10754,10777,10801,10758],"class_list":{"0":"post-158538","1":"product","2":"type-product","3":"status-publish","4":"has-post-thumbnail","6":"product_cat-nike","7":"product_cat-remove","8":"product_tag-athleisure-shoes","9":"product_tag-lifestyle-casual-shoes","10":"product_tag-lifestyle-shoes-basketball-inspired","11":"product_tag-nike","12":"product_tag-under-retail","13":"wcpa_has_options","15":"first","16":"instock","17":"taxable","18":"shipping-taxable","19":"purchasable","20":"product-type-simple"},"wcpa_form_fields":{"rules":{"pric_overide_base_price":false,"pric_overide_base_price_if_gt_zero":false,"pric_overide_base_price_fully":false,"pric_cal_option_once":false,"pric_use_as_fee":false,"bind_quantity":false,"quantity_bind_formula":false},"fields":[{"type":"color-group","required":true,"elementId":"wcpa-color-group-66c4a75505e74","label":"Gr\u00f6\u00dfe - EU Gr\u00f6\u00dfe","inline":true,"priceOptions":"different_for_all","pricingType":"fixed","className":"hassizechart product-shoes-size-eu product-shoes-size","name":"color-group-66c4a75505e89","disp_type":"square","selection_type":"tick-border","disp_size":"44","show_label_inside":true,"adjust_width":true,"cart_display_type":"text","other_text":"Other","cl_rule":"show","col":6,"values":[{"label":"35.5","value":"EU 35.5","price":"","pimage":"","pimage_id":"","pthumb":"","color":""},{"label":"36","value":"EU 36","price":"","pimage":"","pimage_id":"","pthumb":"","color":"","selected":true},{"label":"36.5","value":"EU 36.5","price":"","pimage":"","pimage_id":"","pthumb":"","color":""},{"label":"37.5","value":"EU 37.5","price":"","pimage":"","pimage_id":"","pthumb":"","color":""},{"label":"38","value":"EU 38","price":"","pimage":"","pimage_id":"","pthumb":"","color":""},{"label":"38.5","value":"EU 38.5","price":"","pimage":"","pimage_id":"","pthumb":"","color":""},{"label":"39","value":"EU 39","price":"","pimage":"","pimage_id":"","pthumb":"","color":""},{"label":"40","value":"EU 40","price":"","pimage":"","pimage_id":"","pthumb":"","color":""},{"label":"40.5","value":"EU 40.5","price":"","pimage":"","pimage_id":"","pthumb":"","color":""},{"label":"41","value":"EU 41","price":"","pimage":"","pimage_id":"","pthumb":"","color":""},{"label":"42","value":"EU 42","price":"","pimage":"","pimage_id":"","pthumb":"","color":""},{"label":"42.5","value":"EU 42.5","price":"","pimage":"","pimage_id":"","pthumb":"","color":""},{"label":"43","value":"EU 43","price":"","pimage":"","pimage_id":"","pthumb":"","color":""},{"label":"44","value":"EU 44","price":"","pimage":"","pimage_id":"","pthumb":"","color":""},{"label":"44.5","value":"EU 44.5","price":"","pimage":"","pimage_id":"","pthumb":"","color":""},{"label":"45","value":"EU 45","price":"","pimage":"","pimage_id":"","pthumb":"","color":""},{"label":"45.5","value":"EU 45.5","price":"","pimage":"","pimage_id":"","pthumb":"","color":""},{"label":"46","value":"EU 46","price":"","pimage":"","pimage_id":"","pthumb":"","color":""},{"label":"47","value":"EU 47","price":"","pimage":"","pimage_id":"","pthumb":"","color":""},{"label":"47.5","value":"EU 47.5","price":"","pimage":"","pimage_id":"","pthumb":"","color":""},{"label":"48","value":"EU 48","price":"","pimage":"","pimage_id":"","pthumb":"","color":""}],"relations":[{"operator":false,"rules":[]}],"form_id":18106,"form_rules":{"pric_cal_option_once":false,"exclude_from_discount":false,"pric_use_as_fee":false,"fee_label":"Fee","render_after_acb":false,"disp_hide_options_price":false}}]},"yoast_head":"<!-- This site is optimized with the Yoast SEO plugin v26.5 - https:\/\/yoast.com\/wordpress\/plugins\/seo\/ -->\n<title>Exclusive Item - JA 2 &quot;Heart Eyes&quot; EP  - Loftrunway<\/title>\n<meta name=\"robots\" content=\"index, follow, max-snippet:-1, max-image-preview:large, max-video-preview:-1\" \/>\n<link rel=\"canonical\" href=\"https:\/\/loftrunway.com\/de\/products\/exclusive-itemja-2-heart-eyes-ep\/\" \/>\n<meta property=\"og:locale\" content=\"de_DE\" \/>\n<meta property=\"og:type\" content=\"article\" \/>\n<meta property=\"og:title\" content=\"Exclusive Item - JA 2 &quot;Heart Eyes&quot; EP  - Loftrunway\" \/>\n<meta property=\"og:description\" content=\"Nike JA 2 &quot;Heart Eyes&quot; EP \u201d\u201d Magic Ember\/Pink Foam\/Deep Night\/Iron Gray\" \/>\n<meta property=\"og:url\" content=\"https:\/\/loftrunway.com\/de\/products\/exclusive-itemja-2-heart-eyes-ep\/\" \/>\n<meta property=\"og:site_name\" content=\"loftRUN Sneaker Store\" \/>\n<meta property=\"article:modified_time\" content=\"2026-04-02T08:03:37+00:00\" \/>\n<meta name=\"twitter:card\" content=\"summary_large_image\" \/>\n<meta name=\"twitter:image\" content=\"https:\/\/images.novelship.com\/product\/exclusive_item_-_ja_2__heart_eyes__ep_ib5841-800_0_61559.png\" \/>\n<meta name=\"twitter:label1\" content=\"Gesch\u00e4tzte Lesezeit\" \/>\n\t<meta name=\"twitter:data1\" content=\"1\u00a0Minute\" \/>\n<script type=\"application\/ld+json\" class=\"yoast-schema-graph\">{\"@context\":\"https:\/\/schema.org\",\"@graph\":[{\"@type\":\"WebPage\",\"@id\":\"https:\/\/loftrunway.com\/de\/products\/exclusive-itemja-2-heart-eyes-ep\/\",\"url\":\"https:\/\/loftrunway.com\/de\/products\/exclusive-itemja-2-heart-eyes-ep\/\",\"name\":\"Exclusive Item - JA 2 \\\"Heart Eyes\\\" EP - Loftrunway\",\"isPartOf\":{\"@id\":\"https:\/\/loftrunway.com\/de\/#website\"},\"primaryImageOfPage\":{\"@id\":\"https:\/\/loftrunway.com\/de\/products\/exclusive-itemja-2-heart-eyes-ep\/#primaryimage\"},\"image\":{\"@id\":\"https:\/\/loftrunway.com\/de\/products\/exclusive-itemja-2-heart-eyes-ep\/#primaryimage\"},\"thumbnailUrl\":\"https:\/\/images.novelship.com\/product\/exclusive_item_-_ja_2__heart_eyes__ep_ib5841-800_0_61559.png\",\"datePublished\":\"2026-03-02T09:03:36+00:00\",\"dateModified\":\"2026-04-02T08:03:37+00:00\",\"breadcrumb\":{\"@id\":\"https:\/\/loftrunway.com\/de\/products\/exclusive-itemja-2-heart-eyes-ep\/#breadcrumb\"},\"inLanguage\":\"de\",\"potentialAction\":[{\"@type\":\"ReadAction\",\"target\":[\"https:\/\/loftrunway.com\/de\/products\/exclusive-itemja-2-heart-eyes-ep\/\"]}]},{\"@type\":\"ImageObject\",\"inLanguage\":\"de\",\"@id\":\"https:\/\/loftrunway.com\/de\/products\/exclusive-itemja-2-heart-eyes-ep\/#primaryimage\",\"url\":\"https:\/\/images.novelship.com\/product\/exclusive_item_-_ja_2__heart_eyes__ep_ib5841-800_0_61559.png\",\"contentUrl\":\"https:\/\/images.novelship.com\/product\/exclusive_item_-_ja_2__heart_eyes__ep_ib5841-800_0_61559.png\"},{\"@type\":\"BreadcrumbList\",\"@id\":\"https:\/\/loftrunway.com\/de\/products\/exclusive-itemja-2-heart-eyes-ep\/#breadcrumb\",\"itemListElement\":[{\"@type\":\"ListItem\",\"position\":1,\"name\":\"Home\",\"item\":\"https:\/\/loftrunway.com\/de\/\"},{\"@type\":\"ListItem\",\"position\":2,\"name\":\"Shop\",\"item\":\"https:\/\/loftrunway.com\/de\/shop\/\"},{\"@type\":\"ListItem\",\"position\":3,\"name\":\"Exclusive Item &#8211; JA 2 &#8222;Heart Eyes&#8220; EP\"}]},{\"@type\":\"WebSite\",\"@id\":\"https:\/\/loftrunway.com\/de\/#website\",\"url\":\"https:\/\/loftrunway.com\/de\/\",\"name\":\"Styloral Jewelry Shop\",\"description\":\"Der Ort, an dem man alle Arten von Sneakern findet\",\"publisher\":{\"@id\":\"https:\/\/loftrunway.com\/de\/#organization\"},\"potentialAction\":[{\"@type\":\"SearchAction\",\"target\":{\"@type\":\"EntryPoint\",\"urlTemplate\":\"https:\/\/loftrunway.com\/de\/?s={search_term_string}\"},\"query-input\":{\"@type\":\"PropertyValueSpecification\",\"valueRequired\":true,\"valueName\":\"search_term_string\"}}],\"inLanguage\":\"de\"},{\"@type\":\"Organization\",\"@id\":\"https:\/\/loftrunway.com\/de\/#organization\",\"name\":\"STYLORAL PTE. LTD\",\"url\":\"https:\/\/loftrunway.com\/de\/\",\"logo\":{\"@type\":\"ImageObject\",\"inLanguage\":\"de\",\"@id\":\"https:\/\/loftrunway.com\/de\/#\/schema\/logo\/image\/\",\"url\":\"https:\/\/www.loftrunway.com\/wp-content\/uploads\/2025\/12\/logo.png\",\"contentUrl\":\"https:\/\/www.loftrunway.com\/wp-content\/uploads\/2025\/12\/logo.png\",\"width\":200,\"height\":65,\"caption\":\"STYLORAL PTE. LTD\"},\"image\":{\"@id\":\"https:\/\/loftrunway.com\/de\/#\/schema\/logo\/image\/\"}}]}<\/script>\n<!-- \/ Yoast SEO plugin. -->","yoast_head_json":{"title":"Exclusive Item - JA 2 \"Heart Eyes\" EP  - Loftrunway","robots":{"index":"index","follow":"follow","max-snippet":"max-snippet:-1","max-image-preview":"max-image-preview:large","max-video-preview":"max-video-preview:-1"},"canonical":"https:\/\/loftrunway.com\/de\/products\/exclusive-itemja-2-heart-eyes-ep\/","og_locale":"de_DE","og_type":"article","og_title":"Exclusive Item - JA 2 \"Heart Eyes\" EP  - Loftrunway","og_description":"Nike JA 2 \"Heart Eyes\" EP \u201d\u201d Magic Ember\/Pink Foam\/Deep Night\/Iron Gray","og_url":"https:\/\/loftrunway.com\/de\/products\/exclusive-itemja-2-heart-eyes-ep\/","og_site_name":"loftRUN Sneaker Store","article_modified_time":"2026-04-02T08:03:37+00:00","twitter_card":"summary_large_image","twitter_image":"https:\/\/images.novelship.com\/product\/exclusive_item_-_ja_2__heart_eyes__ep_ib5841-800_0_61559.png","twitter_misc":{"Gesch\u00e4tzte Lesezeit":"1\u00a0Minute"},"schema":{"@context":"https:\/\/schema.org","@graph":[{"@type":"WebPage","@id":"https:\/\/loftrunway.com\/de\/products\/exclusive-itemja-2-heart-eyes-ep\/","url":"https:\/\/loftrunway.com\/de\/products\/exclusive-itemja-2-heart-eyes-ep\/","name":"Exclusive Item - JA 2 \"Heart Eyes\" EP - Loftrunway","isPartOf":{"@id":"https:\/\/loftrunway.com\/de\/#website"},"primaryImageOfPage":{"@id":"https:\/\/loftrunway.com\/de\/products\/exclusive-itemja-2-heart-eyes-ep\/#primaryimage"},"image":{"@id":"https:\/\/loftrunway.com\/de\/products\/exclusive-itemja-2-heart-eyes-ep\/#primaryimage"},"thumbnailUrl":"https:\/\/images.novelship.com\/product\/exclusive_item_-_ja_2__heart_eyes__ep_ib5841-800_0_61559.png","datePublished":"2026-03-02T09:03:36+00:00","dateModified":"2026-04-02T08:03:37+00:00","breadcrumb":{"@id":"https:\/\/loftrunway.com\/de\/products\/exclusive-itemja-2-heart-eyes-ep\/#breadcrumb"},"inLanguage":"de","potentialAction":[{"@type":"ReadAction","target":["https:\/\/loftrunway.com\/de\/products\/exclusive-itemja-2-heart-eyes-ep\/"]}]},{"@type":"ImageObject","inLanguage":"de","@id":"https:\/\/loftrunway.com\/de\/products\/exclusive-itemja-2-heart-eyes-ep\/#primaryimage","url":"https:\/\/images.novelship.com\/product\/exclusive_item_-_ja_2__heart_eyes__ep_ib5841-800_0_61559.png","contentUrl":"https:\/\/images.novelship.com\/product\/exclusive_item_-_ja_2__heart_eyes__ep_ib5841-800_0_61559.png"},{"@type":"BreadcrumbList","@id":"https:\/\/loftrunway.com\/de\/products\/exclusive-itemja-2-heart-eyes-ep\/#breadcrumb","itemListElement":[{"@type":"ListItem","position":1,"name":"Home","item":"https:\/\/loftrunway.com\/de\/"},{"@type":"ListItem","position":2,"name":"Shop","item":"https:\/\/loftrunway.com\/de\/shop\/"},{"@type":"ListItem","position":3,"name":"Exclusive Item &#8211; JA 2 &#8222;Heart Eyes&#8220; EP"}]},{"@type":"WebSite","@id":"https:\/\/loftrunway.com\/de\/#website","url":"https:\/\/loftrunway.com\/de\/","name":"Styloral Jewelry Shop","description":"Der Ort, an dem man alle Arten von Sneakern findet","publisher":{"@id":"https:\/\/loftrunway.com\/de\/#organization"},"potentialAction":[{"@type":"SearchAction","target":{"@type":"EntryPoint","urlTemplate":"https:\/\/loftrunway.com\/de\/?s={search_term_string}"},"query-input":{"@type":"PropertyValueSpecification","valueRequired":true,"valueName":"search_term_string"}}],"inLanguage":"de"},{"@type":"Organization","@id":"https:\/\/loftrunway.com\/de\/#organization","name":"STYLORAL PTE. LTD","url":"https:\/\/loftrunway.com\/de\/","logo":{"@type":"ImageObject","inLanguage":"de","@id":"https:\/\/loftrunway.com\/de\/#\/schema\/logo\/image\/","url":"https:\/\/www.loftrunway.com\/wp-content\/uploads\/2025\/12\/logo.png","contentUrl":"https:\/\/www.loftrunway.com\/wp-content\/uploads\/2025\/12\/logo.png","width":200,"height":65,"caption":"STYLORAL PTE. LTD"},"image":{"@id":"https:\/\/loftrunway.com\/de\/#\/schema\/logo\/image\/"}}]}},"_links":{"self":[{"href":"https:\/\/loftrunway.com\/de\/wp-json\/wp\/v2\/product\/158538","targetHints":{"allow":["GET"]}}],"collection":[{"href":"https:\/\/loftrunway.com\/de\/wp-json\/wp\/v2\/product"}],"about":[{"href":"https:\/\/loftrunway.com\/de\/wp-json\/wp\/v2\/types\/product"}],"replies":[{"embeddable":true,"href":"https:\/\/loftrunway.com\/de\/wp-json\/wp\/v2\/comments?post=158538"}],"wp:featuredmedia":[{"embeddable":true,"href":"https:\/\/loftrunway.com\/de\/wp-json\/wp\/v2\/media\/158539"}],"wp:attachment":[{"href":"https:\/\/loftrunway.com\/de\/wp-json\/wp\/v2\/media?parent=158538"}],"wp:term":[{"taxonomy":"product_brand","embeddable":true,"href":"https:\/\/loftrunway.com\/de\/wp-json\/wp\/v2\/product_brand?post=158538"},{"taxonomy":"product_cat","embeddable":true,"href":"https:\/\/loftrunway.com\/de\/wp-json\/wp\/v2\/product_cat?post=158538"},{"taxonomy":"product_tag","embeddable":true,"href":"https:\/\/loftrunway.com\/de\/wp-json\/wp\/v2\/product_tag?post=158538"}],"curies":[{"name":"wp","href":"https:\/\/api.w.org\/{rel}","templated":true}]}}