{"id":162132,"date":"2026-03-02T16:08:44","date_gmt":"2026-03-02T09:08:44","guid":{"rendered":"http:\/\/loftrunway.com\/product\/atmos-pink-x-adidas-gazelle-indoor-trinity-leopard-warm-sandstone"},"modified":"2026-04-02T15:06:11","modified_gmt":"2026-04-02T08:06:11","slug":"atmos-pink-x-adidas-gazelle-indoor-trinity-leopard-warm-sandstone","status":"publish","type":"product","link":"https:\/\/loftrunway.com\/de\/products\/atmos-pink-x-adidas-gazelle-indoor-trinity-leopard-warm-sandstone\/","title":{"rendered":"atmos Pink x adidas Gazelle Indoor &#8218;Trinity Leopard Warm Sandstone&#8216;"},"content":{"rendered":"<p>Mit dem atmos Pink x adidas Gazelle Indoor \u201eTrinity Leopard Warm Sandstone\u201c tauchen Sie ein in die Wildnis \u201d\u201c eine k\u00fchne Fusion aus Retro-Style und trendiger Mode, designt f\u00fcr alle, die auffallen wollen. Diese exklusiven Sneaker bestechen durch eine luxuri\u00f6se, warme Sandstein-Basis, verziert mit markanten Leopardenprints, die Streetwear mit einem Hauch von von der Natur inspirierter Eleganz verbinden. Gefertigt aus hochwertigen Materialien, garantiert der Schuh eine bequeme Passform und bewahrt gleichzeitig die ikonische Gazelle-Silhouette. Die halbtransparente Gummisohle bietet einen Vintage-Look und zuverl\u00e4ssige Traktion \u201d\u201c perfekt f\u00fcr jeden Tag. Dieses Kollaborationsdesign f\u00e4ngt die Essenz von Individualit\u00e4t und Charme ein und ist somit die vielseitige Wahl f\u00fcr l\u00e4ssige Ausfl\u00fcge und auff\u00e4llige Looks. Ideal f\u00fcr modebewusste Menschen: Der Sneaker vereint m\u00fchelos Tradition und modernen Stil und verleiht jedem Schritt Lebendigkeit. Ob Sammler oder Trendsetter \u201d\u201c mit der limitierten Edition \u201eTrinity Leopard Warm Sandstone\u201c setzen Sie \u00fcberall ein Statement. Verpasse nicht die Chance, deinen Sneaker-Style mit diesem einzigartigen Meisterwerk von atmos Pink und adidas aufzuwerten.<\/p>\n<ul>\n<li><strong>Farbgebung:<\/strong> Warm Sand\/Footwear White\/Gold Metallic<\/li>\n<li><strong>Style-Code:<\/strong> JS4599<\/li>\n<li><strong>Obermaterial:<\/strong> Fell<\/li>\n<li><strong>Farbe:<\/strong> Beige<\/li>\n<li><strong>Erscheinungsjahr:<\/strong> 2025<\/li>\n<\/ul>\n","protected":false},"excerpt":{"rendered":"<p>adidas Gazelle \u201d\u201d Warm Sand\/Footwear White\/Gold Metallic<\/p>\n","protected":false},"featured_media":162133,"comment_status":"open","ping_status":"closed","template":"","meta":[],"product_brand":[],"product_cat":[10760,41273],"product_tag":[10759,10750,10754,11460,10756],"class_list":{"0":"post-162132","1":"product","2":"type-product","3":"status-publish","4":"has-post-thumbnail","6":"product_cat-adidas","7":"product_cat-remove","8":"product_tag-adidas","9":"product_tag-athleisure-shoes","10":"product_tag-lifestyle-casual-shoes","11":"product_tag-lifestyle-shoes-casual","12":"product_tag-retro-casual-shoes","13":"wcpa_has_options","15":"first","16":"instock","17":"taxable","18":"shipping-taxable","19":"purchasable","20":"product-type-simple"},"wcpa_form_fields":{"rules":{"pric_overide_base_price":false,"pric_overide_base_price_if_gt_zero":false,"pric_overide_base_price_fully":false,"pric_cal_option_once":false,"pric_use_as_fee":false,"bind_quantity":false,"quantity_bind_formula":false},"fields":[{"type":"color-group","required":true,"elementId":"wcpa-color-group-66c4a7f817afe","label":"Gr\u00f6\u00dfe","inline":true,"priceOptions":"different_for_all","pricingType":"fixed","className":"hassizechart product-shoes-size-eu product-shoes-size","name":"color-group-66c4a7f817b18","disp_type":"square","selection_type":"tick-border","disp_size":"50","show_label_inside":true,"adjust_width":true,"cart_display_type":"text","other_text":"Other","cl_rule":"show","col":6,"values":[{"label":"35","value":"EU 35","price":"","pimage":"","pimage_id":"","pthumb":"","color":""},{"label":"35.5","value":"EU 35.5","price":"","pimage":"","pimage_id":"","pthumb":"","color":""},{"label":"36","value":"EU 36","price":"","pimage":"","pimage_id":"","pthumb":"","color":"","selected":true},{"label":"36 2\/3","value":"EU 36 2\/3","price":"","pimage":"","pimage_id":"","pthumb":"","color":""},{"label":"37 1\/3","value":"EU 37 1\/3","price":"","pimage":"","pimage_id":"","pthumb":"","color":""},{"label":"38","value":"EU 38","price":"","pimage":"","pimage_id":"","pthumb":"","color":""},{"label":"38 2\/3","value":"EU 38 2\/3","price":"","pimage":"","pimage_id":"","pthumb":"","color":""},{"label":"39 1\/3","value":"EU 39 1\/3","price":"","pimage":"","pimage_id":"","pthumb":"","color":""},{"label":"40","value":"EU 40","price":"","pimage":"","pimage_id":"","pthumb":"","color":""},{"label":"40 2\/3","value":"EU 40 2\/3","price":"","pimage":"","pimage_id":"","pthumb":"","color":""},{"label":"41 1\/3","value":"EU 41 1\/3","price":"","pimage":"","pimage_id":"","pthumb":"","color":""},{"label":"42","value":"EU 42","price":"","pimage":"","pimage_id":"","pthumb":"","color":""},{"label":"42 2\/3","value":"EU 42 2\/3","price":"","pimage":"","pimage_id":"","pthumb":"","color":""},{"label":"43 1\/3","value":"EU 43 1\/3","price":"","pimage":"","pimage_id":"","pthumb":"","color":""},{"label":"44","value":"EU 44","price":"","pimage":"","pimage_id":"","pthumb":"","color":""},{"label":"44 2\/3","value":"EU 44 2\/3","price":"","pimage":"","pimage_id":"","pthumb":"","color":""},{"label":"45 1\/3","value":"EU 45 1\/3","price":"","pimage":"","pimage_id":"","pthumb":"","color":""},{"label":"46","value":"EU 46","price":"","pimage":"","pimage_id":"","pthumb":"","color":""},{"label":"46 2\/3","value":"EU 46 2\/3","price":"","pimage":"","pimage_id":"","pthumb":"","color":""},{"label":"47 1\/3","value":"EU 47 1\/3","price":"","pimage":"","pimage_id":"","pthumb":"","color":""}],"relations":[{"operator":false,"rules":[]}],"form_id":24802,"form_rules":{"pric_cal_option_once":false,"exclude_from_discount":false,"pric_use_as_fee":false,"fee_label":"Fee","render_after_acb":false,"disp_hide_options_price":false}}]},"yoast_head":"<!-- This site is optimized with the Yoast SEO plugin v26.5 - https:\/\/yoast.com\/wordpress\/plugins\/seo\/ -->\n<title>atmos Pink x adidas Gazelle Indoor &#039;Trinity Leopard Warm Sandstone&#039;  - Loftrunway<\/title>\n<meta name=\"robots\" content=\"index, follow, max-snippet:-1, max-image-preview:large, max-video-preview:-1\" \/>\n<link rel=\"canonical\" href=\"https:\/\/loftrunway.com\/de\/products\/atmos-pink-x-adidas-gazelle-indoor-trinity-leopard-warm-sandstone\/\" \/>\n<meta property=\"og:locale\" content=\"de_DE\" \/>\n<meta property=\"og:type\" content=\"article\" \/>\n<meta property=\"og:title\" content=\"atmos Pink x adidas Gazelle Indoor &#039;Trinity Leopard Warm Sandstone&#039;  - Loftrunway\" \/>\n<meta property=\"og:description\" content=\"adidas Gazelle \u201d\u201d Warm Sand\/Footwear White\/Gold Metallic\" \/>\n<meta property=\"og:url\" content=\"https:\/\/loftrunway.com\/de\/products\/atmos-pink-x-adidas-gazelle-indoor-trinity-leopard-warm-sandstone\/\" \/>\n<meta property=\"og:site_name\" content=\"loftRUN Sneaker Store\" \/>\n<meta property=\"article:modified_time\" content=\"2026-04-02T08:06:11+00:00\" \/>\n<meta name=\"twitter:card\" content=\"summary_large_image\" \/>\n<meta name=\"twitter:image\" content=\"https:\/\/images.novelship.com\/product\/atmos_pink_x_adidas_gazelle_indoor__trinity_leopar_0_13547.jpeg\" \/>\n<meta name=\"twitter:label1\" content=\"Gesch\u00e4tzte Lesezeit\" \/>\n\t<meta name=\"twitter:data1\" content=\"1\u00a0Minute\" \/>\n<script type=\"application\/ld+json\" class=\"yoast-schema-graph\">{\"@context\":\"https:\/\/schema.org\",\"@graph\":[{\"@type\":\"WebPage\",\"@id\":\"https:\/\/loftrunway.com\/de\/products\/atmos-pink-x-adidas-gazelle-indoor-trinity-leopard-warm-sandstone\/\",\"url\":\"https:\/\/loftrunway.com\/de\/products\/atmos-pink-x-adidas-gazelle-indoor-trinity-leopard-warm-sandstone\/\",\"name\":\"atmos Pink x adidas Gazelle Indoor 'Trinity Leopard Warm Sandstone' - Loftrunway\",\"isPartOf\":{\"@id\":\"https:\/\/loftrunway.com\/de\/#website\"},\"primaryImageOfPage\":{\"@id\":\"https:\/\/loftrunway.com\/de\/products\/atmos-pink-x-adidas-gazelle-indoor-trinity-leopard-warm-sandstone\/#primaryimage\"},\"image\":{\"@id\":\"https:\/\/loftrunway.com\/de\/products\/atmos-pink-x-adidas-gazelle-indoor-trinity-leopard-warm-sandstone\/#primaryimage\"},\"thumbnailUrl\":\"https:\/\/images.novelship.com\/product\/atmos_pink_x_adidas_gazelle_indoor__trinity_leopar_0_13547.jpeg\",\"datePublished\":\"2026-03-02T09:08:44+00:00\",\"dateModified\":\"2026-04-02T08:06:11+00:00\",\"breadcrumb\":{\"@id\":\"https:\/\/loftrunway.com\/de\/products\/atmos-pink-x-adidas-gazelle-indoor-trinity-leopard-warm-sandstone\/#breadcrumb\"},\"inLanguage\":\"de\",\"potentialAction\":[{\"@type\":\"ReadAction\",\"target\":[\"https:\/\/loftrunway.com\/de\/products\/atmos-pink-x-adidas-gazelle-indoor-trinity-leopard-warm-sandstone\/\"]}]},{\"@type\":\"ImageObject\",\"inLanguage\":\"de\",\"@id\":\"https:\/\/loftrunway.com\/de\/products\/atmos-pink-x-adidas-gazelle-indoor-trinity-leopard-warm-sandstone\/#primaryimage\",\"url\":\"https:\/\/images.novelship.com\/product\/atmos_pink_x_adidas_gazelle_indoor__trinity_leopar_0_13547.jpeg\",\"contentUrl\":\"https:\/\/images.novelship.com\/product\/atmos_pink_x_adidas_gazelle_indoor__trinity_leopar_0_13547.jpeg\"},{\"@type\":\"BreadcrumbList\",\"@id\":\"https:\/\/loftrunway.com\/de\/products\/atmos-pink-x-adidas-gazelle-indoor-trinity-leopard-warm-sandstone\/#breadcrumb\",\"itemListElement\":[{\"@type\":\"ListItem\",\"position\":1,\"name\":\"Home\",\"item\":\"https:\/\/loftrunway.com\/de\/\"},{\"@type\":\"ListItem\",\"position\":2,\"name\":\"Shop\",\"item\":\"https:\/\/loftrunway.com\/de\/shop\/\"},{\"@type\":\"ListItem\",\"position\":3,\"name\":\"atmos Pink x adidas Gazelle Indoor &#8218;Trinity Leopard Warm Sandstone&#8216;\"}]},{\"@type\":\"WebSite\",\"@id\":\"https:\/\/loftrunway.com\/de\/#website\",\"url\":\"https:\/\/loftrunway.com\/de\/\",\"name\":\"Styloral Jewelry Shop\",\"description\":\"Der Ort, an dem man alle Arten von Sneakern findet\",\"publisher\":{\"@id\":\"https:\/\/loftrunway.com\/de\/#organization\"},\"potentialAction\":[{\"@type\":\"SearchAction\",\"target\":{\"@type\":\"EntryPoint\",\"urlTemplate\":\"https:\/\/loftrunway.com\/de\/?s={search_term_string}\"},\"query-input\":{\"@type\":\"PropertyValueSpecification\",\"valueRequired\":true,\"valueName\":\"search_term_string\"}}],\"inLanguage\":\"de\"},{\"@type\":\"Organization\",\"@id\":\"https:\/\/loftrunway.com\/de\/#organization\",\"name\":\"STYLORAL PTE. LTD\",\"url\":\"https:\/\/loftrunway.com\/de\/\",\"logo\":{\"@type\":\"ImageObject\",\"inLanguage\":\"de\",\"@id\":\"https:\/\/loftrunway.com\/de\/#\/schema\/logo\/image\/\",\"url\":\"https:\/\/www.loftrunway.com\/wp-content\/uploads\/2025\/12\/logo.png\",\"contentUrl\":\"https:\/\/www.loftrunway.com\/wp-content\/uploads\/2025\/12\/logo.png\",\"width\":200,\"height\":65,\"caption\":\"STYLORAL PTE. LTD\"},\"image\":{\"@id\":\"https:\/\/loftrunway.com\/de\/#\/schema\/logo\/image\/\"}}]}<\/script>\n<!-- \/ Yoast SEO plugin. -->","yoast_head_json":{"title":"atmos Pink x adidas Gazelle Indoor 'Trinity Leopard Warm Sandstone'  - Loftrunway","robots":{"index":"index","follow":"follow","max-snippet":"max-snippet:-1","max-image-preview":"max-image-preview:large","max-video-preview":"max-video-preview:-1"},"canonical":"https:\/\/loftrunway.com\/de\/products\/atmos-pink-x-adidas-gazelle-indoor-trinity-leopard-warm-sandstone\/","og_locale":"de_DE","og_type":"article","og_title":"atmos Pink x adidas Gazelle Indoor 'Trinity Leopard Warm Sandstone'  - Loftrunway","og_description":"adidas Gazelle \u201d\u201d Warm Sand\/Footwear White\/Gold Metallic","og_url":"https:\/\/loftrunway.com\/de\/products\/atmos-pink-x-adidas-gazelle-indoor-trinity-leopard-warm-sandstone\/","og_site_name":"loftRUN Sneaker Store","article_modified_time":"2026-04-02T08:06:11+00:00","twitter_card":"summary_large_image","twitter_image":"https:\/\/images.novelship.com\/product\/atmos_pink_x_adidas_gazelle_indoor__trinity_leopar_0_13547.jpeg","twitter_misc":{"Gesch\u00e4tzte Lesezeit":"1\u00a0Minute"},"schema":{"@context":"https:\/\/schema.org","@graph":[{"@type":"WebPage","@id":"https:\/\/loftrunway.com\/de\/products\/atmos-pink-x-adidas-gazelle-indoor-trinity-leopard-warm-sandstone\/","url":"https:\/\/loftrunway.com\/de\/products\/atmos-pink-x-adidas-gazelle-indoor-trinity-leopard-warm-sandstone\/","name":"atmos Pink x adidas Gazelle Indoor 'Trinity Leopard Warm Sandstone' - Loftrunway","isPartOf":{"@id":"https:\/\/loftrunway.com\/de\/#website"},"primaryImageOfPage":{"@id":"https:\/\/loftrunway.com\/de\/products\/atmos-pink-x-adidas-gazelle-indoor-trinity-leopard-warm-sandstone\/#primaryimage"},"image":{"@id":"https:\/\/loftrunway.com\/de\/products\/atmos-pink-x-adidas-gazelle-indoor-trinity-leopard-warm-sandstone\/#primaryimage"},"thumbnailUrl":"https:\/\/images.novelship.com\/product\/atmos_pink_x_adidas_gazelle_indoor__trinity_leopar_0_13547.jpeg","datePublished":"2026-03-02T09:08:44+00:00","dateModified":"2026-04-02T08:06:11+00:00","breadcrumb":{"@id":"https:\/\/loftrunway.com\/de\/products\/atmos-pink-x-adidas-gazelle-indoor-trinity-leopard-warm-sandstone\/#breadcrumb"},"inLanguage":"de","potentialAction":[{"@type":"ReadAction","target":["https:\/\/loftrunway.com\/de\/products\/atmos-pink-x-adidas-gazelle-indoor-trinity-leopard-warm-sandstone\/"]}]},{"@type":"ImageObject","inLanguage":"de","@id":"https:\/\/loftrunway.com\/de\/products\/atmos-pink-x-adidas-gazelle-indoor-trinity-leopard-warm-sandstone\/#primaryimage","url":"https:\/\/images.novelship.com\/product\/atmos_pink_x_adidas_gazelle_indoor__trinity_leopar_0_13547.jpeg","contentUrl":"https:\/\/images.novelship.com\/product\/atmos_pink_x_adidas_gazelle_indoor__trinity_leopar_0_13547.jpeg"},{"@type":"BreadcrumbList","@id":"https:\/\/loftrunway.com\/de\/products\/atmos-pink-x-adidas-gazelle-indoor-trinity-leopard-warm-sandstone\/#breadcrumb","itemListElement":[{"@type":"ListItem","position":1,"name":"Home","item":"https:\/\/loftrunway.com\/de\/"},{"@type":"ListItem","position":2,"name":"Shop","item":"https:\/\/loftrunway.com\/de\/shop\/"},{"@type":"ListItem","position":3,"name":"atmos Pink x adidas Gazelle Indoor &#8218;Trinity Leopard Warm Sandstone&#8216;"}]},{"@type":"WebSite","@id":"https:\/\/loftrunway.com\/de\/#website","url":"https:\/\/loftrunway.com\/de\/","name":"Styloral Jewelry Shop","description":"Der Ort, an dem man alle Arten von Sneakern findet","publisher":{"@id":"https:\/\/loftrunway.com\/de\/#organization"},"potentialAction":[{"@type":"SearchAction","target":{"@type":"EntryPoint","urlTemplate":"https:\/\/loftrunway.com\/de\/?s={search_term_string}"},"query-input":{"@type":"PropertyValueSpecification","valueRequired":true,"valueName":"search_term_string"}}],"inLanguage":"de"},{"@type":"Organization","@id":"https:\/\/loftrunway.com\/de\/#organization","name":"STYLORAL PTE. LTD","url":"https:\/\/loftrunway.com\/de\/","logo":{"@type":"ImageObject","inLanguage":"de","@id":"https:\/\/loftrunway.com\/de\/#\/schema\/logo\/image\/","url":"https:\/\/www.loftrunway.com\/wp-content\/uploads\/2025\/12\/logo.png","contentUrl":"https:\/\/www.loftrunway.com\/wp-content\/uploads\/2025\/12\/logo.png","width":200,"height":65,"caption":"STYLORAL PTE. LTD"},"image":{"@id":"https:\/\/loftrunway.com\/de\/#\/schema\/logo\/image\/"}}]}},"_links":{"self":[{"href":"https:\/\/loftrunway.com\/de\/wp-json\/wp\/v2\/product\/162132","targetHints":{"allow":["GET"]}}],"collection":[{"href":"https:\/\/loftrunway.com\/de\/wp-json\/wp\/v2\/product"}],"about":[{"href":"https:\/\/loftrunway.com\/de\/wp-json\/wp\/v2\/types\/product"}],"replies":[{"embeddable":true,"href":"https:\/\/loftrunway.com\/de\/wp-json\/wp\/v2\/comments?post=162132"}],"wp:featuredmedia":[{"embeddable":true,"href":"https:\/\/loftrunway.com\/de\/wp-json\/wp\/v2\/media\/162133"}],"wp:attachment":[{"href":"https:\/\/loftrunway.com\/de\/wp-json\/wp\/v2\/media?parent=162132"}],"wp:term":[{"taxonomy":"product_brand","embeddable":true,"href":"https:\/\/loftrunway.com\/de\/wp-json\/wp\/v2\/product_brand?post=162132"},{"taxonomy":"product_cat","embeddable":true,"href":"https:\/\/loftrunway.com\/de\/wp-json\/wp\/v2\/product_cat?post=162132"},{"taxonomy":"product_tag","embeddable":true,"href":"https:\/\/loftrunway.com\/de\/wp-json\/wp\/v2\/product_tag?post=162132"}],"curies":[{"name":"wp","href":"https:\/\/api.w.org\/{rel}","templated":true}]}}