{"id":162864,"date":"2026-03-02T16:09:43","date_gmt":"2026-03-02T09:09:43","guid":{"rendered":"http:\/\/loftrunway.com\/product\/air-jordan-13-retro-grey-toe-2014"},"modified":"2026-04-03T19:44:53","modified_gmt":"2026-04-03T12:44:53","slug":"air-jordan-13-retro-grey-toe-2014","status":"publish","type":"product","link":"https:\/\/loftrunway.com\/de\/products\/air-jordan-13-retro-grey-toe-2014\/","title":{"rendered":"Air Jordan 13 Retro &#8218;Grey Toe&#8216; 2014"},"content":{"rendered":"<p>Mit dem Air Jordan 13 Retro &#8218;Grey Toe&#8216; 2014 (Modell: 414571-126) verleihst du deinem Sneaker-Style das gewisse Etwas. Das hochwertige Obermaterial aus wei\u00dfem Leder und grauem Nubukleder mit markanten roten Akzenten vereint Style und Komfort auf perfekte Weise. Der Schuh ist sowohl f\u00fcr Performance als auch f\u00fcr Streetwear geeignet und bietet die charakteristische Zoom Air-D\u00e4mpfung sowie eine strapazierf\u00e4hige Gummisohle. Verpassen Sie nicht dieses legend\u00e4re St\u00fcck Jordan-Geschichte \u201d\u201c perfekt f\u00fcr Sammler und alle, die gerne im Alltag unterwegs sind.<\/p>\n<ul>\n<li><strong>Farbgebung:<\/strong> Wei\u00df\/Schwarz\/Rot\/Grau<\/li>\n<li><strong>Artikelnummer:<\/strong> 414571-126<\/li>\n<li><strong>Obermaterial:<\/strong> Leder<\/li>\n<li><strong>Zwischensohle:<\/strong> Air<\/li>\n<li><strong>Farbe:<\/strong> Wei\u00df<\/li>\n<li><strong>Designer:<\/strong> Tinker Hatfield<\/li>\n<li><strong>Saison:<\/strong> Herbst<\/li>\n<li><strong>Erscheinungsjahr:<\/strong> 2014<\/li>\n<\/ul>\n","protected":false},"excerpt":{"rendered":"<p>Jordan Jordan 13 Retro \u201d\u201d White\/Black\/True Red\/Cmnt Grey<\/p>\n","protected":false},"featured_media":162865,"comment_status":"open","ping_status":"closed","template":"","meta":[],"product_brand":[],"product_cat":[10780],"product_tag":[10800,10753,10776,11349,11350,18710,10802,10758],"class_list":{"0":"post-162864","1":"product","2":"type-product","3":"status-publish","4":"has-post-thumbnail","6":"product_cat-air-jordan","7":"product_tag-basketball-shoes","8":"product_tag-gift-for-him","9":"product_tag-jordan","10":"product_tag-jordan-basketball-shoes","11":"product_tag-jordan-skateboarding-shoes","12":"product_tag-lighweight-basketball-shoes","13":"product_tag-performance-sport-shoes","14":"product_tag-under-retail","15":"wcpa_has_options","17":"first","18":"instock","19":"taxable","20":"shipping-taxable","21":"purchasable","22":"product-type-simple"},"wcpa_form_fields":{"rules":{"pric_overide_base_price":false,"pric_overide_base_price_if_gt_zero":false,"pric_overide_base_price_fully":false,"pric_cal_option_once":false,"pric_use_as_fee":false,"bind_quantity":false,"quantity_bind_formula":false},"fields":[{"type":"color-group","required":true,"elementId":"wcpa-color-group-66c4a75505e74","label":"Gr\u00f6\u00dfe - EU Gr\u00f6\u00dfe","inline":true,"priceOptions":"different_for_all","pricingType":"fixed","className":"hassizechart product-shoes-size-eu product-shoes-size","name":"color-group-66c4a75505e89","disp_type":"square","selection_type":"tick-border","disp_size":"44","show_label_inside":true,"adjust_width":true,"cart_display_type":"text","other_text":"Other","cl_rule":"show","col":6,"values":[{"label":"35.5","value":"EU 35.5","price":"","pimage":"","pimage_id":"","pthumb":"","color":""},{"label":"36","value":"EU 36","price":"","pimage":"","pimage_id":"","pthumb":"","color":"","selected":true},{"label":"36.5","value":"EU 36.5","price":"","pimage":"","pimage_id":"","pthumb":"","color":""},{"label":"37.5","value":"EU 37.5","price":"","pimage":"","pimage_id":"","pthumb":"","color":""},{"label":"38","value":"EU 38","price":"","pimage":"","pimage_id":"","pthumb":"","color":""},{"label":"38.5","value":"EU 38.5","price":"","pimage":"","pimage_id":"","pthumb":"","color":""},{"label":"39","value":"EU 39","price":"","pimage":"","pimage_id":"","pthumb":"","color":""},{"label":"40","value":"EU 40","price":"","pimage":"","pimage_id":"","pthumb":"","color":""},{"label":"40.5","value":"EU 40.5","price":"","pimage":"","pimage_id":"","pthumb":"","color":""},{"label":"41","value":"EU 41","price":"","pimage":"","pimage_id":"","pthumb":"","color":""},{"label":"42","value":"EU 42","price":"","pimage":"","pimage_id":"","pthumb":"","color":""},{"label":"42.5","value":"EU 42.5","price":"","pimage":"","pimage_id":"","pthumb":"","color":""},{"label":"43","value":"EU 43","price":"","pimage":"","pimage_id":"","pthumb":"","color":""},{"label":"44","value":"EU 44","price":"","pimage":"","pimage_id":"","pthumb":"","color":""},{"label":"44.5","value":"EU 44.5","price":"","pimage":"","pimage_id":"","pthumb":"","color":""},{"label":"45","value":"EU 45","price":"","pimage":"","pimage_id":"","pthumb":"","color":""},{"label":"45.5","value":"EU 45.5","price":"","pimage":"","pimage_id":"","pthumb":"","color":""},{"label":"46","value":"EU 46","price":"","pimage":"","pimage_id":"","pthumb":"","color":""},{"label":"47","value":"EU 47","price":"","pimage":"","pimage_id":"","pthumb":"","color":""},{"label":"47.5","value":"EU 47.5","price":"","pimage":"","pimage_id":"","pthumb":"","color":""},{"label":"48","value":"EU 48","price":"","pimage":"","pimage_id":"","pthumb":"","color":""}],"relations":[{"operator":false,"rules":[]}],"form_id":18106,"form_rules":{"pric_cal_option_once":false,"exclude_from_discount":false,"pric_use_as_fee":false,"fee_label":"Fee","render_after_acb":false,"disp_hide_options_price":false}}]},"yoast_head":"<!-- This site is optimized with the Yoast SEO plugin v26.5 - https:\/\/yoast.com\/wordpress\/plugins\/seo\/ -->\n<title>Air Jordan 13 Retro &#039;Grey Toe&#039; 2014  - Loftrunway<\/title>\n<meta name=\"robots\" content=\"index, follow, max-snippet:-1, max-image-preview:large, max-video-preview:-1\" \/>\n<link rel=\"canonical\" href=\"https:\/\/loftrunway.com\/de\/products\/air-jordan-13-retro-grey-toe-2014\/\" \/>\n<meta property=\"og:locale\" content=\"de_DE\" \/>\n<meta property=\"og:type\" content=\"article\" \/>\n<meta property=\"og:title\" content=\"Air Jordan 13 Retro &#039;Grey Toe&#039; 2014  - Loftrunway\" \/>\n<meta property=\"og:description\" content=\"Jordan Jordan 13 Retro \u201d\u201d White\/Black\/True Red\/Cmnt Grey\" \/>\n<meta property=\"og:url\" content=\"https:\/\/loftrunway.com\/de\/products\/air-jordan-13-retro-grey-toe-2014\/\" \/>\n<meta property=\"og:site_name\" content=\"loftRUN Sneaker Store\" \/>\n<meta property=\"article:modified_time\" content=\"2026-04-03T12:44:53+00:00\" \/>\n<meta name=\"twitter:card\" content=\"summary_large_image\" \/>\n<meta name=\"twitter:image\" content=\"https:\/\/images.novelship.com\/product\/air_jordan_13_retro__grey_toe__2014_414571_126_0_20637.jpeg\" \/>\n<meta name=\"twitter:label1\" content=\"Gesch\u00e4tzte Lesezeit\" \/>\n\t<meta name=\"twitter:data1\" content=\"1\u00a0Minute\" \/>\n<script type=\"application\/ld+json\" class=\"yoast-schema-graph\">{\"@context\":\"https:\/\/schema.org\",\"@graph\":[{\"@type\":\"WebPage\",\"@id\":\"https:\/\/loftrunway.com\/de\/products\/air-jordan-13-retro-grey-toe-2014\/\",\"url\":\"https:\/\/loftrunway.com\/de\/products\/air-jordan-13-retro-grey-toe-2014\/\",\"name\":\"Air Jordan 13 Retro 'Grey Toe' 2014 - Loftrunway\",\"isPartOf\":{\"@id\":\"https:\/\/loftrunway.com\/de\/#website\"},\"primaryImageOfPage\":{\"@id\":\"https:\/\/loftrunway.com\/de\/products\/air-jordan-13-retro-grey-toe-2014\/#primaryimage\"},\"image\":{\"@id\":\"https:\/\/loftrunway.com\/de\/products\/air-jordan-13-retro-grey-toe-2014\/#primaryimage\"},\"thumbnailUrl\":\"https:\/\/images.novelship.com\/product\/air_jordan_13_retro__grey_toe__2014_414571_126_0_20637.jpeg\",\"datePublished\":\"2026-03-02T09:09:43+00:00\",\"dateModified\":\"2026-04-03T12:44:53+00:00\",\"breadcrumb\":{\"@id\":\"https:\/\/loftrunway.com\/de\/products\/air-jordan-13-retro-grey-toe-2014\/#breadcrumb\"},\"inLanguage\":\"de\",\"potentialAction\":[{\"@type\":\"ReadAction\",\"target\":[\"https:\/\/loftrunway.com\/de\/products\/air-jordan-13-retro-grey-toe-2014\/\"]}]},{\"@type\":\"ImageObject\",\"inLanguage\":\"de\",\"@id\":\"https:\/\/loftrunway.com\/de\/products\/air-jordan-13-retro-grey-toe-2014\/#primaryimage\",\"url\":\"https:\/\/images.novelship.com\/product\/air_jordan_13_retro__grey_toe__2014_414571_126_0_20637.jpeg\",\"contentUrl\":\"https:\/\/images.novelship.com\/product\/air_jordan_13_retro__grey_toe__2014_414571_126_0_20637.jpeg\"},{\"@type\":\"BreadcrumbList\",\"@id\":\"https:\/\/loftrunway.com\/de\/products\/air-jordan-13-retro-grey-toe-2014\/#breadcrumb\",\"itemListElement\":[{\"@type\":\"ListItem\",\"position\":1,\"name\":\"Home\",\"item\":\"https:\/\/loftrunway.com\/de\/\"},{\"@type\":\"ListItem\",\"position\":2,\"name\":\"Shop\",\"item\":\"https:\/\/loftrunway.com\/de\/shop\/\"},{\"@type\":\"ListItem\",\"position\":3,\"name\":\"Air Jordan 13 Retro &#8218;Grey Toe&#8216; 2014\"}]},{\"@type\":\"WebSite\",\"@id\":\"https:\/\/loftrunway.com\/de\/#website\",\"url\":\"https:\/\/loftrunway.com\/de\/\",\"name\":\"Styloral Jewelry Shop\",\"description\":\"Der Ort, an dem man alle Arten von Sneakern findet\",\"publisher\":{\"@id\":\"https:\/\/loftrunway.com\/de\/#organization\"},\"potentialAction\":[{\"@type\":\"SearchAction\",\"target\":{\"@type\":\"EntryPoint\",\"urlTemplate\":\"https:\/\/loftrunway.com\/de\/?s={search_term_string}\"},\"query-input\":{\"@type\":\"PropertyValueSpecification\",\"valueRequired\":true,\"valueName\":\"search_term_string\"}}],\"inLanguage\":\"de\"},{\"@type\":\"Organization\",\"@id\":\"https:\/\/loftrunway.com\/de\/#organization\",\"name\":\"STYLORAL PTE. LTD\",\"url\":\"https:\/\/loftrunway.com\/de\/\",\"logo\":{\"@type\":\"ImageObject\",\"inLanguage\":\"de\",\"@id\":\"https:\/\/loftrunway.com\/de\/#\/schema\/logo\/image\/\",\"url\":\"https:\/\/www.loftrunway.com\/wp-content\/uploads\/2025\/12\/logo.png\",\"contentUrl\":\"https:\/\/www.loftrunway.com\/wp-content\/uploads\/2025\/12\/logo.png\",\"width\":200,\"height\":65,\"caption\":\"STYLORAL PTE. LTD\"},\"image\":{\"@id\":\"https:\/\/loftrunway.com\/de\/#\/schema\/logo\/image\/\"}}]}<\/script>\n<!-- \/ Yoast SEO plugin. -->","yoast_head_json":{"title":"Air Jordan 13 Retro 'Grey Toe' 2014  - Loftrunway","robots":{"index":"index","follow":"follow","max-snippet":"max-snippet:-1","max-image-preview":"max-image-preview:large","max-video-preview":"max-video-preview:-1"},"canonical":"https:\/\/loftrunway.com\/de\/products\/air-jordan-13-retro-grey-toe-2014\/","og_locale":"de_DE","og_type":"article","og_title":"Air Jordan 13 Retro 'Grey Toe' 2014  - Loftrunway","og_description":"Jordan Jordan 13 Retro \u201d\u201d White\/Black\/True Red\/Cmnt Grey","og_url":"https:\/\/loftrunway.com\/de\/products\/air-jordan-13-retro-grey-toe-2014\/","og_site_name":"loftRUN Sneaker Store","article_modified_time":"2026-04-03T12:44:53+00:00","twitter_card":"summary_large_image","twitter_image":"https:\/\/images.novelship.com\/product\/air_jordan_13_retro__grey_toe__2014_414571_126_0_20637.jpeg","twitter_misc":{"Gesch\u00e4tzte Lesezeit":"1\u00a0Minute"},"schema":{"@context":"https:\/\/schema.org","@graph":[{"@type":"WebPage","@id":"https:\/\/loftrunway.com\/de\/products\/air-jordan-13-retro-grey-toe-2014\/","url":"https:\/\/loftrunway.com\/de\/products\/air-jordan-13-retro-grey-toe-2014\/","name":"Air Jordan 13 Retro 'Grey Toe' 2014 - Loftrunway","isPartOf":{"@id":"https:\/\/loftrunway.com\/de\/#website"},"primaryImageOfPage":{"@id":"https:\/\/loftrunway.com\/de\/products\/air-jordan-13-retro-grey-toe-2014\/#primaryimage"},"image":{"@id":"https:\/\/loftrunway.com\/de\/products\/air-jordan-13-retro-grey-toe-2014\/#primaryimage"},"thumbnailUrl":"https:\/\/images.novelship.com\/product\/air_jordan_13_retro__grey_toe__2014_414571_126_0_20637.jpeg","datePublished":"2026-03-02T09:09:43+00:00","dateModified":"2026-04-03T12:44:53+00:00","breadcrumb":{"@id":"https:\/\/loftrunway.com\/de\/products\/air-jordan-13-retro-grey-toe-2014\/#breadcrumb"},"inLanguage":"de","potentialAction":[{"@type":"ReadAction","target":["https:\/\/loftrunway.com\/de\/products\/air-jordan-13-retro-grey-toe-2014\/"]}]},{"@type":"ImageObject","inLanguage":"de","@id":"https:\/\/loftrunway.com\/de\/products\/air-jordan-13-retro-grey-toe-2014\/#primaryimage","url":"https:\/\/images.novelship.com\/product\/air_jordan_13_retro__grey_toe__2014_414571_126_0_20637.jpeg","contentUrl":"https:\/\/images.novelship.com\/product\/air_jordan_13_retro__grey_toe__2014_414571_126_0_20637.jpeg"},{"@type":"BreadcrumbList","@id":"https:\/\/loftrunway.com\/de\/products\/air-jordan-13-retro-grey-toe-2014\/#breadcrumb","itemListElement":[{"@type":"ListItem","position":1,"name":"Home","item":"https:\/\/loftrunway.com\/de\/"},{"@type":"ListItem","position":2,"name":"Shop","item":"https:\/\/loftrunway.com\/de\/shop\/"},{"@type":"ListItem","position":3,"name":"Air Jordan 13 Retro &#8218;Grey Toe&#8216; 2014"}]},{"@type":"WebSite","@id":"https:\/\/loftrunway.com\/de\/#website","url":"https:\/\/loftrunway.com\/de\/","name":"Styloral Jewelry Shop","description":"Der Ort, an dem man alle Arten von Sneakern findet","publisher":{"@id":"https:\/\/loftrunway.com\/de\/#organization"},"potentialAction":[{"@type":"SearchAction","target":{"@type":"EntryPoint","urlTemplate":"https:\/\/loftrunway.com\/de\/?s={search_term_string}"},"query-input":{"@type":"PropertyValueSpecification","valueRequired":true,"valueName":"search_term_string"}}],"inLanguage":"de"},{"@type":"Organization","@id":"https:\/\/loftrunway.com\/de\/#organization","name":"STYLORAL PTE. LTD","url":"https:\/\/loftrunway.com\/de\/","logo":{"@type":"ImageObject","inLanguage":"de","@id":"https:\/\/loftrunway.com\/de\/#\/schema\/logo\/image\/","url":"https:\/\/www.loftrunway.com\/wp-content\/uploads\/2025\/12\/logo.png","contentUrl":"https:\/\/www.loftrunway.com\/wp-content\/uploads\/2025\/12\/logo.png","width":200,"height":65,"caption":"STYLORAL PTE. LTD"},"image":{"@id":"https:\/\/loftrunway.com\/de\/#\/schema\/logo\/image\/"}}]}},"_links":{"self":[{"href":"https:\/\/loftrunway.com\/de\/wp-json\/wp\/v2\/product\/162864","targetHints":{"allow":["GET"]}}],"collection":[{"href":"https:\/\/loftrunway.com\/de\/wp-json\/wp\/v2\/product"}],"about":[{"href":"https:\/\/loftrunway.com\/de\/wp-json\/wp\/v2\/types\/product"}],"replies":[{"embeddable":true,"href":"https:\/\/loftrunway.com\/de\/wp-json\/wp\/v2\/comments?post=162864"}],"wp:featuredmedia":[{"embeddable":true,"href":"https:\/\/loftrunway.com\/de\/wp-json\/wp\/v2\/media\/162865"}],"wp:attachment":[{"href":"https:\/\/loftrunway.com\/de\/wp-json\/wp\/v2\/media?parent=162864"}],"wp:term":[{"taxonomy":"product_brand","embeddable":true,"href":"https:\/\/loftrunway.com\/de\/wp-json\/wp\/v2\/product_brand?post=162864"},{"taxonomy":"product_cat","embeddable":true,"href":"https:\/\/loftrunway.com\/de\/wp-json\/wp\/v2\/product_cat?post=162864"},{"taxonomy":"product_tag","embeddable":true,"href":"https:\/\/loftrunway.com\/de\/wp-json\/wp\/v2\/product_tag?post=162864"}],"curies":[{"name":"wp","href":"https:\/\/api.w.org\/{rel}","templated":true}]}}