{"id":163271,"date":"2026-03-02T16:10:18","date_gmt":"2026-03-02T09:10:18","guid":{"rendered":"http:\/\/loftrunway.com\/product\/haribo-x-adidas-don-issue-6-lucid-red"},"modified":"2026-04-02T15:06:55","modified_gmt":"2026-04-02T08:06:55","slug":"haribo-x-adidas-don-issue-6-lucid-red","status":"publish","type":"product","link":"https:\/\/loftrunway.com\/de\/products\/haribo-x-adidas-don-issue-6-lucid-red\/","title":{"rendered":"Haribo x adidas D.O.N. Issue #6 &#8218;Lucid Red&#8216;"},"content":{"rendered":"<p>Erlebe k\u00fchnen Style und Performance mit dem Haribo x adidas D.O.N. Issue #6 \u201eLucid Red\u201c JH7917 \u201d\u201c hier trifft verspieltes, von S\u00fc\u00dfigkeiten inspiriertes Design auf hochfunktionellen Sportschuh. Diese in Zusammenarbeit mit Haribo entworfene, leuchtend rote Edition von Donovan Mitchells Signature-Schuh besticht durch ein auff\u00e4lliges Obermaterial in leuchtendem Rot, akzentuiert mit Details im Gummib\u00e4rchen-Look, die deiner Sneaker-Sammlung eine einzigartige Note verleihen. Entwickelt f\u00fcr H\u00f6chstleistungen auf dem Court und ganzt\u00e4gigen Tragekomfort, kombiniert er leichte Materialien mit reaktionsfreudiger D\u00e4mpfung f\u00fcr unvergleichlichen Halt und optimale Energier\u00fcckgabe. Die strapazierf\u00e4hige Gummisohle mit multidirektionalem Grip sorgt f\u00fcr Stabilit\u00e4t und Traktion, w\u00e4hrend die markante Optik ihn vielseitig einsetzbar macht \u201d\u201c sowohl im Sport als auch in der Streetwear. Der Haribo x adidas D.O.N. ist perfekt f\u00fcr High-Performance-Athleten und stilbewusste Sneaker-Fans gleicherma\u00dfen. Ausgabe Nr. 6 vereint Innovation, Funktionalit\u00e4t und Popkultur-Flair perfekt.<\/p>\n<ul>\n<li><strong>Farbgebung:<\/strong> Lucid Red\/Green\/Vivid Green<\/li>\n<li><strong>Style-Code:<\/strong> JH7917<\/li>\n<li><strong>Obermaterial:<\/strong> Textil<\/li>\n<li><strong>Zwischensohle:<\/strong> Lightstrike<\/li>\n<li><strong>Farbe:<\/strong> Rot<\/li>\n<li><strong>Erscheinungsjahr:<\/strong> 2024<\/li>\n<\/ul>\n","protected":false},"excerpt":{"rendered":"<p>adidas None \u201d\u201d Lucid Red\/Green\/Vivid Green<\/p>\n","protected":false},"featured_media":163272,"comment_status":"open","ping_status":"closed","template":"","meta":[],"product_brand":[],"product_cat":[10760,41273],"product_tag":[10759,10799,10800,10753,10802,10758],"class_list":{"0":"post-163271","1":"product","2":"type-product","3":"status-publish","4":"has-post-thumbnail","6":"product_cat-adidas","7":"product_cat-remove","8":"product_tag-adidas","9":"product_tag-ankle-support-basketball-shoes","10":"product_tag-basketball-shoes","11":"product_tag-gift-for-him","12":"product_tag-performance-sport-shoes","13":"product_tag-under-retail","14":"wcpa_has_options","16":"first","17":"instock","18":"taxable","19":"shipping-taxable","20":"purchasable","21":"product-type-simple"},"wcpa_form_fields":{"rules":{"pric_overide_base_price":false,"pric_overide_base_price_if_gt_zero":false,"pric_overide_base_price_fully":false,"pric_cal_option_once":false,"pric_use_as_fee":false,"bind_quantity":false,"quantity_bind_formula":false},"fields":[{"type":"color-group","required":true,"elementId":"wcpa-color-group-66c4a7f817afe","label":"Gr\u00f6\u00dfe","inline":true,"priceOptions":"different_for_all","pricingType":"fixed","className":"hassizechart product-shoes-size-eu product-shoes-size","name":"color-group-66c4a7f817b18","disp_type":"square","selection_type":"tick-border","disp_size":"50","show_label_inside":true,"adjust_width":true,"cart_display_type":"text","other_text":"Other","cl_rule":"show","col":6,"values":[{"label":"35","value":"EU 35","price":"","pimage":"","pimage_id":"","pthumb":"","color":""},{"label":"35.5","value":"EU 35.5","price":"","pimage":"","pimage_id":"","pthumb":"","color":""},{"label":"36","value":"EU 36","price":"","pimage":"","pimage_id":"","pthumb":"","color":"","selected":true},{"label":"36 2\/3","value":"EU 36 2\/3","price":"","pimage":"","pimage_id":"","pthumb":"","color":""},{"label":"37 1\/3","value":"EU 37 1\/3","price":"","pimage":"","pimage_id":"","pthumb":"","color":""},{"label":"38","value":"EU 38","price":"","pimage":"","pimage_id":"","pthumb":"","color":""},{"label":"38 2\/3","value":"EU 38 2\/3","price":"","pimage":"","pimage_id":"","pthumb":"","color":""},{"label":"39 1\/3","value":"EU 39 1\/3","price":"","pimage":"","pimage_id":"","pthumb":"","color":""},{"label":"40","value":"EU 40","price":"","pimage":"","pimage_id":"","pthumb":"","color":""},{"label":"40 2\/3","value":"EU 40 2\/3","price":"","pimage":"","pimage_id":"","pthumb":"","color":""},{"label":"41 1\/3","value":"EU 41 1\/3","price":"","pimage":"","pimage_id":"","pthumb":"","color":""},{"label":"42","value":"EU 42","price":"","pimage":"","pimage_id":"","pthumb":"","color":""},{"label":"42 2\/3","value":"EU 42 2\/3","price":"","pimage":"","pimage_id":"","pthumb":"","color":""},{"label":"43 1\/3","value":"EU 43 1\/3","price":"","pimage":"","pimage_id":"","pthumb":"","color":""},{"label":"44","value":"EU 44","price":"","pimage":"","pimage_id":"","pthumb":"","color":""},{"label":"44 2\/3","value":"EU 44 2\/3","price":"","pimage":"","pimage_id":"","pthumb":"","color":""},{"label":"45 1\/3","value":"EU 45 1\/3","price":"","pimage":"","pimage_id":"","pthumb":"","color":""},{"label":"46","value":"EU 46","price":"","pimage":"","pimage_id":"","pthumb":"","color":""},{"label":"46 2\/3","value":"EU 46 2\/3","price":"","pimage":"","pimage_id":"","pthumb":"","color":""},{"label":"47 1\/3","value":"EU 47 1\/3","price":"","pimage":"","pimage_id":"","pthumb":"","color":""}],"relations":[{"operator":false,"rules":[]}],"form_id":24802,"form_rules":{"pric_cal_option_once":false,"exclude_from_discount":false,"pric_use_as_fee":false,"fee_label":"Fee","render_after_acb":false,"disp_hide_options_price":false}}]},"yoast_head":"<!-- This site is optimized with the Yoast SEO plugin v26.5 - https:\/\/yoast.com\/wordpress\/plugins\/seo\/ -->\n<title>Haribo x adidas D.O.N. Issue #6 &#039;Lucid Red&#039;  - Loftrunway<\/title>\n<meta name=\"robots\" content=\"index, follow, max-snippet:-1, max-image-preview:large, max-video-preview:-1\" \/>\n<link rel=\"canonical\" href=\"https:\/\/loftrunway.com\/de\/products\/haribo-x-adidas-don-issue-6-lucid-red\/\" \/>\n<meta property=\"og:locale\" content=\"de_DE\" \/>\n<meta property=\"og:type\" content=\"article\" \/>\n<meta property=\"og:title\" content=\"Haribo x adidas D.O.N. Issue #6 &#039;Lucid Red&#039;  - Loftrunway\" \/>\n<meta property=\"og:description\" content=\"adidas None \u201d\u201d Lucid Red\/Green\/Vivid Green\" \/>\n<meta property=\"og:url\" content=\"https:\/\/loftrunway.com\/de\/products\/haribo-x-adidas-don-issue-6-lucid-red\/\" \/>\n<meta property=\"og:site_name\" content=\"loftRUN Sneaker Store\" \/>\n<meta property=\"article:modified_time\" content=\"2026-04-02T08:06:55+00:00\" \/>\n<meta name=\"twitter:card\" content=\"summary_large_image\" \/>\n<meta name=\"twitter:image\" content=\"https:\/\/images.novelship.com\/product\/haribo_x_adidas_d_o_n__issue__6__lucid_red__jh7917_0_41039.jpeg\" \/>\n<meta name=\"twitter:label1\" content=\"Gesch\u00e4tzte Lesezeit\" \/>\n\t<meta name=\"twitter:data1\" content=\"1\u00a0Minute\" \/>\n<script type=\"application\/ld+json\" class=\"yoast-schema-graph\">{\"@context\":\"https:\/\/schema.org\",\"@graph\":[{\"@type\":\"WebPage\",\"@id\":\"https:\/\/loftrunway.com\/de\/products\/haribo-x-adidas-don-issue-6-lucid-red\/\",\"url\":\"https:\/\/loftrunway.com\/de\/products\/haribo-x-adidas-don-issue-6-lucid-red\/\",\"name\":\"Haribo x adidas D.O.N. Issue #6 'Lucid Red' - Loftrunway\",\"isPartOf\":{\"@id\":\"https:\/\/loftrunway.com\/de\/#website\"},\"primaryImageOfPage\":{\"@id\":\"https:\/\/loftrunway.com\/de\/products\/haribo-x-adidas-don-issue-6-lucid-red\/#primaryimage\"},\"image\":{\"@id\":\"https:\/\/loftrunway.com\/de\/products\/haribo-x-adidas-don-issue-6-lucid-red\/#primaryimage\"},\"thumbnailUrl\":\"https:\/\/images.novelship.com\/product\/haribo_x_adidas_d_o_n__issue__6__lucid_red__jh7917_0_41039.jpeg\",\"datePublished\":\"2026-03-02T09:10:18+00:00\",\"dateModified\":\"2026-04-02T08:06:55+00:00\",\"breadcrumb\":{\"@id\":\"https:\/\/loftrunway.com\/de\/products\/haribo-x-adidas-don-issue-6-lucid-red\/#breadcrumb\"},\"inLanguage\":\"de\",\"potentialAction\":[{\"@type\":\"ReadAction\",\"target\":[\"https:\/\/loftrunway.com\/de\/products\/haribo-x-adidas-don-issue-6-lucid-red\/\"]}]},{\"@type\":\"ImageObject\",\"inLanguage\":\"de\",\"@id\":\"https:\/\/loftrunway.com\/de\/products\/haribo-x-adidas-don-issue-6-lucid-red\/#primaryimage\",\"url\":\"https:\/\/images.novelship.com\/product\/haribo_x_adidas_d_o_n__issue__6__lucid_red__jh7917_0_41039.jpeg\",\"contentUrl\":\"https:\/\/images.novelship.com\/product\/haribo_x_adidas_d_o_n__issue__6__lucid_red__jh7917_0_41039.jpeg\"},{\"@type\":\"BreadcrumbList\",\"@id\":\"https:\/\/loftrunway.com\/de\/products\/haribo-x-adidas-don-issue-6-lucid-red\/#breadcrumb\",\"itemListElement\":[{\"@type\":\"ListItem\",\"position\":1,\"name\":\"Home\",\"item\":\"https:\/\/loftrunway.com\/de\/\"},{\"@type\":\"ListItem\",\"position\":2,\"name\":\"Shop\",\"item\":\"https:\/\/loftrunway.com\/de\/shop\/\"},{\"@type\":\"ListItem\",\"position\":3,\"name\":\"Haribo x adidas D.O.N. Issue #6 &#8218;Lucid Red&#8216;\"}]},{\"@type\":\"WebSite\",\"@id\":\"https:\/\/loftrunway.com\/de\/#website\",\"url\":\"https:\/\/loftrunway.com\/de\/\",\"name\":\"Styloral Jewelry Shop\",\"description\":\"Der Ort, an dem man alle Arten von Sneakern findet\",\"publisher\":{\"@id\":\"https:\/\/loftrunway.com\/de\/#organization\"},\"potentialAction\":[{\"@type\":\"SearchAction\",\"target\":{\"@type\":\"EntryPoint\",\"urlTemplate\":\"https:\/\/loftrunway.com\/de\/?s={search_term_string}\"},\"query-input\":{\"@type\":\"PropertyValueSpecification\",\"valueRequired\":true,\"valueName\":\"search_term_string\"}}],\"inLanguage\":\"de\"},{\"@type\":\"Organization\",\"@id\":\"https:\/\/loftrunway.com\/de\/#organization\",\"name\":\"STYLORAL PTE. LTD\",\"url\":\"https:\/\/loftrunway.com\/de\/\",\"logo\":{\"@type\":\"ImageObject\",\"inLanguage\":\"de\",\"@id\":\"https:\/\/loftrunway.com\/de\/#\/schema\/logo\/image\/\",\"url\":\"https:\/\/www.loftrunway.com\/wp-content\/uploads\/2025\/12\/logo.png\",\"contentUrl\":\"https:\/\/www.loftrunway.com\/wp-content\/uploads\/2025\/12\/logo.png\",\"width\":200,\"height\":65,\"caption\":\"STYLORAL PTE. LTD\"},\"image\":{\"@id\":\"https:\/\/loftrunway.com\/de\/#\/schema\/logo\/image\/\"}}]}<\/script>\n<!-- \/ Yoast SEO plugin. -->","yoast_head_json":{"title":"Haribo x adidas D.O.N. Issue #6 'Lucid Red'  - Loftrunway","robots":{"index":"index","follow":"follow","max-snippet":"max-snippet:-1","max-image-preview":"max-image-preview:large","max-video-preview":"max-video-preview:-1"},"canonical":"https:\/\/loftrunway.com\/de\/products\/haribo-x-adidas-don-issue-6-lucid-red\/","og_locale":"de_DE","og_type":"article","og_title":"Haribo x adidas D.O.N. Issue #6 'Lucid Red'  - Loftrunway","og_description":"adidas None \u201d\u201d Lucid Red\/Green\/Vivid Green","og_url":"https:\/\/loftrunway.com\/de\/products\/haribo-x-adidas-don-issue-6-lucid-red\/","og_site_name":"loftRUN Sneaker Store","article_modified_time":"2026-04-02T08:06:55+00:00","twitter_card":"summary_large_image","twitter_image":"https:\/\/images.novelship.com\/product\/haribo_x_adidas_d_o_n__issue__6__lucid_red__jh7917_0_41039.jpeg","twitter_misc":{"Gesch\u00e4tzte Lesezeit":"1\u00a0Minute"},"schema":{"@context":"https:\/\/schema.org","@graph":[{"@type":"WebPage","@id":"https:\/\/loftrunway.com\/de\/products\/haribo-x-adidas-don-issue-6-lucid-red\/","url":"https:\/\/loftrunway.com\/de\/products\/haribo-x-adidas-don-issue-6-lucid-red\/","name":"Haribo x adidas D.O.N. Issue #6 'Lucid Red' - Loftrunway","isPartOf":{"@id":"https:\/\/loftrunway.com\/de\/#website"},"primaryImageOfPage":{"@id":"https:\/\/loftrunway.com\/de\/products\/haribo-x-adidas-don-issue-6-lucid-red\/#primaryimage"},"image":{"@id":"https:\/\/loftrunway.com\/de\/products\/haribo-x-adidas-don-issue-6-lucid-red\/#primaryimage"},"thumbnailUrl":"https:\/\/images.novelship.com\/product\/haribo_x_adidas_d_o_n__issue__6__lucid_red__jh7917_0_41039.jpeg","datePublished":"2026-03-02T09:10:18+00:00","dateModified":"2026-04-02T08:06:55+00:00","breadcrumb":{"@id":"https:\/\/loftrunway.com\/de\/products\/haribo-x-adidas-don-issue-6-lucid-red\/#breadcrumb"},"inLanguage":"de","potentialAction":[{"@type":"ReadAction","target":["https:\/\/loftrunway.com\/de\/products\/haribo-x-adidas-don-issue-6-lucid-red\/"]}]},{"@type":"ImageObject","inLanguage":"de","@id":"https:\/\/loftrunway.com\/de\/products\/haribo-x-adidas-don-issue-6-lucid-red\/#primaryimage","url":"https:\/\/images.novelship.com\/product\/haribo_x_adidas_d_o_n__issue__6__lucid_red__jh7917_0_41039.jpeg","contentUrl":"https:\/\/images.novelship.com\/product\/haribo_x_adidas_d_o_n__issue__6__lucid_red__jh7917_0_41039.jpeg"},{"@type":"BreadcrumbList","@id":"https:\/\/loftrunway.com\/de\/products\/haribo-x-adidas-don-issue-6-lucid-red\/#breadcrumb","itemListElement":[{"@type":"ListItem","position":1,"name":"Home","item":"https:\/\/loftrunway.com\/de\/"},{"@type":"ListItem","position":2,"name":"Shop","item":"https:\/\/loftrunway.com\/de\/shop\/"},{"@type":"ListItem","position":3,"name":"Haribo x adidas D.O.N. Issue #6 &#8218;Lucid Red&#8216;"}]},{"@type":"WebSite","@id":"https:\/\/loftrunway.com\/de\/#website","url":"https:\/\/loftrunway.com\/de\/","name":"Styloral Jewelry Shop","description":"Der Ort, an dem man alle Arten von Sneakern findet","publisher":{"@id":"https:\/\/loftrunway.com\/de\/#organization"},"potentialAction":[{"@type":"SearchAction","target":{"@type":"EntryPoint","urlTemplate":"https:\/\/loftrunway.com\/de\/?s={search_term_string}"},"query-input":{"@type":"PropertyValueSpecification","valueRequired":true,"valueName":"search_term_string"}}],"inLanguage":"de"},{"@type":"Organization","@id":"https:\/\/loftrunway.com\/de\/#organization","name":"STYLORAL PTE. LTD","url":"https:\/\/loftrunway.com\/de\/","logo":{"@type":"ImageObject","inLanguage":"de","@id":"https:\/\/loftrunway.com\/de\/#\/schema\/logo\/image\/","url":"https:\/\/www.loftrunway.com\/wp-content\/uploads\/2025\/12\/logo.png","contentUrl":"https:\/\/www.loftrunway.com\/wp-content\/uploads\/2025\/12\/logo.png","width":200,"height":65,"caption":"STYLORAL PTE. LTD"},"image":{"@id":"https:\/\/loftrunway.com\/de\/#\/schema\/logo\/image\/"}}]}},"_links":{"self":[{"href":"https:\/\/loftrunway.com\/de\/wp-json\/wp\/v2\/product\/163271","targetHints":{"allow":["GET"]}}],"collection":[{"href":"https:\/\/loftrunway.com\/de\/wp-json\/wp\/v2\/product"}],"about":[{"href":"https:\/\/loftrunway.com\/de\/wp-json\/wp\/v2\/types\/product"}],"replies":[{"embeddable":true,"href":"https:\/\/loftrunway.com\/de\/wp-json\/wp\/v2\/comments?post=163271"}],"wp:featuredmedia":[{"embeddable":true,"href":"https:\/\/loftrunway.com\/de\/wp-json\/wp\/v2\/media\/163272"}],"wp:attachment":[{"href":"https:\/\/loftrunway.com\/de\/wp-json\/wp\/v2\/media?parent=163271"}],"wp:term":[{"taxonomy":"product_brand","embeddable":true,"href":"https:\/\/loftrunway.com\/de\/wp-json\/wp\/v2\/product_brand?post=163271"},{"taxonomy":"product_cat","embeddable":true,"href":"https:\/\/loftrunway.com\/de\/wp-json\/wp\/v2\/product_cat?post=163271"},{"taxonomy":"product_tag","embeddable":true,"href":"https:\/\/loftrunway.com\/de\/wp-json\/wp\/v2\/product_tag?post=163271"}],"curies":[{"name":"wp","href":"https:\/\/api.w.org\/{rel}","templated":true}]}}