{"id":165843,"date":"2026-03-02T16:14:22","date_gmt":"2026-03-02T09:14:22","guid":{"rendered":"http:\/\/loftrunway.com\/product\/women-jordan-air-heir-series-pf-heir-collective-black-crimson-tint"},"modified":"2026-04-02T15:08:53","modified_gmt":"2026-04-02T08:08:53","slug":"women-jordan-air-heir-series-pf-heir-collective-black-crimson-tint","status":"publish","type":"product","link":"https:\/\/loftrunway.com\/de\/products\/women-jordan-air-heir-series-pf-heir-collective-black-crimson-tint\/","title":{"rendered":"(Women) Jordan Air (Heir) Series PF &#8218;Heir Collective&#8216; &#8218;Black Crimson Tint&#8216;"},"content":{"rendered":"<p>Mit dem Jordan Air Heir Series PF \u201eHeir Collective\u201c f\u00fcr Damen in \u201eBlack Crimson Tint\u201c verleihst du deinem Sneaker-Style das gewisse Etwas. Erstklassige Verarbeitung trifft auf unverwechselbaren Style.<\/p>\n<p>Das elegante schwarze Obermaterial mit auff\u00e4lligen karminroten Akzenten verleiht diesem Sneaker ein markantes Design, das sich nahtlos vom Streetwear-Look zum l\u00e4ssigen Chic kombinieren l\u00e4sst. Die Mittelsohle bietet leichte D\u00e4mpfung f\u00fcr ganzt\u00e4gigen Tragekomfort, w\u00e4hrend die strapazierf\u00e4hige Au\u00dfensohle zuverl\u00e4ssige Traktion und Performance garantiert. Dank der Perfect Fit (PF)-Technologie ist dieser Schuh optimal auf deine Bed\u00fcrfnisse zugeschnitten und bietet dir maximale Unterst\u00fctzung f\u00fcr ein sicheres Laufgef\u00fchl bei jedem Schritt.<\/p>\n<p>Das \u201eHeir Collective\u201c-Design verk\u00f6rpert zeitlose Eleganz und ist gleichzeitig eine Hommage an die Tradition der Marke Jordan. Ob auf dem Court oder auf der Stra\u00dfe \u201d\u201c dieser Sneaker bietet die perfekte Balance aus Vielseitigkeit und ausdrucksstarker \u00c4sthetik.<\/p>\n<p>Der Jordan Air Heir Series PF ist mehr als nur ein Hingucker \u201d\u201c er ist ein Statement f\u00fcr selbstbewusste Individualit\u00e4t und richtet sich an alle, die h\u00f6chste Anspr\u00fcche an Form und Funktion stellen. Erg\u00e4nzen Sie Ihre Garderobe mit diesem Must-have urbaner Eleganz und definieren Sie sportlich inspirierte Mode neu.<\/p>\n<ul>\n<li><strong>Farbgebung:<\/strong> Mehrfarbig<\/li>\n<li><strong>Artikelnummer:<\/strong> FZ2473-018<\/li>\n<li><strong>Obermaterial:<\/strong> Mesh<\/li>\n<li><strong>Zwischensohle:<\/strong> Cushlon 3.0<\/li>\n<li><strong>Farbe:<\/strong> Mehrfarbig<\/li>\n<\/ul>\n","protected":false},"excerpt":{"rendered":"<p>Jordan Air Heir Series PF \u201d\u201d Multi Color<\/p>\n","protected":false},"featured_media":165844,"comment_status":"open","ping_status":"closed","template":"","meta":[],"product_brand":[],"product_cat":[11390,41273],"product_tag":[10750,10847,10926,10776,10754,10777,10785,10786,10758],"class_list":{"0":"post-165843","1":"product","2":"type-product","3":"status-publish","4":"has-post-thumbnail","6":"product_cat-air-jordan-women","7":"product_cat-remove","8":"product_tag-athleisure-shoes","9":"product_tag-best-finds-under-100","10":"product_tag-gift-for-her","11":"product_tag-jordan","12":"product_tag-lifestyle-casual-shoes","13":"product_tag-lifestyle-shoes-basketball-inspired","14":"product_tag-trending-deals","15":"product_tag-trending-deals-under-150","16":"product_tag-under-retail","17":"wcpa_has_options","19":"first","20":"instock","21":"taxable","22":"shipping-taxable","23":"purchasable","24":"product-type-simple"},"wcpa_form_fields":{"rules":{"pric_overide_base_price":false,"pric_overide_base_price_if_gt_zero":false,"pric_overide_base_price_fully":false,"pric_cal_option_once":false,"pric_use_as_fee":false,"bind_quantity":false,"quantity_bind_formula":false},"fields":[{"type":"color-group","required":true,"elementId":"wcpa-color-group-66c4a75505e74","label":"Gr\u00f6\u00dfe - EU Gr\u00f6\u00dfe","inline":true,"priceOptions":"different_for_all","pricingType":"fixed","className":"hassizechart product-shoes-size-eu product-shoes-size","name":"color-group-66c4a75505e89","disp_type":"square","selection_type":"tick-border","disp_size":"44","show_label_inside":true,"adjust_width":true,"cart_display_type":"text","other_text":"Other","cl_rule":"show","col":6,"values":[{"label":"35.5","value":"EU 35.5","price":"","pimage":"","pimage_id":"","pthumb":"","color":""},{"label":"36","value":"EU 36","price":"","pimage":"","pimage_id":"","pthumb":"","color":"","selected":true},{"label":"36.5","value":"EU 36.5","price":"","pimage":"","pimage_id":"","pthumb":"","color":""},{"label":"37.5","value":"EU 37.5","price":"","pimage":"","pimage_id":"","pthumb":"","color":""},{"label":"38","value":"EU 38","price":"","pimage":"","pimage_id":"","pthumb":"","color":""},{"label":"38.5","value":"EU 38.5","price":"","pimage":"","pimage_id":"","pthumb":"","color":""},{"label":"39","value":"EU 39","price":"","pimage":"","pimage_id":"","pthumb":"","color":""},{"label":"40","value":"EU 40","price":"","pimage":"","pimage_id":"","pthumb":"","color":""},{"label":"40.5","value":"EU 40.5","price":"","pimage":"","pimage_id":"","pthumb":"","color":""},{"label":"41","value":"EU 41","price":"","pimage":"","pimage_id":"","pthumb":"","color":""},{"label":"42","value":"EU 42","price":"","pimage":"","pimage_id":"","pthumb":"","color":""},{"label":"42.5","value":"EU 42.5","price":"","pimage":"","pimage_id":"","pthumb":"","color":""},{"label":"43","value":"EU 43","price":"","pimage":"","pimage_id":"","pthumb":"","color":""},{"label":"44","value":"EU 44","price":"","pimage":"","pimage_id":"","pthumb":"","color":""},{"label":"44.5","value":"EU 44.5","price":"","pimage":"","pimage_id":"","pthumb":"","color":""},{"label":"45","value":"EU 45","price":"","pimage":"","pimage_id":"","pthumb":"","color":""},{"label":"45.5","value":"EU 45.5","price":"","pimage":"","pimage_id":"","pthumb":"","color":""},{"label":"46","value":"EU 46","price":"","pimage":"","pimage_id":"","pthumb":"","color":""},{"label":"47","value":"EU 47","price":"","pimage":"","pimage_id":"","pthumb":"","color":""},{"label":"47.5","value":"EU 47.5","price":"","pimage":"","pimage_id":"","pthumb":"","color":""},{"label":"48","value":"EU 48","price":"","pimage":"","pimage_id":"","pthumb":"","color":""}],"relations":[{"operator":false,"rules":[]}],"form_id":18106,"form_rules":{"pric_cal_option_once":false,"exclude_from_discount":false,"pric_use_as_fee":false,"fee_label":"Fee","render_after_acb":false,"disp_hide_options_price":false}}]},"yoast_head":"<!-- This site is optimized with the Yoast SEO plugin v26.5 - https:\/\/yoast.com\/wordpress\/plugins\/seo\/ -->\n<title>(Women) Jordan Air (Heir) Series PF &#039;Heir Collective&#039; &#039;Black Crimson Tint&#039;  - Loftrunway<\/title>\n<meta name=\"robots\" content=\"index, follow, max-snippet:-1, max-image-preview:large, max-video-preview:-1\" \/>\n<link rel=\"canonical\" href=\"https:\/\/loftrunway.com\/de\/products\/women-jordan-air-heir-series-pf-heir-collective-black-crimson-tint\/\" \/>\n<meta property=\"og:locale\" content=\"de_DE\" \/>\n<meta property=\"og:type\" content=\"article\" \/>\n<meta property=\"og:title\" content=\"(Women) Jordan Air (Heir) Series PF &#039;Heir Collective&#039; &#039;Black Crimson Tint&#039;  - Loftrunway\" \/>\n<meta property=\"og:description\" content=\"Jordan Air Heir Series PF \u201d\u201d Multi Color\" \/>\n<meta property=\"og:url\" content=\"https:\/\/loftrunway.com\/de\/products\/women-jordan-air-heir-series-pf-heir-collective-black-crimson-tint\/\" \/>\n<meta property=\"og:site_name\" content=\"loftRUN Sneaker Store\" \/>\n<meta property=\"article:modified_time\" content=\"2026-04-02T08:08:53+00:00\" \/>\n<meta name=\"twitter:card\" content=\"summary_large_image\" \/>\n<meta name=\"twitter:image\" content=\"https:\/\/images.novelship.com\/product\/_women__jordan_air__heir__series_pf__heir_collecti_0_50965.jpeg\" \/>\n<meta name=\"twitter:label1\" content=\"Gesch\u00e4tzte Lesezeit\" \/>\n\t<meta name=\"twitter:data1\" content=\"1\u00a0Minute\" \/>\n<script type=\"application\/ld+json\" class=\"yoast-schema-graph\">{\"@context\":\"https:\/\/schema.org\",\"@graph\":[{\"@type\":\"WebPage\",\"@id\":\"https:\/\/loftrunway.com\/de\/products\/women-jordan-air-heir-series-pf-heir-collective-black-crimson-tint\/\",\"url\":\"https:\/\/loftrunway.com\/de\/products\/women-jordan-air-heir-series-pf-heir-collective-black-crimson-tint\/\",\"name\":\"(Women) Jordan Air (Heir) Series PF 'Heir Collective' 'Black Crimson Tint' - Loftrunway\",\"isPartOf\":{\"@id\":\"https:\/\/loftrunway.com\/de\/#website\"},\"primaryImageOfPage\":{\"@id\":\"https:\/\/loftrunway.com\/de\/products\/women-jordan-air-heir-series-pf-heir-collective-black-crimson-tint\/#primaryimage\"},\"image\":{\"@id\":\"https:\/\/loftrunway.com\/de\/products\/women-jordan-air-heir-series-pf-heir-collective-black-crimson-tint\/#primaryimage\"},\"thumbnailUrl\":\"https:\/\/images.novelship.com\/product\/_women__jordan_air__heir__series_pf__heir_collecti_0_50965.jpeg\",\"datePublished\":\"2026-03-02T09:14:22+00:00\",\"dateModified\":\"2026-04-02T08:08:53+00:00\",\"breadcrumb\":{\"@id\":\"https:\/\/loftrunway.com\/de\/products\/women-jordan-air-heir-series-pf-heir-collective-black-crimson-tint\/#breadcrumb\"},\"inLanguage\":\"de\",\"potentialAction\":[{\"@type\":\"ReadAction\",\"target\":[\"https:\/\/loftrunway.com\/de\/products\/women-jordan-air-heir-series-pf-heir-collective-black-crimson-tint\/\"]}]},{\"@type\":\"ImageObject\",\"inLanguage\":\"de\",\"@id\":\"https:\/\/loftrunway.com\/de\/products\/women-jordan-air-heir-series-pf-heir-collective-black-crimson-tint\/#primaryimage\",\"url\":\"https:\/\/images.novelship.com\/product\/_women__jordan_air__heir__series_pf__heir_collecti_0_50965.jpeg\",\"contentUrl\":\"https:\/\/images.novelship.com\/product\/_women__jordan_air__heir__series_pf__heir_collecti_0_50965.jpeg\"},{\"@type\":\"BreadcrumbList\",\"@id\":\"https:\/\/loftrunway.com\/de\/products\/women-jordan-air-heir-series-pf-heir-collective-black-crimson-tint\/#breadcrumb\",\"itemListElement\":[{\"@type\":\"ListItem\",\"position\":1,\"name\":\"Home\",\"item\":\"https:\/\/loftrunway.com\/de\/\"},{\"@type\":\"ListItem\",\"position\":2,\"name\":\"Shop\",\"item\":\"https:\/\/loftrunway.com\/de\/shop\/\"},{\"@type\":\"ListItem\",\"position\":3,\"name\":\"(Women) Jordan Air (Heir) Series PF &#8218;Heir Collective&#8216; &#8218;Black Crimson Tint&#8216;\"}]},{\"@type\":\"WebSite\",\"@id\":\"https:\/\/loftrunway.com\/de\/#website\",\"url\":\"https:\/\/loftrunway.com\/de\/\",\"name\":\"Styloral Jewelry Shop\",\"description\":\"Der Ort, an dem man alle Arten von Sneakern findet\",\"publisher\":{\"@id\":\"https:\/\/loftrunway.com\/de\/#organization\"},\"potentialAction\":[{\"@type\":\"SearchAction\",\"target\":{\"@type\":\"EntryPoint\",\"urlTemplate\":\"https:\/\/loftrunway.com\/de\/?s={search_term_string}\"},\"query-input\":{\"@type\":\"PropertyValueSpecification\",\"valueRequired\":true,\"valueName\":\"search_term_string\"}}],\"inLanguage\":\"de\"},{\"@type\":\"Organization\",\"@id\":\"https:\/\/loftrunway.com\/de\/#organization\",\"name\":\"STYLORAL PTE. LTD\",\"url\":\"https:\/\/loftrunway.com\/de\/\",\"logo\":{\"@type\":\"ImageObject\",\"inLanguage\":\"de\",\"@id\":\"https:\/\/loftrunway.com\/de\/#\/schema\/logo\/image\/\",\"url\":\"https:\/\/www.loftrunway.com\/wp-content\/uploads\/2025\/12\/logo.png\",\"contentUrl\":\"https:\/\/www.loftrunway.com\/wp-content\/uploads\/2025\/12\/logo.png\",\"width\":200,\"height\":65,\"caption\":\"STYLORAL PTE. LTD\"},\"image\":{\"@id\":\"https:\/\/loftrunway.com\/de\/#\/schema\/logo\/image\/\"}}]}<\/script>\n<!-- \/ Yoast SEO plugin. -->","yoast_head_json":{"title":"(Women) Jordan Air (Heir) Series PF 'Heir Collective' 'Black Crimson Tint'  - Loftrunway","robots":{"index":"index","follow":"follow","max-snippet":"max-snippet:-1","max-image-preview":"max-image-preview:large","max-video-preview":"max-video-preview:-1"},"canonical":"https:\/\/loftrunway.com\/de\/products\/women-jordan-air-heir-series-pf-heir-collective-black-crimson-tint\/","og_locale":"de_DE","og_type":"article","og_title":"(Women) Jordan Air (Heir) Series PF 'Heir Collective' 'Black Crimson Tint'  - Loftrunway","og_description":"Jordan Air Heir Series PF \u201d\u201d Multi Color","og_url":"https:\/\/loftrunway.com\/de\/products\/women-jordan-air-heir-series-pf-heir-collective-black-crimson-tint\/","og_site_name":"loftRUN Sneaker Store","article_modified_time":"2026-04-02T08:08:53+00:00","twitter_card":"summary_large_image","twitter_image":"https:\/\/images.novelship.com\/product\/_women__jordan_air__heir__series_pf__heir_collecti_0_50965.jpeg","twitter_misc":{"Gesch\u00e4tzte Lesezeit":"1\u00a0Minute"},"schema":{"@context":"https:\/\/schema.org","@graph":[{"@type":"WebPage","@id":"https:\/\/loftrunway.com\/de\/products\/women-jordan-air-heir-series-pf-heir-collective-black-crimson-tint\/","url":"https:\/\/loftrunway.com\/de\/products\/women-jordan-air-heir-series-pf-heir-collective-black-crimson-tint\/","name":"(Women) Jordan Air (Heir) Series PF 'Heir Collective' 'Black Crimson Tint' - Loftrunway","isPartOf":{"@id":"https:\/\/loftrunway.com\/de\/#website"},"primaryImageOfPage":{"@id":"https:\/\/loftrunway.com\/de\/products\/women-jordan-air-heir-series-pf-heir-collective-black-crimson-tint\/#primaryimage"},"image":{"@id":"https:\/\/loftrunway.com\/de\/products\/women-jordan-air-heir-series-pf-heir-collective-black-crimson-tint\/#primaryimage"},"thumbnailUrl":"https:\/\/images.novelship.com\/product\/_women__jordan_air__heir__series_pf__heir_collecti_0_50965.jpeg","datePublished":"2026-03-02T09:14:22+00:00","dateModified":"2026-04-02T08:08:53+00:00","breadcrumb":{"@id":"https:\/\/loftrunway.com\/de\/products\/women-jordan-air-heir-series-pf-heir-collective-black-crimson-tint\/#breadcrumb"},"inLanguage":"de","potentialAction":[{"@type":"ReadAction","target":["https:\/\/loftrunway.com\/de\/products\/women-jordan-air-heir-series-pf-heir-collective-black-crimson-tint\/"]}]},{"@type":"ImageObject","inLanguage":"de","@id":"https:\/\/loftrunway.com\/de\/products\/women-jordan-air-heir-series-pf-heir-collective-black-crimson-tint\/#primaryimage","url":"https:\/\/images.novelship.com\/product\/_women__jordan_air__heir__series_pf__heir_collecti_0_50965.jpeg","contentUrl":"https:\/\/images.novelship.com\/product\/_women__jordan_air__heir__series_pf__heir_collecti_0_50965.jpeg"},{"@type":"BreadcrumbList","@id":"https:\/\/loftrunway.com\/de\/products\/women-jordan-air-heir-series-pf-heir-collective-black-crimson-tint\/#breadcrumb","itemListElement":[{"@type":"ListItem","position":1,"name":"Home","item":"https:\/\/loftrunway.com\/de\/"},{"@type":"ListItem","position":2,"name":"Shop","item":"https:\/\/loftrunway.com\/de\/shop\/"},{"@type":"ListItem","position":3,"name":"(Women) Jordan Air (Heir) Series PF &#8218;Heir Collective&#8216; &#8218;Black Crimson Tint&#8216;"}]},{"@type":"WebSite","@id":"https:\/\/loftrunway.com\/de\/#website","url":"https:\/\/loftrunway.com\/de\/","name":"Styloral Jewelry Shop","description":"Der Ort, an dem man alle Arten von Sneakern findet","publisher":{"@id":"https:\/\/loftrunway.com\/de\/#organization"},"potentialAction":[{"@type":"SearchAction","target":{"@type":"EntryPoint","urlTemplate":"https:\/\/loftrunway.com\/de\/?s={search_term_string}"},"query-input":{"@type":"PropertyValueSpecification","valueRequired":true,"valueName":"search_term_string"}}],"inLanguage":"de"},{"@type":"Organization","@id":"https:\/\/loftrunway.com\/de\/#organization","name":"STYLORAL PTE. LTD","url":"https:\/\/loftrunway.com\/de\/","logo":{"@type":"ImageObject","inLanguage":"de","@id":"https:\/\/loftrunway.com\/de\/#\/schema\/logo\/image\/","url":"https:\/\/www.loftrunway.com\/wp-content\/uploads\/2025\/12\/logo.png","contentUrl":"https:\/\/www.loftrunway.com\/wp-content\/uploads\/2025\/12\/logo.png","width":200,"height":65,"caption":"STYLORAL PTE. LTD"},"image":{"@id":"https:\/\/loftrunway.com\/de\/#\/schema\/logo\/image\/"}}]}},"_links":{"self":[{"href":"https:\/\/loftrunway.com\/de\/wp-json\/wp\/v2\/product\/165843","targetHints":{"allow":["GET"]}}],"collection":[{"href":"https:\/\/loftrunway.com\/de\/wp-json\/wp\/v2\/product"}],"about":[{"href":"https:\/\/loftrunway.com\/de\/wp-json\/wp\/v2\/types\/product"}],"replies":[{"embeddable":true,"href":"https:\/\/loftrunway.com\/de\/wp-json\/wp\/v2\/comments?post=165843"}],"wp:featuredmedia":[{"embeddable":true,"href":"https:\/\/loftrunway.com\/de\/wp-json\/wp\/v2\/media\/165844"}],"wp:attachment":[{"href":"https:\/\/loftrunway.com\/de\/wp-json\/wp\/v2\/media?parent=165843"}],"wp:term":[{"taxonomy":"product_brand","embeddable":true,"href":"https:\/\/loftrunway.com\/de\/wp-json\/wp\/v2\/product_brand?post=165843"},{"taxonomy":"product_cat","embeddable":true,"href":"https:\/\/loftrunway.com\/de\/wp-json\/wp\/v2\/product_cat?post=165843"},{"taxonomy":"product_tag","embeddable":true,"href":"https:\/\/loftrunway.com\/de\/wp-json\/wp\/v2\/product_tag?post=165843"}],"curies":[{"name":"wp","href":"https:\/\/api.w.org\/{rel}","templated":true}]}}