{"id":165984,"date":"2026-03-02T16:14:36","date_gmt":"2026-03-02T09:14:36","guid":{"rendered":"http:\/\/loftrunway.com\/product\/women-adidas-originals-forum-low-grey-light-purple"},"modified":"2026-04-02T15:09:00","modified_gmt":"2026-04-02T08:09:00","slug":"women-adidas-originals-forum-low-grey-light-purple","status":"publish","type":"product","link":"https:\/\/loftrunway.com\/de\/products\/women-adidas-originals-forum-low-grey-light-purple\/","title":{"rendered":"(Women) adidas originals Forum Low &#8218;Grey Light Purple&#8216;"},"content":{"rendered":"<p>Wir pr\u00e4sentieren den adidas Originals Forum Low, einen Must-have-Sneaker, der ikonischen Style mit einem modernen Twist vereint. Die Farbkombination \u201eGrey Light Purple\u201c ist vielseitig und passt zu jedem Outfit. Der Sneaker besticht durch sein hochwertiges Leder-Obermaterial, das niedrige Profil und den Kn\u00f6chelriemen f\u00fcr sicheren Halt. Das weiche Futter und die OrthoLite-Einlegesohle sorgen f\u00fcr ganzt\u00e4gigen Tragekomfort, w\u00e4hrend die Gummisohle f\u00fcr strapazierf\u00e4hige Traktion sorgt. Mit dem adidas Originals Forum Low \u201eGrey Light Purple\u201c \u201d\u201c einem zeitlosen Klassiker mit urbanem Flair \u201d\u201c verleihst du deinem Look das gewisse Etwas.<\/p>\n<p>Farbkombination: Grau\/Hellviolett<br \/>\nStyle-Code: IF3926<br \/>\nObermaterial: Leder<br \/>\nFarbe: Grau<\/p>\n<p>Obermaterial: Leder<\/p>\n","protected":false},"excerpt":{"rendered":"<p>adidas Originals Forum Low \u201d\u201d Grey\/Light Purple<\/p>\n","protected":false},"featured_media":165985,"comment_status":"open","ping_status":"closed","template":"","meta":[],"product_brand":[],"product_cat":[10941,41273],"product_tag":[10759,10749,10750,10847,10926,10754,10777,10756,10785,10786,10758],"class_list":{"0":"post-165984","1":"product","2":"type-product","3":"status-publish","4":"has-post-thumbnail","6":"product_cat-adidas-women","7":"product_cat-remove","8":"product_tag-adidas","9":"product_tag-adidas-skateboarding-shoes","10":"product_tag-athleisure-shoes","11":"product_tag-best-finds-under-100","12":"product_tag-gift-for-her","13":"product_tag-lifestyle-casual-shoes","14":"product_tag-lifestyle-shoes-basketball-inspired","15":"product_tag-retro-casual-shoes","16":"product_tag-trending-deals","17":"product_tag-trending-deals-under-150","18":"product_tag-under-retail","19":"wcpa_has_options","21":"first","22":"instock","23":"taxable","24":"shipping-taxable","25":"purchasable","26":"product-type-simple"},"wcpa_form_fields":{"rules":{"pric_overide_base_price":false,"pric_overide_base_price_if_gt_zero":false,"pric_overide_base_price_fully":false,"pric_cal_option_once":false,"pric_use_as_fee":false,"bind_quantity":false,"quantity_bind_formula":false},"fields":[{"type":"color-group","required":true,"elementId":"wcpa-color-group-66c4a7f817afe","label":"Gr\u00f6\u00dfe","inline":true,"priceOptions":"different_for_all","pricingType":"fixed","className":"hassizechart product-shoes-size-eu product-shoes-size","name":"color-group-66c4a7f817b18","disp_type":"square","selection_type":"tick-border","disp_size":"50","show_label_inside":true,"adjust_width":true,"cart_display_type":"text","other_text":"Other","cl_rule":"show","col":6,"values":[{"label":"35","value":"EU 35","price":"","pimage":"","pimage_id":"","pthumb":"","color":""},{"label":"35.5","value":"EU 35.5","price":"","pimage":"","pimage_id":"","pthumb":"","color":""},{"label":"36","value":"EU 36","price":"","pimage":"","pimage_id":"","pthumb":"","color":"","selected":true},{"label":"36 2\/3","value":"EU 36 2\/3","price":"","pimage":"","pimage_id":"","pthumb":"","color":""},{"label":"37 1\/3","value":"EU 37 1\/3","price":"","pimage":"","pimage_id":"","pthumb":"","color":""},{"label":"38","value":"EU 38","price":"","pimage":"","pimage_id":"","pthumb":"","color":""},{"label":"38 2\/3","value":"EU 38 2\/3","price":"","pimage":"","pimage_id":"","pthumb":"","color":""},{"label":"39 1\/3","value":"EU 39 1\/3","price":"","pimage":"","pimage_id":"","pthumb":"","color":""},{"label":"40","value":"EU 40","price":"","pimage":"","pimage_id":"","pthumb":"","color":""},{"label":"40 2\/3","value":"EU 40 2\/3","price":"","pimage":"","pimage_id":"","pthumb":"","color":""},{"label":"41 1\/3","value":"EU 41 1\/3","price":"","pimage":"","pimage_id":"","pthumb":"","color":""},{"label":"42","value":"EU 42","price":"","pimage":"","pimage_id":"","pthumb":"","color":""},{"label":"42 2\/3","value":"EU 42 2\/3","price":"","pimage":"","pimage_id":"","pthumb":"","color":""},{"label":"43 1\/3","value":"EU 43 1\/3","price":"","pimage":"","pimage_id":"","pthumb":"","color":""},{"label":"44","value":"EU 44","price":"","pimage":"","pimage_id":"","pthumb":"","color":""},{"label":"44 2\/3","value":"EU 44 2\/3","price":"","pimage":"","pimage_id":"","pthumb":"","color":""},{"label":"45 1\/3","value":"EU 45 1\/3","price":"","pimage":"","pimage_id":"","pthumb":"","color":""},{"label":"46","value":"EU 46","price":"","pimage":"","pimage_id":"","pthumb":"","color":""},{"label":"46 2\/3","value":"EU 46 2\/3","price":"","pimage":"","pimage_id":"","pthumb":"","color":""},{"label":"47 1\/3","value":"EU 47 1\/3","price":"","pimage":"","pimage_id":"","pthumb":"","color":""}],"relations":[{"operator":false,"rules":[]}],"form_id":24802,"form_rules":{"pric_cal_option_once":false,"exclude_from_discount":false,"pric_use_as_fee":false,"fee_label":"Fee","render_after_acb":false,"disp_hide_options_price":false}}]},"yoast_head":"<!-- This site is optimized with the Yoast SEO plugin v26.5 - https:\/\/yoast.com\/wordpress\/plugins\/seo\/ -->\n<title>(Women) adidas originals Forum Low &#039;Grey Light Purple&#039;  - Loftrunway<\/title>\n<meta name=\"robots\" content=\"index, follow, max-snippet:-1, max-image-preview:large, max-video-preview:-1\" \/>\n<link rel=\"canonical\" href=\"https:\/\/loftrunway.com\/de\/products\/women-adidas-originals-forum-low-grey-light-purple\/\" \/>\n<meta property=\"og:locale\" content=\"de_DE\" \/>\n<meta property=\"og:type\" content=\"article\" \/>\n<meta property=\"og:title\" content=\"(Women) adidas originals Forum Low &#039;Grey Light Purple&#039;  - Loftrunway\" \/>\n<meta property=\"og:description\" content=\"adidas Originals Forum Low \u201d\u201d Grey\/Light Purple\" \/>\n<meta property=\"og:url\" content=\"https:\/\/loftrunway.com\/de\/products\/women-adidas-originals-forum-low-grey-light-purple\/\" \/>\n<meta property=\"og:site_name\" content=\"loftRUN Sneaker Store\" \/>\n<meta property=\"article:modified_time\" content=\"2026-04-02T08:09:00+00:00\" \/>\n<meta name=\"twitter:card\" content=\"summary_large_image\" \/>\n<meta name=\"twitter:image\" content=\"https:\/\/images.novelship.com\/product\/_women__adidas_originals_forum_low__purple_tint__i_0_24987.jpeg\" \/>\n<meta name=\"twitter:label1\" content=\"Gesch\u00e4tzte Lesezeit\" \/>\n\t<meta name=\"twitter:data1\" content=\"1\u00a0Minute\" \/>\n<script type=\"application\/ld+json\" class=\"yoast-schema-graph\">{\"@context\":\"https:\/\/schema.org\",\"@graph\":[{\"@type\":\"WebPage\",\"@id\":\"https:\/\/loftrunway.com\/de\/products\/women-adidas-originals-forum-low-grey-light-purple\/\",\"url\":\"https:\/\/loftrunway.com\/de\/products\/women-adidas-originals-forum-low-grey-light-purple\/\",\"name\":\"(Women) adidas originals Forum Low 'Grey Light Purple' - Loftrunway\",\"isPartOf\":{\"@id\":\"https:\/\/loftrunway.com\/de\/#website\"},\"primaryImageOfPage\":{\"@id\":\"https:\/\/loftrunway.com\/de\/products\/women-adidas-originals-forum-low-grey-light-purple\/#primaryimage\"},\"image\":{\"@id\":\"https:\/\/loftrunway.com\/de\/products\/women-adidas-originals-forum-low-grey-light-purple\/#primaryimage\"},\"thumbnailUrl\":\"https:\/\/images.novelship.com\/product\/_women__adidas_originals_forum_low__purple_tint__i_0_24987.jpeg\",\"datePublished\":\"2026-03-02T09:14:36+00:00\",\"dateModified\":\"2026-04-02T08:09:00+00:00\",\"breadcrumb\":{\"@id\":\"https:\/\/loftrunway.com\/de\/products\/women-adidas-originals-forum-low-grey-light-purple\/#breadcrumb\"},\"inLanguage\":\"de\",\"potentialAction\":[{\"@type\":\"ReadAction\",\"target\":[\"https:\/\/loftrunway.com\/de\/products\/women-adidas-originals-forum-low-grey-light-purple\/\"]}]},{\"@type\":\"ImageObject\",\"inLanguage\":\"de\",\"@id\":\"https:\/\/loftrunway.com\/de\/products\/women-adidas-originals-forum-low-grey-light-purple\/#primaryimage\",\"url\":\"https:\/\/images.novelship.com\/product\/_women__adidas_originals_forum_low__purple_tint__i_0_24987.jpeg\",\"contentUrl\":\"https:\/\/images.novelship.com\/product\/_women__adidas_originals_forum_low__purple_tint__i_0_24987.jpeg\"},{\"@type\":\"BreadcrumbList\",\"@id\":\"https:\/\/loftrunway.com\/de\/products\/women-adidas-originals-forum-low-grey-light-purple\/#breadcrumb\",\"itemListElement\":[{\"@type\":\"ListItem\",\"position\":1,\"name\":\"Home\",\"item\":\"https:\/\/loftrunway.com\/de\/\"},{\"@type\":\"ListItem\",\"position\":2,\"name\":\"Shop\",\"item\":\"https:\/\/loftrunway.com\/de\/shop\/\"},{\"@type\":\"ListItem\",\"position\":3,\"name\":\"(Women) adidas originals Forum Low &#8218;Grey Light Purple&#8216;\"}]},{\"@type\":\"WebSite\",\"@id\":\"https:\/\/loftrunway.com\/de\/#website\",\"url\":\"https:\/\/loftrunway.com\/de\/\",\"name\":\"Styloral Jewelry Shop\",\"description\":\"Der Ort, an dem man alle Arten von Sneakern findet\",\"publisher\":{\"@id\":\"https:\/\/loftrunway.com\/de\/#organization\"},\"potentialAction\":[{\"@type\":\"SearchAction\",\"target\":{\"@type\":\"EntryPoint\",\"urlTemplate\":\"https:\/\/loftrunway.com\/de\/?s={search_term_string}\"},\"query-input\":{\"@type\":\"PropertyValueSpecification\",\"valueRequired\":true,\"valueName\":\"search_term_string\"}}],\"inLanguage\":\"de\"},{\"@type\":\"Organization\",\"@id\":\"https:\/\/loftrunway.com\/de\/#organization\",\"name\":\"STYLORAL PTE. LTD\",\"url\":\"https:\/\/loftrunway.com\/de\/\",\"logo\":{\"@type\":\"ImageObject\",\"inLanguage\":\"de\",\"@id\":\"https:\/\/loftrunway.com\/de\/#\/schema\/logo\/image\/\",\"url\":\"https:\/\/www.loftrunway.com\/wp-content\/uploads\/2025\/12\/logo.png\",\"contentUrl\":\"https:\/\/www.loftrunway.com\/wp-content\/uploads\/2025\/12\/logo.png\",\"width\":200,\"height\":65,\"caption\":\"STYLORAL PTE. LTD\"},\"image\":{\"@id\":\"https:\/\/loftrunway.com\/de\/#\/schema\/logo\/image\/\"}}]}<\/script>\n<!-- \/ Yoast SEO plugin. -->","yoast_head_json":{"title":"(Women) adidas originals Forum Low 'Grey Light Purple'  - Loftrunway","robots":{"index":"index","follow":"follow","max-snippet":"max-snippet:-1","max-image-preview":"max-image-preview:large","max-video-preview":"max-video-preview:-1"},"canonical":"https:\/\/loftrunway.com\/de\/products\/women-adidas-originals-forum-low-grey-light-purple\/","og_locale":"de_DE","og_type":"article","og_title":"(Women) adidas originals Forum Low 'Grey Light Purple'  - Loftrunway","og_description":"adidas Originals Forum Low \u201d\u201d Grey\/Light Purple","og_url":"https:\/\/loftrunway.com\/de\/products\/women-adidas-originals-forum-low-grey-light-purple\/","og_site_name":"loftRUN Sneaker Store","article_modified_time":"2026-04-02T08:09:00+00:00","twitter_card":"summary_large_image","twitter_image":"https:\/\/images.novelship.com\/product\/_women__adidas_originals_forum_low__purple_tint__i_0_24987.jpeg","twitter_misc":{"Gesch\u00e4tzte Lesezeit":"1\u00a0Minute"},"schema":{"@context":"https:\/\/schema.org","@graph":[{"@type":"WebPage","@id":"https:\/\/loftrunway.com\/de\/products\/women-adidas-originals-forum-low-grey-light-purple\/","url":"https:\/\/loftrunway.com\/de\/products\/women-adidas-originals-forum-low-grey-light-purple\/","name":"(Women) adidas originals Forum Low 'Grey Light Purple' - Loftrunway","isPartOf":{"@id":"https:\/\/loftrunway.com\/de\/#website"},"primaryImageOfPage":{"@id":"https:\/\/loftrunway.com\/de\/products\/women-adidas-originals-forum-low-grey-light-purple\/#primaryimage"},"image":{"@id":"https:\/\/loftrunway.com\/de\/products\/women-adidas-originals-forum-low-grey-light-purple\/#primaryimage"},"thumbnailUrl":"https:\/\/images.novelship.com\/product\/_women__adidas_originals_forum_low__purple_tint__i_0_24987.jpeg","datePublished":"2026-03-02T09:14:36+00:00","dateModified":"2026-04-02T08:09:00+00:00","breadcrumb":{"@id":"https:\/\/loftrunway.com\/de\/products\/women-adidas-originals-forum-low-grey-light-purple\/#breadcrumb"},"inLanguage":"de","potentialAction":[{"@type":"ReadAction","target":["https:\/\/loftrunway.com\/de\/products\/women-adidas-originals-forum-low-grey-light-purple\/"]}]},{"@type":"ImageObject","inLanguage":"de","@id":"https:\/\/loftrunway.com\/de\/products\/women-adidas-originals-forum-low-grey-light-purple\/#primaryimage","url":"https:\/\/images.novelship.com\/product\/_women__adidas_originals_forum_low__purple_tint__i_0_24987.jpeg","contentUrl":"https:\/\/images.novelship.com\/product\/_women__adidas_originals_forum_low__purple_tint__i_0_24987.jpeg"},{"@type":"BreadcrumbList","@id":"https:\/\/loftrunway.com\/de\/products\/women-adidas-originals-forum-low-grey-light-purple\/#breadcrumb","itemListElement":[{"@type":"ListItem","position":1,"name":"Home","item":"https:\/\/loftrunway.com\/de\/"},{"@type":"ListItem","position":2,"name":"Shop","item":"https:\/\/loftrunway.com\/de\/shop\/"},{"@type":"ListItem","position":3,"name":"(Women) adidas originals Forum Low &#8218;Grey Light Purple&#8216;"}]},{"@type":"WebSite","@id":"https:\/\/loftrunway.com\/de\/#website","url":"https:\/\/loftrunway.com\/de\/","name":"Styloral Jewelry Shop","description":"Der Ort, an dem man alle Arten von Sneakern findet","publisher":{"@id":"https:\/\/loftrunway.com\/de\/#organization"},"potentialAction":[{"@type":"SearchAction","target":{"@type":"EntryPoint","urlTemplate":"https:\/\/loftrunway.com\/de\/?s={search_term_string}"},"query-input":{"@type":"PropertyValueSpecification","valueRequired":true,"valueName":"search_term_string"}}],"inLanguage":"de"},{"@type":"Organization","@id":"https:\/\/loftrunway.com\/de\/#organization","name":"STYLORAL PTE. LTD","url":"https:\/\/loftrunway.com\/de\/","logo":{"@type":"ImageObject","inLanguage":"de","@id":"https:\/\/loftrunway.com\/de\/#\/schema\/logo\/image\/","url":"https:\/\/www.loftrunway.com\/wp-content\/uploads\/2025\/12\/logo.png","contentUrl":"https:\/\/www.loftrunway.com\/wp-content\/uploads\/2025\/12\/logo.png","width":200,"height":65,"caption":"STYLORAL PTE. LTD"},"image":{"@id":"https:\/\/loftrunway.com\/de\/#\/schema\/logo\/image\/"}}]}},"_links":{"self":[{"href":"https:\/\/loftrunway.com\/de\/wp-json\/wp\/v2\/product\/165984","targetHints":{"allow":["GET"]}}],"collection":[{"href":"https:\/\/loftrunway.com\/de\/wp-json\/wp\/v2\/product"}],"about":[{"href":"https:\/\/loftrunway.com\/de\/wp-json\/wp\/v2\/types\/product"}],"replies":[{"embeddable":true,"href":"https:\/\/loftrunway.com\/de\/wp-json\/wp\/v2\/comments?post=165984"}],"wp:featuredmedia":[{"embeddable":true,"href":"https:\/\/loftrunway.com\/de\/wp-json\/wp\/v2\/media\/165985"}],"wp:attachment":[{"href":"https:\/\/loftrunway.com\/de\/wp-json\/wp\/v2\/media?parent=165984"}],"wp:term":[{"taxonomy":"product_brand","embeddable":true,"href":"https:\/\/loftrunway.com\/de\/wp-json\/wp\/v2\/product_brand?post=165984"},{"taxonomy":"product_cat","embeddable":true,"href":"https:\/\/loftrunway.com\/de\/wp-json\/wp\/v2\/product_cat?post=165984"},{"taxonomy":"product_tag","embeddable":true,"href":"https:\/\/loftrunway.com\/de\/wp-json\/wp\/v2\/product_tag?post=165984"}],"curies":[{"name":"wp","href":"https:\/\/api.w.org\/{rel}","templated":true}]}}