{"id":166365,"date":"2026-03-02T16:15:07","date_gmt":"2026-03-02T09:15:07","guid":{"rendered":"http:\/\/loftrunway.com\/product\/unheardof-x-adidas-rivalry-low-grandmas-couchpurple"},"modified":"2026-04-02T15:09:20","modified_gmt":"2026-04-02T08:09:20","slug":"unheardof-x-adidas-rivalry-low-grandmas-couchpurple","status":"publish","type":"product","link":"https:\/\/loftrunway.com\/de\/products\/unheardof-x-adidas-rivalry-low-grandmas-couchpurple\/","title":{"rendered":"Unheardof x adidas Rivalry Low &#8218;Grandma&#8217;s Couch &#8211; Purple&#8216;"},"content":{"rendered":"<p>G\u00f6nn dir den behaglichen Komfort der Unheardof x adidas Rivalry Low \u201eGrandma\u201d\u2122s Couch\u201c-Sneaker. Mit ihrem weichen, lilafarbenen Kunstfellbezug wecken diese Schuhe die nostalgische Erinnerung an das Einkuscheln in dein Lieblingssofa. Die Silhouette im Vintage-Stil und die verspielten Grafiken sorgen f\u00fcr einen einzigartigen und auff\u00e4lligen Look. Dank der weichen und st\u00fctzenden Boost-D\u00e4mpfung f\u00fchlst du dich bei jedem Schritt wie auf Wolken. Ob du nun durch die Stra\u00dfen ziehst oder es dir zu Hause gem\u00fctlich machst \u201d\u201c diese Sneaker bringen einen Hauch von Verspieltheit und Komfort in deinen Tag.<\/p>\n<ul>\n<li><strong>Farbgebung:<\/strong> Lila\/Leuchtendes Rot\/Off-White<\/li>\n<li><strong>Artikelnummer:<\/strong> IG8452<\/li>\n<li><strong>Obermaterial:<\/strong> Leder<\/li>\n<li><strong>Farbe:<\/strong> Lila<\/li>\n<li><strong>Erscheinungsjahr:<\/strong> 2023<\/li>\n<\/ul>\n","protected":false},"excerpt":{"rendered":"<p>adidas Rivalry Low \u201d\u201d Purple Tint\/Bright Red\/Off White<\/p>\n","protected":false},"featured_media":166366,"comment_status":"open","ping_status":"closed","template":"","meta":[],"product_brand":[],"product_cat":[10760,41273],"product_tag":[10759,10749,10750,10753,10754,10777,10756],"class_list":{"0":"post-166365","1":"product","2":"type-product","3":"status-publish","4":"has-post-thumbnail","6":"product_cat-adidas","7":"product_cat-remove","8":"product_tag-adidas","9":"product_tag-adidas-skateboarding-shoes","10":"product_tag-athleisure-shoes","11":"product_tag-gift-for-him","12":"product_tag-lifestyle-casual-shoes","13":"product_tag-lifestyle-shoes-basketball-inspired","14":"product_tag-retro-casual-shoes","15":"wcpa_has_options","17":"first","18":"instock","19":"taxable","20":"shipping-taxable","21":"purchasable","22":"product-type-simple"},"wcpa_form_fields":{"rules":{"pric_overide_base_price":false,"pric_overide_base_price_if_gt_zero":false,"pric_overide_base_price_fully":false,"pric_cal_option_once":false,"pric_use_as_fee":false,"bind_quantity":false,"quantity_bind_formula":false},"fields":[{"type":"color-group","required":true,"elementId":"wcpa-color-group-66c4a7f817afe","label":"Gr\u00f6\u00dfe","inline":true,"priceOptions":"different_for_all","pricingType":"fixed","className":"hassizechart product-shoes-size-eu product-shoes-size","name":"color-group-66c4a7f817b18","disp_type":"square","selection_type":"tick-border","disp_size":"50","show_label_inside":true,"adjust_width":true,"cart_display_type":"text","other_text":"Other","cl_rule":"show","col":6,"values":[{"label":"35","value":"EU 35","price":"","pimage":"","pimage_id":"","pthumb":"","color":""},{"label":"35.5","value":"EU 35.5","price":"","pimage":"","pimage_id":"","pthumb":"","color":""},{"label":"36","value":"EU 36","price":"","pimage":"","pimage_id":"","pthumb":"","color":"","selected":true},{"label":"36 2\/3","value":"EU 36 2\/3","price":"","pimage":"","pimage_id":"","pthumb":"","color":""},{"label":"37 1\/3","value":"EU 37 1\/3","price":"","pimage":"","pimage_id":"","pthumb":"","color":""},{"label":"38","value":"EU 38","price":"","pimage":"","pimage_id":"","pthumb":"","color":""},{"label":"38 2\/3","value":"EU 38 2\/3","price":"","pimage":"","pimage_id":"","pthumb":"","color":""},{"label":"39 1\/3","value":"EU 39 1\/3","price":"","pimage":"","pimage_id":"","pthumb":"","color":""},{"label":"40","value":"EU 40","price":"","pimage":"","pimage_id":"","pthumb":"","color":""},{"label":"40 2\/3","value":"EU 40 2\/3","price":"","pimage":"","pimage_id":"","pthumb":"","color":""},{"label":"41 1\/3","value":"EU 41 1\/3","price":"","pimage":"","pimage_id":"","pthumb":"","color":""},{"label":"42","value":"EU 42","price":"","pimage":"","pimage_id":"","pthumb":"","color":""},{"label":"42 2\/3","value":"EU 42 2\/3","price":"","pimage":"","pimage_id":"","pthumb":"","color":""},{"label":"43 1\/3","value":"EU 43 1\/3","price":"","pimage":"","pimage_id":"","pthumb":"","color":""},{"label":"44","value":"EU 44","price":"","pimage":"","pimage_id":"","pthumb":"","color":""},{"label":"44 2\/3","value":"EU 44 2\/3","price":"","pimage":"","pimage_id":"","pthumb":"","color":""},{"label":"45 1\/3","value":"EU 45 1\/3","price":"","pimage":"","pimage_id":"","pthumb":"","color":""},{"label":"46","value":"EU 46","price":"","pimage":"","pimage_id":"","pthumb":"","color":""},{"label":"46 2\/3","value":"EU 46 2\/3","price":"","pimage":"","pimage_id":"","pthumb":"","color":""},{"label":"47 1\/3","value":"EU 47 1\/3","price":"","pimage":"","pimage_id":"","pthumb":"","color":""}],"relations":[{"operator":false,"rules":[]}],"form_id":24802,"form_rules":{"pric_cal_option_once":false,"exclude_from_discount":false,"pric_use_as_fee":false,"fee_label":"Fee","render_after_acb":false,"disp_hide_options_price":false}}]},"yoast_head":"<!-- This site is optimized with the Yoast SEO plugin v26.5 - https:\/\/yoast.com\/wordpress\/plugins\/seo\/ -->\n<title>Unheardof x adidas Rivalry Low &#039;Grandma&#039;s Couch - Purple&#039;  - Loftrunway<\/title>\n<meta name=\"robots\" content=\"index, follow, max-snippet:-1, max-image-preview:large, max-video-preview:-1\" \/>\n<link rel=\"canonical\" href=\"https:\/\/loftrunway.com\/de\/products\/unheardof-x-adidas-rivalry-low-grandmas-couchpurple\/\" \/>\n<meta property=\"og:locale\" content=\"de_DE\" \/>\n<meta property=\"og:type\" content=\"article\" \/>\n<meta property=\"og:title\" content=\"Unheardof x adidas Rivalry Low &#039;Grandma&#039;s Couch - Purple&#039;  - Loftrunway\" \/>\n<meta property=\"og:description\" content=\"adidas Rivalry Low \u201d\u201d Purple Tint\/Bright Red\/Off White\" \/>\n<meta property=\"og:url\" content=\"https:\/\/loftrunway.com\/de\/products\/unheardof-x-adidas-rivalry-low-grandmas-couchpurple\/\" \/>\n<meta property=\"og:site_name\" content=\"loftRUN Sneaker Store\" \/>\n<meta property=\"article:modified_time\" content=\"2026-04-02T08:09:20+00:00\" \/>\n<meta name=\"twitter:card\" content=\"summary_large_image\" \/>\n<meta name=\"twitter:image\" content=\"https:\/\/images.novelship.com\/product\/unheardof_x_adidas_rivalry_low__grandma_s_couch____0_97515.jpeg\" \/>\n<meta name=\"twitter:label1\" content=\"Gesch\u00e4tzte Lesezeit\" \/>\n\t<meta name=\"twitter:data1\" content=\"1\u00a0Minute\" \/>\n<script type=\"application\/ld+json\" class=\"yoast-schema-graph\">{\"@context\":\"https:\/\/schema.org\",\"@graph\":[{\"@type\":\"WebPage\",\"@id\":\"https:\/\/loftrunway.com\/de\/products\/unheardof-x-adidas-rivalry-low-grandmas-couchpurple\/\",\"url\":\"https:\/\/loftrunway.com\/de\/products\/unheardof-x-adidas-rivalry-low-grandmas-couchpurple\/\",\"name\":\"Unheardof x adidas Rivalry Low 'Grandma's Couch - Purple' - Loftrunway\",\"isPartOf\":{\"@id\":\"https:\/\/loftrunway.com\/de\/#website\"},\"primaryImageOfPage\":{\"@id\":\"https:\/\/loftrunway.com\/de\/products\/unheardof-x-adidas-rivalry-low-grandmas-couchpurple\/#primaryimage\"},\"image\":{\"@id\":\"https:\/\/loftrunway.com\/de\/products\/unheardof-x-adidas-rivalry-low-grandmas-couchpurple\/#primaryimage\"},\"thumbnailUrl\":\"https:\/\/images.novelship.com\/product\/unheardof_x_adidas_rivalry_low__grandma_s_couch____0_97515.jpeg\",\"datePublished\":\"2026-03-02T09:15:07+00:00\",\"dateModified\":\"2026-04-02T08:09:20+00:00\",\"breadcrumb\":{\"@id\":\"https:\/\/loftrunway.com\/de\/products\/unheardof-x-adidas-rivalry-low-grandmas-couchpurple\/#breadcrumb\"},\"inLanguage\":\"de\",\"potentialAction\":[{\"@type\":\"ReadAction\",\"target\":[\"https:\/\/loftrunway.com\/de\/products\/unheardof-x-adidas-rivalry-low-grandmas-couchpurple\/\"]}]},{\"@type\":\"ImageObject\",\"inLanguage\":\"de\",\"@id\":\"https:\/\/loftrunway.com\/de\/products\/unheardof-x-adidas-rivalry-low-grandmas-couchpurple\/#primaryimage\",\"url\":\"https:\/\/images.novelship.com\/product\/unheardof_x_adidas_rivalry_low__grandma_s_couch____0_97515.jpeg\",\"contentUrl\":\"https:\/\/images.novelship.com\/product\/unheardof_x_adidas_rivalry_low__grandma_s_couch____0_97515.jpeg\"},{\"@type\":\"BreadcrumbList\",\"@id\":\"https:\/\/loftrunway.com\/de\/products\/unheardof-x-adidas-rivalry-low-grandmas-couchpurple\/#breadcrumb\",\"itemListElement\":[{\"@type\":\"ListItem\",\"position\":1,\"name\":\"Home\",\"item\":\"https:\/\/loftrunway.com\/de\/\"},{\"@type\":\"ListItem\",\"position\":2,\"name\":\"Shop\",\"item\":\"https:\/\/loftrunway.com\/de\/shop\/\"},{\"@type\":\"ListItem\",\"position\":3,\"name\":\"Unheardof x adidas Rivalry Low &#8218;Grandma&#8217;s Couch &#8211; Purple&#8216;\"}]},{\"@type\":\"WebSite\",\"@id\":\"https:\/\/loftrunway.com\/de\/#website\",\"url\":\"https:\/\/loftrunway.com\/de\/\",\"name\":\"Styloral Jewelry Shop\",\"description\":\"Der Ort, an dem man alle Arten von Sneakern findet\",\"publisher\":{\"@id\":\"https:\/\/loftrunway.com\/de\/#organization\"},\"potentialAction\":[{\"@type\":\"SearchAction\",\"target\":{\"@type\":\"EntryPoint\",\"urlTemplate\":\"https:\/\/loftrunway.com\/de\/?s={search_term_string}\"},\"query-input\":{\"@type\":\"PropertyValueSpecification\",\"valueRequired\":true,\"valueName\":\"search_term_string\"}}],\"inLanguage\":\"de\"},{\"@type\":\"Organization\",\"@id\":\"https:\/\/loftrunway.com\/de\/#organization\",\"name\":\"STYLORAL PTE. LTD\",\"url\":\"https:\/\/loftrunway.com\/de\/\",\"logo\":{\"@type\":\"ImageObject\",\"inLanguage\":\"de\",\"@id\":\"https:\/\/loftrunway.com\/de\/#\/schema\/logo\/image\/\",\"url\":\"https:\/\/www.loftrunway.com\/wp-content\/uploads\/2025\/12\/logo.png\",\"contentUrl\":\"https:\/\/www.loftrunway.com\/wp-content\/uploads\/2025\/12\/logo.png\",\"width\":200,\"height\":65,\"caption\":\"STYLORAL PTE. LTD\"},\"image\":{\"@id\":\"https:\/\/loftrunway.com\/de\/#\/schema\/logo\/image\/\"}}]}<\/script>\n<!-- \/ Yoast SEO plugin. -->","yoast_head_json":{"title":"Unheardof x adidas Rivalry Low 'Grandma's Couch - Purple'  - Loftrunway","robots":{"index":"index","follow":"follow","max-snippet":"max-snippet:-1","max-image-preview":"max-image-preview:large","max-video-preview":"max-video-preview:-1"},"canonical":"https:\/\/loftrunway.com\/de\/products\/unheardof-x-adidas-rivalry-low-grandmas-couchpurple\/","og_locale":"de_DE","og_type":"article","og_title":"Unheardof x adidas Rivalry Low 'Grandma's Couch - Purple'  - Loftrunway","og_description":"adidas Rivalry Low \u201d\u201d Purple Tint\/Bright Red\/Off White","og_url":"https:\/\/loftrunway.com\/de\/products\/unheardof-x-adidas-rivalry-low-grandmas-couchpurple\/","og_site_name":"loftRUN Sneaker Store","article_modified_time":"2026-04-02T08:09:20+00:00","twitter_card":"summary_large_image","twitter_image":"https:\/\/images.novelship.com\/product\/unheardof_x_adidas_rivalry_low__grandma_s_couch____0_97515.jpeg","twitter_misc":{"Gesch\u00e4tzte Lesezeit":"1\u00a0Minute"},"schema":{"@context":"https:\/\/schema.org","@graph":[{"@type":"WebPage","@id":"https:\/\/loftrunway.com\/de\/products\/unheardof-x-adidas-rivalry-low-grandmas-couchpurple\/","url":"https:\/\/loftrunway.com\/de\/products\/unheardof-x-adidas-rivalry-low-grandmas-couchpurple\/","name":"Unheardof x adidas Rivalry Low 'Grandma's Couch - Purple' - Loftrunway","isPartOf":{"@id":"https:\/\/loftrunway.com\/de\/#website"},"primaryImageOfPage":{"@id":"https:\/\/loftrunway.com\/de\/products\/unheardof-x-adidas-rivalry-low-grandmas-couchpurple\/#primaryimage"},"image":{"@id":"https:\/\/loftrunway.com\/de\/products\/unheardof-x-adidas-rivalry-low-grandmas-couchpurple\/#primaryimage"},"thumbnailUrl":"https:\/\/images.novelship.com\/product\/unheardof_x_adidas_rivalry_low__grandma_s_couch____0_97515.jpeg","datePublished":"2026-03-02T09:15:07+00:00","dateModified":"2026-04-02T08:09:20+00:00","breadcrumb":{"@id":"https:\/\/loftrunway.com\/de\/products\/unheardof-x-adidas-rivalry-low-grandmas-couchpurple\/#breadcrumb"},"inLanguage":"de","potentialAction":[{"@type":"ReadAction","target":["https:\/\/loftrunway.com\/de\/products\/unheardof-x-adidas-rivalry-low-grandmas-couchpurple\/"]}]},{"@type":"ImageObject","inLanguage":"de","@id":"https:\/\/loftrunway.com\/de\/products\/unheardof-x-adidas-rivalry-low-grandmas-couchpurple\/#primaryimage","url":"https:\/\/images.novelship.com\/product\/unheardof_x_adidas_rivalry_low__grandma_s_couch____0_97515.jpeg","contentUrl":"https:\/\/images.novelship.com\/product\/unheardof_x_adidas_rivalry_low__grandma_s_couch____0_97515.jpeg"},{"@type":"BreadcrumbList","@id":"https:\/\/loftrunway.com\/de\/products\/unheardof-x-adidas-rivalry-low-grandmas-couchpurple\/#breadcrumb","itemListElement":[{"@type":"ListItem","position":1,"name":"Home","item":"https:\/\/loftrunway.com\/de\/"},{"@type":"ListItem","position":2,"name":"Shop","item":"https:\/\/loftrunway.com\/de\/shop\/"},{"@type":"ListItem","position":3,"name":"Unheardof x adidas Rivalry Low &#8218;Grandma&#8217;s Couch &#8211; Purple&#8216;"}]},{"@type":"WebSite","@id":"https:\/\/loftrunway.com\/de\/#website","url":"https:\/\/loftrunway.com\/de\/","name":"Styloral Jewelry Shop","description":"Der Ort, an dem man alle Arten von Sneakern findet","publisher":{"@id":"https:\/\/loftrunway.com\/de\/#organization"},"potentialAction":[{"@type":"SearchAction","target":{"@type":"EntryPoint","urlTemplate":"https:\/\/loftrunway.com\/de\/?s={search_term_string}"},"query-input":{"@type":"PropertyValueSpecification","valueRequired":true,"valueName":"search_term_string"}}],"inLanguage":"de"},{"@type":"Organization","@id":"https:\/\/loftrunway.com\/de\/#organization","name":"STYLORAL PTE. LTD","url":"https:\/\/loftrunway.com\/de\/","logo":{"@type":"ImageObject","inLanguage":"de","@id":"https:\/\/loftrunway.com\/de\/#\/schema\/logo\/image\/","url":"https:\/\/www.loftrunway.com\/wp-content\/uploads\/2025\/12\/logo.png","contentUrl":"https:\/\/www.loftrunway.com\/wp-content\/uploads\/2025\/12\/logo.png","width":200,"height":65,"caption":"STYLORAL PTE. LTD"},"image":{"@id":"https:\/\/loftrunway.com\/de\/#\/schema\/logo\/image\/"}}]}},"_links":{"self":[{"href":"https:\/\/loftrunway.com\/de\/wp-json\/wp\/v2\/product\/166365","targetHints":{"allow":["GET"]}}],"collection":[{"href":"https:\/\/loftrunway.com\/de\/wp-json\/wp\/v2\/product"}],"about":[{"href":"https:\/\/loftrunway.com\/de\/wp-json\/wp\/v2\/types\/product"}],"replies":[{"embeddable":true,"href":"https:\/\/loftrunway.com\/de\/wp-json\/wp\/v2\/comments?post=166365"}],"wp:featuredmedia":[{"embeddable":true,"href":"https:\/\/loftrunway.com\/de\/wp-json\/wp\/v2\/media\/166366"}],"wp:attachment":[{"href":"https:\/\/loftrunway.com\/de\/wp-json\/wp\/v2\/media?parent=166365"}],"wp:term":[{"taxonomy":"product_brand","embeddable":true,"href":"https:\/\/loftrunway.com\/de\/wp-json\/wp\/v2\/product_brand?post=166365"},{"taxonomy":"product_cat","embeddable":true,"href":"https:\/\/loftrunway.com\/de\/wp-json\/wp\/v2\/product_cat?post=166365"},{"taxonomy":"product_tag","embeddable":true,"href":"https:\/\/loftrunway.com\/de\/wp-json\/wp\/v2\/product_tag?post=166365"}],"curies":[{"name":"wp","href":"https:\/\/api.w.org\/{rel}","templated":true}]}}