{"id":166699,"date":"2026-03-02T16:15:39","date_gmt":"2026-03-02T09:15:39","guid":{"rendered":"http:\/\/loftrunway.com\/product\/women-isamaya-ffrench-x-nike-air-max-dn-light-chocolate"},"modified":"2026-04-02T15:09:34","modified_gmt":"2026-04-02T08:09:34","slug":"women-isamaya-ffrench-x-nike-air-max-dn-light-chocolate","status":"publish","type":"product","link":"https:\/\/loftrunway.com\/de\/products\/women-isamaya-ffrench-x-nike-air-max-dn-light-chocolate\/","title":{"rendered":"(Women) Isamaya Ffrench x Nike Air Max DN &#8218;Light Chocolate&#8216;"},"content":{"rendered":"<p>Erleben Sie unvergleichlichen Stil und Komfort mit dem Isamaya Ffrench x Nike Air Max DN \u201eLight Chocolate\u201c, einer modernen Ikone, die mit eleganter Raffinesse neu interpretiert wurde. Diese exklusive Version, die in Zusammenarbeit mit dem renommierten K\u00fcnstler Isamaya Ffrench entworfen wurde, vereint ausdrucksstarken k\u00fcnstlerischen Stil mit der legend\u00e4ren Air Max DNA von Nike.<\/p>\n<p>Die Farbgebung \u201eLight Chocolate\u201c besticht durch eine vielseitige und zugleich markante \u00c4sthetik. Warme Erdt\u00f6ne werden mit dezenten Akzenten kombiniert und ergeben so einen einzigartigen Look. Hochwertige Materialien und meisterhafte Verarbeitung garantieren Langlebigkeit und ein luxuri\u00f6ses Tragegef\u00fchl, w\u00e4hrend die ikonische Air-Sohle f\u00fcr unvergleichliche D\u00e4mpfung den ganzen Tag \u00fcber sorgt. Dieser Sneaker ist perfekt f\u00fcr l\u00e4ssige Outfits und ausdrucksstarke Looks geeignet und definiert die Verbindung von Performance und High Fashion neu.<\/p>\n<p>Mit seinem avantgardistischen Design und seiner globalen Anziehungskraft schl\u00e4gt der Isamaya Ffrench x Nike Air Max DN die Br\u00fccke zwischen Sportswear und tragbarer Kunst und ist damit ein Must-have f\u00fcr Trendsetter und Sammler. Verleihe deinem Sneaker-Style mit einem Paar, das Kreativit\u00e4t, Innovation und zeitlosen Stil in einem atemberaubenden Gesamtpaket vereint, das gewisse Extra.<\/p>\n<ul>\n<li><strong>Farbgebung:<\/strong> Hellbraun\/Samtbraun\/Dunkelpony<\/li>\n<li><strong>Style-Code:<\/strong> HQ3837-200<\/li>\n<li><strong>Obermaterial:<\/strong> Mesh<\/li>\n<li><strong>Zwischensohle:<\/strong> Air<\/li>\n<li><strong>Farbe:<\/strong> Braun<\/li>\n<li><strong>Erscheinungsjahr:<\/strong> 2024<\/li>\n<\/ul>\n","protected":false},"excerpt":{"rendered":"<p>Nike Air Max DN \u201d\u201d Light Chocolate\/Velvet Brown\/Dark Pony<\/p>\n","protected":false},"featured_media":166700,"comment_status":"open","ping_status":"closed","template":"","meta":[],"product_brand":[],"product_cat":[10809,41273],"product_tag":[10750,10754,10765,10801,10785,10786,10758],"class_list":{"0":"post-166699","1":"product","2":"type-product","3":"status-publish","4":"has-post-thumbnail","6":"product_cat-nike-women","7":"product_cat-remove","8":"product_tag-athleisure-shoes","9":"product_tag-lifestyle-casual-shoes","10":"product_tag-lifestyle-shoes-running-inspired","11":"product_tag-nike","12":"product_tag-trending-deals","13":"product_tag-trending-deals-under-150","14":"product_tag-under-retail","15":"wcpa_has_options","17":"first","18":"instock","19":"taxable","20":"shipping-taxable","21":"purchasable","22":"product-type-simple"},"wcpa_form_fields":{"rules":{"pric_overide_base_price":false,"pric_overide_base_price_if_gt_zero":false,"pric_overide_base_price_fully":false,"pric_cal_option_once":false,"pric_use_as_fee":false,"bind_quantity":false,"quantity_bind_formula":false},"fields":[{"type":"color-group","required":true,"elementId":"wcpa-color-group-66c4a75505e74","label":"Gr\u00f6\u00dfe - EU Gr\u00f6\u00dfe","inline":true,"priceOptions":"different_for_all","pricingType":"fixed","className":"hassizechart product-shoes-size-eu product-shoes-size","name":"color-group-66c4a75505e89","disp_type":"square","selection_type":"tick-border","disp_size":"44","show_label_inside":true,"adjust_width":true,"cart_display_type":"text","other_text":"Other","cl_rule":"show","col":6,"values":[{"label":"35.5","value":"EU 35.5","price":"","pimage":"","pimage_id":"","pthumb":"","color":""},{"label":"36","value":"EU 36","price":"","pimage":"","pimage_id":"","pthumb":"","color":"","selected":true},{"label":"36.5","value":"EU 36.5","price":"","pimage":"","pimage_id":"","pthumb":"","color":""},{"label":"37.5","value":"EU 37.5","price":"","pimage":"","pimage_id":"","pthumb":"","color":""},{"label":"38","value":"EU 38","price":"","pimage":"","pimage_id":"","pthumb":"","color":""},{"label":"38.5","value":"EU 38.5","price":"","pimage":"","pimage_id":"","pthumb":"","color":""},{"label":"39","value":"EU 39","price":"","pimage":"","pimage_id":"","pthumb":"","color":""},{"label":"40","value":"EU 40","price":"","pimage":"","pimage_id":"","pthumb":"","color":""},{"label":"40.5","value":"EU 40.5","price":"","pimage":"","pimage_id":"","pthumb":"","color":""},{"label":"41","value":"EU 41","price":"","pimage":"","pimage_id":"","pthumb":"","color":""},{"label":"42","value":"EU 42","price":"","pimage":"","pimage_id":"","pthumb":"","color":""},{"label":"42.5","value":"EU 42.5","price":"","pimage":"","pimage_id":"","pthumb":"","color":""},{"label":"43","value":"EU 43","price":"","pimage":"","pimage_id":"","pthumb":"","color":""},{"label":"44","value":"EU 44","price":"","pimage":"","pimage_id":"","pthumb":"","color":""},{"label":"44.5","value":"EU 44.5","price":"","pimage":"","pimage_id":"","pthumb":"","color":""},{"label":"45","value":"EU 45","price":"","pimage":"","pimage_id":"","pthumb":"","color":""},{"label":"45.5","value":"EU 45.5","price":"","pimage":"","pimage_id":"","pthumb":"","color":""},{"label":"46","value":"EU 46","price":"","pimage":"","pimage_id":"","pthumb":"","color":""},{"label":"47","value":"EU 47","price":"","pimage":"","pimage_id":"","pthumb":"","color":""},{"label":"47.5","value":"EU 47.5","price":"","pimage":"","pimage_id":"","pthumb":"","color":""},{"label":"48","value":"EU 48","price":"","pimage":"","pimage_id":"","pthumb":"","color":""}],"relations":[{"operator":false,"rules":[]}],"form_id":18106,"form_rules":{"pric_cal_option_once":false,"exclude_from_discount":false,"pric_use_as_fee":false,"fee_label":"Fee","render_after_acb":false,"disp_hide_options_price":false}}]},"yoast_head":"<!-- This site is optimized with the Yoast SEO plugin v26.5 - https:\/\/yoast.com\/wordpress\/plugins\/seo\/ -->\n<title>(Women) Isamaya Ffrench x Nike Air Max DN &#039;Light Chocolate&#039;  - Loftrunway<\/title>\n<meta name=\"robots\" content=\"index, follow, max-snippet:-1, max-image-preview:large, max-video-preview:-1\" \/>\n<link rel=\"canonical\" href=\"https:\/\/loftrunway.com\/de\/products\/women-isamaya-ffrench-x-nike-air-max-dn-light-chocolate\/\" \/>\n<meta property=\"og:locale\" content=\"de_DE\" \/>\n<meta property=\"og:type\" content=\"article\" \/>\n<meta property=\"og:title\" content=\"(Women) Isamaya Ffrench x Nike Air Max DN &#039;Light Chocolate&#039;  - Loftrunway\" \/>\n<meta property=\"og:description\" content=\"Nike Air Max DN \u201d\u201d Light Chocolate\/Velvet Brown\/Dark Pony\" \/>\n<meta property=\"og:url\" content=\"https:\/\/loftrunway.com\/de\/products\/women-isamaya-ffrench-x-nike-air-max-dn-light-chocolate\/\" \/>\n<meta property=\"og:site_name\" content=\"loftRUN Sneaker Store\" \/>\n<meta property=\"article:modified_time\" content=\"2026-04-02T08:09:34+00:00\" \/>\n<meta name=\"twitter:card\" content=\"summary_large_image\" \/>\n<meta name=\"twitter:image\" content=\"https:\/\/images.novelship.com\/product\/_women__isamaya_ffrench_x_nike_air_max_dn__light_c_0_46390.jpeg\" \/>\n<meta name=\"twitter:label1\" content=\"Gesch\u00e4tzte Lesezeit\" \/>\n\t<meta name=\"twitter:data1\" content=\"1\u00a0Minute\" \/>\n<script type=\"application\/ld+json\" class=\"yoast-schema-graph\">{\"@context\":\"https:\/\/schema.org\",\"@graph\":[{\"@type\":\"WebPage\",\"@id\":\"https:\/\/loftrunway.com\/de\/products\/women-isamaya-ffrench-x-nike-air-max-dn-light-chocolate\/\",\"url\":\"https:\/\/loftrunway.com\/de\/products\/women-isamaya-ffrench-x-nike-air-max-dn-light-chocolate\/\",\"name\":\"(Women) Isamaya Ffrench x Nike Air Max DN 'Light Chocolate' - Loftrunway\",\"isPartOf\":{\"@id\":\"https:\/\/loftrunway.com\/de\/#website\"},\"primaryImageOfPage\":{\"@id\":\"https:\/\/loftrunway.com\/de\/products\/women-isamaya-ffrench-x-nike-air-max-dn-light-chocolate\/#primaryimage\"},\"image\":{\"@id\":\"https:\/\/loftrunway.com\/de\/products\/women-isamaya-ffrench-x-nike-air-max-dn-light-chocolate\/#primaryimage\"},\"thumbnailUrl\":\"https:\/\/images.novelship.com\/product\/_women__isamaya_ffrench_x_nike_air_max_dn__light_c_0_46390.jpeg\",\"datePublished\":\"2026-03-02T09:15:39+00:00\",\"dateModified\":\"2026-04-02T08:09:34+00:00\",\"breadcrumb\":{\"@id\":\"https:\/\/loftrunway.com\/de\/products\/women-isamaya-ffrench-x-nike-air-max-dn-light-chocolate\/#breadcrumb\"},\"inLanguage\":\"de\",\"potentialAction\":[{\"@type\":\"ReadAction\",\"target\":[\"https:\/\/loftrunway.com\/de\/products\/women-isamaya-ffrench-x-nike-air-max-dn-light-chocolate\/\"]}]},{\"@type\":\"ImageObject\",\"inLanguage\":\"de\",\"@id\":\"https:\/\/loftrunway.com\/de\/products\/women-isamaya-ffrench-x-nike-air-max-dn-light-chocolate\/#primaryimage\",\"url\":\"https:\/\/images.novelship.com\/product\/_women__isamaya_ffrench_x_nike_air_max_dn__light_c_0_46390.jpeg\",\"contentUrl\":\"https:\/\/images.novelship.com\/product\/_women__isamaya_ffrench_x_nike_air_max_dn__light_c_0_46390.jpeg\"},{\"@type\":\"BreadcrumbList\",\"@id\":\"https:\/\/loftrunway.com\/de\/products\/women-isamaya-ffrench-x-nike-air-max-dn-light-chocolate\/#breadcrumb\",\"itemListElement\":[{\"@type\":\"ListItem\",\"position\":1,\"name\":\"Home\",\"item\":\"https:\/\/loftrunway.com\/de\/\"},{\"@type\":\"ListItem\",\"position\":2,\"name\":\"Shop\",\"item\":\"https:\/\/loftrunway.com\/de\/shop\/\"},{\"@type\":\"ListItem\",\"position\":3,\"name\":\"(Women) Isamaya Ffrench x Nike Air Max DN &#8218;Light Chocolate&#8216;\"}]},{\"@type\":\"WebSite\",\"@id\":\"https:\/\/loftrunway.com\/de\/#website\",\"url\":\"https:\/\/loftrunway.com\/de\/\",\"name\":\"Styloral Jewelry Shop\",\"description\":\"Der Ort, an dem man alle Arten von Sneakern findet\",\"publisher\":{\"@id\":\"https:\/\/loftrunway.com\/de\/#organization\"},\"potentialAction\":[{\"@type\":\"SearchAction\",\"target\":{\"@type\":\"EntryPoint\",\"urlTemplate\":\"https:\/\/loftrunway.com\/de\/?s={search_term_string}\"},\"query-input\":{\"@type\":\"PropertyValueSpecification\",\"valueRequired\":true,\"valueName\":\"search_term_string\"}}],\"inLanguage\":\"de\"},{\"@type\":\"Organization\",\"@id\":\"https:\/\/loftrunway.com\/de\/#organization\",\"name\":\"STYLORAL PTE. LTD\",\"url\":\"https:\/\/loftrunway.com\/de\/\",\"logo\":{\"@type\":\"ImageObject\",\"inLanguage\":\"de\",\"@id\":\"https:\/\/loftrunway.com\/de\/#\/schema\/logo\/image\/\",\"url\":\"https:\/\/www.loftrunway.com\/wp-content\/uploads\/2025\/12\/logo.png\",\"contentUrl\":\"https:\/\/www.loftrunway.com\/wp-content\/uploads\/2025\/12\/logo.png\",\"width\":200,\"height\":65,\"caption\":\"STYLORAL PTE. LTD\"},\"image\":{\"@id\":\"https:\/\/loftrunway.com\/de\/#\/schema\/logo\/image\/\"}}]}<\/script>\n<!-- \/ Yoast SEO plugin. -->","yoast_head_json":{"title":"(Women) Isamaya Ffrench x Nike Air Max DN 'Light Chocolate'  - Loftrunway","robots":{"index":"index","follow":"follow","max-snippet":"max-snippet:-1","max-image-preview":"max-image-preview:large","max-video-preview":"max-video-preview:-1"},"canonical":"https:\/\/loftrunway.com\/de\/products\/women-isamaya-ffrench-x-nike-air-max-dn-light-chocolate\/","og_locale":"de_DE","og_type":"article","og_title":"(Women) Isamaya Ffrench x Nike Air Max DN 'Light Chocolate'  - Loftrunway","og_description":"Nike Air Max DN \u201d\u201d Light Chocolate\/Velvet Brown\/Dark Pony","og_url":"https:\/\/loftrunway.com\/de\/products\/women-isamaya-ffrench-x-nike-air-max-dn-light-chocolate\/","og_site_name":"loftRUN Sneaker Store","article_modified_time":"2026-04-02T08:09:34+00:00","twitter_card":"summary_large_image","twitter_image":"https:\/\/images.novelship.com\/product\/_women__isamaya_ffrench_x_nike_air_max_dn__light_c_0_46390.jpeg","twitter_misc":{"Gesch\u00e4tzte Lesezeit":"1\u00a0Minute"},"schema":{"@context":"https:\/\/schema.org","@graph":[{"@type":"WebPage","@id":"https:\/\/loftrunway.com\/de\/products\/women-isamaya-ffrench-x-nike-air-max-dn-light-chocolate\/","url":"https:\/\/loftrunway.com\/de\/products\/women-isamaya-ffrench-x-nike-air-max-dn-light-chocolate\/","name":"(Women) Isamaya Ffrench x Nike Air Max DN 'Light Chocolate' - Loftrunway","isPartOf":{"@id":"https:\/\/loftrunway.com\/de\/#website"},"primaryImageOfPage":{"@id":"https:\/\/loftrunway.com\/de\/products\/women-isamaya-ffrench-x-nike-air-max-dn-light-chocolate\/#primaryimage"},"image":{"@id":"https:\/\/loftrunway.com\/de\/products\/women-isamaya-ffrench-x-nike-air-max-dn-light-chocolate\/#primaryimage"},"thumbnailUrl":"https:\/\/images.novelship.com\/product\/_women__isamaya_ffrench_x_nike_air_max_dn__light_c_0_46390.jpeg","datePublished":"2026-03-02T09:15:39+00:00","dateModified":"2026-04-02T08:09:34+00:00","breadcrumb":{"@id":"https:\/\/loftrunway.com\/de\/products\/women-isamaya-ffrench-x-nike-air-max-dn-light-chocolate\/#breadcrumb"},"inLanguage":"de","potentialAction":[{"@type":"ReadAction","target":["https:\/\/loftrunway.com\/de\/products\/women-isamaya-ffrench-x-nike-air-max-dn-light-chocolate\/"]}]},{"@type":"ImageObject","inLanguage":"de","@id":"https:\/\/loftrunway.com\/de\/products\/women-isamaya-ffrench-x-nike-air-max-dn-light-chocolate\/#primaryimage","url":"https:\/\/images.novelship.com\/product\/_women__isamaya_ffrench_x_nike_air_max_dn__light_c_0_46390.jpeg","contentUrl":"https:\/\/images.novelship.com\/product\/_women__isamaya_ffrench_x_nike_air_max_dn__light_c_0_46390.jpeg"},{"@type":"BreadcrumbList","@id":"https:\/\/loftrunway.com\/de\/products\/women-isamaya-ffrench-x-nike-air-max-dn-light-chocolate\/#breadcrumb","itemListElement":[{"@type":"ListItem","position":1,"name":"Home","item":"https:\/\/loftrunway.com\/de\/"},{"@type":"ListItem","position":2,"name":"Shop","item":"https:\/\/loftrunway.com\/de\/shop\/"},{"@type":"ListItem","position":3,"name":"(Women) Isamaya Ffrench x Nike Air Max DN &#8218;Light Chocolate&#8216;"}]},{"@type":"WebSite","@id":"https:\/\/loftrunway.com\/de\/#website","url":"https:\/\/loftrunway.com\/de\/","name":"Styloral Jewelry Shop","description":"Der Ort, an dem man alle Arten von Sneakern findet","publisher":{"@id":"https:\/\/loftrunway.com\/de\/#organization"},"potentialAction":[{"@type":"SearchAction","target":{"@type":"EntryPoint","urlTemplate":"https:\/\/loftrunway.com\/de\/?s={search_term_string}"},"query-input":{"@type":"PropertyValueSpecification","valueRequired":true,"valueName":"search_term_string"}}],"inLanguage":"de"},{"@type":"Organization","@id":"https:\/\/loftrunway.com\/de\/#organization","name":"STYLORAL PTE. LTD","url":"https:\/\/loftrunway.com\/de\/","logo":{"@type":"ImageObject","inLanguage":"de","@id":"https:\/\/loftrunway.com\/de\/#\/schema\/logo\/image\/","url":"https:\/\/www.loftrunway.com\/wp-content\/uploads\/2025\/12\/logo.png","contentUrl":"https:\/\/www.loftrunway.com\/wp-content\/uploads\/2025\/12\/logo.png","width":200,"height":65,"caption":"STYLORAL PTE. LTD"},"image":{"@id":"https:\/\/loftrunway.com\/de\/#\/schema\/logo\/image\/"}}]}},"_links":{"self":[{"href":"https:\/\/loftrunway.com\/de\/wp-json\/wp\/v2\/product\/166699","targetHints":{"allow":["GET"]}}],"collection":[{"href":"https:\/\/loftrunway.com\/de\/wp-json\/wp\/v2\/product"}],"about":[{"href":"https:\/\/loftrunway.com\/de\/wp-json\/wp\/v2\/types\/product"}],"replies":[{"embeddable":true,"href":"https:\/\/loftrunway.com\/de\/wp-json\/wp\/v2\/comments?post=166699"}],"wp:featuredmedia":[{"embeddable":true,"href":"https:\/\/loftrunway.com\/de\/wp-json\/wp\/v2\/media\/166700"}],"wp:attachment":[{"href":"https:\/\/loftrunway.com\/de\/wp-json\/wp\/v2\/media?parent=166699"}],"wp:term":[{"taxonomy":"product_brand","embeddable":true,"href":"https:\/\/loftrunway.com\/de\/wp-json\/wp\/v2\/product_brand?post=166699"},{"taxonomy":"product_cat","embeddable":true,"href":"https:\/\/loftrunway.com\/de\/wp-json\/wp\/v2\/product_cat?post=166699"},{"taxonomy":"product_tag","embeddable":true,"href":"https:\/\/loftrunway.com\/de\/wp-json\/wp\/v2\/product_tag?post=166699"}],"curies":[{"name":"wp","href":"https:\/\/api.w.org\/{rel}","templated":true}]}}