{"id":168440,"date":"2026-03-02T16:18:07","date_gmt":"2026-03-02T09:18:07","guid":{"rendered":"http:\/\/loftrunway.com\/product\/alexia-putellas-x-nike-phantom-6-low-elite-fg-bright-crimson-black"},"modified":"2026-04-02T15:10:46","modified_gmt":"2026-04-02T08:10:46","slug":"alexia-putellas-x-nike-phantom-6-low-elite-fg-bright-crimson-black","status":"publish","type":"product","link":"https:\/\/loftrunway.com\/de\/products\/alexia-putellas-x-nike-phantom-6-low-elite-fg-bright-crimson-black\/","title":{"rendered":"Alexia Putellas x Nike Phantom 6 Low Elite FG &#8218;Bright Crimson Black&#8216;"},"content":{"rendered":"<p>Erlebe unvergleichliche Pr\u00e4zision und Kontrolle auf dem Platz mit dem Nike Phantom 6 Low Elite FG Alexia Putellas IB5141-600 \u201d\u201c entwickelt f\u00fcr Spieler, die das Spiel wie ein Profi dominieren. Dieser Elite-Fu\u00dfballschuh, der mit modernster Technologie und dem Stil von Alexia Putellas inspiriert wurde, bietet explosive Geschwindigkeit, pr\u00e4zises Ballhandling und \u00fcberragende Traktion auf festen B\u00f6den. Seine leichte Konstruktion und das asymmetrische Schn\u00fcrsystem vergr\u00f6\u00dfern die Schussfl\u00e4che und sorgen so f\u00fcr optimale Ballplatzierung und kraftvolle Sch\u00fcsse. Das Flyknit-Obermaterial schmiegt sich wie eine zweite Haut an deinen Fu\u00df, w\u00e4hrend strukturierte Bereiche Grip und Ballgef\u00fchl verbessern und dir in jeder Situation volle Kontrolle geben. Strategisch platzierte Stollen erm\u00f6glichen maximale Agilit\u00e4t und Stabilit\u00e4t und machen schnelle Richtungswechsel und scharfe Drehungen m\u00fchelos. Das markante, moderne Design und die lebendigen Akzente unterstreichen dein Engagement f\u00fcr Exzellenz und sind eine Hommage an eine der gr\u00f6\u00dften Fu\u00dfballspielerinnen aller Zeiten. Steigere deine Leistung und dominiere das Spiel mit der ultimativen Kombination aus Stil und Funktionalit\u00e4t \u201d\u201c perfekt f\u00fcr Profis und ambitionierte Spieler.<\/p>\n<ul>\n<li><strong>Farbgebung:<\/strong> Leuchtendes Karmesinrot\/Schwarz<\/li>\n<li><strong>Artikelnummer:<\/strong> IB5141-600<\/li>\n<li><strong>Obermaterial:<\/strong> Mesh<\/li>\n<li><strong>Farbe:<\/strong> Rot<\/li>\n<li><strong>Erscheinungsjahr:<\/strong> 2026<\/li>\n<\/ul>\n","protected":false},"excerpt":{"rendered":"<p>Nike Phantom 6 Low Elite FG \u201d\u201d Bright Crimson\/Black<\/p>\n","protected":false},"featured_media":168441,"comment_status":"open","ping_status":"closed","template":"","meta":[],"product_brand":[],"product_cat":[10803,41273],"product_tag":[11173,10778,10801,10802,10987],"class_list":{"0":"post-168440","1":"product","2":"type-product","3":"status-publish","4":"has-post-thumbnail","6":"product_cat-nike","7":"product_cat-remove","8":"product_tag-firm-ground-fg-football-boots","9":"product_tag-new-release","10":"product_tag-nike","11":"product_tag-performance-sport-shoes","12":"product_tag-soccer-shoes-football-cleats","13":"wcpa_has_options","15":"first","16":"instock","17":"taxable","18":"shipping-taxable","19":"purchasable","20":"product-type-simple"},"wcpa_form_fields":{"rules":{"pric_overide_base_price":false,"pric_overide_base_price_if_gt_zero":false,"pric_overide_base_price_fully":false,"pric_cal_option_once":false,"pric_use_as_fee":false,"bind_quantity":false,"quantity_bind_formula":false},"fields":[{"type":"color-group","required":true,"elementId":"wcpa-color-group-66c4a75505e74","label":"Gr\u00f6\u00dfe - EU Gr\u00f6\u00dfe","inline":true,"priceOptions":"different_for_all","pricingType":"fixed","className":"hassizechart product-shoes-size-eu product-shoes-size","name":"color-group-66c4a75505e89","disp_type":"square","selection_type":"tick-border","disp_size":"44","show_label_inside":true,"adjust_width":true,"cart_display_type":"text","other_text":"Other","cl_rule":"show","col":6,"values":[{"label":"35.5","value":"EU 35.5","price":"","pimage":"","pimage_id":"","pthumb":"","color":""},{"label":"36","value":"EU 36","price":"","pimage":"","pimage_id":"","pthumb":"","color":"","selected":true},{"label":"36.5","value":"EU 36.5","price":"","pimage":"","pimage_id":"","pthumb":"","color":""},{"label":"37.5","value":"EU 37.5","price":"","pimage":"","pimage_id":"","pthumb":"","color":""},{"label":"38","value":"EU 38","price":"","pimage":"","pimage_id":"","pthumb":"","color":""},{"label":"38.5","value":"EU 38.5","price":"","pimage":"","pimage_id":"","pthumb":"","color":""},{"label":"39","value":"EU 39","price":"","pimage":"","pimage_id":"","pthumb":"","color":""},{"label":"40","value":"EU 40","price":"","pimage":"","pimage_id":"","pthumb":"","color":""},{"label":"40.5","value":"EU 40.5","price":"","pimage":"","pimage_id":"","pthumb":"","color":""},{"label":"41","value":"EU 41","price":"","pimage":"","pimage_id":"","pthumb":"","color":""},{"label":"42","value":"EU 42","price":"","pimage":"","pimage_id":"","pthumb":"","color":""},{"label":"42.5","value":"EU 42.5","price":"","pimage":"","pimage_id":"","pthumb":"","color":""},{"label":"43","value":"EU 43","price":"","pimage":"","pimage_id":"","pthumb":"","color":""},{"label":"44","value":"EU 44","price":"","pimage":"","pimage_id":"","pthumb":"","color":""},{"label":"44.5","value":"EU 44.5","price":"","pimage":"","pimage_id":"","pthumb":"","color":""},{"label":"45","value":"EU 45","price":"","pimage":"","pimage_id":"","pthumb":"","color":""},{"label":"45.5","value":"EU 45.5","price":"","pimage":"","pimage_id":"","pthumb":"","color":""},{"label":"46","value":"EU 46","price":"","pimage":"","pimage_id":"","pthumb":"","color":""},{"label":"47","value":"EU 47","price":"","pimage":"","pimage_id":"","pthumb":"","color":""},{"label":"47.5","value":"EU 47.5","price":"","pimage":"","pimage_id":"","pthumb":"","color":""},{"label":"48","value":"EU 48","price":"","pimage":"","pimage_id":"","pthumb":"","color":""}],"relations":[{"operator":false,"rules":[]}],"form_id":18106,"form_rules":{"pric_cal_option_once":false,"exclude_from_discount":false,"pric_use_as_fee":false,"fee_label":"Fee","render_after_acb":false,"disp_hide_options_price":false}}]},"yoast_head":"<!-- This site is optimized with the Yoast SEO plugin v26.5 - https:\/\/yoast.com\/wordpress\/plugins\/seo\/ -->\n<title>Alexia Putellas x Nike Phantom 6 Low Elite FG &#039;Bright Crimson Black&#039;  - Loftrunway<\/title>\n<meta name=\"robots\" content=\"index, follow, max-snippet:-1, max-image-preview:large, max-video-preview:-1\" \/>\n<link rel=\"canonical\" href=\"https:\/\/loftrunway.com\/de\/products\/alexia-putellas-x-nike-phantom-6-low-elite-fg-bright-crimson-black\/\" \/>\n<meta property=\"og:locale\" content=\"de_DE\" \/>\n<meta property=\"og:type\" content=\"article\" \/>\n<meta property=\"og:title\" content=\"Alexia Putellas x Nike Phantom 6 Low Elite FG &#039;Bright Crimson Black&#039;  - Loftrunway\" \/>\n<meta property=\"og:description\" content=\"Nike Phantom 6 Low Elite FG \u201d\u201d Bright Crimson\/Black\" \/>\n<meta property=\"og:url\" content=\"https:\/\/loftrunway.com\/de\/products\/alexia-putellas-x-nike-phantom-6-low-elite-fg-bright-crimson-black\/\" \/>\n<meta property=\"og:site_name\" content=\"loftRUN Sneaker Store\" \/>\n<meta property=\"article:modified_time\" content=\"2026-04-02T08:10:46+00:00\" \/>\n<meta name=\"twitter:card\" content=\"summary_large_image\" \/>\n<meta name=\"twitter:image\" content=\"https:\/\/images.novelship.com\/product\/nike_phantom_6_low_elite_fg_alexia_putellas_ib5141_0_60080.jpeg\" \/>\n<meta name=\"twitter:label1\" content=\"Gesch\u00e4tzte Lesezeit\" \/>\n\t<meta name=\"twitter:data1\" content=\"1\u00a0Minute\" \/>\n<script type=\"application\/ld+json\" class=\"yoast-schema-graph\">{\"@context\":\"https:\/\/schema.org\",\"@graph\":[{\"@type\":\"WebPage\",\"@id\":\"https:\/\/loftrunway.com\/de\/products\/alexia-putellas-x-nike-phantom-6-low-elite-fg-bright-crimson-black\/\",\"url\":\"https:\/\/loftrunway.com\/de\/products\/alexia-putellas-x-nike-phantom-6-low-elite-fg-bright-crimson-black\/\",\"name\":\"Alexia Putellas x Nike Phantom 6 Low Elite FG 'Bright Crimson Black' - Loftrunway\",\"isPartOf\":{\"@id\":\"https:\/\/loftrunway.com\/de\/#website\"},\"primaryImageOfPage\":{\"@id\":\"https:\/\/loftrunway.com\/de\/products\/alexia-putellas-x-nike-phantom-6-low-elite-fg-bright-crimson-black\/#primaryimage\"},\"image\":{\"@id\":\"https:\/\/loftrunway.com\/de\/products\/alexia-putellas-x-nike-phantom-6-low-elite-fg-bright-crimson-black\/#primaryimage\"},\"thumbnailUrl\":\"https:\/\/images.novelship.com\/product\/nike_phantom_6_low_elite_fg_alexia_putellas_ib5141_0_60080.jpeg\",\"datePublished\":\"2026-03-02T09:18:07+00:00\",\"dateModified\":\"2026-04-02T08:10:46+00:00\",\"breadcrumb\":{\"@id\":\"https:\/\/loftrunway.com\/de\/products\/alexia-putellas-x-nike-phantom-6-low-elite-fg-bright-crimson-black\/#breadcrumb\"},\"inLanguage\":\"de\",\"potentialAction\":[{\"@type\":\"ReadAction\",\"target\":[\"https:\/\/loftrunway.com\/de\/products\/alexia-putellas-x-nike-phantom-6-low-elite-fg-bright-crimson-black\/\"]}]},{\"@type\":\"ImageObject\",\"inLanguage\":\"de\",\"@id\":\"https:\/\/loftrunway.com\/de\/products\/alexia-putellas-x-nike-phantom-6-low-elite-fg-bright-crimson-black\/#primaryimage\",\"url\":\"https:\/\/images.novelship.com\/product\/nike_phantom_6_low_elite_fg_alexia_putellas_ib5141_0_60080.jpeg\",\"contentUrl\":\"https:\/\/images.novelship.com\/product\/nike_phantom_6_low_elite_fg_alexia_putellas_ib5141_0_60080.jpeg\"},{\"@type\":\"BreadcrumbList\",\"@id\":\"https:\/\/loftrunway.com\/de\/products\/alexia-putellas-x-nike-phantom-6-low-elite-fg-bright-crimson-black\/#breadcrumb\",\"itemListElement\":[{\"@type\":\"ListItem\",\"position\":1,\"name\":\"Home\",\"item\":\"https:\/\/loftrunway.com\/de\/\"},{\"@type\":\"ListItem\",\"position\":2,\"name\":\"Shop\",\"item\":\"https:\/\/loftrunway.com\/de\/shop\/\"},{\"@type\":\"ListItem\",\"position\":3,\"name\":\"Alexia Putellas x Nike Phantom 6 Low Elite FG &#8218;Bright Crimson Black&#8216;\"}]},{\"@type\":\"WebSite\",\"@id\":\"https:\/\/loftrunway.com\/de\/#website\",\"url\":\"https:\/\/loftrunway.com\/de\/\",\"name\":\"Styloral Jewelry Shop\",\"description\":\"Der Ort, an dem man alle Arten von Sneakern findet\",\"publisher\":{\"@id\":\"https:\/\/loftrunway.com\/de\/#organization\"},\"potentialAction\":[{\"@type\":\"SearchAction\",\"target\":{\"@type\":\"EntryPoint\",\"urlTemplate\":\"https:\/\/loftrunway.com\/de\/?s={search_term_string}\"},\"query-input\":{\"@type\":\"PropertyValueSpecification\",\"valueRequired\":true,\"valueName\":\"search_term_string\"}}],\"inLanguage\":\"de\"},{\"@type\":\"Organization\",\"@id\":\"https:\/\/loftrunway.com\/de\/#organization\",\"name\":\"STYLORAL PTE. LTD\",\"url\":\"https:\/\/loftrunway.com\/de\/\",\"logo\":{\"@type\":\"ImageObject\",\"inLanguage\":\"de\",\"@id\":\"https:\/\/loftrunway.com\/de\/#\/schema\/logo\/image\/\",\"url\":\"https:\/\/www.loftrunway.com\/wp-content\/uploads\/2025\/12\/logo.png\",\"contentUrl\":\"https:\/\/www.loftrunway.com\/wp-content\/uploads\/2025\/12\/logo.png\",\"width\":200,\"height\":65,\"caption\":\"STYLORAL PTE. LTD\"},\"image\":{\"@id\":\"https:\/\/loftrunway.com\/de\/#\/schema\/logo\/image\/\"}}]}<\/script>\n<!-- \/ Yoast SEO plugin. -->","yoast_head_json":{"title":"Alexia Putellas x Nike Phantom 6 Low Elite FG 'Bright Crimson Black'  - Loftrunway","robots":{"index":"index","follow":"follow","max-snippet":"max-snippet:-1","max-image-preview":"max-image-preview:large","max-video-preview":"max-video-preview:-1"},"canonical":"https:\/\/loftrunway.com\/de\/products\/alexia-putellas-x-nike-phantom-6-low-elite-fg-bright-crimson-black\/","og_locale":"de_DE","og_type":"article","og_title":"Alexia Putellas x Nike Phantom 6 Low Elite FG 'Bright Crimson Black'  - Loftrunway","og_description":"Nike Phantom 6 Low Elite FG \u201d\u201d Bright Crimson\/Black","og_url":"https:\/\/loftrunway.com\/de\/products\/alexia-putellas-x-nike-phantom-6-low-elite-fg-bright-crimson-black\/","og_site_name":"loftRUN Sneaker Store","article_modified_time":"2026-04-02T08:10:46+00:00","twitter_card":"summary_large_image","twitter_image":"https:\/\/images.novelship.com\/product\/nike_phantom_6_low_elite_fg_alexia_putellas_ib5141_0_60080.jpeg","twitter_misc":{"Gesch\u00e4tzte Lesezeit":"1\u00a0Minute"},"schema":{"@context":"https:\/\/schema.org","@graph":[{"@type":"WebPage","@id":"https:\/\/loftrunway.com\/de\/products\/alexia-putellas-x-nike-phantom-6-low-elite-fg-bright-crimson-black\/","url":"https:\/\/loftrunway.com\/de\/products\/alexia-putellas-x-nike-phantom-6-low-elite-fg-bright-crimson-black\/","name":"Alexia Putellas x Nike Phantom 6 Low Elite FG 'Bright Crimson Black' - Loftrunway","isPartOf":{"@id":"https:\/\/loftrunway.com\/de\/#website"},"primaryImageOfPage":{"@id":"https:\/\/loftrunway.com\/de\/products\/alexia-putellas-x-nike-phantom-6-low-elite-fg-bright-crimson-black\/#primaryimage"},"image":{"@id":"https:\/\/loftrunway.com\/de\/products\/alexia-putellas-x-nike-phantom-6-low-elite-fg-bright-crimson-black\/#primaryimage"},"thumbnailUrl":"https:\/\/images.novelship.com\/product\/nike_phantom_6_low_elite_fg_alexia_putellas_ib5141_0_60080.jpeg","datePublished":"2026-03-02T09:18:07+00:00","dateModified":"2026-04-02T08:10:46+00:00","breadcrumb":{"@id":"https:\/\/loftrunway.com\/de\/products\/alexia-putellas-x-nike-phantom-6-low-elite-fg-bright-crimson-black\/#breadcrumb"},"inLanguage":"de","potentialAction":[{"@type":"ReadAction","target":["https:\/\/loftrunway.com\/de\/products\/alexia-putellas-x-nike-phantom-6-low-elite-fg-bright-crimson-black\/"]}]},{"@type":"ImageObject","inLanguage":"de","@id":"https:\/\/loftrunway.com\/de\/products\/alexia-putellas-x-nike-phantom-6-low-elite-fg-bright-crimson-black\/#primaryimage","url":"https:\/\/images.novelship.com\/product\/nike_phantom_6_low_elite_fg_alexia_putellas_ib5141_0_60080.jpeg","contentUrl":"https:\/\/images.novelship.com\/product\/nike_phantom_6_low_elite_fg_alexia_putellas_ib5141_0_60080.jpeg"},{"@type":"BreadcrumbList","@id":"https:\/\/loftrunway.com\/de\/products\/alexia-putellas-x-nike-phantom-6-low-elite-fg-bright-crimson-black\/#breadcrumb","itemListElement":[{"@type":"ListItem","position":1,"name":"Home","item":"https:\/\/loftrunway.com\/de\/"},{"@type":"ListItem","position":2,"name":"Shop","item":"https:\/\/loftrunway.com\/de\/shop\/"},{"@type":"ListItem","position":3,"name":"Alexia Putellas x Nike Phantom 6 Low Elite FG &#8218;Bright Crimson Black&#8216;"}]},{"@type":"WebSite","@id":"https:\/\/loftrunway.com\/de\/#website","url":"https:\/\/loftrunway.com\/de\/","name":"Styloral Jewelry Shop","description":"Der Ort, an dem man alle Arten von Sneakern findet","publisher":{"@id":"https:\/\/loftrunway.com\/de\/#organization"},"potentialAction":[{"@type":"SearchAction","target":{"@type":"EntryPoint","urlTemplate":"https:\/\/loftrunway.com\/de\/?s={search_term_string}"},"query-input":{"@type":"PropertyValueSpecification","valueRequired":true,"valueName":"search_term_string"}}],"inLanguage":"de"},{"@type":"Organization","@id":"https:\/\/loftrunway.com\/de\/#organization","name":"STYLORAL PTE. LTD","url":"https:\/\/loftrunway.com\/de\/","logo":{"@type":"ImageObject","inLanguage":"de","@id":"https:\/\/loftrunway.com\/de\/#\/schema\/logo\/image\/","url":"https:\/\/www.loftrunway.com\/wp-content\/uploads\/2025\/12\/logo.png","contentUrl":"https:\/\/www.loftrunway.com\/wp-content\/uploads\/2025\/12\/logo.png","width":200,"height":65,"caption":"STYLORAL PTE. LTD"},"image":{"@id":"https:\/\/loftrunway.com\/de\/#\/schema\/logo\/image\/"}}]}},"_links":{"self":[{"href":"https:\/\/loftrunway.com\/de\/wp-json\/wp\/v2\/product\/168440","targetHints":{"allow":["GET"]}}],"collection":[{"href":"https:\/\/loftrunway.com\/de\/wp-json\/wp\/v2\/product"}],"about":[{"href":"https:\/\/loftrunway.com\/de\/wp-json\/wp\/v2\/types\/product"}],"replies":[{"embeddable":true,"href":"https:\/\/loftrunway.com\/de\/wp-json\/wp\/v2\/comments?post=168440"}],"wp:featuredmedia":[{"embeddable":true,"href":"https:\/\/loftrunway.com\/de\/wp-json\/wp\/v2\/media\/168441"}],"wp:attachment":[{"href":"https:\/\/loftrunway.com\/de\/wp-json\/wp\/v2\/media?parent=168440"}],"wp:term":[{"taxonomy":"product_brand","embeddable":true,"href":"https:\/\/loftrunway.com\/de\/wp-json\/wp\/v2\/product_brand?post=168440"},{"taxonomy":"product_cat","embeddable":true,"href":"https:\/\/loftrunway.com\/de\/wp-json\/wp\/v2\/product_cat?post=168440"},{"taxonomy":"product_tag","embeddable":true,"href":"https:\/\/loftrunway.com\/de\/wp-json\/wp\/v2\/product_tag?post=168440"}],"curies":[{"name":"wp","href":"https:\/\/api.w.org\/{rel}","templated":true}]}}