{"id":16924,"date":"2026-02-20T15:08:12","date_gmt":"2026-02-20T08:08:12","guid":{"rendered":"http:\/\/loftrunway.com\/product\/nike-c1ty-premium-cordura-cacao-wow-light-british-tan-light-british-tan-cacao-wow-hj4316-202"},"modified":"2026-04-02T14:21:46","modified_gmt":"2026-04-02T07:21:46","slug":"nike-c1ty-premium-cordura-cacao-wow-light-british-tan-light-british-tan-cacao-wow-hj4316-202","status":"publish","type":"product","link":"https:\/\/loftrunway.com\/de\/products\/nike-c1ty-premium-cordura-cacao-wow-light-british-tan-light-british-tan-cacao-wow-hj4316-202\/","title":{"rendered":"Nike C1TY Premium CORDURA &#8218;Cacao Wow\/Light British Tan\/Light British Tan\/Cacao Wow&#8216;"},"content":{"rendered":"<p>Verleihe deinem urbanen Style mit den Nike C1TY Premium Cordura\u00ae Sneakers das gewisse Extra. Diese Sneakers aus strapazierf\u00e4higem Cordura\u00ae-Material bestechen durch ihre lebendige Farbkombination aus Cocoa Wow und Light British Tan und garantieren einen schicken und robusten Look. Sie sind wie geschaffen f\u00fcr urbane Abenteurer und bieten unvergleichlichen Komfort, Vielseitigkeit und ein modernes Flair. Perfekt, um die Stadt zu erkunden und gleichzeitig ein modisches Statement zu setzen. Erlebe die perfekte Fusion von Funktionalit\u00e4t und Style mit diesem globalen Sneaker-Trendsetter. Mit dem Nike C1TY Premium bist du immer selbstbewusst unterwegs.<\/p>\n<ul>\n<li><strong>Farbgebung:<\/strong> Cocoa Wow\/Light British Tan\/Light British Tan\/Cocoa Wow<\/li>\n<li><strong>Style-Code:<\/strong> HJ4316-202<\/li>\n<li><strong>Obermaterial:<\/strong> Wildleder<\/li>\n<li><strong>Farbe:<\/strong> Braun<\/li>\n<\/ul>\n","protected":false},"excerpt":{"rendered":"<p>Nike C1TY Premium \u2014 Cocoa Wow\/Light British Tan\/Light British Tan\/Cocoa Wow<\/p>\n","protected":false},"featured_media":16925,"comment_status":"open","ping_status":"closed","template":"","meta":[],"product_brand":[],"product_cat":[6654,41273],"product_tag":[],"class_list":{"0":"post-16924","1":"product","2":"type-product","3":"status-publish","4":"has-post-thumbnail","6":"product_cat-nike-2026","7":"product_cat-remove","8":"wcpa_has_options","10":"first","11":"instock","12":"taxable","13":"shipping-taxable","14":"purchasable","15":"product-type-simple"},"wcpa_form_fields":{"rules":{"pric_overide_base_price":false,"pric_overide_base_price_if_gt_zero":false,"pric_overide_base_price_fully":false,"pric_cal_option_once":false,"pric_use_as_fee":false,"bind_quantity":false,"quantity_bind_formula":false},"fields":[{"type":"color-group","required":true,"elementId":"wcpa-color-group-66c4a75505e74","label":"Gr\u00f6\u00dfe - EU Gr\u00f6\u00dfe","inline":true,"priceOptions":"different_for_all","pricingType":"fixed","className":"hassizechart product-shoes-size-eu product-shoes-size","name":"color-group-66c4a75505e89","disp_type":"square","selection_type":"tick-border","disp_size":"44","show_label_inside":true,"adjust_width":true,"cart_display_type":"text","other_text":"Other","cl_rule":"show","col":6,"values":[{"label":"35.5","value":"EU 35.5","price":"","pimage":"","pimage_id":"","pthumb":"","color":""},{"label":"36","value":"EU 36","price":"","pimage":"","pimage_id":"","pthumb":"","color":"","selected":true},{"label":"36.5","value":"EU 36.5","price":"","pimage":"","pimage_id":"","pthumb":"","color":""},{"label":"37.5","value":"EU 37.5","price":"","pimage":"","pimage_id":"","pthumb":"","color":""},{"label":"38","value":"EU 38","price":"","pimage":"","pimage_id":"","pthumb":"","color":""},{"label":"38.5","value":"EU 38.5","price":"","pimage":"","pimage_id":"","pthumb":"","color":""},{"label":"39","value":"EU 39","price":"","pimage":"","pimage_id":"","pthumb":"","color":""},{"label":"40","value":"EU 40","price":"","pimage":"","pimage_id":"","pthumb":"","color":""},{"label":"40.5","value":"EU 40.5","price":"","pimage":"","pimage_id":"","pthumb":"","color":""},{"label":"41","value":"EU 41","price":"","pimage":"","pimage_id":"","pthumb":"","color":""},{"label":"42","value":"EU 42","price":"","pimage":"","pimage_id":"","pthumb":"","color":""},{"label":"42.5","value":"EU 42.5","price":"","pimage":"","pimage_id":"","pthumb":"","color":""},{"label":"43","value":"EU 43","price":"","pimage":"","pimage_id":"","pthumb":"","color":""},{"label":"44","value":"EU 44","price":"","pimage":"","pimage_id":"","pthumb":"","color":""},{"label":"44.5","value":"EU 44.5","price":"","pimage":"","pimage_id":"","pthumb":"","color":""},{"label":"45","value":"EU 45","price":"","pimage":"","pimage_id":"","pthumb":"","color":""},{"label":"45.5","value":"EU 45.5","price":"","pimage":"","pimage_id":"","pthumb":"","color":""},{"label":"46","value":"EU 46","price":"","pimage":"","pimage_id":"","pthumb":"","color":""},{"label":"47","value":"EU 47","price":"","pimage":"","pimage_id":"","pthumb":"","color":""},{"label":"47.5","value":"EU 47.5","price":"","pimage":"","pimage_id":"","pthumb":"","color":""},{"label":"48","value":"EU 48","price":"","pimage":"","pimage_id":"","pthumb":"","color":""}],"relations":[{"operator":false,"rules":[]}],"form_id":18106,"form_rules":{"pric_cal_option_once":false,"exclude_from_discount":false,"pric_use_as_fee":false,"fee_label":"Fee","render_after_acb":false,"disp_hide_options_price":false}}]},"yoast_head":"<!-- This site is optimized with the Yoast SEO plugin v26.5 - https:\/\/yoast.com\/wordpress\/plugins\/seo\/ -->\n<title>Nike C1TY Premium CORDURA &#039;Cacao Wow\/Light British Tan\/Light British Tan\/Cacao Wow&#039; - Loftrunway<\/title>\n<meta name=\"robots\" content=\"index, follow, max-snippet:-1, max-image-preview:large, max-video-preview:-1\" \/>\n<link rel=\"canonical\" href=\"https:\/\/loftrunway.com\/de\/products\/nike-c1ty-premium-cordura-cacao-wow-light-british-tan-light-british-tan-cacao-wow-hj4316-202\/\" \/>\n<meta property=\"og:locale\" content=\"de_DE\" \/>\n<meta property=\"og:type\" content=\"article\" \/>\n<meta property=\"og:title\" content=\"Nike C1TY Premium CORDURA &#039;Cacao Wow\/Light British Tan\/Light British Tan\/Cacao Wow&#039; - Loftrunway\" \/>\n<meta property=\"og:description\" content=\"Nike C1TY Premium \u2014 Cocoa Wow\/Light British Tan\/Light British Tan\/Cocoa Wow\" \/>\n<meta property=\"og:url\" content=\"https:\/\/loftrunway.com\/de\/products\/nike-c1ty-premium-cordura-cacao-wow-light-british-tan-light-british-tan-cacao-wow-hj4316-202\/\" \/>\n<meta property=\"og:site_name\" content=\"loftRUN Sneaker Store\" \/>\n<meta property=\"article:modified_time\" content=\"2026-04-02T07:21:46+00:00\" \/>\n<meta name=\"twitter:card\" content=\"summary_large_image\" \/>\n<meta name=\"twitter:image\" content=\"https:\/\/images.novelship.com\/product\/nike_c1ty_premium_cordura__cocoa_wow_light_british_0_74439.png\" \/>\n<meta name=\"twitter:label1\" content=\"Gesch\u00e4tzte Lesezeit\" \/>\n\t<meta name=\"twitter:data1\" content=\"1\u00a0Minute\" \/>\n<script type=\"application\/ld+json\" class=\"yoast-schema-graph\">{\"@context\":\"https:\/\/schema.org\",\"@graph\":[{\"@type\":\"WebPage\",\"@id\":\"https:\/\/loftrunway.com\/de\/products\/nike-c1ty-premium-cordura-cacao-wow-light-british-tan-light-british-tan-cacao-wow-hj4316-202\/\",\"url\":\"https:\/\/loftrunway.com\/de\/products\/nike-c1ty-premium-cordura-cacao-wow-light-british-tan-light-british-tan-cacao-wow-hj4316-202\/\",\"name\":\"Nike C1TY Premium CORDURA 'Cacao Wow\/Light British Tan\/Light British Tan\/Cacao Wow' - Loftrunway\",\"isPartOf\":{\"@id\":\"https:\/\/loftrunway.com\/de\/#website\"},\"primaryImageOfPage\":{\"@id\":\"https:\/\/loftrunway.com\/de\/products\/nike-c1ty-premium-cordura-cacao-wow-light-british-tan-light-british-tan-cacao-wow-hj4316-202\/#primaryimage\"},\"image\":{\"@id\":\"https:\/\/loftrunway.com\/de\/products\/nike-c1ty-premium-cordura-cacao-wow-light-british-tan-light-british-tan-cacao-wow-hj4316-202\/#primaryimage\"},\"thumbnailUrl\":\"https:\/\/images.novelship.com\/product\/nike_c1ty_premium_cordura__cocoa_wow_light_british_0_74439.png\",\"datePublished\":\"2026-02-20T08:08:12+00:00\",\"dateModified\":\"2026-04-02T07:21:46+00:00\",\"breadcrumb\":{\"@id\":\"https:\/\/loftrunway.com\/de\/products\/nike-c1ty-premium-cordura-cacao-wow-light-british-tan-light-british-tan-cacao-wow-hj4316-202\/#breadcrumb\"},\"inLanguage\":\"de\",\"potentialAction\":[{\"@type\":\"ReadAction\",\"target\":[\"https:\/\/loftrunway.com\/de\/products\/nike-c1ty-premium-cordura-cacao-wow-light-british-tan-light-british-tan-cacao-wow-hj4316-202\/\"]}]},{\"@type\":\"ImageObject\",\"inLanguage\":\"de\",\"@id\":\"https:\/\/loftrunway.com\/de\/products\/nike-c1ty-premium-cordura-cacao-wow-light-british-tan-light-british-tan-cacao-wow-hj4316-202\/#primaryimage\",\"url\":\"https:\/\/images.novelship.com\/product\/nike_c1ty_premium_cordura__cocoa_wow_light_british_0_74439.png\",\"contentUrl\":\"https:\/\/images.novelship.com\/product\/nike_c1ty_premium_cordura__cocoa_wow_light_british_0_74439.png\"},{\"@type\":\"BreadcrumbList\",\"@id\":\"https:\/\/loftrunway.com\/de\/products\/nike-c1ty-premium-cordura-cacao-wow-light-british-tan-light-british-tan-cacao-wow-hj4316-202\/#breadcrumb\",\"itemListElement\":[{\"@type\":\"ListItem\",\"position\":1,\"name\":\"Home\",\"item\":\"https:\/\/loftrunway.com\/de\/\"},{\"@type\":\"ListItem\",\"position\":2,\"name\":\"Shop\",\"item\":\"https:\/\/loftrunway.com\/de\/shop\/\"},{\"@type\":\"ListItem\",\"position\":3,\"name\":\"Nike C1TY Premium CORDURA &#8218;Cacao Wow\/Light British Tan\/Light British Tan\/Cacao Wow&#8216;\"}]},{\"@type\":\"WebSite\",\"@id\":\"https:\/\/loftrunway.com\/de\/#website\",\"url\":\"https:\/\/loftrunway.com\/de\/\",\"name\":\"Styloral Jewelry Shop\",\"description\":\"Der Ort, an dem man alle Arten von Sneakern findet\",\"publisher\":{\"@id\":\"https:\/\/loftrunway.com\/de\/#organization\"},\"potentialAction\":[{\"@type\":\"SearchAction\",\"target\":{\"@type\":\"EntryPoint\",\"urlTemplate\":\"https:\/\/loftrunway.com\/de\/?s={search_term_string}\"},\"query-input\":{\"@type\":\"PropertyValueSpecification\",\"valueRequired\":true,\"valueName\":\"search_term_string\"}}],\"inLanguage\":\"de\"},{\"@type\":\"Organization\",\"@id\":\"https:\/\/loftrunway.com\/de\/#organization\",\"name\":\"STYLORAL PTE. LTD\",\"url\":\"https:\/\/loftrunway.com\/de\/\",\"logo\":{\"@type\":\"ImageObject\",\"inLanguage\":\"de\",\"@id\":\"https:\/\/loftrunway.com\/de\/#\/schema\/logo\/image\/\",\"url\":\"https:\/\/www.loftrunway.com\/wp-content\/uploads\/2025\/12\/logo.png\",\"contentUrl\":\"https:\/\/www.loftrunway.com\/wp-content\/uploads\/2025\/12\/logo.png\",\"width\":200,\"height\":65,\"caption\":\"STYLORAL PTE. LTD\"},\"image\":{\"@id\":\"https:\/\/loftrunway.com\/de\/#\/schema\/logo\/image\/\"}}]}<\/script>\n<!-- \/ Yoast SEO plugin. -->","yoast_head_json":{"title":"Nike C1TY Premium CORDURA 'Cacao Wow\/Light British Tan\/Light British Tan\/Cacao Wow' - Loftrunway","robots":{"index":"index","follow":"follow","max-snippet":"max-snippet:-1","max-image-preview":"max-image-preview:large","max-video-preview":"max-video-preview:-1"},"canonical":"https:\/\/loftrunway.com\/de\/products\/nike-c1ty-premium-cordura-cacao-wow-light-british-tan-light-british-tan-cacao-wow-hj4316-202\/","og_locale":"de_DE","og_type":"article","og_title":"Nike C1TY Premium CORDURA 'Cacao Wow\/Light British Tan\/Light British Tan\/Cacao Wow' - Loftrunway","og_description":"Nike C1TY Premium \u2014 Cocoa Wow\/Light British Tan\/Light British Tan\/Cocoa Wow","og_url":"https:\/\/loftrunway.com\/de\/products\/nike-c1ty-premium-cordura-cacao-wow-light-british-tan-light-british-tan-cacao-wow-hj4316-202\/","og_site_name":"loftRUN Sneaker Store","article_modified_time":"2026-04-02T07:21:46+00:00","twitter_card":"summary_large_image","twitter_image":"https:\/\/images.novelship.com\/product\/nike_c1ty_premium_cordura__cocoa_wow_light_british_0_74439.png","twitter_misc":{"Gesch\u00e4tzte Lesezeit":"1\u00a0Minute"},"schema":{"@context":"https:\/\/schema.org","@graph":[{"@type":"WebPage","@id":"https:\/\/loftrunway.com\/de\/products\/nike-c1ty-premium-cordura-cacao-wow-light-british-tan-light-british-tan-cacao-wow-hj4316-202\/","url":"https:\/\/loftrunway.com\/de\/products\/nike-c1ty-premium-cordura-cacao-wow-light-british-tan-light-british-tan-cacao-wow-hj4316-202\/","name":"Nike C1TY Premium CORDURA 'Cacao Wow\/Light British Tan\/Light British Tan\/Cacao Wow' - Loftrunway","isPartOf":{"@id":"https:\/\/loftrunway.com\/de\/#website"},"primaryImageOfPage":{"@id":"https:\/\/loftrunway.com\/de\/products\/nike-c1ty-premium-cordura-cacao-wow-light-british-tan-light-british-tan-cacao-wow-hj4316-202\/#primaryimage"},"image":{"@id":"https:\/\/loftrunway.com\/de\/products\/nike-c1ty-premium-cordura-cacao-wow-light-british-tan-light-british-tan-cacao-wow-hj4316-202\/#primaryimage"},"thumbnailUrl":"https:\/\/images.novelship.com\/product\/nike_c1ty_premium_cordura__cocoa_wow_light_british_0_74439.png","datePublished":"2026-02-20T08:08:12+00:00","dateModified":"2026-04-02T07:21:46+00:00","breadcrumb":{"@id":"https:\/\/loftrunway.com\/de\/products\/nike-c1ty-premium-cordura-cacao-wow-light-british-tan-light-british-tan-cacao-wow-hj4316-202\/#breadcrumb"},"inLanguage":"de","potentialAction":[{"@type":"ReadAction","target":["https:\/\/loftrunway.com\/de\/products\/nike-c1ty-premium-cordura-cacao-wow-light-british-tan-light-british-tan-cacao-wow-hj4316-202\/"]}]},{"@type":"ImageObject","inLanguage":"de","@id":"https:\/\/loftrunway.com\/de\/products\/nike-c1ty-premium-cordura-cacao-wow-light-british-tan-light-british-tan-cacao-wow-hj4316-202\/#primaryimage","url":"https:\/\/images.novelship.com\/product\/nike_c1ty_premium_cordura__cocoa_wow_light_british_0_74439.png","contentUrl":"https:\/\/images.novelship.com\/product\/nike_c1ty_premium_cordura__cocoa_wow_light_british_0_74439.png"},{"@type":"BreadcrumbList","@id":"https:\/\/loftrunway.com\/de\/products\/nike-c1ty-premium-cordura-cacao-wow-light-british-tan-light-british-tan-cacao-wow-hj4316-202\/#breadcrumb","itemListElement":[{"@type":"ListItem","position":1,"name":"Home","item":"https:\/\/loftrunway.com\/de\/"},{"@type":"ListItem","position":2,"name":"Shop","item":"https:\/\/loftrunway.com\/de\/shop\/"},{"@type":"ListItem","position":3,"name":"Nike C1TY Premium CORDURA &#8218;Cacao Wow\/Light British Tan\/Light British Tan\/Cacao Wow&#8216;"}]},{"@type":"WebSite","@id":"https:\/\/loftrunway.com\/de\/#website","url":"https:\/\/loftrunway.com\/de\/","name":"Styloral Jewelry Shop","description":"Der Ort, an dem man alle Arten von Sneakern findet","publisher":{"@id":"https:\/\/loftrunway.com\/de\/#organization"},"potentialAction":[{"@type":"SearchAction","target":{"@type":"EntryPoint","urlTemplate":"https:\/\/loftrunway.com\/de\/?s={search_term_string}"},"query-input":{"@type":"PropertyValueSpecification","valueRequired":true,"valueName":"search_term_string"}}],"inLanguage":"de"},{"@type":"Organization","@id":"https:\/\/loftrunway.com\/de\/#organization","name":"STYLORAL PTE. LTD","url":"https:\/\/loftrunway.com\/de\/","logo":{"@type":"ImageObject","inLanguage":"de","@id":"https:\/\/loftrunway.com\/de\/#\/schema\/logo\/image\/","url":"https:\/\/www.loftrunway.com\/wp-content\/uploads\/2025\/12\/logo.png","contentUrl":"https:\/\/www.loftrunway.com\/wp-content\/uploads\/2025\/12\/logo.png","width":200,"height":65,"caption":"STYLORAL PTE. LTD"},"image":{"@id":"https:\/\/loftrunway.com\/de\/#\/schema\/logo\/image\/"}}]}},"_links":{"self":[{"href":"https:\/\/loftrunway.com\/de\/wp-json\/wp\/v2\/product\/16924","targetHints":{"allow":["GET"]}}],"collection":[{"href":"https:\/\/loftrunway.com\/de\/wp-json\/wp\/v2\/product"}],"about":[{"href":"https:\/\/loftrunway.com\/de\/wp-json\/wp\/v2\/types\/product"}],"replies":[{"embeddable":true,"href":"https:\/\/loftrunway.com\/de\/wp-json\/wp\/v2\/comments?post=16924"}],"wp:featuredmedia":[{"embeddable":true,"href":"https:\/\/loftrunway.com\/de\/wp-json\/wp\/v2\/media\/16925"}],"wp:attachment":[{"href":"https:\/\/loftrunway.com\/de\/wp-json\/wp\/v2\/media?parent=16924"}],"wp:term":[{"taxonomy":"product_brand","embeddable":true,"href":"https:\/\/loftrunway.com\/de\/wp-json\/wp\/v2\/product_brand?post=16924"},{"taxonomy":"product_cat","embeddable":true,"href":"https:\/\/loftrunway.com\/de\/wp-json\/wp\/v2\/product_cat?post=16924"},{"taxonomy":"product_tag","embeddable":true,"href":"https:\/\/loftrunway.com\/de\/wp-json\/wp\/v2\/product_tag?post=16924"}],"curies":[{"name":"wp","href":"https:\/\/api.w.org\/{rel}","templated":true}]}}