{"id":169354,"date":"2026-03-02T16:19:29","date_gmt":"2026-03-02T09:19:29","guid":{"rendered":"http:\/\/loftrunway.com\/product\/doaf-x-nike-air-force-1-oregon-pe-egg-or-duck"},"modified":"2026-03-02T16:19:29","modified_gmt":"2026-03-02T09:19:29","slug":"doaf-x-nike-air-force-1-oregon-pe-egg-or-duck","status":"publish","type":"product","link":"https:\/\/loftrunway.com\/de\/products\/doaf-x-nike-air-force-1-oregon-pe-egg-or-duck\/","title":{"rendered":"DOAF x Nike Air Force 1 Oregon PE &#8218;Egg or Duck&#8216;"},"content":{"rendered":"<p>Der DOAF x Nike Air Force 1 Oregon PE \u201eEgg or Duck\u201c IU7613-100 ist eine einzigartige Sneaker-Kollaboration, die erstklassige Verarbeitung mit einem verspielten und zugleich eleganten Design vereint, inspiriert von den ikonischen Themen Oregons. Mit seiner strahlend wei\u00dfen Lederbasis, den leuchtenden Akzenten und den raffinierten Details ist dieser Schuh in limitierter Auflage eine Hommage an die Tradition der Universit\u00e4t und zelebriert gleichzeitig Individualit\u00e4t und Kreativit\u00e4t. Die auff\u00e4lligen Grafiken und exklusiven Farben machen ihn zu einem echten Hingucker f\u00fcr Sneaker-Liebhaber und Sammler. Dank des au\u00dfergew\u00f6hnlichen Tragekomforts und der Langlebigkeit von Nike bietet dieser Air Force 1 die perfekte Kombination aus Funktionalit\u00e4t und Style \u201d\u201c ideal f\u00fcr den Alltag oder als Highlight in jeder wertvollen Sammlung. Dieser Sneaker, der mit seinem au\u00dfergew\u00f6hnlichen Design weltweit Anklang findet, ist die perfekte Wahl f\u00fcr alle, die ein Schuhwerk mit Geschichte suchen.<\/p>\n<ul>\n<li><strong>Farbgebung:<\/strong> Wei\u00df\/Gorge Green\/Green Spark<\/li>\n<li><strong>Style-Code:<\/strong> IU7613-100<\/li>\n<li><strong>Obermaterial:<\/strong> Leder<\/li>\n<li><strong>Zwischensohle:<\/strong> Air<\/li>\n<li><strong>Farbe:<\/strong> Wei\u00df<\/li>\n<li><strong>Designer:<\/strong> Bruce Kilgore<\/li>\n<li><strong>Erscheinungsjahr:<\/strong> 2025<\/li>\n<\/ul>\n","protected":false},"excerpt":{"rendered":"<p>Nike Air Force 1 Oregon PE \u201d\u201d White\/Gorge Green\/Green Spark<\/p>\n","protected":false},"featured_media":169355,"comment_status":"open","ping_status":"closed","template":"","meta":[],"product_brand":[],"product_cat":[10803],"product_tag":[10750,10754,10777,10801,10756],"class_list":{"0":"post-169354","1":"product","2":"type-product","3":"status-publish","4":"has-post-thumbnail","6":"product_cat-nike","7":"product_tag-athleisure-shoes","8":"product_tag-lifestyle-casual-shoes","9":"product_tag-lifestyle-shoes-basketball-inspired","10":"product_tag-nike","11":"product_tag-retro-casual-shoes","12":"wcpa_has_options","14":"first","15":"instock","16":"taxable","17":"shipping-taxable","18":"purchasable","19":"product-type-simple"},"wcpa_form_fields":{"rules":{"pric_overide_base_price":false,"pric_overide_base_price_if_gt_zero":false,"pric_overide_base_price_fully":false,"pric_cal_option_once":false,"pric_use_as_fee":false,"bind_quantity":false,"quantity_bind_formula":false},"fields":[{"type":"color-group","required":true,"elementId":"wcpa-color-group-66c4a75505e74","label":"Gr\u00f6\u00dfe - EU Gr\u00f6\u00dfe","inline":true,"priceOptions":"different_for_all","pricingType":"fixed","className":"hassizechart product-shoes-size-eu product-shoes-size","name":"color-group-66c4a75505e89","disp_type":"square","selection_type":"tick-border","disp_size":"44","show_label_inside":true,"adjust_width":true,"cart_display_type":"text","other_text":"Other","cl_rule":"show","col":6,"values":[{"label":"35.5","value":"EU 35.5","price":"","pimage":"","pimage_id":"","pthumb":"","color":""},{"label":"36","value":"EU 36","price":"","pimage":"","pimage_id":"","pthumb":"","color":"","selected":true},{"label":"36.5","value":"EU 36.5","price":"","pimage":"","pimage_id":"","pthumb":"","color":""},{"label":"37.5","value":"EU 37.5","price":"","pimage":"","pimage_id":"","pthumb":"","color":""},{"label":"38","value":"EU 38","price":"","pimage":"","pimage_id":"","pthumb":"","color":""},{"label":"38.5","value":"EU 38.5","price":"","pimage":"","pimage_id":"","pthumb":"","color":""},{"label":"39","value":"EU 39","price":"","pimage":"","pimage_id":"","pthumb":"","color":""},{"label":"40","value":"EU 40","price":"","pimage":"","pimage_id":"","pthumb":"","color":""},{"label":"40.5","value":"EU 40.5","price":"","pimage":"","pimage_id":"","pthumb":"","color":""},{"label":"41","value":"EU 41","price":"","pimage":"","pimage_id":"","pthumb":"","color":""},{"label":"42","value":"EU 42","price":"","pimage":"","pimage_id":"","pthumb":"","color":""},{"label":"42.5","value":"EU 42.5","price":"","pimage":"","pimage_id":"","pthumb":"","color":""},{"label":"43","value":"EU 43","price":"","pimage":"","pimage_id":"","pthumb":"","color":""},{"label":"44","value":"EU 44","price":"","pimage":"","pimage_id":"","pthumb":"","color":""},{"label":"44.5","value":"EU 44.5","price":"","pimage":"","pimage_id":"","pthumb":"","color":""},{"label":"45","value":"EU 45","price":"","pimage":"","pimage_id":"","pthumb":"","color":""},{"label":"45.5","value":"EU 45.5","price":"","pimage":"","pimage_id":"","pthumb":"","color":""},{"label":"46","value":"EU 46","price":"","pimage":"","pimage_id":"","pthumb":"","color":""},{"label":"47","value":"EU 47","price":"","pimage":"","pimage_id":"","pthumb":"","color":""},{"label":"47.5","value":"EU 47.5","price":"","pimage":"","pimage_id":"","pthumb":"","color":""},{"label":"48","value":"EU 48","price":"","pimage":"","pimage_id":"","pthumb":"","color":""}],"relations":[{"operator":false,"rules":[]}],"form_id":18106,"form_rules":{"pric_cal_option_once":false,"exclude_from_discount":false,"pric_use_as_fee":false,"fee_label":"Fee","render_after_acb":false,"disp_hide_options_price":false}}]},"yoast_head":"<!-- This site is optimized with the Yoast SEO plugin v26.5 - https:\/\/yoast.com\/wordpress\/plugins\/seo\/ -->\n<title>DOAF x Nike Air Force 1 Oregon PE &#039;Egg or Duck&#039;  - Loftrunway<\/title>\n<meta name=\"robots\" content=\"index, follow, max-snippet:-1, max-image-preview:large, max-video-preview:-1\" \/>\n<link rel=\"canonical\" href=\"https:\/\/loftrunway.com\/de\/products\/doaf-x-nike-air-force-1-oregon-pe-egg-or-duck\/\" \/>\n<meta property=\"og:locale\" content=\"de_DE\" \/>\n<meta property=\"og:type\" content=\"article\" \/>\n<meta property=\"og:title\" content=\"DOAF x Nike Air Force 1 Oregon PE &#039;Egg or Duck&#039;  - Loftrunway\" \/>\n<meta property=\"og:description\" content=\"Nike Air Force 1 Oregon PE \u201d\u201d White\/Gorge Green\/Green Spark\" \/>\n<meta property=\"og:url\" content=\"https:\/\/loftrunway.com\/de\/products\/doaf-x-nike-air-force-1-oregon-pe-egg-or-duck\/\" \/>\n<meta property=\"og:site_name\" content=\"loftRUN Sneaker Store\" \/>\n<meta name=\"twitter:card\" content=\"summary_large_image\" \/>\n<meta name=\"twitter:image\" content=\"https:\/\/images.novelship.com\/product\/doaf_x_nike_air_force_1_oregon_pe__egg_or_duck__iu_0_35415.jpeg\" \/>\n<meta name=\"twitter:label1\" content=\"Gesch\u00e4tzte Lesezeit\" \/>\n\t<meta name=\"twitter:data1\" content=\"1\u00a0Minute\" \/>\n<script type=\"application\/ld+json\" class=\"yoast-schema-graph\">{\"@context\":\"https:\/\/schema.org\",\"@graph\":[{\"@type\":\"WebPage\",\"@id\":\"https:\/\/loftrunway.com\/de\/products\/doaf-x-nike-air-force-1-oregon-pe-egg-or-duck\/\",\"url\":\"https:\/\/loftrunway.com\/de\/products\/doaf-x-nike-air-force-1-oregon-pe-egg-or-duck\/\",\"name\":\"DOAF x Nike Air Force 1 Oregon PE 'Egg or Duck' - Loftrunway\",\"isPartOf\":{\"@id\":\"https:\/\/loftrunway.com\/de\/#website\"},\"primaryImageOfPage\":{\"@id\":\"https:\/\/loftrunway.com\/de\/products\/doaf-x-nike-air-force-1-oregon-pe-egg-or-duck\/#primaryimage\"},\"image\":{\"@id\":\"https:\/\/loftrunway.com\/de\/products\/doaf-x-nike-air-force-1-oregon-pe-egg-or-duck\/#primaryimage\"},\"thumbnailUrl\":\"https:\/\/images.novelship.com\/product\/doaf_x_nike_air_force_1_oregon_pe__egg_or_duck__iu_0_35415.jpeg\",\"datePublished\":\"2026-03-02T09:19:29+00:00\",\"breadcrumb\":{\"@id\":\"https:\/\/loftrunway.com\/de\/products\/doaf-x-nike-air-force-1-oregon-pe-egg-or-duck\/#breadcrumb\"},\"inLanguage\":\"de\",\"potentialAction\":[{\"@type\":\"ReadAction\",\"target\":[\"https:\/\/loftrunway.com\/de\/products\/doaf-x-nike-air-force-1-oregon-pe-egg-or-duck\/\"]}]},{\"@type\":\"ImageObject\",\"inLanguage\":\"de\",\"@id\":\"https:\/\/loftrunway.com\/de\/products\/doaf-x-nike-air-force-1-oregon-pe-egg-or-duck\/#primaryimage\",\"url\":\"https:\/\/images.novelship.com\/product\/doaf_x_nike_air_force_1_oregon_pe__egg_or_duck__iu_0_35415.jpeg\",\"contentUrl\":\"https:\/\/images.novelship.com\/product\/doaf_x_nike_air_force_1_oregon_pe__egg_or_duck__iu_0_35415.jpeg\"},{\"@type\":\"BreadcrumbList\",\"@id\":\"https:\/\/loftrunway.com\/de\/products\/doaf-x-nike-air-force-1-oregon-pe-egg-or-duck\/#breadcrumb\",\"itemListElement\":[{\"@type\":\"ListItem\",\"position\":1,\"name\":\"Home\",\"item\":\"https:\/\/loftrunway.com\/de\/\"},{\"@type\":\"ListItem\",\"position\":2,\"name\":\"Shop\",\"item\":\"https:\/\/loftrunway.com\/de\/shop\/\"},{\"@type\":\"ListItem\",\"position\":3,\"name\":\"DOAF x Nike Air Force 1 Oregon PE &#8218;Egg or Duck&#8216;\"}]},{\"@type\":\"WebSite\",\"@id\":\"https:\/\/loftrunway.com\/de\/#website\",\"url\":\"https:\/\/loftrunway.com\/de\/\",\"name\":\"Styloral Jewelry Shop\",\"description\":\"Der Ort, an dem man alle Arten von Sneakern findet\",\"publisher\":{\"@id\":\"https:\/\/loftrunway.com\/de\/#organization\"},\"potentialAction\":[{\"@type\":\"SearchAction\",\"target\":{\"@type\":\"EntryPoint\",\"urlTemplate\":\"https:\/\/loftrunway.com\/de\/?s={search_term_string}\"},\"query-input\":{\"@type\":\"PropertyValueSpecification\",\"valueRequired\":true,\"valueName\":\"search_term_string\"}}],\"inLanguage\":\"de\"},{\"@type\":\"Organization\",\"@id\":\"https:\/\/loftrunway.com\/de\/#organization\",\"name\":\"STYLORAL PTE. LTD\",\"url\":\"https:\/\/loftrunway.com\/de\/\",\"logo\":{\"@type\":\"ImageObject\",\"inLanguage\":\"de\",\"@id\":\"https:\/\/loftrunway.com\/de\/#\/schema\/logo\/image\/\",\"url\":\"https:\/\/www.loftrunway.com\/wp-content\/uploads\/2025\/12\/logo.png\",\"contentUrl\":\"https:\/\/www.loftrunway.com\/wp-content\/uploads\/2025\/12\/logo.png\",\"width\":200,\"height\":65,\"caption\":\"STYLORAL PTE. LTD\"},\"image\":{\"@id\":\"https:\/\/loftrunway.com\/de\/#\/schema\/logo\/image\/\"}}]}<\/script>\n<!-- \/ Yoast SEO plugin. -->","yoast_head_json":{"title":"DOAF x Nike Air Force 1 Oregon PE 'Egg or Duck'  - Loftrunway","robots":{"index":"index","follow":"follow","max-snippet":"max-snippet:-1","max-image-preview":"max-image-preview:large","max-video-preview":"max-video-preview:-1"},"canonical":"https:\/\/loftrunway.com\/de\/products\/doaf-x-nike-air-force-1-oregon-pe-egg-or-duck\/","og_locale":"de_DE","og_type":"article","og_title":"DOAF x Nike Air Force 1 Oregon PE 'Egg or Duck'  - Loftrunway","og_description":"Nike Air Force 1 Oregon PE \u201d\u201d White\/Gorge Green\/Green Spark","og_url":"https:\/\/loftrunway.com\/de\/products\/doaf-x-nike-air-force-1-oregon-pe-egg-or-duck\/","og_site_name":"loftRUN Sneaker Store","twitter_card":"summary_large_image","twitter_image":"https:\/\/images.novelship.com\/product\/doaf_x_nike_air_force_1_oregon_pe__egg_or_duck__iu_0_35415.jpeg","twitter_misc":{"Gesch\u00e4tzte Lesezeit":"1\u00a0Minute"},"schema":{"@context":"https:\/\/schema.org","@graph":[{"@type":"WebPage","@id":"https:\/\/loftrunway.com\/de\/products\/doaf-x-nike-air-force-1-oregon-pe-egg-or-duck\/","url":"https:\/\/loftrunway.com\/de\/products\/doaf-x-nike-air-force-1-oregon-pe-egg-or-duck\/","name":"DOAF x Nike Air Force 1 Oregon PE 'Egg or Duck' - Loftrunway","isPartOf":{"@id":"https:\/\/loftrunway.com\/de\/#website"},"primaryImageOfPage":{"@id":"https:\/\/loftrunway.com\/de\/products\/doaf-x-nike-air-force-1-oregon-pe-egg-or-duck\/#primaryimage"},"image":{"@id":"https:\/\/loftrunway.com\/de\/products\/doaf-x-nike-air-force-1-oregon-pe-egg-or-duck\/#primaryimage"},"thumbnailUrl":"https:\/\/images.novelship.com\/product\/doaf_x_nike_air_force_1_oregon_pe__egg_or_duck__iu_0_35415.jpeg","datePublished":"2026-03-02T09:19:29+00:00","breadcrumb":{"@id":"https:\/\/loftrunway.com\/de\/products\/doaf-x-nike-air-force-1-oregon-pe-egg-or-duck\/#breadcrumb"},"inLanguage":"de","potentialAction":[{"@type":"ReadAction","target":["https:\/\/loftrunway.com\/de\/products\/doaf-x-nike-air-force-1-oregon-pe-egg-or-duck\/"]}]},{"@type":"ImageObject","inLanguage":"de","@id":"https:\/\/loftrunway.com\/de\/products\/doaf-x-nike-air-force-1-oregon-pe-egg-or-duck\/#primaryimage","url":"https:\/\/images.novelship.com\/product\/doaf_x_nike_air_force_1_oregon_pe__egg_or_duck__iu_0_35415.jpeg","contentUrl":"https:\/\/images.novelship.com\/product\/doaf_x_nike_air_force_1_oregon_pe__egg_or_duck__iu_0_35415.jpeg"},{"@type":"BreadcrumbList","@id":"https:\/\/loftrunway.com\/de\/products\/doaf-x-nike-air-force-1-oregon-pe-egg-or-duck\/#breadcrumb","itemListElement":[{"@type":"ListItem","position":1,"name":"Home","item":"https:\/\/loftrunway.com\/de\/"},{"@type":"ListItem","position":2,"name":"Shop","item":"https:\/\/loftrunway.com\/de\/shop\/"},{"@type":"ListItem","position":3,"name":"DOAF x Nike Air Force 1 Oregon PE &#8218;Egg or Duck&#8216;"}]},{"@type":"WebSite","@id":"https:\/\/loftrunway.com\/de\/#website","url":"https:\/\/loftrunway.com\/de\/","name":"Styloral Jewelry Shop","description":"Der Ort, an dem man alle Arten von Sneakern findet","publisher":{"@id":"https:\/\/loftrunway.com\/de\/#organization"},"potentialAction":[{"@type":"SearchAction","target":{"@type":"EntryPoint","urlTemplate":"https:\/\/loftrunway.com\/de\/?s={search_term_string}"},"query-input":{"@type":"PropertyValueSpecification","valueRequired":true,"valueName":"search_term_string"}}],"inLanguage":"de"},{"@type":"Organization","@id":"https:\/\/loftrunway.com\/de\/#organization","name":"STYLORAL PTE. LTD","url":"https:\/\/loftrunway.com\/de\/","logo":{"@type":"ImageObject","inLanguage":"de","@id":"https:\/\/loftrunway.com\/de\/#\/schema\/logo\/image\/","url":"https:\/\/www.loftrunway.com\/wp-content\/uploads\/2025\/12\/logo.png","contentUrl":"https:\/\/www.loftrunway.com\/wp-content\/uploads\/2025\/12\/logo.png","width":200,"height":65,"caption":"STYLORAL PTE. LTD"},"image":{"@id":"https:\/\/loftrunway.com\/de\/#\/schema\/logo\/image\/"}}]}},"_links":{"self":[{"href":"https:\/\/loftrunway.com\/de\/wp-json\/wp\/v2\/product\/169354","targetHints":{"allow":["GET"]}}],"collection":[{"href":"https:\/\/loftrunway.com\/de\/wp-json\/wp\/v2\/product"}],"about":[{"href":"https:\/\/loftrunway.com\/de\/wp-json\/wp\/v2\/types\/product"}],"replies":[{"embeddable":true,"href":"https:\/\/loftrunway.com\/de\/wp-json\/wp\/v2\/comments?post=169354"}],"wp:featuredmedia":[{"embeddable":true,"href":"https:\/\/loftrunway.com\/de\/wp-json\/wp\/v2\/media\/169355"}],"wp:attachment":[{"href":"https:\/\/loftrunway.com\/de\/wp-json\/wp\/v2\/media?parent=169354"}],"wp:term":[{"taxonomy":"product_brand","embeddable":true,"href":"https:\/\/loftrunway.com\/de\/wp-json\/wp\/v2\/product_brand?post=169354"},{"taxonomy":"product_cat","embeddable":true,"href":"https:\/\/loftrunway.com\/de\/wp-json\/wp\/v2\/product_cat?post=169354"},{"taxonomy":"product_tag","embeddable":true,"href":"https:\/\/loftrunway.com\/de\/wp-json\/wp\/v2\/product_tag?post=169354"}],"curies":[{"name":"wp","href":"https:\/\/api.w.org\/{rel}","templated":true}]}}