{"id":170984,"date":"2026-03-02T16:21:57","date_gmt":"2026-03-02T09:21:57","guid":{"rendered":"http:\/\/loftrunway.com\/product\/women-asics-gel-trabuco-13-gore-tex-black-graphite-grey"},"modified":"2026-04-02T15:12:40","modified_gmt":"2026-04-02T08:12:40","slug":"women-asics-gel-trabuco-13-gore-tex-black-graphite-grey","status":"publish","type":"product","link":"https:\/\/loftrunway.com\/de\/products\/women-asics-gel-trabuco-13-gore-tex-black-graphite-grey\/","title":{"rendered":"(Women) ASICS Gel Trabuco 13 GORE-TEX &#8218;Black Graphite Grey&#8216;"},"content":{"rendered":"<p>Der ASICS GEL-Trabuco 13 GTX (1012B767-002) ist ein Premium-Trailrunningschuh, der f\u00fcr Leistung und Langlebigkeit bei jedem Wetter entwickelt wurde. Dank der atmungsaktiven GORE-TEX-Membran bietet er hervorragenden N\u00e4sseschutz und h\u00e4lt Ihre F\u00fc\u00dfe auch auf nassem Untergrund trocken. Die fortschrittliche GEL-Technologie d\u00e4mpft St\u00f6\u00dfe und sorgt f\u00fcr ein geschmeidiges, komfortables Laufgef\u00fchl auf jedem Terrain. Die robuste Au\u00dfensohle mit multidirektionalen Stollen bietet au\u00dfergew\u00f6hnliche Traktion und Stabilit\u00e4t auf anspruchsvollen Trails. Die leichte Konstruktion und der sichere Sitz des Schuhs f\u00f6rdern die Agilit\u00e4t und erm\u00f6glichen schnelle, sichere Bewegungen. Ob auf steinigen Pfaden oder matschigen Wegen \u201d\u201c dieses Modell vereint Strapazierf\u00e4higkeit, Komfort und Schutz und ist damit die ideale Wahl f\u00fcr Outdoor-Abenteurer.<\/p>\n<ul>\n<li><strong>Farbgebung:<\/strong> Schwarz\/Graphitgrau<\/li>\n<li><strong>Artikelnummer:<\/strong> 1012B767-002<\/li>\n<li><strong>Obermaterial:<\/strong> GORE-TEX<\/li>\n<li><strong>Zwischensohle:<\/strong> FlyteFoam Blast+ Eco<\/li>\n<li><strong>Farbe:<\/strong> Schwarz<\/li>\n<\/ul>\n","protected":false},"excerpt":{"rendered":"<p>ASICS GEL-TRABUCO 13 GTX \u201d\u201d Black\/Graphite Grey<\/p>\n","protected":false},"featured_media":170985,"comment_status":"open","ping_status":"closed","template":"","meta":[],"product_brand":[],"product_cat":[11020,41273],"product_tag":[10791,10839,10802,11006],"class_list":{"0":"post-170984","1":"product","2":"type-product","3":"status-publish","4":"has-post-thumbnail","6":"product_cat-asics-women","7":"product_cat-remove","8":"product_tag-asics","9":"product_tag-performance-running-shoes","10":"product_tag-performance-sport-shoes","11":"product_tag-trail-running-shoes","12":"wcpa_has_options","14":"first","15":"instock","16":"taxable","17":"shipping-taxable","18":"purchasable","19":"product-type-simple"},"wcpa_form_fields":{"rules":{"pric_overide_base_price":false,"pric_overide_base_price_if_gt_zero":false,"pric_overide_base_price_fully":false,"pric_cal_option_once":false,"pric_use_as_fee":false,"bind_quantity":false,"quantity_bind_formula":false},"fields":[{"type":"color-group","required":true,"elementId":"wcpa-color-group-69a5ac3f3e644","label":"Gr\u00f6\u00dfe","inline":true,"priceOptions":"different_for_all","pricingType":"fixed","className":"hassizechart product-shoes-size-eu product-shoes-size","name":"color-group-69a5ac3f3e64e","disp_type":"square","selection_type":"tick-border","disp_size":"50","show_label_inside":true,"adjust_width":true,"cart_display_type":"text","other_text":"Other","cl_rule":"show","col":6,"values":[{"label":"34.5","value":"EU 34.5","price":"","pimage":"","pimage_id":"","pthumb":"","color":""},{"label":"35","value":"EU 35","price":"","pimage":"","pimage_id":"","pthumb":"","color":""},{"label":"35.5","value":"EU 35.5","price":"","pimage":"","pimage_id":"","pthumb":"","color":""},{"label":"36","value":"EU 36","price":"","pimage":"","pimage_id":"","pthumb":"","color":"","selected":true},{"label":"37","value":"EU 37","price":"","pimage":"","pimage_id":"","pthumb":"","color":""},{"label":"37.5","value":"EU 37.5","price":"","pimage":"","pimage_id":"","pthumb":"","color":""},{"label":"38","value":"EU 38","price":"","pimage":"","pimage_id":"","pthumb":"","color":""},{"label":"38.5","value":"EU 38.5","price":"","pimage":"","pimage_id":"","pthumb":"","color":""},{"label":"39","value":"EU 39","price":"","pimage":"","pimage_id":"","pthumb":"","color":""},{"label":"39.5","value":"EU 39.5","price":"","pimage":"","pimage_id":"","pthumb":"","color":""},{"label":"40","value":"EU 40","price":"","pimage":"","pimage_id":"","pthumb":"","color":""},{"label":"40.5","value":"EU 40.5","price":"","pimage":"","pimage_id":"","pthumb":"","color":""},{"label":" 41.5","value":"EU 41.5","price":"","pimage":"","pimage_id":"","pthumb":"","color":""},{"label":"42","value":"EU 42","price":"","pimage":"","pimage_id":"","pthumb":"","color":""},{"label":"42.5","value":"EU 42.5","price":"","pimage":"","pimage_id":"","pthumb":"","color":""},{"label":"43.5","value":"EU 43.5","price":"","pimage":"","pimage_id":"","pthumb":"","color":""},{"label":"44","value":"EU 44","price":"","pimage":"","pimage_id":"","pthumb":"","color":""},{"label":"44.5","value":"EU 44.5","price":"","pimage":"","pimage_id":"","pthumb":"","color":""},{"label":"45","value":"EU 45","price":"","pimage":"","pimage_id":"","pthumb":"","color":""}],"relations":[{"operator":false,"rules":[]}],"form_id":184312,"form_rules":{"pric_cal_option_once":false,"exclude_from_discount":false,"pric_use_as_fee":false,"fee_label":"Fee","render_after_acb":false,"disp_hide_options_price":false}}]},"yoast_head":"<!-- This site is optimized with the Yoast SEO plugin v26.5 - https:\/\/yoast.com\/wordpress\/plugins\/seo\/ -->\n<title>(Women) ASICS Gel Trabuco 13 GORE-TEX &#039;Black Graphite Grey&#039;  - Loftrunway<\/title>\n<meta name=\"robots\" content=\"index, follow, max-snippet:-1, max-image-preview:large, max-video-preview:-1\" \/>\n<link rel=\"canonical\" href=\"https:\/\/loftrunway.com\/de\/products\/women-asics-gel-trabuco-13-gore-tex-black-graphite-grey\/\" \/>\n<meta property=\"og:locale\" content=\"de_DE\" \/>\n<meta property=\"og:type\" content=\"article\" \/>\n<meta property=\"og:title\" content=\"(Women) ASICS Gel Trabuco 13 GORE-TEX &#039;Black Graphite Grey&#039;  - Loftrunway\" \/>\n<meta property=\"og:description\" content=\"ASICS GEL-TRABUCO 13 GTX \u201d\u201d Black\/Graphite Grey\" \/>\n<meta property=\"og:url\" content=\"https:\/\/loftrunway.com\/de\/products\/women-asics-gel-trabuco-13-gore-tex-black-graphite-grey\/\" \/>\n<meta property=\"og:site_name\" content=\"loftRUN Sneaker Store\" \/>\n<meta property=\"article:modified_time\" content=\"2026-04-02T08:12:40+00:00\" \/>\n<meta name=\"twitter:card\" content=\"summary_large_image\" \/>\n<meta name=\"twitter:image\" content=\"https:\/\/images.novelship.com\/product\/_w__asics_gel-trabuco_13_gtx_1012b767-002_0_58329.jpeg\" \/>\n<meta name=\"twitter:label1\" content=\"Gesch\u00e4tzte Lesezeit\" \/>\n\t<meta name=\"twitter:data1\" content=\"1\u00a0Minute\" \/>\n<script type=\"application\/ld+json\" class=\"yoast-schema-graph\">{\"@context\":\"https:\/\/schema.org\",\"@graph\":[{\"@type\":\"WebPage\",\"@id\":\"https:\/\/loftrunway.com\/de\/products\/women-asics-gel-trabuco-13-gore-tex-black-graphite-grey\/\",\"url\":\"https:\/\/loftrunway.com\/de\/products\/women-asics-gel-trabuco-13-gore-tex-black-graphite-grey\/\",\"name\":\"(Women) ASICS Gel Trabuco 13 GORE-TEX 'Black Graphite Grey' - Loftrunway\",\"isPartOf\":{\"@id\":\"https:\/\/loftrunway.com\/de\/#website\"},\"primaryImageOfPage\":{\"@id\":\"https:\/\/loftrunway.com\/de\/products\/women-asics-gel-trabuco-13-gore-tex-black-graphite-grey\/#primaryimage\"},\"image\":{\"@id\":\"https:\/\/loftrunway.com\/de\/products\/women-asics-gel-trabuco-13-gore-tex-black-graphite-grey\/#primaryimage\"},\"thumbnailUrl\":\"https:\/\/images.novelship.com\/product\/_w__asics_gel-trabuco_13_gtx_1012b767-002_0_58329.jpeg\",\"datePublished\":\"2026-03-02T09:21:57+00:00\",\"dateModified\":\"2026-04-02T08:12:40+00:00\",\"breadcrumb\":{\"@id\":\"https:\/\/loftrunway.com\/de\/products\/women-asics-gel-trabuco-13-gore-tex-black-graphite-grey\/#breadcrumb\"},\"inLanguage\":\"de\",\"potentialAction\":[{\"@type\":\"ReadAction\",\"target\":[\"https:\/\/loftrunway.com\/de\/products\/women-asics-gel-trabuco-13-gore-tex-black-graphite-grey\/\"]}]},{\"@type\":\"ImageObject\",\"inLanguage\":\"de\",\"@id\":\"https:\/\/loftrunway.com\/de\/products\/women-asics-gel-trabuco-13-gore-tex-black-graphite-grey\/#primaryimage\",\"url\":\"https:\/\/images.novelship.com\/product\/_w__asics_gel-trabuco_13_gtx_1012b767-002_0_58329.jpeg\",\"contentUrl\":\"https:\/\/images.novelship.com\/product\/_w__asics_gel-trabuco_13_gtx_1012b767-002_0_58329.jpeg\"},{\"@type\":\"BreadcrumbList\",\"@id\":\"https:\/\/loftrunway.com\/de\/products\/women-asics-gel-trabuco-13-gore-tex-black-graphite-grey\/#breadcrumb\",\"itemListElement\":[{\"@type\":\"ListItem\",\"position\":1,\"name\":\"Home\",\"item\":\"https:\/\/loftrunway.com\/de\/\"},{\"@type\":\"ListItem\",\"position\":2,\"name\":\"Shop\",\"item\":\"https:\/\/loftrunway.com\/de\/shop\/\"},{\"@type\":\"ListItem\",\"position\":3,\"name\":\"(Women) ASICS Gel Trabuco 13 GORE-TEX &#8218;Black Graphite Grey&#8216;\"}]},{\"@type\":\"WebSite\",\"@id\":\"https:\/\/loftrunway.com\/de\/#website\",\"url\":\"https:\/\/loftrunway.com\/de\/\",\"name\":\"Styloral Jewelry Shop\",\"description\":\"Der Ort, an dem man alle Arten von Sneakern findet\",\"publisher\":{\"@id\":\"https:\/\/loftrunway.com\/de\/#organization\"},\"potentialAction\":[{\"@type\":\"SearchAction\",\"target\":{\"@type\":\"EntryPoint\",\"urlTemplate\":\"https:\/\/loftrunway.com\/de\/?s={search_term_string}\"},\"query-input\":{\"@type\":\"PropertyValueSpecification\",\"valueRequired\":true,\"valueName\":\"search_term_string\"}}],\"inLanguage\":\"de\"},{\"@type\":\"Organization\",\"@id\":\"https:\/\/loftrunway.com\/de\/#organization\",\"name\":\"STYLORAL PTE. LTD\",\"url\":\"https:\/\/loftrunway.com\/de\/\",\"logo\":{\"@type\":\"ImageObject\",\"inLanguage\":\"de\",\"@id\":\"https:\/\/loftrunway.com\/de\/#\/schema\/logo\/image\/\",\"url\":\"https:\/\/www.loftrunway.com\/wp-content\/uploads\/2025\/12\/logo.png\",\"contentUrl\":\"https:\/\/www.loftrunway.com\/wp-content\/uploads\/2025\/12\/logo.png\",\"width\":200,\"height\":65,\"caption\":\"STYLORAL PTE. LTD\"},\"image\":{\"@id\":\"https:\/\/loftrunway.com\/de\/#\/schema\/logo\/image\/\"}}]}<\/script>\n<!-- \/ Yoast SEO plugin. -->","yoast_head_json":{"title":"(Women) ASICS Gel Trabuco 13 GORE-TEX 'Black Graphite Grey'  - Loftrunway","robots":{"index":"index","follow":"follow","max-snippet":"max-snippet:-1","max-image-preview":"max-image-preview:large","max-video-preview":"max-video-preview:-1"},"canonical":"https:\/\/loftrunway.com\/de\/products\/women-asics-gel-trabuco-13-gore-tex-black-graphite-grey\/","og_locale":"de_DE","og_type":"article","og_title":"(Women) ASICS Gel Trabuco 13 GORE-TEX 'Black Graphite Grey'  - Loftrunway","og_description":"ASICS GEL-TRABUCO 13 GTX \u201d\u201d Black\/Graphite Grey","og_url":"https:\/\/loftrunway.com\/de\/products\/women-asics-gel-trabuco-13-gore-tex-black-graphite-grey\/","og_site_name":"loftRUN Sneaker Store","article_modified_time":"2026-04-02T08:12:40+00:00","twitter_card":"summary_large_image","twitter_image":"https:\/\/images.novelship.com\/product\/_w__asics_gel-trabuco_13_gtx_1012b767-002_0_58329.jpeg","twitter_misc":{"Gesch\u00e4tzte Lesezeit":"1\u00a0Minute"},"schema":{"@context":"https:\/\/schema.org","@graph":[{"@type":"WebPage","@id":"https:\/\/loftrunway.com\/de\/products\/women-asics-gel-trabuco-13-gore-tex-black-graphite-grey\/","url":"https:\/\/loftrunway.com\/de\/products\/women-asics-gel-trabuco-13-gore-tex-black-graphite-grey\/","name":"(Women) ASICS Gel Trabuco 13 GORE-TEX 'Black Graphite Grey' - Loftrunway","isPartOf":{"@id":"https:\/\/loftrunway.com\/de\/#website"},"primaryImageOfPage":{"@id":"https:\/\/loftrunway.com\/de\/products\/women-asics-gel-trabuco-13-gore-tex-black-graphite-grey\/#primaryimage"},"image":{"@id":"https:\/\/loftrunway.com\/de\/products\/women-asics-gel-trabuco-13-gore-tex-black-graphite-grey\/#primaryimage"},"thumbnailUrl":"https:\/\/images.novelship.com\/product\/_w__asics_gel-trabuco_13_gtx_1012b767-002_0_58329.jpeg","datePublished":"2026-03-02T09:21:57+00:00","dateModified":"2026-04-02T08:12:40+00:00","breadcrumb":{"@id":"https:\/\/loftrunway.com\/de\/products\/women-asics-gel-trabuco-13-gore-tex-black-graphite-grey\/#breadcrumb"},"inLanguage":"de","potentialAction":[{"@type":"ReadAction","target":["https:\/\/loftrunway.com\/de\/products\/women-asics-gel-trabuco-13-gore-tex-black-graphite-grey\/"]}]},{"@type":"ImageObject","inLanguage":"de","@id":"https:\/\/loftrunway.com\/de\/products\/women-asics-gel-trabuco-13-gore-tex-black-graphite-grey\/#primaryimage","url":"https:\/\/images.novelship.com\/product\/_w__asics_gel-trabuco_13_gtx_1012b767-002_0_58329.jpeg","contentUrl":"https:\/\/images.novelship.com\/product\/_w__asics_gel-trabuco_13_gtx_1012b767-002_0_58329.jpeg"},{"@type":"BreadcrumbList","@id":"https:\/\/loftrunway.com\/de\/products\/women-asics-gel-trabuco-13-gore-tex-black-graphite-grey\/#breadcrumb","itemListElement":[{"@type":"ListItem","position":1,"name":"Home","item":"https:\/\/loftrunway.com\/de\/"},{"@type":"ListItem","position":2,"name":"Shop","item":"https:\/\/loftrunway.com\/de\/shop\/"},{"@type":"ListItem","position":3,"name":"(Women) ASICS Gel Trabuco 13 GORE-TEX &#8218;Black Graphite Grey&#8216;"}]},{"@type":"WebSite","@id":"https:\/\/loftrunway.com\/de\/#website","url":"https:\/\/loftrunway.com\/de\/","name":"Styloral Jewelry Shop","description":"Der Ort, an dem man alle Arten von Sneakern findet","publisher":{"@id":"https:\/\/loftrunway.com\/de\/#organization"},"potentialAction":[{"@type":"SearchAction","target":{"@type":"EntryPoint","urlTemplate":"https:\/\/loftrunway.com\/de\/?s={search_term_string}"},"query-input":{"@type":"PropertyValueSpecification","valueRequired":true,"valueName":"search_term_string"}}],"inLanguage":"de"},{"@type":"Organization","@id":"https:\/\/loftrunway.com\/de\/#organization","name":"STYLORAL PTE. LTD","url":"https:\/\/loftrunway.com\/de\/","logo":{"@type":"ImageObject","inLanguage":"de","@id":"https:\/\/loftrunway.com\/de\/#\/schema\/logo\/image\/","url":"https:\/\/www.loftrunway.com\/wp-content\/uploads\/2025\/12\/logo.png","contentUrl":"https:\/\/www.loftrunway.com\/wp-content\/uploads\/2025\/12\/logo.png","width":200,"height":65,"caption":"STYLORAL PTE. LTD"},"image":{"@id":"https:\/\/loftrunway.com\/de\/#\/schema\/logo\/image\/"}}]}},"_links":{"self":[{"href":"https:\/\/loftrunway.com\/de\/wp-json\/wp\/v2\/product\/170984","targetHints":{"allow":["GET"]}}],"collection":[{"href":"https:\/\/loftrunway.com\/de\/wp-json\/wp\/v2\/product"}],"about":[{"href":"https:\/\/loftrunway.com\/de\/wp-json\/wp\/v2\/types\/product"}],"replies":[{"embeddable":true,"href":"https:\/\/loftrunway.com\/de\/wp-json\/wp\/v2\/comments?post=170984"}],"wp:featuredmedia":[{"embeddable":true,"href":"https:\/\/loftrunway.com\/de\/wp-json\/wp\/v2\/media\/170985"}],"wp:attachment":[{"href":"https:\/\/loftrunway.com\/de\/wp-json\/wp\/v2\/media?parent=170984"}],"wp:term":[{"taxonomy":"product_brand","embeddable":true,"href":"https:\/\/loftrunway.com\/de\/wp-json\/wp\/v2\/product_brand?post=170984"},{"taxonomy":"product_cat","embeddable":true,"href":"https:\/\/loftrunway.com\/de\/wp-json\/wp\/v2\/product_cat?post=170984"},{"taxonomy":"product_tag","embeddable":true,"href":"https:\/\/loftrunway.com\/de\/wp-json\/wp\/v2\/product_tag?post=170984"}],"curies":[{"name":"wp","href":"https:\/\/api.w.org\/{rel}","templated":true}]}}